{"id":90823,"date":"2020-06-26T14:02:43","date_gmt":"2020-06-26T12:02:43","guid":{"rendered":"https:\/\/www.vetorino.com\/boutique\/product\/biovetol-lotion-oreilles-bio\/"},"modified":"2022-10-01T11:54:52","modified_gmt":"2022-10-01T09:54:52","slug":"biovetol-lotion-oreilles-bio","status":"publish","type":"product","link":"https:\/\/www.vetorino.com\/veterinaire\/confolens-16500\/boutique\/product\/biovetol-lotion-oreilles-bio\/","title":{"rendered":"Biovetol Lotion Oreilles Bio"},"content":{"rendered":"<p class=\"shg-rich-text shg-theme-text-content\">La\u00a0<strong>lotion nettoyante pour les oreilles des chiens et des chat<\/strong>\u00a0de Biov\u00e9tol est \u00e0 base de<strong>\u00a0lavande et d&#8217;huile de p\u00e9pins de raisin\u00a0<\/strong>pour une hygi\u00e8ne parfaite des oreilles. Gr\u00e2ce \u00e0 ses <strong>actifs naturels<\/strong>, la lotion nettoie tout en douceur mais efficacement. Sa formule douce est adapt\u00e9e aussi bien pour chiens que pour les chats (\u00e0 partir de 10 semaines). Ne tache pas et laisse un parfum tr\u00e8s agr\u00e9able. Id\u00e9ale pour les animaux \u00e0 oreilles tombantes, n\u00e9cessitant une hygi\u00e8ne accrue de cette zone.<\/p>\n<p class=\"shogun-root\" data-shogun-id=\"5ea5fd71582b280054aed71e\" data-shogun-site-id=\"76547681-6945-4c46-88e1-a4941816707e\" data-shogun-page-id=\"5ea5fd71582b280054aed71e\" data-shogun-page-version-id=\"5ea5ffef582b280054aee3ac\" data-shogun-platform-type=\"shopify\" data-shogun-variant-id=\"5ea5ffef582b280054aee43d\" data-region=\"main\"><strong>Conseil d&#8217;utilisation :<br \/>\n<\/strong>\u00a0Bien agiter avant l\u2019emploi. Appliquer la lotion nettoyante sur une compresse et nettoyer d\u00e9licatement le pavillon auriculaire. Utiliser une compresse propre pour chaque oreille.<\/p>\n<p class=\"shogun-root\" data-shogun-id=\"5ea5fd71582b280054aed71e\" data-shogun-site-id=\"76547681-6945-4c46-88e1-a4941816707e\" data-shogun-page-id=\"5ea5fd71582b280054aed71e\" data-shogun-page-version-id=\"5ea5ffef582b280054aee3ac\" data-shogun-platform-type=\"shopify\" data-shogun-variant-id=\"5ea5ffef582b280054aee43d\" data-region=\"main\"><strong>Pr\u00e9cautions d&#8217;emploi :<\/strong><br \/>\nUsage externe uniquement. Ne pas avaler. En cas de contact avec les yeux, rincer abondamment \u00e0 l\u2019eau claire. Tenir hors de la port\u00e9e et de la vue des enfants. Conserver \u00e0 l\u2019abri du gel, du soleil et de la chaleur. EUH208 : Contient Limonene, Linalool, Citral. Peut produire une r\u00e9action allergique.<\/p>\n","protected":false},"excerpt":{"rendered":"<p><strong>Lotion Biologique Biovetol<\/strong> pour nettoyer efficacement les oreilles de votre chien ou votre chat d\u00e8s 3 mois.<\/p>\n<p>Cette lotion naturelle\u00a0ne t\u00e2che pas et laisse une odeur v\u00e9g\u00e9tale. Elle est\u00a0id\u00e9ale pour les animaux \u00e0 oreilles tombantes, n\u00e9cessitant un nettoyage\u00a0accrue de cette zone.<\/p>\n<p><strong>Utilisation<\/strong> :<\/p>\n<ul>\n<li>Chien<\/li>\n<li>Chat<\/li>\n<\/ul>\n","protected":false},"featured_media":76314,"template":"","meta":[],"product_cat":[2697,2698,12613,12614,12560,12561],"product_tag":[],"class_list":{"0":"post-90823","1":"product","2":"type-product","3":"status-publish","4":"has-post-thumbnail","6":"product_cat-chat","7":"product_cat-chien","8":"product_cat-hygiene-des-oreilles-du-chat","9":"product_cat-hygiene-des-oreilles-du-chien","10":"product_cat-hygiene-du-chat","11":"product_cat-hygiene-du-chien","12":"pa_marque-biovetol","14":"first","15":"outofstock","16":"taxable","17":"shipping-taxable","18":"purchasable","19":"product-type-simple"},"yoast_head":"<!-- This site is optimized with the Yoast SEO plugin v27.3 - https:\/\/yoast.com\/product\/yoast-seo-wordpress\/ -->\n<title>Biovetol Lotion Oreilles Bio Biovetol - V\u00e9torino<\/title>\n<meta name=\"description\" content=\"Lotion Biologique Biovetol pour nettoyer efficacement les oreilles de votre chien ou votre chat d\u00e8s 3 mois.  Cette lotion naturelle\u00a0ne t\u00e2che pas et laisse une odeur v\u00e9g\u00e9tale. Elle est\u00a0id\u00e9ale pour les animaux \u00e0 oreilles tombantes, n\u00e9cessitant un nettoyage\u00a0accrue de cette zone.  Utilisation :   Chien  Chat\" \/>\n<meta name=\"robots\" content=\"noindex, nofollow\" \/>\n<meta property=\"og:locale\" content=\"fr_FR\" \/>\n<meta property=\"og:type\" content=\"article\" \/>\n<meta property=\"og:title\" content=\"Biovetol Lotion Oreilles Bio Biovetol - V\u00e9torino\" \/>\n<meta property=\"og:description\" content=\"Lotion Biologique Biovetol pour nettoyer efficacement les oreilles de votre chien ou votre chat d\u00e8s 3 mois.  Cette lotion naturelle\u00a0ne t\u00e2che pas et laisse une odeur v\u00e9g\u00e9tale. Elle est\u00a0id\u00e9ale pour les animaux \u00e0 oreilles tombantes, n\u00e9cessitant un nettoyage\u00a0accrue de cette zone.  Utilisation :   Chien  Chat\" \/>\n<meta property=\"og:url\" content=\"https:\/\/www.vetorino.com\/veterinaire\/confolens-16500\/boutique\/product\/biovetol-lotion-oreilles-bio\/\" \/>\n<meta property=\"og:site_name\" content=\"V\u00e9torino\" \/>\n<meta property=\"article:publisher\" content=\"https:\/\/www.facebook.com\/Vetorino\/\" \/>\n<meta property=\"article:modified_time\" content=\"2022-10-01T09:54:52+00:00\" \/>\n<meta property=\"og:image\" content=\"https:\/\/www.vetorino.com\/boutique\/wp-content\/uploads\/2020\/03\/lotion-oreilles-chien-et-chat-17.jpg\" \/>\n\t<meta property=\"og:image:width\" content=\"700\" \/>\n\t<meta property=\"og:image:height\" content=\"800\" \/>\n\t<meta property=\"og:image:type\" content=\"image\/jpeg\" \/>\n<meta name=\"twitter:card\" content=\"summary_large_image\" \/>\n<meta name=\"twitter:label1\" content=\"Prix\" \/>\n\t<meta name=\"twitter:data1\" content=\"10,35&euro;\" \/>\n\t<meta name=\"twitter:label2\" content=\"Disponibilit\u00e9\" \/>\n\t<meta name=\"twitter:data2\" content=\"Rupture de stock\" \/>\n<script type=\"application\/ld+json\" class=\"yoast-schema-graph\">{\"@context\":\"https:\\\/\\\/schema.org\",\"@graph\":[{\"@type\":\"WebPage\",\"@id\":\"https:\\\/\\\/www.vetorino.com\\\/boutique\\\/product\\\/biovetol-lotion-oreilles-bio\\\/\",\"url\":\"https:\\\/\\\/www.vetorino.com\\\/boutique\\\/product\\\/biovetol-lotion-oreilles-bio\\\/\",\"name\":\"Biovetol Lotion Oreilles Bio Biovetol - V\u00e9torino\",\"isPartOf\":{\"@id\":\"https:\\\/\\\/www.vetorino.com\\\/boutique\\\/#website\"},\"primaryImageOfPage\":{\"@id\":\"https:\\\/\\\/www.vetorino.com\\\/boutique\\\/product\\\/biovetol-lotion-oreilles-bio\\\/#primaryimage\"},\"image\":{\"@id\":\"https:\\\/\\\/www.vetorino.com\\\/boutique\\\/product\\\/biovetol-lotion-oreilles-bio\\\/#primaryimage\"},\"thumbnailUrl\":\"https:\\\/\\\/www.vetorino.com\\\/boutique\\\/wp-content\\\/uploads\\\/2020\\\/03\\\/lotion-oreilles-chien-et-chat-17.jpg\",\"datePublished\":\"2020-06-26T12:02:43+00:00\",\"dateModified\":\"2022-10-01T09:54:52+00:00\",\"description\":\"Lotion Biologique Biovetol pour nettoyer efficacement les oreilles de votre chien ou votre chat d\u00e8s 3 mois. Cette lotion naturelle\u00a0ne t\u00e2che pas et laisse une odeur v\u00e9g\u00e9tale. Elle est\u00a0id\u00e9ale pour les animaux \u00e0 oreilles tombantes, n\u00e9cessitant un nettoyage\u00a0accrue de cette zone. Utilisation : Chien Chat\",\"breadcrumb\":{\"@id\":\"https:\\\/\\\/www.vetorino.com\\\/boutique\\\/product\\\/biovetol-lotion-oreilles-bio\\\/#breadcrumb\"},\"inLanguage\":\"fr-FR\",\"potentialAction\":[{\"@type\":\"ReadAction\",\"target\":[\"https:\\\/\\\/www.vetorino.com\\\/boutique\\\/product\\\/biovetol-lotion-oreilles-bio\\\/\"]}]},{\"@type\":\"ImageObject\",\"inLanguage\":\"fr-FR\",\"@id\":\"https:\\\/\\\/www.vetorino.com\\\/boutique\\\/product\\\/biovetol-lotion-oreilles-bio\\\/#primaryimage\",\"url\":\"https:\\\/\\\/www.vetorino.com\\\/boutique\\\/wp-content\\\/uploads\\\/2020\\\/03\\\/lotion-oreilles-chien-et-chat-17.jpg\",\"contentUrl\":\"https:\\\/\\\/www.vetorino.com\\\/boutique\\\/wp-content\\\/uploads\\\/2020\\\/03\\\/lotion-oreilles-chien-et-chat-17.jpg\",\"width\":700,\"height\":800},{\"@type\":\"BreadcrumbList\",\"@id\":\"https:\\\/\\\/www.vetorino.com\\\/boutique\\\/product\\\/biovetol-lotion-oreilles-bio\\\/#breadcrumb\",\"itemListElement\":[{\"@type\":\"ListItem\",\"position\":1,\"name\":\"Accueil\",\"item\":\"https:\\\/\\\/www.vetorino.com\\\/boutique\\\/\"},{\"@type\":\"ListItem\",\"position\":2,\"name\":\"Produits\",\"item\":\"https:\\\/\\\/www.vetorino.com\\\/boutique\\\/\"},{\"@type\":\"ListItem\",\"position\":3,\"name\":\"Biovetol Lotion Oreilles Bio\"}]},{\"@type\":\"WebSite\",\"@id\":\"https:\\\/\\\/www.vetorino.com\\\/boutique\\\/#website\",\"url\":\"https:\\\/\\\/www.vetorino.com\\\/boutique\\\/\",\"name\":\"V\u00e9torino\",\"description\":\"\",\"publisher\":{\"@id\":\"https:\\\/\\\/www.vetorino.com\\\/boutique\\\/#organization\"},\"potentialAction\":[{\"@type\":\"SearchAction\",\"target\":{\"@type\":\"EntryPoint\",\"urlTemplate\":\"https:\\\/\\\/www.vetorino.com\\\/boutique\\\/?s={search_term_string}\"},\"query-input\":{\"@type\":\"PropertyValueSpecification\",\"valueRequired\":true,\"valueName\":\"search_term_string\"}}],\"inLanguage\":\"fr-FR\"},{\"@type\":\"Organization\",\"@id\":\"https:\\\/\\\/www.vetorino.com\\\/boutique\\\/#organization\",\"name\":\"V\u00e9torino\",\"url\":\"https:\\\/\\\/www.vetorino.com\\\/boutique\\\/\",\"logo\":{\"@type\":\"ImageObject\",\"inLanguage\":\"fr-FR\",\"@id\":\"https:\\\/\\\/www.vetorino.com\\\/boutique\\\/#\\\/schema\\\/logo\\\/image\\\/\",\"url\":\"https:\\\/\\\/www.vetorino.com\\\/boutique\\\/wp-content\\\/uploads\\\/2024\\\/10\\\/logo.jpg\",\"contentUrl\":\"https:\\\/\\\/www.vetorino.com\\\/boutique\\\/wp-content\\\/uploads\\\/2024\\\/10\\\/logo.jpg\",\"width\":1200,\"height\":610,\"caption\":\"V\u00e9torino\"},\"image\":{\"@id\":\"https:\\\/\\\/www.vetorino.com\\\/boutique\\\/#\\\/schema\\\/logo\\\/image\\\/\"},\"sameAs\":[\"https:\\\/\\\/www.facebook.com\\\/Vetorino\\\/\",\"https:\\\/\\\/www.instagram.com\\\/vetorino_off\\\/\",\"https:\\\/\\\/www.linkedin.com\\\/company\\\/vtorino\\\/\"]}]}<\/script>\n<meta property=\"product:brand\" content=\"Biovetol\" \/>\n<meta property=\"product:price:amount\" content=\"10.35\" \/>\n<meta property=\"product:price:currency\" content=\"EUR\" \/>\n<meta property=\"og:availability\" content=\"out of stock\" \/>\n<meta property=\"product:availability\" content=\"out of stock\" \/>\n<meta property=\"product:retailer_item_id\" content=\"C-BIO109\" \/>\n<meta property=\"product:condition\" content=\"new\" \/>\n<!-- \/ Yoast SEO plugin. -->","yoast_head_json":{"title":"Biovetol Lotion Oreilles Bio Biovetol - V\u00e9torino","description":"Lotion Biologique Biovetol pour nettoyer efficacement les oreilles de votre chien ou votre chat d\u00e8s 3 mois.  Cette lotion naturelle\u00a0ne t\u00e2che pas et laisse une odeur v\u00e9g\u00e9tale. Elle est\u00a0id\u00e9ale pour les animaux \u00e0 oreilles tombantes, n\u00e9cessitant un nettoyage\u00a0accrue de cette zone.  Utilisation :   Chien  Chat","robots":{"index":"noindex","follow":"nofollow"},"og_locale":"fr_FR","og_type":"article","og_title":"Biovetol Lotion Oreilles Bio Biovetol - V\u00e9torino","og_description":"Lotion Biologique Biovetol pour nettoyer efficacement les oreilles de votre chien ou votre chat d\u00e8s 3 mois.  Cette lotion naturelle\u00a0ne t\u00e2che pas et laisse une odeur v\u00e9g\u00e9tale. Elle est\u00a0id\u00e9ale pour les animaux \u00e0 oreilles tombantes, n\u00e9cessitant un nettoyage\u00a0accrue de cette zone.  Utilisation :   Chien  Chat","og_url":"https:\/\/www.vetorino.com\/veterinaire\/confolens-16500\/boutique\/product\/biovetol-lotion-oreilles-bio\/","og_site_name":"V\u00e9torino","article_publisher":"https:\/\/www.facebook.com\/Vetorino\/","article_modified_time":"2022-10-01T09:54:52+00:00","og_image":[{"width":700,"height":800,"url":"https:\/\/www.vetorino.com\/boutique\/wp-content\/uploads\/2020\/03\/lotion-oreilles-chien-et-chat-17.jpg","type":"image\/jpeg"}],"twitter_card":"summary_large_image","twitter_misc":{"Prix":"10,35&euro;","Disponibilit\u00e9":"Rupture de stock"},"schema":{"@context":"https:\/\/schema.org","@graph":[{"@type":"WebPage","@id":"https:\/\/www.vetorino.com\/boutique\/product\/biovetol-lotion-oreilles-bio\/","url":"https:\/\/www.vetorino.com\/boutique\/product\/biovetol-lotion-oreilles-bio\/","name":"Biovetol Lotion Oreilles Bio Biovetol - V\u00e9torino","isPartOf":{"@id":"https:\/\/www.vetorino.com\/boutique\/#website"},"primaryImageOfPage":{"@id":"https:\/\/www.vetorino.com\/boutique\/product\/biovetol-lotion-oreilles-bio\/#primaryimage"},"image":{"@id":"https:\/\/www.vetorino.com\/boutique\/product\/biovetol-lotion-oreilles-bio\/#primaryimage"},"thumbnailUrl":"https:\/\/www.vetorino.com\/boutique\/wp-content\/uploads\/2020\/03\/lotion-oreilles-chien-et-chat-17.jpg","datePublished":"2020-06-26T12:02:43+00:00","dateModified":"2022-10-01T09:54:52+00:00","description":"Lotion Biologique Biovetol pour nettoyer efficacement les oreilles de votre chien ou votre chat d\u00e8s 3 mois. Cette lotion naturelle\u00a0ne t\u00e2che pas et laisse une odeur v\u00e9g\u00e9tale. Elle est\u00a0id\u00e9ale pour les animaux \u00e0 oreilles tombantes, n\u00e9cessitant un nettoyage\u00a0accrue de cette zone. Utilisation : Chien Chat","breadcrumb":{"@id":"https:\/\/www.vetorino.com\/boutique\/product\/biovetol-lotion-oreilles-bio\/#breadcrumb"},"inLanguage":"fr-FR","potentialAction":[{"@type":"ReadAction","target":["https:\/\/www.vetorino.com\/boutique\/product\/biovetol-lotion-oreilles-bio\/"]}]},{"@type":"ImageObject","inLanguage":"fr-FR","@id":"https:\/\/www.vetorino.com\/boutique\/product\/biovetol-lotion-oreilles-bio\/#primaryimage","url":"https:\/\/www.vetorino.com\/boutique\/wp-content\/uploads\/2020\/03\/lotion-oreilles-chien-et-chat-17.jpg","contentUrl":"https:\/\/www.vetorino.com\/boutique\/wp-content\/uploads\/2020\/03\/lotion-oreilles-chien-et-chat-17.jpg","width":700,"height":800},{"@type":"BreadcrumbList","@id":"https:\/\/www.vetorino.com\/boutique\/product\/biovetol-lotion-oreilles-bio\/#breadcrumb","itemListElement":[{"@type":"ListItem","position":1,"name":"Accueil","item":"https:\/\/www.vetorino.com\/boutique\/"},{"@type":"ListItem","position":2,"name":"Produits","item":"https:\/\/www.vetorino.com\/boutique\/"},{"@type":"ListItem","position":3,"name":"Biovetol Lotion Oreilles Bio"}]},{"@type":"WebSite","@id":"https:\/\/www.vetorino.com\/boutique\/#website","url":"https:\/\/www.vetorino.com\/boutique\/","name":"V\u00e9torino","description":"","publisher":{"@id":"https:\/\/www.vetorino.com\/boutique\/#organization"},"potentialAction":[{"@type":"SearchAction","target":{"@type":"EntryPoint","urlTemplate":"https:\/\/www.vetorino.com\/boutique\/?s={search_term_string}"},"query-input":{"@type":"PropertyValueSpecification","valueRequired":true,"valueName":"search_term_string"}}],"inLanguage":"fr-FR"},{"@type":"Organization","@id":"https:\/\/www.vetorino.com\/boutique\/#organization","name":"V\u00e9torino","url":"https:\/\/www.vetorino.com\/boutique\/","logo":{"@type":"ImageObject","inLanguage":"fr-FR","@id":"https:\/\/www.vetorino.com\/boutique\/#\/schema\/logo\/image\/","url":"https:\/\/www.vetorino.com\/boutique\/wp-content\/uploads\/2024\/10\/logo.jpg","contentUrl":"https:\/\/www.vetorino.com\/boutique\/wp-content\/uploads\/2024\/10\/logo.jpg","width":1200,"height":610,"caption":"V\u00e9torino"},"image":{"@id":"https:\/\/www.vetorino.com\/boutique\/#\/schema\/logo\/image\/"},"sameAs":["https:\/\/www.facebook.com\/Vetorino\/","https:\/\/www.instagram.com\/vetorino_off\/","https:\/\/www.linkedin.com\/company\/vtorino\/"]}]},"product_brand":"Biovetol","product_price_amount":"10.35","product_price_currency":"EUR","og_availability":"out of stock","product_availability":"out of stock","product_retailer_item_id":"C-BIO109","product_condition":"new"},"_links":{"self":[{"href":"https:\/\/www.vetorino.com\/veterinaire\/confolens-16500\/boutique\/wp-json\/wp\/v2\/product\/90823","targetHints":{"allow":["GET"]}}],"collection":[{"href":"https:\/\/www.vetorino.com\/veterinaire\/confolens-16500\/boutique\/wp-json\/wp\/v2\/product"}],"about":[{"href":"https:\/\/www.vetorino.com\/veterinaire\/confolens-16500\/boutique\/wp-json\/wp\/v2\/types\/product"}],"wp:featuredmedia":[{"embeddable":true,"href":"https:\/\/www.vetorino.com\/veterinaire\/confolens-16500\/boutique\/wp-json\/wp\/v2\/media\/76314"}],"wp:attachment":[{"href":"https:\/\/www.vetorino.com\/veterinaire\/confolens-16500\/boutique\/wp-json\/wp\/v2\/media?parent=90823"}],"wp:term":[{"taxonomy":"product_cat","embeddable":true,"href":"https:\/\/www.vetorino.com\/veterinaire\/confolens-16500\/boutique\/wp-json\/wp\/v2\/product_cat?post=90823"},{"taxonomy":"product_tag","embeddable":true,"href":"https:\/\/www.vetorino.com\/veterinaire\/confolens-16500\/boutique\/wp-json\/wp\/v2\/product_tag?post=90823"}],"curies":[{"name":"wp","href":"https:\/\/api.w.org\/{rel}","templated":true}]}}