{"id":90829,"date":"2020-06-26T14:02:46","date_gmt":"2020-06-26T12:02:46","guid":{"rendered":"https:\/\/www.vetorino.com\/boutique\/product\/biovetol-lotion-anti-gratte-bio\/"},"modified":"2023-10-06T14:21:08","modified_gmt":"2023-10-06T12:21:08","slug":"biovetol-lotion-anti-gratte-bio","status":"publish","type":"product","link":"https:\/\/www.vetorino.com\/veterinaire\/confolens-16500\/boutique\/product\/biovetol-lotion-anti-gratte-bio\/","title":{"rendered":"Biovetol Lotion Anti-gratte Bio"},"content":{"rendered":"<div class=\"hidden\">Biovetol<\/div>\n<p><b>Caract\u00e9risiques<\/b><br \/>\nCette lotion soulage la peau gr\u00e2ce \u00e0 l&#8217;action combin\u00e9e de l&#8217;Alo\u00e9 Vera et des huiles essentielles. Contr\u00f4l\u00e9e par ECOCERT Greenlife (r\u00e9f\u00e9rentiel disponible sur http:\/\/ecosoins.ecocert.com), elle contient 10,5 % d&#8217;ingr\u00e9dients certifi\u00e9s bio et 98,4 % d&#8217;ingr\u00e9dients d&#8217;origine naturelle. Conditionnement : Flacon de 50 ml.<br \/>\n<b>Bon \u00e0 savoir<\/b><br \/>\nUsage externe uniquement. Ne pas avaler. En cas de contact avec les yeux, rincer abondamment \u00e0 l&#8217;eau claire. Tenir hors de la port\u00e9e et de la vue des enfants. Conserver \u00e0 l&#8217;abri du gel, du soleil et de la chaleur. Demandez conseil \u00e0 votre v\u00e9t\u00e9rinaire. Lire attentivement la notice avant utilisation. En cas de pr\u00e9sence de parasites dans le pelage, traiter pr\u00e9alablement l&#8217;animal avec des produits adapt\u00e9s. Agiter et vaporiser sur le pelage (\u00e0 raison de 1,5 ml par kg de poids vif soit 2 pressions) \u00e0 une distance de 20 cm environ puis masser pour une meilleure diffusion. Laisser agir et ne pas rincer. A utiliser d\u00e8s l&#8217;apparition des d\u00e9mangeaisons, 1 \u00e0 2 fois par jour pendant 4 jours. Si les d\u00e9mangeaisons persistent, contactez votre v\u00e9t\u00e9rinaire. Contient G\u00e9raniol, Limonene, Linalool, Eucalyptus Oil, Melaleuca Alternifolia, extraits. Peut produire une r\u00e9action allergique. INGREDIENTS Aqua, Lavandula Angustifolia Water, Aloe Barbadensis Leaf Juice, Benzyl Alcohol, Glyceryl Laurate, Melaleuca Alternifolia Leaf Oil, Eucalyptus Globulus Leaf Oil, Cinnamomum Camphora Linalooliferum Wood Oil, Azadirachta Indica Bark\/Seed Extract, Acacia Senegal Gum, Xanthan Gum, C14-22 Alcohols &amp; C12-20 Alkyl Glucosides, Citric Acid, Potassium Sorbate.<\/p>\n","protected":false},"excerpt":{"rendered":"<p>Lotion pour chien et chat, qui soulage les d\u00e9mangeaisons.<\/p>\n","protected":false},"featured_media":711352,"template":"","meta":[],"product_cat":[2698,12612,12561],"product_tag":[],"class_list":{"0":"post-90829","1":"product","2":"type-product","3":"status-publish","4":"has-post-thumbnail","6":"product_cat-chien","7":"product_cat-hygiene-de-la-peau-et-du-pelage-du-chien","8":"product_cat-hygiene-du-chien","9":"pa_marque-biovetol","11":"first","12":"outofstock","13":"taxable","14":"shipping-taxable","15":"purchasable","16":"product-type-simple"},"yoast_head":"<!-- This site is optimized with the Yoast SEO plugin v27.3 - https:\/\/yoast.com\/product\/yoast-seo-wordpress\/ -->\n<title>Biovetol Lotion Anti-gratte Bio Biovetol - V\u00e9torino<\/title>\n<meta name=\"description\" content=\"Lotion pour chien et chat, qui soulage les d\u00e9mangeaisons.\" \/>\n<meta name=\"robots\" content=\"noindex, nofollow\" \/>\n<meta property=\"og:locale\" content=\"fr_FR\" \/>\n<meta property=\"og:type\" content=\"article\" \/>\n<meta property=\"og:title\" content=\"Biovetol Lotion Anti-gratte Bio Biovetol - V\u00e9torino\" \/>\n<meta property=\"og:description\" content=\"Lotion pour chien et chat, qui soulage les d\u00e9mangeaisons.\" \/>\n<meta property=\"og:url\" content=\"https:\/\/www.vetorino.com\/veterinaire\/confolens-16500\/boutique\/product\/biovetol-lotion-anti-gratte-bio\/\" \/>\n<meta property=\"og:site_name\" content=\"V\u00e9torino\" \/>\n<meta property=\"article:publisher\" content=\"https:\/\/www.facebook.com\/Vetorino\/\" \/>\n<meta property=\"article:modified_time\" content=\"2023-10-06T12:21:08+00:00\" \/>\n<meta property=\"og:image\" content=\"https:\/\/www.vetorino.com\/boutique\/wp-content\/uploads\/2020\/03\/lotion-anti-odeur.png\" \/>\n\t<meta property=\"og:image:width\" content=\"800\" \/>\n\t<meta property=\"og:image:height\" content=\"800\" \/>\n\t<meta property=\"og:image:type\" content=\"image\/png\" \/>\n<meta name=\"twitter:card\" content=\"summary_large_image\" \/>\n<meta name=\"twitter:label1\" content=\"Prix\" \/>\n\t<meta name=\"twitter:data1\" content=\"11,19&euro;\" \/>\n\t<meta name=\"twitter:label2\" content=\"Disponibilit\u00e9\" \/>\n\t<meta name=\"twitter:data2\" content=\"Rupture de stock\" \/>\n<script type=\"application\/ld+json\" class=\"yoast-schema-graph\">{\"@context\":\"https:\\\/\\\/schema.org\",\"@graph\":[{\"@type\":\"WebPage\",\"@id\":\"https:\\\/\\\/www.vetorino.com\\\/boutique\\\/product\\\/biovetol-lotion-anti-gratte-bio\\\/\",\"url\":\"https:\\\/\\\/www.vetorino.com\\\/boutique\\\/product\\\/biovetol-lotion-anti-gratte-bio\\\/\",\"name\":\"Biovetol Lotion Anti-gratte Bio Biovetol - V\u00e9torino\",\"isPartOf\":{\"@id\":\"https:\\\/\\\/www.vetorino.com\\\/boutique\\\/#website\"},\"primaryImageOfPage\":{\"@id\":\"https:\\\/\\\/www.vetorino.com\\\/boutique\\\/product\\\/biovetol-lotion-anti-gratte-bio\\\/#primaryimage\"},\"image\":{\"@id\":\"https:\\\/\\\/www.vetorino.com\\\/boutique\\\/product\\\/biovetol-lotion-anti-gratte-bio\\\/#primaryimage\"},\"thumbnailUrl\":\"https:\\\/\\\/www.vetorino.com\\\/boutique\\\/wp-content\\\/uploads\\\/2020\\\/03\\\/lotion-anti-odeur.png\",\"datePublished\":\"2020-06-26T12:02:46+00:00\",\"dateModified\":\"2023-10-06T12:21:08+00:00\",\"description\":\"Lotion pour chien et chat, qui soulage les d\u00e9mangeaisons.\",\"breadcrumb\":{\"@id\":\"https:\\\/\\\/www.vetorino.com\\\/boutique\\\/product\\\/biovetol-lotion-anti-gratte-bio\\\/#breadcrumb\"},\"inLanguage\":\"fr-FR\",\"potentialAction\":[{\"@type\":\"ReadAction\",\"target\":[\"https:\\\/\\\/www.vetorino.com\\\/boutique\\\/product\\\/biovetol-lotion-anti-gratte-bio\\\/\"]}]},{\"@type\":\"ImageObject\",\"inLanguage\":\"fr-FR\",\"@id\":\"https:\\\/\\\/www.vetorino.com\\\/boutique\\\/product\\\/biovetol-lotion-anti-gratte-bio\\\/#primaryimage\",\"url\":\"https:\\\/\\\/www.vetorino.com\\\/boutique\\\/wp-content\\\/uploads\\\/2020\\\/03\\\/lotion-anti-odeur.png\",\"contentUrl\":\"https:\\\/\\\/www.vetorino.com\\\/boutique\\\/wp-content\\\/uploads\\\/2020\\\/03\\\/lotion-anti-odeur.png\",\"width\":800,\"height\":800},{\"@type\":\"BreadcrumbList\",\"@id\":\"https:\\\/\\\/www.vetorino.com\\\/boutique\\\/product\\\/biovetol-lotion-anti-gratte-bio\\\/#breadcrumb\",\"itemListElement\":[{\"@type\":\"ListItem\",\"position\":1,\"name\":\"Accueil\",\"item\":\"https:\\\/\\\/www.vetorino.com\\\/boutique\\\/\"},{\"@type\":\"ListItem\",\"position\":2,\"name\":\"Produits\",\"item\":\"https:\\\/\\\/www.vetorino.com\\\/boutique\\\/\"},{\"@type\":\"ListItem\",\"position\":3,\"name\":\"Biovetol Lotion Anti-gratte Bio\"}]},{\"@type\":\"WebSite\",\"@id\":\"https:\\\/\\\/www.vetorino.com\\\/boutique\\\/#website\",\"url\":\"https:\\\/\\\/www.vetorino.com\\\/boutique\\\/\",\"name\":\"V\u00e9torino\",\"description\":\"\",\"publisher\":{\"@id\":\"https:\\\/\\\/www.vetorino.com\\\/boutique\\\/#organization\"},\"potentialAction\":[{\"@type\":\"SearchAction\",\"target\":{\"@type\":\"EntryPoint\",\"urlTemplate\":\"https:\\\/\\\/www.vetorino.com\\\/boutique\\\/?s={search_term_string}\"},\"query-input\":{\"@type\":\"PropertyValueSpecification\",\"valueRequired\":true,\"valueName\":\"search_term_string\"}}],\"inLanguage\":\"fr-FR\"},{\"@type\":\"Organization\",\"@id\":\"https:\\\/\\\/www.vetorino.com\\\/boutique\\\/#organization\",\"name\":\"V\u00e9torino\",\"url\":\"https:\\\/\\\/www.vetorino.com\\\/boutique\\\/\",\"logo\":{\"@type\":\"ImageObject\",\"inLanguage\":\"fr-FR\",\"@id\":\"https:\\\/\\\/www.vetorino.com\\\/boutique\\\/#\\\/schema\\\/logo\\\/image\\\/\",\"url\":\"https:\\\/\\\/www.vetorino.com\\\/boutique\\\/wp-content\\\/uploads\\\/2024\\\/10\\\/logo.jpg\",\"contentUrl\":\"https:\\\/\\\/www.vetorino.com\\\/boutique\\\/wp-content\\\/uploads\\\/2024\\\/10\\\/logo.jpg\",\"width\":1200,\"height\":610,\"caption\":\"V\u00e9torino\"},\"image\":{\"@id\":\"https:\\\/\\\/www.vetorino.com\\\/boutique\\\/#\\\/schema\\\/logo\\\/image\\\/\"},\"sameAs\":[\"https:\\\/\\\/www.facebook.com\\\/Vetorino\\\/\",\"https:\\\/\\\/www.instagram.com\\\/vetorino_off\\\/\",\"https:\\\/\\\/www.linkedin.com\\\/company\\\/vtorino\\\/\"]}]}<\/script>\n<meta property=\"product:brand\" content=\"Biovetol\" \/>\n<meta property=\"product:price:amount\" content=\"11.19\" \/>\n<meta property=\"product:price:currency\" content=\"EUR\" \/>\n<meta property=\"og:availability\" content=\"out of stock\" \/>\n<meta property=\"product:availability\" content=\"out of stock\" \/>\n<meta property=\"product:retailer_item_id\" content=\"C-BIO112\" \/>\n<meta property=\"product:condition\" content=\"new\" \/>\n<!-- \/ Yoast SEO plugin. -->","yoast_head_json":{"title":"Biovetol Lotion Anti-gratte Bio Biovetol - V\u00e9torino","description":"Lotion pour chien et chat, qui soulage les d\u00e9mangeaisons.","robots":{"index":"noindex","follow":"nofollow"},"og_locale":"fr_FR","og_type":"article","og_title":"Biovetol Lotion Anti-gratte Bio Biovetol - V\u00e9torino","og_description":"Lotion pour chien et chat, qui soulage les d\u00e9mangeaisons.","og_url":"https:\/\/www.vetorino.com\/veterinaire\/confolens-16500\/boutique\/product\/biovetol-lotion-anti-gratte-bio\/","og_site_name":"V\u00e9torino","article_publisher":"https:\/\/www.facebook.com\/Vetorino\/","article_modified_time":"2023-10-06T12:21:08+00:00","og_image":[{"width":800,"height":800,"url":"https:\/\/www.vetorino.com\/boutique\/wp-content\/uploads\/2020\/03\/lotion-anti-odeur.png","type":"image\/png"}],"twitter_card":"summary_large_image","twitter_misc":{"Prix":"11,19&euro;","Disponibilit\u00e9":"Rupture de stock"},"schema":{"@context":"https:\/\/schema.org","@graph":[{"@type":"WebPage","@id":"https:\/\/www.vetorino.com\/boutique\/product\/biovetol-lotion-anti-gratte-bio\/","url":"https:\/\/www.vetorino.com\/boutique\/product\/biovetol-lotion-anti-gratte-bio\/","name":"Biovetol Lotion Anti-gratte Bio Biovetol - V\u00e9torino","isPartOf":{"@id":"https:\/\/www.vetorino.com\/boutique\/#website"},"primaryImageOfPage":{"@id":"https:\/\/www.vetorino.com\/boutique\/product\/biovetol-lotion-anti-gratte-bio\/#primaryimage"},"image":{"@id":"https:\/\/www.vetorino.com\/boutique\/product\/biovetol-lotion-anti-gratte-bio\/#primaryimage"},"thumbnailUrl":"https:\/\/www.vetorino.com\/boutique\/wp-content\/uploads\/2020\/03\/lotion-anti-odeur.png","datePublished":"2020-06-26T12:02:46+00:00","dateModified":"2023-10-06T12:21:08+00:00","description":"Lotion pour chien et chat, qui soulage les d\u00e9mangeaisons.","breadcrumb":{"@id":"https:\/\/www.vetorino.com\/boutique\/product\/biovetol-lotion-anti-gratte-bio\/#breadcrumb"},"inLanguage":"fr-FR","potentialAction":[{"@type":"ReadAction","target":["https:\/\/www.vetorino.com\/boutique\/product\/biovetol-lotion-anti-gratte-bio\/"]}]},{"@type":"ImageObject","inLanguage":"fr-FR","@id":"https:\/\/www.vetorino.com\/boutique\/product\/biovetol-lotion-anti-gratte-bio\/#primaryimage","url":"https:\/\/www.vetorino.com\/boutique\/wp-content\/uploads\/2020\/03\/lotion-anti-odeur.png","contentUrl":"https:\/\/www.vetorino.com\/boutique\/wp-content\/uploads\/2020\/03\/lotion-anti-odeur.png","width":800,"height":800},{"@type":"BreadcrumbList","@id":"https:\/\/www.vetorino.com\/boutique\/product\/biovetol-lotion-anti-gratte-bio\/#breadcrumb","itemListElement":[{"@type":"ListItem","position":1,"name":"Accueil","item":"https:\/\/www.vetorino.com\/boutique\/"},{"@type":"ListItem","position":2,"name":"Produits","item":"https:\/\/www.vetorino.com\/boutique\/"},{"@type":"ListItem","position":3,"name":"Biovetol Lotion Anti-gratte Bio"}]},{"@type":"WebSite","@id":"https:\/\/www.vetorino.com\/boutique\/#website","url":"https:\/\/www.vetorino.com\/boutique\/","name":"V\u00e9torino","description":"","publisher":{"@id":"https:\/\/www.vetorino.com\/boutique\/#organization"},"potentialAction":[{"@type":"SearchAction","target":{"@type":"EntryPoint","urlTemplate":"https:\/\/www.vetorino.com\/boutique\/?s={search_term_string}"},"query-input":{"@type":"PropertyValueSpecification","valueRequired":true,"valueName":"search_term_string"}}],"inLanguage":"fr-FR"},{"@type":"Organization","@id":"https:\/\/www.vetorino.com\/boutique\/#organization","name":"V\u00e9torino","url":"https:\/\/www.vetorino.com\/boutique\/","logo":{"@type":"ImageObject","inLanguage":"fr-FR","@id":"https:\/\/www.vetorino.com\/boutique\/#\/schema\/logo\/image\/","url":"https:\/\/www.vetorino.com\/boutique\/wp-content\/uploads\/2024\/10\/logo.jpg","contentUrl":"https:\/\/www.vetorino.com\/boutique\/wp-content\/uploads\/2024\/10\/logo.jpg","width":1200,"height":610,"caption":"V\u00e9torino"},"image":{"@id":"https:\/\/www.vetorino.com\/boutique\/#\/schema\/logo\/image\/"},"sameAs":["https:\/\/www.facebook.com\/Vetorino\/","https:\/\/www.instagram.com\/vetorino_off\/","https:\/\/www.linkedin.com\/company\/vtorino\/"]}]},"product_brand":"Biovetol","product_price_amount":"11.19","product_price_currency":"EUR","og_availability":"out of stock","product_availability":"out of stock","product_retailer_item_id":"C-BIO112","product_condition":"new"},"_links":{"self":[{"href":"https:\/\/www.vetorino.com\/veterinaire\/confolens-16500\/boutique\/wp-json\/wp\/v2\/product\/90829","targetHints":{"allow":["GET"]}}],"collection":[{"href":"https:\/\/www.vetorino.com\/veterinaire\/confolens-16500\/boutique\/wp-json\/wp\/v2\/product"}],"about":[{"href":"https:\/\/www.vetorino.com\/veterinaire\/confolens-16500\/boutique\/wp-json\/wp\/v2\/types\/product"}],"wp:featuredmedia":[{"embeddable":true,"href":"https:\/\/www.vetorino.com\/veterinaire\/confolens-16500\/boutique\/wp-json\/wp\/v2\/media\/711352"}],"wp:attachment":[{"href":"https:\/\/www.vetorino.com\/veterinaire\/confolens-16500\/boutique\/wp-json\/wp\/v2\/media?parent=90829"}],"wp:term":[{"taxonomy":"product_cat","embeddable":true,"href":"https:\/\/www.vetorino.com\/veterinaire\/confolens-16500\/boutique\/wp-json\/wp\/v2\/product_cat?post=90829"},{"taxonomy":"product_tag","embeddable":true,"href":"https:\/\/www.vetorino.com\/veterinaire\/confolens-16500\/boutique\/wp-json\/wp\/v2\/product_tag?post=90829"}],"curies":[{"name":"wp","href":"https:\/\/api.w.org\/{rel}","templated":true}]}}