{"id":90950,"date":"2020-06-26T14:04:00","date_gmt":"2020-06-26T12:04:00","guid":{"rendered":"https:\/\/www.vetorino.com\/boutique\/product\/bonutron-galop-new\/"},"modified":"2026-03-31T00:05:35","modified_gmt":"2026-03-30T22:05:35","slug":"bonutron-galop-new","status":"publish","type":"product","link":"https:\/\/www.vetorino.com\/veterinaire\/confolens-16500\/boutique\/product\/bonutron-galop-new\/","title":{"rendered":"Bonutron Galop"},"content":{"rendered":"<p><strong>BONUTRON GALOP\u00a0du laboratoire AUDEVARD\u00a0est un apport nutritionnel compl\u00e9mentaire sp\u00e9cifique des galopeurs, adapt\u00e9 aux habitudes actuelles d&#8217;alimentation. Pour les p\u00e9riodes d&#8217;entra\u00eenement et de course.<\/strong><\/p>\n<p><strong><br \/>\nUtilisation :<br \/>\n<\/strong><\/p>\n<ul>\n<li>Chevaux galopeurs<\/li>\n<li>Entra\u00eenement et courses<\/li>\n<li>En compl\u00e9ment de l&#8217;alimentation quotidienne<\/li>\n<\/ul>\n<p><strong>Avantages :<\/strong><\/p>\n<ul>\n<li><strong>Adapt\u00e9<\/strong>\u00a0aux habitudes actuelles d&#8217;alimentation (fourrage + c\u00e9r\u00e9ales, avec ou sans aliment industriel).<\/li>\n<li>Contient \u00e9galement des levures qui\u00a0<strong>am\u00e9liorent la digestibilit\u00e9 des fibres<\/strong>\u00a0et favorisent la lib\u00e9ration d&#8217;acides gras volatiles (AGV).<\/li>\n<li>Sp\u00e9cialement con\u00e7u pour compl\u00e9menter des rations compos\u00e9es en grande majorit\u00e9 de fourrages (p\u00e2turage et foin) et contenant peu de concentr\u00e9s. Pour les rations plus proches de celles des autres chevaux de sport (moins riches en fourrage et plus riches en concentr\u00e9s), pr\u00e9f\u00e9rez BONUTRON SPORT PRO.<\/li>\n<\/ul>\n","protected":false},"excerpt":{"rendered":"<p><strong>BONUTRON GALOP est un apport nutritionnel compl\u00e9mentaire sp\u00e9cifique des galopeurs, adapt\u00e9 aux habitudes actuelles d&#8217;alimentation.<\/strong><\/p>\n<p><strong>Utilisation :<br \/>\n<\/strong><\/p>\n<ul>\n<li>Chevaux galopeurs.<\/li>\n<li>Entra\u00eenement et courses.<\/li>\n<li>En compl\u00e9ment de l&#8217;alimentation quotidienne.<\/li>\n<\/ul>\n","protected":false},"featured_media":213390,"template":"","meta":[],"product_cat":[12547,14072,12752,12566,12754],"product_tag":[],"class_list":{"0":"post-90950","1":"product","2":"type-product","3":"status-publish","4":"has-post-thumbnail","6":"product_cat-cheval","7":"product_cat-dietetique-et-complements-alimentaires-du-cheval","8":"product_cat-gestion-de-leffort-du-cheval","9":"product_cat-performance-du-cheval","10":"product_cat-soins-au-quotidien-du-cheval","11":"pa_marque-audevard","13":"first","14":"outofstock","15":"taxable","16":"shipping-taxable","17":"purchasable","18":"product-type-simple"},"yoast_head":"<!-- This site is optimized with the Yoast SEO plugin v27.3 - https:\/\/yoast.com\/product\/yoast-seo-wordpress\/ -->\n<title>Bonutron Galop Audevard - V\u00e9torino<\/title>\n<meta name=\"description\" content=\"BONUTRON GALOP est un apport nutritionnel compl\u00e9mentaire sp\u00e9cifique des galopeurs, adapt\u00e9 aux habitudes actuelles d&#039;alimentation.  Utilisation :    Chevaux galopeurs.  Entra\u00eenement et courses.  En compl\u00e9ment de l&#039;alimentation quotidienne.\" \/>\n<meta name=\"robots\" content=\"noindex, nofollow\" \/>\n<meta property=\"og:locale\" content=\"fr_FR\" \/>\n<meta property=\"og:type\" content=\"article\" \/>\n<meta property=\"og:title\" content=\"Bonutron Galop Audevard - V\u00e9torino\" \/>\n<meta property=\"og:description\" content=\"BONUTRON GALOP est un apport nutritionnel compl\u00e9mentaire sp\u00e9cifique des galopeurs, adapt\u00e9 aux habitudes actuelles d&#039;alimentation.  Utilisation :    Chevaux galopeurs.  Entra\u00eenement et courses.  En compl\u00e9ment de l&#039;alimentation quotidienne.\" \/>\n<meta property=\"og:url\" content=\"https:\/\/www.vetorino.com\/veterinaire\/confolens-16500\/boutique\/product\/bonutron-galop-new\/\" \/>\n<meta property=\"og:site_name\" content=\"V\u00e9torino\" \/>\n<meta property=\"article:publisher\" content=\"https:\/\/www.facebook.com\/Vetorino\/\" \/>\n<meta property=\"article:modified_time\" content=\"2026-03-30T22:05:35+00:00\" \/>\n<meta property=\"og:image\" content=\"https:\/\/www.vetorino.com\/boutique\/wp-content\/uploads\/2020\/06\/bonutron-galop.png\" \/>\n\t<meta property=\"og:image:width\" content=\"800\" \/>\n\t<meta property=\"og:image:height\" content=\"800\" \/>\n\t<meta property=\"og:image:type\" content=\"image\/png\" \/>\n<meta name=\"twitter:card\" content=\"summary_large_image\" \/>\n<meta name=\"twitter:label1\" content=\"Prix\" \/>\n\t<meta name=\"twitter:data1\" content=\"197,04&euro;\" \/>\n\t<meta name=\"twitter:label2\" content=\"Disponibilit\u00e9\" \/>\n\t<meta name=\"twitter:data2\" content=\"Rupture de stock\" \/>\n<script type=\"application\/ld+json\" class=\"yoast-schema-graph\">{\"@context\":\"https:\\\/\\\/schema.org\",\"@graph\":[{\"@type\":\"WebPage\",\"@id\":\"https:\\\/\\\/www.vetorino.com\\\/boutique\\\/product\\\/bonutron-galop-new\\\/\",\"url\":\"https:\\\/\\\/www.vetorino.com\\\/boutique\\\/product\\\/bonutron-galop-new\\\/\",\"name\":\"Bonutron Galop Audevard - V\u00e9torino\",\"isPartOf\":{\"@id\":\"https:\\\/\\\/www.vetorino.com\\\/boutique\\\/#website\"},\"primaryImageOfPage\":{\"@id\":\"https:\\\/\\\/www.vetorino.com\\\/boutique\\\/product\\\/bonutron-galop-new\\\/#primaryimage\"},\"image\":{\"@id\":\"https:\\\/\\\/www.vetorino.com\\\/boutique\\\/product\\\/bonutron-galop-new\\\/#primaryimage\"},\"thumbnailUrl\":\"https:\\\/\\\/www.vetorino.com\\\/boutique\\\/wp-content\\\/uploads\\\/2020\\\/06\\\/bonutron-galop.png\",\"datePublished\":\"2020-06-26T12:04:00+00:00\",\"dateModified\":\"2026-03-30T22:05:35+00:00\",\"description\":\"BONUTRON GALOP est un apport nutritionnel compl\u00e9mentaire sp\u00e9cifique des galopeurs, adapt\u00e9 aux habitudes actuelles d'alimentation. Utilisation : Chevaux galopeurs. Entra\u00eenement et courses. En compl\u00e9ment de l'alimentation quotidienne.\",\"breadcrumb\":{\"@id\":\"https:\\\/\\\/www.vetorino.com\\\/boutique\\\/product\\\/bonutron-galop-new\\\/#breadcrumb\"},\"inLanguage\":\"fr-FR\",\"potentialAction\":[{\"@type\":\"ReadAction\",\"target\":[\"https:\\\/\\\/www.vetorino.com\\\/boutique\\\/product\\\/bonutron-galop-new\\\/\"]}]},{\"@type\":\"ImageObject\",\"inLanguage\":\"fr-FR\",\"@id\":\"https:\\\/\\\/www.vetorino.com\\\/boutique\\\/product\\\/bonutron-galop-new\\\/#primaryimage\",\"url\":\"https:\\\/\\\/www.vetorino.com\\\/boutique\\\/wp-content\\\/uploads\\\/2020\\\/06\\\/bonutron-galop.png\",\"contentUrl\":\"https:\\\/\\\/www.vetorino.com\\\/boutique\\\/wp-content\\\/uploads\\\/2020\\\/06\\\/bonutron-galop.png\",\"width\":800,\"height\":800},{\"@type\":\"BreadcrumbList\",\"@id\":\"https:\\\/\\\/www.vetorino.com\\\/boutique\\\/product\\\/bonutron-galop-new\\\/#breadcrumb\",\"itemListElement\":[{\"@type\":\"ListItem\",\"position\":1,\"name\":\"Accueil\",\"item\":\"https:\\\/\\\/www.vetorino.com\\\/boutique\\\/\"},{\"@type\":\"ListItem\",\"position\":2,\"name\":\"Produits\",\"item\":\"https:\\\/\\\/www.vetorino.com\\\/boutique\\\/\"},{\"@type\":\"ListItem\",\"position\":3,\"name\":\"Bonutron Galop\"}]},{\"@type\":\"WebSite\",\"@id\":\"https:\\\/\\\/www.vetorino.com\\\/boutique\\\/#website\",\"url\":\"https:\\\/\\\/www.vetorino.com\\\/boutique\\\/\",\"name\":\"V\u00e9torino\",\"description\":\"\",\"publisher\":{\"@id\":\"https:\\\/\\\/www.vetorino.com\\\/boutique\\\/#organization\"},\"potentialAction\":[{\"@type\":\"SearchAction\",\"target\":{\"@type\":\"EntryPoint\",\"urlTemplate\":\"https:\\\/\\\/www.vetorino.com\\\/boutique\\\/?s={search_term_string}\"},\"query-input\":{\"@type\":\"PropertyValueSpecification\",\"valueRequired\":true,\"valueName\":\"search_term_string\"}}],\"inLanguage\":\"fr-FR\"},{\"@type\":\"Organization\",\"@id\":\"https:\\\/\\\/www.vetorino.com\\\/boutique\\\/#organization\",\"name\":\"V\u00e9torino\",\"url\":\"https:\\\/\\\/www.vetorino.com\\\/boutique\\\/\",\"logo\":{\"@type\":\"ImageObject\",\"inLanguage\":\"fr-FR\",\"@id\":\"https:\\\/\\\/www.vetorino.com\\\/boutique\\\/#\\\/schema\\\/logo\\\/image\\\/\",\"url\":\"https:\\\/\\\/www.vetorino.com\\\/boutique\\\/wp-content\\\/uploads\\\/2024\\\/10\\\/logo.jpg\",\"contentUrl\":\"https:\\\/\\\/www.vetorino.com\\\/boutique\\\/wp-content\\\/uploads\\\/2024\\\/10\\\/logo.jpg\",\"width\":1200,\"height\":610,\"caption\":\"V\u00e9torino\"},\"image\":{\"@id\":\"https:\\\/\\\/www.vetorino.com\\\/boutique\\\/#\\\/schema\\\/logo\\\/image\\\/\"},\"sameAs\":[\"https:\\\/\\\/www.facebook.com\\\/Vetorino\\\/\",\"https:\\\/\\\/www.instagram.com\\\/vetorino_off\\\/\",\"https:\\\/\\\/www.linkedin.com\\\/company\\\/vtorino\\\/\"]}]}<\/script>\n<meta property=\"product:brand\" content=\"Audevard\" \/>\n<meta property=\"product:price:amount\" content=\"197.04\" \/>\n<meta property=\"product:price:currency\" content=\"EUR\" \/>\n<meta property=\"og:availability\" content=\"out of stock\" \/>\n<meta property=\"product:availability\" content=\"out of stock\" \/>\n<meta property=\"product:retailer_item_id\" content=\"C-BON022\" \/>\n<meta property=\"product:condition\" content=\"new\" \/>\n<!-- \/ Yoast SEO plugin. -->","yoast_head_json":{"title":"Bonutron Galop Audevard - V\u00e9torino","description":"BONUTRON GALOP est un apport nutritionnel compl\u00e9mentaire sp\u00e9cifique des galopeurs, adapt\u00e9 aux habitudes actuelles d'alimentation.  Utilisation :    Chevaux galopeurs.  Entra\u00eenement et courses.  En compl\u00e9ment de l'alimentation quotidienne.","robots":{"index":"noindex","follow":"nofollow"},"og_locale":"fr_FR","og_type":"article","og_title":"Bonutron Galop Audevard - V\u00e9torino","og_description":"BONUTRON GALOP est un apport nutritionnel compl\u00e9mentaire sp\u00e9cifique des galopeurs, adapt\u00e9 aux habitudes actuelles d'alimentation.  Utilisation :    Chevaux galopeurs.  Entra\u00eenement et courses.  En compl\u00e9ment de l'alimentation quotidienne.","og_url":"https:\/\/www.vetorino.com\/veterinaire\/confolens-16500\/boutique\/product\/bonutron-galop-new\/","og_site_name":"V\u00e9torino","article_publisher":"https:\/\/www.facebook.com\/Vetorino\/","article_modified_time":"2026-03-30T22:05:35+00:00","og_image":[{"width":800,"height":800,"url":"https:\/\/www.vetorino.com\/boutique\/wp-content\/uploads\/2020\/06\/bonutron-galop.png","type":"image\/png"}],"twitter_card":"summary_large_image","twitter_misc":{"Prix":"197,04&euro;","Disponibilit\u00e9":"Rupture de stock"},"schema":{"@context":"https:\/\/schema.org","@graph":[{"@type":"WebPage","@id":"https:\/\/www.vetorino.com\/boutique\/product\/bonutron-galop-new\/","url":"https:\/\/www.vetorino.com\/boutique\/product\/bonutron-galop-new\/","name":"Bonutron Galop Audevard - V\u00e9torino","isPartOf":{"@id":"https:\/\/www.vetorino.com\/boutique\/#website"},"primaryImageOfPage":{"@id":"https:\/\/www.vetorino.com\/boutique\/product\/bonutron-galop-new\/#primaryimage"},"image":{"@id":"https:\/\/www.vetorino.com\/boutique\/product\/bonutron-galop-new\/#primaryimage"},"thumbnailUrl":"https:\/\/www.vetorino.com\/boutique\/wp-content\/uploads\/2020\/06\/bonutron-galop.png","datePublished":"2020-06-26T12:04:00+00:00","dateModified":"2026-03-30T22:05:35+00:00","description":"BONUTRON GALOP est un apport nutritionnel compl\u00e9mentaire sp\u00e9cifique des galopeurs, adapt\u00e9 aux habitudes actuelles d'alimentation. Utilisation : Chevaux galopeurs. Entra\u00eenement et courses. En compl\u00e9ment de l'alimentation quotidienne.","breadcrumb":{"@id":"https:\/\/www.vetorino.com\/boutique\/product\/bonutron-galop-new\/#breadcrumb"},"inLanguage":"fr-FR","potentialAction":[{"@type":"ReadAction","target":["https:\/\/www.vetorino.com\/boutique\/product\/bonutron-galop-new\/"]}]},{"@type":"ImageObject","inLanguage":"fr-FR","@id":"https:\/\/www.vetorino.com\/boutique\/product\/bonutron-galop-new\/#primaryimage","url":"https:\/\/www.vetorino.com\/boutique\/wp-content\/uploads\/2020\/06\/bonutron-galop.png","contentUrl":"https:\/\/www.vetorino.com\/boutique\/wp-content\/uploads\/2020\/06\/bonutron-galop.png","width":800,"height":800},{"@type":"BreadcrumbList","@id":"https:\/\/www.vetorino.com\/boutique\/product\/bonutron-galop-new\/#breadcrumb","itemListElement":[{"@type":"ListItem","position":1,"name":"Accueil","item":"https:\/\/www.vetorino.com\/boutique\/"},{"@type":"ListItem","position":2,"name":"Produits","item":"https:\/\/www.vetorino.com\/boutique\/"},{"@type":"ListItem","position":3,"name":"Bonutron Galop"}]},{"@type":"WebSite","@id":"https:\/\/www.vetorino.com\/boutique\/#website","url":"https:\/\/www.vetorino.com\/boutique\/","name":"V\u00e9torino","description":"","publisher":{"@id":"https:\/\/www.vetorino.com\/boutique\/#organization"},"potentialAction":[{"@type":"SearchAction","target":{"@type":"EntryPoint","urlTemplate":"https:\/\/www.vetorino.com\/boutique\/?s={search_term_string}"},"query-input":{"@type":"PropertyValueSpecification","valueRequired":true,"valueName":"search_term_string"}}],"inLanguage":"fr-FR"},{"@type":"Organization","@id":"https:\/\/www.vetorino.com\/boutique\/#organization","name":"V\u00e9torino","url":"https:\/\/www.vetorino.com\/boutique\/","logo":{"@type":"ImageObject","inLanguage":"fr-FR","@id":"https:\/\/www.vetorino.com\/boutique\/#\/schema\/logo\/image\/","url":"https:\/\/www.vetorino.com\/boutique\/wp-content\/uploads\/2024\/10\/logo.jpg","contentUrl":"https:\/\/www.vetorino.com\/boutique\/wp-content\/uploads\/2024\/10\/logo.jpg","width":1200,"height":610,"caption":"V\u00e9torino"},"image":{"@id":"https:\/\/www.vetorino.com\/boutique\/#\/schema\/logo\/image\/"},"sameAs":["https:\/\/www.facebook.com\/Vetorino\/","https:\/\/www.instagram.com\/vetorino_off\/","https:\/\/www.linkedin.com\/company\/vtorino\/"]}]},"product_brand":"Audevard","product_price_amount":"197.04","product_price_currency":"EUR","og_availability":"out of stock","product_availability":"out of stock","product_retailer_item_id":"C-BON022","product_condition":"new"},"_links":{"self":[{"href":"https:\/\/www.vetorino.com\/veterinaire\/confolens-16500\/boutique\/wp-json\/wp\/v2\/product\/90950","targetHints":{"allow":["GET"]}}],"collection":[{"href":"https:\/\/www.vetorino.com\/veterinaire\/confolens-16500\/boutique\/wp-json\/wp\/v2\/product"}],"about":[{"href":"https:\/\/www.vetorino.com\/veterinaire\/confolens-16500\/boutique\/wp-json\/wp\/v2\/types\/product"}],"wp:featuredmedia":[{"embeddable":true,"href":"https:\/\/www.vetorino.com\/veterinaire\/confolens-16500\/boutique\/wp-json\/wp\/v2\/media\/213390"}],"wp:attachment":[{"href":"https:\/\/www.vetorino.com\/veterinaire\/confolens-16500\/boutique\/wp-json\/wp\/v2\/media?parent=90950"}],"wp:term":[{"taxonomy":"product_cat","embeddable":true,"href":"https:\/\/www.vetorino.com\/veterinaire\/confolens-16500\/boutique\/wp-json\/wp\/v2\/product_cat?post=90950"},{"taxonomy":"product_tag","embeddable":true,"href":"https:\/\/www.vetorino.com\/veterinaire\/confolens-16500\/boutique\/wp-json\/wp\/v2\/product_tag?post=90950"}],"curies":[{"name":"wp","href":"https:\/\/api.w.org\/{rel}","templated":true}]}}