{"id":91357,"date":"2020-06-26T14:09:45","date_gmt":"2020-06-26T12:09:45","guid":{"rendered":"https:\/\/www.vetorino.com\/boutique\/product\/bouteille-de-voyage-avec-bol-a-eau-integre\/"},"modified":"2026-01-23T02:42:15","modified_gmt":"2026-01-23T01:42:15","slug":"bouteille-de-voyage-avec-bol-a-eau-integre","status":"publish","type":"product","link":"https:\/\/www.vetorino.com\/veterinaire\/confolens-16500\/boutique\/product\/bouteille-de-voyage-avec-bol-a-eau-integre\/","title":{"rendered":"Bouteille de voyage Trixie avec bol \u00e0 eau int\u00e9gr\u00e9"},"content":{"rendered":"<div class='hidden'>MATERIEL<\/div>\n<div class='hidden'>Chats<\/div>\n<p>Tr\u00e8s pratique pour les promenades, randonn\u00e9es et voyages, se fixant \u00e0 la ceinture ou dans une poche, cet article vous \u00e9vitera de transporter une bouteille et un bol en plus pour abreuver votre chien. <br \/>Il suffit de remplir la bouteille d&#8217;eau, d&#8217;ouvrir l&#8217;\u00e9cuelle et de la pencher pour que l&#8217;eau s&#8217;y d\u00e9verse.<\/p>\n","protected":false},"excerpt":{"rendered":"<p>MATERIEL Chats Tr\u00e8s pratique pour les promenades, randonn\u00e9es et voyages, se fixant \u00e0 la ceinture ou dans une poche, cet article vous \u00e9vitera de transporter une bouteille et un bol en plus pour abreuver votre chien. Il suffit de remplir la bouteille d&#8217;eau, d&#8217;ouvrir l&#8217;\u00e9cuelle et de la pencher pour que l&#8217;eau s&#8217;y d\u00e9verse.<\/p>\n","protected":false},"featured_media":91356,"template":"","meta":[],"product_cat":[2698],"product_tag":[],"class_list":{"0":"post-91357","1":"product","2":"type-product","3":"status-publish","4":"has-post-thumbnail","6":"product_cat-chien","7":"pa_marque-trixie","9":"first","10":"instock","11":"taxable","12":"shipping-taxable","13":"purchasable","14":"product-type-simple"},"yoast_head":"<!-- This site is optimized with the Yoast SEO plugin v27.3 - https:\/\/yoast.com\/product\/yoast-seo-wordpress\/ -->\n<title>Bouteille de voyage Trixie avec bol \u00e0 eau int\u00e9gr\u00e9 Trixie - V\u00e9torino<\/title>\n<meta name=\"description\" content=\"MATERIELChatsTr\u00e8s pratique pour les promenades, randonn\u00e9es et voyages, se fixant \u00e0 la ceinture ou dans une poche, cet article vous \u00e9vitera de transporter\" \/>\n<meta name=\"robots\" content=\"noindex, nofollow\" \/>\n<meta property=\"og:locale\" content=\"fr_FR\" \/>\n<meta property=\"og:type\" content=\"article\" \/>\n<meta property=\"og:title\" content=\"Bouteille de voyage Trixie avec bol \u00e0 eau int\u00e9gr\u00e9 Trixie - V\u00e9torino\" \/>\n<meta property=\"og:description\" content=\"MATERIELChatsTr\u00e8s pratique pour les promenades, randonn\u00e9es et voyages, se fixant \u00e0 la ceinture ou dans une poche, cet article vous \u00e9vitera de transporter\" \/>\n<meta property=\"og:url\" content=\"https:\/\/www.vetorino.com\/veterinaire\/confolens-16500\/boutique\/product\/bouteille-de-voyage-avec-bol-a-eau-integre\/\" \/>\n<meta property=\"og:site_name\" content=\"V\u00e9torino\" \/>\n<meta property=\"article:publisher\" content=\"https:\/\/www.facebook.com\/Vetorino\/\" \/>\n<meta property=\"article:modified_time\" content=\"2026-01-23T01:42:15+00:00\" \/>\n<meta property=\"og:image\" content=\"https:\/\/www.vetorino.com\/boutique\/wp-content\/uploads\/2020\/06\/FilsBOU700FormatMediumTypeIM.png\" \/>\n\t<meta property=\"og:image:width\" content=\"400\" \/>\n\t<meta property=\"og:image:height\" content=\"400\" \/>\n\t<meta property=\"og:image:type\" content=\"image\/png\" \/>\n<meta name=\"twitter:card\" content=\"summary_large_image\" \/>\n<meta name=\"twitter:label1\" content=\"Prix\" \/>\n\t<meta name=\"twitter:data1\" content=\"5,13&euro;\" \/>\n\t<meta name=\"twitter:label2\" content=\"Disponibilit\u00e9\" \/>\n\t<meta name=\"twitter:data2\" content=\"En stock\" \/>\n<script type=\"application\/ld+json\" class=\"yoast-schema-graph\">{\"@context\":\"https:\\\/\\\/schema.org\",\"@graph\":[{\"@type\":\"WebPage\",\"@id\":\"https:\\\/\\\/www.vetorino.com\\\/boutique\\\/product\\\/bouteille-de-voyage-avec-bol-a-eau-integre\\\/\",\"url\":\"https:\\\/\\\/www.vetorino.com\\\/boutique\\\/product\\\/bouteille-de-voyage-avec-bol-a-eau-integre\\\/\",\"name\":\"Bouteille de voyage Trixie avec bol \u00e0 eau int\u00e9gr\u00e9 Trixie - V\u00e9torino\",\"isPartOf\":{\"@id\":\"https:\\\/\\\/www.vetorino.com\\\/boutique\\\/#website\"},\"primaryImageOfPage\":{\"@id\":\"https:\\\/\\\/www.vetorino.com\\\/boutique\\\/product\\\/bouteille-de-voyage-avec-bol-a-eau-integre\\\/#primaryimage\"},\"image\":{\"@id\":\"https:\\\/\\\/www.vetorino.com\\\/boutique\\\/product\\\/bouteille-de-voyage-avec-bol-a-eau-integre\\\/#primaryimage\"},\"thumbnailUrl\":\"https:\\\/\\\/www.vetorino.com\\\/boutique\\\/wp-content\\\/uploads\\\/2020\\\/06\\\/FilsBOU700FormatMediumTypeIM.png\",\"datePublished\":\"2020-06-26T12:09:45+00:00\",\"dateModified\":\"2026-01-23T01:42:15+00:00\",\"description\":\"MATERIELChatsTr\u00e8s pratique pour les promenades, randonn\u00e9es et voyages, se fixant \u00e0 la ceinture ou dans une poche, cet article vous \u00e9vitera de transporter\",\"breadcrumb\":{\"@id\":\"https:\\\/\\\/www.vetorino.com\\\/boutique\\\/product\\\/bouteille-de-voyage-avec-bol-a-eau-integre\\\/#breadcrumb\"},\"inLanguage\":\"fr-FR\",\"potentialAction\":[{\"@type\":\"ReadAction\",\"target\":[\"https:\\\/\\\/www.vetorino.com\\\/boutique\\\/product\\\/bouteille-de-voyage-avec-bol-a-eau-integre\\\/\"]}]},{\"@type\":\"ImageObject\",\"inLanguage\":\"fr-FR\",\"@id\":\"https:\\\/\\\/www.vetorino.com\\\/boutique\\\/product\\\/bouteille-de-voyage-avec-bol-a-eau-integre\\\/#primaryimage\",\"url\":\"https:\\\/\\\/www.vetorino.com\\\/boutique\\\/wp-content\\\/uploads\\\/2020\\\/06\\\/FilsBOU700FormatMediumTypeIM.png\",\"contentUrl\":\"https:\\\/\\\/www.vetorino.com\\\/boutique\\\/wp-content\\\/uploads\\\/2020\\\/06\\\/FilsBOU700FormatMediumTypeIM.png\",\"width\":400,\"height\":400},{\"@type\":\"BreadcrumbList\",\"@id\":\"https:\\\/\\\/www.vetorino.com\\\/boutique\\\/product\\\/bouteille-de-voyage-avec-bol-a-eau-integre\\\/#breadcrumb\",\"itemListElement\":[{\"@type\":\"ListItem\",\"position\":1,\"name\":\"Accueil\",\"item\":\"https:\\\/\\\/www.vetorino.com\\\/boutique\\\/\"},{\"@type\":\"ListItem\",\"position\":2,\"name\":\"Produits\",\"item\":\"https:\\\/\\\/www.vetorino.com\\\/boutique\\\/\"},{\"@type\":\"ListItem\",\"position\":3,\"name\":\"Bouteille de voyage Trixie avec bol \u00e0 eau int\u00e9gr\u00e9\"}]},{\"@type\":\"WebSite\",\"@id\":\"https:\\\/\\\/www.vetorino.com\\\/boutique\\\/#website\",\"url\":\"https:\\\/\\\/www.vetorino.com\\\/boutique\\\/\",\"name\":\"V\u00e9torino\",\"description\":\"\",\"publisher\":{\"@id\":\"https:\\\/\\\/www.vetorino.com\\\/boutique\\\/#organization\"},\"potentialAction\":[{\"@type\":\"SearchAction\",\"target\":{\"@type\":\"EntryPoint\",\"urlTemplate\":\"https:\\\/\\\/www.vetorino.com\\\/boutique\\\/?s={search_term_string}\"},\"query-input\":{\"@type\":\"PropertyValueSpecification\",\"valueRequired\":true,\"valueName\":\"search_term_string\"}}],\"inLanguage\":\"fr-FR\"},{\"@type\":\"Organization\",\"@id\":\"https:\\\/\\\/www.vetorino.com\\\/boutique\\\/#organization\",\"name\":\"V\u00e9torino\",\"url\":\"https:\\\/\\\/www.vetorino.com\\\/boutique\\\/\",\"logo\":{\"@type\":\"ImageObject\",\"inLanguage\":\"fr-FR\",\"@id\":\"https:\\\/\\\/www.vetorino.com\\\/boutique\\\/#\\\/schema\\\/logo\\\/image\\\/\",\"url\":\"https:\\\/\\\/www.vetorino.com\\\/boutique\\\/wp-content\\\/uploads\\\/2024\\\/10\\\/logo.jpg\",\"contentUrl\":\"https:\\\/\\\/www.vetorino.com\\\/boutique\\\/wp-content\\\/uploads\\\/2024\\\/10\\\/logo.jpg\",\"width\":1200,\"height\":610,\"caption\":\"V\u00e9torino\"},\"image\":{\"@id\":\"https:\\\/\\\/www.vetorino.com\\\/boutique\\\/#\\\/schema\\\/logo\\\/image\\\/\"},\"sameAs\":[\"https:\\\/\\\/www.facebook.com\\\/Vetorino\\\/\",\"https:\\\/\\\/www.instagram.com\\\/vetorino_off\\\/\",\"https:\\\/\\\/www.linkedin.com\\\/company\\\/vtorino\\\/\"]}]}<\/script>\n<meta property=\"product:brand\" content=\"Trixie\" \/>\n<meta property=\"product:price:amount\" content=\"5.13\" \/>\n<meta property=\"product:price:currency\" content=\"EUR\" \/>\n<meta property=\"og:availability\" content=\"instock\" \/>\n<meta property=\"product:availability\" content=\"instock\" \/>\n<meta property=\"product:retailer_item_id\" content=\"C-BOU700\" \/>\n<meta property=\"product:condition\" content=\"new\" \/>\n<!-- \/ Yoast SEO plugin. -->","yoast_head_json":{"title":"Bouteille de voyage Trixie avec bol \u00e0 eau int\u00e9gr\u00e9 Trixie - V\u00e9torino","description":"MATERIELChatsTr\u00e8s pratique pour les promenades, randonn\u00e9es et voyages, se fixant \u00e0 la ceinture ou dans une poche, cet article vous \u00e9vitera de transporter","robots":{"index":"noindex","follow":"nofollow"},"og_locale":"fr_FR","og_type":"article","og_title":"Bouteille de voyage Trixie avec bol \u00e0 eau int\u00e9gr\u00e9 Trixie - V\u00e9torino","og_description":"MATERIELChatsTr\u00e8s pratique pour les promenades, randonn\u00e9es et voyages, se fixant \u00e0 la ceinture ou dans une poche, cet article vous \u00e9vitera de transporter","og_url":"https:\/\/www.vetorino.com\/veterinaire\/confolens-16500\/boutique\/product\/bouteille-de-voyage-avec-bol-a-eau-integre\/","og_site_name":"V\u00e9torino","article_publisher":"https:\/\/www.facebook.com\/Vetorino\/","article_modified_time":"2026-01-23T01:42:15+00:00","og_image":[{"width":400,"height":400,"url":"https:\/\/www.vetorino.com\/boutique\/wp-content\/uploads\/2020\/06\/FilsBOU700FormatMediumTypeIM.png","type":"image\/png"}],"twitter_card":"summary_large_image","twitter_misc":{"Prix":"5,13&euro;","Disponibilit\u00e9":"En stock"},"schema":{"@context":"https:\/\/schema.org","@graph":[{"@type":"WebPage","@id":"https:\/\/www.vetorino.com\/boutique\/product\/bouteille-de-voyage-avec-bol-a-eau-integre\/","url":"https:\/\/www.vetorino.com\/boutique\/product\/bouteille-de-voyage-avec-bol-a-eau-integre\/","name":"Bouteille de voyage Trixie avec bol \u00e0 eau int\u00e9gr\u00e9 Trixie - V\u00e9torino","isPartOf":{"@id":"https:\/\/www.vetorino.com\/boutique\/#website"},"primaryImageOfPage":{"@id":"https:\/\/www.vetorino.com\/boutique\/product\/bouteille-de-voyage-avec-bol-a-eau-integre\/#primaryimage"},"image":{"@id":"https:\/\/www.vetorino.com\/boutique\/product\/bouteille-de-voyage-avec-bol-a-eau-integre\/#primaryimage"},"thumbnailUrl":"https:\/\/www.vetorino.com\/boutique\/wp-content\/uploads\/2020\/06\/FilsBOU700FormatMediumTypeIM.png","datePublished":"2020-06-26T12:09:45+00:00","dateModified":"2026-01-23T01:42:15+00:00","description":"MATERIELChatsTr\u00e8s pratique pour les promenades, randonn\u00e9es et voyages, se fixant \u00e0 la ceinture ou dans une poche, cet article vous \u00e9vitera de transporter","breadcrumb":{"@id":"https:\/\/www.vetorino.com\/boutique\/product\/bouteille-de-voyage-avec-bol-a-eau-integre\/#breadcrumb"},"inLanguage":"fr-FR","potentialAction":[{"@type":"ReadAction","target":["https:\/\/www.vetorino.com\/boutique\/product\/bouteille-de-voyage-avec-bol-a-eau-integre\/"]}]},{"@type":"ImageObject","inLanguage":"fr-FR","@id":"https:\/\/www.vetorino.com\/boutique\/product\/bouteille-de-voyage-avec-bol-a-eau-integre\/#primaryimage","url":"https:\/\/www.vetorino.com\/boutique\/wp-content\/uploads\/2020\/06\/FilsBOU700FormatMediumTypeIM.png","contentUrl":"https:\/\/www.vetorino.com\/boutique\/wp-content\/uploads\/2020\/06\/FilsBOU700FormatMediumTypeIM.png","width":400,"height":400},{"@type":"BreadcrumbList","@id":"https:\/\/www.vetorino.com\/boutique\/product\/bouteille-de-voyage-avec-bol-a-eau-integre\/#breadcrumb","itemListElement":[{"@type":"ListItem","position":1,"name":"Accueil","item":"https:\/\/www.vetorino.com\/boutique\/"},{"@type":"ListItem","position":2,"name":"Produits","item":"https:\/\/www.vetorino.com\/boutique\/"},{"@type":"ListItem","position":3,"name":"Bouteille de voyage Trixie avec bol \u00e0 eau int\u00e9gr\u00e9"}]},{"@type":"WebSite","@id":"https:\/\/www.vetorino.com\/boutique\/#website","url":"https:\/\/www.vetorino.com\/boutique\/","name":"V\u00e9torino","description":"","publisher":{"@id":"https:\/\/www.vetorino.com\/boutique\/#organization"},"potentialAction":[{"@type":"SearchAction","target":{"@type":"EntryPoint","urlTemplate":"https:\/\/www.vetorino.com\/boutique\/?s={search_term_string}"},"query-input":{"@type":"PropertyValueSpecification","valueRequired":true,"valueName":"search_term_string"}}],"inLanguage":"fr-FR"},{"@type":"Organization","@id":"https:\/\/www.vetorino.com\/boutique\/#organization","name":"V\u00e9torino","url":"https:\/\/www.vetorino.com\/boutique\/","logo":{"@type":"ImageObject","inLanguage":"fr-FR","@id":"https:\/\/www.vetorino.com\/boutique\/#\/schema\/logo\/image\/","url":"https:\/\/www.vetorino.com\/boutique\/wp-content\/uploads\/2024\/10\/logo.jpg","contentUrl":"https:\/\/www.vetorino.com\/boutique\/wp-content\/uploads\/2024\/10\/logo.jpg","width":1200,"height":610,"caption":"V\u00e9torino"},"image":{"@id":"https:\/\/www.vetorino.com\/boutique\/#\/schema\/logo\/image\/"},"sameAs":["https:\/\/www.facebook.com\/Vetorino\/","https:\/\/www.instagram.com\/vetorino_off\/","https:\/\/www.linkedin.com\/company\/vtorino\/"]}]},"product_brand":"Trixie","product_price_amount":"5.13","product_price_currency":"EUR","og_availability":"instock","product_availability":"instock","product_retailer_item_id":"C-BOU700","product_condition":"new"},"_links":{"self":[{"href":"https:\/\/www.vetorino.com\/veterinaire\/confolens-16500\/boutique\/wp-json\/wp\/v2\/product\/91357","targetHints":{"allow":["GET"]}}],"collection":[{"href":"https:\/\/www.vetorino.com\/veterinaire\/confolens-16500\/boutique\/wp-json\/wp\/v2\/product"}],"about":[{"href":"https:\/\/www.vetorino.com\/veterinaire\/confolens-16500\/boutique\/wp-json\/wp\/v2\/types\/product"}],"wp:featuredmedia":[{"embeddable":true,"href":"https:\/\/www.vetorino.com\/veterinaire\/confolens-16500\/boutique\/wp-json\/wp\/v2\/media\/91356"}],"wp:attachment":[{"href":"https:\/\/www.vetorino.com\/veterinaire\/confolens-16500\/boutique\/wp-json\/wp\/v2\/media?parent=91357"}],"wp:term":[{"taxonomy":"product_cat","embeddable":true,"href":"https:\/\/www.vetorino.com\/veterinaire\/confolens-16500\/boutique\/wp-json\/wp\/v2\/product_cat?post=91357"},{"taxonomy":"product_tag","embeddable":true,"href":"https:\/\/www.vetorino.com\/veterinaire\/confolens-16500\/boutique\/wp-json\/wp\/v2\/product_tag?post=91357"}],"curies":[{"name":"wp","href":"https:\/\/api.w.org\/{rel}","templated":true}]}}