{"id":91454,"date":"2020-06-26T14:10:54","date_gmt":"2020-06-26T12:10:54","guid":{"rendered":"https:\/\/www.vetorino.com\/boutique\/product\/brosse-coccinelle\/"},"modified":"2025-12-06T02:42:13","modified_gmt":"2025-12-06T01:42:13","slug":"brosse-coccinelle","status":"publish","type":"product","link":"https:\/\/www.vetorino.com\/veterinaire\/confolens-16500\/boutique\/product\/brosse-coccinelle\/","title":{"rendered":"Brosse Coccinelle"},"content":{"rendered":"<div class=\"hidden\"><strong>Cette brosse \u00e0 v\u00eatements est id\u00e9ale pour ramasser, en quelques passages, cheveux, peluches, poils de chiens ou de chats sur tous types de textiles.<\/strong><\/div>\n<p><\/p>\n<div class=\"hidden\">Ses picots en caoutchouc particuli\u00e8rement flexibles, en forme de V, lui conf\u00e8rent une <strong>capacit\u00e9 \u00e9lectrostatique<\/strong> consid\u00e9rable pour attirer la poussi\u00e8re et \u00e9carter les poils des v\u00eatements, coussins et autres articles textiles&#8230;<\/div>\n<div><\/div>\n<p><\/p>\n<div class=\"hidden\"><strong>Elle peut aussi \u00eatre utilis\u00e9e pour l&#8217;entretien du pelage des petits animaux.<\/strong><\/div>\n<div><\/div>\n<p><\/p>\n<div class=\"hidden\">Facile \u00e0 ranger ou \u00e0 transporter, elle offre une bonne prise en main pour le brossage.<\/div>\n<div><\/div>\n<p><\/p>\n<div class=\"hidden\"><em>Dimensions : 10 x 8 x 2,5 cm env. Poids : 80g env.<\/em><\/div>\n","protected":false},"excerpt":{"rendered":"<div class=\"hidden\"><strong>Cette brosse \u00e0 v\u00eatements est id\u00e9ale pour ramasser, en quelques passages, cheveux, peluches, poils de chiens ou de chats sur tous types de textiles.<\/strong><\/div>\n<p><\/p>\n<div class=\"hidden\">Ses picots en caoutchouc particuli\u00e8rement flexibles, en forme de V, lui conf\u00e8rent une <strong>capacit\u00e9 \u00e9lectrostatique<\/strong> consid\u00e9rable pour attirer la poussi\u00e8re et \u00e9carter les poils des v\u00eatements, coussins et autres articles textiles&#8230;<\/div>\n<div><\/div>\n<p><\/p>\n<div class=\"hidden\"><strong>Elle peut aussi \u00eatre utilis\u00e9e pour l&#8217;entretien du pelage des petits animaux.<\/strong><\/div>\n<div><\/div>\n<p><\/p>\n<div class=\"hidden\">Facile \u00e0 ranger ou \u00e0 transporter, elle offre une bonne prise en main pour le brossage.<\/div>\n","protected":false},"featured_media":1441316,"template":"","meta":[],"product_cat":[12548,12550,12590,2697,2698,12570],"product_tag":[],"class_list":{"0":"post-91454","1":"product","2":"type-product","3":"status-publish","4":"has-post-thumbnail","6":"product_cat-accessoire-du-chat","7":"product_cat-accessoires-du-chien","8":"product_cat-brosses-pour-chat","9":"product_cat-chat","10":"product_cat-chien","11":"product_cat-rongeur","12":"pa_marque-materiel","14":"first","15":"instock","16":"taxable","17":"shipping-taxable","18":"purchasable","19":"product-type-simple"},"yoast_head":"<!-- This site is optimized with the Yoast SEO plugin v27.3 - https:\/\/yoast.com\/product\/yoast-seo-wordpress\/ -->\n<title>Brosse Coccinelle Mat\u00e9riel - V\u00e9torino<\/title>\n<meta name=\"description\" content=\"Cette brosse \u00e0 v\u00eatements est id\u00e9ale pour ramasser, en quelques passages, cheveux, peluches, poils de chiens ou de chats sur tous types de textiles.  Ses picots en caoutchouc particuli\u00e8rement flexibles, en forme de V, lui conf\u00e8rent une capacit\u00e9 \u00e9lectrostatique consid\u00e9rable pour attirer la poussi\u00e8re et \u00e9carter les poils des v\u00eatements, coussins et autres articles textiles...   Elle peut aussi \u00eatre utilis\u00e9e pour l&#039;entretien du pelage des petits animaux.   Facile \u00e0 ranger ou \u00e0 transporter, elle offre une bonne prise en main pour le brossage.\" \/>\n<meta name=\"robots\" content=\"noindex, nofollow\" \/>\n<meta property=\"og:locale\" content=\"fr_FR\" \/>\n<meta property=\"og:type\" content=\"article\" \/>\n<meta property=\"og:title\" content=\"Brosse Coccinelle Mat\u00e9riel - V\u00e9torino\" \/>\n<meta property=\"og:description\" content=\"Cette brosse \u00e0 v\u00eatements est id\u00e9ale pour ramasser, en quelques passages, cheveux, peluches, poils de chiens ou de chats sur tous types de textiles.  Ses picots en caoutchouc particuli\u00e8rement flexibles, en forme de V, lui conf\u00e8rent une capacit\u00e9 \u00e9lectrostatique consid\u00e9rable pour attirer la poussi\u00e8re et \u00e9carter les poils des v\u00eatements, coussins et autres articles textiles...   Elle peut aussi \u00eatre utilis\u00e9e pour l&#039;entretien du pelage des petits animaux.   Facile \u00e0 ranger ou \u00e0 transporter, elle offre une bonne prise en main pour le brossage.\" \/>\n<meta property=\"og:url\" content=\"https:\/\/www.vetorino.com\/veterinaire\/confolens-16500\/boutique\/product\/brosse-coccinelle\/\" \/>\n<meta property=\"og:site_name\" content=\"V\u00e9torino\" \/>\n<meta property=\"article:publisher\" content=\"https:\/\/www.facebook.com\/Vetorino\/\" \/>\n<meta property=\"article:modified_time\" content=\"2025-12-06T01:42:13+00:00\" \/>\n<meta property=\"og:image\" content=\"https:\/\/www.vetorino.com\/boutique\/wp-content\/uploads\/2020\/06\/brosse-poils-chien-chat-coccinelle.jpg\" \/>\n\t<meta property=\"og:image:width\" content=\"640\" \/>\n\t<meta property=\"og:image:height\" content=\"640\" \/>\n\t<meta property=\"og:image:type\" content=\"image\/jpeg\" \/>\n<meta name=\"twitter:card\" content=\"summary_large_image\" \/>\n<meta name=\"twitter:label1\" content=\"Prix\" \/>\n\t<meta name=\"twitter:data1\" content=\"11,06&euro;\" \/>\n\t<meta name=\"twitter:label2\" content=\"Disponibilit\u00e9\" \/>\n\t<meta name=\"twitter:data2\" content=\"En stock\" \/>\n<script type=\"application\/ld+json\" class=\"yoast-schema-graph\">{\"@context\":\"https:\\\/\\\/schema.org\",\"@graph\":[{\"@type\":\"WebPage\",\"@id\":\"https:\\\/\\\/www.vetorino.com\\\/boutique\\\/product\\\/brosse-coccinelle\\\/\",\"url\":\"https:\\\/\\\/www.vetorino.com\\\/boutique\\\/product\\\/brosse-coccinelle\\\/\",\"name\":\"Brosse Coccinelle Mat\u00e9riel - V\u00e9torino\",\"isPartOf\":{\"@id\":\"https:\\\/\\\/www.vetorino.com\\\/boutique\\\/#website\"},\"primaryImageOfPage\":{\"@id\":\"https:\\\/\\\/www.vetorino.com\\\/boutique\\\/product\\\/brosse-coccinelle\\\/#primaryimage\"},\"image\":{\"@id\":\"https:\\\/\\\/www.vetorino.com\\\/boutique\\\/product\\\/brosse-coccinelle\\\/#primaryimage\"},\"thumbnailUrl\":\"https:\\\/\\\/www.vetorino.com\\\/boutique\\\/wp-content\\\/uploads\\\/2020\\\/06\\\/brosse-poils-chien-chat-coccinelle.jpg\",\"datePublished\":\"2020-06-26T12:10:54+00:00\",\"dateModified\":\"2025-12-06T01:42:13+00:00\",\"description\":\"Cette brosse \u00e0 v\u00eatements est id\u00e9ale pour ramasser, en quelques passages, cheveux, peluches, poils de chiens ou de chats sur tous types de textiles. Ses picots en caoutchouc particuli\u00e8rement flexibles, en forme de V, lui conf\u00e8rent une capacit\u00e9 \u00e9lectrostatique consid\u00e9rable pour attirer la poussi\u00e8re et \u00e9carter les poils des v\u00eatements, coussins et autres articles textiles... Elle peut aussi \u00eatre utilis\u00e9e pour l'entretien du pelage des petits animaux. Facile \u00e0 ranger ou \u00e0 transporter, elle offre une bonne prise en main pour le brossage.\",\"breadcrumb\":{\"@id\":\"https:\\\/\\\/www.vetorino.com\\\/boutique\\\/product\\\/brosse-coccinelle\\\/#breadcrumb\"},\"inLanguage\":\"fr-FR\",\"potentialAction\":[{\"@type\":\"ReadAction\",\"target\":[\"https:\\\/\\\/www.vetorino.com\\\/boutique\\\/product\\\/brosse-coccinelle\\\/\"]}]},{\"@type\":\"ImageObject\",\"inLanguage\":\"fr-FR\",\"@id\":\"https:\\\/\\\/www.vetorino.com\\\/boutique\\\/product\\\/brosse-coccinelle\\\/#primaryimage\",\"url\":\"https:\\\/\\\/www.vetorino.com\\\/boutique\\\/wp-content\\\/uploads\\\/2020\\\/06\\\/brosse-poils-chien-chat-coccinelle.jpg\",\"contentUrl\":\"https:\\\/\\\/www.vetorino.com\\\/boutique\\\/wp-content\\\/uploads\\\/2020\\\/06\\\/brosse-poils-chien-chat-coccinelle.jpg\",\"width\":640,\"height\":640},{\"@type\":\"BreadcrumbList\",\"@id\":\"https:\\\/\\\/www.vetorino.com\\\/boutique\\\/product\\\/brosse-coccinelle\\\/#breadcrumb\",\"itemListElement\":[{\"@type\":\"ListItem\",\"position\":1,\"name\":\"Accueil\",\"item\":\"https:\\\/\\\/www.vetorino.com\\\/boutique\\\/\"},{\"@type\":\"ListItem\",\"position\":2,\"name\":\"Produits\",\"item\":\"https:\\\/\\\/www.vetorino.com\\\/boutique\\\/\"},{\"@type\":\"ListItem\",\"position\":3,\"name\":\"Brosse Coccinelle\"}]},{\"@type\":\"WebSite\",\"@id\":\"https:\\\/\\\/www.vetorino.com\\\/boutique\\\/#website\",\"url\":\"https:\\\/\\\/www.vetorino.com\\\/boutique\\\/\",\"name\":\"V\u00e9torino\",\"description\":\"\",\"publisher\":{\"@id\":\"https:\\\/\\\/www.vetorino.com\\\/boutique\\\/#organization\"},\"potentialAction\":[{\"@type\":\"SearchAction\",\"target\":{\"@type\":\"EntryPoint\",\"urlTemplate\":\"https:\\\/\\\/www.vetorino.com\\\/boutique\\\/?s={search_term_string}\"},\"query-input\":{\"@type\":\"PropertyValueSpecification\",\"valueRequired\":true,\"valueName\":\"search_term_string\"}}],\"inLanguage\":\"fr-FR\"},{\"@type\":\"Organization\",\"@id\":\"https:\\\/\\\/www.vetorino.com\\\/boutique\\\/#organization\",\"name\":\"V\u00e9torino\",\"url\":\"https:\\\/\\\/www.vetorino.com\\\/boutique\\\/\",\"logo\":{\"@type\":\"ImageObject\",\"inLanguage\":\"fr-FR\",\"@id\":\"https:\\\/\\\/www.vetorino.com\\\/boutique\\\/#\\\/schema\\\/logo\\\/image\\\/\",\"url\":\"https:\\\/\\\/www.vetorino.com\\\/boutique\\\/wp-content\\\/uploads\\\/2024\\\/10\\\/logo.jpg\",\"contentUrl\":\"https:\\\/\\\/www.vetorino.com\\\/boutique\\\/wp-content\\\/uploads\\\/2024\\\/10\\\/logo.jpg\",\"width\":1200,\"height\":610,\"caption\":\"V\u00e9torino\"},\"image\":{\"@id\":\"https:\\\/\\\/www.vetorino.com\\\/boutique\\\/#\\\/schema\\\/logo\\\/image\\\/\"},\"sameAs\":[\"https:\\\/\\\/www.facebook.com\\\/Vetorino\\\/\",\"https:\\\/\\\/www.instagram.com\\\/vetorino_off\\\/\",\"https:\\\/\\\/www.linkedin.com\\\/company\\\/vtorino\\\/\"]}]}<\/script>\n<meta property=\"product:brand\" content=\"Mat\u00e9riel\" \/>\n<meta property=\"product:price:amount\" content=\"11.06\" \/>\n<meta property=\"product:price:currency\" content=\"EUR\" \/>\n<meta property=\"og:availability\" content=\"instock\" \/>\n<meta property=\"product:availability\" content=\"instock\" \/>\n<meta property=\"product:retailer_item_id\" content=\"C-BRO806\" \/>\n<meta property=\"product:condition\" content=\"new\" \/>\n<!-- \/ Yoast SEO plugin. -->","yoast_head_json":{"title":"Brosse Coccinelle Mat\u00e9riel - V\u00e9torino","description":"Cette brosse \u00e0 v\u00eatements est id\u00e9ale pour ramasser, en quelques passages, cheveux, peluches, poils de chiens ou de chats sur tous types de textiles.  Ses picots en caoutchouc particuli\u00e8rement flexibles, en forme de V, lui conf\u00e8rent une capacit\u00e9 \u00e9lectrostatique consid\u00e9rable pour attirer la poussi\u00e8re et \u00e9carter les poils des v\u00eatements, coussins et autres articles textiles...   Elle peut aussi \u00eatre utilis\u00e9e pour l'entretien du pelage des petits animaux.   Facile \u00e0 ranger ou \u00e0 transporter, elle offre une bonne prise en main pour le brossage.","robots":{"index":"noindex","follow":"nofollow"},"og_locale":"fr_FR","og_type":"article","og_title":"Brosse Coccinelle Mat\u00e9riel - V\u00e9torino","og_description":"Cette brosse \u00e0 v\u00eatements est id\u00e9ale pour ramasser, en quelques passages, cheveux, peluches, poils de chiens ou de chats sur tous types de textiles.  Ses picots en caoutchouc particuli\u00e8rement flexibles, en forme de V, lui conf\u00e8rent une capacit\u00e9 \u00e9lectrostatique consid\u00e9rable pour attirer la poussi\u00e8re et \u00e9carter les poils des v\u00eatements, coussins et autres articles textiles...   Elle peut aussi \u00eatre utilis\u00e9e pour l'entretien du pelage des petits animaux.   Facile \u00e0 ranger ou \u00e0 transporter, elle offre une bonne prise en main pour le brossage.","og_url":"https:\/\/www.vetorino.com\/veterinaire\/confolens-16500\/boutique\/product\/brosse-coccinelle\/","og_site_name":"V\u00e9torino","article_publisher":"https:\/\/www.facebook.com\/Vetorino\/","article_modified_time":"2025-12-06T01:42:13+00:00","og_image":[{"width":640,"height":640,"url":"https:\/\/www.vetorino.com\/boutique\/wp-content\/uploads\/2020\/06\/brosse-poils-chien-chat-coccinelle.jpg","type":"image\/jpeg"}],"twitter_card":"summary_large_image","twitter_misc":{"Prix":"11,06&euro;","Disponibilit\u00e9":"En stock"},"schema":{"@context":"https:\/\/schema.org","@graph":[{"@type":"WebPage","@id":"https:\/\/www.vetorino.com\/boutique\/product\/brosse-coccinelle\/","url":"https:\/\/www.vetorino.com\/boutique\/product\/brosse-coccinelle\/","name":"Brosse Coccinelle Mat\u00e9riel - V\u00e9torino","isPartOf":{"@id":"https:\/\/www.vetorino.com\/boutique\/#website"},"primaryImageOfPage":{"@id":"https:\/\/www.vetorino.com\/boutique\/product\/brosse-coccinelle\/#primaryimage"},"image":{"@id":"https:\/\/www.vetorino.com\/boutique\/product\/brosse-coccinelle\/#primaryimage"},"thumbnailUrl":"https:\/\/www.vetorino.com\/boutique\/wp-content\/uploads\/2020\/06\/brosse-poils-chien-chat-coccinelle.jpg","datePublished":"2020-06-26T12:10:54+00:00","dateModified":"2025-12-06T01:42:13+00:00","description":"Cette brosse \u00e0 v\u00eatements est id\u00e9ale pour ramasser, en quelques passages, cheveux, peluches, poils de chiens ou de chats sur tous types de textiles. Ses picots en caoutchouc particuli\u00e8rement flexibles, en forme de V, lui conf\u00e8rent une capacit\u00e9 \u00e9lectrostatique consid\u00e9rable pour attirer la poussi\u00e8re et \u00e9carter les poils des v\u00eatements, coussins et autres articles textiles... Elle peut aussi \u00eatre utilis\u00e9e pour l'entretien du pelage des petits animaux. Facile \u00e0 ranger ou \u00e0 transporter, elle offre une bonne prise en main pour le brossage.","breadcrumb":{"@id":"https:\/\/www.vetorino.com\/boutique\/product\/brosse-coccinelle\/#breadcrumb"},"inLanguage":"fr-FR","potentialAction":[{"@type":"ReadAction","target":["https:\/\/www.vetorino.com\/boutique\/product\/brosse-coccinelle\/"]}]},{"@type":"ImageObject","inLanguage":"fr-FR","@id":"https:\/\/www.vetorino.com\/boutique\/product\/brosse-coccinelle\/#primaryimage","url":"https:\/\/www.vetorino.com\/boutique\/wp-content\/uploads\/2020\/06\/brosse-poils-chien-chat-coccinelle.jpg","contentUrl":"https:\/\/www.vetorino.com\/boutique\/wp-content\/uploads\/2020\/06\/brosse-poils-chien-chat-coccinelle.jpg","width":640,"height":640},{"@type":"BreadcrumbList","@id":"https:\/\/www.vetorino.com\/boutique\/product\/brosse-coccinelle\/#breadcrumb","itemListElement":[{"@type":"ListItem","position":1,"name":"Accueil","item":"https:\/\/www.vetorino.com\/boutique\/"},{"@type":"ListItem","position":2,"name":"Produits","item":"https:\/\/www.vetorino.com\/boutique\/"},{"@type":"ListItem","position":3,"name":"Brosse Coccinelle"}]},{"@type":"WebSite","@id":"https:\/\/www.vetorino.com\/boutique\/#website","url":"https:\/\/www.vetorino.com\/boutique\/","name":"V\u00e9torino","description":"","publisher":{"@id":"https:\/\/www.vetorino.com\/boutique\/#organization"},"potentialAction":[{"@type":"SearchAction","target":{"@type":"EntryPoint","urlTemplate":"https:\/\/www.vetorino.com\/boutique\/?s={search_term_string}"},"query-input":{"@type":"PropertyValueSpecification","valueRequired":true,"valueName":"search_term_string"}}],"inLanguage":"fr-FR"},{"@type":"Organization","@id":"https:\/\/www.vetorino.com\/boutique\/#organization","name":"V\u00e9torino","url":"https:\/\/www.vetorino.com\/boutique\/","logo":{"@type":"ImageObject","inLanguage":"fr-FR","@id":"https:\/\/www.vetorino.com\/boutique\/#\/schema\/logo\/image\/","url":"https:\/\/www.vetorino.com\/boutique\/wp-content\/uploads\/2024\/10\/logo.jpg","contentUrl":"https:\/\/www.vetorino.com\/boutique\/wp-content\/uploads\/2024\/10\/logo.jpg","width":1200,"height":610,"caption":"V\u00e9torino"},"image":{"@id":"https:\/\/www.vetorino.com\/boutique\/#\/schema\/logo\/image\/"},"sameAs":["https:\/\/www.facebook.com\/Vetorino\/","https:\/\/www.instagram.com\/vetorino_off\/","https:\/\/www.linkedin.com\/company\/vtorino\/"]}]},"product_brand":"Mat\u00e9riel","product_price_amount":"11.06","product_price_currency":"EUR","og_availability":"instock","product_availability":"instock","product_retailer_item_id":"C-BRO806","product_condition":"new"},"_links":{"self":[{"href":"https:\/\/www.vetorino.com\/veterinaire\/confolens-16500\/boutique\/wp-json\/wp\/v2\/product\/91454","targetHints":{"allow":["GET"]}}],"collection":[{"href":"https:\/\/www.vetorino.com\/veterinaire\/confolens-16500\/boutique\/wp-json\/wp\/v2\/product"}],"about":[{"href":"https:\/\/www.vetorino.com\/veterinaire\/confolens-16500\/boutique\/wp-json\/wp\/v2\/types\/product"}],"wp:featuredmedia":[{"embeddable":true,"href":"https:\/\/www.vetorino.com\/veterinaire\/confolens-16500\/boutique\/wp-json\/wp\/v2\/media\/1441316"}],"wp:attachment":[{"href":"https:\/\/www.vetorino.com\/veterinaire\/confolens-16500\/boutique\/wp-json\/wp\/v2\/media?parent=91454"}],"wp:term":[{"taxonomy":"product_cat","embeddable":true,"href":"https:\/\/www.vetorino.com\/veterinaire\/confolens-16500\/boutique\/wp-json\/wp\/v2\/product_cat?post=91454"},{"taxonomy":"product_tag","embeddable":true,"href":"https:\/\/www.vetorino.com\/veterinaire\/confolens-16500\/boutique\/wp-json\/wp\/v2\/product_tag?post=91454"}],"curies":[{"name":"wp","href":"https:\/\/api.w.org\/{rel}","templated":true}]}}