{"id":91466,"date":"2020-06-26T14:11:00","date_gmt":"2020-06-26T12:11:00","guid":{"rendered":"https:\/\/www.vetorino.com\/boutique\/product\/brosse-perfect-care-simple-a-picots-metals-pour-demelage\/"},"modified":"2026-03-04T09:41:53","modified_gmt":"2026-03-04T08:41:53","slug":"brosse-perfect-care-simple-a-picots-metals-pour-demelage","status":"publish","type":"product","link":"https:\/\/www.vetorino.com\/veterinaire\/confolens-16500\/boutique\/product\/brosse-perfect-care-simple-a-picots-metals-pour-demelage\/","title":{"rendered":"Brosse Perfect Care simple : \u00e0 picots m\u00e9tals pour d\u00e9m\u00ealage"},"content":{"rendered":"<div class='hidden'>MATERIEL<\/div>\n<div class='hidden'>Chiens<\/div>\n<p>La brosse \u00e0 picots m\u00e9talliques \u00e9mouss\u00e9s convient parfaitement pour d\u00e9faire les noeuds, d\u00e9m\u00ealer et retirer la salet\u00e9 du poil. Les picots \u00e9mouss\u00e9s ont une double action. En effet, ils veillent \u00e0 prendre soin du poil mais aussi \u00e0 masser la peau en douceur.<\/p>\n","protected":false},"excerpt":{"rendered":"<p>MATERIEL Chiens La brosse \u00e0 picots m\u00e9talliques \u00e9mouss\u00e9s convient parfaitement pour d\u00e9faire les noeuds, d\u00e9m\u00ealer et retirer la salet\u00e9 du poil. Les picots \u00e9mouss\u00e9s ont une double action. En effet, ils veillent \u00e0 prendre soin du poil mais aussi \u00e0 masser la peau en douceur.<\/p>\n","protected":false},"featured_media":91465,"template":"","meta":[],"product_cat":[2698],"product_tag":[],"class_list":{"0":"post-91466","1":"product","2":"type-product","3":"status-publish","4":"has-post-thumbnail","6":"product_cat-chien","7":"pa_marque-zolux","9":"first","10":"instock","11":"taxable","12":"shipping-taxable","13":"purchasable","14":"product-type-simple"},"yoast_head":"<!-- This site is optimized with the Yoast SEO plugin v27.3 - https:\/\/yoast.com\/product\/yoast-seo-wordpress\/ -->\n<title>Brosse Perfect Care simple : \u00e0 picots m\u00e9tals pour d\u00e9m\u00ealage Zolux - V\u00e9torino<\/title>\n<meta name=\"description\" content=\"MATERIELChiensLa brosse \u00e0 picots m\u00e9talliques \u00e9mouss\u00e9s convient parfaitement pour d\u00e9faire les noeuds, d\u00e9m\u00ealer et retirer la salet\u00e9 du poil. Les picots\" \/>\n<meta name=\"robots\" content=\"noindex, nofollow\" \/>\n<meta property=\"og:locale\" content=\"fr_FR\" \/>\n<meta property=\"og:type\" content=\"article\" \/>\n<meta property=\"og:title\" content=\"Brosse Perfect Care simple : \u00e0 picots m\u00e9tals pour d\u00e9m\u00ealage Zolux - V\u00e9torino\" \/>\n<meta property=\"og:description\" content=\"MATERIELChiensLa brosse \u00e0 picots m\u00e9talliques \u00e9mouss\u00e9s convient parfaitement pour d\u00e9faire les noeuds, d\u00e9m\u00ealer et retirer la salet\u00e9 du poil. Les picots\" \/>\n<meta property=\"og:url\" content=\"https:\/\/www.vetorino.com\/veterinaire\/confolens-16500\/boutique\/product\/brosse-perfect-care-simple-a-picots-metals-pour-demelage\/\" \/>\n<meta property=\"og:site_name\" content=\"V\u00e9torino\" \/>\n<meta property=\"article:publisher\" content=\"https:\/\/www.facebook.com\/Vetorino\/\" \/>\n<meta property=\"article:modified_time\" content=\"2026-03-04T08:41:53+00:00\" \/>\n<meta property=\"og:image\" content=\"https:\/\/www.vetorino.com\/boutique\/wp-content\/uploads\/2020\/06\/FilsBRO818FormatMediumTypeIM.png\" \/>\n\t<meta property=\"og:image:width\" content=\"400\" \/>\n\t<meta property=\"og:image:height\" content=\"400\" \/>\n\t<meta property=\"og:image:type\" content=\"image\/png\" \/>\n<meta name=\"twitter:card\" content=\"summary_large_image\" \/>\n<meta name=\"twitter:label1\" content=\"Prix\" \/>\n\t<meta name=\"twitter:data1\" content=\"10,81&euro;\" \/>\n\t<meta name=\"twitter:label2\" content=\"Disponibilit\u00e9\" \/>\n\t<meta name=\"twitter:data2\" content=\"En stock\" \/>\n<script type=\"application\/ld+json\" class=\"yoast-schema-graph\">{\"@context\":\"https:\\\/\\\/schema.org\",\"@graph\":[{\"@type\":\"WebPage\",\"@id\":\"https:\\\/\\\/www.vetorino.com\\\/boutique\\\/product\\\/brosse-perfect-care-simple-a-picots-metals-pour-demelage\\\/\",\"url\":\"https:\\\/\\\/www.vetorino.com\\\/boutique\\\/product\\\/brosse-perfect-care-simple-a-picots-metals-pour-demelage\\\/\",\"name\":\"Brosse Perfect Care simple : \u00e0 picots m\u00e9tals pour d\u00e9m\u00ealage Zolux - V\u00e9torino\",\"isPartOf\":{\"@id\":\"https:\\\/\\\/www.vetorino.com\\\/boutique\\\/#website\"},\"primaryImageOfPage\":{\"@id\":\"https:\\\/\\\/www.vetorino.com\\\/boutique\\\/product\\\/brosse-perfect-care-simple-a-picots-metals-pour-demelage\\\/#primaryimage\"},\"image\":{\"@id\":\"https:\\\/\\\/www.vetorino.com\\\/boutique\\\/product\\\/brosse-perfect-care-simple-a-picots-metals-pour-demelage\\\/#primaryimage\"},\"thumbnailUrl\":\"https:\\\/\\\/www.vetorino.com\\\/boutique\\\/wp-content\\\/uploads\\\/2020\\\/06\\\/FilsBRO818FormatMediumTypeIM.png\",\"datePublished\":\"2020-06-26T12:11:00+00:00\",\"dateModified\":\"2026-03-04T08:41:53+00:00\",\"description\":\"MATERIELChiensLa brosse \u00e0 picots m\u00e9talliques \u00e9mouss\u00e9s convient parfaitement pour d\u00e9faire les noeuds, d\u00e9m\u00ealer et retirer la salet\u00e9 du poil. Les picots\",\"breadcrumb\":{\"@id\":\"https:\\\/\\\/www.vetorino.com\\\/boutique\\\/product\\\/brosse-perfect-care-simple-a-picots-metals-pour-demelage\\\/#breadcrumb\"},\"inLanguage\":\"fr-FR\",\"potentialAction\":[{\"@type\":\"ReadAction\",\"target\":[\"https:\\\/\\\/www.vetorino.com\\\/boutique\\\/product\\\/brosse-perfect-care-simple-a-picots-metals-pour-demelage\\\/\"]}]},{\"@type\":\"ImageObject\",\"inLanguage\":\"fr-FR\",\"@id\":\"https:\\\/\\\/www.vetorino.com\\\/boutique\\\/product\\\/brosse-perfect-care-simple-a-picots-metals-pour-demelage\\\/#primaryimage\",\"url\":\"https:\\\/\\\/www.vetorino.com\\\/boutique\\\/wp-content\\\/uploads\\\/2020\\\/06\\\/FilsBRO818FormatMediumTypeIM.png\",\"contentUrl\":\"https:\\\/\\\/www.vetorino.com\\\/boutique\\\/wp-content\\\/uploads\\\/2020\\\/06\\\/FilsBRO818FormatMediumTypeIM.png\",\"width\":400,\"height\":400},{\"@type\":\"BreadcrumbList\",\"@id\":\"https:\\\/\\\/www.vetorino.com\\\/boutique\\\/product\\\/brosse-perfect-care-simple-a-picots-metals-pour-demelage\\\/#breadcrumb\",\"itemListElement\":[{\"@type\":\"ListItem\",\"position\":1,\"name\":\"Accueil\",\"item\":\"https:\\\/\\\/www.vetorino.com\\\/boutique\\\/\"},{\"@type\":\"ListItem\",\"position\":2,\"name\":\"Produits\",\"item\":\"https:\\\/\\\/www.vetorino.com\\\/boutique\\\/\"},{\"@type\":\"ListItem\",\"position\":3,\"name\":\"Brosse Perfect Care simple : \u00e0 picots m\u00e9tals pour d\u00e9m\u00ealage\"}]},{\"@type\":\"WebSite\",\"@id\":\"https:\\\/\\\/www.vetorino.com\\\/boutique\\\/#website\",\"url\":\"https:\\\/\\\/www.vetorino.com\\\/boutique\\\/\",\"name\":\"V\u00e9torino\",\"description\":\"\",\"publisher\":{\"@id\":\"https:\\\/\\\/www.vetorino.com\\\/boutique\\\/#organization\"},\"potentialAction\":[{\"@type\":\"SearchAction\",\"target\":{\"@type\":\"EntryPoint\",\"urlTemplate\":\"https:\\\/\\\/www.vetorino.com\\\/boutique\\\/?s={search_term_string}\"},\"query-input\":{\"@type\":\"PropertyValueSpecification\",\"valueRequired\":true,\"valueName\":\"search_term_string\"}}],\"inLanguage\":\"fr-FR\"},{\"@type\":\"Organization\",\"@id\":\"https:\\\/\\\/www.vetorino.com\\\/boutique\\\/#organization\",\"name\":\"V\u00e9torino\",\"url\":\"https:\\\/\\\/www.vetorino.com\\\/boutique\\\/\",\"logo\":{\"@type\":\"ImageObject\",\"inLanguage\":\"fr-FR\",\"@id\":\"https:\\\/\\\/www.vetorino.com\\\/boutique\\\/#\\\/schema\\\/logo\\\/image\\\/\",\"url\":\"https:\\\/\\\/www.vetorino.com\\\/boutique\\\/wp-content\\\/uploads\\\/2024\\\/10\\\/logo.jpg\",\"contentUrl\":\"https:\\\/\\\/www.vetorino.com\\\/boutique\\\/wp-content\\\/uploads\\\/2024\\\/10\\\/logo.jpg\",\"width\":1200,\"height\":610,\"caption\":\"V\u00e9torino\"},\"image\":{\"@id\":\"https:\\\/\\\/www.vetorino.com\\\/boutique\\\/#\\\/schema\\\/logo\\\/image\\\/\"},\"sameAs\":[\"https:\\\/\\\/www.facebook.com\\\/Vetorino\\\/\",\"https:\\\/\\\/www.instagram.com\\\/vetorino_off\\\/\",\"https:\\\/\\\/www.linkedin.com\\\/company\\\/vtorino\\\/\"]}]}<\/script>\n<meta property=\"product:brand\" content=\"Zolux\" \/>\n<meta property=\"product:price:amount\" content=\"10.81\" \/>\n<meta property=\"product:price:currency\" content=\"EUR\" \/>\n<meta property=\"og:availability\" content=\"instock\" \/>\n<meta property=\"product:availability\" content=\"instock\" \/>\n<meta property=\"product:retailer_item_id\" content=\"C-BRO818\" \/>\n<meta property=\"product:condition\" content=\"new\" \/>\n<!-- \/ Yoast SEO plugin. -->","yoast_head_json":{"title":"Brosse Perfect Care simple : \u00e0 picots m\u00e9tals pour d\u00e9m\u00ealage Zolux - V\u00e9torino","description":"MATERIELChiensLa brosse \u00e0 picots m\u00e9talliques \u00e9mouss\u00e9s convient parfaitement pour d\u00e9faire les noeuds, d\u00e9m\u00ealer et retirer la salet\u00e9 du poil. Les picots","robots":{"index":"noindex","follow":"nofollow"},"og_locale":"fr_FR","og_type":"article","og_title":"Brosse Perfect Care simple : \u00e0 picots m\u00e9tals pour d\u00e9m\u00ealage Zolux - V\u00e9torino","og_description":"MATERIELChiensLa brosse \u00e0 picots m\u00e9talliques \u00e9mouss\u00e9s convient parfaitement pour d\u00e9faire les noeuds, d\u00e9m\u00ealer et retirer la salet\u00e9 du poil. Les picots","og_url":"https:\/\/www.vetorino.com\/veterinaire\/confolens-16500\/boutique\/product\/brosse-perfect-care-simple-a-picots-metals-pour-demelage\/","og_site_name":"V\u00e9torino","article_publisher":"https:\/\/www.facebook.com\/Vetorino\/","article_modified_time":"2026-03-04T08:41:53+00:00","og_image":[{"width":400,"height":400,"url":"https:\/\/www.vetorino.com\/boutique\/wp-content\/uploads\/2020\/06\/FilsBRO818FormatMediumTypeIM.png","type":"image\/png"}],"twitter_card":"summary_large_image","twitter_misc":{"Prix":"10,81&euro;","Disponibilit\u00e9":"En stock"},"schema":{"@context":"https:\/\/schema.org","@graph":[{"@type":"WebPage","@id":"https:\/\/www.vetorino.com\/boutique\/product\/brosse-perfect-care-simple-a-picots-metals-pour-demelage\/","url":"https:\/\/www.vetorino.com\/boutique\/product\/brosse-perfect-care-simple-a-picots-metals-pour-demelage\/","name":"Brosse Perfect Care simple : \u00e0 picots m\u00e9tals pour d\u00e9m\u00ealage Zolux - V\u00e9torino","isPartOf":{"@id":"https:\/\/www.vetorino.com\/boutique\/#website"},"primaryImageOfPage":{"@id":"https:\/\/www.vetorino.com\/boutique\/product\/brosse-perfect-care-simple-a-picots-metals-pour-demelage\/#primaryimage"},"image":{"@id":"https:\/\/www.vetorino.com\/boutique\/product\/brosse-perfect-care-simple-a-picots-metals-pour-demelage\/#primaryimage"},"thumbnailUrl":"https:\/\/www.vetorino.com\/boutique\/wp-content\/uploads\/2020\/06\/FilsBRO818FormatMediumTypeIM.png","datePublished":"2020-06-26T12:11:00+00:00","dateModified":"2026-03-04T08:41:53+00:00","description":"MATERIELChiensLa brosse \u00e0 picots m\u00e9talliques \u00e9mouss\u00e9s convient parfaitement pour d\u00e9faire les noeuds, d\u00e9m\u00ealer et retirer la salet\u00e9 du poil. Les picots","breadcrumb":{"@id":"https:\/\/www.vetorino.com\/boutique\/product\/brosse-perfect-care-simple-a-picots-metals-pour-demelage\/#breadcrumb"},"inLanguage":"fr-FR","potentialAction":[{"@type":"ReadAction","target":["https:\/\/www.vetorino.com\/boutique\/product\/brosse-perfect-care-simple-a-picots-metals-pour-demelage\/"]}]},{"@type":"ImageObject","inLanguage":"fr-FR","@id":"https:\/\/www.vetorino.com\/boutique\/product\/brosse-perfect-care-simple-a-picots-metals-pour-demelage\/#primaryimage","url":"https:\/\/www.vetorino.com\/boutique\/wp-content\/uploads\/2020\/06\/FilsBRO818FormatMediumTypeIM.png","contentUrl":"https:\/\/www.vetorino.com\/boutique\/wp-content\/uploads\/2020\/06\/FilsBRO818FormatMediumTypeIM.png","width":400,"height":400},{"@type":"BreadcrumbList","@id":"https:\/\/www.vetorino.com\/boutique\/product\/brosse-perfect-care-simple-a-picots-metals-pour-demelage\/#breadcrumb","itemListElement":[{"@type":"ListItem","position":1,"name":"Accueil","item":"https:\/\/www.vetorino.com\/boutique\/"},{"@type":"ListItem","position":2,"name":"Produits","item":"https:\/\/www.vetorino.com\/boutique\/"},{"@type":"ListItem","position":3,"name":"Brosse Perfect Care simple : \u00e0 picots m\u00e9tals pour d\u00e9m\u00ealage"}]},{"@type":"WebSite","@id":"https:\/\/www.vetorino.com\/boutique\/#website","url":"https:\/\/www.vetorino.com\/boutique\/","name":"V\u00e9torino","description":"","publisher":{"@id":"https:\/\/www.vetorino.com\/boutique\/#organization"},"potentialAction":[{"@type":"SearchAction","target":{"@type":"EntryPoint","urlTemplate":"https:\/\/www.vetorino.com\/boutique\/?s={search_term_string}"},"query-input":{"@type":"PropertyValueSpecification","valueRequired":true,"valueName":"search_term_string"}}],"inLanguage":"fr-FR"},{"@type":"Organization","@id":"https:\/\/www.vetorino.com\/boutique\/#organization","name":"V\u00e9torino","url":"https:\/\/www.vetorino.com\/boutique\/","logo":{"@type":"ImageObject","inLanguage":"fr-FR","@id":"https:\/\/www.vetorino.com\/boutique\/#\/schema\/logo\/image\/","url":"https:\/\/www.vetorino.com\/boutique\/wp-content\/uploads\/2024\/10\/logo.jpg","contentUrl":"https:\/\/www.vetorino.com\/boutique\/wp-content\/uploads\/2024\/10\/logo.jpg","width":1200,"height":610,"caption":"V\u00e9torino"},"image":{"@id":"https:\/\/www.vetorino.com\/boutique\/#\/schema\/logo\/image\/"},"sameAs":["https:\/\/www.facebook.com\/Vetorino\/","https:\/\/www.instagram.com\/vetorino_off\/","https:\/\/www.linkedin.com\/company\/vtorino\/"]}]},"product_brand":"Zolux","product_price_amount":"10.81","product_price_currency":"EUR","og_availability":"instock","product_availability":"instock","product_retailer_item_id":"C-BRO818","product_condition":"new"},"_links":{"self":[{"href":"https:\/\/www.vetorino.com\/veterinaire\/confolens-16500\/boutique\/wp-json\/wp\/v2\/product\/91466","targetHints":{"allow":["GET"]}}],"collection":[{"href":"https:\/\/www.vetorino.com\/veterinaire\/confolens-16500\/boutique\/wp-json\/wp\/v2\/product"}],"about":[{"href":"https:\/\/www.vetorino.com\/veterinaire\/confolens-16500\/boutique\/wp-json\/wp\/v2\/types\/product"}],"wp:featuredmedia":[{"embeddable":true,"href":"https:\/\/www.vetorino.com\/veterinaire\/confolens-16500\/boutique\/wp-json\/wp\/v2\/media\/91465"}],"wp:attachment":[{"href":"https:\/\/www.vetorino.com\/veterinaire\/confolens-16500\/boutique\/wp-json\/wp\/v2\/media?parent=91466"}],"wp:term":[{"taxonomy":"product_cat","embeddable":true,"href":"https:\/\/www.vetorino.com\/veterinaire\/confolens-16500\/boutique\/wp-json\/wp\/v2\/product_cat?post=91466"},{"taxonomy":"product_tag","embeddable":true,"href":"https:\/\/www.vetorino.com\/veterinaire\/confolens-16500\/boutique\/wp-json\/wp\/v2\/product_tag?post=91466"}],"curies":[{"name":"wp","href":"https:\/\/api.w.org\/{rel}","templated":true}]}}