{"id":91625,"date":"2020-06-26T14:21:26","date_gmt":"2020-06-26T12:21:26","guid":{"rendered":"https:\/\/www.vetorino.com\/boutique\/product\/calci-lact\/"},"modified":"2026-03-28T02:42:09","modified_gmt":"2026-03-28T01:42:09","slug":"calci-lact","status":"publish","type":"product","link":"https:\/\/www.vetorino.com\/veterinaire\/confolens-16500\/boutique\/product\/calci-lact\/","title":{"rendered":"Calci Lact"},"content":{"rendered":"<div class=\"texte_bloc\">\n<p><strong>Gel homog\u00e8ne \u00e0 base de calcium et magn\u00e9sium pour la gestion des fi\u00e8vres vitulaires.<\/strong><\/p>\n<p>Calci Lact est formul\u00e9 selon les recommandations en vigueur.<br \/>\nIl apporte une quantit\u00e9 importante de calcium (100g\/L, s\/f de formiate) <strong>hautement assimilable<\/strong> et du magn\u00e9sium qui optimise la mobilisation du calcium osseux par un meilleur fonctionnement de la parathormone.<\/p>\n<p>Calci Lact se pr\u00e9sente sous la forme d&#8217;un gel homog\u00e8ne. Cette gal\u00e9nique<strong> limite les risques de fausse d\u00e9glutition<\/strong>.<\/p>\n<\/div>\n<div class=\"texte_bloc\"><strong>Mode d&#8217;emploi :<\/strong><\/div>\n<div>\n<div class=\"texte_bloc\">\n<p><em>En traitement d&#8217;une fi\u00e8vre de lait, Calci Lact est recommand\u00e9 en compl\u00e9ment d&#8217;une perfusion de calcium :<\/em><\/p>\n<ul>\n<li><em>500 mL par voie orale 1 \u00e0 3 heures apr\u00e8s la perfusion,<\/em><\/li>\n<li><em>puis 500 mL, toutes les 12 heures,<\/em><\/li>\n<li><em>2 \u00e0 3 fois pour limiter les rechutes.<\/em><\/li>\n<\/ul>\n<p><em>En usage pr\u00e9ventif pour limiter l&#8217;incidence des cas d&#8217;hypocalc\u00e9mie clinique et subclinique, il est recommand\u00e9 d&#8217;administrer par voie orale 500 mL de Calci Lact juste apr\u00e8s la mise-bas ou lors de part languissant puis 500 mL toutes les 12 heures, 3 fois.<\/em><\/p>\n<\/div>\n<\/div>\n","protected":false},"excerpt":{"rendered":"<p><strong>Gel homog\u00e8ne \u00e0 base de calcium et magn\u00e9sium pour la gestion des fi\u00e8vres vitulaires.<\/strong><\/p>\n<p>Calci Lact est formul\u00e9 selon les recommandations en vigueur.<br \/>\nIl apporte une quantit\u00e9 importante de calcium (100g\/L, s\/f de formiate) <strong>hautement assimilable<\/strong> et du magn\u00e9sium qui optimise la mobilisation du calcium osseux par un meilleur fonctionnement de la parathormone.<\/p>\n<p>Calci Lact se pr\u00e9sente sous la forme d&#8217;un gel homog\u00e8ne. Cette gal\u00e9nique<strong> limite les risques de fausse d\u00e9glutition<\/strong>.<\/p>\n","protected":false},"featured_media":1436541,"template":"","meta":[],"product_cat":[6864,6870],"product_tag":[],"class_list":{"0":"post-91625","1":"product","2":"type-product","3":"status-publish","4":"has-post-thumbnail","6":"product_cat-animaux-delevage","7":"product_cat-bovins","8":"pa_marque-savetis","10":"first","11":"instock","12":"taxable","13":"shipping-taxable","14":"purchasable","15":"product-type-variable"},"yoast_head":"<!-- This site is optimized with the Yoast SEO plugin v27.3 - https:\/\/yoast.com\/product\/yoast-seo-wordpress\/ -->\n<title>Calci Lact Savetis - V\u00e9torino<\/title>\n<meta name=\"description\" content=\"Gel homog\u00e8ne \u00e0 base de calcium et magn\u00e9sium pour la gestion des fi\u00e8vres vitulaires.  Calci Lact est formul\u00e9 selon les recommandations en vigueur. Il apporte une quantit\u00e9 importante de calcium (100g\/L, s\/f de formiate) hautement assimilable et du magn\u00e9sium qui optimise la mobilisation du calcium osseux par un meilleur fonctionnement de la parathormone.  Calci Lact se pr\u00e9sente sous la forme d&#039;un gel homog\u00e8ne. Cette gal\u00e9nique limite les risques de fausse d\u00e9glutition.\" \/>\n<meta name=\"robots\" content=\"noindex, nofollow\" \/>\n<meta property=\"og:locale\" content=\"fr_FR\" \/>\n<meta property=\"og:type\" content=\"article\" \/>\n<meta property=\"og:title\" content=\"Calci Lact Savetis - V\u00e9torino\" \/>\n<meta property=\"og:description\" content=\"Gel homog\u00e8ne \u00e0 base de calcium et magn\u00e9sium pour la gestion des fi\u00e8vres vitulaires.  Calci Lact est formul\u00e9 selon les recommandations en vigueur. Il apporte une quantit\u00e9 importante de calcium (100g\/L, s\/f de formiate) hautement assimilable et du magn\u00e9sium qui optimise la mobilisation du calcium osseux par un meilleur fonctionnement de la parathormone.  Calci Lact se pr\u00e9sente sous la forme d&#039;un gel homog\u00e8ne. Cette gal\u00e9nique limite les risques de fausse d\u00e9glutition.\" \/>\n<meta property=\"og:url\" content=\"https:\/\/www.vetorino.com\/veterinaire\/confolens-16500\/boutique\/product\/calci-lact\/\" \/>\n<meta property=\"og:site_name\" content=\"V\u00e9torino\" \/>\n<meta property=\"article:publisher\" content=\"https:\/\/www.facebook.com\/Vetorino\/\" \/>\n<meta property=\"article:modified_time\" content=\"2026-03-28T01:42:09+00:00\" \/>\n<meta property=\"og:image\" content=\"https:\/\/www.vetorino.com\/boutique\/wp-content\/uploads\/2020\/06\/calcilact.jpg\" \/>\n\t<meta property=\"og:image:width\" content=\"800\" \/>\n\t<meta property=\"og:image:height\" content=\"651\" \/>\n\t<meta property=\"og:image:type\" content=\"image\/jpeg\" \/>\n<meta name=\"twitter:card\" content=\"summary_large_image\" \/>\n<meta name=\"twitter:label1\" content=\"Disponibilit\u00e9\" \/>\n\t<meta name=\"twitter:data1\" content=\"En stock\" \/>\n<script type=\"application\/ld+json\" class=\"yoast-schema-graph\">{\"@context\":\"https:\\\/\\\/schema.org\",\"@graph\":[{\"@type\":\"WebPage\",\"@id\":\"https:\\\/\\\/www.vetorino.com\\\/boutique\\\/product\\\/calci-lact\\\/\",\"url\":\"https:\\\/\\\/www.vetorino.com\\\/boutique\\\/product\\\/calci-lact\\\/\",\"name\":\"Calci Lact Savetis - V\u00e9torino\",\"isPartOf\":{\"@id\":\"https:\\\/\\\/www.vetorino.com\\\/boutique\\\/#website\"},\"primaryImageOfPage\":{\"@id\":\"https:\\\/\\\/www.vetorino.com\\\/boutique\\\/product\\\/calci-lact\\\/#primaryimage\"},\"image\":{\"@id\":\"https:\\\/\\\/www.vetorino.com\\\/boutique\\\/product\\\/calci-lact\\\/#primaryimage\"},\"thumbnailUrl\":\"https:\\\/\\\/www.vetorino.com\\\/boutique\\\/wp-content\\\/uploads\\\/2020\\\/06\\\/calcilact.jpg\",\"datePublished\":\"2020-06-26T12:21:26+00:00\",\"dateModified\":\"2026-03-28T01:42:09+00:00\",\"description\":\"Gel homog\u00e8ne \u00e0 base de calcium et magn\u00e9sium pour la gestion des fi\u00e8vres vitulaires. Calci Lact est formul\u00e9 selon les recommandations en vigueur. Il apporte une quantit\u00e9 importante de calcium (100g\\\/L, s\\\/f de formiate) hautement assimilable et du magn\u00e9sium qui optimise la mobilisation du calcium osseux par un meilleur fonctionnement de la parathormone. Calci Lact se pr\u00e9sente sous la forme d'un gel homog\u00e8ne. Cette gal\u00e9nique limite les risques de fausse d\u00e9glutition.\",\"breadcrumb\":{\"@id\":\"https:\\\/\\\/www.vetorino.com\\\/boutique\\\/product\\\/calci-lact\\\/#breadcrumb\"},\"inLanguage\":\"fr-FR\",\"potentialAction\":[{\"@type\":\"ReadAction\",\"target\":[\"https:\\\/\\\/www.vetorino.com\\\/boutique\\\/product\\\/calci-lact\\\/\"]}]},{\"@type\":\"ImageObject\",\"inLanguage\":\"fr-FR\",\"@id\":\"https:\\\/\\\/www.vetorino.com\\\/boutique\\\/product\\\/calci-lact\\\/#primaryimage\",\"url\":\"https:\\\/\\\/www.vetorino.com\\\/boutique\\\/wp-content\\\/uploads\\\/2020\\\/06\\\/calcilact.jpg\",\"contentUrl\":\"https:\\\/\\\/www.vetorino.com\\\/boutique\\\/wp-content\\\/uploads\\\/2020\\\/06\\\/calcilact.jpg\",\"width\":800,\"height\":651},{\"@type\":\"BreadcrumbList\",\"@id\":\"https:\\\/\\\/www.vetorino.com\\\/boutique\\\/product\\\/calci-lact\\\/#breadcrumb\",\"itemListElement\":[{\"@type\":\"ListItem\",\"position\":1,\"name\":\"Accueil\",\"item\":\"https:\\\/\\\/www.vetorino.com\\\/boutique\\\/\"},{\"@type\":\"ListItem\",\"position\":2,\"name\":\"Produits\",\"item\":\"https:\\\/\\\/www.vetorino.com\\\/boutique\\\/\"},{\"@type\":\"ListItem\",\"position\":3,\"name\":\"Calci Lact\"}]},{\"@type\":\"WebSite\",\"@id\":\"https:\\\/\\\/www.vetorino.com\\\/boutique\\\/#website\",\"url\":\"https:\\\/\\\/www.vetorino.com\\\/boutique\\\/\",\"name\":\"V\u00e9torino\",\"description\":\"\",\"publisher\":{\"@id\":\"https:\\\/\\\/www.vetorino.com\\\/boutique\\\/#organization\"},\"potentialAction\":[{\"@type\":\"SearchAction\",\"target\":{\"@type\":\"EntryPoint\",\"urlTemplate\":\"https:\\\/\\\/www.vetorino.com\\\/boutique\\\/?s={search_term_string}\"},\"query-input\":{\"@type\":\"PropertyValueSpecification\",\"valueRequired\":true,\"valueName\":\"search_term_string\"}}],\"inLanguage\":\"fr-FR\"},{\"@type\":\"Organization\",\"@id\":\"https:\\\/\\\/www.vetorino.com\\\/boutique\\\/#organization\",\"name\":\"V\u00e9torino\",\"url\":\"https:\\\/\\\/www.vetorino.com\\\/boutique\\\/\",\"logo\":{\"@type\":\"ImageObject\",\"inLanguage\":\"fr-FR\",\"@id\":\"https:\\\/\\\/www.vetorino.com\\\/boutique\\\/#\\\/schema\\\/logo\\\/image\\\/\",\"url\":\"https:\\\/\\\/www.vetorino.com\\\/boutique\\\/wp-content\\\/uploads\\\/2024\\\/10\\\/logo.jpg\",\"contentUrl\":\"https:\\\/\\\/www.vetorino.com\\\/boutique\\\/wp-content\\\/uploads\\\/2024\\\/10\\\/logo.jpg\",\"width\":1200,\"height\":610,\"caption\":\"V\u00e9torino\"},\"image\":{\"@id\":\"https:\\\/\\\/www.vetorino.com\\\/boutique\\\/#\\\/schema\\\/logo\\\/image\\\/\"},\"sameAs\":[\"https:\\\/\\\/www.facebook.com\\\/Vetorino\\\/\",\"https:\\\/\\\/www.instagram.com\\\/vetorino_off\\\/\",\"https:\\\/\\\/www.linkedin.com\\\/company\\\/vtorino\\\/\"]}]}<\/script>\n<meta property=\"product:brand\" content=\"Savetis\" \/>\n<meta property=\"og:availability\" content=\"instock\" \/>\n<meta property=\"product:availability\" content=\"instock\" \/>\n<meta property=\"product:condition\" content=\"new\" \/>\n<!-- \/ Yoast SEO plugin. -->","yoast_head_json":{"title":"Calci Lact Savetis - V\u00e9torino","description":"Gel homog\u00e8ne \u00e0 base de calcium et magn\u00e9sium pour la gestion des fi\u00e8vres vitulaires.  Calci Lact est formul\u00e9 selon les recommandations en vigueur. Il apporte une quantit\u00e9 importante de calcium (100g\/L, s\/f de formiate) hautement assimilable et du magn\u00e9sium qui optimise la mobilisation du calcium osseux par un meilleur fonctionnement de la parathormone.  Calci Lact se pr\u00e9sente sous la forme d'un gel homog\u00e8ne. Cette gal\u00e9nique limite les risques de fausse d\u00e9glutition.","robots":{"index":"noindex","follow":"nofollow"},"og_locale":"fr_FR","og_type":"article","og_title":"Calci Lact Savetis - V\u00e9torino","og_description":"Gel homog\u00e8ne \u00e0 base de calcium et magn\u00e9sium pour la gestion des fi\u00e8vres vitulaires.  Calci Lact est formul\u00e9 selon les recommandations en vigueur. Il apporte une quantit\u00e9 importante de calcium (100g\/L, s\/f de formiate) hautement assimilable et du magn\u00e9sium qui optimise la mobilisation du calcium osseux par un meilleur fonctionnement de la parathormone.  Calci Lact se pr\u00e9sente sous la forme d'un gel homog\u00e8ne. Cette gal\u00e9nique limite les risques de fausse d\u00e9glutition.","og_url":"https:\/\/www.vetorino.com\/veterinaire\/confolens-16500\/boutique\/product\/calci-lact\/","og_site_name":"V\u00e9torino","article_publisher":"https:\/\/www.facebook.com\/Vetorino\/","article_modified_time":"2026-03-28T01:42:09+00:00","og_image":[{"width":800,"height":651,"url":"https:\/\/www.vetorino.com\/boutique\/wp-content\/uploads\/2020\/06\/calcilact.jpg","type":"image\/jpeg"}],"twitter_card":"summary_large_image","twitter_misc":{"Disponibilit\u00e9":"En stock"},"schema":{"@context":"https:\/\/schema.org","@graph":[{"@type":"WebPage","@id":"https:\/\/www.vetorino.com\/boutique\/product\/calci-lact\/","url":"https:\/\/www.vetorino.com\/boutique\/product\/calci-lact\/","name":"Calci Lact Savetis - V\u00e9torino","isPartOf":{"@id":"https:\/\/www.vetorino.com\/boutique\/#website"},"primaryImageOfPage":{"@id":"https:\/\/www.vetorino.com\/boutique\/product\/calci-lact\/#primaryimage"},"image":{"@id":"https:\/\/www.vetorino.com\/boutique\/product\/calci-lact\/#primaryimage"},"thumbnailUrl":"https:\/\/www.vetorino.com\/boutique\/wp-content\/uploads\/2020\/06\/calcilact.jpg","datePublished":"2020-06-26T12:21:26+00:00","dateModified":"2026-03-28T01:42:09+00:00","description":"Gel homog\u00e8ne \u00e0 base de calcium et magn\u00e9sium pour la gestion des fi\u00e8vres vitulaires. Calci Lact est formul\u00e9 selon les recommandations en vigueur. Il apporte une quantit\u00e9 importante de calcium (100g\/L, s\/f de formiate) hautement assimilable et du magn\u00e9sium qui optimise la mobilisation du calcium osseux par un meilleur fonctionnement de la parathormone. Calci Lact se pr\u00e9sente sous la forme d'un gel homog\u00e8ne. Cette gal\u00e9nique limite les risques de fausse d\u00e9glutition.","breadcrumb":{"@id":"https:\/\/www.vetorino.com\/boutique\/product\/calci-lact\/#breadcrumb"},"inLanguage":"fr-FR","potentialAction":[{"@type":"ReadAction","target":["https:\/\/www.vetorino.com\/boutique\/product\/calci-lact\/"]}]},{"@type":"ImageObject","inLanguage":"fr-FR","@id":"https:\/\/www.vetorino.com\/boutique\/product\/calci-lact\/#primaryimage","url":"https:\/\/www.vetorino.com\/boutique\/wp-content\/uploads\/2020\/06\/calcilact.jpg","contentUrl":"https:\/\/www.vetorino.com\/boutique\/wp-content\/uploads\/2020\/06\/calcilact.jpg","width":800,"height":651},{"@type":"BreadcrumbList","@id":"https:\/\/www.vetorino.com\/boutique\/product\/calci-lact\/#breadcrumb","itemListElement":[{"@type":"ListItem","position":1,"name":"Accueil","item":"https:\/\/www.vetorino.com\/boutique\/"},{"@type":"ListItem","position":2,"name":"Produits","item":"https:\/\/www.vetorino.com\/boutique\/"},{"@type":"ListItem","position":3,"name":"Calci Lact"}]},{"@type":"WebSite","@id":"https:\/\/www.vetorino.com\/boutique\/#website","url":"https:\/\/www.vetorino.com\/boutique\/","name":"V\u00e9torino","description":"","publisher":{"@id":"https:\/\/www.vetorino.com\/boutique\/#organization"},"potentialAction":[{"@type":"SearchAction","target":{"@type":"EntryPoint","urlTemplate":"https:\/\/www.vetorino.com\/boutique\/?s={search_term_string}"},"query-input":{"@type":"PropertyValueSpecification","valueRequired":true,"valueName":"search_term_string"}}],"inLanguage":"fr-FR"},{"@type":"Organization","@id":"https:\/\/www.vetorino.com\/boutique\/#organization","name":"V\u00e9torino","url":"https:\/\/www.vetorino.com\/boutique\/","logo":{"@type":"ImageObject","inLanguage":"fr-FR","@id":"https:\/\/www.vetorino.com\/boutique\/#\/schema\/logo\/image\/","url":"https:\/\/www.vetorino.com\/boutique\/wp-content\/uploads\/2024\/10\/logo.jpg","contentUrl":"https:\/\/www.vetorino.com\/boutique\/wp-content\/uploads\/2024\/10\/logo.jpg","width":1200,"height":610,"caption":"V\u00e9torino"},"image":{"@id":"https:\/\/www.vetorino.com\/boutique\/#\/schema\/logo\/image\/"},"sameAs":["https:\/\/www.facebook.com\/Vetorino\/","https:\/\/www.instagram.com\/vetorino_off\/","https:\/\/www.linkedin.com\/company\/vtorino\/"]}]},"product_brand":"Savetis","og_availability":"instock","product_availability":"instock","product_condition":"new"},"_links":{"self":[{"href":"https:\/\/www.vetorino.com\/veterinaire\/confolens-16500\/boutique\/wp-json\/wp\/v2\/product\/91625","targetHints":{"allow":["GET"]}}],"collection":[{"href":"https:\/\/www.vetorino.com\/veterinaire\/confolens-16500\/boutique\/wp-json\/wp\/v2\/product"}],"about":[{"href":"https:\/\/www.vetorino.com\/veterinaire\/confolens-16500\/boutique\/wp-json\/wp\/v2\/types\/product"}],"wp:featuredmedia":[{"embeddable":true,"href":"https:\/\/www.vetorino.com\/veterinaire\/confolens-16500\/boutique\/wp-json\/wp\/v2\/media\/1436541"}],"wp:attachment":[{"href":"https:\/\/www.vetorino.com\/veterinaire\/confolens-16500\/boutique\/wp-json\/wp\/v2\/media?parent=91625"}],"wp:term":[{"taxonomy":"product_cat","embeddable":true,"href":"https:\/\/www.vetorino.com\/veterinaire\/confolens-16500\/boutique\/wp-json\/wp\/v2\/product_cat?post=91625"},{"taxonomy":"product_tag","embeddable":true,"href":"https:\/\/www.vetorino.com\/veterinaire\/confolens-16500\/boutique\/wp-json\/wp\/v2\/product_tag?post=91625"}],"curies":[{"name":"wp","href":"https:\/\/api.w.org\/{rel}","templated":true}]}}