{"id":92211,"date":"2020-06-26T14:55:35","date_gmt":"2020-06-26T12:55:35","guid":{"rendered":"https:\/\/www.vetorino.com\/boutique\/product\/ceinture-canicross\/"},"modified":"2025-12-11T02:42:22","modified_gmt":"2025-12-11T01:42:22","slug":"ceinture-canicross","status":"publish","type":"product","link":"https:\/\/www.vetorino.com\/veterinaire\/confolens-16500\/boutique\/product\/ceinture-canicross\/","title":{"rendered":"Ceinture Trixie Canicross"},"content":{"rendered":"<div class=\"hidden\">MATERIEL<\/div>\n<div class=\"hidden\">Chiens<\/div>\n<p>Ensemble en nylon tr\u00e8s r\u00e9sistant pour le jogging, la marche&#8230;<br \/>\nLe syst\u00e8me sp\u00e9cial de laisse r\u00e9partit l&#8217;effort de traction du chien sur le marcheur, les tractions soudaines sont att\u00e9nu\u00e9es par la laisse extensible, plus de libert\u00e9 de mouvement avec les mains libres.<br \/>\nConfortable \u00e0 porter gr\u00e2ce \u00e0 la doublure n\u00e9opr\u00e8ne, anneau 2 D pour attacher sachets ou cl\u00e9s, bandes et rebords r\u00e9fl\u00e9chissants pour plus de s\u00e9curit\u00e9, d\u00e9clenchement rapide gr\u00e2ce au mousqueton, laisse avec poign\u00e9e, devient alors une laisse normale.<br \/>\nNB : pour courir avec deux chiens, il est conseill\u00e9 d&#8217;ajouter un accouple reliant les 2 chiens \u00e0 la laisse plut\u00f4t que d&#8217;ajouter une deuxi\u00e8me laisse. Elle permet de garder les 2 chiens relativement proches et \u00e9vite ainsi que les chiens ne partent chacun dans tous les sens, ce qui pourrait causer un accident.<\/p>\n","protected":false},"excerpt":{"rendered":"<p>Le jogging et le cyclisme sont encore plus plaisants accompagn\u00e9s de votre chien \u00e0 vos c\u00f4t\u00e9s : la gamme de produits TRIXIE propose des solutions pratiques et adapt\u00e9es comme le kit complet compos\u00e9 de la ceinture ventrale et de sa laisse.<\/p>\n","protected":false},"featured_media":633832,"template":"","meta":[],"product_cat":[2698,2777],"product_tag":[],"class_list":{"0":"post-92211","1":"product","2":"type-product","3":"status-publish","4":"has-post-thumbnail","6":"product_cat-chien","7":"product_cat-colliers-laisses-et-harnais-pour-chien","8":"pa_marque-trixie","10":"first","11":"instock","12":"taxable","13":"shipping-taxable","14":"purchasable","15":"product-type-simple"},"yoast_head":"<!-- This site is optimized with the Yoast SEO plugin v27.3 - https:\/\/yoast.com\/product\/yoast-seo-wordpress\/ -->\n<title>Ceinture Trixie Canicross Trixie - V\u00e9torino<\/title>\n<meta name=\"description\" content=\"Le jogging et le cyclisme sont encore plus plaisants accompagn\u00e9s de votre chien \u00e0 vos c\u00f4t\u00e9s : la gamme de produits TRIXIE propose des solutions pratiques et adapt\u00e9es comme le kit complet compos\u00e9 de la ceinture ventrale et de sa laisse.\" \/>\n<meta name=\"robots\" content=\"noindex, nofollow\" \/>\n<meta property=\"og:locale\" content=\"fr_FR\" \/>\n<meta property=\"og:type\" content=\"article\" \/>\n<meta property=\"og:title\" content=\"Ceinture Trixie Canicross Trixie - V\u00e9torino\" \/>\n<meta property=\"og:description\" content=\"Le jogging et le cyclisme sont encore plus plaisants accompagn\u00e9s de votre chien \u00e0 vos c\u00f4t\u00e9s : la gamme de produits TRIXIE propose des solutions pratiques et adapt\u00e9es comme le kit complet compos\u00e9 de la ceinture ventrale et de sa laisse.\" \/>\n<meta property=\"og:url\" content=\"https:\/\/www.vetorino.com\/veterinaire\/confolens-16500\/boutique\/product\/ceinture-canicross\/\" \/>\n<meta property=\"og:site_name\" content=\"V\u00e9torino\" \/>\n<meta property=\"article:publisher\" content=\"https:\/\/www.facebook.com\/Vetorino\/\" \/>\n<meta property=\"article:modified_time\" content=\"2025-12-11T01:42:22+00:00\" \/>\n<meta property=\"og:image\" content=\"https:\/\/www.vetorino.com\/boutique\/wp-content\/uploads\/2020\/06\/chiens-trixie-ceinture-ventrale-canicross-avec-laisse-mini-96571203787-500x500-1.jpeg\" \/>\n\t<meta property=\"og:image:width\" content=\"500\" \/>\n\t<meta property=\"og:image:height\" content=\"500\" \/>\n\t<meta property=\"og:image:type\" content=\"image\/jpeg\" \/>\n<meta name=\"twitter:card\" content=\"summary_large_image\" \/>\n<meta name=\"twitter:label1\" content=\"Prix\" \/>\n\t<meta name=\"twitter:data1\" content=\"32,20&euro;\" \/>\n\t<meta name=\"twitter:label2\" content=\"Disponibilit\u00e9\" \/>\n\t<meta name=\"twitter:data2\" content=\"En stock\" \/>\n<script type=\"application\/ld+json\" class=\"yoast-schema-graph\">{\"@context\":\"https:\\\/\\\/schema.org\",\"@graph\":[{\"@type\":\"WebPage\",\"@id\":\"https:\\\/\\\/www.vetorino.com\\\/boutique\\\/product\\\/ceinture-canicross\\\/\",\"url\":\"https:\\\/\\\/www.vetorino.com\\\/boutique\\\/product\\\/ceinture-canicross\\\/\",\"name\":\"Ceinture Trixie Canicross Trixie - V\u00e9torino\",\"isPartOf\":{\"@id\":\"https:\\\/\\\/www.vetorino.com\\\/boutique\\\/#website\"},\"primaryImageOfPage\":{\"@id\":\"https:\\\/\\\/www.vetorino.com\\\/boutique\\\/product\\\/ceinture-canicross\\\/#primaryimage\"},\"image\":{\"@id\":\"https:\\\/\\\/www.vetorino.com\\\/boutique\\\/product\\\/ceinture-canicross\\\/#primaryimage\"},\"thumbnailUrl\":\"https:\\\/\\\/www.vetorino.com\\\/boutique\\\/wp-content\\\/uploads\\\/2020\\\/06\\\/chiens-trixie-ceinture-ventrale-canicross-avec-laisse-mini-96571203787-500x500-1.jpeg\",\"datePublished\":\"2020-06-26T12:55:35+00:00\",\"dateModified\":\"2025-12-11T01:42:22+00:00\",\"description\":\"Le jogging et le cyclisme sont encore plus plaisants accompagn\u00e9s de votre chien \u00e0 vos c\u00f4t\u00e9s : la gamme de produits TRIXIE propose des solutions pratiques et adapt\u00e9es comme le kit complet compos\u00e9 de la ceinture ventrale et de sa laisse.\",\"breadcrumb\":{\"@id\":\"https:\\\/\\\/www.vetorino.com\\\/boutique\\\/product\\\/ceinture-canicross\\\/#breadcrumb\"},\"inLanguage\":\"fr-FR\",\"potentialAction\":[{\"@type\":\"ReadAction\",\"target\":[\"https:\\\/\\\/www.vetorino.com\\\/boutique\\\/product\\\/ceinture-canicross\\\/\"]}]},{\"@type\":\"ImageObject\",\"inLanguage\":\"fr-FR\",\"@id\":\"https:\\\/\\\/www.vetorino.com\\\/boutique\\\/product\\\/ceinture-canicross\\\/#primaryimage\",\"url\":\"https:\\\/\\\/www.vetorino.com\\\/boutique\\\/wp-content\\\/uploads\\\/2020\\\/06\\\/chiens-trixie-ceinture-ventrale-canicross-avec-laisse-mini-96571203787-500x500-1.jpeg\",\"contentUrl\":\"https:\\\/\\\/www.vetorino.com\\\/boutique\\\/wp-content\\\/uploads\\\/2020\\\/06\\\/chiens-trixie-ceinture-ventrale-canicross-avec-laisse-mini-96571203787-500x500-1.jpeg\",\"width\":500,\"height\":500},{\"@type\":\"BreadcrumbList\",\"@id\":\"https:\\\/\\\/www.vetorino.com\\\/boutique\\\/product\\\/ceinture-canicross\\\/#breadcrumb\",\"itemListElement\":[{\"@type\":\"ListItem\",\"position\":1,\"name\":\"Accueil\",\"item\":\"https:\\\/\\\/www.vetorino.com\\\/boutique\\\/\"},{\"@type\":\"ListItem\",\"position\":2,\"name\":\"Produits\",\"item\":\"https:\\\/\\\/www.vetorino.com\\\/boutique\\\/\"},{\"@type\":\"ListItem\",\"position\":3,\"name\":\"Ceinture Trixie Canicross\"}]},{\"@type\":\"WebSite\",\"@id\":\"https:\\\/\\\/www.vetorino.com\\\/boutique\\\/#website\",\"url\":\"https:\\\/\\\/www.vetorino.com\\\/boutique\\\/\",\"name\":\"V\u00e9torino\",\"description\":\"\",\"publisher\":{\"@id\":\"https:\\\/\\\/www.vetorino.com\\\/boutique\\\/#organization\"},\"potentialAction\":[{\"@type\":\"SearchAction\",\"target\":{\"@type\":\"EntryPoint\",\"urlTemplate\":\"https:\\\/\\\/www.vetorino.com\\\/boutique\\\/?s={search_term_string}\"},\"query-input\":{\"@type\":\"PropertyValueSpecification\",\"valueRequired\":true,\"valueName\":\"search_term_string\"}}],\"inLanguage\":\"fr-FR\"},{\"@type\":\"Organization\",\"@id\":\"https:\\\/\\\/www.vetorino.com\\\/boutique\\\/#organization\",\"name\":\"V\u00e9torino\",\"url\":\"https:\\\/\\\/www.vetorino.com\\\/boutique\\\/\",\"logo\":{\"@type\":\"ImageObject\",\"inLanguage\":\"fr-FR\",\"@id\":\"https:\\\/\\\/www.vetorino.com\\\/boutique\\\/#\\\/schema\\\/logo\\\/image\\\/\",\"url\":\"https:\\\/\\\/www.vetorino.com\\\/boutique\\\/wp-content\\\/uploads\\\/2024\\\/10\\\/logo.jpg\",\"contentUrl\":\"https:\\\/\\\/www.vetorino.com\\\/boutique\\\/wp-content\\\/uploads\\\/2024\\\/10\\\/logo.jpg\",\"width\":1200,\"height\":610,\"caption\":\"V\u00e9torino\"},\"image\":{\"@id\":\"https:\\\/\\\/www.vetorino.com\\\/boutique\\\/#\\\/schema\\\/logo\\\/image\\\/\"},\"sameAs\":[\"https:\\\/\\\/www.facebook.com\\\/Vetorino\\\/\",\"https:\\\/\\\/www.instagram.com\\\/vetorino_off\\\/\",\"https:\\\/\\\/www.linkedin.com\\\/company\\\/vtorino\\\/\"]}]}<\/script>\n<meta property=\"product:brand\" content=\"Trixie\" \/>\n<meta property=\"product:price:amount\" content=\"32.20\" \/>\n<meta property=\"product:price:currency\" content=\"EUR\" \/>\n<meta property=\"og:availability\" content=\"instock\" \/>\n<meta property=\"product:availability\" content=\"instock\" \/>\n<meta property=\"product:retailer_item_id\" content=\"C-CEI701\" \/>\n<meta property=\"product:condition\" content=\"new\" \/>\n<!-- \/ Yoast SEO plugin. -->","yoast_head_json":{"title":"Ceinture Trixie Canicross Trixie - V\u00e9torino","description":"Le jogging et le cyclisme sont encore plus plaisants accompagn\u00e9s de votre chien \u00e0 vos c\u00f4t\u00e9s : la gamme de produits TRIXIE propose des solutions pratiques et adapt\u00e9es comme le kit complet compos\u00e9 de la ceinture ventrale et de sa laisse.","robots":{"index":"noindex","follow":"nofollow"},"og_locale":"fr_FR","og_type":"article","og_title":"Ceinture Trixie Canicross Trixie - V\u00e9torino","og_description":"Le jogging et le cyclisme sont encore plus plaisants accompagn\u00e9s de votre chien \u00e0 vos c\u00f4t\u00e9s : la gamme de produits TRIXIE propose des solutions pratiques et adapt\u00e9es comme le kit complet compos\u00e9 de la ceinture ventrale et de sa laisse.","og_url":"https:\/\/www.vetorino.com\/veterinaire\/confolens-16500\/boutique\/product\/ceinture-canicross\/","og_site_name":"V\u00e9torino","article_publisher":"https:\/\/www.facebook.com\/Vetorino\/","article_modified_time":"2025-12-11T01:42:22+00:00","og_image":[{"width":500,"height":500,"url":"https:\/\/www.vetorino.com\/boutique\/wp-content\/uploads\/2020\/06\/chiens-trixie-ceinture-ventrale-canicross-avec-laisse-mini-96571203787-500x500-1.jpeg","type":"image\/jpeg"}],"twitter_card":"summary_large_image","twitter_misc":{"Prix":"32,20&euro;","Disponibilit\u00e9":"En stock"},"schema":{"@context":"https:\/\/schema.org","@graph":[{"@type":"WebPage","@id":"https:\/\/www.vetorino.com\/boutique\/product\/ceinture-canicross\/","url":"https:\/\/www.vetorino.com\/boutique\/product\/ceinture-canicross\/","name":"Ceinture Trixie Canicross Trixie - V\u00e9torino","isPartOf":{"@id":"https:\/\/www.vetorino.com\/boutique\/#website"},"primaryImageOfPage":{"@id":"https:\/\/www.vetorino.com\/boutique\/product\/ceinture-canicross\/#primaryimage"},"image":{"@id":"https:\/\/www.vetorino.com\/boutique\/product\/ceinture-canicross\/#primaryimage"},"thumbnailUrl":"https:\/\/www.vetorino.com\/boutique\/wp-content\/uploads\/2020\/06\/chiens-trixie-ceinture-ventrale-canicross-avec-laisse-mini-96571203787-500x500-1.jpeg","datePublished":"2020-06-26T12:55:35+00:00","dateModified":"2025-12-11T01:42:22+00:00","description":"Le jogging et le cyclisme sont encore plus plaisants accompagn\u00e9s de votre chien \u00e0 vos c\u00f4t\u00e9s : la gamme de produits TRIXIE propose des solutions pratiques et adapt\u00e9es comme le kit complet compos\u00e9 de la ceinture ventrale et de sa laisse.","breadcrumb":{"@id":"https:\/\/www.vetorino.com\/boutique\/product\/ceinture-canicross\/#breadcrumb"},"inLanguage":"fr-FR","potentialAction":[{"@type":"ReadAction","target":["https:\/\/www.vetorino.com\/boutique\/product\/ceinture-canicross\/"]}]},{"@type":"ImageObject","inLanguage":"fr-FR","@id":"https:\/\/www.vetorino.com\/boutique\/product\/ceinture-canicross\/#primaryimage","url":"https:\/\/www.vetorino.com\/boutique\/wp-content\/uploads\/2020\/06\/chiens-trixie-ceinture-ventrale-canicross-avec-laisse-mini-96571203787-500x500-1.jpeg","contentUrl":"https:\/\/www.vetorino.com\/boutique\/wp-content\/uploads\/2020\/06\/chiens-trixie-ceinture-ventrale-canicross-avec-laisse-mini-96571203787-500x500-1.jpeg","width":500,"height":500},{"@type":"BreadcrumbList","@id":"https:\/\/www.vetorino.com\/boutique\/product\/ceinture-canicross\/#breadcrumb","itemListElement":[{"@type":"ListItem","position":1,"name":"Accueil","item":"https:\/\/www.vetorino.com\/boutique\/"},{"@type":"ListItem","position":2,"name":"Produits","item":"https:\/\/www.vetorino.com\/boutique\/"},{"@type":"ListItem","position":3,"name":"Ceinture Trixie Canicross"}]},{"@type":"WebSite","@id":"https:\/\/www.vetorino.com\/boutique\/#website","url":"https:\/\/www.vetorino.com\/boutique\/","name":"V\u00e9torino","description":"","publisher":{"@id":"https:\/\/www.vetorino.com\/boutique\/#organization"},"potentialAction":[{"@type":"SearchAction","target":{"@type":"EntryPoint","urlTemplate":"https:\/\/www.vetorino.com\/boutique\/?s={search_term_string}"},"query-input":{"@type":"PropertyValueSpecification","valueRequired":true,"valueName":"search_term_string"}}],"inLanguage":"fr-FR"},{"@type":"Organization","@id":"https:\/\/www.vetorino.com\/boutique\/#organization","name":"V\u00e9torino","url":"https:\/\/www.vetorino.com\/boutique\/","logo":{"@type":"ImageObject","inLanguage":"fr-FR","@id":"https:\/\/www.vetorino.com\/boutique\/#\/schema\/logo\/image\/","url":"https:\/\/www.vetorino.com\/boutique\/wp-content\/uploads\/2024\/10\/logo.jpg","contentUrl":"https:\/\/www.vetorino.com\/boutique\/wp-content\/uploads\/2024\/10\/logo.jpg","width":1200,"height":610,"caption":"V\u00e9torino"},"image":{"@id":"https:\/\/www.vetorino.com\/boutique\/#\/schema\/logo\/image\/"},"sameAs":["https:\/\/www.facebook.com\/Vetorino\/","https:\/\/www.instagram.com\/vetorino_off\/","https:\/\/www.linkedin.com\/company\/vtorino\/"]}]},"product_brand":"Trixie","product_price_amount":"32.20","product_price_currency":"EUR","og_availability":"instock","product_availability":"instock","product_retailer_item_id":"C-CEI701","product_condition":"new"},"_links":{"self":[{"href":"https:\/\/www.vetorino.com\/veterinaire\/confolens-16500\/boutique\/wp-json\/wp\/v2\/product\/92211","targetHints":{"allow":["GET"]}}],"collection":[{"href":"https:\/\/www.vetorino.com\/veterinaire\/confolens-16500\/boutique\/wp-json\/wp\/v2\/product"}],"about":[{"href":"https:\/\/www.vetorino.com\/veterinaire\/confolens-16500\/boutique\/wp-json\/wp\/v2\/types\/product"}],"wp:featuredmedia":[{"embeddable":true,"href":"https:\/\/www.vetorino.com\/veterinaire\/confolens-16500\/boutique\/wp-json\/wp\/v2\/media\/633832"}],"wp:attachment":[{"href":"https:\/\/www.vetorino.com\/veterinaire\/confolens-16500\/boutique\/wp-json\/wp\/v2\/media?parent=92211"}],"wp:term":[{"taxonomy":"product_cat","embeddable":true,"href":"https:\/\/www.vetorino.com\/veterinaire\/confolens-16500\/boutique\/wp-json\/wp\/v2\/product_cat?post=92211"},{"taxonomy":"product_tag","embeddable":true,"href":"https:\/\/www.vetorino.com\/veterinaire\/confolens-16500\/boutique\/wp-json\/wp\/v2\/product_tag?post=92211"}],"curies":[{"name":"wp","href":"https:\/\/api.w.org\/{rel}","templated":true}]}}