{"id":92265,"date":"2020-06-26T15:07:56","date_gmt":"2020-06-26T13:07:56","guid":{"rendered":"https:\/\/www.vetorino.com\/boutique\/product\/c-for-kalium\/"},"modified":"2026-02-19T09:41:40","modified_gmt":"2026-02-19T08:41:40","slug":"c-for-kalium","status":"publish","type":"product","link":"https:\/\/www.vetorino.com\/veterinaire\/confolens-16500\/boutique\/product\/c-for-kalium\/","title":{"rendered":"C For Kalium +"},"content":{"rendered":"<p>Bolus pour l<strong>a gestion du d\u00e9ficit en potassium chez la vache.<\/strong><\/p>\n<p>C For Kalium est un aliment compl\u00e9mentaire sous forme de bolus pour la gestion du d\u00e9ficit en potassium (hypokali\u00e9mie) chez la vache.<\/p>\n<p>Les vaches <strong>en d\u00e9but de lactation<\/strong> pr\u00e9sentent un bilan n\u00e9gatif en potassium, en raison de l&#8217;importance de l&#8217;utilisation du potassium pour la production laiti\u00e8re.<\/p>\n<p><em>Administrer par voie orale \u00e0 l&#8217;aide d&#8217;un lance bolus universel.<\/em><\/p>\n","protected":false},"excerpt":{"rendered":"<p>Bolus pour l<strong>a gestion du d\u00e9ficit en potassium chez la vache.<\/strong><\/p>\n<p>C For Kalium est un aliment compl\u00e9mentaire sous forme de bolus pour la gestion du d\u00e9ficit en potassium (hypokali\u00e9mie) chez la vache.<\/p>\n<p>Les vaches <strong>en d\u00e9but de lactation<\/strong> pr\u00e9sentent un bilan n\u00e9gatif en potassium, en raison de l&#8217;importance de l&#8217;utilisation du potassium pour la production laiti\u00e8re.<\/p>\n<p><em>Administrer par voie orale \u00e0 l&#8217;aide d&#8217;un lance bolus universel.<\/em><\/p>\n","protected":false},"featured_media":1432132,"template":"","meta":[],"product_cat":[6864,6870],"product_tag":[],"class_list":{"0":"post-92265","1":"product","2":"type-product","3":"status-publish","4":"has-post-thumbnail","6":"product_cat-animaux-delevage","7":"product_cat-bovins","8":"pa_marque-savetis","10":"first","11":"instock","12":"taxable","13":"shipping-taxable","14":"purchasable","15":"product-type-simple"},"yoast_head":"<!-- This site is optimized with the Yoast SEO plugin v27.3 - https:\/\/yoast.com\/product\/yoast-seo-wordpress\/ -->\n<title>C For Kalium + Savetis - V\u00e9torino<\/title>\n<meta name=\"description\" content=\"Bolus pour la gestion du d\u00e9ficit en potassium chez la vache.  C For Kalium est un aliment compl\u00e9mentaire sous forme de bolus pour la gestion du d\u00e9ficit en potassium (hypokali\u00e9mie) chez la vache.  Les vaches en d\u00e9but de lactation pr\u00e9sentent un bilan n\u00e9gatif en potassium, en raison de l&#039;importance de l&#039;utilisation du potassium pour la production laiti\u00e8re.  Administrer par voie orale \u00e0 l&#039;aide d&#039;un lance bolus universel.\" \/>\n<meta name=\"robots\" content=\"noindex, nofollow\" \/>\n<meta property=\"og:locale\" content=\"fr_FR\" \/>\n<meta property=\"og:type\" content=\"article\" \/>\n<meta property=\"og:title\" content=\"C For Kalium + Savetis - V\u00e9torino\" \/>\n<meta property=\"og:description\" content=\"Bolus pour la gestion du d\u00e9ficit en potassium chez la vache.  C For Kalium est un aliment compl\u00e9mentaire sous forme de bolus pour la gestion du d\u00e9ficit en potassium (hypokali\u00e9mie) chez la vache.  Les vaches en d\u00e9but de lactation pr\u00e9sentent un bilan n\u00e9gatif en potassium, en raison de l&#039;importance de l&#039;utilisation du potassium pour la production laiti\u00e8re.  Administrer par voie orale \u00e0 l&#039;aide d&#039;un lance bolus universel.\" \/>\n<meta property=\"og:url\" content=\"https:\/\/www.vetorino.com\/veterinaire\/confolens-16500\/boutique\/product\/c-for-kalium\/\" \/>\n<meta property=\"og:site_name\" content=\"V\u00e9torino\" \/>\n<meta property=\"article:publisher\" content=\"https:\/\/www.facebook.com\/Vetorino\/\" \/>\n<meta property=\"article:modified_time\" content=\"2026-02-19T08:41:40+00:00\" \/>\n<meta property=\"og:image\" content=\"https:\/\/www.vetorino.com\/boutique\/wp-content\/uploads\/2022\/11\/c-for-kalium-2.png\" \/>\n\t<meta property=\"og:image:width\" content=\"800\" \/>\n\t<meta property=\"og:image:height\" content=\"522\" \/>\n\t<meta property=\"og:image:type\" content=\"image\/png\" \/>\n<meta name=\"twitter:card\" content=\"summary_large_image\" \/>\n<meta name=\"twitter:label1\" content=\"Prix\" \/>\n\t<meta name=\"twitter:data1\" content=\"68,05&euro;\" \/>\n\t<meta name=\"twitter:label2\" content=\"Disponibilit\u00e9\" \/>\n\t<meta name=\"twitter:data2\" content=\"En stock\" \/>\n<script type=\"application\/ld+json\" class=\"yoast-schema-graph\">{\"@context\":\"https:\\\/\\\/schema.org\",\"@graph\":[{\"@type\":\"WebPage\",\"@id\":\"https:\\\/\\\/www.vetorino.com\\\/boutique\\\/product\\\/c-for-kalium\\\/\",\"url\":\"https:\\\/\\\/www.vetorino.com\\\/boutique\\\/product\\\/c-for-kalium\\\/\",\"name\":\"C For Kalium + Savetis - V\u00e9torino\",\"isPartOf\":{\"@id\":\"https:\\\/\\\/www.vetorino.com\\\/boutique\\\/#website\"},\"primaryImageOfPage\":{\"@id\":\"https:\\\/\\\/www.vetorino.com\\\/boutique\\\/product\\\/c-for-kalium\\\/#primaryimage\"},\"image\":{\"@id\":\"https:\\\/\\\/www.vetorino.com\\\/boutique\\\/product\\\/c-for-kalium\\\/#primaryimage\"},\"thumbnailUrl\":\"https:\\\/\\\/www.vetorino.com\\\/boutique\\\/wp-content\\\/uploads\\\/2022\\\/11\\\/c-for-kalium-2.png\",\"datePublished\":\"2020-06-26T13:07:56+00:00\",\"dateModified\":\"2026-02-19T08:41:40+00:00\",\"description\":\"Bolus pour la gestion du d\u00e9ficit en potassium chez la vache. C For Kalium est un aliment compl\u00e9mentaire sous forme de bolus pour la gestion du d\u00e9ficit en potassium (hypokali\u00e9mie) chez la vache. Les vaches en d\u00e9but de lactation pr\u00e9sentent un bilan n\u00e9gatif en potassium, en raison de l'importance de l'utilisation du potassium pour la production laiti\u00e8re. Administrer par voie orale \u00e0 l'aide d'un lance bolus universel.\",\"breadcrumb\":{\"@id\":\"https:\\\/\\\/www.vetorino.com\\\/boutique\\\/product\\\/c-for-kalium\\\/#breadcrumb\"},\"inLanguage\":\"fr-FR\",\"potentialAction\":[{\"@type\":\"ReadAction\",\"target\":[\"https:\\\/\\\/www.vetorino.com\\\/boutique\\\/product\\\/c-for-kalium\\\/\"]}]},{\"@type\":\"ImageObject\",\"inLanguage\":\"fr-FR\",\"@id\":\"https:\\\/\\\/www.vetorino.com\\\/boutique\\\/product\\\/c-for-kalium\\\/#primaryimage\",\"url\":\"https:\\\/\\\/www.vetorino.com\\\/boutique\\\/wp-content\\\/uploads\\\/2022\\\/11\\\/c-for-kalium-2.png\",\"contentUrl\":\"https:\\\/\\\/www.vetorino.com\\\/boutique\\\/wp-content\\\/uploads\\\/2022\\\/11\\\/c-for-kalium-2.png\",\"width\":800,\"height\":522},{\"@type\":\"BreadcrumbList\",\"@id\":\"https:\\\/\\\/www.vetorino.com\\\/boutique\\\/product\\\/c-for-kalium\\\/#breadcrumb\",\"itemListElement\":[{\"@type\":\"ListItem\",\"position\":1,\"name\":\"Accueil\",\"item\":\"https:\\\/\\\/www.vetorino.com\\\/boutique\\\/\"},{\"@type\":\"ListItem\",\"position\":2,\"name\":\"Produits\",\"item\":\"https:\\\/\\\/www.vetorino.com\\\/boutique\\\/\"},{\"@type\":\"ListItem\",\"position\":3,\"name\":\"C For Kalium +\"}]},{\"@type\":\"WebSite\",\"@id\":\"https:\\\/\\\/www.vetorino.com\\\/boutique\\\/#website\",\"url\":\"https:\\\/\\\/www.vetorino.com\\\/boutique\\\/\",\"name\":\"V\u00e9torino\",\"description\":\"\",\"publisher\":{\"@id\":\"https:\\\/\\\/www.vetorino.com\\\/boutique\\\/#organization\"},\"potentialAction\":[{\"@type\":\"SearchAction\",\"target\":{\"@type\":\"EntryPoint\",\"urlTemplate\":\"https:\\\/\\\/www.vetorino.com\\\/boutique\\\/?s={search_term_string}\"},\"query-input\":{\"@type\":\"PropertyValueSpecification\",\"valueRequired\":true,\"valueName\":\"search_term_string\"}}],\"inLanguage\":\"fr-FR\"},{\"@type\":\"Organization\",\"@id\":\"https:\\\/\\\/www.vetorino.com\\\/boutique\\\/#organization\",\"name\":\"V\u00e9torino\",\"url\":\"https:\\\/\\\/www.vetorino.com\\\/boutique\\\/\",\"logo\":{\"@type\":\"ImageObject\",\"inLanguage\":\"fr-FR\",\"@id\":\"https:\\\/\\\/www.vetorino.com\\\/boutique\\\/#\\\/schema\\\/logo\\\/image\\\/\",\"url\":\"https:\\\/\\\/www.vetorino.com\\\/boutique\\\/wp-content\\\/uploads\\\/2024\\\/10\\\/logo.jpg\",\"contentUrl\":\"https:\\\/\\\/www.vetorino.com\\\/boutique\\\/wp-content\\\/uploads\\\/2024\\\/10\\\/logo.jpg\",\"width\":1200,\"height\":610,\"caption\":\"V\u00e9torino\"},\"image\":{\"@id\":\"https:\\\/\\\/www.vetorino.com\\\/boutique\\\/#\\\/schema\\\/logo\\\/image\\\/\"},\"sameAs\":[\"https:\\\/\\\/www.facebook.com\\\/Vetorino\\\/\",\"https:\\\/\\\/www.instagram.com\\\/vetorino_off\\\/\",\"https:\\\/\\\/www.linkedin.com\\\/company\\\/vtorino\\\/\"]}]}<\/script>\n<meta property=\"product:brand\" content=\"Savetis\" \/>\n<meta property=\"product:price:amount\" content=\"68.05\" \/>\n<meta property=\"product:price:currency\" content=\"EUR\" \/>\n<meta property=\"og:availability\" content=\"instock\" \/>\n<meta property=\"product:availability\" content=\"instock\" \/>\n<meta property=\"product:retailer_item_id\" content=\"C-CFO011\" \/>\n<meta property=\"product:condition\" content=\"new\" \/>\n<!-- \/ Yoast SEO plugin. -->","yoast_head_json":{"title":"C For Kalium + Savetis - V\u00e9torino","description":"Bolus pour la gestion du d\u00e9ficit en potassium chez la vache.  C For Kalium est un aliment compl\u00e9mentaire sous forme de bolus pour la gestion du d\u00e9ficit en potassium (hypokali\u00e9mie) chez la vache.  Les vaches en d\u00e9but de lactation pr\u00e9sentent un bilan n\u00e9gatif en potassium, en raison de l'importance de l'utilisation du potassium pour la production laiti\u00e8re.  Administrer par voie orale \u00e0 l'aide d'un lance bolus universel.","robots":{"index":"noindex","follow":"nofollow"},"og_locale":"fr_FR","og_type":"article","og_title":"C For Kalium + Savetis - V\u00e9torino","og_description":"Bolus pour la gestion du d\u00e9ficit en potassium chez la vache.  C For Kalium est un aliment compl\u00e9mentaire sous forme de bolus pour la gestion du d\u00e9ficit en potassium (hypokali\u00e9mie) chez la vache.  Les vaches en d\u00e9but de lactation pr\u00e9sentent un bilan n\u00e9gatif en potassium, en raison de l'importance de l'utilisation du potassium pour la production laiti\u00e8re.  Administrer par voie orale \u00e0 l'aide d'un lance bolus universel.","og_url":"https:\/\/www.vetorino.com\/veterinaire\/confolens-16500\/boutique\/product\/c-for-kalium\/","og_site_name":"V\u00e9torino","article_publisher":"https:\/\/www.facebook.com\/Vetorino\/","article_modified_time":"2026-02-19T08:41:40+00:00","og_image":[{"width":800,"height":522,"url":"https:\/\/www.vetorino.com\/boutique\/wp-content\/uploads\/2022\/11\/c-for-kalium-2.png","type":"image\/png"}],"twitter_card":"summary_large_image","twitter_misc":{"Prix":"68,05&euro;","Disponibilit\u00e9":"En stock"},"schema":{"@context":"https:\/\/schema.org","@graph":[{"@type":"WebPage","@id":"https:\/\/www.vetorino.com\/boutique\/product\/c-for-kalium\/","url":"https:\/\/www.vetorino.com\/boutique\/product\/c-for-kalium\/","name":"C For Kalium + Savetis - V\u00e9torino","isPartOf":{"@id":"https:\/\/www.vetorino.com\/boutique\/#website"},"primaryImageOfPage":{"@id":"https:\/\/www.vetorino.com\/boutique\/product\/c-for-kalium\/#primaryimage"},"image":{"@id":"https:\/\/www.vetorino.com\/boutique\/product\/c-for-kalium\/#primaryimage"},"thumbnailUrl":"https:\/\/www.vetorino.com\/boutique\/wp-content\/uploads\/2022\/11\/c-for-kalium-2.png","datePublished":"2020-06-26T13:07:56+00:00","dateModified":"2026-02-19T08:41:40+00:00","description":"Bolus pour la gestion du d\u00e9ficit en potassium chez la vache. C For Kalium est un aliment compl\u00e9mentaire sous forme de bolus pour la gestion du d\u00e9ficit en potassium (hypokali\u00e9mie) chez la vache. Les vaches en d\u00e9but de lactation pr\u00e9sentent un bilan n\u00e9gatif en potassium, en raison de l'importance de l'utilisation du potassium pour la production laiti\u00e8re. Administrer par voie orale \u00e0 l'aide d'un lance bolus universel.","breadcrumb":{"@id":"https:\/\/www.vetorino.com\/boutique\/product\/c-for-kalium\/#breadcrumb"},"inLanguage":"fr-FR","potentialAction":[{"@type":"ReadAction","target":["https:\/\/www.vetorino.com\/boutique\/product\/c-for-kalium\/"]}]},{"@type":"ImageObject","inLanguage":"fr-FR","@id":"https:\/\/www.vetorino.com\/boutique\/product\/c-for-kalium\/#primaryimage","url":"https:\/\/www.vetorino.com\/boutique\/wp-content\/uploads\/2022\/11\/c-for-kalium-2.png","contentUrl":"https:\/\/www.vetorino.com\/boutique\/wp-content\/uploads\/2022\/11\/c-for-kalium-2.png","width":800,"height":522},{"@type":"BreadcrumbList","@id":"https:\/\/www.vetorino.com\/boutique\/product\/c-for-kalium\/#breadcrumb","itemListElement":[{"@type":"ListItem","position":1,"name":"Accueil","item":"https:\/\/www.vetorino.com\/boutique\/"},{"@type":"ListItem","position":2,"name":"Produits","item":"https:\/\/www.vetorino.com\/boutique\/"},{"@type":"ListItem","position":3,"name":"C For Kalium +"}]},{"@type":"WebSite","@id":"https:\/\/www.vetorino.com\/boutique\/#website","url":"https:\/\/www.vetorino.com\/boutique\/","name":"V\u00e9torino","description":"","publisher":{"@id":"https:\/\/www.vetorino.com\/boutique\/#organization"},"potentialAction":[{"@type":"SearchAction","target":{"@type":"EntryPoint","urlTemplate":"https:\/\/www.vetorino.com\/boutique\/?s={search_term_string}"},"query-input":{"@type":"PropertyValueSpecification","valueRequired":true,"valueName":"search_term_string"}}],"inLanguage":"fr-FR"},{"@type":"Organization","@id":"https:\/\/www.vetorino.com\/boutique\/#organization","name":"V\u00e9torino","url":"https:\/\/www.vetorino.com\/boutique\/","logo":{"@type":"ImageObject","inLanguage":"fr-FR","@id":"https:\/\/www.vetorino.com\/boutique\/#\/schema\/logo\/image\/","url":"https:\/\/www.vetorino.com\/boutique\/wp-content\/uploads\/2024\/10\/logo.jpg","contentUrl":"https:\/\/www.vetorino.com\/boutique\/wp-content\/uploads\/2024\/10\/logo.jpg","width":1200,"height":610,"caption":"V\u00e9torino"},"image":{"@id":"https:\/\/www.vetorino.com\/boutique\/#\/schema\/logo\/image\/"},"sameAs":["https:\/\/www.facebook.com\/Vetorino\/","https:\/\/www.instagram.com\/vetorino_off\/","https:\/\/www.linkedin.com\/company\/vtorino\/"]}]},"product_brand":"Savetis","product_price_amount":"68.05","product_price_currency":"EUR","og_availability":"instock","product_availability":"instock","product_retailer_item_id":"C-CFO011","product_condition":"new"},"_links":{"self":[{"href":"https:\/\/www.vetorino.com\/veterinaire\/confolens-16500\/boutique\/wp-json\/wp\/v2\/product\/92265","targetHints":{"allow":["GET"]}}],"collection":[{"href":"https:\/\/www.vetorino.com\/veterinaire\/confolens-16500\/boutique\/wp-json\/wp\/v2\/product"}],"about":[{"href":"https:\/\/www.vetorino.com\/veterinaire\/confolens-16500\/boutique\/wp-json\/wp\/v2\/types\/product"}],"wp:featuredmedia":[{"embeddable":true,"href":"https:\/\/www.vetorino.com\/veterinaire\/confolens-16500\/boutique\/wp-json\/wp\/v2\/media\/1432132"}],"wp:attachment":[{"href":"https:\/\/www.vetorino.com\/veterinaire\/confolens-16500\/boutique\/wp-json\/wp\/v2\/media?parent=92265"}],"wp:term":[{"taxonomy":"product_cat","embeddable":true,"href":"https:\/\/www.vetorino.com\/veterinaire\/confolens-16500\/boutique\/wp-json\/wp\/v2\/product_cat?post=92265"},{"taxonomy":"product_tag","embeddable":true,"href":"https:\/\/www.vetorino.com\/veterinaire\/confolens-16500\/boutique\/wp-json\/wp\/v2\/product_tag?post=92265"}],"curies":[{"name":"wp","href":"https:\/\/api.w.org\/{rel}","templated":true}]}}