{"id":93489,"date":"2020-06-29T12:42:09","date_gmt":"2020-06-29T10:42:09","guid":{"rendered":"https:\/\/www.vetorino.com\/boutique\/product\/collier-gps-moniteur-dactivite-kippy-evo-pour-chien-et-chat\/"},"modified":"2025-01-18T02:42:17","modified_gmt":"2025-01-18T01:42:17","slug":"collier-gps-moniteur-dactivite-kippy-evo-pour-chien-et-chat","status":"publish","type":"product","link":"https:\/\/www.vetorino.com\/veterinaire\/confolens-16500\/boutique\/product\/collier-gps-moniteur-dactivite-kippy-evo-pour-chien-et-chat\/","title":{"rendered":"GPS d&#8217;activit\u00e9 Kippy Evo pour chien et chat"},"content":{"rendered":"<p>Dispositif qui unit la localisation GPS et la surveillance des activit\u00e9s motrices, pens\u00e9 pour les animaux domestiques. Toutes les donn\u00e9es enregistr\u00e9es seront toujours disponibles, faciles \u00e0 analyser.<\/p>\n<p><strong>Fonctionnalit\u00e9s<\/strong> :<\/p>\n<ul>\n<li>Contr\u00f4ler la position de Kippy Evo directement sur le plan ou d\u00e9couvrir la distance de Kippy Evo par rapport \u00e0 sa position et la direction \u00e0 suivre pour le rejoindre, localisation toutes les 3 secondes gr\u00e2ce aux diff\u00e9rentes connexions : Wifi &#8211;\u00a0Bluetooth, LBS (t\u00e9l\u00e9phone) et GNSS (GPS).<\/li>\n<li>Localisation ultra pr\u00e9cise en ext\u00e9rieur comme en int\u00e9rieur.<\/li>\n<li>Dessiner un enclos virtuel et recevoir une notification s\u2019il sort de la zone s\u00e9lectionn\u00e9e.<\/li>\n<li>Visualiser le r\u00e9sum\u00e9 de toutes les activit\u00e9s motrices effectu\u00e9es par l\u2019animal, les analyser et faire d\u00e9filer les donn\u00e9es relatives \u00e0 chaque activit\u00e9.<\/li>\n<li>Possibilit\u00e9 de r\u00e9gler un objectif \u00e0 atteindre par l\u2019animal pour chaque activit\u00e9.<\/li>\n<li>Analyse de la qualit\u00e9 du sommeil, taux de stress.<\/li>\n<li>Envoi de notifications sur votre smartphone.<\/li>\n<li>Poss\u00e8de une lampe torche qui peut \u00eatre activ\u00e9e via le smartphone pour plus de s\u00e9curit\u00e9.<\/li>\n<\/ul>\n<p><strong>Caract\u00e9ristiques<\/strong> :<\/p>\n<ul>\n<li>R\u00e9sistant et waterproof IP67 (peut supporter une immersion jusqu&#8217;\u00e0 1 m durant 30 mn).<\/li>\n<li>Rechargeable (autonomie jusqu\u2019\u00e0 10 jours).<\/li>\n<li>Couverture : Europe, Turquie, Inde et Afrique du Sud. Garantie : 2 ans.<\/li>\n<\/ul>\n<p>T\u00e9l\u00e9chargez gratuitement l\u2019App Kippy sur Google Play et App Store.<br \/>\nLe pack contient : balise Kippy Evo, bande avec attache en scratch, chargeur compos\u00e9 d\u2019un c\u00e2ble micro USB et transformateur, manuel d\u2019instruction.<br \/>\nFonctionne avec abonnement, recharges disponibles sur <a href=\"https:\/\/www.kippy.eu\/fr-fr\/service-kippy\"><span style=\"color: #0066cc;\">https:\/\/www.kippy.eu\/fr-fr\/service-kippy<\/span><\/a> : abonnement mensuel, ou tous les 1 ou 2 ans.<\/p>\n","protected":false},"excerpt":{"rendered":"<p><strong> Kippy<\/strong> est le premier appareil combinant le suivi GPS en temps r\u00e9el et la surveillance de l&#8217;activit\u00e9 motrice. Une technologie acquise en 5 ann\u00e9es d\u2019\u00e9tudes, con\u00e7ue et r\u00e9alis\u00e9e pour les amis des amis \u00e0 4 pattes.<\/p>\n","protected":false},"featured_media":794767,"template":"","meta":[],"product_cat":[12548,12550,2697,2698],"product_tag":[],"class_list":{"0":"post-93489","1":"product","2":"type-product","3":"status-publish","4":"has-post-thumbnail","6":"product_cat-accessoire-du-chat","7":"product_cat-accessoires-du-chien","8":"product_cat-chat","9":"product_cat-chien","10":"pa_marque-materiel","12":"first","13":"outofstock","14":"taxable","15":"shipping-taxable","16":"purchasable","17":"product-type-simple"},"yoast_head":"<!-- This site is optimized with the Yoast SEO plugin v27.3 - https:\/\/yoast.com\/product\/yoast-seo-wordpress\/ -->\n<title>GPS d&#039;activit\u00e9 Kippy Evo pour chien et chat Mat\u00e9riel - V\u00e9torino<\/title>\n<meta name=\"description\" content=\"Kippy est le premier appareil combinant le suivi GPS en temps r\u00e9el et la surveillance de l&#039;activit\u00e9 motrice. Une technologie acquise en 5 ann\u00e9es d\u2019\u00e9tudes, con\u00e7ue et r\u00e9alis\u00e9e pour les amis des amis \u00e0 4 pattes.\" \/>\n<meta name=\"robots\" content=\"noindex, nofollow\" \/>\n<meta property=\"og:locale\" content=\"fr_FR\" \/>\n<meta property=\"og:type\" content=\"article\" \/>\n<meta property=\"og:title\" content=\"GPS d&#039;activit\u00e9 Kippy Evo pour chien et chat Mat\u00e9riel - V\u00e9torino\" \/>\n<meta property=\"og:description\" content=\"Kippy est le premier appareil combinant le suivi GPS en temps r\u00e9el et la surveillance de l&#039;activit\u00e9 motrice. Une technologie acquise en 5 ann\u00e9es d\u2019\u00e9tudes, con\u00e7ue et r\u00e9alis\u00e9e pour les amis des amis \u00e0 4 pattes.\" \/>\n<meta property=\"og:url\" content=\"https:\/\/www.vetorino.com\/veterinaire\/confolens-16500\/boutique\/product\/collier-gps-moniteur-dactivite-kippy-evo-pour-chien-et-chat\/\" \/>\n<meta property=\"og:site_name\" content=\"V\u00e9torino\" \/>\n<meta property=\"article:publisher\" content=\"https:\/\/www.facebook.com\/Vetorino\/\" \/>\n<meta property=\"article:modified_time\" content=\"2025-01-18T01:42:17+00:00\" \/>\n<meta property=\"og:image\" content=\"https:\/\/www.vetorino.com\/boutique\/wp-content\/uploads\/2020\/06\/boitier-gps-kippy-evo-5-coloris.png\" \/>\n\t<meta property=\"og:image:width\" content=\"1000\" \/>\n\t<meta property=\"og:image:height\" content=\"1000\" \/>\n\t<meta property=\"og:image:type\" content=\"image\/png\" \/>\n<meta name=\"twitter:card\" content=\"summary_large_image\" \/>\n<meta name=\"twitter:label1\" content=\"Prix\" \/>\n\t<meta name=\"twitter:data1\" content=\"49,54&euro;\" \/>\n\t<meta name=\"twitter:label2\" content=\"Disponibilit\u00e9\" \/>\n\t<meta name=\"twitter:data2\" content=\"Rupture de stock\" \/>\n<script type=\"application\/ld+json\" class=\"yoast-schema-graph\">{\"@context\":\"https:\\\/\\\/schema.org\",\"@graph\":[{\"@type\":\"WebPage\",\"@id\":\"https:\\\/\\\/www.vetorino.com\\\/boutique\\\/product\\\/collier-gps-moniteur-dactivite-kippy-evo-pour-chien-et-chat\\\/\",\"url\":\"https:\\\/\\\/www.vetorino.com\\\/boutique\\\/product\\\/collier-gps-moniteur-dactivite-kippy-evo-pour-chien-et-chat\\\/\",\"name\":\"GPS d'activit\u00e9 Kippy Evo pour chien et chat Mat\u00e9riel - V\u00e9torino\",\"isPartOf\":{\"@id\":\"https:\\\/\\\/www.vetorino.com\\\/boutique\\\/#website\"},\"primaryImageOfPage\":{\"@id\":\"https:\\\/\\\/www.vetorino.com\\\/boutique\\\/product\\\/collier-gps-moniteur-dactivite-kippy-evo-pour-chien-et-chat\\\/#primaryimage\"},\"image\":{\"@id\":\"https:\\\/\\\/www.vetorino.com\\\/boutique\\\/product\\\/collier-gps-moniteur-dactivite-kippy-evo-pour-chien-et-chat\\\/#primaryimage\"},\"thumbnailUrl\":\"https:\\\/\\\/www.vetorino.com\\\/boutique\\\/wp-content\\\/uploads\\\/2020\\\/06\\\/boitier-gps-kippy-evo-5-coloris.png\",\"datePublished\":\"2020-06-29T10:42:09+00:00\",\"dateModified\":\"2025-01-18T01:42:17+00:00\",\"description\":\"Kippy est le premier appareil combinant le suivi GPS en temps r\u00e9el et la surveillance de l'activit\u00e9 motrice. Une technologie acquise en 5 ann\u00e9es d\u2019\u00e9tudes, con\u00e7ue et r\u00e9alis\u00e9e pour les amis des amis \u00e0 4 pattes.\",\"breadcrumb\":{\"@id\":\"https:\\\/\\\/www.vetorino.com\\\/boutique\\\/product\\\/collier-gps-moniteur-dactivite-kippy-evo-pour-chien-et-chat\\\/#breadcrumb\"},\"inLanguage\":\"fr-FR\",\"potentialAction\":[{\"@type\":\"ReadAction\",\"target\":[\"https:\\\/\\\/www.vetorino.com\\\/boutique\\\/product\\\/collier-gps-moniteur-dactivite-kippy-evo-pour-chien-et-chat\\\/\"]}]},{\"@type\":\"ImageObject\",\"inLanguage\":\"fr-FR\",\"@id\":\"https:\\\/\\\/www.vetorino.com\\\/boutique\\\/product\\\/collier-gps-moniteur-dactivite-kippy-evo-pour-chien-et-chat\\\/#primaryimage\",\"url\":\"https:\\\/\\\/www.vetorino.com\\\/boutique\\\/wp-content\\\/uploads\\\/2020\\\/06\\\/boitier-gps-kippy-evo-5-coloris.png\",\"contentUrl\":\"https:\\\/\\\/www.vetorino.com\\\/boutique\\\/wp-content\\\/uploads\\\/2020\\\/06\\\/boitier-gps-kippy-evo-5-coloris.png\",\"width\":1000,\"height\":1000},{\"@type\":\"BreadcrumbList\",\"@id\":\"https:\\\/\\\/www.vetorino.com\\\/boutique\\\/product\\\/collier-gps-moniteur-dactivite-kippy-evo-pour-chien-et-chat\\\/#breadcrumb\",\"itemListElement\":[{\"@type\":\"ListItem\",\"position\":1,\"name\":\"Accueil\",\"item\":\"https:\\\/\\\/www.vetorino.com\\\/boutique\\\/\"},{\"@type\":\"ListItem\",\"position\":2,\"name\":\"Produits\",\"item\":\"https:\\\/\\\/www.vetorino.com\\\/boutique\\\/\"},{\"@type\":\"ListItem\",\"position\":3,\"name\":\"GPS d&#8217;activit\u00e9 Kippy Evo pour chien et chat\"}]},{\"@type\":\"WebSite\",\"@id\":\"https:\\\/\\\/www.vetorino.com\\\/boutique\\\/#website\",\"url\":\"https:\\\/\\\/www.vetorino.com\\\/boutique\\\/\",\"name\":\"V\u00e9torino\",\"description\":\"\",\"publisher\":{\"@id\":\"https:\\\/\\\/www.vetorino.com\\\/boutique\\\/#organization\"},\"potentialAction\":[{\"@type\":\"SearchAction\",\"target\":{\"@type\":\"EntryPoint\",\"urlTemplate\":\"https:\\\/\\\/www.vetorino.com\\\/boutique\\\/?s={search_term_string}\"},\"query-input\":{\"@type\":\"PropertyValueSpecification\",\"valueRequired\":true,\"valueName\":\"search_term_string\"}}],\"inLanguage\":\"fr-FR\"},{\"@type\":\"Organization\",\"@id\":\"https:\\\/\\\/www.vetorino.com\\\/boutique\\\/#organization\",\"name\":\"V\u00e9torino\",\"url\":\"https:\\\/\\\/www.vetorino.com\\\/boutique\\\/\",\"logo\":{\"@type\":\"ImageObject\",\"inLanguage\":\"fr-FR\",\"@id\":\"https:\\\/\\\/www.vetorino.com\\\/boutique\\\/#\\\/schema\\\/logo\\\/image\\\/\",\"url\":\"https:\\\/\\\/www.vetorino.com\\\/boutique\\\/wp-content\\\/uploads\\\/2024\\\/10\\\/logo.jpg\",\"contentUrl\":\"https:\\\/\\\/www.vetorino.com\\\/boutique\\\/wp-content\\\/uploads\\\/2024\\\/10\\\/logo.jpg\",\"width\":1200,\"height\":610,\"caption\":\"V\u00e9torino\"},\"image\":{\"@id\":\"https:\\\/\\\/www.vetorino.com\\\/boutique\\\/#\\\/schema\\\/logo\\\/image\\\/\"},\"sameAs\":[\"https:\\\/\\\/www.facebook.com\\\/Vetorino\\\/\",\"https:\\\/\\\/www.instagram.com\\\/vetorino_off\\\/\",\"https:\\\/\\\/www.linkedin.com\\\/company\\\/vtorino\\\/\"]}]}<\/script>\n<meta property=\"product:brand\" content=\"Mat\u00e9riel\" \/>\n<meta property=\"product:price:amount\" content=\"49.54\" \/>\n<meta property=\"product:price:currency\" content=\"EUR\" \/>\n<meta property=\"og:availability\" content=\"out of stock\" \/>\n<meta property=\"product:availability\" content=\"out of stock\" \/>\n<meta property=\"product:retailer_item_id\" content=\"C-COL051\" \/>\n<meta property=\"product:condition\" content=\"new\" \/>\n<!-- \/ Yoast SEO plugin. -->","yoast_head_json":{"title":"GPS d'activit\u00e9 Kippy Evo pour chien et chat Mat\u00e9riel - V\u00e9torino","description":"Kippy est le premier appareil combinant le suivi GPS en temps r\u00e9el et la surveillance de l'activit\u00e9 motrice. Une technologie acquise en 5 ann\u00e9es d\u2019\u00e9tudes, con\u00e7ue et r\u00e9alis\u00e9e pour les amis des amis \u00e0 4 pattes.","robots":{"index":"noindex","follow":"nofollow"},"og_locale":"fr_FR","og_type":"article","og_title":"GPS d'activit\u00e9 Kippy Evo pour chien et chat Mat\u00e9riel - V\u00e9torino","og_description":"Kippy est le premier appareil combinant le suivi GPS en temps r\u00e9el et la surveillance de l'activit\u00e9 motrice. Une technologie acquise en 5 ann\u00e9es d\u2019\u00e9tudes, con\u00e7ue et r\u00e9alis\u00e9e pour les amis des amis \u00e0 4 pattes.","og_url":"https:\/\/www.vetorino.com\/veterinaire\/confolens-16500\/boutique\/product\/collier-gps-moniteur-dactivite-kippy-evo-pour-chien-et-chat\/","og_site_name":"V\u00e9torino","article_publisher":"https:\/\/www.facebook.com\/Vetorino\/","article_modified_time":"2025-01-18T01:42:17+00:00","og_image":[{"width":1000,"height":1000,"url":"https:\/\/www.vetorino.com\/boutique\/wp-content\/uploads\/2020\/06\/boitier-gps-kippy-evo-5-coloris.png","type":"image\/png"}],"twitter_card":"summary_large_image","twitter_misc":{"Prix":"49,54&euro;","Disponibilit\u00e9":"Rupture de stock"},"schema":{"@context":"https:\/\/schema.org","@graph":[{"@type":"WebPage","@id":"https:\/\/www.vetorino.com\/boutique\/product\/collier-gps-moniteur-dactivite-kippy-evo-pour-chien-et-chat\/","url":"https:\/\/www.vetorino.com\/boutique\/product\/collier-gps-moniteur-dactivite-kippy-evo-pour-chien-et-chat\/","name":"GPS d'activit\u00e9 Kippy Evo pour chien et chat Mat\u00e9riel - V\u00e9torino","isPartOf":{"@id":"https:\/\/www.vetorino.com\/boutique\/#website"},"primaryImageOfPage":{"@id":"https:\/\/www.vetorino.com\/boutique\/product\/collier-gps-moniteur-dactivite-kippy-evo-pour-chien-et-chat\/#primaryimage"},"image":{"@id":"https:\/\/www.vetorino.com\/boutique\/product\/collier-gps-moniteur-dactivite-kippy-evo-pour-chien-et-chat\/#primaryimage"},"thumbnailUrl":"https:\/\/www.vetorino.com\/boutique\/wp-content\/uploads\/2020\/06\/boitier-gps-kippy-evo-5-coloris.png","datePublished":"2020-06-29T10:42:09+00:00","dateModified":"2025-01-18T01:42:17+00:00","description":"Kippy est le premier appareil combinant le suivi GPS en temps r\u00e9el et la surveillance de l'activit\u00e9 motrice. Une technologie acquise en 5 ann\u00e9es d\u2019\u00e9tudes, con\u00e7ue et r\u00e9alis\u00e9e pour les amis des amis \u00e0 4 pattes.","breadcrumb":{"@id":"https:\/\/www.vetorino.com\/boutique\/product\/collier-gps-moniteur-dactivite-kippy-evo-pour-chien-et-chat\/#breadcrumb"},"inLanguage":"fr-FR","potentialAction":[{"@type":"ReadAction","target":["https:\/\/www.vetorino.com\/boutique\/product\/collier-gps-moniteur-dactivite-kippy-evo-pour-chien-et-chat\/"]}]},{"@type":"ImageObject","inLanguage":"fr-FR","@id":"https:\/\/www.vetorino.com\/boutique\/product\/collier-gps-moniteur-dactivite-kippy-evo-pour-chien-et-chat\/#primaryimage","url":"https:\/\/www.vetorino.com\/boutique\/wp-content\/uploads\/2020\/06\/boitier-gps-kippy-evo-5-coloris.png","contentUrl":"https:\/\/www.vetorino.com\/boutique\/wp-content\/uploads\/2020\/06\/boitier-gps-kippy-evo-5-coloris.png","width":1000,"height":1000},{"@type":"BreadcrumbList","@id":"https:\/\/www.vetorino.com\/boutique\/product\/collier-gps-moniteur-dactivite-kippy-evo-pour-chien-et-chat\/#breadcrumb","itemListElement":[{"@type":"ListItem","position":1,"name":"Accueil","item":"https:\/\/www.vetorino.com\/boutique\/"},{"@type":"ListItem","position":2,"name":"Produits","item":"https:\/\/www.vetorino.com\/boutique\/"},{"@type":"ListItem","position":3,"name":"GPS d&#8217;activit\u00e9 Kippy Evo pour chien et chat"}]},{"@type":"WebSite","@id":"https:\/\/www.vetorino.com\/boutique\/#website","url":"https:\/\/www.vetorino.com\/boutique\/","name":"V\u00e9torino","description":"","publisher":{"@id":"https:\/\/www.vetorino.com\/boutique\/#organization"},"potentialAction":[{"@type":"SearchAction","target":{"@type":"EntryPoint","urlTemplate":"https:\/\/www.vetorino.com\/boutique\/?s={search_term_string}"},"query-input":{"@type":"PropertyValueSpecification","valueRequired":true,"valueName":"search_term_string"}}],"inLanguage":"fr-FR"},{"@type":"Organization","@id":"https:\/\/www.vetorino.com\/boutique\/#organization","name":"V\u00e9torino","url":"https:\/\/www.vetorino.com\/boutique\/","logo":{"@type":"ImageObject","inLanguage":"fr-FR","@id":"https:\/\/www.vetorino.com\/boutique\/#\/schema\/logo\/image\/","url":"https:\/\/www.vetorino.com\/boutique\/wp-content\/uploads\/2024\/10\/logo.jpg","contentUrl":"https:\/\/www.vetorino.com\/boutique\/wp-content\/uploads\/2024\/10\/logo.jpg","width":1200,"height":610,"caption":"V\u00e9torino"},"image":{"@id":"https:\/\/www.vetorino.com\/boutique\/#\/schema\/logo\/image\/"},"sameAs":["https:\/\/www.facebook.com\/Vetorino\/","https:\/\/www.instagram.com\/vetorino_off\/","https:\/\/www.linkedin.com\/company\/vtorino\/"]}]},"product_brand":"Mat\u00e9riel","product_price_amount":"49.54","product_price_currency":"EUR","og_availability":"out of stock","product_availability":"out of stock","product_retailer_item_id":"C-COL051","product_condition":"new"},"_links":{"self":[{"href":"https:\/\/www.vetorino.com\/veterinaire\/confolens-16500\/boutique\/wp-json\/wp\/v2\/product\/93489","targetHints":{"allow":["GET"]}}],"collection":[{"href":"https:\/\/www.vetorino.com\/veterinaire\/confolens-16500\/boutique\/wp-json\/wp\/v2\/product"}],"about":[{"href":"https:\/\/www.vetorino.com\/veterinaire\/confolens-16500\/boutique\/wp-json\/wp\/v2\/types\/product"}],"wp:featuredmedia":[{"embeddable":true,"href":"https:\/\/www.vetorino.com\/veterinaire\/confolens-16500\/boutique\/wp-json\/wp\/v2\/media\/794767"}],"wp:attachment":[{"href":"https:\/\/www.vetorino.com\/veterinaire\/confolens-16500\/boutique\/wp-json\/wp\/v2\/media?parent=93489"}],"wp:term":[{"taxonomy":"product_cat","embeddable":true,"href":"https:\/\/www.vetorino.com\/veterinaire\/confolens-16500\/boutique\/wp-json\/wp\/v2\/product_cat?post=93489"},{"taxonomy":"product_tag","embeddable":true,"href":"https:\/\/www.vetorino.com\/veterinaire\/confolens-16500\/boutique\/wp-json\/wp\/v2\/product_tag?post=93489"}],"curies":[{"name":"wp","href":"https:\/\/api.w.org\/{rel}","templated":true}]}}