{"id":93606,"date":"2020-06-29T12:50:39","date_gmt":"2020-06-29T10:50:39","guid":{"rendered":"https:\/\/www.vetorino.com\/boutique\/product\/colostrum-plus-pate\/"},"modified":"2025-07-18T17:58:19","modified_gmt":"2025-07-18T15:58:19","slug":"colostrum-plus-pate","status":"publish","type":"product","link":"https:\/\/www.vetorino.com\/veterinaire\/confolens-16500\/boutique\/product\/colostrum-plus-pate\/","title":{"rendered":"Colostrum Plus P\u00e2te &#8211; veau"},"content":{"rendered":"<div id=\"description\" class=\"mb-3\" data-section-name=\"description\">\n<div class=\"product-description\">\n<p><strong>Colostrum Plus en p\u00e2te<\/strong>\u00a0permet de\u00a0renforcer le syst\u00e8me immunitaire du veau nouveau-n\u00e9 en apportant tous \u00e9l\u00e9ments indispensables \u00e0 sa croissance :\u00a0\u00e9nergie, prot\u00e9ines, macro-\u00e9l\u00e9ments, oligo-\u00e9l\u00e9ments et vitamines.<\/p>\n<p>Une bonne colostro-suppl\u00e9mentation favorisera l\u2019acc\u00e8s rapide au pis de la m\u00e8re et stimulera sa <strong>r\u00e9sistance face aux maladies.<\/strong><\/p>\n<p><strong>Caract\u00e9ristiques :<\/strong><\/p>\n<ul>\n<li>Syst\u00e8me immunitaire renforc\u00e9.<\/li>\n<li>Protection intestinale.<\/li>\n<li>Vitalit\u00e9 du veau.<\/li>\n<\/ul>\n<p><strong>Ration journali\u00e8re recommand\u00e9e :<\/strong><\/p>\n<p>D\u00e8s la naissance, administrer 1 seringue de 60ml. \u00c0 renouveler si n\u00e9cessaire 6 heures apr\u00e8s.<\/p>\n<\/div>\n<\/div>\n<div class=\"product-modules-row row\">\n<div class=\"product-modules__col-12 my-3\" data-section-name=\"avis\">\n<div class=\"product-modules__item\"><\/div>\n<\/div>\n<\/div>\n","protected":false},"excerpt":{"rendered":"<p><strong>Colostrum Plus\u00a0<\/strong>apporte les \u00e9l\u00e9ments indispensables au\u00a0veau nouveau-n\u00e9<strong>\u00a0:\u00a0\u00e9nergie, prot\u00e9ines, macro-\u00e9l\u00e9ments, oligo-\u00e9l\u00e9ments et vitamines.<\/strong><\/p>\n","protected":false},"featured_media":1419190,"template":"","meta":[],"product_cat":[6864,6870],"product_tag":[],"class_list":{"0":"post-93606","1":"product","2":"type-product","3":"status-publish","4":"has-post-thumbnail","6":"product_cat-animaux-delevage","7":"product_cat-bovins","8":"pa_marque-vetalis","10":"first","11":"instock","12":"taxable","13":"shipping-taxable","14":"purchasable","15":"product-type-simple"},"yoast_head":"<!-- This site is optimized with the Yoast SEO plugin v27.3 - https:\/\/yoast.com\/product\/yoast-seo-wordpress\/ -->\n<title>Colostrum Plus P\u00e2te - veau Vetalis - V\u00e9torino<\/title>\n<meta name=\"description\" content=\"Colostrum Plus\u00a0apporte les \u00e9l\u00e9ments indispensables au\u00a0veau nouveau-n\u00e9\u00a0:\u00a0\u00e9nergie, prot\u00e9ines, macro-\u00e9l\u00e9ments, oligo-\u00e9l\u00e9ments et vitamines.\" \/>\n<meta name=\"robots\" content=\"noindex, nofollow\" \/>\n<meta property=\"og:locale\" content=\"fr_FR\" \/>\n<meta property=\"og:type\" content=\"article\" \/>\n<meta property=\"og:title\" content=\"Colostrum Plus P\u00e2te - veau Vetalis - V\u00e9torino\" \/>\n<meta property=\"og:description\" content=\"Colostrum Plus\u00a0apporte les \u00e9l\u00e9ments indispensables au\u00a0veau nouveau-n\u00e9\u00a0:\u00a0\u00e9nergie, prot\u00e9ines, macro-\u00e9l\u00e9ments, oligo-\u00e9l\u00e9ments et vitamines.\" \/>\n<meta property=\"og:url\" content=\"https:\/\/www.vetorino.com\/veterinaire\/confolens-16500\/boutique\/product\/colostrum-plus-pate\/\" \/>\n<meta property=\"og:site_name\" content=\"V\u00e9torino\" \/>\n<meta property=\"article:publisher\" content=\"https:\/\/www.facebook.com\/Vetorino\/\" \/>\n<meta property=\"article:modified_time\" content=\"2025-07-18T15:58:19+00:00\" \/>\n<meta property=\"og:image\" content=\"https:\/\/www.vetorino.com\/boutique\/wp-content\/uploads\/2021\/05\/vetalis-colostrum-plus-en-pate-pour-veau-12-seringues-60-ml.jpg\" \/>\n\t<meta property=\"og:image:width\" content=\"800\" \/>\n\t<meta property=\"og:image:height\" content=\"800\" \/>\n\t<meta property=\"og:image:type\" content=\"image\/jpeg\" \/>\n<meta name=\"twitter:card\" content=\"summary_large_image\" \/>\n<meta name=\"twitter:label1\" content=\"Prix\" \/>\n\t<meta name=\"twitter:data1\" content=\"275,17&euro;\" \/>\n\t<meta name=\"twitter:label2\" content=\"Disponibilit\u00e9\" \/>\n\t<meta name=\"twitter:data2\" content=\"En stock\" \/>\n<script type=\"application\/ld+json\" class=\"yoast-schema-graph\">{\"@context\":\"https:\\\/\\\/schema.org\",\"@graph\":[{\"@type\":\"WebPage\",\"@id\":\"https:\\\/\\\/www.vetorino.com\\\/boutique\\\/product\\\/colostrum-plus-pate\\\/\",\"url\":\"https:\\\/\\\/www.vetorino.com\\\/boutique\\\/product\\\/colostrum-plus-pate\\\/\",\"name\":\"Colostrum Plus P\u00e2te - veau Vetalis - V\u00e9torino\",\"isPartOf\":{\"@id\":\"https:\\\/\\\/www.vetorino.com\\\/boutique\\\/#website\"},\"primaryImageOfPage\":{\"@id\":\"https:\\\/\\\/www.vetorino.com\\\/boutique\\\/product\\\/colostrum-plus-pate\\\/#primaryimage\"},\"image\":{\"@id\":\"https:\\\/\\\/www.vetorino.com\\\/boutique\\\/product\\\/colostrum-plus-pate\\\/#primaryimage\"},\"thumbnailUrl\":\"https:\\\/\\\/www.vetorino.com\\\/boutique\\\/wp-content\\\/uploads\\\/2021\\\/05\\\/vetalis-colostrum-plus-en-pate-pour-veau-12-seringues-60-ml.jpg\",\"datePublished\":\"2020-06-29T10:50:39+00:00\",\"dateModified\":\"2025-07-18T15:58:19+00:00\",\"description\":\"Colostrum Plus\u00a0apporte les \u00e9l\u00e9ments indispensables au\u00a0veau nouveau-n\u00e9\u00a0:\u00a0\u00e9nergie, prot\u00e9ines, macro-\u00e9l\u00e9ments, oligo-\u00e9l\u00e9ments et vitamines.\",\"breadcrumb\":{\"@id\":\"https:\\\/\\\/www.vetorino.com\\\/boutique\\\/product\\\/colostrum-plus-pate\\\/#breadcrumb\"},\"inLanguage\":\"fr-FR\",\"potentialAction\":[{\"@type\":\"ReadAction\",\"target\":[\"https:\\\/\\\/www.vetorino.com\\\/boutique\\\/product\\\/colostrum-plus-pate\\\/\"]}]},{\"@type\":\"ImageObject\",\"inLanguage\":\"fr-FR\",\"@id\":\"https:\\\/\\\/www.vetorino.com\\\/boutique\\\/product\\\/colostrum-plus-pate\\\/#primaryimage\",\"url\":\"https:\\\/\\\/www.vetorino.com\\\/boutique\\\/wp-content\\\/uploads\\\/2021\\\/05\\\/vetalis-colostrum-plus-en-pate-pour-veau-12-seringues-60-ml.jpg\",\"contentUrl\":\"https:\\\/\\\/www.vetorino.com\\\/boutique\\\/wp-content\\\/uploads\\\/2021\\\/05\\\/vetalis-colostrum-plus-en-pate-pour-veau-12-seringues-60-ml.jpg\",\"width\":800,\"height\":800},{\"@type\":\"BreadcrumbList\",\"@id\":\"https:\\\/\\\/www.vetorino.com\\\/boutique\\\/product\\\/colostrum-plus-pate\\\/#breadcrumb\",\"itemListElement\":[{\"@type\":\"ListItem\",\"position\":1,\"name\":\"Accueil\",\"item\":\"https:\\\/\\\/www.vetorino.com\\\/boutique\\\/\"},{\"@type\":\"ListItem\",\"position\":2,\"name\":\"Produits\",\"item\":\"https:\\\/\\\/www.vetorino.com\\\/boutique\\\/\"},{\"@type\":\"ListItem\",\"position\":3,\"name\":\"Colostrum Plus P\u00e2te &#8211; veau\"}]},{\"@type\":\"WebSite\",\"@id\":\"https:\\\/\\\/www.vetorino.com\\\/boutique\\\/#website\",\"url\":\"https:\\\/\\\/www.vetorino.com\\\/boutique\\\/\",\"name\":\"V\u00e9torino\",\"description\":\"\",\"publisher\":{\"@id\":\"https:\\\/\\\/www.vetorino.com\\\/boutique\\\/#organization\"},\"potentialAction\":[{\"@type\":\"SearchAction\",\"target\":{\"@type\":\"EntryPoint\",\"urlTemplate\":\"https:\\\/\\\/www.vetorino.com\\\/boutique\\\/?s={search_term_string}\"},\"query-input\":{\"@type\":\"PropertyValueSpecification\",\"valueRequired\":true,\"valueName\":\"search_term_string\"}}],\"inLanguage\":\"fr-FR\"},{\"@type\":\"Organization\",\"@id\":\"https:\\\/\\\/www.vetorino.com\\\/boutique\\\/#organization\",\"name\":\"V\u00e9torino\",\"url\":\"https:\\\/\\\/www.vetorino.com\\\/boutique\\\/\",\"logo\":{\"@type\":\"ImageObject\",\"inLanguage\":\"fr-FR\",\"@id\":\"https:\\\/\\\/www.vetorino.com\\\/boutique\\\/#\\\/schema\\\/logo\\\/image\\\/\",\"url\":\"https:\\\/\\\/www.vetorino.com\\\/boutique\\\/wp-content\\\/uploads\\\/2024\\\/10\\\/logo.jpg\",\"contentUrl\":\"https:\\\/\\\/www.vetorino.com\\\/boutique\\\/wp-content\\\/uploads\\\/2024\\\/10\\\/logo.jpg\",\"width\":1200,\"height\":610,\"caption\":\"V\u00e9torino\"},\"image\":{\"@id\":\"https:\\\/\\\/www.vetorino.com\\\/boutique\\\/#\\\/schema\\\/logo\\\/image\\\/\"},\"sameAs\":[\"https:\\\/\\\/www.facebook.com\\\/Vetorino\\\/\",\"https:\\\/\\\/www.instagram.com\\\/vetorino_off\\\/\",\"https:\\\/\\\/www.linkedin.com\\\/company\\\/vtorino\\\/\"]}]}<\/script>\n<meta property=\"product:brand\" content=\"Vetalis\" \/>\n<meta property=\"product:price:amount\" content=\"275.17\" \/>\n<meta property=\"product:price:currency\" content=\"EUR\" \/>\n<meta property=\"og:availability\" content=\"instock\" \/>\n<meta property=\"product:availability\" content=\"instock\" \/>\n<meta property=\"product:retailer_item_id\" content=\"C-COL142\" \/>\n<meta property=\"product:condition\" content=\"new\" \/>\n<!-- \/ Yoast SEO plugin. -->","yoast_head_json":{"title":"Colostrum Plus P\u00e2te - veau Vetalis - V\u00e9torino","description":"Colostrum Plus\u00a0apporte les \u00e9l\u00e9ments indispensables au\u00a0veau nouveau-n\u00e9\u00a0:\u00a0\u00e9nergie, prot\u00e9ines, macro-\u00e9l\u00e9ments, oligo-\u00e9l\u00e9ments et vitamines.","robots":{"index":"noindex","follow":"nofollow"},"og_locale":"fr_FR","og_type":"article","og_title":"Colostrum Plus P\u00e2te - veau Vetalis - V\u00e9torino","og_description":"Colostrum Plus\u00a0apporte les \u00e9l\u00e9ments indispensables au\u00a0veau nouveau-n\u00e9\u00a0:\u00a0\u00e9nergie, prot\u00e9ines, macro-\u00e9l\u00e9ments, oligo-\u00e9l\u00e9ments et vitamines.","og_url":"https:\/\/www.vetorino.com\/veterinaire\/confolens-16500\/boutique\/product\/colostrum-plus-pate\/","og_site_name":"V\u00e9torino","article_publisher":"https:\/\/www.facebook.com\/Vetorino\/","article_modified_time":"2025-07-18T15:58:19+00:00","og_image":[{"width":800,"height":800,"url":"https:\/\/www.vetorino.com\/boutique\/wp-content\/uploads\/2021\/05\/vetalis-colostrum-plus-en-pate-pour-veau-12-seringues-60-ml.jpg","type":"image\/jpeg"}],"twitter_card":"summary_large_image","twitter_misc":{"Prix":"275,17&euro;","Disponibilit\u00e9":"En stock"},"schema":{"@context":"https:\/\/schema.org","@graph":[{"@type":"WebPage","@id":"https:\/\/www.vetorino.com\/boutique\/product\/colostrum-plus-pate\/","url":"https:\/\/www.vetorino.com\/boutique\/product\/colostrum-plus-pate\/","name":"Colostrum Plus P\u00e2te - veau Vetalis - V\u00e9torino","isPartOf":{"@id":"https:\/\/www.vetorino.com\/boutique\/#website"},"primaryImageOfPage":{"@id":"https:\/\/www.vetorino.com\/boutique\/product\/colostrum-plus-pate\/#primaryimage"},"image":{"@id":"https:\/\/www.vetorino.com\/boutique\/product\/colostrum-plus-pate\/#primaryimage"},"thumbnailUrl":"https:\/\/www.vetorino.com\/boutique\/wp-content\/uploads\/2021\/05\/vetalis-colostrum-plus-en-pate-pour-veau-12-seringues-60-ml.jpg","datePublished":"2020-06-29T10:50:39+00:00","dateModified":"2025-07-18T15:58:19+00:00","description":"Colostrum Plus\u00a0apporte les \u00e9l\u00e9ments indispensables au\u00a0veau nouveau-n\u00e9\u00a0:\u00a0\u00e9nergie, prot\u00e9ines, macro-\u00e9l\u00e9ments, oligo-\u00e9l\u00e9ments et vitamines.","breadcrumb":{"@id":"https:\/\/www.vetorino.com\/boutique\/product\/colostrum-plus-pate\/#breadcrumb"},"inLanguage":"fr-FR","potentialAction":[{"@type":"ReadAction","target":["https:\/\/www.vetorino.com\/boutique\/product\/colostrum-plus-pate\/"]}]},{"@type":"ImageObject","inLanguage":"fr-FR","@id":"https:\/\/www.vetorino.com\/boutique\/product\/colostrum-plus-pate\/#primaryimage","url":"https:\/\/www.vetorino.com\/boutique\/wp-content\/uploads\/2021\/05\/vetalis-colostrum-plus-en-pate-pour-veau-12-seringues-60-ml.jpg","contentUrl":"https:\/\/www.vetorino.com\/boutique\/wp-content\/uploads\/2021\/05\/vetalis-colostrum-plus-en-pate-pour-veau-12-seringues-60-ml.jpg","width":800,"height":800},{"@type":"BreadcrumbList","@id":"https:\/\/www.vetorino.com\/boutique\/product\/colostrum-plus-pate\/#breadcrumb","itemListElement":[{"@type":"ListItem","position":1,"name":"Accueil","item":"https:\/\/www.vetorino.com\/boutique\/"},{"@type":"ListItem","position":2,"name":"Produits","item":"https:\/\/www.vetorino.com\/boutique\/"},{"@type":"ListItem","position":3,"name":"Colostrum Plus P\u00e2te &#8211; veau"}]},{"@type":"WebSite","@id":"https:\/\/www.vetorino.com\/boutique\/#website","url":"https:\/\/www.vetorino.com\/boutique\/","name":"V\u00e9torino","description":"","publisher":{"@id":"https:\/\/www.vetorino.com\/boutique\/#organization"},"potentialAction":[{"@type":"SearchAction","target":{"@type":"EntryPoint","urlTemplate":"https:\/\/www.vetorino.com\/boutique\/?s={search_term_string}"},"query-input":{"@type":"PropertyValueSpecification","valueRequired":true,"valueName":"search_term_string"}}],"inLanguage":"fr-FR"},{"@type":"Organization","@id":"https:\/\/www.vetorino.com\/boutique\/#organization","name":"V\u00e9torino","url":"https:\/\/www.vetorino.com\/boutique\/","logo":{"@type":"ImageObject","inLanguage":"fr-FR","@id":"https:\/\/www.vetorino.com\/boutique\/#\/schema\/logo\/image\/","url":"https:\/\/www.vetorino.com\/boutique\/wp-content\/uploads\/2024\/10\/logo.jpg","contentUrl":"https:\/\/www.vetorino.com\/boutique\/wp-content\/uploads\/2024\/10\/logo.jpg","width":1200,"height":610,"caption":"V\u00e9torino"},"image":{"@id":"https:\/\/www.vetorino.com\/boutique\/#\/schema\/logo\/image\/"},"sameAs":["https:\/\/www.facebook.com\/Vetorino\/","https:\/\/www.instagram.com\/vetorino_off\/","https:\/\/www.linkedin.com\/company\/vtorino\/"]}]},"product_brand":"Vetalis","product_price_amount":"275.17","product_price_currency":"EUR","og_availability":"instock","product_availability":"instock","product_retailer_item_id":"C-COL142","product_condition":"new"},"_links":{"self":[{"href":"https:\/\/www.vetorino.com\/veterinaire\/confolens-16500\/boutique\/wp-json\/wp\/v2\/product\/93606","targetHints":{"allow":["GET"]}}],"collection":[{"href":"https:\/\/www.vetorino.com\/veterinaire\/confolens-16500\/boutique\/wp-json\/wp\/v2\/product"}],"about":[{"href":"https:\/\/www.vetorino.com\/veterinaire\/confolens-16500\/boutique\/wp-json\/wp\/v2\/types\/product"}],"wp:featuredmedia":[{"embeddable":true,"href":"https:\/\/www.vetorino.com\/veterinaire\/confolens-16500\/boutique\/wp-json\/wp\/v2\/media\/1419190"}],"wp:attachment":[{"href":"https:\/\/www.vetorino.com\/veterinaire\/confolens-16500\/boutique\/wp-json\/wp\/v2\/media?parent=93606"}],"wp:term":[{"taxonomy":"product_cat","embeddable":true,"href":"https:\/\/www.vetorino.com\/veterinaire\/confolens-16500\/boutique\/wp-json\/wp\/v2\/product_cat?post=93606"},{"taxonomy":"product_tag","embeddable":true,"href":"https:\/\/www.vetorino.com\/veterinaire\/confolens-16500\/boutique\/wp-json\/wp\/v2\/product_tag?post=93606"}],"curies":[{"name":"wp","href":"https:\/\/api.w.org\/{rel}","templated":true}]}}