{"id":94274,"date":"2020-06-29T13:11:24","date_gmt":"2020-06-29T11:11:24","guid":{"rendered":"https:\/\/www.vetorino.com\/boutique\/product\/collier-education-a-distance-petsafe-spray\/"},"modified":"2025-08-23T02:42:11","modified_gmt":"2025-08-23T00:42:11","slug":"collier-education-a-distance-petsafe-spray","status":"publish","type":"product","link":"https:\/\/www.vetorino.com\/veterinaire\/confolens-16500\/boutique\/product\/collier-education-a-distance-petsafe-spray\/","title":{"rendered":"Collier \u00e9ducation \u00e0 distance \u00e0 spray PetSafe Rechargeable"},"content":{"rendered":"<div class='hidden'>MATERIEL<\/div>\n<div class='hidden'>Chiens<\/div>\n<p>Le syst&egrave;me de dressage &agrave; jet est con&ccedil;u pour aider &agrave; dresser votre chien avec un jet.<br \/>\nLe collier propose trois options de dressage &#8211; signal sonore, vibrations et stimulation par vaporisation &#8211; et une port&eacute;e maximale de 300 m, ce qui en fait le collier id&eacute;al pour les petites randonn&eacute;es et les sorties publiques avec votre chiot. Il vous suffit d&rsquo;appuyer sur un bouton, vous pouvez transmettre un signal au collier de votre chien. Le collier contient une cartouche de recharge de spray &agrave; la citronnelle et inodore, vous permettant ainsi de d&eacute;terminer celle qui convient le mieux &agrave; votre chien. Les cartouches recyclables et rempla&ccedil;ables sont faciles &agrave; utiliser, sans d&eacute;sordre, et le collier est rechargeable &#8211; aucune pile requise.<br \/>\nCaract&eacute;ristiques essentielles :<\/p>\n<ul>\n<li>L&eacute;g&egrave;re vaporisation.<\/li>\n<li>Signal sonore &#8211; Cette option de dressage d&eacute;livre un signal sonore &agrave; volume unique et peut servir en combinaison avec une vaporisation ou une vibration.<\/li>\n<li>Vibration &#8211; Cette option de dressage d&eacute;livre une vibration mod&eacute;r&eacute;e et peut aussi servir en combinaison avec une vaporisation ou un signal sonore.<\/li>\n<li>Port&eacute;e de 300 m &#8211; La large port&eacute;e radio vous donne la flexibilit&eacute; de dresser &agrave; proximit&eacute; de votre domicile ou sur de longues distances.<\/li>\n<li>Aucune pile requise &#8211; Le syst&egrave;me de dressage &agrave; jet et la t&eacute;l&eacute;commande PetSafe&reg; sont rechargeables, il vous suffit d&rsquo;utiliser le chargeur USB fourni lorsque la pile est faible ; l&rsquo;autonomie moyenne de la pile est de 40 heures.<\/li>\n<li>Cartouches de recharge faciles &agrave; remplacer &#8211; Une cartouche de recharge inodore et une cartouche de recharge &agrave; la citronnelle fournissent 35 jets chacune.<\/li>\n<li>Indicateurs de faible niveau de jet et de pile &#8211; Une LED rouge clignote lorsque la pile est faible et une LED jaune clignote lorsque le jet est faible.<\/li>\n<li>&Eacute;tanche.<\/li>\n<li>Pour usage &agrave; l&#039;int&eacute;rieur ou &agrave; l&#039;ext&eacute;rieur.<\/li>\n<li>Pour les chiens d&#039;au moins 3,6 kg et avec un tour de cou allant jusqu&#039;&agrave;&nbsp;68 cm.<\/li>\n<li>Jusqu&#039;&agrave; 2 chiens.<\/li>\n<\/ul>\n<p>Le syst&egrave;me inclut :<\/p>\n<ul>\n<li>Collier de dressage.<\/li>\n<li>T&eacute;l&eacute;commande num&eacute;rique.<\/li>\n<li>Chargeur USB.<\/li>\n<li>1 cartouche de recharge inodore.<\/li>\n<li>1 cartouche de recharge &agrave; la citronnelle.<\/li>\n<li>Manuel d&rsquo;utilisation.<\/li>\n<\/ul>\n","protected":false},"excerpt":{"rendered":"<p>MATERIEL Chiens Le syst&egrave;me de dressage &agrave; jet est con&ccedil;u pour aider &agrave; dresser votre chien avec un jet. Le collier propose trois options de dressage &#8211; signal sonore, vibrations et stimulation par vaporisation &#8211; et une port&eacute;e maximale de 300 m, ce qui en fait le collier id&eacute;al pour les petites randonn&eacute;es et les [&hellip;]<\/p>\n","protected":false},"featured_media":94273,"template":"","meta":[],"product_cat":[2698],"product_tag":[],"class_list":{"0":"post-94274","1":"product","2":"type-product","3":"status-publish","4":"has-post-thumbnail","6":"product_cat-chien","7":"pa_marque-petsafe","9":"first","10":"instock","11":"taxable","12":"shipping-taxable","13":"purchasable","14":"product-type-simple"},"yoast_head":"<!-- This site is optimized with the Yoast SEO plugin v27.3 - https:\/\/yoast.com\/product\/yoast-seo-wordpress\/ -->\n<title>Collier \u00e9ducation \u00e0 distance \u00e0 spray PetSafe Rechargeable PetSafe - V\u00e9torino<\/title>\n<meta name=\"description\" content=\"MATERIELChiensLe syst&egrave;me de dressage &agrave; jet est con&ccedil;u pour aider &agrave; dresser votre chien avec un jet. Le collier propose trois\" \/>\n<meta name=\"robots\" content=\"noindex, nofollow\" \/>\n<meta property=\"og:locale\" content=\"fr_FR\" \/>\n<meta property=\"og:type\" content=\"article\" \/>\n<meta property=\"og:title\" content=\"Collier \u00e9ducation \u00e0 distance \u00e0 spray PetSafe Rechargeable PetSafe - V\u00e9torino\" \/>\n<meta property=\"og:description\" content=\"MATERIELChiensLe syst&egrave;me de dressage &agrave; jet est con&ccedil;u pour aider &agrave; dresser votre chien avec un jet. Le collier propose trois\" \/>\n<meta property=\"og:url\" content=\"https:\/\/www.vetorino.com\/veterinaire\/confolens-16500\/boutique\/product\/collier-education-a-distance-petsafe-spray\/\" \/>\n<meta property=\"og:site_name\" content=\"V\u00e9torino\" \/>\n<meta property=\"article:publisher\" content=\"https:\/\/www.facebook.com\/Vetorino\/\" \/>\n<meta property=\"article:modified_time\" content=\"2025-08-23T00:42:11+00:00\" \/>\n<meta property=\"og:image\" content=\"https:\/\/www.vetorino.com\/boutique\/wp-content\/uploads\/2020\/06\/FilsCOL790FormatMediumTypeIM-1.png\" \/>\n\t<meta property=\"og:image:width\" content=\"400\" \/>\n\t<meta property=\"og:image:height\" content=\"400\" \/>\n\t<meta property=\"og:image:type\" content=\"image\/png\" \/>\n<meta name=\"twitter:card\" content=\"summary_large_image\" \/>\n<meta name=\"twitter:label1\" content=\"Prix\" \/>\n\t<meta name=\"twitter:data1\" content=\"178,79&euro;\" \/>\n\t<meta name=\"twitter:label2\" content=\"Disponibilit\u00e9\" \/>\n\t<meta name=\"twitter:data2\" content=\"En stock\" \/>\n<script type=\"application\/ld+json\" class=\"yoast-schema-graph\">{\"@context\":\"https:\\\/\\\/schema.org\",\"@graph\":[{\"@type\":\"WebPage\",\"@id\":\"https:\\\/\\\/www.vetorino.com\\\/boutique\\\/product\\\/collier-education-a-distance-petsafe-spray\\\/\",\"url\":\"https:\\\/\\\/www.vetorino.com\\\/boutique\\\/product\\\/collier-education-a-distance-petsafe-spray\\\/\",\"name\":\"Collier \u00e9ducation \u00e0 distance \u00e0 spray PetSafe Rechargeable PetSafe - V\u00e9torino\",\"isPartOf\":{\"@id\":\"https:\\\/\\\/www.vetorino.com\\\/boutique\\\/#website\"},\"primaryImageOfPage\":{\"@id\":\"https:\\\/\\\/www.vetorino.com\\\/boutique\\\/product\\\/collier-education-a-distance-petsafe-spray\\\/#primaryimage\"},\"image\":{\"@id\":\"https:\\\/\\\/www.vetorino.com\\\/boutique\\\/product\\\/collier-education-a-distance-petsafe-spray\\\/#primaryimage\"},\"thumbnailUrl\":\"https:\\\/\\\/www.vetorino.com\\\/boutique\\\/wp-content\\\/uploads\\\/2020\\\/06\\\/FilsCOL790FormatMediumTypeIM-1.png\",\"datePublished\":\"2020-06-29T11:11:24+00:00\",\"dateModified\":\"2025-08-23T00:42:11+00:00\",\"description\":\"MATERIELChiensLe syst&egrave;me de dressage &agrave; jet est con&ccedil;u pour aider &agrave; dresser votre chien avec un jet. Le collier propose trois\",\"breadcrumb\":{\"@id\":\"https:\\\/\\\/www.vetorino.com\\\/boutique\\\/product\\\/collier-education-a-distance-petsafe-spray\\\/#breadcrumb\"},\"inLanguage\":\"fr-FR\",\"potentialAction\":[{\"@type\":\"ReadAction\",\"target\":[\"https:\\\/\\\/www.vetorino.com\\\/boutique\\\/product\\\/collier-education-a-distance-petsafe-spray\\\/\"]}]},{\"@type\":\"ImageObject\",\"inLanguage\":\"fr-FR\",\"@id\":\"https:\\\/\\\/www.vetorino.com\\\/boutique\\\/product\\\/collier-education-a-distance-petsafe-spray\\\/#primaryimage\",\"url\":\"https:\\\/\\\/www.vetorino.com\\\/boutique\\\/wp-content\\\/uploads\\\/2020\\\/06\\\/FilsCOL790FormatMediumTypeIM-1.png\",\"contentUrl\":\"https:\\\/\\\/www.vetorino.com\\\/boutique\\\/wp-content\\\/uploads\\\/2020\\\/06\\\/FilsCOL790FormatMediumTypeIM-1.png\",\"width\":400,\"height\":400},{\"@type\":\"BreadcrumbList\",\"@id\":\"https:\\\/\\\/www.vetorino.com\\\/boutique\\\/product\\\/collier-education-a-distance-petsafe-spray\\\/#breadcrumb\",\"itemListElement\":[{\"@type\":\"ListItem\",\"position\":1,\"name\":\"Accueil\",\"item\":\"https:\\\/\\\/www.vetorino.com\\\/boutique\\\/\"},{\"@type\":\"ListItem\",\"position\":2,\"name\":\"Produits\",\"item\":\"https:\\\/\\\/www.vetorino.com\\\/boutique\\\/\"},{\"@type\":\"ListItem\",\"position\":3,\"name\":\"Collier \u00e9ducation \u00e0 distance \u00e0 spray PetSafe Rechargeable\"}]},{\"@type\":\"WebSite\",\"@id\":\"https:\\\/\\\/www.vetorino.com\\\/boutique\\\/#website\",\"url\":\"https:\\\/\\\/www.vetorino.com\\\/boutique\\\/\",\"name\":\"V\u00e9torino\",\"description\":\"\",\"publisher\":{\"@id\":\"https:\\\/\\\/www.vetorino.com\\\/boutique\\\/#organization\"},\"potentialAction\":[{\"@type\":\"SearchAction\",\"target\":{\"@type\":\"EntryPoint\",\"urlTemplate\":\"https:\\\/\\\/www.vetorino.com\\\/boutique\\\/?s={search_term_string}\"},\"query-input\":{\"@type\":\"PropertyValueSpecification\",\"valueRequired\":true,\"valueName\":\"search_term_string\"}}],\"inLanguage\":\"fr-FR\"},{\"@type\":\"Organization\",\"@id\":\"https:\\\/\\\/www.vetorino.com\\\/boutique\\\/#organization\",\"name\":\"V\u00e9torino\",\"url\":\"https:\\\/\\\/www.vetorino.com\\\/boutique\\\/\",\"logo\":{\"@type\":\"ImageObject\",\"inLanguage\":\"fr-FR\",\"@id\":\"https:\\\/\\\/www.vetorino.com\\\/boutique\\\/#\\\/schema\\\/logo\\\/image\\\/\",\"url\":\"https:\\\/\\\/www.vetorino.com\\\/boutique\\\/wp-content\\\/uploads\\\/2024\\\/10\\\/logo.jpg\",\"contentUrl\":\"https:\\\/\\\/www.vetorino.com\\\/boutique\\\/wp-content\\\/uploads\\\/2024\\\/10\\\/logo.jpg\",\"width\":1200,\"height\":610,\"caption\":\"V\u00e9torino\"},\"image\":{\"@id\":\"https:\\\/\\\/www.vetorino.com\\\/boutique\\\/#\\\/schema\\\/logo\\\/image\\\/\"},\"sameAs\":[\"https:\\\/\\\/www.facebook.com\\\/Vetorino\\\/\",\"https:\\\/\\\/www.instagram.com\\\/vetorino_off\\\/\",\"https:\\\/\\\/www.linkedin.com\\\/company\\\/vtorino\\\/\"]}]}<\/script>\n<meta property=\"product:brand\" content=\"PetSafe\" \/>\n<meta property=\"product:price:amount\" content=\"178.79\" \/>\n<meta property=\"product:price:currency\" content=\"EUR\" \/>\n<meta property=\"og:availability\" content=\"instock\" \/>\n<meta property=\"product:availability\" content=\"instock\" \/>\n<meta property=\"product:retailer_item_id\" content=\"C-COL796\" \/>\n<meta property=\"product:condition\" content=\"new\" \/>\n<!-- \/ Yoast SEO plugin. -->","yoast_head_json":{"title":"Collier \u00e9ducation \u00e0 distance \u00e0 spray PetSafe Rechargeable PetSafe - V\u00e9torino","description":"MATERIELChiensLe syst&egrave;me de dressage &agrave; jet est con&ccedil;u pour aider &agrave; dresser votre chien avec un jet. Le collier propose trois","robots":{"index":"noindex","follow":"nofollow"},"og_locale":"fr_FR","og_type":"article","og_title":"Collier \u00e9ducation \u00e0 distance \u00e0 spray PetSafe Rechargeable PetSafe - V\u00e9torino","og_description":"MATERIELChiensLe syst&egrave;me de dressage &agrave; jet est con&ccedil;u pour aider &agrave; dresser votre chien avec un jet. Le collier propose trois","og_url":"https:\/\/www.vetorino.com\/veterinaire\/confolens-16500\/boutique\/product\/collier-education-a-distance-petsafe-spray\/","og_site_name":"V\u00e9torino","article_publisher":"https:\/\/www.facebook.com\/Vetorino\/","article_modified_time":"2025-08-23T00:42:11+00:00","og_image":[{"width":400,"height":400,"url":"https:\/\/www.vetorino.com\/boutique\/wp-content\/uploads\/2020\/06\/FilsCOL790FormatMediumTypeIM-1.png","type":"image\/png"}],"twitter_card":"summary_large_image","twitter_misc":{"Prix":"178,79&euro;","Disponibilit\u00e9":"En stock"},"schema":{"@context":"https:\/\/schema.org","@graph":[{"@type":"WebPage","@id":"https:\/\/www.vetorino.com\/boutique\/product\/collier-education-a-distance-petsafe-spray\/","url":"https:\/\/www.vetorino.com\/boutique\/product\/collier-education-a-distance-petsafe-spray\/","name":"Collier \u00e9ducation \u00e0 distance \u00e0 spray PetSafe Rechargeable PetSafe - V\u00e9torino","isPartOf":{"@id":"https:\/\/www.vetorino.com\/boutique\/#website"},"primaryImageOfPage":{"@id":"https:\/\/www.vetorino.com\/boutique\/product\/collier-education-a-distance-petsafe-spray\/#primaryimage"},"image":{"@id":"https:\/\/www.vetorino.com\/boutique\/product\/collier-education-a-distance-petsafe-spray\/#primaryimage"},"thumbnailUrl":"https:\/\/www.vetorino.com\/boutique\/wp-content\/uploads\/2020\/06\/FilsCOL790FormatMediumTypeIM-1.png","datePublished":"2020-06-29T11:11:24+00:00","dateModified":"2025-08-23T00:42:11+00:00","description":"MATERIELChiensLe syst&egrave;me de dressage &agrave; jet est con&ccedil;u pour aider &agrave; dresser votre chien avec un jet. Le collier propose trois","breadcrumb":{"@id":"https:\/\/www.vetorino.com\/boutique\/product\/collier-education-a-distance-petsafe-spray\/#breadcrumb"},"inLanguage":"fr-FR","potentialAction":[{"@type":"ReadAction","target":["https:\/\/www.vetorino.com\/boutique\/product\/collier-education-a-distance-petsafe-spray\/"]}]},{"@type":"ImageObject","inLanguage":"fr-FR","@id":"https:\/\/www.vetorino.com\/boutique\/product\/collier-education-a-distance-petsafe-spray\/#primaryimage","url":"https:\/\/www.vetorino.com\/boutique\/wp-content\/uploads\/2020\/06\/FilsCOL790FormatMediumTypeIM-1.png","contentUrl":"https:\/\/www.vetorino.com\/boutique\/wp-content\/uploads\/2020\/06\/FilsCOL790FormatMediumTypeIM-1.png","width":400,"height":400},{"@type":"BreadcrumbList","@id":"https:\/\/www.vetorino.com\/boutique\/product\/collier-education-a-distance-petsafe-spray\/#breadcrumb","itemListElement":[{"@type":"ListItem","position":1,"name":"Accueil","item":"https:\/\/www.vetorino.com\/boutique\/"},{"@type":"ListItem","position":2,"name":"Produits","item":"https:\/\/www.vetorino.com\/boutique\/"},{"@type":"ListItem","position":3,"name":"Collier \u00e9ducation \u00e0 distance \u00e0 spray PetSafe Rechargeable"}]},{"@type":"WebSite","@id":"https:\/\/www.vetorino.com\/boutique\/#website","url":"https:\/\/www.vetorino.com\/boutique\/","name":"V\u00e9torino","description":"","publisher":{"@id":"https:\/\/www.vetorino.com\/boutique\/#organization"},"potentialAction":[{"@type":"SearchAction","target":{"@type":"EntryPoint","urlTemplate":"https:\/\/www.vetorino.com\/boutique\/?s={search_term_string}"},"query-input":{"@type":"PropertyValueSpecification","valueRequired":true,"valueName":"search_term_string"}}],"inLanguage":"fr-FR"},{"@type":"Organization","@id":"https:\/\/www.vetorino.com\/boutique\/#organization","name":"V\u00e9torino","url":"https:\/\/www.vetorino.com\/boutique\/","logo":{"@type":"ImageObject","inLanguage":"fr-FR","@id":"https:\/\/www.vetorino.com\/boutique\/#\/schema\/logo\/image\/","url":"https:\/\/www.vetorino.com\/boutique\/wp-content\/uploads\/2024\/10\/logo.jpg","contentUrl":"https:\/\/www.vetorino.com\/boutique\/wp-content\/uploads\/2024\/10\/logo.jpg","width":1200,"height":610,"caption":"V\u00e9torino"},"image":{"@id":"https:\/\/www.vetorino.com\/boutique\/#\/schema\/logo\/image\/"},"sameAs":["https:\/\/www.facebook.com\/Vetorino\/","https:\/\/www.instagram.com\/vetorino_off\/","https:\/\/www.linkedin.com\/company\/vtorino\/"]}]},"product_brand":"PetSafe","product_price_amount":"178.79","product_price_currency":"EUR","og_availability":"instock","product_availability":"instock","product_retailer_item_id":"C-COL796","product_condition":"new"},"_links":{"self":[{"href":"https:\/\/www.vetorino.com\/veterinaire\/confolens-16500\/boutique\/wp-json\/wp\/v2\/product\/94274","targetHints":{"allow":["GET"]}}],"collection":[{"href":"https:\/\/www.vetorino.com\/veterinaire\/confolens-16500\/boutique\/wp-json\/wp\/v2\/product"}],"about":[{"href":"https:\/\/www.vetorino.com\/veterinaire\/confolens-16500\/boutique\/wp-json\/wp\/v2\/types\/product"}],"wp:featuredmedia":[{"embeddable":true,"href":"https:\/\/www.vetorino.com\/veterinaire\/confolens-16500\/boutique\/wp-json\/wp\/v2\/media\/94273"}],"wp:attachment":[{"href":"https:\/\/www.vetorino.com\/veterinaire\/confolens-16500\/boutique\/wp-json\/wp\/v2\/media?parent=94274"}],"wp:term":[{"taxonomy":"product_cat","embeddable":true,"href":"https:\/\/www.vetorino.com\/veterinaire\/confolens-16500\/boutique\/wp-json\/wp\/v2\/product_cat?post=94274"},{"taxonomy":"product_tag","embeddable":true,"href":"https:\/\/www.vetorino.com\/veterinaire\/confolens-16500\/boutique\/wp-json\/wp\/v2\/product_tag?post=94274"}],"curies":[{"name":"wp","href":"https:\/\/api.w.org\/{rel}","templated":true}]}}