{"id":94495,"date":"2020-06-29T14:12:44","date_gmt":"2020-06-29T12:12:44","guid":{"rendered":"https:\/\/www.vetorino.com\/boutique\/product\/corde-de-jeu-double-3-noeuds\/"},"modified":"2026-01-15T02:42:15","modified_gmt":"2026-01-15T01:42:15","slug":"corde-de-jeu-double-3-noeuds","status":"publish","type":"product","link":"https:\/\/www.vetorino.com\/veterinaire\/confolens-16500\/boutique\/product\/corde-de-jeu-double-3-noeuds\/","title":{"rendered":"Corde de jeu Trixie Double \u00e0 3 noeuds"},"content":{"rendered":"<div class=\"hidden\">MATERIEL<\/div>\n<div class=\"hidden\">Chiens<\/div>\n<p>Facile \u00e0 tenir avec la poign\u00e9e, cette corde \u00e0 3 noeuds augure de belles parties de jeux avec votre chien.<br \/>\nAide au nettoyage et \u00e0 l&#8217;entretien des dents.<br \/>\nLa multitude de fils de coton et les noeuds la rendent particuli\u00e8rement r\u00e9sistante.<\/p>\n","protected":false},"excerpt":{"rendered":"<p>Ce\u00a0<strong>jouet<\/strong>\u00a0va permettre \u00e0 votre\u00a0<strong>chien\u00a0<\/strong>de pratiquer son activit\u00e9 favorite : chercher et tirer !<\/p>\n<p>Vous allez pouvoir pratiquer le\u00a0<strong>lancer\/rapporter<\/strong>\u00a0avec cette\u00a0<strong>corde pour chien<\/strong>.<\/p>\n<p>En coton et polyester, ce\u00a0<strong>jeu\u00a0<\/strong>plait \u00e0 coup s\u00fbr aux\u00a0<strong>chiens<\/strong>, qui aiment le pratiquer avec leur ma\u00eetre.<\/p>\n<p><strong>Robuste\u00a0<\/strong>avec les trois noeuds, la double corde et l&#8217;extr\u00e9mit\u00e9 facile \u00e0 tenir, impossible de l\u00e2cher la corde.<\/p>\n<p><ins>Dimension<\/ins>\u00a0: 60 cm<\/p>\n","protected":false},"featured_media":633786,"template":"","meta":[],"product_cat":[2698],"product_tag":[],"class_list":{"0":"post-94495","1":"product","2":"type-product","3":"status-publish","4":"has-post-thumbnail","6":"product_cat-chien","7":"pa_marque-trixie","9":"first","10":"instock","11":"taxable","12":"shipping-taxable","13":"purchasable","14":"product-type-simple"},"yoast_head":"<!-- This site is optimized with the Yoast SEO plugin v27.3 - https:\/\/yoast.com\/product\/yoast-seo-wordpress\/ -->\n<title>Corde de jeu Trixie Double \u00e0 3 noeuds Trixie - V\u00e9torino<\/title>\n<meta name=\"description\" content=\"Ce\u00a0jouet\u00a0va permettre \u00e0 votre\u00a0chien\u00a0de pratiquer son activit\u00e9 favorite : chercher et tirer !  Vous allez pouvoir pratiquer le\u00a0lancer\/rapporter\u00a0avec cette\u00a0corde pour chien.  En coton et polyester, ce\u00a0jeu\u00a0plait \u00e0 coup s\u00fbr aux\u00a0chiens, qui aiment le pratiquer avec leur ma\u00eetre.  Robuste\u00a0avec les trois noeuds, la double corde et l&#039;extr\u00e9mit\u00e9 facile \u00e0 tenir, impossible de l\u00e2cher la corde.  Dimension\u00a0: 60 cm\" \/>\n<meta name=\"robots\" content=\"noindex, nofollow\" \/>\n<meta property=\"og:locale\" content=\"fr_FR\" \/>\n<meta property=\"og:type\" content=\"article\" \/>\n<meta property=\"og:title\" content=\"Corde de jeu Trixie Double \u00e0 3 noeuds Trixie - V\u00e9torino\" \/>\n<meta property=\"og:description\" content=\"Ce\u00a0jouet\u00a0va permettre \u00e0 votre\u00a0chien\u00a0de pratiquer son activit\u00e9 favorite : chercher et tirer !  Vous allez pouvoir pratiquer le\u00a0lancer\/rapporter\u00a0avec cette\u00a0corde pour chien.  En coton et polyester, ce\u00a0jeu\u00a0plait \u00e0 coup s\u00fbr aux\u00a0chiens, qui aiment le pratiquer avec leur ma\u00eetre.  Robuste\u00a0avec les trois noeuds, la double corde et l&#039;extr\u00e9mit\u00e9 facile \u00e0 tenir, impossible de l\u00e2cher la corde.  Dimension\u00a0: 60 cm\" \/>\n<meta property=\"og:url\" content=\"https:\/\/www.vetorino.com\/veterinaire\/confolens-16500\/boutique\/product\/corde-de-jeu-double-3-noeuds\/\" \/>\n<meta property=\"og:site_name\" content=\"V\u00e9torino\" \/>\n<meta property=\"article:publisher\" content=\"https:\/\/www.facebook.com\/Vetorino\/\" \/>\n<meta property=\"article:modified_time\" content=\"2026-01-15T01:42:15+00:00\" \/>\n<meta property=\"og:image\" content=\"https:\/\/www.vetorino.com\/boutique\/wp-content\/uploads\/2020\/06\/corde-de-jeu-multicolore-en-coton-avec-plusieurs-noeuds.jpg\" \/>\n\t<meta property=\"og:image:width\" content=\"800\" \/>\n\t<meta property=\"og:image:height\" content=\"800\" \/>\n\t<meta property=\"og:image:type\" content=\"image\/jpeg\" \/>\n<meta name=\"twitter:card\" content=\"summary_large_image\" \/>\n<meta name=\"twitter:label1\" content=\"Prix\" \/>\n\t<meta name=\"twitter:data1\" content=\"6,81&euro;\" \/>\n\t<meta name=\"twitter:label2\" content=\"Disponibilit\u00e9\" \/>\n\t<meta name=\"twitter:data2\" content=\"En stock\" \/>\n<script type=\"application\/ld+json\" class=\"yoast-schema-graph\">{\"@context\":\"https:\\\/\\\/schema.org\",\"@graph\":[{\"@type\":\"WebPage\",\"@id\":\"https:\\\/\\\/www.vetorino.com\\\/boutique\\\/product\\\/corde-de-jeu-double-3-noeuds\\\/\",\"url\":\"https:\\\/\\\/www.vetorino.com\\\/boutique\\\/product\\\/corde-de-jeu-double-3-noeuds\\\/\",\"name\":\"Corde de jeu Trixie Double \u00e0 3 noeuds Trixie - V\u00e9torino\",\"isPartOf\":{\"@id\":\"https:\\\/\\\/www.vetorino.com\\\/boutique\\\/#website\"},\"primaryImageOfPage\":{\"@id\":\"https:\\\/\\\/www.vetorino.com\\\/boutique\\\/product\\\/corde-de-jeu-double-3-noeuds\\\/#primaryimage\"},\"image\":{\"@id\":\"https:\\\/\\\/www.vetorino.com\\\/boutique\\\/product\\\/corde-de-jeu-double-3-noeuds\\\/#primaryimage\"},\"thumbnailUrl\":\"https:\\\/\\\/www.vetorino.com\\\/boutique\\\/wp-content\\\/uploads\\\/2020\\\/06\\\/corde-de-jeu-multicolore-en-coton-avec-plusieurs-noeuds.jpg\",\"datePublished\":\"2020-06-29T12:12:44+00:00\",\"dateModified\":\"2026-01-15T01:42:15+00:00\",\"description\":\"Ce\u00a0jouet\u00a0va permettre \u00e0 votre\u00a0chien\u00a0de pratiquer son activit\u00e9 favorite : chercher et tirer ! Vous allez pouvoir pratiquer le\u00a0lancer\\\/rapporter\u00a0avec cette\u00a0corde pour chien. En coton et polyester, ce\u00a0jeu\u00a0plait \u00e0 coup s\u00fbr aux\u00a0chiens, qui aiment le pratiquer avec leur ma\u00eetre. Robuste\u00a0avec les trois noeuds, la double corde et l'extr\u00e9mit\u00e9 facile \u00e0 tenir, impossible de l\u00e2cher la corde. Dimension\u00a0: 60 cm\",\"breadcrumb\":{\"@id\":\"https:\\\/\\\/www.vetorino.com\\\/boutique\\\/product\\\/corde-de-jeu-double-3-noeuds\\\/#breadcrumb\"},\"inLanguage\":\"fr-FR\",\"potentialAction\":[{\"@type\":\"ReadAction\",\"target\":[\"https:\\\/\\\/www.vetorino.com\\\/boutique\\\/product\\\/corde-de-jeu-double-3-noeuds\\\/\"]}]},{\"@type\":\"ImageObject\",\"inLanguage\":\"fr-FR\",\"@id\":\"https:\\\/\\\/www.vetorino.com\\\/boutique\\\/product\\\/corde-de-jeu-double-3-noeuds\\\/#primaryimage\",\"url\":\"https:\\\/\\\/www.vetorino.com\\\/boutique\\\/wp-content\\\/uploads\\\/2020\\\/06\\\/corde-de-jeu-multicolore-en-coton-avec-plusieurs-noeuds.jpg\",\"contentUrl\":\"https:\\\/\\\/www.vetorino.com\\\/boutique\\\/wp-content\\\/uploads\\\/2020\\\/06\\\/corde-de-jeu-multicolore-en-coton-avec-plusieurs-noeuds.jpg\",\"width\":800,\"height\":800},{\"@type\":\"BreadcrumbList\",\"@id\":\"https:\\\/\\\/www.vetorino.com\\\/boutique\\\/product\\\/corde-de-jeu-double-3-noeuds\\\/#breadcrumb\",\"itemListElement\":[{\"@type\":\"ListItem\",\"position\":1,\"name\":\"Accueil\",\"item\":\"https:\\\/\\\/www.vetorino.com\\\/boutique\\\/\"},{\"@type\":\"ListItem\",\"position\":2,\"name\":\"Produits\",\"item\":\"https:\\\/\\\/www.vetorino.com\\\/boutique\\\/\"},{\"@type\":\"ListItem\",\"position\":3,\"name\":\"Corde de jeu Trixie Double \u00e0 3 noeuds\"}]},{\"@type\":\"WebSite\",\"@id\":\"https:\\\/\\\/www.vetorino.com\\\/boutique\\\/#website\",\"url\":\"https:\\\/\\\/www.vetorino.com\\\/boutique\\\/\",\"name\":\"V\u00e9torino\",\"description\":\"\",\"publisher\":{\"@id\":\"https:\\\/\\\/www.vetorino.com\\\/boutique\\\/#organization\"},\"potentialAction\":[{\"@type\":\"SearchAction\",\"target\":{\"@type\":\"EntryPoint\",\"urlTemplate\":\"https:\\\/\\\/www.vetorino.com\\\/boutique\\\/?s={search_term_string}\"},\"query-input\":{\"@type\":\"PropertyValueSpecification\",\"valueRequired\":true,\"valueName\":\"search_term_string\"}}],\"inLanguage\":\"fr-FR\"},{\"@type\":\"Organization\",\"@id\":\"https:\\\/\\\/www.vetorino.com\\\/boutique\\\/#organization\",\"name\":\"V\u00e9torino\",\"url\":\"https:\\\/\\\/www.vetorino.com\\\/boutique\\\/\",\"logo\":{\"@type\":\"ImageObject\",\"inLanguage\":\"fr-FR\",\"@id\":\"https:\\\/\\\/www.vetorino.com\\\/boutique\\\/#\\\/schema\\\/logo\\\/image\\\/\",\"url\":\"https:\\\/\\\/www.vetorino.com\\\/boutique\\\/wp-content\\\/uploads\\\/2024\\\/10\\\/logo.jpg\",\"contentUrl\":\"https:\\\/\\\/www.vetorino.com\\\/boutique\\\/wp-content\\\/uploads\\\/2024\\\/10\\\/logo.jpg\",\"width\":1200,\"height\":610,\"caption\":\"V\u00e9torino\"},\"image\":{\"@id\":\"https:\\\/\\\/www.vetorino.com\\\/boutique\\\/#\\\/schema\\\/logo\\\/image\\\/\"},\"sameAs\":[\"https:\\\/\\\/www.facebook.com\\\/Vetorino\\\/\",\"https:\\\/\\\/www.instagram.com\\\/vetorino_off\\\/\",\"https:\\\/\\\/www.linkedin.com\\\/company\\\/vtorino\\\/\"]}]}<\/script>\n<meta property=\"product:brand\" content=\"Trixie\" \/>\n<meta property=\"product:price:amount\" content=\"6.81\" \/>\n<meta property=\"product:price:currency\" content=\"EUR\" \/>\n<meta property=\"og:availability\" content=\"instock\" \/>\n<meta property=\"product:availability\" content=\"instock\" \/>\n<meta property=\"product:retailer_item_id\" content=\"C-COR796\" \/>\n<meta property=\"product:condition\" content=\"new\" \/>\n<!-- \/ Yoast SEO plugin. -->","yoast_head_json":{"title":"Corde de jeu Trixie Double \u00e0 3 noeuds Trixie - V\u00e9torino","description":"Ce\u00a0jouet\u00a0va permettre \u00e0 votre\u00a0chien\u00a0de pratiquer son activit\u00e9 favorite : chercher et tirer !  Vous allez pouvoir pratiquer le\u00a0lancer\/rapporter\u00a0avec cette\u00a0corde pour chien.  En coton et polyester, ce\u00a0jeu\u00a0plait \u00e0 coup s\u00fbr aux\u00a0chiens, qui aiment le pratiquer avec leur ma\u00eetre.  Robuste\u00a0avec les trois noeuds, la double corde et l'extr\u00e9mit\u00e9 facile \u00e0 tenir, impossible de l\u00e2cher la corde.  Dimension\u00a0: 60 cm","robots":{"index":"noindex","follow":"nofollow"},"og_locale":"fr_FR","og_type":"article","og_title":"Corde de jeu Trixie Double \u00e0 3 noeuds Trixie - V\u00e9torino","og_description":"Ce\u00a0jouet\u00a0va permettre \u00e0 votre\u00a0chien\u00a0de pratiquer son activit\u00e9 favorite : chercher et tirer !  Vous allez pouvoir pratiquer le\u00a0lancer\/rapporter\u00a0avec cette\u00a0corde pour chien.  En coton et polyester, ce\u00a0jeu\u00a0plait \u00e0 coup s\u00fbr aux\u00a0chiens, qui aiment le pratiquer avec leur ma\u00eetre.  Robuste\u00a0avec les trois noeuds, la double corde et l'extr\u00e9mit\u00e9 facile \u00e0 tenir, impossible de l\u00e2cher la corde.  Dimension\u00a0: 60 cm","og_url":"https:\/\/www.vetorino.com\/veterinaire\/confolens-16500\/boutique\/product\/corde-de-jeu-double-3-noeuds\/","og_site_name":"V\u00e9torino","article_publisher":"https:\/\/www.facebook.com\/Vetorino\/","article_modified_time":"2026-01-15T01:42:15+00:00","og_image":[{"width":800,"height":800,"url":"https:\/\/www.vetorino.com\/boutique\/wp-content\/uploads\/2020\/06\/corde-de-jeu-multicolore-en-coton-avec-plusieurs-noeuds.jpg","type":"image\/jpeg"}],"twitter_card":"summary_large_image","twitter_misc":{"Prix":"6,81&euro;","Disponibilit\u00e9":"En stock"},"schema":{"@context":"https:\/\/schema.org","@graph":[{"@type":"WebPage","@id":"https:\/\/www.vetorino.com\/boutique\/product\/corde-de-jeu-double-3-noeuds\/","url":"https:\/\/www.vetorino.com\/boutique\/product\/corde-de-jeu-double-3-noeuds\/","name":"Corde de jeu Trixie Double \u00e0 3 noeuds Trixie - V\u00e9torino","isPartOf":{"@id":"https:\/\/www.vetorino.com\/boutique\/#website"},"primaryImageOfPage":{"@id":"https:\/\/www.vetorino.com\/boutique\/product\/corde-de-jeu-double-3-noeuds\/#primaryimage"},"image":{"@id":"https:\/\/www.vetorino.com\/boutique\/product\/corde-de-jeu-double-3-noeuds\/#primaryimage"},"thumbnailUrl":"https:\/\/www.vetorino.com\/boutique\/wp-content\/uploads\/2020\/06\/corde-de-jeu-multicolore-en-coton-avec-plusieurs-noeuds.jpg","datePublished":"2020-06-29T12:12:44+00:00","dateModified":"2026-01-15T01:42:15+00:00","description":"Ce\u00a0jouet\u00a0va permettre \u00e0 votre\u00a0chien\u00a0de pratiquer son activit\u00e9 favorite : chercher et tirer ! Vous allez pouvoir pratiquer le\u00a0lancer\/rapporter\u00a0avec cette\u00a0corde pour chien. En coton et polyester, ce\u00a0jeu\u00a0plait \u00e0 coup s\u00fbr aux\u00a0chiens, qui aiment le pratiquer avec leur ma\u00eetre. Robuste\u00a0avec les trois noeuds, la double corde et l'extr\u00e9mit\u00e9 facile \u00e0 tenir, impossible de l\u00e2cher la corde. Dimension\u00a0: 60 cm","breadcrumb":{"@id":"https:\/\/www.vetorino.com\/boutique\/product\/corde-de-jeu-double-3-noeuds\/#breadcrumb"},"inLanguage":"fr-FR","potentialAction":[{"@type":"ReadAction","target":["https:\/\/www.vetorino.com\/boutique\/product\/corde-de-jeu-double-3-noeuds\/"]}]},{"@type":"ImageObject","inLanguage":"fr-FR","@id":"https:\/\/www.vetorino.com\/boutique\/product\/corde-de-jeu-double-3-noeuds\/#primaryimage","url":"https:\/\/www.vetorino.com\/boutique\/wp-content\/uploads\/2020\/06\/corde-de-jeu-multicolore-en-coton-avec-plusieurs-noeuds.jpg","contentUrl":"https:\/\/www.vetorino.com\/boutique\/wp-content\/uploads\/2020\/06\/corde-de-jeu-multicolore-en-coton-avec-plusieurs-noeuds.jpg","width":800,"height":800},{"@type":"BreadcrumbList","@id":"https:\/\/www.vetorino.com\/boutique\/product\/corde-de-jeu-double-3-noeuds\/#breadcrumb","itemListElement":[{"@type":"ListItem","position":1,"name":"Accueil","item":"https:\/\/www.vetorino.com\/boutique\/"},{"@type":"ListItem","position":2,"name":"Produits","item":"https:\/\/www.vetorino.com\/boutique\/"},{"@type":"ListItem","position":3,"name":"Corde de jeu Trixie Double \u00e0 3 noeuds"}]},{"@type":"WebSite","@id":"https:\/\/www.vetorino.com\/boutique\/#website","url":"https:\/\/www.vetorino.com\/boutique\/","name":"V\u00e9torino","description":"","publisher":{"@id":"https:\/\/www.vetorino.com\/boutique\/#organization"},"potentialAction":[{"@type":"SearchAction","target":{"@type":"EntryPoint","urlTemplate":"https:\/\/www.vetorino.com\/boutique\/?s={search_term_string}"},"query-input":{"@type":"PropertyValueSpecification","valueRequired":true,"valueName":"search_term_string"}}],"inLanguage":"fr-FR"},{"@type":"Organization","@id":"https:\/\/www.vetorino.com\/boutique\/#organization","name":"V\u00e9torino","url":"https:\/\/www.vetorino.com\/boutique\/","logo":{"@type":"ImageObject","inLanguage":"fr-FR","@id":"https:\/\/www.vetorino.com\/boutique\/#\/schema\/logo\/image\/","url":"https:\/\/www.vetorino.com\/boutique\/wp-content\/uploads\/2024\/10\/logo.jpg","contentUrl":"https:\/\/www.vetorino.com\/boutique\/wp-content\/uploads\/2024\/10\/logo.jpg","width":1200,"height":610,"caption":"V\u00e9torino"},"image":{"@id":"https:\/\/www.vetorino.com\/boutique\/#\/schema\/logo\/image\/"},"sameAs":["https:\/\/www.facebook.com\/Vetorino\/","https:\/\/www.instagram.com\/vetorino_off\/","https:\/\/www.linkedin.com\/company\/vtorino\/"]}]},"product_brand":"Trixie","product_price_amount":"6.81","product_price_currency":"EUR","og_availability":"instock","product_availability":"instock","product_retailer_item_id":"C-COR796","product_condition":"new"},"_links":{"self":[{"href":"https:\/\/www.vetorino.com\/veterinaire\/confolens-16500\/boutique\/wp-json\/wp\/v2\/product\/94495","targetHints":{"allow":["GET"]}}],"collection":[{"href":"https:\/\/www.vetorino.com\/veterinaire\/confolens-16500\/boutique\/wp-json\/wp\/v2\/product"}],"about":[{"href":"https:\/\/www.vetorino.com\/veterinaire\/confolens-16500\/boutique\/wp-json\/wp\/v2\/types\/product"}],"wp:featuredmedia":[{"embeddable":true,"href":"https:\/\/www.vetorino.com\/veterinaire\/confolens-16500\/boutique\/wp-json\/wp\/v2\/media\/633786"}],"wp:attachment":[{"href":"https:\/\/www.vetorino.com\/veterinaire\/confolens-16500\/boutique\/wp-json\/wp\/v2\/media?parent=94495"}],"wp:term":[{"taxonomy":"product_cat","embeddable":true,"href":"https:\/\/www.vetorino.com\/veterinaire\/confolens-16500\/boutique\/wp-json\/wp\/v2\/product_cat?post=94495"},{"taxonomy":"product_tag","embeddable":true,"href":"https:\/\/www.vetorino.com\/veterinaire\/confolens-16500\/boutique\/wp-json\/wp\/v2\/product_tag?post=94495"}],"curies":[{"name":"wp","href":"https:\/\/api.w.org\/{rel}","templated":true}]}}