{"id":94640,"date":"2020-06-29T15:08:19","date_gmt":"2020-06-29T13:08:19","guid":{"rendered":"https:\/\/www.vetorino.com\/boutique\/product\/couche-jetable-pour-chien\/"},"modified":"2025-07-21T16:40:46","modified_gmt":"2025-07-21T14:40:46","slug":"couche-jetable-pour-chien","status":"publish","type":"product","link":"https:\/\/www.vetorino.com\/veterinaire\/confolens-16500\/boutique\/product\/couche-jetable-pour-chien\/","title":{"rendered":"Couche jetable pour chien"},"content":{"rendered":"<p>Couche culotte pour chien ou chienne incontinent ou en p\u00e9riode de chaleur .<\/p>\n<ul>\n<li>Ressemble aux couches culottes traditionnelles pour enfant avec une ouverture pour le passage de la queue du chien.<\/li>\n<li>Elastique r\u00e9glable.<\/li>\n<li>Attaches adh\u00e9sives.<\/li>\n<li>Syst\u00e8me anti-fuite.<\/li>\n<li>Les couches existent en 4 tailles en fonction du tour de taille de l&#8217;animal, chaque paquet contient 12 couches.<\/li>\n<\/ul>\n","protected":false},"excerpt":{"rendered":"<p>Ces couches sont id\u00e9ales pour l&#8217;\u00e9ducation du chiot \u00e0 la propret\u00e9. Votre chien n&#8217;aimera pas \u00eatre mouill\u00e9 ou faire ses besoins dans sa couche, il sera donc oblig\u00e9 de demander \u00e0 sortir pour faire ses besoins.<br \/>\nElles conviennent aussi pour les\u00a0chiennes en chaleur ou les chiens incontinents.<\/p>\n","protected":false},"featured_media":620914,"template":"","meta":[],"product_cat":[2698,12561],"product_tag":[],"class_list":{"0":"post-94640","1":"product","2":"type-product","3":"status-publish","4":"has-post-thumbnail","6":"product_cat-chien","7":"product_cat-hygiene-du-chien","8":"pa_marque-camon","10":"first","11":"instock","12":"taxable","13":"shipping-taxable","14":"purchasable","15":"product-type-variable"},"yoast_head":"<!-- This site is optimized with the Yoast SEO plugin v27.3 - https:\/\/yoast.com\/product\/yoast-seo-wordpress\/ -->\n<title>Couche jetable pour chien Camon - V\u00e9torino<\/title>\n<meta name=\"description\" content=\"Ces couches sont id\u00e9ales pour l&#039;\u00e9ducation du chiot \u00e0 la propret\u00e9. Votre chien n&#039;aimera pas \u00eatre mouill\u00e9 ou faire ses besoins dans sa couche, il sera donc oblig\u00e9 de demander \u00e0 sortir pour faire ses besoins. Elles conviennent aussi pour les\u00a0chiennes en chaleur ou les chiens incontinents.\" \/>\n<meta name=\"robots\" content=\"noindex, nofollow\" \/>\n<meta property=\"og:locale\" content=\"fr_FR\" \/>\n<meta property=\"og:type\" content=\"article\" \/>\n<meta property=\"og:title\" content=\"Couche jetable pour chien Camon - V\u00e9torino\" \/>\n<meta property=\"og:description\" content=\"Ces couches sont id\u00e9ales pour l&#039;\u00e9ducation du chiot \u00e0 la propret\u00e9. Votre chien n&#039;aimera pas \u00eatre mouill\u00e9 ou faire ses besoins dans sa couche, il sera donc oblig\u00e9 de demander \u00e0 sortir pour faire ses besoins. Elles conviennent aussi pour les\u00a0chiennes en chaleur ou les chiens incontinents.\" \/>\n<meta property=\"og:url\" content=\"https:\/\/www.vetorino.com\/veterinaire\/confolens-16500\/boutique\/product\/couche-jetable-pour-chien\/\" \/>\n<meta property=\"og:site_name\" content=\"V\u00e9torino\" \/>\n<meta property=\"article:publisher\" content=\"https:\/\/www.facebook.com\/Vetorino\/\" \/>\n<meta property=\"article:modified_time\" content=\"2025-07-21T14:40:46+00:00\" \/>\n<meta property=\"og:image\" content=\"https:\/\/www.vetorino.com\/boutique\/wp-content\/uploads\/2020\/06\/couche_1.jpg\" \/>\n\t<meta property=\"og:image:width\" content=\"500\" \/>\n\t<meta property=\"og:image:height\" content=\"372\" \/>\n\t<meta property=\"og:image:type\" content=\"image\/jpeg\" \/>\n<meta name=\"twitter:card\" content=\"summary_large_image\" \/>\n<meta name=\"twitter:label1\" content=\"Disponibilit\u00e9\" \/>\n\t<meta name=\"twitter:data1\" content=\"En stock\" \/>\n<script type=\"application\/ld+json\" class=\"yoast-schema-graph\">{\"@context\":\"https:\\\/\\\/schema.org\",\"@graph\":[{\"@type\":\"WebPage\",\"@id\":\"https:\\\/\\\/www.vetorino.com\\\/boutique\\\/product\\\/couche-jetable-pour-chien\\\/\",\"url\":\"https:\\\/\\\/www.vetorino.com\\\/boutique\\\/product\\\/couche-jetable-pour-chien\\\/\",\"name\":\"Couche jetable pour chien Camon - V\u00e9torino\",\"isPartOf\":{\"@id\":\"https:\\\/\\\/www.vetorino.com\\\/boutique\\\/#website\"},\"primaryImageOfPage\":{\"@id\":\"https:\\\/\\\/www.vetorino.com\\\/boutique\\\/product\\\/couche-jetable-pour-chien\\\/#primaryimage\"},\"image\":{\"@id\":\"https:\\\/\\\/www.vetorino.com\\\/boutique\\\/product\\\/couche-jetable-pour-chien\\\/#primaryimage\"},\"thumbnailUrl\":\"https:\\\/\\\/www.vetorino.com\\\/boutique\\\/wp-content\\\/uploads\\\/2020\\\/06\\\/couche_1.jpg\",\"datePublished\":\"2020-06-29T13:08:19+00:00\",\"dateModified\":\"2025-07-21T14:40:46+00:00\",\"description\":\"Ces couches sont id\u00e9ales pour l'\u00e9ducation du chiot \u00e0 la propret\u00e9. Votre chien n'aimera pas \u00eatre mouill\u00e9 ou faire ses besoins dans sa couche, il sera donc oblig\u00e9 de demander \u00e0 sortir pour faire ses besoins. Elles conviennent aussi pour les\u00a0chiennes en chaleur ou les chiens incontinents.\",\"breadcrumb\":{\"@id\":\"https:\\\/\\\/www.vetorino.com\\\/boutique\\\/product\\\/couche-jetable-pour-chien\\\/#breadcrumb\"},\"inLanguage\":\"fr-FR\",\"potentialAction\":[{\"@type\":\"ReadAction\",\"target\":[\"https:\\\/\\\/www.vetorino.com\\\/boutique\\\/product\\\/couche-jetable-pour-chien\\\/\"]}]},{\"@type\":\"ImageObject\",\"inLanguage\":\"fr-FR\",\"@id\":\"https:\\\/\\\/www.vetorino.com\\\/boutique\\\/product\\\/couche-jetable-pour-chien\\\/#primaryimage\",\"url\":\"https:\\\/\\\/www.vetorino.com\\\/boutique\\\/wp-content\\\/uploads\\\/2020\\\/06\\\/couche_1.jpg\",\"contentUrl\":\"https:\\\/\\\/www.vetorino.com\\\/boutique\\\/wp-content\\\/uploads\\\/2020\\\/06\\\/couche_1.jpg\",\"width\":500,\"height\":372},{\"@type\":\"BreadcrumbList\",\"@id\":\"https:\\\/\\\/www.vetorino.com\\\/boutique\\\/product\\\/couche-jetable-pour-chien\\\/#breadcrumb\",\"itemListElement\":[{\"@type\":\"ListItem\",\"position\":1,\"name\":\"Accueil\",\"item\":\"https:\\\/\\\/www.vetorino.com\\\/boutique\\\/\"},{\"@type\":\"ListItem\",\"position\":2,\"name\":\"Produits\",\"item\":\"https:\\\/\\\/www.vetorino.com\\\/boutique\\\/\"},{\"@type\":\"ListItem\",\"position\":3,\"name\":\"Couche jetable pour chien\"}]},{\"@type\":\"WebSite\",\"@id\":\"https:\\\/\\\/www.vetorino.com\\\/boutique\\\/#website\",\"url\":\"https:\\\/\\\/www.vetorino.com\\\/boutique\\\/\",\"name\":\"V\u00e9torino\",\"description\":\"\",\"publisher\":{\"@id\":\"https:\\\/\\\/www.vetorino.com\\\/boutique\\\/#organization\"},\"potentialAction\":[{\"@type\":\"SearchAction\",\"target\":{\"@type\":\"EntryPoint\",\"urlTemplate\":\"https:\\\/\\\/www.vetorino.com\\\/boutique\\\/?s={search_term_string}\"},\"query-input\":{\"@type\":\"PropertyValueSpecification\",\"valueRequired\":true,\"valueName\":\"search_term_string\"}}],\"inLanguage\":\"fr-FR\"},{\"@type\":\"Organization\",\"@id\":\"https:\\\/\\\/www.vetorino.com\\\/boutique\\\/#organization\",\"name\":\"V\u00e9torino\",\"url\":\"https:\\\/\\\/www.vetorino.com\\\/boutique\\\/\",\"logo\":{\"@type\":\"ImageObject\",\"inLanguage\":\"fr-FR\",\"@id\":\"https:\\\/\\\/www.vetorino.com\\\/boutique\\\/#\\\/schema\\\/logo\\\/image\\\/\",\"url\":\"https:\\\/\\\/www.vetorino.com\\\/boutique\\\/wp-content\\\/uploads\\\/2024\\\/10\\\/logo.jpg\",\"contentUrl\":\"https:\\\/\\\/www.vetorino.com\\\/boutique\\\/wp-content\\\/uploads\\\/2024\\\/10\\\/logo.jpg\",\"width\":1200,\"height\":610,\"caption\":\"V\u00e9torino\"},\"image\":{\"@id\":\"https:\\\/\\\/www.vetorino.com\\\/boutique\\\/#\\\/schema\\\/logo\\\/image\\\/\"},\"sameAs\":[\"https:\\\/\\\/www.facebook.com\\\/Vetorino\\\/\",\"https:\\\/\\\/www.instagram.com\\\/vetorino_off\\\/\",\"https:\\\/\\\/www.linkedin.com\\\/company\\\/vtorino\\\/\"]}]}<\/script>\n<meta property=\"product:brand\" content=\"Camon\" \/>\n<meta property=\"og:availability\" content=\"instock\" \/>\n<meta property=\"product:availability\" content=\"instock\" \/>\n<meta property=\"product:condition\" content=\"new\" \/>\n<!-- \/ Yoast SEO plugin. -->","yoast_head_json":{"title":"Couche jetable pour chien Camon - V\u00e9torino","description":"Ces couches sont id\u00e9ales pour l'\u00e9ducation du chiot \u00e0 la propret\u00e9. Votre chien n'aimera pas \u00eatre mouill\u00e9 ou faire ses besoins dans sa couche, il sera donc oblig\u00e9 de demander \u00e0 sortir pour faire ses besoins. Elles conviennent aussi pour les\u00a0chiennes en chaleur ou les chiens incontinents.","robots":{"index":"noindex","follow":"nofollow"},"og_locale":"fr_FR","og_type":"article","og_title":"Couche jetable pour chien Camon - V\u00e9torino","og_description":"Ces couches sont id\u00e9ales pour l'\u00e9ducation du chiot \u00e0 la propret\u00e9. Votre chien n'aimera pas \u00eatre mouill\u00e9 ou faire ses besoins dans sa couche, il sera donc oblig\u00e9 de demander \u00e0 sortir pour faire ses besoins. Elles conviennent aussi pour les\u00a0chiennes en chaleur ou les chiens incontinents.","og_url":"https:\/\/www.vetorino.com\/veterinaire\/confolens-16500\/boutique\/product\/couche-jetable-pour-chien\/","og_site_name":"V\u00e9torino","article_publisher":"https:\/\/www.facebook.com\/Vetorino\/","article_modified_time":"2025-07-21T14:40:46+00:00","og_image":[{"width":500,"height":372,"url":"https:\/\/www.vetorino.com\/boutique\/wp-content\/uploads\/2020\/06\/couche_1.jpg","type":"image\/jpeg"}],"twitter_card":"summary_large_image","twitter_misc":{"Disponibilit\u00e9":"En stock"},"schema":{"@context":"https:\/\/schema.org","@graph":[{"@type":"WebPage","@id":"https:\/\/www.vetorino.com\/boutique\/product\/couche-jetable-pour-chien\/","url":"https:\/\/www.vetorino.com\/boutique\/product\/couche-jetable-pour-chien\/","name":"Couche jetable pour chien Camon - V\u00e9torino","isPartOf":{"@id":"https:\/\/www.vetorino.com\/boutique\/#website"},"primaryImageOfPage":{"@id":"https:\/\/www.vetorino.com\/boutique\/product\/couche-jetable-pour-chien\/#primaryimage"},"image":{"@id":"https:\/\/www.vetorino.com\/boutique\/product\/couche-jetable-pour-chien\/#primaryimage"},"thumbnailUrl":"https:\/\/www.vetorino.com\/boutique\/wp-content\/uploads\/2020\/06\/couche_1.jpg","datePublished":"2020-06-29T13:08:19+00:00","dateModified":"2025-07-21T14:40:46+00:00","description":"Ces couches sont id\u00e9ales pour l'\u00e9ducation du chiot \u00e0 la propret\u00e9. Votre chien n'aimera pas \u00eatre mouill\u00e9 ou faire ses besoins dans sa couche, il sera donc oblig\u00e9 de demander \u00e0 sortir pour faire ses besoins. Elles conviennent aussi pour les\u00a0chiennes en chaleur ou les chiens incontinents.","breadcrumb":{"@id":"https:\/\/www.vetorino.com\/boutique\/product\/couche-jetable-pour-chien\/#breadcrumb"},"inLanguage":"fr-FR","potentialAction":[{"@type":"ReadAction","target":["https:\/\/www.vetorino.com\/boutique\/product\/couche-jetable-pour-chien\/"]}]},{"@type":"ImageObject","inLanguage":"fr-FR","@id":"https:\/\/www.vetorino.com\/boutique\/product\/couche-jetable-pour-chien\/#primaryimage","url":"https:\/\/www.vetorino.com\/boutique\/wp-content\/uploads\/2020\/06\/couche_1.jpg","contentUrl":"https:\/\/www.vetorino.com\/boutique\/wp-content\/uploads\/2020\/06\/couche_1.jpg","width":500,"height":372},{"@type":"BreadcrumbList","@id":"https:\/\/www.vetorino.com\/boutique\/product\/couche-jetable-pour-chien\/#breadcrumb","itemListElement":[{"@type":"ListItem","position":1,"name":"Accueil","item":"https:\/\/www.vetorino.com\/boutique\/"},{"@type":"ListItem","position":2,"name":"Produits","item":"https:\/\/www.vetorino.com\/boutique\/"},{"@type":"ListItem","position":3,"name":"Couche jetable pour chien"}]},{"@type":"WebSite","@id":"https:\/\/www.vetorino.com\/boutique\/#website","url":"https:\/\/www.vetorino.com\/boutique\/","name":"V\u00e9torino","description":"","publisher":{"@id":"https:\/\/www.vetorino.com\/boutique\/#organization"},"potentialAction":[{"@type":"SearchAction","target":{"@type":"EntryPoint","urlTemplate":"https:\/\/www.vetorino.com\/boutique\/?s={search_term_string}"},"query-input":{"@type":"PropertyValueSpecification","valueRequired":true,"valueName":"search_term_string"}}],"inLanguage":"fr-FR"},{"@type":"Organization","@id":"https:\/\/www.vetorino.com\/boutique\/#organization","name":"V\u00e9torino","url":"https:\/\/www.vetorino.com\/boutique\/","logo":{"@type":"ImageObject","inLanguage":"fr-FR","@id":"https:\/\/www.vetorino.com\/boutique\/#\/schema\/logo\/image\/","url":"https:\/\/www.vetorino.com\/boutique\/wp-content\/uploads\/2024\/10\/logo.jpg","contentUrl":"https:\/\/www.vetorino.com\/boutique\/wp-content\/uploads\/2024\/10\/logo.jpg","width":1200,"height":610,"caption":"V\u00e9torino"},"image":{"@id":"https:\/\/www.vetorino.com\/boutique\/#\/schema\/logo\/image\/"},"sameAs":["https:\/\/www.facebook.com\/Vetorino\/","https:\/\/www.instagram.com\/vetorino_off\/","https:\/\/www.linkedin.com\/company\/vtorino\/"]}]},"product_brand":"Camon","og_availability":"instock","product_availability":"instock","product_condition":"new"},"_links":{"self":[{"href":"https:\/\/www.vetorino.com\/veterinaire\/confolens-16500\/boutique\/wp-json\/wp\/v2\/product\/94640","targetHints":{"allow":["GET"]}}],"collection":[{"href":"https:\/\/www.vetorino.com\/veterinaire\/confolens-16500\/boutique\/wp-json\/wp\/v2\/product"}],"about":[{"href":"https:\/\/www.vetorino.com\/veterinaire\/confolens-16500\/boutique\/wp-json\/wp\/v2\/types\/product"}],"wp:featuredmedia":[{"embeddable":true,"href":"https:\/\/www.vetorino.com\/veterinaire\/confolens-16500\/boutique\/wp-json\/wp\/v2\/media\/620914"}],"wp:attachment":[{"href":"https:\/\/www.vetorino.com\/veterinaire\/confolens-16500\/boutique\/wp-json\/wp\/v2\/media?parent=94640"}],"wp:term":[{"taxonomy":"product_cat","embeddable":true,"href":"https:\/\/www.vetorino.com\/veterinaire\/confolens-16500\/boutique\/wp-json\/wp\/v2\/product_cat?post=94640"},{"taxonomy":"product_tag","embeddable":true,"href":"https:\/\/www.vetorino.com\/veterinaire\/confolens-16500\/boutique\/wp-json\/wp\/v2\/product_tag?post=94640"}],"curies":[{"name":"wp","href":"https:\/\/api.w.org\/{rel}","templated":true}]}}