{"id":94858,"date":"2020-06-29T16:24:52","date_gmt":"2020-06-29T14:24:52","guid":{"rendered":"https:\/\/www.vetorino.com\/boutique\/product\/demeloir-perfect-care\/"},"modified":"2026-03-27T14:57:31","modified_gmt":"2026-03-27T13:57:31","slug":"demeloir-perfect-care","status":"publish","type":"product","link":"https:\/\/www.vetorino.com\/veterinaire\/confolens-16500\/boutique\/product\/demeloir-perfect-care\/","title":{"rendered":"D\u00e9m\u00ealoir Perfect Care"},"content":{"rendered":"<div class='hidden'>MATERIEL<\/div>\n<div class='hidden'>Chiens<\/div>\n<p>Le d\u00e9m\u00ealoir Perfect Care convient tout particuli\u00e8rement pour les animaux \u00e0 poils longs. Les dents courb\u00e9es permettent de prendre soin et de d\u00e9m\u00ealer le poil sans douleurs.<br \/>Choisir la longueur des lames en fonction de la longueur des poils de votre chien.<\/p>\n","protected":false},"excerpt":{"rendered":"<p>MATERIEL Chiens Le d\u00e9m\u00ealoir Perfect Care convient tout particuli\u00e8rement pour les animaux \u00e0 poils longs. Les dents courb\u00e9es permettent de prendre soin et de d\u00e9m\u00ealer le poil sans douleurs.Choisir la longueur des lames en fonction de la longueur des poils de votre chien.<\/p>\n","protected":false},"featured_media":94856,"template":"","meta":[],"product_cat":[2698],"product_tag":[],"class_list":{"0":"post-94858","1":"product","2":"type-product","3":"status-publish","4":"has-post-thumbnail","6":"product_cat-chien","7":"pa_marque-zolux","9":"first","10":"instock","11":"taxable","12":"shipping-taxable","13":"purchasable","14":"product-type-variable"},"yoast_head":"<!-- This site is optimized with the Yoast SEO plugin v27.3 - https:\/\/yoast.com\/product\/yoast-seo-wordpress\/ -->\n<title>D\u00e9m\u00ealoir Perfect Care Zolux - V\u00e9torino<\/title>\n<meta name=\"description\" content=\"MATERIELChiensLe d\u00e9m\u00ealoir Perfect Care convient tout particuli\u00e8rement pour les animaux \u00e0 poils longs. Les dents courb\u00e9es permettent de prendre soin et de\" \/>\n<meta name=\"robots\" content=\"noindex, nofollow\" \/>\n<meta property=\"og:locale\" content=\"fr_FR\" \/>\n<meta property=\"og:type\" content=\"article\" \/>\n<meta property=\"og:title\" content=\"D\u00e9m\u00ealoir Perfect Care Zolux - V\u00e9torino\" \/>\n<meta property=\"og:description\" content=\"MATERIELChiensLe d\u00e9m\u00ealoir Perfect Care convient tout particuli\u00e8rement pour les animaux \u00e0 poils longs. Les dents courb\u00e9es permettent de prendre soin et de\" \/>\n<meta property=\"og:url\" content=\"https:\/\/www.vetorino.com\/veterinaire\/confolens-16500\/boutique\/product\/demeloir-perfect-care\/\" \/>\n<meta property=\"og:site_name\" content=\"V\u00e9torino\" \/>\n<meta property=\"article:publisher\" content=\"https:\/\/www.facebook.com\/Vetorino\/\" \/>\n<meta property=\"article:modified_time\" content=\"2026-03-27T13:57:31+00:00\" \/>\n<meta property=\"og:image\" content=\"https:\/\/www.vetorino.com\/boutique\/wp-content\/uploads\/2020\/06\/FilsDEM715FormatMediumTypeIM.png\" \/>\n\t<meta property=\"og:image:width\" content=\"400\" \/>\n\t<meta property=\"og:image:height\" content=\"400\" \/>\n\t<meta property=\"og:image:type\" content=\"image\/png\" \/>\n<meta name=\"twitter:card\" content=\"summary_large_image\" \/>\n<meta name=\"twitter:label1\" content=\"Disponibilit\u00e9\" \/>\n\t<meta name=\"twitter:data1\" content=\"En stock\" \/>\n<script type=\"application\/ld+json\" class=\"yoast-schema-graph\">{\"@context\":\"https:\\\/\\\/schema.org\",\"@graph\":[{\"@type\":\"WebPage\",\"@id\":\"https:\\\/\\\/www.vetorino.com\\\/boutique\\\/product\\\/demeloir-perfect-care\\\/\",\"url\":\"https:\\\/\\\/www.vetorino.com\\\/boutique\\\/product\\\/demeloir-perfect-care\\\/\",\"name\":\"D\u00e9m\u00ealoir Perfect Care Zolux - V\u00e9torino\",\"isPartOf\":{\"@id\":\"https:\\\/\\\/www.vetorino.com\\\/boutique\\\/#website\"},\"primaryImageOfPage\":{\"@id\":\"https:\\\/\\\/www.vetorino.com\\\/boutique\\\/product\\\/demeloir-perfect-care\\\/#primaryimage\"},\"image\":{\"@id\":\"https:\\\/\\\/www.vetorino.com\\\/boutique\\\/product\\\/demeloir-perfect-care\\\/#primaryimage\"},\"thumbnailUrl\":\"https:\\\/\\\/www.vetorino.com\\\/boutique\\\/wp-content\\\/uploads\\\/2020\\\/06\\\/FilsDEM715FormatMediumTypeIM.png\",\"datePublished\":\"2020-06-29T14:24:52+00:00\",\"dateModified\":\"2026-03-27T13:57:31+00:00\",\"description\":\"MATERIELChiensLe d\u00e9m\u00ealoir Perfect Care convient tout particuli\u00e8rement pour les animaux \u00e0 poils longs. Les dents courb\u00e9es permettent de prendre soin et de\",\"breadcrumb\":{\"@id\":\"https:\\\/\\\/www.vetorino.com\\\/boutique\\\/product\\\/demeloir-perfect-care\\\/#breadcrumb\"},\"inLanguage\":\"fr-FR\",\"potentialAction\":[{\"@type\":\"ReadAction\",\"target\":[\"https:\\\/\\\/www.vetorino.com\\\/boutique\\\/product\\\/demeloir-perfect-care\\\/\"]}]},{\"@type\":\"ImageObject\",\"inLanguage\":\"fr-FR\",\"@id\":\"https:\\\/\\\/www.vetorino.com\\\/boutique\\\/product\\\/demeloir-perfect-care\\\/#primaryimage\",\"url\":\"https:\\\/\\\/www.vetorino.com\\\/boutique\\\/wp-content\\\/uploads\\\/2020\\\/06\\\/FilsDEM715FormatMediumTypeIM.png\",\"contentUrl\":\"https:\\\/\\\/www.vetorino.com\\\/boutique\\\/wp-content\\\/uploads\\\/2020\\\/06\\\/FilsDEM715FormatMediumTypeIM.png\",\"width\":400,\"height\":400},{\"@type\":\"BreadcrumbList\",\"@id\":\"https:\\\/\\\/www.vetorino.com\\\/boutique\\\/product\\\/demeloir-perfect-care\\\/#breadcrumb\",\"itemListElement\":[{\"@type\":\"ListItem\",\"position\":1,\"name\":\"Accueil\",\"item\":\"https:\\\/\\\/www.vetorino.com\\\/boutique\\\/\"},{\"@type\":\"ListItem\",\"position\":2,\"name\":\"Produits\",\"item\":\"https:\\\/\\\/www.vetorino.com\\\/boutique\\\/\"},{\"@type\":\"ListItem\",\"position\":3,\"name\":\"D\u00e9m\u00ealoir Perfect Care\"}]},{\"@type\":\"WebSite\",\"@id\":\"https:\\\/\\\/www.vetorino.com\\\/boutique\\\/#website\",\"url\":\"https:\\\/\\\/www.vetorino.com\\\/boutique\\\/\",\"name\":\"V\u00e9torino\",\"description\":\"\",\"publisher\":{\"@id\":\"https:\\\/\\\/www.vetorino.com\\\/boutique\\\/#organization\"},\"potentialAction\":[{\"@type\":\"SearchAction\",\"target\":{\"@type\":\"EntryPoint\",\"urlTemplate\":\"https:\\\/\\\/www.vetorino.com\\\/boutique\\\/?s={search_term_string}\"},\"query-input\":{\"@type\":\"PropertyValueSpecification\",\"valueRequired\":true,\"valueName\":\"search_term_string\"}}],\"inLanguage\":\"fr-FR\"},{\"@type\":\"Organization\",\"@id\":\"https:\\\/\\\/www.vetorino.com\\\/boutique\\\/#organization\",\"name\":\"V\u00e9torino\",\"url\":\"https:\\\/\\\/www.vetorino.com\\\/boutique\\\/\",\"logo\":{\"@type\":\"ImageObject\",\"inLanguage\":\"fr-FR\",\"@id\":\"https:\\\/\\\/www.vetorino.com\\\/boutique\\\/#\\\/schema\\\/logo\\\/image\\\/\",\"url\":\"https:\\\/\\\/www.vetorino.com\\\/boutique\\\/wp-content\\\/uploads\\\/2024\\\/10\\\/logo.jpg\",\"contentUrl\":\"https:\\\/\\\/www.vetorino.com\\\/boutique\\\/wp-content\\\/uploads\\\/2024\\\/10\\\/logo.jpg\",\"width\":1200,\"height\":610,\"caption\":\"V\u00e9torino\"},\"image\":{\"@id\":\"https:\\\/\\\/www.vetorino.com\\\/boutique\\\/#\\\/schema\\\/logo\\\/image\\\/\"},\"sameAs\":[\"https:\\\/\\\/www.facebook.com\\\/Vetorino\\\/\",\"https:\\\/\\\/www.instagram.com\\\/vetorino_off\\\/\",\"https:\\\/\\\/www.linkedin.com\\\/company\\\/vtorino\\\/\"]}]}<\/script>\n<meta property=\"product:brand\" content=\"Zolux\" \/>\n<meta property=\"og:availability\" content=\"instock\" \/>\n<meta property=\"product:availability\" content=\"instock\" \/>\n<meta property=\"product:condition\" content=\"new\" \/>\n<!-- \/ Yoast SEO plugin. -->","yoast_head_json":{"title":"D\u00e9m\u00ealoir Perfect Care Zolux - V\u00e9torino","description":"MATERIELChiensLe d\u00e9m\u00ealoir Perfect Care convient tout particuli\u00e8rement pour les animaux \u00e0 poils longs. Les dents courb\u00e9es permettent de prendre soin et de","robots":{"index":"noindex","follow":"nofollow"},"og_locale":"fr_FR","og_type":"article","og_title":"D\u00e9m\u00ealoir Perfect Care Zolux - V\u00e9torino","og_description":"MATERIELChiensLe d\u00e9m\u00ealoir Perfect Care convient tout particuli\u00e8rement pour les animaux \u00e0 poils longs. Les dents courb\u00e9es permettent de prendre soin et de","og_url":"https:\/\/www.vetorino.com\/veterinaire\/confolens-16500\/boutique\/product\/demeloir-perfect-care\/","og_site_name":"V\u00e9torino","article_publisher":"https:\/\/www.facebook.com\/Vetorino\/","article_modified_time":"2026-03-27T13:57:31+00:00","og_image":[{"width":400,"height":400,"url":"https:\/\/www.vetorino.com\/boutique\/wp-content\/uploads\/2020\/06\/FilsDEM715FormatMediumTypeIM.png","type":"image\/png"}],"twitter_card":"summary_large_image","twitter_misc":{"Disponibilit\u00e9":"En stock"},"schema":{"@context":"https:\/\/schema.org","@graph":[{"@type":"WebPage","@id":"https:\/\/www.vetorino.com\/boutique\/product\/demeloir-perfect-care\/","url":"https:\/\/www.vetorino.com\/boutique\/product\/demeloir-perfect-care\/","name":"D\u00e9m\u00ealoir Perfect Care Zolux - V\u00e9torino","isPartOf":{"@id":"https:\/\/www.vetorino.com\/boutique\/#website"},"primaryImageOfPage":{"@id":"https:\/\/www.vetorino.com\/boutique\/product\/demeloir-perfect-care\/#primaryimage"},"image":{"@id":"https:\/\/www.vetorino.com\/boutique\/product\/demeloir-perfect-care\/#primaryimage"},"thumbnailUrl":"https:\/\/www.vetorino.com\/boutique\/wp-content\/uploads\/2020\/06\/FilsDEM715FormatMediumTypeIM.png","datePublished":"2020-06-29T14:24:52+00:00","dateModified":"2026-03-27T13:57:31+00:00","description":"MATERIELChiensLe d\u00e9m\u00ealoir Perfect Care convient tout particuli\u00e8rement pour les animaux \u00e0 poils longs. Les dents courb\u00e9es permettent de prendre soin et de","breadcrumb":{"@id":"https:\/\/www.vetorino.com\/boutique\/product\/demeloir-perfect-care\/#breadcrumb"},"inLanguage":"fr-FR","potentialAction":[{"@type":"ReadAction","target":["https:\/\/www.vetorino.com\/boutique\/product\/demeloir-perfect-care\/"]}]},{"@type":"ImageObject","inLanguage":"fr-FR","@id":"https:\/\/www.vetorino.com\/boutique\/product\/demeloir-perfect-care\/#primaryimage","url":"https:\/\/www.vetorino.com\/boutique\/wp-content\/uploads\/2020\/06\/FilsDEM715FormatMediumTypeIM.png","contentUrl":"https:\/\/www.vetorino.com\/boutique\/wp-content\/uploads\/2020\/06\/FilsDEM715FormatMediumTypeIM.png","width":400,"height":400},{"@type":"BreadcrumbList","@id":"https:\/\/www.vetorino.com\/boutique\/product\/demeloir-perfect-care\/#breadcrumb","itemListElement":[{"@type":"ListItem","position":1,"name":"Accueil","item":"https:\/\/www.vetorino.com\/boutique\/"},{"@type":"ListItem","position":2,"name":"Produits","item":"https:\/\/www.vetorino.com\/boutique\/"},{"@type":"ListItem","position":3,"name":"D\u00e9m\u00ealoir Perfect Care"}]},{"@type":"WebSite","@id":"https:\/\/www.vetorino.com\/boutique\/#website","url":"https:\/\/www.vetorino.com\/boutique\/","name":"V\u00e9torino","description":"","publisher":{"@id":"https:\/\/www.vetorino.com\/boutique\/#organization"},"potentialAction":[{"@type":"SearchAction","target":{"@type":"EntryPoint","urlTemplate":"https:\/\/www.vetorino.com\/boutique\/?s={search_term_string}"},"query-input":{"@type":"PropertyValueSpecification","valueRequired":true,"valueName":"search_term_string"}}],"inLanguage":"fr-FR"},{"@type":"Organization","@id":"https:\/\/www.vetorino.com\/boutique\/#organization","name":"V\u00e9torino","url":"https:\/\/www.vetorino.com\/boutique\/","logo":{"@type":"ImageObject","inLanguage":"fr-FR","@id":"https:\/\/www.vetorino.com\/boutique\/#\/schema\/logo\/image\/","url":"https:\/\/www.vetorino.com\/boutique\/wp-content\/uploads\/2024\/10\/logo.jpg","contentUrl":"https:\/\/www.vetorino.com\/boutique\/wp-content\/uploads\/2024\/10\/logo.jpg","width":1200,"height":610,"caption":"V\u00e9torino"},"image":{"@id":"https:\/\/www.vetorino.com\/boutique\/#\/schema\/logo\/image\/"},"sameAs":["https:\/\/www.facebook.com\/Vetorino\/","https:\/\/www.instagram.com\/vetorino_off\/","https:\/\/www.linkedin.com\/company\/vtorino\/"]}]},"product_brand":"Zolux","og_availability":"instock","product_availability":"instock","product_condition":"new"},"_links":{"self":[{"href":"https:\/\/www.vetorino.com\/veterinaire\/confolens-16500\/boutique\/wp-json\/wp\/v2\/product\/94858","targetHints":{"allow":["GET"]}}],"collection":[{"href":"https:\/\/www.vetorino.com\/veterinaire\/confolens-16500\/boutique\/wp-json\/wp\/v2\/product"}],"about":[{"href":"https:\/\/www.vetorino.com\/veterinaire\/confolens-16500\/boutique\/wp-json\/wp\/v2\/types\/product"}],"wp:featuredmedia":[{"embeddable":true,"href":"https:\/\/www.vetorino.com\/veterinaire\/confolens-16500\/boutique\/wp-json\/wp\/v2\/media\/94856"}],"wp:attachment":[{"href":"https:\/\/www.vetorino.com\/veterinaire\/confolens-16500\/boutique\/wp-json\/wp\/v2\/media?parent=94858"}],"wp:term":[{"taxonomy":"product_cat","embeddable":true,"href":"https:\/\/www.vetorino.com\/veterinaire\/confolens-16500\/boutique\/wp-json\/wp\/v2\/product_cat?post=94858"},{"taxonomy":"product_tag","embeddable":true,"href":"https:\/\/www.vetorino.com\/veterinaire\/confolens-16500\/boutique\/wp-json\/wp\/v2\/product_tag?post=94858"}],"curies":[{"name":"wp","href":"https:\/\/api.w.org\/{rel}","templated":true}]}}