{"id":94868,"date":"2020-06-29T16:56:41","date_gmt":"2020-06-29T14:56:41","guid":{"rendered":"https:\/\/www.vetorino.com\/boutique\/product\/dentalplak-poisson-2\/"},"modified":"2025-12-23T16:36:41","modified_gmt":"2025-12-23T15:36:41","slug":"dentalplak-poisson-2","status":"publish","type":"product","link":"https:\/\/www.vetorino.com\/veterinaire\/confolens-16500\/boutique\/product\/dentalplak-poisson-2\/","title":{"rendered":"Dentifrice liquide DENTALPLAK poisson pour Chat"},"content":{"rendered":"<div class=\"hidden\">\n<p><strong>Dentifrice buvable pour chien et chat \u00e0 diluer dans l&#8217;eau de boisson.<\/strong><\/p>\n<p><strong>Utilisation :<\/strong><\/p>\n<ul>\n<li>Rafraichit l&#8217;haleine<\/li>\n<li>Aide \u00e0 r\u00e9duire et pr\u00e9venir la plaque dentaire<\/li>\n<\/ul>\n<p><strong>Avantages :<\/strong><\/p>\n<ul>\n<li>Sans chlorhexidine ni aucun antiseptique synth\u00e9tique.<\/li>\n<li>Il ne perturbe pas le transit intestinal de l\u2019animal.<\/li>\n<li>Le xylitol, extrait v\u00e9g\u00e9tal issu du bouleau, est un \u00e9dulcorant naturel aux propri\u00e9t\u00e9s antibact\u00e9riennes et anti-tartre.<\/li>\n<li>Un bon gout de poisson pour encourager votre chat \u00e0 boire.<\/li>\n<\/ul>\n<\/div>\n","protected":false},"excerpt":{"rendered":"<p><strong>Dentalplak<\/strong> dentifrice buvable pour chat \u00e0 diluer dans l&#8217;eau de boisson, rafraichit l&#8217;haleine et pr\u00e9vient la formation de la plaque dentaire.<\/p>\n<p>Cette vari\u00e9t\u00e9 au poisson est particuli\u00e8rement appr\u00e9ci\u00e9e par les chats.<\/p>\n","protected":false},"featured_media":594543,"template":"","meta":[],"product_cat":[2697,12609,12560],"product_tag":[],"class_list":{"0":"post-94868","1":"product","2":"type-product","3":"status-publish","4":"has-post-thumbnail","6":"product_cat-chat","7":"product_cat-hygiene-bucco-dentaire-du-chat","8":"product_cat-hygiene-du-chat","9":"pa_marque-greenvet","11":"first","12":"instock","13":"taxable","14":"shipping-taxable","15":"purchasable","16":"product-type-simple"},"yoast_head":"<!-- This site is optimized with the Yoast SEO plugin v27.3 - https:\/\/yoast.com\/product\/yoast-seo-wordpress\/ -->\n<title>Dentifrice liquide DENTALPLAK poisson pour Chat Greenvet - V\u00e9torino<\/title>\n<meta name=\"description\" content=\"Dentalplak dentifrice buvable pour chat \u00e0 diluer dans l&#039;eau de boisson, rafraichit l&#039;haleine et pr\u00e9vient la formation de la plaque dentaire.  Cette vari\u00e9t\u00e9 au poisson est particuli\u00e8rement appr\u00e9ci\u00e9e par les chats.\" \/>\n<meta name=\"robots\" content=\"noindex, nofollow\" \/>\n<meta property=\"og:locale\" content=\"fr_FR\" \/>\n<meta property=\"og:type\" content=\"article\" \/>\n<meta property=\"og:title\" content=\"Dentifrice liquide DENTALPLAK poisson pour Chat Greenvet - V\u00e9torino\" \/>\n<meta property=\"og:description\" content=\"Dentalplak dentifrice buvable pour chat \u00e0 diluer dans l&#039;eau de boisson, rafraichit l&#039;haleine et pr\u00e9vient la formation de la plaque dentaire.  Cette vari\u00e9t\u00e9 au poisson est particuli\u00e8rement appr\u00e9ci\u00e9e par les chats.\" \/>\n<meta property=\"og:url\" content=\"https:\/\/www.vetorino.com\/veterinaire\/confolens-16500\/boutique\/product\/dentalplak-poisson-2\/\" \/>\n<meta property=\"og:site_name\" content=\"V\u00e9torino\" \/>\n<meta property=\"article:publisher\" content=\"https:\/\/www.facebook.com\/Vetorino\/\" \/>\n<meta property=\"article:modified_time\" content=\"2025-12-23T15:36:41+00:00\" \/>\n<meta property=\"og:image\" content=\"https:\/\/www.vetorino.com\/boutique\/wp-content\/uploads\/2020\/03\/dentalplak-dentifrice-liquide-poisson.jpg.png\" \/>\n\t<meta property=\"og:image:width\" content=\"800\" \/>\n\t<meta property=\"og:image:height\" content=\"800\" \/>\n\t<meta property=\"og:image:type\" content=\"image\/png\" \/>\n<meta name=\"twitter:card\" content=\"summary_large_image\" \/>\n<meta name=\"twitter:label1\" content=\"Prix\" \/>\n\t<meta name=\"twitter:data1\" content=\"11,67&euro;\" \/>\n\t<meta name=\"twitter:label2\" content=\"Disponibilit\u00e9\" \/>\n\t<meta name=\"twitter:data2\" content=\"En stock\" \/>\n<script type=\"application\/ld+json\" class=\"yoast-schema-graph\">{\"@context\":\"https:\\\/\\\/schema.org\",\"@graph\":[{\"@type\":\"WebPage\",\"@id\":\"https:\\\/\\\/www.vetorino.com\\\/boutique\\\/product\\\/dentalplak-poisson-2\\\/\",\"url\":\"https:\\\/\\\/www.vetorino.com\\\/boutique\\\/product\\\/dentalplak-poisson-2\\\/\",\"name\":\"Dentifrice liquide DENTALPLAK poisson pour Chat Greenvet - V\u00e9torino\",\"isPartOf\":{\"@id\":\"https:\\\/\\\/www.vetorino.com\\\/boutique\\\/#website\"},\"primaryImageOfPage\":{\"@id\":\"https:\\\/\\\/www.vetorino.com\\\/boutique\\\/product\\\/dentalplak-poisson-2\\\/#primaryimage\"},\"image\":{\"@id\":\"https:\\\/\\\/www.vetorino.com\\\/boutique\\\/product\\\/dentalplak-poisson-2\\\/#primaryimage\"},\"thumbnailUrl\":\"https:\\\/\\\/www.vetorino.com\\\/boutique\\\/wp-content\\\/uploads\\\/2020\\\/03\\\/dentalplak-dentifrice-liquide-poisson.jpg.png\",\"datePublished\":\"2020-06-29T14:56:41+00:00\",\"dateModified\":\"2025-12-23T15:36:41+00:00\",\"description\":\"Dentalplak dentifrice buvable pour chat \u00e0 diluer dans l'eau de boisson, rafraichit l'haleine et pr\u00e9vient la formation de la plaque dentaire. Cette vari\u00e9t\u00e9 au poisson est particuli\u00e8rement appr\u00e9ci\u00e9e par les chats.\",\"breadcrumb\":{\"@id\":\"https:\\\/\\\/www.vetorino.com\\\/boutique\\\/product\\\/dentalplak-poisson-2\\\/#breadcrumb\"},\"inLanguage\":\"fr-FR\",\"potentialAction\":[{\"@type\":\"ReadAction\",\"target\":[\"https:\\\/\\\/www.vetorino.com\\\/boutique\\\/product\\\/dentalplak-poisson-2\\\/\"]}]},{\"@type\":\"ImageObject\",\"inLanguage\":\"fr-FR\",\"@id\":\"https:\\\/\\\/www.vetorino.com\\\/boutique\\\/product\\\/dentalplak-poisson-2\\\/#primaryimage\",\"url\":\"https:\\\/\\\/www.vetorino.com\\\/boutique\\\/wp-content\\\/uploads\\\/2020\\\/03\\\/dentalplak-dentifrice-liquide-poisson.jpg.png\",\"contentUrl\":\"https:\\\/\\\/www.vetorino.com\\\/boutique\\\/wp-content\\\/uploads\\\/2020\\\/03\\\/dentalplak-dentifrice-liquide-poisson.jpg.png\",\"width\":800,\"height\":800},{\"@type\":\"BreadcrumbList\",\"@id\":\"https:\\\/\\\/www.vetorino.com\\\/boutique\\\/product\\\/dentalplak-poisson-2\\\/#breadcrumb\",\"itemListElement\":[{\"@type\":\"ListItem\",\"position\":1,\"name\":\"Accueil\",\"item\":\"https:\\\/\\\/www.vetorino.com\\\/boutique\\\/\"},{\"@type\":\"ListItem\",\"position\":2,\"name\":\"Produits\",\"item\":\"https:\\\/\\\/www.vetorino.com\\\/boutique\\\/\"},{\"@type\":\"ListItem\",\"position\":3,\"name\":\"Dentifrice liquide DENTALPLAK poisson pour Chat\"}]},{\"@type\":\"WebSite\",\"@id\":\"https:\\\/\\\/www.vetorino.com\\\/boutique\\\/#website\",\"url\":\"https:\\\/\\\/www.vetorino.com\\\/boutique\\\/\",\"name\":\"V\u00e9torino\",\"description\":\"\",\"publisher\":{\"@id\":\"https:\\\/\\\/www.vetorino.com\\\/boutique\\\/#organization\"},\"potentialAction\":[{\"@type\":\"SearchAction\",\"target\":{\"@type\":\"EntryPoint\",\"urlTemplate\":\"https:\\\/\\\/www.vetorino.com\\\/boutique\\\/?s={search_term_string}\"},\"query-input\":{\"@type\":\"PropertyValueSpecification\",\"valueRequired\":true,\"valueName\":\"search_term_string\"}}],\"inLanguage\":\"fr-FR\"},{\"@type\":\"Organization\",\"@id\":\"https:\\\/\\\/www.vetorino.com\\\/boutique\\\/#organization\",\"name\":\"V\u00e9torino\",\"url\":\"https:\\\/\\\/www.vetorino.com\\\/boutique\\\/\",\"logo\":{\"@type\":\"ImageObject\",\"inLanguage\":\"fr-FR\",\"@id\":\"https:\\\/\\\/www.vetorino.com\\\/boutique\\\/#\\\/schema\\\/logo\\\/image\\\/\",\"url\":\"https:\\\/\\\/www.vetorino.com\\\/boutique\\\/wp-content\\\/uploads\\\/2024\\\/10\\\/logo.jpg\",\"contentUrl\":\"https:\\\/\\\/www.vetorino.com\\\/boutique\\\/wp-content\\\/uploads\\\/2024\\\/10\\\/logo.jpg\",\"width\":1200,\"height\":610,\"caption\":\"V\u00e9torino\"},\"image\":{\"@id\":\"https:\\\/\\\/www.vetorino.com\\\/boutique\\\/#\\\/schema\\\/logo\\\/image\\\/\"},\"sameAs\":[\"https:\\\/\\\/www.facebook.com\\\/Vetorino\\\/\",\"https:\\\/\\\/www.instagram.com\\\/vetorino_off\\\/\",\"https:\\\/\\\/www.linkedin.com\\\/company\\\/vtorino\\\/\"]}]}<\/script>\n<meta property=\"product:brand\" content=\"Greenvet\" \/>\n<meta property=\"product:price:amount\" content=\"11.67\" \/>\n<meta property=\"product:price:currency\" content=\"EUR\" \/>\n<meta property=\"og:availability\" content=\"instock\" \/>\n<meta property=\"product:availability\" content=\"instock\" \/>\n<meta property=\"product:retailer_item_id\" content=\"C-DEN010\" \/>\n<meta property=\"product:condition\" content=\"new\" \/>\n<!-- \/ Yoast SEO plugin. -->","yoast_head_json":{"title":"Dentifrice liquide DENTALPLAK poisson pour Chat Greenvet - V\u00e9torino","description":"Dentalplak dentifrice buvable pour chat \u00e0 diluer dans l'eau de boisson, rafraichit l'haleine et pr\u00e9vient la formation de la plaque dentaire.  Cette vari\u00e9t\u00e9 au poisson est particuli\u00e8rement appr\u00e9ci\u00e9e par les chats.","robots":{"index":"noindex","follow":"nofollow"},"og_locale":"fr_FR","og_type":"article","og_title":"Dentifrice liquide DENTALPLAK poisson pour Chat Greenvet - V\u00e9torino","og_description":"Dentalplak dentifrice buvable pour chat \u00e0 diluer dans l'eau de boisson, rafraichit l'haleine et pr\u00e9vient la formation de la plaque dentaire.  Cette vari\u00e9t\u00e9 au poisson est particuli\u00e8rement appr\u00e9ci\u00e9e par les chats.","og_url":"https:\/\/www.vetorino.com\/veterinaire\/confolens-16500\/boutique\/product\/dentalplak-poisson-2\/","og_site_name":"V\u00e9torino","article_publisher":"https:\/\/www.facebook.com\/Vetorino\/","article_modified_time":"2025-12-23T15:36:41+00:00","og_image":[{"width":800,"height":800,"url":"https:\/\/www.vetorino.com\/boutique\/wp-content\/uploads\/2020\/03\/dentalplak-dentifrice-liquide-poisson.jpg.png","type":"image\/png"}],"twitter_card":"summary_large_image","twitter_misc":{"Prix":"11,67&euro;","Disponibilit\u00e9":"En stock"},"schema":{"@context":"https:\/\/schema.org","@graph":[{"@type":"WebPage","@id":"https:\/\/www.vetorino.com\/boutique\/product\/dentalplak-poisson-2\/","url":"https:\/\/www.vetorino.com\/boutique\/product\/dentalplak-poisson-2\/","name":"Dentifrice liquide DENTALPLAK poisson pour Chat Greenvet - V\u00e9torino","isPartOf":{"@id":"https:\/\/www.vetorino.com\/boutique\/#website"},"primaryImageOfPage":{"@id":"https:\/\/www.vetorino.com\/boutique\/product\/dentalplak-poisson-2\/#primaryimage"},"image":{"@id":"https:\/\/www.vetorino.com\/boutique\/product\/dentalplak-poisson-2\/#primaryimage"},"thumbnailUrl":"https:\/\/www.vetorino.com\/boutique\/wp-content\/uploads\/2020\/03\/dentalplak-dentifrice-liquide-poisson.jpg.png","datePublished":"2020-06-29T14:56:41+00:00","dateModified":"2025-12-23T15:36:41+00:00","description":"Dentalplak dentifrice buvable pour chat \u00e0 diluer dans l'eau de boisson, rafraichit l'haleine et pr\u00e9vient la formation de la plaque dentaire. Cette vari\u00e9t\u00e9 au poisson est particuli\u00e8rement appr\u00e9ci\u00e9e par les chats.","breadcrumb":{"@id":"https:\/\/www.vetorino.com\/boutique\/product\/dentalplak-poisson-2\/#breadcrumb"},"inLanguage":"fr-FR","potentialAction":[{"@type":"ReadAction","target":["https:\/\/www.vetorino.com\/boutique\/product\/dentalplak-poisson-2\/"]}]},{"@type":"ImageObject","inLanguage":"fr-FR","@id":"https:\/\/www.vetorino.com\/boutique\/product\/dentalplak-poisson-2\/#primaryimage","url":"https:\/\/www.vetorino.com\/boutique\/wp-content\/uploads\/2020\/03\/dentalplak-dentifrice-liquide-poisson.jpg.png","contentUrl":"https:\/\/www.vetorino.com\/boutique\/wp-content\/uploads\/2020\/03\/dentalplak-dentifrice-liquide-poisson.jpg.png","width":800,"height":800},{"@type":"BreadcrumbList","@id":"https:\/\/www.vetorino.com\/boutique\/product\/dentalplak-poisson-2\/#breadcrumb","itemListElement":[{"@type":"ListItem","position":1,"name":"Accueil","item":"https:\/\/www.vetorino.com\/boutique\/"},{"@type":"ListItem","position":2,"name":"Produits","item":"https:\/\/www.vetorino.com\/boutique\/"},{"@type":"ListItem","position":3,"name":"Dentifrice liquide DENTALPLAK poisson pour Chat"}]},{"@type":"WebSite","@id":"https:\/\/www.vetorino.com\/boutique\/#website","url":"https:\/\/www.vetorino.com\/boutique\/","name":"V\u00e9torino","description":"","publisher":{"@id":"https:\/\/www.vetorino.com\/boutique\/#organization"},"potentialAction":[{"@type":"SearchAction","target":{"@type":"EntryPoint","urlTemplate":"https:\/\/www.vetorino.com\/boutique\/?s={search_term_string}"},"query-input":{"@type":"PropertyValueSpecification","valueRequired":true,"valueName":"search_term_string"}}],"inLanguage":"fr-FR"},{"@type":"Organization","@id":"https:\/\/www.vetorino.com\/boutique\/#organization","name":"V\u00e9torino","url":"https:\/\/www.vetorino.com\/boutique\/","logo":{"@type":"ImageObject","inLanguage":"fr-FR","@id":"https:\/\/www.vetorino.com\/boutique\/#\/schema\/logo\/image\/","url":"https:\/\/www.vetorino.com\/boutique\/wp-content\/uploads\/2024\/10\/logo.jpg","contentUrl":"https:\/\/www.vetorino.com\/boutique\/wp-content\/uploads\/2024\/10\/logo.jpg","width":1200,"height":610,"caption":"V\u00e9torino"},"image":{"@id":"https:\/\/www.vetorino.com\/boutique\/#\/schema\/logo\/image\/"},"sameAs":["https:\/\/www.facebook.com\/Vetorino\/","https:\/\/www.instagram.com\/vetorino_off\/","https:\/\/www.linkedin.com\/company\/vtorino\/"]}]},"product_brand":"Greenvet","product_price_amount":"11.67","product_price_currency":"EUR","og_availability":"instock","product_availability":"instock","product_retailer_item_id":"C-DEN010","product_condition":"new"},"_links":{"self":[{"href":"https:\/\/www.vetorino.com\/veterinaire\/confolens-16500\/boutique\/wp-json\/wp\/v2\/product\/94868","targetHints":{"allow":["GET"]}}],"collection":[{"href":"https:\/\/www.vetorino.com\/veterinaire\/confolens-16500\/boutique\/wp-json\/wp\/v2\/product"}],"about":[{"href":"https:\/\/www.vetorino.com\/veterinaire\/confolens-16500\/boutique\/wp-json\/wp\/v2\/types\/product"}],"wp:featuredmedia":[{"embeddable":true,"href":"https:\/\/www.vetorino.com\/veterinaire\/confolens-16500\/boutique\/wp-json\/wp\/v2\/media\/594543"}],"wp:attachment":[{"href":"https:\/\/www.vetorino.com\/veterinaire\/confolens-16500\/boutique\/wp-json\/wp\/v2\/media?parent=94868"}],"wp:term":[{"taxonomy":"product_cat","embeddable":true,"href":"https:\/\/www.vetorino.com\/veterinaire\/confolens-16500\/boutique\/wp-json\/wp\/v2\/product_cat?post=94868"},{"taxonomy":"product_tag","embeddable":true,"href":"https:\/\/www.vetorino.com\/veterinaire\/confolens-16500\/boutique\/wp-json\/wp\/v2\/product_tag?post=94868"}],"curies":[{"name":"wp","href":"https:\/\/api.w.org\/{rel}","templated":true}]}}