{"id":95415,"date":"2020-06-29T17:04:27","date_gmt":"2020-06-29T15:04:27","guid":{"rendered":"https:\/\/www.vetorino.com\/boutique\/product\/drench-carbo\/"},"modified":"2026-02-03T02:42:17","modified_gmt":"2026-02-03T01:42:17","slug":"drench-carbo","status":"publish","type":"product","link":"https:\/\/www.vetorino.com\/veterinaire\/confolens-16500\/boutique\/product\/drench-carbo\/","title":{"rendered":"Drench Carbo"},"content":{"rendered":"<p>Aliment compl\u00e9mentaire pour vaches adultes, <strong>pour le soutien du transit intestinal<\/strong> notamment lors des diarrh\u00e9es.<\/p>\n<p>Drench Carbo limite l&#8217;impact des agents opportunistes gr\u00e2ce \u00e0 l&#8217;association b\u00e9n\u00e9fique du charbon v\u00e9g\u00e9tal et la montmorillonite qui ont chacun un fort pouvoir d&#8217;adsorption.<\/p>\n<p>Il <strong>prot\u00e8ge \u00e9galement la muqueuse intestinale et favorise sa cicatrisation.<\/strong> La montmorillonite a un effet &#8220;pansement&#8221; protecteur de la muqueuse intestinale.<\/p>\n<p><strong>Demander conseil \u00e0 un v\u00e9t\u00e9rinaire avant utilisation.<\/strong><\/p>\n","protected":false},"excerpt":{"rendered":"<p>Aliment compl\u00e9mentaire pour vaches adultes, <strong>pour le soutien du transit intestinal<\/strong> notamment lors des diarrh\u00e9es.<\/p>\n<p>Drench Carbo limite l&#8217;impact des agents opportunistes gr\u00e2ce \u00e0 l&#8217;association b\u00e9n\u00e9fique du charbon v\u00e9g\u00e9tal et la montmorillonite qui ont chacun un fort pouvoir d&#8217;adsorption.<\/p>\n<p>Il <strong>prot\u00e8ge \u00e9galement la muqueuse intestinale et favorise sa cicatrisation.<\/strong> La montmorillonite a un effet &#8220;pansement&#8221; protecteur de la muqueuse intestinale.<\/p>\n<p><strong>Demander conseil \u00e0 un v\u00e9t\u00e9rinaire avant utilisation.<\/strong><\/p>\n","protected":false},"featured_media":1432322,"template":"","meta":[],"product_cat":[6864,6870],"product_tag":[],"class_list":{"0":"post-95415","1":"product","2":"type-product","3":"status-publish","4":"has-post-thumbnail","6":"product_cat-animaux-delevage","7":"product_cat-bovins","8":"pa_marque-savetis","10":"first","11":"instock","12":"taxable","13":"shipping-taxable","14":"purchasable","15":"product-type-variable"},"yoast_head":"<!-- This site is optimized with the Yoast SEO plugin v27.3 - https:\/\/yoast.com\/product\/yoast-seo-wordpress\/ -->\n<title>Drench Carbo Savetis - V\u00e9torino<\/title>\n<meta name=\"description\" content=\"Aliment compl\u00e9mentaire pour vaches adultes, pour le soutien du transit intestinal notamment lors des diarrh\u00e9es.  Drench Carbo limite l&#039;impact des agents opportunistes gr\u00e2ce \u00e0 l&#039;association b\u00e9n\u00e9fique du charbon v\u00e9g\u00e9tal et la montmorillonite qui ont chacun un fort pouvoir d&#039;adsorption.  Il prot\u00e8ge \u00e9galement la muqueuse intestinale et favorise sa cicatrisation. La montmorillonite a un effet &quot;pansement&quot; protecteur de la muqueuse intestinale.  Demander conseil \u00e0 un v\u00e9t\u00e9rinaire avant utilisation.\" \/>\n<meta name=\"robots\" content=\"noindex, nofollow\" \/>\n<meta property=\"og:locale\" content=\"fr_FR\" \/>\n<meta property=\"og:type\" content=\"article\" \/>\n<meta property=\"og:title\" content=\"Drench Carbo Savetis - V\u00e9torino\" \/>\n<meta property=\"og:description\" content=\"Aliment compl\u00e9mentaire pour vaches adultes, pour le soutien du transit intestinal notamment lors des diarrh\u00e9es.  Drench Carbo limite l&#039;impact des agents opportunistes gr\u00e2ce \u00e0 l&#039;association b\u00e9n\u00e9fique du charbon v\u00e9g\u00e9tal et la montmorillonite qui ont chacun un fort pouvoir d&#039;adsorption.  Il prot\u00e8ge \u00e9galement la muqueuse intestinale et favorise sa cicatrisation. La montmorillonite a un effet &quot;pansement&quot; protecteur de la muqueuse intestinale.  Demander conseil \u00e0 un v\u00e9t\u00e9rinaire avant utilisation.\" \/>\n<meta property=\"og:url\" content=\"https:\/\/www.vetorino.com\/veterinaire\/confolens-16500\/boutique\/product\/drench-carbo\/\" \/>\n<meta property=\"og:site_name\" content=\"V\u00e9torino\" \/>\n<meta property=\"article:publisher\" content=\"https:\/\/www.facebook.com\/Vetorino\/\" \/>\n<meta property=\"article:modified_time\" content=\"2026-02-03T01:42:17+00:00\" \/>\n<meta property=\"og:image\" content=\"https:\/\/www.vetorino.com\/boutique\/wp-content\/uploads\/2021\/05\/drenchcarbo.jpg\" \/>\n\t<meta property=\"og:image:width\" content=\"250\" \/>\n\t<meta property=\"og:image:height\" content=\"320\" \/>\n\t<meta property=\"og:image:type\" content=\"image\/jpeg\" \/>\n<meta name=\"twitter:card\" content=\"summary_large_image\" \/>\n<meta name=\"twitter:label1\" content=\"Disponibilit\u00e9\" \/>\n\t<meta name=\"twitter:data1\" content=\"En stock\" \/>\n<script type=\"application\/ld+json\" class=\"yoast-schema-graph\">{\"@context\":\"https:\\\/\\\/schema.org\",\"@graph\":[{\"@type\":\"WebPage\",\"@id\":\"https:\\\/\\\/www.vetorino.com\\\/boutique\\\/product\\\/drench-carbo\\\/\",\"url\":\"https:\\\/\\\/www.vetorino.com\\\/boutique\\\/product\\\/drench-carbo\\\/\",\"name\":\"Drench Carbo Savetis - V\u00e9torino\",\"isPartOf\":{\"@id\":\"https:\\\/\\\/www.vetorino.com\\\/boutique\\\/#website\"},\"primaryImageOfPage\":{\"@id\":\"https:\\\/\\\/www.vetorino.com\\\/boutique\\\/product\\\/drench-carbo\\\/#primaryimage\"},\"image\":{\"@id\":\"https:\\\/\\\/www.vetorino.com\\\/boutique\\\/product\\\/drench-carbo\\\/#primaryimage\"},\"thumbnailUrl\":\"https:\\\/\\\/www.vetorino.com\\\/boutique\\\/wp-content\\\/uploads\\\/2021\\\/05\\\/drenchcarbo.jpg\",\"datePublished\":\"2020-06-29T15:04:27+00:00\",\"dateModified\":\"2026-02-03T01:42:17+00:00\",\"description\":\"Aliment compl\u00e9mentaire pour vaches adultes, pour le soutien du transit intestinal notamment lors des diarrh\u00e9es. Drench Carbo limite l'impact des agents opportunistes gr\u00e2ce \u00e0 l'association b\u00e9n\u00e9fique du charbon v\u00e9g\u00e9tal et la montmorillonite qui ont chacun un fort pouvoir d'adsorption. Il prot\u00e8ge \u00e9galement la muqueuse intestinale et favorise sa cicatrisation. La montmorillonite a un effet \\\"pansement\\\" protecteur de la muqueuse intestinale. Demander conseil \u00e0 un v\u00e9t\u00e9rinaire avant utilisation.\",\"breadcrumb\":{\"@id\":\"https:\\\/\\\/www.vetorino.com\\\/boutique\\\/product\\\/drench-carbo\\\/#breadcrumb\"},\"inLanguage\":\"fr-FR\",\"potentialAction\":[{\"@type\":\"ReadAction\",\"target\":[\"https:\\\/\\\/www.vetorino.com\\\/boutique\\\/product\\\/drench-carbo\\\/\"]}]},{\"@type\":\"ImageObject\",\"inLanguage\":\"fr-FR\",\"@id\":\"https:\\\/\\\/www.vetorino.com\\\/boutique\\\/product\\\/drench-carbo\\\/#primaryimage\",\"url\":\"https:\\\/\\\/www.vetorino.com\\\/boutique\\\/wp-content\\\/uploads\\\/2021\\\/05\\\/drenchcarbo.jpg\",\"contentUrl\":\"https:\\\/\\\/www.vetorino.com\\\/boutique\\\/wp-content\\\/uploads\\\/2021\\\/05\\\/drenchcarbo.jpg\",\"width\":250,\"height\":320},{\"@type\":\"BreadcrumbList\",\"@id\":\"https:\\\/\\\/www.vetorino.com\\\/boutique\\\/product\\\/drench-carbo\\\/#breadcrumb\",\"itemListElement\":[{\"@type\":\"ListItem\",\"position\":1,\"name\":\"Accueil\",\"item\":\"https:\\\/\\\/www.vetorino.com\\\/boutique\\\/\"},{\"@type\":\"ListItem\",\"position\":2,\"name\":\"Produits\",\"item\":\"https:\\\/\\\/www.vetorino.com\\\/boutique\\\/\"},{\"@type\":\"ListItem\",\"position\":3,\"name\":\"Drench Carbo\"}]},{\"@type\":\"WebSite\",\"@id\":\"https:\\\/\\\/www.vetorino.com\\\/boutique\\\/#website\",\"url\":\"https:\\\/\\\/www.vetorino.com\\\/boutique\\\/\",\"name\":\"V\u00e9torino\",\"description\":\"\",\"publisher\":{\"@id\":\"https:\\\/\\\/www.vetorino.com\\\/boutique\\\/#organization\"},\"potentialAction\":[{\"@type\":\"SearchAction\",\"target\":{\"@type\":\"EntryPoint\",\"urlTemplate\":\"https:\\\/\\\/www.vetorino.com\\\/boutique\\\/?s={search_term_string}\"},\"query-input\":{\"@type\":\"PropertyValueSpecification\",\"valueRequired\":true,\"valueName\":\"search_term_string\"}}],\"inLanguage\":\"fr-FR\"},{\"@type\":\"Organization\",\"@id\":\"https:\\\/\\\/www.vetorino.com\\\/boutique\\\/#organization\",\"name\":\"V\u00e9torino\",\"url\":\"https:\\\/\\\/www.vetorino.com\\\/boutique\\\/\",\"logo\":{\"@type\":\"ImageObject\",\"inLanguage\":\"fr-FR\",\"@id\":\"https:\\\/\\\/www.vetorino.com\\\/boutique\\\/#\\\/schema\\\/logo\\\/image\\\/\",\"url\":\"https:\\\/\\\/www.vetorino.com\\\/boutique\\\/wp-content\\\/uploads\\\/2024\\\/10\\\/logo.jpg\",\"contentUrl\":\"https:\\\/\\\/www.vetorino.com\\\/boutique\\\/wp-content\\\/uploads\\\/2024\\\/10\\\/logo.jpg\",\"width\":1200,\"height\":610,\"caption\":\"V\u00e9torino\"},\"image\":{\"@id\":\"https:\\\/\\\/www.vetorino.com\\\/boutique\\\/#\\\/schema\\\/logo\\\/image\\\/\"},\"sameAs\":[\"https:\\\/\\\/www.facebook.com\\\/Vetorino\\\/\",\"https:\\\/\\\/www.instagram.com\\\/vetorino_off\\\/\",\"https:\\\/\\\/www.linkedin.com\\\/company\\\/vtorino\\\/\"]}]}<\/script>\n<meta property=\"product:brand\" content=\"Savetis\" \/>\n<meta property=\"og:availability\" content=\"instock\" \/>\n<meta property=\"product:availability\" content=\"instock\" \/>\n<meta property=\"product:condition\" content=\"new\" \/>\n<!-- \/ Yoast SEO plugin. -->","yoast_head_json":{"title":"Drench Carbo Savetis - V\u00e9torino","description":"Aliment compl\u00e9mentaire pour vaches adultes, pour le soutien du transit intestinal notamment lors des diarrh\u00e9es.  Drench Carbo limite l'impact des agents opportunistes gr\u00e2ce \u00e0 l'association b\u00e9n\u00e9fique du charbon v\u00e9g\u00e9tal et la montmorillonite qui ont chacun un fort pouvoir d'adsorption.  Il prot\u00e8ge \u00e9galement la muqueuse intestinale et favorise sa cicatrisation. La montmorillonite a un effet \"pansement\" protecteur de la muqueuse intestinale.  Demander conseil \u00e0 un v\u00e9t\u00e9rinaire avant utilisation.","robots":{"index":"noindex","follow":"nofollow"},"og_locale":"fr_FR","og_type":"article","og_title":"Drench Carbo Savetis - V\u00e9torino","og_description":"Aliment compl\u00e9mentaire pour vaches adultes, pour le soutien du transit intestinal notamment lors des diarrh\u00e9es.  Drench Carbo limite l'impact des agents opportunistes gr\u00e2ce \u00e0 l'association b\u00e9n\u00e9fique du charbon v\u00e9g\u00e9tal et la montmorillonite qui ont chacun un fort pouvoir d'adsorption.  Il prot\u00e8ge \u00e9galement la muqueuse intestinale et favorise sa cicatrisation. La montmorillonite a un effet \"pansement\" protecteur de la muqueuse intestinale.  Demander conseil \u00e0 un v\u00e9t\u00e9rinaire avant utilisation.","og_url":"https:\/\/www.vetorino.com\/veterinaire\/confolens-16500\/boutique\/product\/drench-carbo\/","og_site_name":"V\u00e9torino","article_publisher":"https:\/\/www.facebook.com\/Vetorino\/","article_modified_time":"2026-02-03T01:42:17+00:00","og_image":[{"width":250,"height":320,"url":"https:\/\/www.vetorino.com\/boutique\/wp-content\/uploads\/2021\/05\/drenchcarbo.jpg","type":"image\/jpeg"}],"twitter_card":"summary_large_image","twitter_misc":{"Disponibilit\u00e9":"En stock"},"schema":{"@context":"https:\/\/schema.org","@graph":[{"@type":"WebPage","@id":"https:\/\/www.vetorino.com\/boutique\/product\/drench-carbo\/","url":"https:\/\/www.vetorino.com\/boutique\/product\/drench-carbo\/","name":"Drench Carbo Savetis - V\u00e9torino","isPartOf":{"@id":"https:\/\/www.vetorino.com\/boutique\/#website"},"primaryImageOfPage":{"@id":"https:\/\/www.vetorino.com\/boutique\/product\/drench-carbo\/#primaryimage"},"image":{"@id":"https:\/\/www.vetorino.com\/boutique\/product\/drench-carbo\/#primaryimage"},"thumbnailUrl":"https:\/\/www.vetorino.com\/boutique\/wp-content\/uploads\/2021\/05\/drenchcarbo.jpg","datePublished":"2020-06-29T15:04:27+00:00","dateModified":"2026-02-03T01:42:17+00:00","description":"Aliment compl\u00e9mentaire pour vaches adultes, pour le soutien du transit intestinal notamment lors des diarrh\u00e9es. Drench Carbo limite l'impact des agents opportunistes gr\u00e2ce \u00e0 l'association b\u00e9n\u00e9fique du charbon v\u00e9g\u00e9tal et la montmorillonite qui ont chacun un fort pouvoir d'adsorption. Il prot\u00e8ge \u00e9galement la muqueuse intestinale et favorise sa cicatrisation. La montmorillonite a un effet \"pansement\" protecteur de la muqueuse intestinale. Demander conseil \u00e0 un v\u00e9t\u00e9rinaire avant utilisation.","breadcrumb":{"@id":"https:\/\/www.vetorino.com\/boutique\/product\/drench-carbo\/#breadcrumb"},"inLanguage":"fr-FR","potentialAction":[{"@type":"ReadAction","target":["https:\/\/www.vetorino.com\/boutique\/product\/drench-carbo\/"]}]},{"@type":"ImageObject","inLanguage":"fr-FR","@id":"https:\/\/www.vetorino.com\/boutique\/product\/drench-carbo\/#primaryimage","url":"https:\/\/www.vetorino.com\/boutique\/wp-content\/uploads\/2021\/05\/drenchcarbo.jpg","contentUrl":"https:\/\/www.vetorino.com\/boutique\/wp-content\/uploads\/2021\/05\/drenchcarbo.jpg","width":250,"height":320},{"@type":"BreadcrumbList","@id":"https:\/\/www.vetorino.com\/boutique\/product\/drench-carbo\/#breadcrumb","itemListElement":[{"@type":"ListItem","position":1,"name":"Accueil","item":"https:\/\/www.vetorino.com\/boutique\/"},{"@type":"ListItem","position":2,"name":"Produits","item":"https:\/\/www.vetorino.com\/boutique\/"},{"@type":"ListItem","position":3,"name":"Drench Carbo"}]},{"@type":"WebSite","@id":"https:\/\/www.vetorino.com\/boutique\/#website","url":"https:\/\/www.vetorino.com\/boutique\/","name":"V\u00e9torino","description":"","publisher":{"@id":"https:\/\/www.vetorino.com\/boutique\/#organization"},"potentialAction":[{"@type":"SearchAction","target":{"@type":"EntryPoint","urlTemplate":"https:\/\/www.vetorino.com\/boutique\/?s={search_term_string}"},"query-input":{"@type":"PropertyValueSpecification","valueRequired":true,"valueName":"search_term_string"}}],"inLanguage":"fr-FR"},{"@type":"Organization","@id":"https:\/\/www.vetorino.com\/boutique\/#organization","name":"V\u00e9torino","url":"https:\/\/www.vetorino.com\/boutique\/","logo":{"@type":"ImageObject","inLanguage":"fr-FR","@id":"https:\/\/www.vetorino.com\/boutique\/#\/schema\/logo\/image\/","url":"https:\/\/www.vetorino.com\/boutique\/wp-content\/uploads\/2024\/10\/logo.jpg","contentUrl":"https:\/\/www.vetorino.com\/boutique\/wp-content\/uploads\/2024\/10\/logo.jpg","width":1200,"height":610,"caption":"V\u00e9torino"},"image":{"@id":"https:\/\/www.vetorino.com\/boutique\/#\/schema\/logo\/image\/"},"sameAs":["https:\/\/www.facebook.com\/Vetorino\/","https:\/\/www.instagram.com\/vetorino_off\/","https:\/\/www.linkedin.com\/company\/vtorino\/"]}]},"product_brand":"Savetis","og_availability":"instock","product_availability":"instock","product_condition":"new"},"_links":{"self":[{"href":"https:\/\/www.vetorino.com\/veterinaire\/confolens-16500\/boutique\/wp-json\/wp\/v2\/product\/95415","targetHints":{"allow":["GET"]}}],"collection":[{"href":"https:\/\/www.vetorino.com\/veterinaire\/confolens-16500\/boutique\/wp-json\/wp\/v2\/product"}],"about":[{"href":"https:\/\/www.vetorino.com\/veterinaire\/confolens-16500\/boutique\/wp-json\/wp\/v2\/types\/product"}],"wp:featuredmedia":[{"embeddable":true,"href":"https:\/\/www.vetorino.com\/veterinaire\/confolens-16500\/boutique\/wp-json\/wp\/v2\/media\/1432322"}],"wp:attachment":[{"href":"https:\/\/www.vetorino.com\/veterinaire\/confolens-16500\/boutique\/wp-json\/wp\/v2\/media?parent=95415"}],"wp:term":[{"taxonomy":"product_cat","embeddable":true,"href":"https:\/\/www.vetorino.com\/veterinaire\/confolens-16500\/boutique\/wp-json\/wp\/v2\/product_cat?post=95415"},{"taxonomy":"product_tag","embeddable":true,"href":"https:\/\/www.vetorino.com\/veterinaire\/confolens-16500\/boutique\/wp-json\/wp\/v2\/product_tag?post=95415"}],"curies":[{"name":"wp","href":"https:\/\/api.w.org\/{rel}","templated":true}]}}