{"id":95459,"date":"2020-06-29T17:05:02","date_gmt":"2020-06-29T15:05:02","guid":{"rendered":"https:\/\/www.vetorino.com\/boutique\/product\/easypill-chien-insuffisance-hepatique-2\/"},"modified":"2026-01-14T02:42:15","modified_gmt":"2026-01-14T01:42:15","slug":"easypill-chien-insuffisance-hepatique-2","status":"publish","type":"product","link":"https:\/\/www.vetorino.com\/veterinaire\/confolens-16500\/boutique\/product\/easypill-chien-insuffisance-hepatique-2\/","title":{"rendered":"Chien Confort H\u00e9patique"},"content":{"rendered":"<p><b>Easypill Chien Confort H\u00e9patique\u00a0soutient la fonction h\u00e9patique en cas d&#8217;insuffisance h\u00e9patique chronique.<\/b><\/p>\n<p><strong>Utilisation :<\/strong><\/p>\n<ul>\n<li>Chien en cas d&#8217;insuffisance h\u00e9patique chronique.<\/li>\n<\/ul>\n<p><strong>Mode d&#8217;emploi :<\/strong><\/p>\n<ul>\n<li>Voie orale. L&#8217;excellente app\u00e9tence du produit permet g\u00e9n\u00e9ralement une prise spontan\u00e9e par l&#8217;animal.<\/li>\n<li>Chaque barre est pr\u00e9d\u00e9coup\u00e9e en 7 portions de 4 g environ. Administrer selon les cas pendant 3 mois renouvelables ou en continu jusqu\u2019\u00e0 6 mois.<\/li>\n<li>Pour un chien de plus de 10 kg : 1\/2 portion par jour.<\/li>\n<li>Pour un chien 10 \u00e0 20 kg : 1 portion\u00a0 par jour.<\/li>\n<li>Pour un chien 20 \u00e0 40 kg : 2 portions par jour.<\/li>\n<li>Pour un chien de plus de 40 kg : 3 portions par jour.<\/li>\n<\/ul>\n<p><strong>Bienfaits essentiels :<\/strong><\/p>\n<ul>\n<li>Il contient des\u00a0<strong>prot\u00e9ines de qualit\u00e9 sup\u00e9rieure<\/strong>\u00a0et des fibres hautement digestibles<\/li>\n<li>Il est<strong>\u00a0riche en Acides Gras Essentiels<\/strong>\u00a0(Om\u00e9ga 3).<\/li>\n<li>Haute teneur en\u00a0<strong>Chardon-Marie<\/strong><\/li>\n<\/ul>\n","protected":false},"excerpt":{"rendered":"<p><b>Easypill Chien Confort H\u00e9patique\u00a0soutient la fonction h\u00e9patique en cas d&#8217;insuffisance h\u00e9patique chronique.<\/b><\/p>\n<p><strong>Du changement dans votre gamme Easypill :<\/strong><\/p>\n<ul>\n<li><b>Changement de packaging<\/b>\u00a0: Easypill passe d\u2019un format boite \u00e0 un format sachet refermable : plus moderne, plus pratique, plus lisible.<\/li>\n<li>Changement de nom :\u00a0<strong>Chien Insuffisance H\u00e9patique\u00a0<\/strong>devient\u00a0<strong>Chien Confort H\u00e9patique<br \/>\n<\/strong><\/li>\n<\/ul>\n<p>&nbsp;<\/p>\n","protected":false},"featured_media":711818,"template":"","meta":[],"product_cat":[2698,12638],"product_tag":[],"class_list":{"0":"post-95459","1":"product","2":"type-product","3":"status-publish","4":"has-post-thumbnail","6":"product_cat-chien","7":"product_cat-systeme-hepatique-du-chien","8":"pa_marque-osalia","10":"first","11":"instock","12":"taxable","13":"shipping-taxable","14":"purchasable","15":"product-type-simple"},"yoast_head":"<!-- This site is optimized with the Yoast SEO plugin v27.3 - https:\/\/yoast.com\/product\/yoast-seo-wordpress\/ -->\n<title>Easypill Chien Confort H\u00e9patique Osalia - V\u00e9torino<\/title>\n<meta name=\"description\" content=\"Easypill Chien Confort H\u00e9patique\u00a0soutient la fonction h\u00e9patique en cas d&#039;insuffisance h\u00e9patique chronique.  Du changement dans votre gamme Easypill :   Changement de packaging\u00a0: Easypill passe d\u2019un format boite \u00e0 un format sachet refermable : plus moderne, plus pratique, plus lisible.  Changement de nom :\u00a0Chien Insuffisance H\u00e9patique\u00a0devient\u00a0Chien Confort H\u00e9patique   &nbsp;\" \/>\n<meta name=\"robots\" content=\"noindex, nofollow\" \/>\n<meta property=\"og:locale\" content=\"fr_FR\" \/>\n<meta property=\"og:type\" content=\"article\" \/>\n<meta property=\"og:title\" content=\"Easypill Chien Confort H\u00e9patique Osalia - V\u00e9torino\" \/>\n<meta property=\"og:description\" content=\"Easypill Chien Confort H\u00e9patique\u00a0soutient la fonction h\u00e9patique en cas d&#039;insuffisance h\u00e9patique chronique.  Du changement dans votre gamme Easypill :   Changement de packaging\u00a0: Easypill passe d\u2019un format boite \u00e0 un format sachet refermable : plus moderne, plus pratique, plus lisible.  Changement de nom :\u00a0Chien Insuffisance H\u00e9patique\u00a0devient\u00a0Chien Confort H\u00e9patique   &nbsp;\" \/>\n<meta property=\"og:url\" content=\"https:\/\/www.vetorino.com\/veterinaire\/confolens-16500\/boutique\/product\/easypill-chien-insuffisance-hepatique-2\/\" \/>\n<meta property=\"og:site_name\" content=\"V\u00e9torino\" \/>\n<meta property=\"article:publisher\" content=\"https:\/\/www.facebook.com\/Vetorino\/\" \/>\n<meta property=\"article:modified_time\" content=\"2026-01-14T01:42:15+00:00\" \/>\n<meta property=\"og:image\" content=\"https:\/\/www.vetorino.com\/boutique\/wp-content\/uploads\/2023\/10\/chien-confort-hepatique.jpg.png\" \/>\n\t<meta property=\"og:image:width\" content=\"540\" \/>\n\t<meta property=\"og:image:height\" content=\"540\" \/>\n\t<meta property=\"og:image:type\" content=\"image\/png\" \/>\n<meta name=\"twitter:card\" content=\"summary_large_image\" \/>\n<meta name=\"twitter:label1\" content=\"Prix\" \/>\n\t<meta name=\"twitter:data1\" content=\"45,21&euro;\" \/>\n\t<meta name=\"twitter:label2\" content=\"Disponibilit\u00e9\" \/>\n\t<meta name=\"twitter:data2\" content=\"En stock\" \/>\n<script type=\"application\/ld+json\" class=\"yoast-schema-graph\">{\"@context\":\"https:\\\/\\\/schema.org\",\"@graph\":[{\"@type\":\"WebPage\",\"@id\":\"https:\\\/\\\/www.vetorino.com\\\/boutique\\\/product\\\/easypill-chien-insuffisance-hepatique-2\\\/\",\"url\":\"https:\\\/\\\/www.vetorino.com\\\/boutique\\\/product\\\/easypill-chien-insuffisance-hepatique-2\\\/\",\"name\":\"Easypill Chien Confort H\u00e9patique Osalia - V\u00e9torino\",\"isPartOf\":{\"@id\":\"https:\\\/\\\/www.vetorino.com\\\/boutique\\\/#website\"},\"primaryImageOfPage\":{\"@id\":\"https:\\\/\\\/www.vetorino.com\\\/boutique\\\/product\\\/easypill-chien-insuffisance-hepatique-2\\\/#primaryimage\"},\"image\":{\"@id\":\"https:\\\/\\\/www.vetorino.com\\\/boutique\\\/product\\\/easypill-chien-insuffisance-hepatique-2\\\/#primaryimage\"},\"thumbnailUrl\":\"https:\\\/\\\/www.vetorino.com\\\/boutique\\\/wp-content\\\/uploads\\\/2023\\\/10\\\/chien-confort-hepatique.jpg.png\",\"datePublished\":\"2020-06-29T15:05:02+00:00\",\"dateModified\":\"2026-01-14T01:42:15+00:00\",\"description\":\"Easypill Chien Confort H\u00e9patique\u00a0soutient la fonction h\u00e9patique en cas d'insuffisance h\u00e9patique chronique. Du changement dans votre gamme Easypill : Changement de packaging\u00a0: Easypill passe d\u2019un format boite \u00e0 un format sachet refermable : plus moderne, plus pratique, plus lisible. Changement de nom :\u00a0Chien Insuffisance H\u00e9patique\u00a0devient\u00a0Chien Confort H\u00e9patique &nbsp;\",\"breadcrumb\":{\"@id\":\"https:\\\/\\\/www.vetorino.com\\\/boutique\\\/product\\\/easypill-chien-insuffisance-hepatique-2\\\/#breadcrumb\"},\"inLanguage\":\"fr-FR\",\"potentialAction\":[{\"@type\":\"ReadAction\",\"target\":[\"https:\\\/\\\/www.vetorino.com\\\/boutique\\\/product\\\/easypill-chien-insuffisance-hepatique-2\\\/\"]}]},{\"@type\":\"ImageObject\",\"inLanguage\":\"fr-FR\",\"@id\":\"https:\\\/\\\/www.vetorino.com\\\/boutique\\\/product\\\/easypill-chien-insuffisance-hepatique-2\\\/#primaryimage\",\"url\":\"https:\\\/\\\/www.vetorino.com\\\/boutique\\\/wp-content\\\/uploads\\\/2023\\\/10\\\/chien-confort-hepatique.jpg.png\",\"contentUrl\":\"https:\\\/\\\/www.vetorino.com\\\/boutique\\\/wp-content\\\/uploads\\\/2023\\\/10\\\/chien-confort-hepatique.jpg.png\",\"width\":540,\"height\":540},{\"@type\":\"BreadcrumbList\",\"@id\":\"https:\\\/\\\/www.vetorino.com\\\/boutique\\\/product\\\/easypill-chien-insuffisance-hepatique-2\\\/#breadcrumb\",\"itemListElement\":[{\"@type\":\"ListItem\",\"position\":1,\"name\":\"Accueil\",\"item\":\"https:\\\/\\\/www.vetorino.com\\\/boutique\\\/\"},{\"@type\":\"ListItem\",\"position\":2,\"name\":\"Produits\",\"item\":\"https:\\\/\\\/www.vetorino.com\\\/boutique\\\/\"},{\"@type\":\"ListItem\",\"position\":3,\"name\":\"Chien Confort H\u00e9patique\"}]},{\"@type\":\"WebSite\",\"@id\":\"https:\\\/\\\/www.vetorino.com\\\/boutique\\\/#website\",\"url\":\"https:\\\/\\\/www.vetorino.com\\\/boutique\\\/\",\"name\":\"V\u00e9torino\",\"description\":\"\",\"publisher\":{\"@id\":\"https:\\\/\\\/www.vetorino.com\\\/boutique\\\/#organization\"},\"potentialAction\":[{\"@type\":\"SearchAction\",\"target\":{\"@type\":\"EntryPoint\",\"urlTemplate\":\"https:\\\/\\\/www.vetorino.com\\\/boutique\\\/?s={search_term_string}\"},\"query-input\":{\"@type\":\"PropertyValueSpecification\",\"valueRequired\":true,\"valueName\":\"search_term_string\"}}],\"inLanguage\":\"fr-FR\"},{\"@type\":\"Organization\",\"@id\":\"https:\\\/\\\/www.vetorino.com\\\/boutique\\\/#organization\",\"name\":\"V\u00e9torino\",\"url\":\"https:\\\/\\\/www.vetorino.com\\\/boutique\\\/\",\"logo\":{\"@type\":\"ImageObject\",\"inLanguage\":\"fr-FR\",\"@id\":\"https:\\\/\\\/www.vetorino.com\\\/boutique\\\/#\\\/schema\\\/logo\\\/image\\\/\",\"url\":\"https:\\\/\\\/www.vetorino.com\\\/boutique\\\/wp-content\\\/uploads\\\/2024\\\/10\\\/logo.jpg\",\"contentUrl\":\"https:\\\/\\\/www.vetorino.com\\\/boutique\\\/wp-content\\\/uploads\\\/2024\\\/10\\\/logo.jpg\",\"width\":1200,\"height\":610,\"caption\":\"V\u00e9torino\"},\"image\":{\"@id\":\"https:\\\/\\\/www.vetorino.com\\\/boutique\\\/#\\\/schema\\\/logo\\\/image\\\/\"},\"sameAs\":[\"https:\\\/\\\/www.facebook.com\\\/Vetorino\\\/\",\"https:\\\/\\\/www.instagram.com\\\/vetorino_off\\\/\",\"https:\\\/\\\/www.linkedin.com\\\/company\\\/vtorino\\\/\"]}]}<\/script>\n<meta property=\"product:brand\" content=\"Osalia\" \/>\n<meta property=\"product:price:amount\" content=\"45.21\" \/>\n<meta property=\"product:price:currency\" content=\"EUR\" \/>\n<meta property=\"og:availability\" content=\"instock\" \/>\n<meta property=\"product:availability\" content=\"instock\" \/>\n<meta property=\"product:retailer_item_id\" content=\"C-EAS014\" \/>\n<meta property=\"product:condition\" content=\"new\" \/>\n<!-- \/ Yoast SEO plugin. -->","yoast_head_json":{"title":"Easypill Chien Confort H\u00e9patique Osalia - V\u00e9torino","description":"Easypill Chien Confort H\u00e9patique\u00a0soutient la fonction h\u00e9patique en cas d'insuffisance h\u00e9patique chronique.  Du changement dans votre gamme Easypill :   Changement de packaging\u00a0: Easypill passe d\u2019un format boite \u00e0 un format sachet refermable : plus moderne, plus pratique, plus lisible.  Changement de nom :\u00a0Chien Insuffisance H\u00e9patique\u00a0devient\u00a0Chien Confort H\u00e9patique   &nbsp;","robots":{"index":"noindex","follow":"nofollow"},"og_locale":"fr_FR","og_type":"article","og_title":"Easypill Chien Confort H\u00e9patique Osalia - V\u00e9torino","og_description":"Easypill Chien Confort H\u00e9patique\u00a0soutient la fonction h\u00e9patique en cas d'insuffisance h\u00e9patique chronique.  Du changement dans votre gamme Easypill :   Changement de packaging\u00a0: Easypill passe d\u2019un format boite \u00e0 un format sachet refermable : plus moderne, plus pratique, plus lisible.  Changement de nom :\u00a0Chien Insuffisance H\u00e9patique\u00a0devient\u00a0Chien Confort H\u00e9patique   &nbsp;","og_url":"https:\/\/www.vetorino.com\/veterinaire\/confolens-16500\/boutique\/product\/easypill-chien-insuffisance-hepatique-2\/","og_site_name":"V\u00e9torino","article_publisher":"https:\/\/www.facebook.com\/Vetorino\/","article_modified_time":"2026-01-14T01:42:15+00:00","og_image":[{"width":540,"height":540,"url":"https:\/\/www.vetorino.com\/boutique\/wp-content\/uploads\/2023\/10\/chien-confort-hepatique.jpg.png","type":"image\/png"}],"twitter_card":"summary_large_image","twitter_misc":{"Prix":"45,21&euro;","Disponibilit\u00e9":"En stock"},"schema":{"@context":"https:\/\/schema.org","@graph":[{"@type":"WebPage","@id":"https:\/\/www.vetorino.com\/boutique\/product\/easypill-chien-insuffisance-hepatique-2\/","url":"https:\/\/www.vetorino.com\/boutique\/product\/easypill-chien-insuffisance-hepatique-2\/","name":"Easypill Chien Confort H\u00e9patique Osalia - V\u00e9torino","isPartOf":{"@id":"https:\/\/www.vetorino.com\/boutique\/#website"},"primaryImageOfPage":{"@id":"https:\/\/www.vetorino.com\/boutique\/product\/easypill-chien-insuffisance-hepatique-2\/#primaryimage"},"image":{"@id":"https:\/\/www.vetorino.com\/boutique\/product\/easypill-chien-insuffisance-hepatique-2\/#primaryimage"},"thumbnailUrl":"https:\/\/www.vetorino.com\/boutique\/wp-content\/uploads\/2023\/10\/chien-confort-hepatique.jpg.png","datePublished":"2020-06-29T15:05:02+00:00","dateModified":"2026-01-14T01:42:15+00:00","description":"Easypill Chien Confort H\u00e9patique\u00a0soutient la fonction h\u00e9patique en cas d'insuffisance h\u00e9patique chronique. Du changement dans votre gamme Easypill : Changement de packaging\u00a0: Easypill passe d\u2019un format boite \u00e0 un format sachet refermable : plus moderne, plus pratique, plus lisible. Changement de nom :\u00a0Chien Insuffisance H\u00e9patique\u00a0devient\u00a0Chien Confort H\u00e9patique &nbsp;","breadcrumb":{"@id":"https:\/\/www.vetorino.com\/boutique\/product\/easypill-chien-insuffisance-hepatique-2\/#breadcrumb"},"inLanguage":"fr-FR","potentialAction":[{"@type":"ReadAction","target":["https:\/\/www.vetorino.com\/boutique\/product\/easypill-chien-insuffisance-hepatique-2\/"]}]},{"@type":"ImageObject","inLanguage":"fr-FR","@id":"https:\/\/www.vetorino.com\/boutique\/product\/easypill-chien-insuffisance-hepatique-2\/#primaryimage","url":"https:\/\/www.vetorino.com\/boutique\/wp-content\/uploads\/2023\/10\/chien-confort-hepatique.jpg.png","contentUrl":"https:\/\/www.vetorino.com\/boutique\/wp-content\/uploads\/2023\/10\/chien-confort-hepatique.jpg.png","width":540,"height":540},{"@type":"BreadcrumbList","@id":"https:\/\/www.vetorino.com\/boutique\/product\/easypill-chien-insuffisance-hepatique-2\/#breadcrumb","itemListElement":[{"@type":"ListItem","position":1,"name":"Accueil","item":"https:\/\/www.vetorino.com\/boutique\/"},{"@type":"ListItem","position":2,"name":"Produits","item":"https:\/\/www.vetorino.com\/boutique\/"},{"@type":"ListItem","position":3,"name":"Chien Confort H\u00e9patique"}]},{"@type":"WebSite","@id":"https:\/\/www.vetorino.com\/boutique\/#website","url":"https:\/\/www.vetorino.com\/boutique\/","name":"V\u00e9torino","description":"","publisher":{"@id":"https:\/\/www.vetorino.com\/boutique\/#organization"},"potentialAction":[{"@type":"SearchAction","target":{"@type":"EntryPoint","urlTemplate":"https:\/\/www.vetorino.com\/boutique\/?s={search_term_string}"},"query-input":{"@type":"PropertyValueSpecification","valueRequired":true,"valueName":"search_term_string"}}],"inLanguage":"fr-FR"},{"@type":"Organization","@id":"https:\/\/www.vetorino.com\/boutique\/#organization","name":"V\u00e9torino","url":"https:\/\/www.vetorino.com\/boutique\/","logo":{"@type":"ImageObject","inLanguage":"fr-FR","@id":"https:\/\/www.vetorino.com\/boutique\/#\/schema\/logo\/image\/","url":"https:\/\/www.vetorino.com\/boutique\/wp-content\/uploads\/2024\/10\/logo.jpg","contentUrl":"https:\/\/www.vetorino.com\/boutique\/wp-content\/uploads\/2024\/10\/logo.jpg","width":1200,"height":610,"caption":"V\u00e9torino"},"image":{"@id":"https:\/\/www.vetorino.com\/boutique\/#\/schema\/logo\/image\/"},"sameAs":["https:\/\/www.facebook.com\/Vetorino\/","https:\/\/www.instagram.com\/vetorino_off\/","https:\/\/www.linkedin.com\/company\/vtorino\/"]}]},"product_brand":"Osalia","product_price_amount":"45.21","product_price_currency":"EUR","og_availability":"instock","product_availability":"instock","product_retailer_item_id":"C-EAS014","product_condition":"new"},"_links":{"self":[{"href":"https:\/\/www.vetorino.com\/veterinaire\/confolens-16500\/boutique\/wp-json\/wp\/v2\/product\/95459","targetHints":{"allow":["GET"]}}],"collection":[{"href":"https:\/\/www.vetorino.com\/veterinaire\/confolens-16500\/boutique\/wp-json\/wp\/v2\/product"}],"about":[{"href":"https:\/\/www.vetorino.com\/veterinaire\/confolens-16500\/boutique\/wp-json\/wp\/v2\/types\/product"}],"wp:featuredmedia":[{"embeddable":true,"href":"https:\/\/www.vetorino.com\/veterinaire\/confolens-16500\/boutique\/wp-json\/wp\/v2\/media\/711818"}],"wp:attachment":[{"href":"https:\/\/www.vetorino.com\/veterinaire\/confolens-16500\/boutique\/wp-json\/wp\/v2\/media?parent=95459"}],"wp:term":[{"taxonomy":"product_cat","embeddable":true,"href":"https:\/\/www.vetorino.com\/veterinaire\/confolens-16500\/boutique\/wp-json\/wp\/v2\/product_cat?post=95459"},{"taxonomy":"product_tag","embeddable":true,"href":"https:\/\/www.vetorino.com\/veterinaire\/confolens-16500\/boutique\/wp-json\/wp\/v2\/product_tag?post=95459"}],"curies":[{"name":"wp","href":"https:\/\/api.w.org\/{rel}","templated":true}]}}