{"id":961841,"date":"2024-07-01T14:24:43","date_gmt":"2024-07-01T12:24:43","guid":{"rendered":"https:\/\/www.vetorino.com\/boutique\/product\/anandavet-felin-saveur-saumon\/"},"modified":"2025-12-11T02:42:20","modified_gmt":"2025-12-11T01:42:20","slug":"anandavet-felin-saveur-saumon","status":"publish","type":"product","link":"https:\/\/www.vetorino.com\/veterinaire\/confolens-16500\/boutique\/product\/anandavet-felin-saveur-saumon\/","title":{"rendered":"AnandaVet Chat Saumon"},"content":{"rendered":"<p>AnandaVet F\u00e9lin est une huile qui <strong>aide rapidement les chats malades, \u00e2g\u00e9s ou en baisse de forme.<\/strong>\u00a0Elle peut s\u2019utiliser en cures de plusieurs semaines.<\/p>\n<p>Il s\u2019agit d\u2019un <strong>produit de bien-\u00eatre<\/strong> ne se substituant pas au traitement habituel. AnandaVet est <strong>Fabriqu\u00e9 en France<\/strong> \u00e0 base d&#8217;huile de chanvre et d&#8217;huile de saumon.<\/p>\n<p><strong>Pourquoi choisir AnandaVet pour votre chat?<\/strong><\/p>\n<ul>\n<li>Les mol\u00e9cules cannabino\u00efdes issues du chanvre ont des propri\u00e9t\u00e9s antalgique, anti-inflammatoire et r\u00e9gulatrice du syst\u00e8me immunitaire.<\/li>\n<li>Les huiles de chanvre (huile v\u00e9g\u00e9tale) et de saumon sont des mati\u00e8res grasses riches en acides gras essentiels, om\u00e9ga 3 notamment, et en vitamine E, utiles \u00e0 la brillance du pelage de nos f\u00e9lins.<\/li>\n<li>La forume\u00a0\u00e0 base de chanvre, apporte un vrai mieux-\u00eatre en cas de maladie chronique (\u00e9pilepsie, troubles digestifs ou urinaires, d\u00e9mangeaisons..) ou de pathologies inflammatoires.<\/li>\n<\/ul>\n<p><strong>Comment utiliser AnandaVet ?<\/strong><\/p>\n<ul>\n<li>2 gouttes\/kg ou 0.06 ml\/kg, matin et soir directement sur la muqueuse buccale ( \u00e0 l&#8217;aide de la pipette ou d&#8217;une seringue)<\/li>\n<\/ul>\n","protected":false},"excerpt":{"rendered":"<p>AnandaVet F\u00e9lin est une huile qui <strong>aide rapidement les chats malades, \u00e2g\u00e9s ou en baisse de forme.<\/strong>\u00a0Elle peut s\u2019utiliser en cures de plusieurs semaines.<\/p>\n<p>Il s\u2019agit d\u2019un <strong>produit de bien-\u00eatre<\/strong> ne se substituant pas au traitement habituel. AnandaVet est <strong>Fabriqu\u00e9 en France<\/strong> \u00e0 base d&#8217;huile de chanvre et d&#8217;huile de saumon.<\/p>\n","protected":false},"featured_media":1328924,"template":"","meta":[],"product_cat":[12551,2730,2697,12567],"product_tag":[],"class_list":{"0":"post-961841","1":"product","2":"type-product","3":"status-publish","4":"has-post-thumbnail","6":"product_cat-alimentation-du-chat","7":"product_cat-aliments-complementaires-pour-chat","8":"product_cat-chat","9":"product_cat-produit-veterinaire-du-chat","10":"pa_marque-zamz-bien-etre","12":"first","13":"instock","14":"taxable","15":"shipping-taxable","16":"purchasable","17":"product-type-simple"},"yoast_head":"<!-- This site is optimized with the Yoast SEO plugin v27.3 - https:\/\/yoast.com\/product\/yoast-seo-wordpress\/ -->\n<title>AnandaVet Chat Saumon ZamZ - V\u00e9torino<\/title>\n<meta name=\"description\" content=\"AnandaVet F\u00e9lin est une huile qui aide rapidement les chats malades, \u00e2g\u00e9s ou en baisse de forme.\u00a0Elle peut s\u2019utiliser en cures de plusieurs semaines.  Il s\u2019agit d\u2019un produit de bien-\u00eatre ne se substituant pas au traitement habituel. AnandaVet est Fabriqu\u00e9 en France \u00e0 base d&#039;huile de chanvre et d&#039;huile de saumon.\" \/>\n<meta name=\"robots\" content=\"noindex, nofollow\" \/>\n<meta property=\"og:locale\" content=\"fr_FR\" \/>\n<meta property=\"og:type\" content=\"article\" \/>\n<meta property=\"og:title\" content=\"AnandaVet Chat Saumon ZamZ - V\u00e9torino\" \/>\n<meta property=\"og:description\" content=\"AnandaVet F\u00e9lin est une huile qui aide rapidement les chats malades, \u00e2g\u00e9s ou en baisse de forme.\u00a0Elle peut s\u2019utiliser en cures de plusieurs semaines.  Il s\u2019agit d\u2019un produit de bien-\u00eatre ne se substituant pas au traitement habituel. AnandaVet est Fabriqu\u00e9 en France \u00e0 base d&#039;huile de chanvre et d&#039;huile de saumon.\" \/>\n<meta property=\"og:url\" content=\"https:\/\/www.vetorino.com\/veterinaire\/confolens-16500\/boutique\/product\/anandavet-felin-saveur-saumon\/\" \/>\n<meta property=\"og:site_name\" content=\"V\u00e9torino\" \/>\n<meta property=\"article:publisher\" content=\"https:\/\/www.facebook.com\/Vetorino\/\" \/>\n<meta property=\"article:modified_time\" content=\"2025-12-11T01:42:20+00:00\" \/>\n<meta property=\"og:image\" content=\"https:\/\/www.vetorino.com\/boutique\/wp-content\/uploads\/2024\/07\/ananda-vet-saumon-chat.png\" \/>\n\t<meta property=\"og:image:width\" content=\"800\" \/>\n\t<meta property=\"og:image:height\" content=\"800\" \/>\n\t<meta property=\"og:image:type\" content=\"image\/png\" \/>\n<meta name=\"twitter:card\" content=\"summary_large_image\" \/>\n<meta name=\"twitter:label1\" content=\"Prix\" \/>\n\t<meta name=\"twitter:data1\" content=\"27,80&euro;\" \/>\n\t<meta name=\"twitter:label2\" content=\"Disponibilit\u00e9\" \/>\n\t<meta name=\"twitter:data2\" content=\"En stock\" \/>\n<script type=\"application\/ld+json\" class=\"yoast-schema-graph\">{\"@context\":\"https:\\\/\\\/schema.org\",\"@graph\":[{\"@type\":\"WebPage\",\"@id\":\"https:\\\/\\\/www.vetorino.com\\\/veterinaire\\\/evry-91000\\\/boutique\\\/product\\\/anandavet-felin-saveur-saumon\\\/\",\"url\":\"https:\\\/\\\/www.vetorino.com\\\/veterinaire\\\/evry-91000\\\/boutique\\\/product\\\/anandavet-felin-saveur-saumon\\\/\",\"name\":\"AnandaVet Chat Saumon ZamZ - V\u00e9torino\",\"isPartOf\":{\"@id\":\"https:\\\/\\\/www.vetorino.com\\\/boutique\\\/#website\"},\"primaryImageOfPage\":{\"@id\":\"https:\\\/\\\/www.vetorino.com\\\/veterinaire\\\/evry-91000\\\/boutique\\\/product\\\/anandavet-felin-saveur-saumon\\\/#primaryimage\"},\"image\":{\"@id\":\"https:\\\/\\\/www.vetorino.com\\\/veterinaire\\\/evry-91000\\\/boutique\\\/product\\\/anandavet-felin-saveur-saumon\\\/#primaryimage\"},\"thumbnailUrl\":\"https:\\\/\\\/www.vetorino.com\\\/boutique\\\/wp-content\\\/uploads\\\/2024\\\/07\\\/ananda-vet-saumon-chat.png\",\"datePublished\":\"2024-07-01T12:24:43+00:00\",\"dateModified\":\"2025-12-11T01:42:20+00:00\",\"description\":\"AnandaVet F\u00e9lin est une huile qui aide rapidement les chats malades, \u00e2g\u00e9s ou en baisse de forme.\u00a0Elle peut s\u2019utiliser en cures de plusieurs semaines. Il s\u2019agit d\u2019un produit de bien-\u00eatre ne se substituant pas au traitement habituel. AnandaVet est Fabriqu\u00e9 en France \u00e0 base d'huile de chanvre et d'huile de saumon.\",\"breadcrumb\":{\"@id\":\"https:\\\/\\\/www.vetorino.com\\\/veterinaire\\\/evry-91000\\\/boutique\\\/product\\\/anandavet-felin-saveur-saumon\\\/#breadcrumb\"},\"inLanguage\":\"fr-FR\",\"potentialAction\":[{\"@type\":\"ReadAction\",\"target\":[\"https:\\\/\\\/www.vetorino.com\\\/veterinaire\\\/evry-91000\\\/boutique\\\/product\\\/anandavet-felin-saveur-saumon\\\/\"]}]},{\"@type\":\"ImageObject\",\"inLanguage\":\"fr-FR\",\"@id\":\"https:\\\/\\\/www.vetorino.com\\\/veterinaire\\\/evry-91000\\\/boutique\\\/product\\\/anandavet-felin-saveur-saumon\\\/#primaryimage\",\"url\":\"https:\\\/\\\/www.vetorino.com\\\/boutique\\\/wp-content\\\/uploads\\\/2024\\\/07\\\/ananda-vet-saumon-chat.png\",\"contentUrl\":\"https:\\\/\\\/www.vetorino.com\\\/boutique\\\/wp-content\\\/uploads\\\/2024\\\/07\\\/ananda-vet-saumon-chat.png\",\"width\":800,\"height\":800},{\"@type\":\"BreadcrumbList\",\"@id\":\"https:\\\/\\\/www.vetorino.com\\\/veterinaire\\\/evry-91000\\\/boutique\\\/product\\\/anandavet-felin-saveur-saumon\\\/#breadcrumb\",\"itemListElement\":[{\"@type\":\"ListItem\",\"position\":1,\"name\":\"Accueil\",\"item\":\"https:\\\/\\\/www.vetorino.com\\\/boutique\\\/\"},{\"@type\":\"ListItem\",\"position\":2,\"name\":\"Produits\",\"item\":\"https:\\\/\\\/www.vetorino.com\\\/boutique\\\/\"},{\"@type\":\"ListItem\",\"position\":3,\"name\":\"AnandaVet Chat Saumon\"}]},{\"@type\":\"WebSite\",\"@id\":\"https:\\\/\\\/www.vetorino.com\\\/boutique\\\/#website\",\"url\":\"https:\\\/\\\/www.vetorino.com\\\/boutique\\\/\",\"name\":\"V\u00e9torino\",\"description\":\"\",\"publisher\":{\"@id\":\"https:\\\/\\\/www.vetorino.com\\\/boutique\\\/#organization\"},\"potentialAction\":[{\"@type\":\"SearchAction\",\"target\":{\"@type\":\"EntryPoint\",\"urlTemplate\":\"https:\\\/\\\/www.vetorino.com\\\/boutique\\\/?s={search_term_string}\"},\"query-input\":{\"@type\":\"PropertyValueSpecification\",\"valueRequired\":true,\"valueName\":\"search_term_string\"}}],\"inLanguage\":\"fr-FR\"},{\"@type\":\"Organization\",\"@id\":\"https:\\\/\\\/www.vetorino.com\\\/boutique\\\/#organization\",\"name\":\"V\u00e9torino\",\"url\":\"https:\\\/\\\/www.vetorino.com\\\/boutique\\\/\",\"logo\":{\"@type\":\"ImageObject\",\"inLanguage\":\"fr-FR\",\"@id\":\"https:\\\/\\\/www.vetorino.com\\\/boutique\\\/#\\\/schema\\\/logo\\\/image\\\/\",\"url\":\"https:\\\/\\\/www.vetorino.com\\\/boutique\\\/wp-content\\\/uploads\\\/2024\\\/10\\\/logo.jpg\",\"contentUrl\":\"https:\\\/\\\/www.vetorino.com\\\/boutique\\\/wp-content\\\/uploads\\\/2024\\\/10\\\/logo.jpg\",\"width\":1200,\"height\":610,\"caption\":\"V\u00e9torino\"},\"image\":{\"@id\":\"https:\\\/\\\/www.vetorino.com\\\/boutique\\\/#\\\/schema\\\/logo\\\/image\\\/\"},\"sameAs\":[\"https:\\\/\\\/www.facebook.com\\\/Vetorino\\\/\",\"https:\\\/\\\/www.instagram.com\\\/vetorino_off\\\/\",\"https:\\\/\\\/www.linkedin.com\\\/company\\\/vtorino\\\/\"]}]}<\/script>\n<meta property=\"product:brand\" content=\"ZamZ\" \/>\n<meta property=\"product:price:amount\" content=\"27.80\" \/>\n<meta property=\"product:price:currency\" content=\"EUR\" \/>\n<meta property=\"og:availability\" content=\"instock\" \/>\n<meta property=\"product:availability\" content=\"instock\" \/>\n<meta property=\"product:retailer_item_id\" content=\"C-ANA021\" \/>\n<meta property=\"product:condition\" content=\"new\" \/>\n<!-- \/ Yoast SEO plugin. -->","yoast_head_json":{"title":"AnandaVet Chat Saumon ZamZ - V\u00e9torino","description":"AnandaVet F\u00e9lin est une huile qui aide rapidement les chats malades, \u00e2g\u00e9s ou en baisse de forme.\u00a0Elle peut s\u2019utiliser en cures de plusieurs semaines.  Il s\u2019agit d\u2019un produit de bien-\u00eatre ne se substituant pas au traitement habituel. AnandaVet est Fabriqu\u00e9 en France \u00e0 base d'huile de chanvre et d'huile de saumon.","robots":{"index":"noindex","follow":"nofollow"},"og_locale":"fr_FR","og_type":"article","og_title":"AnandaVet Chat Saumon ZamZ - V\u00e9torino","og_description":"AnandaVet F\u00e9lin est une huile qui aide rapidement les chats malades, \u00e2g\u00e9s ou en baisse de forme.\u00a0Elle peut s\u2019utiliser en cures de plusieurs semaines.  Il s\u2019agit d\u2019un produit de bien-\u00eatre ne se substituant pas au traitement habituel. AnandaVet est Fabriqu\u00e9 en France \u00e0 base d'huile de chanvre et d'huile de saumon.","og_url":"https:\/\/www.vetorino.com\/veterinaire\/confolens-16500\/boutique\/product\/anandavet-felin-saveur-saumon\/","og_site_name":"V\u00e9torino","article_publisher":"https:\/\/www.facebook.com\/Vetorino\/","article_modified_time":"2025-12-11T01:42:20+00:00","og_image":[{"width":800,"height":800,"url":"https:\/\/www.vetorino.com\/boutique\/wp-content\/uploads\/2024\/07\/ananda-vet-saumon-chat.png","type":"image\/png"}],"twitter_card":"summary_large_image","twitter_misc":{"Prix":"27,80&euro;","Disponibilit\u00e9":"En stock"},"schema":{"@context":"https:\/\/schema.org","@graph":[{"@type":"WebPage","@id":"https:\/\/www.vetorino.com\/veterinaire\/evry-91000\/boutique\/product\/anandavet-felin-saveur-saumon\/","url":"https:\/\/www.vetorino.com\/veterinaire\/evry-91000\/boutique\/product\/anandavet-felin-saveur-saumon\/","name":"AnandaVet Chat Saumon ZamZ - V\u00e9torino","isPartOf":{"@id":"https:\/\/www.vetorino.com\/boutique\/#website"},"primaryImageOfPage":{"@id":"https:\/\/www.vetorino.com\/veterinaire\/evry-91000\/boutique\/product\/anandavet-felin-saveur-saumon\/#primaryimage"},"image":{"@id":"https:\/\/www.vetorino.com\/veterinaire\/evry-91000\/boutique\/product\/anandavet-felin-saveur-saumon\/#primaryimage"},"thumbnailUrl":"https:\/\/www.vetorino.com\/boutique\/wp-content\/uploads\/2024\/07\/ananda-vet-saumon-chat.png","datePublished":"2024-07-01T12:24:43+00:00","dateModified":"2025-12-11T01:42:20+00:00","description":"AnandaVet F\u00e9lin est une huile qui aide rapidement les chats malades, \u00e2g\u00e9s ou en baisse de forme.\u00a0Elle peut s\u2019utiliser en cures de plusieurs semaines. Il s\u2019agit d\u2019un produit de bien-\u00eatre ne se substituant pas au traitement habituel. AnandaVet est Fabriqu\u00e9 en France \u00e0 base d'huile de chanvre et d'huile de saumon.","breadcrumb":{"@id":"https:\/\/www.vetorino.com\/veterinaire\/evry-91000\/boutique\/product\/anandavet-felin-saveur-saumon\/#breadcrumb"},"inLanguage":"fr-FR","potentialAction":[{"@type":"ReadAction","target":["https:\/\/www.vetorino.com\/veterinaire\/evry-91000\/boutique\/product\/anandavet-felin-saveur-saumon\/"]}]},{"@type":"ImageObject","inLanguage":"fr-FR","@id":"https:\/\/www.vetorino.com\/veterinaire\/evry-91000\/boutique\/product\/anandavet-felin-saveur-saumon\/#primaryimage","url":"https:\/\/www.vetorino.com\/boutique\/wp-content\/uploads\/2024\/07\/ananda-vet-saumon-chat.png","contentUrl":"https:\/\/www.vetorino.com\/boutique\/wp-content\/uploads\/2024\/07\/ananda-vet-saumon-chat.png","width":800,"height":800},{"@type":"BreadcrumbList","@id":"https:\/\/www.vetorino.com\/veterinaire\/evry-91000\/boutique\/product\/anandavet-felin-saveur-saumon\/#breadcrumb","itemListElement":[{"@type":"ListItem","position":1,"name":"Accueil","item":"https:\/\/www.vetorino.com\/boutique\/"},{"@type":"ListItem","position":2,"name":"Produits","item":"https:\/\/www.vetorino.com\/boutique\/"},{"@type":"ListItem","position":3,"name":"AnandaVet Chat Saumon"}]},{"@type":"WebSite","@id":"https:\/\/www.vetorino.com\/boutique\/#website","url":"https:\/\/www.vetorino.com\/boutique\/","name":"V\u00e9torino","description":"","publisher":{"@id":"https:\/\/www.vetorino.com\/boutique\/#organization"},"potentialAction":[{"@type":"SearchAction","target":{"@type":"EntryPoint","urlTemplate":"https:\/\/www.vetorino.com\/boutique\/?s={search_term_string}"},"query-input":{"@type":"PropertyValueSpecification","valueRequired":true,"valueName":"search_term_string"}}],"inLanguage":"fr-FR"},{"@type":"Organization","@id":"https:\/\/www.vetorino.com\/boutique\/#organization","name":"V\u00e9torino","url":"https:\/\/www.vetorino.com\/boutique\/","logo":{"@type":"ImageObject","inLanguage":"fr-FR","@id":"https:\/\/www.vetorino.com\/boutique\/#\/schema\/logo\/image\/","url":"https:\/\/www.vetorino.com\/boutique\/wp-content\/uploads\/2024\/10\/logo.jpg","contentUrl":"https:\/\/www.vetorino.com\/boutique\/wp-content\/uploads\/2024\/10\/logo.jpg","width":1200,"height":610,"caption":"V\u00e9torino"},"image":{"@id":"https:\/\/www.vetorino.com\/boutique\/#\/schema\/logo\/image\/"},"sameAs":["https:\/\/www.facebook.com\/Vetorino\/","https:\/\/www.instagram.com\/vetorino_off\/","https:\/\/www.linkedin.com\/company\/vtorino\/"]}]},"product_brand":"ZamZ","product_price_amount":"27.80","product_price_currency":"EUR","og_availability":"instock","product_availability":"instock","product_retailer_item_id":"C-ANA021","product_condition":"new"},"_links":{"self":[{"href":"https:\/\/www.vetorino.com\/veterinaire\/confolens-16500\/boutique\/wp-json\/wp\/v2\/product\/961841","targetHints":{"allow":["GET"]}}],"collection":[{"href":"https:\/\/www.vetorino.com\/veterinaire\/confolens-16500\/boutique\/wp-json\/wp\/v2\/product"}],"about":[{"href":"https:\/\/www.vetorino.com\/veterinaire\/confolens-16500\/boutique\/wp-json\/wp\/v2\/types\/product"}],"wp:featuredmedia":[{"embeddable":true,"href":"https:\/\/www.vetorino.com\/veterinaire\/confolens-16500\/boutique\/wp-json\/wp\/v2\/media\/1328924"}],"wp:attachment":[{"href":"https:\/\/www.vetorino.com\/veterinaire\/confolens-16500\/boutique\/wp-json\/wp\/v2\/media?parent=961841"}],"wp:term":[{"taxonomy":"product_cat","embeddable":true,"href":"https:\/\/www.vetorino.com\/veterinaire\/confolens-16500\/boutique\/wp-json\/wp\/v2\/product_cat?post=961841"},{"taxonomy":"product_tag","embeddable":true,"href":"https:\/\/www.vetorino.com\/veterinaire\/confolens-16500\/boutique\/wp-json\/wp\/v2\/product_tag?post=961841"}],"curies":[{"name":"wp","href":"https:\/\/api.w.org\/{rel}","templated":true}]}}