{"id":96317,"date":"2020-06-29T17:40:32","date_gmt":"2020-06-29T15:40:32","guid":{"rendered":"https:\/\/www.vetorino.com\/boutique\/product\/friandises-premio-trainer-snack-poultry-balls\/"},"modified":"2024-06-14T17:56:02","modified_gmt":"2024-06-14T15:56:02","slug":"friandises-premio-trainer-snack-poultry-balls","status":"publish","type":"product","link":"https:\/\/www.vetorino.com\/veterinaire\/confolens-16500\/boutique\/product\/friandises-premio-trainer-snack-poultry-balls\/","title":{"rendered":"Friandises Premio Trainer Snack Poultry Balls"},"content":{"rendered":"<div id=\"DESCR_TINY-bloc-1\" class=\"stylusBloc stylusBloc--text\">\n<div class=\"stylusBloc__content\">\n<p>Pendant vos sessions de dressage ou d&#8217;entrainement de votre chien, r\u00e9compensez-le de fa\u00e7on gourmande et ludique avec ces<strong>\u00a0friandises\u00a0<\/strong>originales ! Les\u00a0<b>PREMIO Trainer Snack Poultry Balls<\/b> sont e n forme de boules, leur bon go\u00fbt de volaille (81% de viande) en font une r\u00e9compense qui sera attendue et appr\u00e9ci\u00e9e.<\/p>\n<\/div>\n<\/div>\n<div id=\"DESCR_TINY-bloc-2\" class=\"stylusBloc stylusBloc--text stylusBloc--autogen\">\n<div class=\"stylusBloc__content\">\n<div class=\"zms-title-div\">\n<div class=\"zms-title\" data-size=\"t3\">PREMIO Trainer Snack Poultry Balls<\/div>\n<\/div>\n<p>&#8211; balles tendres<br \/>\n&#8211; saveur : volaille (81 % de viande)<br \/>\n&#8211; petites friandises pour chiens<br \/>\n&#8211; id\u00e9ales en r\u00e9compense pendant l&#8217;entra\u00eenement<br \/>\n&#8211; pratique :\u00a0seau plastique refermable<br \/>\n&#8211; sain pour votre animal : sans gluten et sans sucres ajou<\/p>\n<\/div>\n<\/div>\n","protected":false},"excerpt":{"rendered":"<p>Pendant vos sessions de dressage ou d&#8217;entrainement de votre chien, r\u00e9compensez-le de fa\u00e7on gourmande et ludique avec ces<strong>\u00a0friandises\u00a0<\/strong>originales ! Les\u00a0<b>PREMIO Trainer Snack Poultry Balls<\/b> sont e n forme de boules, leur bon go\u00fbt de volaille (81% de viande) en font une r\u00e9compense qui sera attendue et appr\u00e9ci\u00e9e.<\/p>\n","protected":false},"featured_media":947748,"template":"","meta":[],"product_cat":[2698],"product_tag":[],"class_list":{"0":"post-96317","1":"product","2":"type-product","3":"status-publish","4":"has-post-thumbnail","6":"product_cat-chien","7":"pa_marque-trixie","9":"first","10":"outofstock","11":"taxable","12":"shipping-taxable","13":"purchasable","14":"product-type-simple"},"yoast_head":"<!-- This site is optimized with the Yoast SEO plugin v27.3 - https:\/\/yoast.com\/product\/yoast-seo-wordpress\/ -->\n<title>Friandises Premio Trainer Snack Poultry Balls Trixie - V\u00e9torino<\/title>\n<meta name=\"description\" content=\"Pendant vos sessions de dressage ou d&#039;entrainement de votre chien, r\u00e9compensez-le de fa\u00e7on gourmande et ludique avec ces\u00a0friandises\u00a0originales ! Les\u00a0PREMIO Trainer Snack Poultry Balls sont e n forme de boules, leur bon go\u00fbt de volaille (81% de viande) en font une r\u00e9compense qui sera attendue et appr\u00e9ci\u00e9e.\" \/>\n<meta name=\"robots\" content=\"noindex, nofollow\" \/>\n<meta property=\"og:locale\" content=\"fr_FR\" \/>\n<meta property=\"og:type\" content=\"article\" \/>\n<meta property=\"og:title\" content=\"Friandises Premio Trainer Snack Poultry Balls Trixie - V\u00e9torino\" \/>\n<meta property=\"og:description\" content=\"Pendant vos sessions de dressage ou d&#039;entrainement de votre chien, r\u00e9compensez-le de fa\u00e7on gourmande et ludique avec ces\u00a0friandises\u00a0originales ! Les\u00a0PREMIO Trainer Snack Poultry Balls sont e n forme de boules, leur bon go\u00fbt de volaille (81% de viande) en font une r\u00e9compense qui sera attendue et appr\u00e9ci\u00e9e.\" \/>\n<meta property=\"og:url\" content=\"https:\/\/www.vetorino.com\/veterinaire\/confolens-16500\/boutique\/product\/friandises-premio-trainer-snack-poultry-balls\/\" \/>\n<meta property=\"og:site_name\" content=\"V\u00e9torino\" \/>\n<meta property=\"article:publisher\" content=\"https:\/\/www.facebook.com\/Vetorino\/\" \/>\n<meta property=\"article:modified_time\" content=\"2024-06-14T15:56:02+00:00\" \/>\n<meta property=\"og:image\" content=\"https:\/\/www.vetorino.com\/boutique\/wp-content\/uploads\/2020\/06\/lm_600d490d7b4576290fa60eb31b5fc917ad11663332337.webp\" \/>\n\t<meta property=\"og:image:width\" content=\"655\" \/>\n\t<meta property=\"og:image:height\" content=\"800\" \/>\n\t<meta property=\"og:image:type\" content=\"image\/webp\" \/>\n<meta name=\"twitter:card\" content=\"summary_large_image\" \/>\n<meta name=\"twitter:label1\" content=\"Prix\" \/>\n\t<meta name=\"twitter:data1\" content=\"8,21&euro;\" \/>\n\t<meta name=\"twitter:label2\" content=\"Disponibilit\u00e9\" \/>\n\t<meta name=\"twitter:data2\" content=\"Rupture de stock\" \/>\n<script type=\"application\/ld+json\" class=\"yoast-schema-graph\">{\"@context\":\"https:\\\/\\\/schema.org\",\"@graph\":[{\"@type\":\"WebPage\",\"@id\":\"https:\\\/\\\/www.vetorino.com\\\/veterinaire\\\/saintjean-31240\\\/boutique\\\/product\\\/friandises-premio-trainer-snack-poultry-balls\\\/\",\"url\":\"https:\\\/\\\/www.vetorino.com\\\/veterinaire\\\/saintjean-31240\\\/boutique\\\/product\\\/friandises-premio-trainer-snack-poultry-balls\\\/\",\"name\":\"Friandises Premio Trainer Snack Poultry Balls Trixie - V\u00e9torino\",\"isPartOf\":{\"@id\":\"https:\\\/\\\/www.vetorino.com\\\/boutique\\\/#website\"},\"primaryImageOfPage\":{\"@id\":\"https:\\\/\\\/www.vetorino.com\\\/veterinaire\\\/saintjean-31240\\\/boutique\\\/product\\\/friandises-premio-trainer-snack-poultry-balls\\\/#primaryimage\"},\"image\":{\"@id\":\"https:\\\/\\\/www.vetorino.com\\\/veterinaire\\\/saintjean-31240\\\/boutique\\\/product\\\/friandises-premio-trainer-snack-poultry-balls\\\/#primaryimage\"},\"thumbnailUrl\":\"https:\\\/\\\/www.vetorino.com\\\/boutique\\\/wp-content\\\/uploads\\\/2020\\\/06\\\/lm_600d490d7b4576290fa60eb31b5fc917ad11663332337.webp\",\"datePublished\":\"2020-06-29T15:40:32+00:00\",\"dateModified\":\"2024-06-14T15:56:02+00:00\",\"description\":\"Pendant vos sessions de dressage ou d'entrainement de votre chien, r\u00e9compensez-le de fa\u00e7on gourmande et ludique avec ces\u00a0friandises\u00a0originales ! Les\u00a0PREMIO Trainer Snack Poultry Balls sont e n forme de boules, leur bon go\u00fbt de volaille (81% de viande) en font une r\u00e9compense qui sera attendue et appr\u00e9ci\u00e9e.\",\"breadcrumb\":{\"@id\":\"https:\\\/\\\/www.vetorino.com\\\/veterinaire\\\/saintjean-31240\\\/boutique\\\/product\\\/friandises-premio-trainer-snack-poultry-balls\\\/#breadcrumb\"},\"inLanguage\":\"fr-FR\",\"potentialAction\":[{\"@type\":\"ReadAction\",\"target\":[\"https:\\\/\\\/www.vetorino.com\\\/veterinaire\\\/saintjean-31240\\\/boutique\\\/product\\\/friandises-premio-trainer-snack-poultry-balls\\\/\"]}]},{\"@type\":\"ImageObject\",\"inLanguage\":\"fr-FR\",\"@id\":\"https:\\\/\\\/www.vetorino.com\\\/veterinaire\\\/saintjean-31240\\\/boutique\\\/product\\\/friandises-premio-trainer-snack-poultry-balls\\\/#primaryimage\",\"url\":\"https:\\\/\\\/www.vetorino.com\\\/boutique\\\/wp-content\\\/uploads\\\/2020\\\/06\\\/lm_600d490d7b4576290fa60eb31b5fc917ad11663332337.webp\",\"contentUrl\":\"https:\\\/\\\/www.vetorino.com\\\/boutique\\\/wp-content\\\/uploads\\\/2020\\\/06\\\/lm_600d490d7b4576290fa60eb31b5fc917ad11663332337.webp\",\"width\":655,\"height\":800},{\"@type\":\"BreadcrumbList\",\"@id\":\"https:\\\/\\\/www.vetorino.com\\\/veterinaire\\\/saintjean-31240\\\/boutique\\\/product\\\/friandises-premio-trainer-snack-poultry-balls\\\/#breadcrumb\",\"itemListElement\":[{\"@type\":\"ListItem\",\"position\":1,\"name\":\"Accueil\",\"item\":\"https:\\\/\\\/www.vetorino.com\\\/boutique\\\/\"},{\"@type\":\"ListItem\",\"position\":2,\"name\":\"Produits\",\"item\":\"https:\\\/\\\/www.vetorino.com\\\/boutique\\\/\"},{\"@type\":\"ListItem\",\"position\":3,\"name\":\"Friandises Premio Trainer Snack Poultry Balls\"}]},{\"@type\":\"WebSite\",\"@id\":\"https:\\\/\\\/www.vetorino.com\\\/boutique\\\/#website\",\"url\":\"https:\\\/\\\/www.vetorino.com\\\/boutique\\\/\",\"name\":\"V\u00e9torino\",\"description\":\"\",\"publisher\":{\"@id\":\"https:\\\/\\\/www.vetorino.com\\\/boutique\\\/#organization\"},\"potentialAction\":[{\"@type\":\"SearchAction\",\"target\":{\"@type\":\"EntryPoint\",\"urlTemplate\":\"https:\\\/\\\/www.vetorino.com\\\/boutique\\\/?s={search_term_string}\"},\"query-input\":{\"@type\":\"PropertyValueSpecification\",\"valueRequired\":true,\"valueName\":\"search_term_string\"}}],\"inLanguage\":\"fr-FR\"},{\"@type\":\"Organization\",\"@id\":\"https:\\\/\\\/www.vetorino.com\\\/boutique\\\/#organization\",\"name\":\"V\u00e9torino\",\"url\":\"https:\\\/\\\/www.vetorino.com\\\/boutique\\\/\",\"logo\":{\"@type\":\"ImageObject\",\"inLanguage\":\"fr-FR\",\"@id\":\"https:\\\/\\\/www.vetorino.com\\\/boutique\\\/#\\\/schema\\\/logo\\\/image\\\/\",\"url\":\"https:\\\/\\\/www.vetorino.com\\\/boutique\\\/wp-content\\\/uploads\\\/2024\\\/10\\\/logo.jpg\",\"contentUrl\":\"https:\\\/\\\/www.vetorino.com\\\/boutique\\\/wp-content\\\/uploads\\\/2024\\\/10\\\/logo.jpg\",\"width\":1200,\"height\":610,\"caption\":\"V\u00e9torino\"},\"image\":{\"@id\":\"https:\\\/\\\/www.vetorino.com\\\/boutique\\\/#\\\/schema\\\/logo\\\/image\\\/\"},\"sameAs\":[\"https:\\\/\\\/www.facebook.com\\\/Vetorino\\\/\",\"https:\\\/\\\/www.instagram.com\\\/vetorino_off\\\/\",\"https:\\\/\\\/www.linkedin.com\\\/company\\\/vtorino\\\/\"]}]}<\/script>\n<meta property=\"product:brand\" content=\"Trixie\" \/>\n<meta property=\"product:price:amount\" content=\"8.21\" \/>\n<meta property=\"product:price:currency\" content=\"EUR\" \/>\n<meta property=\"og:availability\" content=\"out of stock\" \/>\n<meta property=\"product:availability\" content=\"out of stock\" \/>\n<meta property=\"product:retailer_item_id\" content=\"C-FRI053\" \/>\n<meta property=\"product:condition\" content=\"new\" \/>\n<!-- \/ Yoast SEO plugin. -->","yoast_head_json":{"title":"Friandises Premio Trainer Snack Poultry Balls Trixie - V\u00e9torino","description":"Pendant vos sessions de dressage ou d'entrainement de votre chien, r\u00e9compensez-le de fa\u00e7on gourmande et ludique avec ces\u00a0friandises\u00a0originales ! Les\u00a0PREMIO Trainer Snack Poultry Balls sont e n forme de boules, leur bon go\u00fbt de volaille (81% de viande) en font une r\u00e9compense qui sera attendue et appr\u00e9ci\u00e9e.","robots":{"index":"noindex","follow":"nofollow"},"og_locale":"fr_FR","og_type":"article","og_title":"Friandises Premio Trainer Snack Poultry Balls Trixie - V\u00e9torino","og_description":"Pendant vos sessions de dressage ou d'entrainement de votre chien, r\u00e9compensez-le de fa\u00e7on gourmande et ludique avec ces\u00a0friandises\u00a0originales ! Les\u00a0PREMIO Trainer Snack Poultry Balls sont e n forme de boules, leur bon go\u00fbt de volaille (81% de viande) en font une r\u00e9compense qui sera attendue et appr\u00e9ci\u00e9e.","og_url":"https:\/\/www.vetorino.com\/veterinaire\/confolens-16500\/boutique\/product\/friandises-premio-trainer-snack-poultry-balls\/","og_site_name":"V\u00e9torino","article_publisher":"https:\/\/www.facebook.com\/Vetorino\/","article_modified_time":"2024-06-14T15:56:02+00:00","og_image":[{"width":655,"height":800,"url":"https:\/\/www.vetorino.com\/boutique\/wp-content\/uploads\/2020\/06\/lm_600d490d7b4576290fa60eb31b5fc917ad11663332337.webp","type":"image\/webp"}],"twitter_card":"summary_large_image","twitter_misc":{"Prix":"8,21&euro;","Disponibilit\u00e9":"Rupture de stock"},"schema":{"@context":"https:\/\/schema.org","@graph":[{"@type":"WebPage","@id":"https:\/\/www.vetorino.com\/veterinaire\/saintjean-31240\/boutique\/product\/friandises-premio-trainer-snack-poultry-balls\/","url":"https:\/\/www.vetorino.com\/veterinaire\/saintjean-31240\/boutique\/product\/friandises-premio-trainer-snack-poultry-balls\/","name":"Friandises Premio Trainer Snack Poultry Balls Trixie - V\u00e9torino","isPartOf":{"@id":"https:\/\/www.vetorino.com\/boutique\/#website"},"primaryImageOfPage":{"@id":"https:\/\/www.vetorino.com\/veterinaire\/saintjean-31240\/boutique\/product\/friandises-premio-trainer-snack-poultry-balls\/#primaryimage"},"image":{"@id":"https:\/\/www.vetorino.com\/veterinaire\/saintjean-31240\/boutique\/product\/friandises-premio-trainer-snack-poultry-balls\/#primaryimage"},"thumbnailUrl":"https:\/\/www.vetorino.com\/boutique\/wp-content\/uploads\/2020\/06\/lm_600d490d7b4576290fa60eb31b5fc917ad11663332337.webp","datePublished":"2020-06-29T15:40:32+00:00","dateModified":"2024-06-14T15:56:02+00:00","description":"Pendant vos sessions de dressage ou d'entrainement de votre chien, r\u00e9compensez-le de fa\u00e7on gourmande et ludique avec ces\u00a0friandises\u00a0originales ! Les\u00a0PREMIO Trainer Snack Poultry Balls sont e n forme de boules, leur bon go\u00fbt de volaille (81% de viande) en font une r\u00e9compense qui sera attendue et appr\u00e9ci\u00e9e.","breadcrumb":{"@id":"https:\/\/www.vetorino.com\/veterinaire\/saintjean-31240\/boutique\/product\/friandises-premio-trainer-snack-poultry-balls\/#breadcrumb"},"inLanguage":"fr-FR","potentialAction":[{"@type":"ReadAction","target":["https:\/\/www.vetorino.com\/veterinaire\/saintjean-31240\/boutique\/product\/friandises-premio-trainer-snack-poultry-balls\/"]}]},{"@type":"ImageObject","inLanguage":"fr-FR","@id":"https:\/\/www.vetorino.com\/veterinaire\/saintjean-31240\/boutique\/product\/friandises-premio-trainer-snack-poultry-balls\/#primaryimage","url":"https:\/\/www.vetorino.com\/boutique\/wp-content\/uploads\/2020\/06\/lm_600d490d7b4576290fa60eb31b5fc917ad11663332337.webp","contentUrl":"https:\/\/www.vetorino.com\/boutique\/wp-content\/uploads\/2020\/06\/lm_600d490d7b4576290fa60eb31b5fc917ad11663332337.webp","width":655,"height":800},{"@type":"BreadcrumbList","@id":"https:\/\/www.vetorino.com\/veterinaire\/saintjean-31240\/boutique\/product\/friandises-premio-trainer-snack-poultry-balls\/#breadcrumb","itemListElement":[{"@type":"ListItem","position":1,"name":"Accueil","item":"https:\/\/www.vetorino.com\/boutique\/"},{"@type":"ListItem","position":2,"name":"Produits","item":"https:\/\/www.vetorino.com\/boutique\/"},{"@type":"ListItem","position":3,"name":"Friandises Premio Trainer Snack Poultry Balls"}]},{"@type":"WebSite","@id":"https:\/\/www.vetorino.com\/boutique\/#website","url":"https:\/\/www.vetorino.com\/boutique\/","name":"V\u00e9torino","description":"","publisher":{"@id":"https:\/\/www.vetorino.com\/boutique\/#organization"},"potentialAction":[{"@type":"SearchAction","target":{"@type":"EntryPoint","urlTemplate":"https:\/\/www.vetorino.com\/boutique\/?s={search_term_string}"},"query-input":{"@type":"PropertyValueSpecification","valueRequired":true,"valueName":"search_term_string"}}],"inLanguage":"fr-FR"},{"@type":"Organization","@id":"https:\/\/www.vetorino.com\/boutique\/#organization","name":"V\u00e9torino","url":"https:\/\/www.vetorino.com\/boutique\/","logo":{"@type":"ImageObject","inLanguage":"fr-FR","@id":"https:\/\/www.vetorino.com\/boutique\/#\/schema\/logo\/image\/","url":"https:\/\/www.vetorino.com\/boutique\/wp-content\/uploads\/2024\/10\/logo.jpg","contentUrl":"https:\/\/www.vetorino.com\/boutique\/wp-content\/uploads\/2024\/10\/logo.jpg","width":1200,"height":610,"caption":"V\u00e9torino"},"image":{"@id":"https:\/\/www.vetorino.com\/boutique\/#\/schema\/logo\/image\/"},"sameAs":["https:\/\/www.facebook.com\/Vetorino\/","https:\/\/www.instagram.com\/vetorino_off\/","https:\/\/www.linkedin.com\/company\/vtorino\/"]}]},"product_brand":"Trixie","product_price_amount":"8.21","product_price_currency":"EUR","og_availability":"out of stock","product_availability":"out of stock","product_retailer_item_id":"C-FRI053","product_condition":"new"},"_links":{"self":[{"href":"https:\/\/www.vetorino.com\/veterinaire\/confolens-16500\/boutique\/wp-json\/wp\/v2\/product\/96317","targetHints":{"allow":["GET"]}}],"collection":[{"href":"https:\/\/www.vetorino.com\/veterinaire\/confolens-16500\/boutique\/wp-json\/wp\/v2\/product"}],"about":[{"href":"https:\/\/www.vetorino.com\/veterinaire\/confolens-16500\/boutique\/wp-json\/wp\/v2\/types\/product"}],"wp:featuredmedia":[{"embeddable":true,"href":"https:\/\/www.vetorino.com\/veterinaire\/confolens-16500\/boutique\/wp-json\/wp\/v2\/media\/947748"}],"wp:attachment":[{"href":"https:\/\/www.vetorino.com\/veterinaire\/confolens-16500\/boutique\/wp-json\/wp\/v2\/media?parent=96317"}],"wp:term":[{"taxonomy":"product_cat","embeddable":true,"href":"https:\/\/www.vetorino.com\/veterinaire\/confolens-16500\/boutique\/wp-json\/wp\/v2\/product_cat?post=96317"},{"taxonomy":"product_tag","embeddable":true,"href":"https:\/\/www.vetorino.com\/veterinaire\/confolens-16500\/boutique\/wp-json\/wp\/v2\/product_tag?post=96317"}],"curies":[{"name":"wp","href":"https:\/\/api.w.org\/{rel}","templated":true}]}}