{"id":963761,"date":"2024-07-03T09:48:45","date_gmt":"2024-07-03T07:48:45","guid":{"rendered":"https:\/\/www.vetorino.com\/boutique\/product\/respiphytol-inhal\/"},"modified":"2025-10-04T02:42:09","modified_gmt":"2025-10-04T00:42:09","slug":"respiphytol-inhal","status":"publish","type":"product","link":"https:\/\/www.vetorino.com\/veterinaire\/confolens-16500\/boutique\/product\/respiphytol-inhal\/","title":{"rendered":"Respiphytol Inhal"},"content":{"rendered":"<p>RESPIPHYTOL\u00ae INHAL\u2019 est utilis\u00e9 par <strong>voie atmosph\u00e9rique<\/strong> : en l\u2019ajoutant \u00e0 de l\u2019eau chaude, les vapeurs vont se charger en huiles essentielles, ce qui permettra \u00e0 l\u2019animal de les respirer.<\/p>\n<p>A noter qu\u2019il <strong>peut \u00eatre utilis\u00e9 conjointement avec RESPIPHYTOL<\/strong>, un aliment compl\u00e9mentaire qui favorise efficacement le confort respiratoire de l\u2019animal.<\/p>\n<p>\u2022 Composition : Huile essentielle de Ravintsara (Cinnamomum camphora CT cin\u00e9ole), Huile essentielle d\u2019Eucalyptus radi\u00e9 (Eucalyptus radiata), Huile essentielle de Sapin baumier (Abies balsamea), Huile essentielle d\u2019Arbre \u00e0 th\u00e9 (Melaleuca alternifolia)<\/p>\n<p>\u2022 Conseils d\u2019utilisation :<\/p>\n<p>\u2022 Agiter le flacon avant emploi.<\/p>\n<p>\u2022 D\u00e9poser le nombre de gouttes appropri\u00e9 (voir ci-dessous) dans un bol.<\/p>\n<p>\u2022 Ajouter de l\u2019eau tr\u00e8s chaude.<\/p>\n<p>\u2022 Laisser l\u2019animal respirer les vapeurs, pendant 10 \u00e0 15 minutes.<\/p>\n<p>\u2022 Utiliser 1 \u00e0 2 fois par jour, pendant 5 \u00e0 7 jours maximum.<\/p>\n<p>\u2022 Essuyer le pelage de l\u2019animal, pour enlever le produit qui se serait d\u00e9pos\u00e9.<\/p>\n<p>\u2022 Eviter d\u2019exposer l\u2019animal au froid la demi-heure qui suit.<\/p>\n<p>A noter que l\u2019animal ne doit pas avoir acc\u00e8s au bol, afin d\u2019\u00e9viter toute br\u00fblure ou qu\u2019il ne boive la pr\u00e9paration. Pour cela, le mettre dans sa cage de transport, placer le bol devant celle-ci, et recouvrir l\u2019ensemble d\u2019un linge.<\/p>\n<p>Chien : 4 \u00e0 10 gouttes, en fonction de la taille.<\/p>\n<p>Chat : 4 \u00e0 8 gouttes.<\/p>\n<p>Chiots, Chatons : 3 \u00e0 5 gouttes.<\/p>\n<p>Flacon compte-gouttes de 20 ml<\/p>\n","protected":false},"excerpt":{"rendered":"<p>RESPIPHYTOL INHAL\u2019 est un <strong>modificateur d\u2019ambiance respiratoire, destin\u00e9 aux chiens et aux chats<\/strong>.<\/p>\n<p>ESPIPHYTOL INHAL\u2019 poss\u00e8de une synergie d\u2019<strong>huiles essentielles<\/strong> (Ravintsara, Eucalyptus radi\u00e9, Sapin baumier et Arbre \u00e0 th\u00e9), <strong>reconnues pour leurs actions b\u00e9n\u00e9fiques sur l\u2019arbre respiratoire<\/strong>.<\/p>\n","protected":false},"featured_media":968208,"template":"","meta":[],"product_cat":[12551,12552,2730,2738,2697,2698,12643,12644],"product_tag":[],"class_list":{"0":"post-963761","1":"product","2":"type-product","3":"status-publish","4":"has-post-thumbnail","6":"product_cat-alimentation-du-chat","7":"product_cat-alimentation-du-chien","8":"product_cat-aliments-complementaires-pour-chat","9":"product_cat-aliments-complementaires-pour-chien","10":"product_cat-chat","11":"product_cat-chien","12":"product_cat-systeme-respiratoire-du-chat","13":"product_cat-systeme-respiratoire-du-chien","14":"pa_marque-greenvet","16":"first","17":"instock","18":"taxable","19":"shipping-taxable","20":"purchasable","21":"product-type-simple"},"yoast_head":"<!-- This site is optimized with the Yoast SEO plugin v27.3 - https:\/\/yoast.com\/product\/yoast-seo-wordpress\/ -->\n<title>Respiphytol Inhal Greenvet - V\u00e9torino<\/title>\n<meta name=\"description\" content=\"RESPIPHYTOL INHAL\u2019 est un modificateur d\u2019ambiance respiratoire, destin\u00e9 aux chiens et aux chats.  ESPIPHYTOL INHAL\u2019 poss\u00e8de une synergie d\u2019huiles essentielles (Ravintsara, Eucalyptus radi\u00e9, Sapin baumier et Arbre \u00e0 th\u00e9), reconnues pour leurs actions b\u00e9n\u00e9fiques sur l\u2019arbre respiratoire.\" \/>\n<meta name=\"robots\" content=\"noindex, nofollow\" \/>\n<meta property=\"og:locale\" content=\"fr_FR\" \/>\n<meta property=\"og:type\" content=\"article\" \/>\n<meta property=\"og:title\" content=\"Respiphytol Inhal Greenvet - V\u00e9torino\" \/>\n<meta property=\"og:description\" content=\"RESPIPHYTOL INHAL\u2019 est un modificateur d\u2019ambiance respiratoire, destin\u00e9 aux chiens et aux chats.  ESPIPHYTOL INHAL\u2019 poss\u00e8de une synergie d\u2019huiles essentielles (Ravintsara, Eucalyptus radi\u00e9, Sapin baumier et Arbre \u00e0 th\u00e9), reconnues pour leurs actions b\u00e9n\u00e9fiques sur l\u2019arbre respiratoire.\" \/>\n<meta property=\"og:url\" content=\"https:\/\/www.vetorino.com\/veterinaire\/confolens-16500\/boutique\/product\/respiphytol-inhal\/\" \/>\n<meta property=\"og:site_name\" content=\"V\u00e9torino\" \/>\n<meta property=\"article:publisher\" content=\"https:\/\/www.facebook.com\/Vetorino\/\" \/>\n<meta property=\"article:modified_time\" content=\"2025-10-04T00:42:09+00:00\" \/>\n<meta property=\"og:image\" content=\"https:\/\/www.vetorino.com\/boutique\/wp-content\/uploads\/2024\/07\/respiphytol-inhal.webp\" \/>\n\t<meta property=\"og:image:width\" content=\"800\" \/>\n\t<meta property=\"og:image:height\" content=\"800\" \/>\n\t<meta property=\"og:image:type\" content=\"image\/webp\" \/>\n<meta name=\"twitter:card\" content=\"summary_large_image\" \/>\n<meta name=\"twitter:label1\" content=\"Prix\" \/>\n\t<meta name=\"twitter:data1\" content=\"13,65&euro;\" \/>\n\t<meta name=\"twitter:label2\" content=\"Disponibilit\u00e9\" \/>\n\t<meta name=\"twitter:data2\" content=\"En stock\" \/>\n<script type=\"application\/ld+json\" class=\"yoast-schema-graph\">{\"@context\":\"https:\\\/\\\/schema.org\",\"@graph\":[{\"@type\":\"WebPage\",\"@id\":\"https:\\\/\\\/www.vetorino.com\\\/boutique\\\/product\\\/respiphytol-inhal\\\/\",\"url\":\"https:\\\/\\\/www.vetorino.com\\\/boutique\\\/product\\\/respiphytol-inhal\\\/\",\"name\":\"Respiphytol Inhal Greenvet - V\u00e9torino\",\"isPartOf\":{\"@id\":\"https:\\\/\\\/www.vetorino.com\\\/boutique\\\/#website\"},\"primaryImageOfPage\":{\"@id\":\"https:\\\/\\\/www.vetorino.com\\\/boutique\\\/product\\\/respiphytol-inhal\\\/#primaryimage\"},\"image\":{\"@id\":\"https:\\\/\\\/www.vetorino.com\\\/boutique\\\/product\\\/respiphytol-inhal\\\/#primaryimage\"},\"thumbnailUrl\":\"https:\\\/\\\/www.vetorino.com\\\/boutique\\\/wp-content\\\/uploads\\\/2024\\\/07\\\/respiphytol-inhal.webp\",\"datePublished\":\"2024-07-03T07:48:45+00:00\",\"dateModified\":\"2025-10-04T00:42:09+00:00\",\"description\":\"RESPIPHYTOL INHAL\u2019 est un modificateur d\u2019ambiance respiratoire, destin\u00e9 aux chiens et aux chats. ESPIPHYTOL INHAL\u2019 poss\u00e8de une synergie d\u2019huiles essentielles (Ravintsara, Eucalyptus radi\u00e9, Sapin baumier et Arbre \u00e0 th\u00e9), reconnues pour leurs actions b\u00e9n\u00e9fiques sur l\u2019arbre respiratoire.\",\"breadcrumb\":{\"@id\":\"https:\\\/\\\/www.vetorino.com\\\/boutique\\\/product\\\/respiphytol-inhal\\\/#breadcrumb\"},\"inLanguage\":\"fr-FR\",\"potentialAction\":[{\"@type\":\"ReadAction\",\"target\":[\"https:\\\/\\\/www.vetorino.com\\\/boutique\\\/product\\\/respiphytol-inhal\\\/\"]}]},{\"@type\":\"ImageObject\",\"inLanguage\":\"fr-FR\",\"@id\":\"https:\\\/\\\/www.vetorino.com\\\/boutique\\\/product\\\/respiphytol-inhal\\\/#primaryimage\",\"url\":\"https:\\\/\\\/www.vetorino.com\\\/boutique\\\/wp-content\\\/uploads\\\/2024\\\/07\\\/respiphytol-inhal.webp\",\"contentUrl\":\"https:\\\/\\\/www.vetorino.com\\\/boutique\\\/wp-content\\\/uploads\\\/2024\\\/07\\\/respiphytol-inhal.webp\",\"width\":800,\"height\":800},{\"@type\":\"BreadcrumbList\",\"@id\":\"https:\\\/\\\/www.vetorino.com\\\/boutique\\\/product\\\/respiphytol-inhal\\\/#breadcrumb\",\"itemListElement\":[{\"@type\":\"ListItem\",\"position\":1,\"name\":\"Accueil\",\"item\":\"https:\\\/\\\/www.vetorino.com\\\/boutique\\\/\"},{\"@type\":\"ListItem\",\"position\":2,\"name\":\"Produits\",\"item\":\"https:\\\/\\\/www.vetorino.com\\\/boutique\\\/\"},{\"@type\":\"ListItem\",\"position\":3,\"name\":\"Respiphytol Inhal\"}]},{\"@type\":\"WebSite\",\"@id\":\"https:\\\/\\\/www.vetorino.com\\\/boutique\\\/#website\",\"url\":\"https:\\\/\\\/www.vetorino.com\\\/boutique\\\/\",\"name\":\"V\u00e9torino\",\"description\":\"\",\"publisher\":{\"@id\":\"https:\\\/\\\/www.vetorino.com\\\/boutique\\\/#organization\"},\"potentialAction\":[{\"@type\":\"SearchAction\",\"target\":{\"@type\":\"EntryPoint\",\"urlTemplate\":\"https:\\\/\\\/www.vetorino.com\\\/boutique\\\/?s={search_term_string}\"},\"query-input\":{\"@type\":\"PropertyValueSpecification\",\"valueRequired\":true,\"valueName\":\"search_term_string\"}}],\"inLanguage\":\"fr-FR\"},{\"@type\":\"Organization\",\"@id\":\"https:\\\/\\\/www.vetorino.com\\\/boutique\\\/#organization\",\"name\":\"V\u00e9torino\",\"url\":\"https:\\\/\\\/www.vetorino.com\\\/boutique\\\/\",\"logo\":{\"@type\":\"ImageObject\",\"inLanguage\":\"fr-FR\",\"@id\":\"https:\\\/\\\/www.vetorino.com\\\/boutique\\\/#\\\/schema\\\/logo\\\/image\\\/\",\"url\":\"https:\\\/\\\/www.vetorino.com\\\/boutique\\\/wp-content\\\/uploads\\\/2024\\\/10\\\/logo.jpg\",\"contentUrl\":\"https:\\\/\\\/www.vetorino.com\\\/boutique\\\/wp-content\\\/uploads\\\/2024\\\/10\\\/logo.jpg\",\"width\":1200,\"height\":610,\"caption\":\"V\u00e9torino\"},\"image\":{\"@id\":\"https:\\\/\\\/www.vetorino.com\\\/boutique\\\/#\\\/schema\\\/logo\\\/image\\\/\"},\"sameAs\":[\"https:\\\/\\\/www.facebook.com\\\/Vetorino\\\/\",\"https:\\\/\\\/www.instagram.com\\\/vetorino_off\\\/\",\"https:\\\/\\\/www.linkedin.com\\\/company\\\/vtorino\\\/\"]}]}<\/script>\n<meta property=\"product:brand\" content=\"Greenvet\" \/>\n<meta property=\"product:price:amount\" content=\"13.65\" \/>\n<meta property=\"product:price:currency\" content=\"EUR\" \/>\n<meta property=\"og:availability\" content=\"instock\" \/>\n<meta property=\"product:availability\" content=\"instock\" \/>\n<meta property=\"product:retailer_item_id\" content=\"C-RES028\" \/>\n<meta property=\"product:condition\" content=\"new\" \/>\n<!-- \/ Yoast SEO plugin. -->","yoast_head_json":{"title":"Respiphytol Inhal Greenvet - V\u00e9torino","description":"RESPIPHYTOL INHAL\u2019 est un modificateur d\u2019ambiance respiratoire, destin\u00e9 aux chiens et aux chats.  ESPIPHYTOL INHAL\u2019 poss\u00e8de une synergie d\u2019huiles essentielles (Ravintsara, Eucalyptus radi\u00e9, Sapin baumier et Arbre \u00e0 th\u00e9), reconnues pour leurs actions b\u00e9n\u00e9fiques sur l\u2019arbre respiratoire.","robots":{"index":"noindex","follow":"nofollow"},"og_locale":"fr_FR","og_type":"article","og_title":"Respiphytol Inhal Greenvet - V\u00e9torino","og_description":"RESPIPHYTOL INHAL\u2019 est un modificateur d\u2019ambiance respiratoire, destin\u00e9 aux chiens et aux chats.  ESPIPHYTOL INHAL\u2019 poss\u00e8de une synergie d\u2019huiles essentielles (Ravintsara, Eucalyptus radi\u00e9, Sapin baumier et Arbre \u00e0 th\u00e9), reconnues pour leurs actions b\u00e9n\u00e9fiques sur l\u2019arbre respiratoire.","og_url":"https:\/\/www.vetorino.com\/veterinaire\/confolens-16500\/boutique\/product\/respiphytol-inhal\/","og_site_name":"V\u00e9torino","article_publisher":"https:\/\/www.facebook.com\/Vetorino\/","article_modified_time":"2025-10-04T00:42:09+00:00","og_image":[{"width":800,"height":800,"url":"https:\/\/www.vetorino.com\/boutique\/wp-content\/uploads\/2024\/07\/respiphytol-inhal.webp","type":"image\/webp"}],"twitter_card":"summary_large_image","twitter_misc":{"Prix":"13,65&euro;","Disponibilit\u00e9":"En stock"},"schema":{"@context":"https:\/\/schema.org","@graph":[{"@type":"WebPage","@id":"https:\/\/www.vetorino.com\/boutique\/product\/respiphytol-inhal\/","url":"https:\/\/www.vetorino.com\/boutique\/product\/respiphytol-inhal\/","name":"Respiphytol Inhal Greenvet - V\u00e9torino","isPartOf":{"@id":"https:\/\/www.vetorino.com\/boutique\/#website"},"primaryImageOfPage":{"@id":"https:\/\/www.vetorino.com\/boutique\/product\/respiphytol-inhal\/#primaryimage"},"image":{"@id":"https:\/\/www.vetorino.com\/boutique\/product\/respiphytol-inhal\/#primaryimage"},"thumbnailUrl":"https:\/\/www.vetorino.com\/boutique\/wp-content\/uploads\/2024\/07\/respiphytol-inhal.webp","datePublished":"2024-07-03T07:48:45+00:00","dateModified":"2025-10-04T00:42:09+00:00","description":"RESPIPHYTOL INHAL\u2019 est un modificateur d\u2019ambiance respiratoire, destin\u00e9 aux chiens et aux chats. ESPIPHYTOL INHAL\u2019 poss\u00e8de une synergie d\u2019huiles essentielles (Ravintsara, Eucalyptus radi\u00e9, Sapin baumier et Arbre \u00e0 th\u00e9), reconnues pour leurs actions b\u00e9n\u00e9fiques sur l\u2019arbre respiratoire.","breadcrumb":{"@id":"https:\/\/www.vetorino.com\/boutique\/product\/respiphytol-inhal\/#breadcrumb"},"inLanguage":"fr-FR","potentialAction":[{"@type":"ReadAction","target":["https:\/\/www.vetorino.com\/boutique\/product\/respiphytol-inhal\/"]}]},{"@type":"ImageObject","inLanguage":"fr-FR","@id":"https:\/\/www.vetorino.com\/boutique\/product\/respiphytol-inhal\/#primaryimage","url":"https:\/\/www.vetorino.com\/boutique\/wp-content\/uploads\/2024\/07\/respiphytol-inhal.webp","contentUrl":"https:\/\/www.vetorino.com\/boutique\/wp-content\/uploads\/2024\/07\/respiphytol-inhal.webp","width":800,"height":800},{"@type":"BreadcrumbList","@id":"https:\/\/www.vetorino.com\/boutique\/product\/respiphytol-inhal\/#breadcrumb","itemListElement":[{"@type":"ListItem","position":1,"name":"Accueil","item":"https:\/\/www.vetorino.com\/boutique\/"},{"@type":"ListItem","position":2,"name":"Produits","item":"https:\/\/www.vetorino.com\/boutique\/"},{"@type":"ListItem","position":3,"name":"Respiphytol Inhal"}]},{"@type":"WebSite","@id":"https:\/\/www.vetorino.com\/boutique\/#website","url":"https:\/\/www.vetorino.com\/boutique\/","name":"V\u00e9torino","description":"","publisher":{"@id":"https:\/\/www.vetorino.com\/boutique\/#organization"},"potentialAction":[{"@type":"SearchAction","target":{"@type":"EntryPoint","urlTemplate":"https:\/\/www.vetorino.com\/boutique\/?s={search_term_string}"},"query-input":{"@type":"PropertyValueSpecification","valueRequired":true,"valueName":"search_term_string"}}],"inLanguage":"fr-FR"},{"@type":"Organization","@id":"https:\/\/www.vetorino.com\/boutique\/#organization","name":"V\u00e9torino","url":"https:\/\/www.vetorino.com\/boutique\/","logo":{"@type":"ImageObject","inLanguage":"fr-FR","@id":"https:\/\/www.vetorino.com\/boutique\/#\/schema\/logo\/image\/","url":"https:\/\/www.vetorino.com\/boutique\/wp-content\/uploads\/2024\/10\/logo.jpg","contentUrl":"https:\/\/www.vetorino.com\/boutique\/wp-content\/uploads\/2024\/10\/logo.jpg","width":1200,"height":610,"caption":"V\u00e9torino"},"image":{"@id":"https:\/\/www.vetorino.com\/boutique\/#\/schema\/logo\/image\/"},"sameAs":["https:\/\/www.facebook.com\/Vetorino\/","https:\/\/www.instagram.com\/vetorino_off\/","https:\/\/www.linkedin.com\/company\/vtorino\/"]}]},"product_brand":"Greenvet","product_price_amount":"13.65","product_price_currency":"EUR","og_availability":"instock","product_availability":"instock","product_retailer_item_id":"C-RES028","product_condition":"new"},"_links":{"self":[{"href":"https:\/\/www.vetorino.com\/veterinaire\/confolens-16500\/boutique\/wp-json\/wp\/v2\/product\/963761","targetHints":{"allow":["GET"]}}],"collection":[{"href":"https:\/\/www.vetorino.com\/veterinaire\/confolens-16500\/boutique\/wp-json\/wp\/v2\/product"}],"about":[{"href":"https:\/\/www.vetorino.com\/veterinaire\/confolens-16500\/boutique\/wp-json\/wp\/v2\/types\/product"}],"wp:featuredmedia":[{"embeddable":true,"href":"https:\/\/www.vetorino.com\/veterinaire\/confolens-16500\/boutique\/wp-json\/wp\/v2\/media\/968208"}],"wp:attachment":[{"href":"https:\/\/www.vetorino.com\/veterinaire\/confolens-16500\/boutique\/wp-json\/wp\/v2\/media?parent=963761"}],"wp:term":[{"taxonomy":"product_cat","embeddable":true,"href":"https:\/\/www.vetorino.com\/veterinaire\/confolens-16500\/boutique\/wp-json\/wp\/v2\/product_cat?post=963761"},{"taxonomy":"product_tag","embeddable":true,"href":"https:\/\/www.vetorino.com\/veterinaire\/confolens-16500\/boutique\/wp-json\/wp\/v2\/product_tag?post=963761"}],"curies":[{"name":"wp","href":"https:\/\/api.w.org\/{rel}","templated":true}]}}