{"id":97024,"date":"2020-06-29T17:56:36","date_gmt":"2020-06-29T15:56:36","guid":{"rendered":"https:\/\/www.vetorino.com\/boutique\/product\/guetre-therapeutique-ice-vibe\/"},"modified":"2022-01-04T15:33:35","modified_gmt":"2022-01-04T14:33:35","slug":"guetre-therapeutique-ice-vibe","status":"publish","type":"product","link":"https:\/\/www.vetorino.com\/veterinaire\/confolens-16500\/boutique\/product\/guetre-therapeutique-ice-vibe\/","title":{"rendered":"Gu\u00eatre Th\u00e9rapeutique Ice Vibe"},"content":{"rendered":"<p>Gu\u00eatre Th\u00e9rapeutique Ice Vibe procure refroidissent, massent et vibrent. L&#8217;action associ\u00e9e au froid encourage le mouvement au niveau du syst\u00e8me lymphatique, en drainant l&#8217;inflammation et en stimulant la r\u00e9paration des tissus endommag\u00e9s. Ils sont id\u00e9ales pour favoriser la r\u00e9cup\u00e9ration, soulage la douleur et r\u00e9duire les inflammations<\/p>\n<ul>\n<li>Con\u00e7ues pour englober les tendons, les genoux\u00a0ou les jarrets.<\/li>\n<li>Celui pour les tendons s&#8217;utilisent aussi bien sur les ant\u00e9rieurs que sur les post\u00e9rieurs.<\/li>\n<li>Pour aider \u00e0 la pr\u00e9paration des membres avant l&#8217;effort et pour r\u00e9duire la douleur, les courbatures ou l&#8217;engorgement dus \u00e0 l&#8217;exercice.<\/li>\n<li>Tissu : gu\u00eatre en ext\u00e9rieur n\u00e9opr\u00e8ne, poches int\u00e9rieures en Lycra, attaches s\u00e9curis\u00e9es en Velcro.<\/li>\n<li>Comprenant : 2 gu\u00eatres, 2 poches r\u00e9frig\u00e9r\u00e9es, 2 panneaux vibrants, 2 batteries rechargeables, 1 chargeur, 3 adaptateurs universels, 1 housse.<\/li>\n<\/ul>\n","protected":false},"excerpt":{"rendered":"<p><strong>Gu\u00eatre Th\u00e9rapeutique Ice Vibe<\/strong> procure refroidissent, massent et vibrent. L&#8217;action associ\u00e9e au froid encourage le mouvement au niveau du syst\u00e8me lymphatique, en drainant l&#8217;inflammation et en stimulant la r\u00e9paration des tissus endommag\u00e9s. Ils sont id\u00e9ales pour favoriser la <strong>r\u00e9cup\u00e9ration<\/strong>, soulage la <strong>douleur<\/strong> et <strong>r\u00e9duire les inflammations.<\/strong><\/p>\n","protected":false},"featured_media":208446,"template":"","meta":[],"product_cat":[12547,13093,12754],"product_tag":[],"class_list":{"0":"post-97024","1":"product","2":"type-product","3":"status-publish","4":"has-post-thumbnail","6":"product_cat-cheval","7":"product_cat-soin-musculaire-du-cheval","8":"product_cat-soins-au-quotidien-du-cheval","9":"pa_marque-materiel","11":"first","12":"outofstock","13":"taxable","14":"shipping-taxable","15":"purchasable","16":"product-type-variable"},"yoast_head":"<!-- This site is optimized with the Yoast SEO plugin v27.3 - https:\/\/yoast.com\/product\/yoast-seo-wordpress\/ -->\n<title>Gu\u00eatre Th\u00e9rapeutique Ice Vibe Mat\u00e9riel - V\u00e9torino<\/title>\n<meta name=\"description\" content=\"Gu\u00eatre Th\u00e9rapeutique Ice Vibe procure refroidissent, massent et vibrent. L&#039;action associ\u00e9e au froid encourage le mouvement au niveau du syst\u00e8me lymphatique, en drainant l&#039;inflammation et en stimulant la r\u00e9paration des tissus endommag\u00e9s. Ils sont id\u00e9ales pour favoriser la r\u00e9cup\u00e9ration, soulage la douleur et r\u00e9duire les inflammations.\" \/>\n<meta name=\"robots\" content=\"noindex, nofollow\" \/>\n<meta property=\"og:locale\" content=\"fr_FR\" \/>\n<meta property=\"og:type\" content=\"article\" \/>\n<meta property=\"og:title\" content=\"Gu\u00eatre Th\u00e9rapeutique Ice Vibe Mat\u00e9riel - V\u00e9torino\" \/>\n<meta property=\"og:description\" content=\"Gu\u00eatre Th\u00e9rapeutique Ice Vibe procure refroidissent, massent et vibrent. L&#039;action associ\u00e9e au froid encourage le mouvement au niveau du syst\u00e8me lymphatique, en drainant l&#039;inflammation et en stimulant la r\u00e9paration des tissus endommag\u00e9s. Ils sont id\u00e9ales pour favoriser la r\u00e9cup\u00e9ration, soulage la douleur et r\u00e9duire les inflammations.\" \/>\n<meta property=\"og:url\" content=\"https:\/\/www.vetorino.com\/veterinaire\/confolens-16500\/boutique\/product\/guetre-therapeutique-ice-vibe\/\" \/>\n<meta property=\"og:site_name\" content=\"V\u00e9torino\" \/>\n<meta property=\"article:publisher\" content=\"https:\/\/www.facebook.com\/Vetorino\/\" \/>\n<meta property=\"article:modified_time\" content=\"2022-01-04T14:33:35+00:00\" \/>\n<meta property=\"og:image\" content=\"https:\/\/www.vetorino.com\/boutique\/wp-content\/uploads\/2020\/06\/Guetre-cheval-horseware-ice-vibe-genoux-la-paire.jpg\" \/>\n\t<meta property=\"og:image:width\" content=\"458\" \/>\n\t<meta property=\"og:image:height\" content=\"458\" \/>\n\t<meta property=\"og:image:type\" content=\"image\/jpeg\" \/>\n<meta name=\"twitter:card\" content=\"summary_large_image\" \/>\n<meta name=\"twitter:label1\" content=\"Disponibilit\u00e9\" \/>\n\t<meta name=\"twitter:data1\" content=\"Rupture de stock\" \/>\n<script type=\"application\/ld+json\" class=\"yoast-schema-graph\">{\"@context\":\"https:\\\/\\\/schema.org\",\"@graph\":[{\"@type\":\"WebPage\",\"@id\":\"https:\\\/\\\/www.vetorino.com\\\/boutique\\\/product\\\/guetre-therapeutique-ice-vibe\\\/\",\"url\":\"https:\\\/\\\/www.vetorino.com\\\/boutique\\\/product\\\/guetre-therapeutique-ice-vibe\\\/\",\"name\":\"Gu\u00eatre Th\u00e9rapeutique Ice Vibe Mat\u00e9riel - V\u00e9torino\",\"isPartOf\":{\"@id\":\"https:\\\/\\\/www.vetorino.com\\\/boutique\\\/#website\"},\"primaryImageOfPage\":{\"@id\":\"https:\\\/\\\/www.vetorino.com\\\/boutique\\\/product\\\/guetre-therapeutique-ice-vibe\\\/#primaryimage\"},\"image\":{\"@id\":\"https:\\\/\\\/www.vetorino.com\\\/boutique\\\/product\\\/guetre-therapeutique-ice-vibe\\\/#primaryimage\"},\"thumbnailUrl\":\"https:\\\/\\\/www.vetorino.com\\\/boutique\\\/wp-content\\\/uploads\\\/2020\\\/06\\\/Guetre-cheval-horseware-ice-vibe-genoux-la-paire.jpg\",\"datePublished\":\"2020-06-29T15:56:36+00:00\",\"dateModified\":\"2022-01-04T14:33:35+00:00\",\"description\":\"Gu\u00eatre Th\u00e9rapeutique Ice Vibe procure refroidissent, massent et vibrent. L'action associ\u00e9e au froid encourage le mouvement au niveau du syst\u00e8me lymphatique, en drainant l'inflammation et en stimulant la r\u00e9paration des tissus endommag\u00e9s. Ils sont id\u00e9ales pour favoriser la r\u00e9cup\u00e9ration, soulage la douleur et r\u00e9duire les inflammations.\",\"breadcrumb\":{\"@id\":\"https:\\\/\\\/www.vetorino.com\\\/boutique\\\/product\\\/guetre-therapeutique-ice-vibe\\\/#breadcrumb\"},\"inLanguage\":\"fr-FR\",\"potentialAction\":[{\"@type\":\"ReadAction\",\"target\":[\"https:\\\/\\\/www.vetorino.com\\\/boutique\\\/product\\\/guetre-therapeutique-ice-vibe\\\/\"]}]},{\"@type\":\"ImageObject\",\"inLanguage\":\"fr-FR\",\"@id\":\"https:\\\/\\\/www.vetorino.com\\\/boutique\\\/product\\\/guetre-therapeutique-ice-vibe\\\/#primaryimage\",\"url\":\"https:\\\/\\\/www.vetorino.com\\\/boutique\\\/wp-content\\\/uploads\\\/2020\\\/06\\\/Guetre-cheval-horseware-ice-vibe-genoux-la-paire.jpg\",\"contentUrl\":\"https:\\\/\\\/www.vetorino.com\\\/boutique\\\/wp-content\\\/uploads\\\/2020\\\/06\\\/Guetre-cheval-horseware-ice-vibe-genoux-la-paire.jpg\",\"width\":458,\"height\":458},{\"@type\":\"BreadcrumbList\",\"@id\":\"https:\\\/\\\/www.vetorino.com\\\/boutique\\\/product\\\/guetre-therapeutique-ice-vibe\\\/#breadcrumb\",\"itemListElement\":[{\"@type\":\"ListItem\",\"position\":1,\"name\":\"Accueil\",\"item\":\"https:\\\/\\\/www.vetorino.com\\\/boutique\\\/\"},{\"@type\":\"ListItem\",\"position\":2,\"name\":\"Produits\",\"item\":\"https:\\\/\\\/www.vetorino.com\\\/boutique\\\/\"},{\"@type\":\"ListItem\",\"position\":3,\"name\":\"Gu\u00eatre Th\u00e9rapeutique Ice Vibe\"}]},{\"@type\":\"WebSite\",\"@id\":\"https:\\\/\\\/www.vetorino.com\\\/boutique\\\/#website\",\"url\":\"https:\\\/\\\/www.vetorino.com\\\/boutique\\\/\",\"name\":\"V\u00e9torino\",\"description\":\"\",\"publisher\":{\"@id\":\"https:\\\/\\\/www.vetorino.com\\\/boutique\\\/#organization\"},\"potentialAction\":[{\"@type\":\"SearchAction\",\"target\":{\"@type\":\"EntryPoint\",\"urlTemplate\":\"https:\\\/\\\/www.vetorino.com\\\/boutique\\\/?s={search_term_string}\"},\"query-input\":{\"@type\":\"PropertyValueSpecification\",\"valueRequired\":true,\"valueName\":\"search_term_string\"}}],\"inLanguage\":\"fr-FR\"},{\"@type\":\"Organization\",\"@id\":\"https:\\\/\\\/www.vetorino.com\\\/boutique\\\/#organization\",\"name\":\"V\u00e9torino\",\"url\":\"https:\\\/\\\/www.vetorino.com\\\/boutique\\\/\",\"logo\":{\"@type\":\"ImageObject\",\"inLanguage\":\"fr-FR\",\"@id\":\"https:\\\/\\\/www.vetorino.com\\\/boutique\\\/#\\\/schema\\\/logo\\\/image\\\/\",\"url\":\"https:\\\/\\\/www.vetorino.com\\\/boutique\\\/wp-content\\\/uploads\\\/2024\\\/10\\\/logo.jpg\",\"contentUrl\":\"https:\\\/\\\/www.vetorino.com\\\/boutique\\\/wp-content\\\/uploads\\\/2024\\\/10\\\/logo.jpg\",\"width\":1200,\"height\":610,\"caption\":\"V\u00e9torino\"},\"image\":{\"@id\":\"https:\\\/\\\/www.vetorino.com\\\/boutique\\\/#\\\/schema\\\/logo\\\/image\\\/\"},\"sameAs\":[\"https:\\\/\\\/www.facebook.com\\\/Vetorino\\\/\",\"https:\\\/\\\/www.instagram.com\\\/vetorino_off\\\/\",\"https:\\\/\\\/www.linkedin.com\\\/company\\\/vtorino\\\/\"]}]}<\/script>\n<meta property=\"product:brand\" content=\"Mat\u00e9riel\" \/>\n<meta property=\"og:availability\" content=\"out of stock\" \/>\n<meta property=\"product:availability\" content=\"out of stock\" \/>\n<meta property=\"product:condition\" content=\"new\" \/>\n<!-- \/ Yoast SEO plugin. -->","yoast_head_json":{"title":"Gu\u00eatre Th\u00e9rapeutique Ice Vibe Mat\u00e9riel - V\u00e9torino","description":"Gu\u00eatre Th\u00e9rapeutique Ice Vibe procure refroidissent, massent et vibrent. L'action associ\u00e9e au froid encourage le mouvement au niveau du syst\u00e8me lymphatique, en drainant l'inflammation et en stimulant la r\u00e9paration des tissus endommag\u00e9s. Ils sont id\u00e9ales pour favoriser la r\u00e9cup\u00e9ration, soulage la douleur et r\u00e9duire les inflammations.","robots":{"index":"noindex","follow":"nofollow"},"og_locale":"fr_FR","og_type":"article","og_title":"Gu\u00eatre Th\u00e9rapeutique Ice Vibe Mat\u00e9riel - V\u00e9torino","og_description":"Gu\u00eatre Th\u00e9rapeutique Ice Vibe procure refroidissent, massent et vibrent. L'action associ\u00e9e au froid encourage le mouvement au niveau du syst\u00e8me lymphatique, en drainant l'inflammation et en stimulant la r\u00e9paration des tissus endommag\u00e9s. Ils sont id\u00e9ales pour favoriser la r\u00e9cup\u00e9ration, soulage la douleur et r\u00e9duire les inflammations.","og_url":"https:\/\/www.vetorino.com\/veterinaire\/confolens-16500\/boutique\/product\/guetre-therapeutique-ice-vibe\/","og_site_name":"V\u00e9torino","article_publisher":"https:\/\/www.facebook.com\/Vetorino\/","article_modified_time":"2022-01-04T14:33:35+00:00","og_image":[{"width":458,"height":458,"url":"https:\/\/www.vetorino.com\/boutique\/wp-content\/uploads\/2020\/06\/Guetre-cheval-horseware-ice-vibe-genoux-la-paire.jpg","type":"image\/jpeg"}],"twitter_card":"summary_large_image","twitter_misc":{"Disponibilit\u00e9":"Rupture de stock"},"schema":{"@context":"https:\/\/schema.org","@graph":[{"@type":"WebPage","@id":"https:\/\/www.vetorino.com\/boutique\/product\/guetre-therapeutique-ice-vibe\/","url":"https:\/\/www.vetorino.com\/boutique\/product\/guetre-therapeutique-ice-vibe\/","name":"Gu\u00eatre Th\u00e9rapeutique Ice Vibe Mat\u00e9riel - V\u00e9torino","isPartOf":{"@id":"https:\/\/www.vetorino.com\/boutique\/#website"},"primaryImageOfPage":{"@id":"https:\/\/www.vetorino.com\/boutique\/product\/guetre-therapeutique-ice-vibe\/#primaryimage"},"image":{"@id":"https:\/\/www.vetorino.com\/boutique\/product\/guetre-therapeutique-ice-vibe\/#primaryimage"},"thumbnailUrl":"https:\/\/www.vetorino.com\/boutique\/wp-content\/uploads\/2020\/06\/Guetre-cheval-horseware-ice-vibe-genoux-la-paire.jpg","datePublished":"2020-06-29T15:56:36+00:00","dateModified":"2022-01-04T14:33:35+00:00","description":"Gu\u00eatre Th\u00e9rapeutique Ice Vibe procure refroidissent, massent et vibrent. L'action associ\u00e9e au froid encourage le mouvement au niveau du syst\u00e8me lymphatique, en drainant l'inflammation et en stimulant la r\u00e9paration des tissus endommag\u00e9s. Ils sont id\u00e9ales pour favoriser la r\u00e9cup\u00e9ration, soulage la douleur et r\u00e9duire les inflammations.","breadcrumb":{"@id":"https:\/\/www.vetorino.com\/boutique\/product\/guetre-therapeutique-ice-vibe\/#breadcrumb"},"inLanguage":"fr-FR","potentialAction":[{"@type":"ReadAction","target":["https:\/\/www.vetorino.com\/boutique\/product\/guetre-therapeutique-ice-vibe\/"]}]},{"@type":"ImageObject","inLanguage":"fr-FR","@id":"https:\/\/www.vetorino.com\/boutique\/product\/guetre-therapeutique-ice-vibe\/#primaryimage","url":"https:\/\/www.vetorino.com\/boutique\/wp-content\/uploads\/2020\/06\/Guetre-cheval-horseware-ice-vibe-genoux-la-paire.jpg","contentUrl":"https:\/\/www.vetorino.com\/boutique\/wp-content\/uploads\/2020\/06\/Guetre-cheval-horseware-ice-vibe-genoux-la-paire.jpg","width":458,"height":458},{"@type":"BreadcrumbList","@id":"https:\/\/www.vetorino.com\/boutique\/product\/guetre-therapeutique-ice-vibe\/#breadcrumb","itemListElement":[{"@type":"ListItem","position":1,"name":"Accueil","item":"https:\/\/www.vetorino.com\/boutique\/"},{"@type":"ListItem","position":2,"name":"Produits","item":"https:\/\/www.vetorino.com\/boutique\/"},{"@type":"ListItem","position":3,"name":"Gu\u00eatre Th\u00e9rapeutique Ice Vibe"}]},{"@type":"WebSite","@id":"https:\/\/www.vetorino.com\/boutique\/#website","url":"https:\/\/www.vetorino.com\/boutique\/","name":"V\u00e9torino","description":"","publisher":{"@id":"https:\/\/www.vetorino.com\/boutique\/#organization"},"potentialAction":[{"@type":"SearchAction","target":{"@type":"EntryPoint","urlTemplate":"https:\/\/www.vetorino.com\/boutique\/?s={search_term_string}"},"query-input":{"@type":"PropertyValueSpecification","valueRequired":true,"valueName":"search_term_string"}}],"inLanguage":"fr-FR"},{"@type":"Organization","@id":"https:\/\/www.vetorino.com\/boutique\/#organization","name":"V\u00e9torino","url":"https:\/\/www.vetorino.com\/boutique\/","logo":{"@type":"ImageObject","inLanguage":"fr-FR","@id":"https:\/\/www.vetorino.com\/boutique\/#\/schema\/logo\/image\/","url":"https:\/\/www.vetorino.com\/boutique\/wp-content\/uploads\/2024\/10\/logo.jpg","contentUrl":"https:\/\/www.vetorino.com\/boutique\/wp-content\/uploads\/2024\/10\/logo.jpg","width":1200,"height":610,"caption":"V\u00e9torino"},"image":{"@id":"https:\/\/www.vetorino.com\/boutique\/#\/schema\/logo\/image\/"},"sameAs":["https:\/\/www.facebook.com\/Vetorino\/","https:\/\/www.instagram.com\/vetorino_off\/","https:\/\/www.linkedin.com\/company\/vtorino\/"]}]},"product_brand":"Mat\u00e9riel","og_availability":"out of stock","product_availability":"out of stock","product_condition":"new"},"_links":{"self":[{"href":"https:\/\/www.vetorino.com\/veterinaire\/confolens-16500\/boutique\/wp-json\/wp\/v2\/product\/97024","targetHints":{"allow":["GET"]}}],"collection":[{"href":"https:\/\/www.vetorino.com\/veterinaire\/confolens-16500\/boutique\/wp-json\/wp\/v2\/product"}],"about":[{"href":"https:\/\/www.vetorino.com\/veterinaire\/confolens-16500\/boutique\/wp-json\/wp\/v2\/types\/product"}],"wp:featuredmedia":[{"embeddable":true,"href":"https:\/\/www.vetorino.com\/veterinaire\/confolens-16500\/boutique\/wp-json\/wp\/v2\/media\/208446"}],"wp:attachment":[{"href":"https:\/\/www.vetorino.com\/veterinaire\/confolens-16500\/boutique\/wp-json\/wp\/v2\/media?parent=97024"}],"wp:term":[{"taxonomy":"product_cat","embeddable":true,"href":"https:\/\/www.vetorino.com\/veterinaire\/confolens-16500\/boutique\/wp-json\/wp\/v2\/product_cat?post=97024"},{"taxonomy":"product_tag","embeddable":true,"href":"https:\/\/www.vetorino.com\/veterinaire\/confolens-16500\/boutique\/wp-json\/wp\/v2\/product_tag?post=97024"}],"curies":[{"name":"wp","href":"https:\/\/api.w.org\/{rel}","templated":true}]}}