{"id":97044,"date":"2020-06-29T17:56:47","date_gmt":"2020-06-29T15:56:47","guid":{"rendered":"https:\/\/www.vetorino.com\/boutique\/product\/harnais-front-range-ruffwear\/"},"modified":"2026-03-25T09:41:25","modified_gmt":"2026-03-25T08:41:25","slug":"harnais-front-range-ruffwear","status":"publish","type":"product","link":"https:\/\/www.vetorino.com\/veterinaire\/confolens-16500\/boutique\/product\/harnais-front-range-ruffwear\/","title":{"rendered":"Harnais Front Range"},"content":{"rendered":"<p>Le harnais Front Range de Ruffwear associe confort, fonctionnalit\u00e9 et qualit\u00e9. Votre chien sera ainsi par\u00e9 pour l&#8217;aventure !<\/p>\n<p>Gr\u00e2ce \u00e0 ses fermetures \u00e0 clip, il s&#8217;enfile et se retire facilement.\u00a0Celles-ci sont par ailleurs rembourr\u00e9es\u00a0et offrent ainsi une\u00a0<strong>r\u00e9partition de charge optimale<\/strong>\u00a0tout en \u00e9vitant les frottements. Ce harnais poss\u00e8de un anneau en V en aluminium centr\u00e9 sur le dos du chien\u00a0pour attacher la laisse. Il est \u00e9galement dot\u00e9 d&#8217;une\u00a0<strong>sangle anti-traction\u00a0<\/strong>au niveau du poitrail que vous pouvez raccorder \u00e0 la laisse pour emp\u00eacher votre chien de tirer trop fort et pour le soulever en cas de danger. Des\u00a0<strong>bandes r\u00e9fl\u00e9chissantes<\/strong> offrent une meilleure s\u00e9curit\u00e9 en cas de mauvais temps.<\/p>\n<ul>\n<li>harnais confortable anti-traction en Y pour chien<\/li>\n<li>id\u00e9al pour les promenades et l&#8217;entra\u00eenement<\/li>\n<li><strong>boucle anti-traction au niveau du poitrail :\u00a0<\/strong>fixation alternative pour la laisse, emp\u00eache les fortes tractions et permet de soulever le chien dans les zones dangereuses<\/li>\n<li><strong>rembourrages moelleux :\u00a0<\/strong>au niveau du cou et du poitrail et sous les fermetures par clip, pour une r\u00e9partition de charge optimale, \u00e9vitent les frottements<\/li>\n<li><strong>anti-traction :\u00a0<\/strong>bande caoutchout\u00e9e au niveau du poitrail laisse environ 1 cm d&#8217;espace<\/li>\n<li><strong>r\u00e9glable en continu :\u00a0<\/strong>4 points de r\u00e9glage au niveau du cou et du poitrail permettent d&#8217;adapter le harnais \u00e0 la morphologie du chien<\/li>\n<li><strong>approuv\u00e9\u00a0bluesign\u00ae :\u00a0<\/strong>garantit une<strong>\u00a0<\/strong>production durable assurant la responsabilit\u00e9 de tra\u00e7abilit\u00e9 des mati\u00e8res premi\u00e8res utilis\u00e9es \u00e0 chaque \u00e9tape de la production afin de r\u00e9duire au maximum son incidence n\u00e9gative sur l&#8217;environnement et l&#8217;homme<\/li>\n<li><strong>facile \u00e0 enfiler et \u00e0 retirer :\u00a0<\/strong>gr\u00e2ce \u00e0 2 clips de s\u00e9curit\u00e9 ITW Nexus<\/li>\n<li><strong>anneau en V en aluminium :\u00a0<\/strong>au niveau du dos, pour accrocher la laisse<\/li>\n<li><strong>bandes r\u00e9fl\u00e9chissantes :\u00a0<\/strong>pour une meilleure visibilit\u00e9 et plus de s\u00e9curit\u00e9 en cas de mauvaise visibilit\u00e9<\/li>\n<li><strong>pochette ferm\u00e9e par scratch :\u00a0<\/strong>pour y loger un m\u00e9daillon, estampill\u00e9e du logo Ruffwear<\/li>\n<li><strong>r\u00e9sistant :\u00a0<\/strong>en tissu solide, sangles en nylon r\u00e9sistantes aux d\u00e9chirures<\/li>\n<li><strong>fabrication de grande qualit\u00e9 :\u00a0<\/strong>mat\u00e9riaux soigneusement travaill\u00e9s<\/li>\n<li>boucle suppl\u00e9mentaire pour fixer le pendentif lumineux The Beacon\u2122\u00a0(\u00e0 commander s\u00e9par\u00e9ment)<\/li>\n<li>\u00e9tiquette thermocollante pour l&#8217;adresse et le num\u00e9ro de t\u00e9l\u00e9phone<\/li>\n<li><strong>type de harnais :<\/strong>\u00a0harnais anti-traction en Y<\/li>\n<li><strong>mat\u00e9riaux :<\/strong>\n<ul>\n<li>harnais : nylon ripstop (300D, approuv\u00e9 bluesign\u00ae)<\/li>\n<li>rembourrage : mousse \u00e0 cellules ferm\u00e9es, maille, polyester<\/li>\n<li>anneau en V : aluminium, anodis\u00e9<\/li>\n<li>boucles de r\u00e9glage : plastique<\/li>\n<\/ul>\n<\/li>\n<li><strong>coloris :\u00a0<\/strong>twilight grey (gris \/ bandes r\u00e9fl\u00e9chissantes en gris clair) ou campfire orange (orange \/ bandes r\u00e9fl\u00e9chissantes en gris clair)<\/li>\n<li><strong>type de fermeture :<\/strong>\u00a0fermetures de s\u00e9curit\u00e9 par clip<\/li>\n<li><strong>mat\u00e9riau de fermeture :<\/strong>\u00a0plastique<\/li>\n<li><strong>conseils d&#8217;entretien :\u00a0<\/strong>lavable \u00e0 la main \/ laisser s\u00e9cher \u00e0 l&#8217;air libre<\/li>\n<\/ul>\n<p align=\"LEFT\"><strong>Tableau des tailles :<\/strong><\/p>\n<table border=\"1\" cellspacing=\"1\" cellpadding=\"1\">\n<thead>\n<tr>\n<th scope=\"col\"><small>Taille<\/small><\/th>\n<th scope=\"col\"><small>Tour de poitrail<\/small><\/th>\n<th scope=\"col\"><small>Largeur de sangle<\/small><\/th>\n<th scope=\"col\"><small>Longueur du harnais<br \/>\nau niveau du dos<\/small><\/th>\n<th scope=\"col\"><small>Longueur du harnais<br \/>\nau niveau du poitrail<\/small><\/th>\n<\/tr>\n<\/thead>\n<tbody>\n<tr>\n<td><small>S<\/small><\/td>\n<td><small>56 &#8211; 69 cm<\/small><\/td>\n<td><small>2,4\u00a0cm<\/small><\/td>\n<td><small>12,5 cm<\/small><\/td>\n<td><small>25,5 cm<\/small><\/td>\n<\/tr>\n<tr>\n<td><small>M<\/small><\/td>\n<td><small>69 &#8211; 81 cm<\/small><\/td>\n<td><small>2,9\u00a0cm<\/small><\/td>\n<td><small>14 cm<\/small><\/td>\n<td><small>30 cm<\/small><\/td>\n<\/tr>\n<tr>\n<td><small>L-XL<\/small><\/td>\n<td><small>81 &#8211; 107 cm<\/small><\/td>\n<td><small>2,9\u00a0cm<\/small><\/td>\n<td><small>15 cm<\/small><\/td>\n<td><small>32 cm<\/small><\/td>\n<\/tr>\n<\/tbody>\n<\/table>\n","protected":false},"excerpt":{"rendered":"<p>Harnais de tous les jours rembourr\u00e9, facile \u00e0 enfiler et dot\u00e9 de deux options d&#8217;attache de laisse.<\/p>\n","protected":false},"featured_media":599371,"template":"","meta":[],"product_cat":[12550,2698,2777],"product_tag":[],"class_list":{"0":"post-97044","1":"product","2":"type-product","3":"status-publish","4":"has-post-thumbnail","6":"product_cat-accessoires-du-chien","7":"product_cat-chien","8":"product_cat-colliers-laisses-et-harnais-pour-chien","9":"pa_marque-ruffwear","11":"first","12":"instock","13":"taxable","14":"shipping-taxable","15":"purchasable","16":"product-type-variable"},"yoast_head":"<!-- This site is optimized with the Yoast SEO plugin v27.3 - https:\/\/yoast.com\/product\/yoast-seo-wordpress\/ -->\n<title>Harnais Front Range Ruffwear - V\u00e9torino<\/title>\n<meta name=\"description\" content=\"Harnais de tous les jours rembourr\u00e9, facile \u00e0 enfiler et dot\u00e9 de deux options d&#039;attache de laisse.\" \/>\n<meta name=\"robots\" content=\"noindex, nofollow\" \/>\n<meta property=\"og:locale\" content=\"fr_FR\" \/>\n<meta property=\"og:type\" content=\"article\" \/>\n<meta property=\"og:title\" content=\"Harnais Front Range Ruffwear - V\u00e9torino\" \/>\n<meta property=\"og:description\" content=\"Harnais de tous les jours rembourr\u00e9, facile \u00e0 enfiler et dot\u00e9 de deux options d&#039;attache de laisse.\" \/>\n<meta property=\"og:url\" content=\"https:\/\/www.vetorino.com\/veterinaire\/confolens-16500\/boutique\/product\/harnais-front-range-ruffwear\/\" \/>\n<meta property=\"og:site_name\" content=\"V\u00e9torino\" \/>\n<meta property=\"article:publisher\" content=\"https:\/\/www.facebook.com\/Vetorino\/\" \/>\n<meta property=\"article:modified_time\" content=\"2026-03-25T08:41:25+00:00\" \/>\n<meta property=\"og:image\" content=\"https:\/\/www.vetorino.com\/boutique\/wp-content\/uploads\/2023\/04\/109804_pla_accapi_ruffwear_front_range_harness_grau_hs_13_0.jpeg\" \/>\n\t<meta property=\"og:image:width\" content=\"400\" \/>\n\t<meta property=\"og:image:height\" content=\"400\" \/>\n\t<meta property=\"og:image:type\" content=\"image\/jpeg\" \/>\n<meta name=\"twitter:card\" content=\"summary_large_image\" \/>\n<meta name=\"twitter:label1\" content=\"Disponibilit\u00e9\" \/>\n\t<meta name=\"twitter:data1\" content=\"En stock\" \/>\n<script type=\"application\/ld+json\" class=\"yoast-schema-graph\">{\"@context\":\"https:\\\/\\\/schema.org\",\"@graph\":[{\"@type\":\"WebPage\",\"@id\":\"https:\\\/\\\/www.vetorino.com\\\/boutique\\\/product\\\/harnais-front-range-ruffwear\\\/\",\"url\":\"https:\\\/\\\/www.vetorino.com\\\/boutique\\\/product\\\/harnais-front-range-ruffwear\\\/\",\"name\":\"Harnais Front Range Ruffwear - V\u00e9torino\",\"isPartOf\":{\"@id\":\"https:\\\/\\\/www.vetorino.com\\\/boutique\\\/#website\"},\"primaryImageOfPage\":{\"@id\":\"https:\\\/\\\/www.vetorino.com\\\/boutique\\\/product\\\/harnais-front-range-ruffwear\\\/#primaryimage\"},\"image\":{\"@id\":\"https:\\\/\\\/www.vetorino.com\\\/boutique\\\/product\\\/harnais-front-range-ruffwear\\\/#primaryimage\"},\"thumbnailUrl\":\"https:\\\/\\\/www.vetorino.com\\\/boutique\\\/wp-content\\\/uploads\\\/2023\\\/04\\\/109804_pla_accapi_ruffwear_front_range_harness_grau_hs_13_0.jpeg\",\"datePublished\":\"2020-06-29T15:56:47+00:00\",\"dateModified\":\"2026-03-25T08:41:25+00:00\",\"description\":\"Harnais de tous les jours rembourr\u00e9, facile \u00e0 enfiler et dot\u00e9 de deux options d'attache de laisse.\",\"breadcrumb\":{\"@id\":\"https:\\\/\\\/www.vetorino.com\\\/boutique\\\/product\\\/harnais-front-range-ruffwear\\\/#breadcrumb\"},\"inLanguage\":\"fr-FR\",\"potentialAction\":[{\"@type\":\"ReadAction\",\"target\":[\"https:\\\/\\\/www.vetorino.com\\\/boutique\\\/product\\\/harnais-front-range-ruffwear\\\/\"]}]},{\"@type\":\"ImageObject\",\"inLanguage\":\"fr-FR\",\"@id\":\"https:\\\/\\\/www.vetorino.com\\\/boutique\\\/product\\\/harnais-front-range-ruffwear\\\/#primaryimage\",\"url\":\"https:\\\/\\\/www.vetorino.com\\\/boutique\\\/wp-content\\\/uploads\\\/2023\\\/04\\\/109804_pla_accapi_ruffwear_front_range_harness_grau_hs_13_0.jpeg\",\"contentUrl\":\"https:\\\/\\\/www.vetorino.com\\\/boutique\\\/wp-content\\\/uploads\\\/2023\\\/04\\\/109804_pla_accapi_ruffwear_front_range_harness_grau_hs_13_0.jpeg\",\"width\":400,\"height\":400},{\"@type\":\"BreadcrumbList\",\"@id\":\"https:\\\/\\\/www.vetorino.com\\\/boutique\\\/product\\\/harnais-front-range-ruffwear\\\/#breadcrumb\",\"itemListElement\":[{\"@type\":\"ListItem\",\"position\":1,\"name\":\"Accueil\",\"item\":\"https:\\\/\\\/www.vetorino.com\\\/boutique\\\/\"},{\"@type\":\"ListItem\",\"position\":2,\"name\":\"Produits\",\"item\":\"https:\\\/\\\/www.vetorino.com\\\/boutique\\\/\"},{\"@type\":\"ListItem\",\"position\":3,\"name\":\"Harnais Front Range\"}]},{\"@type\":\"WebSite\",\"@id\":\"https:\\\/\\\/www.vetorino.com\\\/boutique\\\/#website\",\"url\":\"https:\\\/\\\/www.vetorino.com\\\/boutique\\\/\",\"name\":\"V\u00e9torino\",\"description\":\"\",\"publisher\":{\"@id\":\"https:\\\/\\\/www.vetorino.com\\\/boutique\\\/#organization\"},\"potentialAction\":[{\"@type\":\"SearchAction\",\"target\":{\"@type\":\"EntryPoint\",\"urlTemplate\":\"https:\\\/\\\/www.vetorino.com\\\/boutique\\\/?s={search_term_string}\"},\"query-input\":{\"@type\":\"PropertyValueSpecification\",\"valueRequired\":true,\"valueName\":\"search_term_string\"}}],\"inLanguage\":\"fr-FR\"},{\"@type\":\"Organization\",\"@id\":\"https:\\\/\\\/www.vetorino.com\\\/boutique\\\/#organization\",\"name\":\"V\u00e9torino\",\"url\":\"https:\\\/\\\/www.vetorino.com\\\/boutique\\\/\",\"logo\":{\"@type\":\"ImageObject\",\"inLanguage\":\"fr-FR\",\"@id\":\"https:\\\/\\\/www.vetorino.com\\\/boutique\\\/#\\\/schema\\\/logo\\\/image\\\/\",\"url\":\"https:\\\/\\\/www.vetorino.com\\\/boutique\\\/wp-content\\\/uploads\\\/2024\\\/10\\\/logo.jpg\",\"contentUrl\":\"https:\\\/\\\/www.vetorino.com\\\/boutique\\\/wp-content\\\/uploads\\\/2024\\\/10\\\/logo.jpg\",\"width\":1200,\"height\":610,\"caption\":\"V\u00e9torino\"},\"image\":{\"@id\":\"https:\\\/\\\/www.vetorino.com\\\/boutique\\\/#\\\/schema\\\/logo\\\/image\\\/\"},\"sameAs\":[\"https:\\\/\\\/www.facebook.com\\\/Vetorino\\\/\",\"https:\\\/\\\/www.instagram.com\\\/vetorino_off\\\/\",\"https:\\\/\\\/www.linkedin.com\\\/company\\\/vtorino\\\/\"]}]}<\/script>\n<meta property=\"product:brand\" content=\"Ruffwear\" \/>\n<meta property=\"og:availability\" content=\"instock\" \/>\n<meta property=\"product:availability\" content=\"instock\" \/>\n<meta property=\"product:condition\" content=\"new\" \/>\n<!-- \/ Yoast SEO plugin. -->","yoast_head_json":{"title":"Harnais Front Range Ruffwear - V\u00e9torino","description":"Harnais de tous les jours rembourr\u00e9, facile \u00e0 enfiler et dot\u00e9 de deux options d'attache de laisse.","robots":{"index":"noindex","follow":"nofollow"},"og_locale":"fr_FR","og_type":"article","og_title":"Harnais Front Range Ruffwear - V\u00e9torino","og_description":"Harnais de tous les jours rembourr\u00e9, facile \u00e0 enfiler et dot\u00e9 de deux options d'attache de laisse.","og_url":"https:\/\/www.vetorino.com\/veterinaire\/confolens-16500\/boutique\/product\/harnais-front-range-ruffwear\/","og_site_name":"V\u00e9torino","article_publisher":"https:\/\/www.facebook.com\/Vetorino\/","article_modified_time":"2026-03-25T08:41:25+00:00","og_image":[{"width":400,"height":400,"url":"https:\/\/www.vetorino.com\/boutique\/wp-content\/uploads\/2023\/04\/109804_pla_accapi_ruffwear_front_range_harness_grau_hs_13_0.jpeg","type":"image\/jpeg"}],"twitter_card":"summary_large_image","twitter_misc":{"Disponibilit\u00e9":"En stock"},"schema":{"@context":"https:\/\/schema.org","@graph":[{"@type":"WebPage","@id":"https:\/\/www.vetorino.com\/boutique\/product\/harnais-front-range-ruffwear\/","url":"https:\/\/www.vetorino.com\/boutique\/product\/harnais-front-range-ruffwear\/","name":"Harnais Front Range Ruffwear - V\u00e9torino","isPartOf":{"@id":"https:\/\/www.vetorino.com\/boutique\/#website"},"primaryImageOfPage":{"@id":"https:\/\/www.vetorino.com\/boutique\/product\/harnais-front-range-ruffwear\/#primaryimage"},"image":{"@id":"https:\/\/www.vetorino.com\/boutique\/product\/harnais-front-range-ruffwear\/#primaryimage"},"thumbnailUrl":"https:\/\/www.vetorino.com\/boutique\/wp-content\/uploads\/2023\/04\/109804_pla_accapi_ruffwear_front_range_harness_grau_hs_13_0.jpeg","datePublished":"2020-06-29T15:56:47+00:00","dateModified":"2026-03-25T08:41:25+00:00","description":"Harnais de tous les jours rembourr\u00e9, facile \u00e0 enfiler et dot\u00e9 de deux options d'attache de laisse.","breadcrumb":{"@id":"https:\/\/www.vetorino.com\/boutique\/product\/harnais-front-range-ruffwear\/#breadcrumb"},"inLanguage":"fr-FR","potentialAction":[{"@type":"ReadAction","target":["https:\/\/www.vetorino.com\/boutique\/product\/harnais-front-range-ruffwear\/"]}]},{"@type":"ImageObject","inLanguage":"fr-FR","@id":"https:\/\/www.vetorino.com\/boutique\/product\/harnais-front-range-ruffwear\/#primaryimage","url":"https:\/\/www.vetorino.com\/boutique\/wp-content\/uploads\/2023\/04\/109804_pla_accapi_ruffwear_front_range_harness_grau_hs_13_0.jpeg","contentUrl":"https:\/\/www.vetorino.com\/boutique\/wp-content\/uploads\/2023\/04\/109804_pla_accapi_ruffwear_front_range_harness_grau_hs_13_0.jpeg","width":400,"height":400},{"@type":"BreadcrumbList","@id":"https:\/\/www.vetorino.com\/boutique\/product\/harnais-front-range-ruffwear\/#breadcrumb","itemListElement":[{"@type":"ListItem","position":1,"name":"Accueil","item":"https:\/\/www.vetorino.com\/boutique\/"},{"@type":"ListItem","position":2,"name":"Produits","item":"https:\/\/www.vetorino.com\/boutique\/"},{"@type":"ListItem","position":3,"name":"Harnais Front Range"}]},{"@type":"WebSite","@id":"https:\/\/www.vetorino.com\/boutique\/#website","url":"https:\/\/www.vetorino.com\/boutique\/","name":"V\u00e9torino","description":"","publisher":{"@id":"https:\/\/www.vetorino.com\/boutique\/#organization"},"potentialAction":[{"@type":"SearchAction","target":{"@type":"EntryPoint","urlTemplate":"https:\/\/www.vetorino.com\/boutique\/?s={search_term_string}"},"query-input":{"@type":"PropertyValueSpecification","valueRequired":true,"valueName":"search_term_string"}}],"inLanguage":"fr-FR"},{"@type":"Organization","@id":"https:\/\/www.vetorino.com\/boutique\/#organization","name":"V\u00e9torino","url":"https:\/\/www.vetorino.com\/boutique\/","logo":{"@type":"ImageObject","inLanguage":"fr-FR","@id":"https:\/\/www.vetorino.com\/boutique\/#\/schema\/logo\/image\/","url":"https:\/\/www.vetorino.com\/boutique\/wp-content\/uploads\/2024\/10\/logo.jpg","contentUrl":"https:\/\/www.vetorino.com\/boutique\/wp-content\/uploads\/2024\/10\/logo.jpg","width":1200,"height":610,"caption":"V\u00e9torino"},"image":{"@id":"https:\/\/www.vetorino.com\/boutique\/#\/schema\/logo\/image\/"},"sameAs":["https:\/\/www.facebook.com\/Vetorino\/","https:\/\/www.instagram.com\/vetorino_off\/","https:\/\/www.linkedin.com\/company\/vtorino\/"]}]},"product_brand":"Ruffwear","og_availability":"instock","product_availability":"instock","product_condition":"new"},"_links":{"self":[{"href":"https:\/\/www.vetorino.com\/veterinaire\/confolens-16500\/boutique\/wp-json\/wp\/v2\/product\/97044","targetHints":{"allow":["GET"]}}],"collection":[{"href":"https:\/\/www.vetorino.com\/veterinaire\/confolens-16500\/boutique\/wp-json\/wp\/v2\/product"}],"about":[{"href":"https:\/\/www.vetorino.com\/veterinaire\/confolens-16500\/boutique\/wp-json\/wp\/v2\/types\/product"}],"wp:featuredmedia":[{"embeddable":true,"href":"https:\/\/www.vetorino.com\/veterinaire\/confolens-16500\/boutique\/wp-json\/wp\/v2\/media\/599371"}],"wp:attachment":[{"href":"https:\/\/www.vetorino.com\/veterinaire\/confolens-16500\/boutique\/wp-json\/wp\/v2\/media?parent=97044"}],"wp:term":[{"taxonomy":"product_cat","embeddable":true,"href":"https:\/\/www.vetorino.com\/veterinaire\/confolens-16500\/boutique\/wp-json\/wp\/v2\/product_cat?post=97044"},{"taxonomy":"product_tag","embeddable":true,"href":"https:\/\/www.vetorino.com\/veterinaire\/confolens-16500\/boutique\/wp-json\/wp\/v2\/product_tag?post=97044"}],"curies":[{"name":"wp","href":"https:\/\/api.w.org\/{rel}","templated":true}]}}