{"id":97387,"date":"2020-06-29T18:48:48","date_gmt":"2020-06-29T16:48:48","guid":{"rendered":"https:\/\/www.vetorino.com\/boutique\/product\/harnais-web-master-ruffwear\/"},"modified":"2026-03-31T04:20:48","modified_gmt":"2026-03-31T02:20:48","slug":"harnais-web-master-ruffwear","status":"publish","type":"product","link":"https:\/\/www.vetorino.com\/veterinaire\/confolens-16500\/boutique\/product\/harnais-web-master-ruffwear\/","title":{"rendered":"Harnais Ruffwear Web Master"},"content":{"rendered":"<p>Initialement con\u00e7u pour les organisations de recherche et sauvetage, le harnais Ruff Wear Webmaster est un excellent harnais pour la randonn\u00e9e car\u00a0il permet\u00a0d&#8217;aider le chien \u00e0 franchir des obstacles, mais\u00a0 est \u00e9galement\u00a0tr\u00e8s pratique pour\u00a0soulager les chiens \u00e2g\u00e9s ou en r\u00e9\u00e9ducation.<br \/>\nCaract\u00e9ristiques :<\/p>\n<ul>\n<li>5 points de r\u00e9glage pour s&#8217;adapter \u00e0 toutes les morphologies.<\/li>\n<li>La poign\u00e9e est situ\u00e9e au point d&#8217;\u00e9quilibre pour un support optimal.<\/li>\n<li>Doublure polaire, rembourrage mousse sur la poitrine et sur le ventre pour un confort optimal lors d&#8217;un port prolong\u00e9.<\/li>\n<li>2 points d&#8217;attache : sur l&#8217; anneau &#8220;V-ring&#8221; ou sur la sangle de traction situ\u00e9e \u00e0 l&#8217; arri\u00e8re du harnais.<\/li>\n<li>Bandes r\u00e9flechissantes 3M? Scotchlite? pour une visibilit\u00e9 et une s\u00e9curit\u00e9 accrue en cas de faible luminosit\u00e9.<\/li>\n<\/ul>\n","protected":false},"excerpt":{"rendered":"<p>Initialement con\u00e7u pour les organisations de recherche et sauvetage, le harnais Ruff Wear Webmaster est un excellent harnais pour la randonn\u00e9e car\u00a0il permet\u00a0d&#8217;aider le chien \u00e0 franchir des obstacles, mais\u00a0 est \u00e9galement\u00a0tr\u00e8s pratique pour\u00a0soulager les chiens \u00e2g\u00e9s ou en r\u00e9\u00e9ducation.<\/p>\n","protected":false},"featured_media":590207,"template":"","meta":[],"product_cat":[12550,2698,2777],"product_tag":[],"class_list":{"0":"post-97387","1":"product","2":"type-product","3":"status-publish","4":"has-post-thumbnail","6":"product_cat-accessoires-du-chien","7":"product_cat-chien","8":"product_cat-colliers-laisses-et-harnais-pour-chien","9":"pa_marque-ruffwear","11":"first","12":"instock","13":"taxable","14":"shipping-taxable","15":"purchasable","16":"product-type-variable"},"yoast_head":"<!-- This site is optimized with the Yoast SEO plugin v27.3 - https:\/\/yoast.com\/product\/yoast-seo-wordpress\/ -->\n<title>Harnais Ruffwear Web Master Ruffwear - V\u00e9torino<\/title>\n<meta name=\"description\" content=\"Initialement con\u00e7u pour les organisations de recherche et sauvetage, le harnais Ruff Wear Webmaster est un excellent harnais pour la randonn\u00e9e car\u00a0il permet\u00a0d&#039;aider le chien \u00e0 franchir des obstacles, mais\u00a0 est \u00e9galement\u00a0tr\u00e8s pratique pour\u00a0soulager les chiens \u00e2g\u00e9s ou en r\u00e9\u00e9ducation.\" \/>\n<meta name=\"robots\" content=\"noindex, nofollow\" \/>\n<meta property=\"og:locale\" content=\"fr_FR\" \/>\n<meta property=\"og:type\" content=\"article\" \/>\n<meta property=\"og:title\" content=\"Harnais Ruffwear Web Master Ruffwear - V\u00e9torino\" \/>\n<meta property=\"og:description\" content=\"Initialement con\u00e7u pour les organisations de recherche et sauvetage, le harnais Ruff Wear Webmaster est un excellent harnais pour la randonn\u00e9e car\u00a0il permet\u00a0d&#039;aider le chien \u00e0 franchir des obstacles, mais\u00a0 est \u00e9galement\u00a0tr\u00e8s pratique pour\u00a0soulager les chiens \u00e2g\u00e9s ou en r\u00e9\u00e9ducation.\" \/>\n<meta property=\"og:url\" content=\"https:\/\/www.vetorino.com\/veterinaire\/confolens-16500\/boutique\/product\/harnais-web-master-ruffwear\/\" \/>\n<meta property=\"og:site_name\" content=\"V\u00e9torino\" \/>\n<meta property=\"article:publisher\" content=\"https:\/\/www.facebook.com\/Vetorino\/\" \/>\n<meta property=\"article:modified_time\" content=\"2026-03-31T02:20:48+00:00\" \/>\n<meta property=\"og:image\" content=\"https:\/\/www.vetorino.com\/boutique\/wp-content\/uploads\/2020\/06\/la_8021141938ba2c2b13f5505d7c424ebae5f1594983061.jpg\" \/>\n\t<meta property=\"og:image:width\" content=\"1200\" \/>\n\t<meta property=\"og:image:height\" content=\"800\" \/>\n\t<meta property=\"og:image:type\" content=\"image\/jpeg\" \/>\n<meta name=\"twitter:card\" content=\"summary_large_image\" \/>\n<meta name=\"twitter:label1\" content=\"Disponibilit\u00e9\" \/>\n\t<meta name=\"twitter:data1\" content=\"En stock\" \/>\n<script type=\"application\/ld+json\" class=\"yoast-schema-graph\">{\"@context\":\"https:\\\/\\\/schema.org\",\"@graph\":[{\"@type\":\"WebPage\",\"@id\":\"https:\\\/\\\/www.vetorino.com\\\/boutique\\\/product\\\/harnais-web-master-ruffwear\\\/\",\"url\":\"https:\\\/\\\/www.vetorino.com\\\/boutique\\\/product\\\/harnais-web-master-ruffwear\\\/\",\"name\":\"Harnais Ruffwear Web Master Ruffwear - V\u00e9torino\",\"isPartOf\":{\"@id\":\"https:\\\/\\\/www.vetorino.com\\\/boutique\\\/#website\"},\"primaryImageOfPage\":{\"@id\":\"https:\\\/\\\/www.vetorino.com\\\/boutique\\\/product\\\/harnais-web-master-ruffwear\\\/#primaryimage\"},\"image\":{\"@id\":\"https:\\\/\\\/www.vetorino.com\\\/boutique\\\/product\\\/harnais-web-master-ruffwear\\\/#primaryimage\"},\"thumbnailUrl\":\"https:\\\/\\\/www.vetorino.com\\\/boutique\\\/wp-content\\\/uploads\\\/2020\\\/06\\\/la_8021141938ba2c2b13f5505d7c424ebae5f1594983061.jpg\",\"datePublished\":\"2020-06-29T16:48:48+00:00\",\"dateModified\":\"2026-03-31T02:20:48+00:00\",\"description\":\"Initialement con\u00e7u pour les organisations de recherche et sauvetage, le harnais Ruff Wear Webmaster est un excellent harnais pour la randonn\u00e9e car\u00a0il permet\u00a0d'aider le chien \u00e0 franchir des obstacles, mais\u00a0 est \u00e9galement\u00a0tr\u00e8s pratique pour\u00a0soulager les chiens \u00e2g\u00e9s ou en r\u00e9\u00e9ducation.\",\"breadcrumb\":{\"@id\":\"https:\\\/\\\/www.vetorino.com\\\/boutique\\\/product\\\/harnais-web-master-ruffwear\\\/#breadcrumb\"},\"inLanguage\":\"fr-FR\",\"potentialAction\":[{\"@type\":\"ReadAction\",\"target\":[\"https:\\\/\\\/www.vetorino.com\\\/boutique\\\/product\\\/harnais-web-master-ruffwear\\\/\"]}]},{\"@type\":\"ImageObject\",\"inLanguage\":\"fr-FR\",\"@id\":\"https:\\\/\\\/www.vetorino.com\\\/boutique\\\/product\\\/harnais-web-master-ruffwear\\\/#primaryimage\",\"url\":\"https:\\\/\\\/www.vetorino.com\\\/boutique\\\/wp-content\\\/uploads\\\/2020\\\/06\\\/la_8021141938ba2c2b13f5505d7c424ebae5f1594983061.jpg\",\"contentUrl\":\"https:\\\/\\\/www.vetorino.com\\\/boutique\\\/wp-content\\\/uploads\\\/2020\\\/06\\\/la_8021141938ba2c2b13f5505d7c424ebae5f1594983061.jpg\",\"width\":1200,\"height\":800},{\"@type\":\"BreadcrumbList\",\"@id\":\"https:\\\/\\\/www.vetorino.com\\\/boutique\\\/product\\\/harnais-web-master-ruffwear\\\/#breadcrumb\",\"itemListElement\":[{\"@type\":\"ListItem\",\"position\":1,\"name\":\"Accueil\",\"item\":\"https:\\\/\\\/www.vetorino.com\\\/boutique\\\/\"},{\"@type\":\"ListItem\",\"position\":2,\"name\":\"Produits\",\"item\":\"https:\\\/\\\/www.vetorino.com\\\/boutique\\\/\"},{\"@type\":\"ListItem\",\"position\":3,\"name\":\"Harnais Ruffwear Web Master\"}]},{\"@type\":\"WebSite\",\"@id\":\"https:\\\/\\\/www.vetorino.com\\\/boutique\\\/#website\",\"url\":\"https:\\\/\\\/www.vetorino.com\\\/boutique\\\/\",\"name\":\"V\u00e9torino\",\"description\":\"\",\"publisher\":{\"@id\":\"https:\\\/\\\/www.vetorino.com\\\/boutique\\\/#organization\"},\"potentialAction\":[{\"@type\":\"SearchAction\",\"target\":{\"@type\":\"EntryPoint\",\"urlTemplate\":\"https:\\\/\\\/www.vetorino.com\\\/boutique\\\/?s={search_term_string}\"},\"query-input\":{\"@type\":\"PropertyValueSpecification\",\"valueRequired\":true,\"valueName\":\"search_term_string\"}}],\"inLanguage\":\"fr-FR\"},{\"@type\":\"Organization\",\"@id\":\"https:\\\/\\\/www.vetorino.com\\\/boutique\\\/#organization\",\"name\":\"V\u00e9torino\",\"url\":\"https:\\\/\\\/www.vetorino.com\\\/boutique\\\/\",\"logo\":{\"@type\":\"ImageObject\",\"inLanguage\":\"fr-FR\",\"@id\":\"https:\\\/\\\/www.vetorino.com\\\/boutique\\\/#\\\/schema\\\/logo\\\/image\\\/\",\"url\":\"https:\\\/\\\/www.vetorino.com\\\/boutique\\\/wp-content\\\/uploads\\\/2024\\\/10\\\/logo.jpg\",\"contentUrl\":\"https:\\\/\\\/www.vetorino.com\\\/boutique\\\/wp-content\\\/uploads\\\/2024\\\/10\\\/logo.jpg\",\"width\":1200,\"height\":610,\"caption\":\"V\u00e9torino\"},\"image\":{\"@id\":\"https:\\\/\\\/www.vetorino.com\\\/boutique\\\/#\\\/schema\\\/logo\\\/image\\\/\"},\"sameAs\":[\"https:\\\/\\\/www.facebook.com\\\/Vetorino\\\/\",\"https:\\\/\\\/www.instagram.com\\\/vetorino_off\\\/\",\"https:\\\/\\\/www.linkedin.com\\\/company\\\/vtorino\\\/\"]}]}<\/script>\n<meta property=\"product:brand\" content=\"Ruffwear\" \/>\n<meta property=\"og:availability\" content=\"instock\" \/>\n<meta property=\"product:availability\" content=\"instock\" \/>\n<meta property=\"product:condition\" content=\"new\" \/>\n<!-- \/ Yoast SEO plugin. -->","yoast_head_json":{"title":"Harnais Ruffwear Web Master Ruffwear - V\u00e9torino","description":"Initialement con\u00e7u pour les organisations de recherche et sauvetage, le harnais Ruff Wear Webmaster est un excellent harnais pour la randonn\u00e9e car\u00a0il permet\u00a0d'aider le chien \u00e0 franchir des obstacles, mais\u00a0 est \u00e9galement\u00a0tr\u00e8s pratique pour\u00a0soulager les chiens \u00e2g\u00e9s ou en r\u00e9\u00e9ducation.","robots":{"index":"noindex","follow":"nofollow"},"og_locale":"fr_FR","og_type":"article","og_title":"Harnais Ruffwear Web Master Ruffwear - V\u00e9torino","og_description":"Initialement con\u00e7u pour les organisations de recherche et sauvetage, le harnais Ruff Wear Webmaster est un excellent harnais pour la randonn\u00e9e car\u00a0il permet\u00a0d'aider le chien \u00e0 franchir des obstacles, mais\u00a0 est \u00e9galement\u00a0tr\u00e8s pratique pour\u00a0soulager les chiens \u00e2g\u00e9s ou en r\u00e9\u00e9ducation.","og_url":"https:\/\/www.vetorino.com\/veterinaire\/confolens-16500\/boutique\/product\/harnais-web-master-ruffwear\/","og_site_name":"V\u00e9torino","article_publisher":"https:\/\/www.facebook.com\/Vetorino\/","article_modified_time":"2026-03-31T02:20:48+00:00","og_image":[{"width":1200,"height":800,"url":"https:\/\/www.vetorino.com\/boutique\/wp-content\/uploads\/2020\/06\/la_8021141938ba2c2b13f5505d7c424ebae5f1594983061.jpg","type":"image\/jpeg"}],"twitter_card":"summary_large_image","twitter_misc":{"Disponibilit\u00e9":"En stock"},"schema":{"@context":"https:\/\/schema.org","@graph":[{"@type":"WebPage","@id":"https:\/\/www.vetorino.com\/boutique\/product\/harnais-web-master-ruffwear\/","url":"https:\/\/www.vetorino.com\/boutique\/product\/harnais-web-master-ruffwear\/","name":"Harnais Ruffwear Web Master Ruffwear - V\u00e9torino","isPartOf":{"@id":"https:\/\/www.vetorino.com\/boutique\/#website"},"primaryImageOfPage":{"@id":"https:\/\/www.vetorino.com\/boutique\/product\/harnais-web-master-ruffwear\/#primaryimage"},"image":{"@id":"https:\/\/www.vetorino.com\/boutique\/product\/harnais-web-master-ruffwear\/#primaryimage"},"thumbnailUrl":"https:\/\/www.vetorino.com\/boutique\/wp-content\/uploads\/2020\/06\/la_8021141938ba2c2b13f5505d7c424ebae5f1594983061.jpg","datePublished":"2020-06-29T16:48:48+00:00","dateModified":"2026-03-31T02:20:48+00:00","description":"Initialement con\u00e7u pour les organisations de recherche et sauvetage, le harnais Ruff Wear Webmaster est un excellent harnais pour la randonn\u00e9e car\u00a0il permet\u00a0d'aider le chien \u00e0 franchir des obstacles, mais\u00a0 est \u00e9galement\u00a0tr\u00e8s pratique pour\u00a0soulager les chiens \u00e2g\u00e9s ou en r\u00e9\u00e9ducation.","breadcrumb":{"@id":"https:\/\/www.vetorino.com\/boutique\/product\/harnais-web-master-ruffwear\/#breadcrumb"},"inLanguage":"fr-FR","potentialAction":[{"@type":"ReadAction","target":["https:\/\/www.vetorino.com\/boutique\/product\/harnais-web-master-ruffwear\/"]}]},{"@type":"ImageObject","inLanguage":"fr-FR","@id":"https:\/\/www.vetorino.com\/boutique\/product\/harnais-web-master-ruffwear\/#primaryimage","url":"https:\/\/www.vetorino.com\/boutique\/wp-content\/uploads\/2020\/06\/la_8021141938ba2c2b13f5505d7c424ebae5f1594983061.jpg","contentUrl":"https:\/\/www.vetorino.com\/boutique\/wp-content\/uploads\/2020\/06\/la_8021141938ba2c2b13f5505d7c424ebae5f1594983061.jpg","width":1200,"height":800},{"@type":"BreadcrumbList","@id":"https:\/\/www.vetorino.com\/boutique\/product\/harnais-web-master-ruffwear\/#breadcrumb","itemListElement":[{"@type":"ListItem","position":1,"name":"Accueil","item":"https:\/\/www.vetorino.com\/boutique\/"},{"@type":"ListItem","position":2,"name":"Produits","item":"https:\/\/www.vetorino.com\/boutique\/"},{"@type":"ListItem","position":3,"name":"Harnais Ruffwear Web Master"}]},{"@type":"WebSite","@id":"https:\/\/www.vetorino.com\/boutique\/#website","url":"https:\/\/www.vetorino.com\/boutique\/","name":"V\u00e9torino","description":"","publisher":{"@id":"https:\/\/www.vetorino.com\/boutique\/#organization"},"potentialAction":[{"@type":"SearchAction","target":{"@type":"EntryPoint","urlTemplate":"https:\/\/www.vetorino.com\/boutique\/?s={search_term_string}"},"query-input":{"@type":"PropertyValueSpecification","valueRequired":true,"valueName":"search_term_string"}}],"inLanguage":"fr-FR"},{"@type":"Organization","@id":"https:\/\/www.vetorino.com\/boutique\/#organization","name":"V\u00e9torino","url":"https:\/\/www.vetorino.com\/boutique\/","logo":{"@type":"ImageObject","inLanguage":"fr-FR","@id":"https:\/\/www.vetorino.com\/boutique\/#\/schema\/logo\/image\/","url":"https:\/\/www.vetorino.com\/boutique\/wp-content\/uploads\/2024\/10\/logo.jpg","contentUrl":"https:\/\/www.vetorino.com\/boutique\/wp-content\/uploads\/2024\/10\/logo.jpg","width":1200,"height":610,"caption":"V\u00e9torino"},"image":{"@id":"https:\/\/www.vetorino.com\/boutique\/#\/schema\/logo\/image\/"},"sameAs":["https:\/\/www.facebook.com\/Vetorino\/","https:\/\/www.instagram.com\/vetorino_off\/","https:\/\/www.linkedin.com\/company\/vtorino\/"]}]},"product_brand":"Ruffwear","og_availability":"instock","product_availability":"instock","product_condition":"new"},"_links":{"self":[{"href":"https:\/\/www.vetorino.com\/veterinaire\/confolens-16500\/boutique\/wp-json\/wp\/v2\/product\/97387","targetHints":{"allow":["GET"]}}],"collection":[{"href":"https:\/\/www.vetorino.com\/veterinaire\/confolens-16500\/boutique\/wp-json\/wp\/v2\/product"}],"about":[{"href":"https:\/\/www.vetorino.com\/veterinaire\/confolens-16500\/boutique\/wp-json\/wp\/v2\/types\/product"}],"wp:featuredmedia":[{"embeddable":true,"href":"https:\/\/www.vetorino.com\/veterinaire\/confolens-16500\/boutique\/wp-json\/wp\/v2\/media\/590207"}],"wp:attachment":[{"href":"https:\/\/www.vetorino.com\/veterinaire\/confolens-16500\/boutique\/wp-json\/wp\/v2\/media?parent=97387"}],"wp:term":[{"taxonomy":"product_cat","embeddable":true,"href":"https:\/\/www.vetorino.com\/veterinaire\/confolens-16500\/boutique\/wp-json\/wp\/v2\/product_cat?post=97387"},{"taxonomy":"product_tag","embeddable":true,"href":"https:\/\/www.vetorino.com\/veterinaire\/confolens-16500\/boutique\/wp-json\/wp\/v2\/product_tag?post=97387"}],"curies":[{"name":"wp","href":"https:\/\/api.w.org\/{rel}","templated":true}]}}