{"id":97444,"date":"2020-06-29T18:49:29","date_gmt":"2020-06-29T16:49:29","guid":{"rendered":"https:\/\/www.vetorino.com\/boutique\/product\/harnais-red-dingo\/"},"modified":"2023-06-12T17:28:51","modified_gmt":"2023-06-12T15:28:51","slug":"harnais-red-dingo","status":"publish","type":"product","link":"https:\/\/www.vetorino.com\/veterinaire\/confolens-16500\/boutique\/product\/harnais-red-dingo\/","title":{"rendered":"Harnais Red Dingo"},"content":{"rendered":"<div class=\"hidden\">MATERIEL<\/div>\n<div class=\"hidden\">Chiens<\/div>\n<p>De jolis nylons color\u00e9s avec leur boucle originale en forme d\u2019os !<br \/>\nLongueur et largeur ajustables par boucles de r\u00e9glage.<\/p>\n","protected":false},"excerpt":{"rendered":"<p>Ce harnais pour chien Fantaisie Red Dingo de tr\u00e8s bonne qualit\u00e9.<br \/>\nGr\u00e2ce \u00e0 son fermoir plastique brevet\u00e9 en forme d&#8217; os et son anneau en acier inoxydable, vous vous baladerez avec votre chien en toute s\u00e9curit\u00e9<br \/>\nCouleur : Marron motif cercles bleu.<\/p>\n","protected":false},"featured_media":633857,"template":"","meta":[],"product_cat":[2698,2777],"product_tag":[],"class_list":{"0":"post-97444","1":"product","2":"type-product","3":"status-publish","4":"has-post-thumbnail","6":"product_cat-chien","7":"product_cat-colliers-laisses-et-harnais-pour-chien","8":"pa_marque-reddingo","10":"first","11":"outofstock","12":"taxable","13":"shipping-taxable","14":"product-type-variable"},"yoast_head":"<!-- This site is optimized with the Yoast SEO plugin v27.3 - https:\/\/yoast.com\/product\/yoast-seo-wordpress\/ -->\n<title>Harnais Red Dingo RedDingo - V\u00e9torino<\/title>\n<meta name=\"description\" content=\"Ce harnais pour chien Fantaisie Red Dingo de tr\u00e8s bonne qualit\u00e9. Gr\u00e2ce \u00e0 son fermoir plastique brevet\u00e9 en forme d&#039; os et son anneau en acier inoxydable, vous vous baladerez avec votre chien en toute s\u00e9curit\u00e9 Couleur : Marron motif cercles bleu.\" \/>\n<meta name=\"robots\" content=\"noindex, nofollow\" \/>\n<meta property=\"og:locale\" content=\"fr_FR\" \/>\n<meta property=\"og:type\" content=\"article\" \/>\n<meta property=\"og:title\" content=\"Harnais Red Dingo RedDingo - V\u00e9torino\" \/>\n<meta property=\"og:description\" content=\"Ce harnais pour chien Fantaisie Red Dingo de tr\u00e8s bonne qualit\u00e9. Gr\u00e2ce \u00e0 son fermoir plastique brevet\u00e9 en forme d&#039; os et son anneau en acier inoxydable, vous vous baladerez avec votre chien en toute s\u00e9curit\u00e9 Couleur : Marron motif cercles bleu.\" \/>\n<meta property=\"og:url\" content=\"https:\/\/www.vetorino.com\/veterinaire\/confolens-16500\/boutique\/product\/harnais-red-dingo\/\" \/>\n<meta property=\"og:site_name\" content=\"V\u00e9torino\" \/>\n<meta property=\"article:publisher\" content=\"https:\/\/www.facebook.com\/Vetorino\/\" \/>\n<meta property=\"article:modified_time\" content=\"2023-06-12T15:28:51+00:00\" \/>\n<meta property=\"og:image\" content=\"https:\/\/www.vetorino.com\/boutique\/wp-content\/uploads\/2020\/06\/628784405231a9.47631517.jpg\" \/>\n\t<meta property=\"og:image:width\" content=\"1000\" \/>\n\t<meta property=\"og:image:height\" content=\"1000\" \/>\n\t<meta property=\"og:image:type\" content=\"image\/jpeg\" \/>\n<meta name=\"twitter:card\" content=\"summary_large_image\" \/>\n<meta name=\"twitter:label1\" content=\"Disponibilit\u00e9\" \/>\n\t<meta name=\"twitter:data1\" content=\"Rupture de stock\" \/>\n<script type=\"application\/ld+json\" class=\"yoast-schema-graph\">{\"@context\":\"https:\\\/\\\/schema.org\",\"@graph\":[{\"@type\":\"WebPage\",\"@id\":\"https:\\\/\\\/www.vetorino.com\\\/veterinaire\\\/chaumont-52000\\\/boutique\\\/product\\\/harnais-red-dingo\\\/\",\"url\":\"https:\\\/\\\/www.vetorino.com\\\/veterinaire\\\/chaumont-52000\\\/boutique\\\/product\\\/harnais-red-dingo\\\/\",\"name\":\"Harnais Red Dingo RedDingo - V\u00e9torino\",\"isPartOf\":{\"@id\":\"https:\\\/\\\/www.vetorino.com\\\/boutique\\\/#website\"},\"primaryImageOfPage\":{\"@id\":\"https:\\\/\\\/www.vetorino.com\\\/veterinaire\\\/chaumont-52000\\\/boutique\\\/product\\\/harnais-red-dingo\\\/#primaryimage\"},\"image\":{\"@id\":\"https:\\\/\\\/www.vetorino.com\\\/veterinaire\\\/chaumont-52000\\\/boutique\\\/product\\\/harnais-red-dingo\\\/#primaryimage\"},\"thumbnailUrl\":\"https:\\\/\\\/www.vetorino.com\\\/boutique\\\/wp-content\\\/uploads\\\/2020\\\/06\\\/628784405231a9.47631517.jpg\",\"datePublished\":\"2020-06-29T16:49:29+00:00\",\"dateModified\":\"2023-06-12T15:28:51+00:00\",\"description\":\"Ce harnais pour chien Fantaisie Red Dingo de tr\u00e8s bonne qualit\u00e9. Gr\u00e2ce \u00e0 son fermoir plastique brevet\u00e9 en forme d' os et son anneau en acier inoxydable, vous vous baladerez avec votre chien en toute s\u00e9curit\u00e9 Couleur : Marron motif cercles bleu.\",\"breadcrumb\":{\"@id\":\"https:\\\/\\\/www.vetorino.com\\\/veterinaire\\\/chaumont-52000\\\/boutique\\\/product\\\/harnais-red-dingo\\\/#breadcrumb\"},\"inLanguage\":\"fr-FR\",\"potentialAction\":[{\"@type\":\"ReadAction\",\"target\":[\"https:\\\/\\\/www.vetorino.com\\\/veterinaire\\\/chaumont-52000\\\/boutique\\\/product\\\/harnais-red-dingo\\\/\"]}]},{\"@type\":\"ImageObject\",\"inLanguage\":\"fr-FR\",\"@id\":\"https:\\\/\\\/www.vetorino.com\\\/veterinaire\\\/chaumont-52000\\\/boutique\\\/product\\\/harnais-red-dingo\\\/#primaryimage\",\"url\":\"https:\\\/\\\/www.vetorino.com\\\/boutique\\\/wp-content\\\/uploads\\\/2020\\\/06\\\/628784405231a9.47631517.jpg\",\"contentUrl\":\"https:\\\/\\\/www.vetorino.com\\\/boutique\\\/wp-content\\\/uploads\\\/2020\\\/06\\\/628784405231a9.47631517.jpg\",\"width\":1000,\"height\":1000},{\"@type\":\"BreadcrumbList\",\"@id\":\"https:\\\/\\\/www.vetorino.com\\\/veterinaire\\\/chaumont-52000\\\/boutique\\\/product\\\/harnais-red-dingo\\\/#breadcrumb\",\"itemListElement\":[{\"@type\":\"ListItem\",\"position\":1,\"name\":\"Accueil\",\"item\":\"https:\\\/\\\/www.vetorino.com\\\/boutique\\\/\"},{\"@type\":\"ListItem\",\"position\":2,\"name\":\"Produits\",\"item\":\"https:\\\/\\\/www.vetorino.com\\\/boutique\\\/\"},{\"@type\":\"ListItem\",\"position\":3,\"name\":\"Harnais Red Dingo\"}]},{\"@type\":\"WebSite\",\"@id\":\"https:\\\/\\\/www.vetorino.com\\\/boutique\\\/#website\",\"url\":\"https:\\\/\\\/www.vetorino.com\\\/boutique\\\/\",\"name\":\"V\u00e9torino\",\"description\":\"\",\"publisher\":{\"@id\":\"https:\\\/\\\/www.vetorino.com\\\/boutique\\\/#organization\"},\"potentialAction\":[{\"@type\":\"SearchAction\",\"target\":{\"@type\":\"EntryPoint\",\"urlTemplate\":\"https:\\\/\\\/www.vetorino.com\\\/boutique\\\/?s={search_term_string}\"},\"query-input\":{\"@type\":\"PropertyValueSpecification\",\"valueRequired\":true,\"valueName\":\"search_term_string\"}}],\"inLanguage\":\"fr-FR\"},{\"@type\":\"Organization\",\"@id\":\"https:\\\/\\\/www.vetorino.com\\\/boutique\\\/#organization\",\"name\":\"V\u00e9torino\",\"url\":\"https:\\\/\\\/www.vetorino.com\\\/boutique\\\/\",\"logo\":{\"@type\":\"ImageObject\",\"inLanguage\":\"fr-FR\",\"@id\":\"https:\\\/\\\/www.vetorino.com\\\/boutique\\\/#\\\/schema\\\/logo\\\/image\\\/\",\"url\":\"https:\\\/\\\/www.vetorino.com\\\/boutique\\\/wp-content\\\/uploads\\\/2024\\\/10\\\/logo.jpg\",\"contentUrl\":\"https:\\\/\\\/www.vetorino.com\\\/boutique\\\/wp-content\\\/uploads\\\/2024\\\/10\\\/logo.jpg\",\"width\":1200,\"height\":610,\"caption\":\"V\u00e9torino\"},\"image\":{\"@id\":\"https:\\\/\\\/www.vetorino.com\\\/boutique\\\/#\\\/schema\\\/logo\\\/image\\\/\"},\"sameAs\":[\"https:\\\/\\\/www.facebook.com\\\/Vetorino\\\/\",\"https:\\\/\\\/www.instagram.com\\\/vetorino_off\\\/\",\"https:\\\/\\\/www.linkedin.com\\\/company\\\/vtorino\\\/\"]}]}<\/script>\n<meta property=\"product:brand\" content=\"RedDingo\" \/>\n<meta property=\"og:availability\" content=\"out of stock\" \/>\n<meta property=\"product:availability\" content=\"out of stock\" \/>\n<meta property=\"product:condition\" content=\"new\" \/>\n<!-- \/ Yoast SEO plugin. -->","yoast_head_json":{"title":"Harnais Red Dingo RedDingo - V\u00e9torino","description":"Ce harnais pour chien Fantaisie Red Dingo de tr\u00e8s bonne qualit\u00e9. Gr\u00e2ce \u00e0 son fermoir plastique brevet\u00e9 en forme d' os et son anneau en acier inoxydable, vous vous baladerez avec votre chien en toute s\u00e9curit\u00e9 Couleur : Marron motif cercles bleu.","robots":{"index":"noindex","follow":"nofollow"},"og_locale":"fr_FR","og_type":"article","og_title":"Harnais Red Dingo RedDingo - V\u00e9torino","og_description":"Ce harnais pour chien Fantaisie Red Dingo de tr\u00e8s bonne qualit\u00e9. Gr\u00e2ce \u00e0 son fermoir plastique brevet\u00e9 en forme d' os et son anneau en acier inoxydable, vous vous baladerez avec votre chien en toute s\u00e9curit\u00e9 Couleur : Marron motif cercles bleu.","og_url":"https:\/\/www.vetorino.com\/veterinaire\/confolens-16500\/boutique\/product\/harnais-red-dingo\/","og_site_name":"V\u00e9torino","article_publisher":"https:\/\/www.facebook.com\/Vetorino\/","article_modified_time":"2023-06-12T15:28:51+00:00","og_image":[{"width":1000,"height":1000,"url":"https:\/\/www.vetorino.com\/boutique\/wp-content\/uploads\/2020\/06\/628784405231a9.47631517.jpg","type":"image\/jpeg"}],"twitter_card":"summary_large_image","twitter_misc":{"Disponibilit\u00e9":"Rupture de stock"},"schema":{"@context":"https:\/\/schema.org","@graph":[{"@type":"WebPage","@id":"https:\/\/www.vetorino.com\/veterinaire\/chaumont-52000\/boutique\/product\/harnais-red-dingo\/","url":"https:\/\/www.vetorino.com\/veterinaire\/chaumont-52000\/boutique\/product\/harnais-red-dingo\/","name":"Harnais Red Dingo RedDingo - V\u00e9torino","isPartOf":{"@id":"https:\/\/www.vetorino.com\/boutique\/#website"},"primaryImageOfPage":{"@id":"https:\/\/www.vetorino.com\/veterinaire\/chaumont-52000\/boutique\/product\/harnais-red-dingo\/#primaryimage"},"image":{"@id":"https:\/\/www.vetorino.com\/veterinaire\/chaumont-52000\/boutique\/product\/harnais-red-dingo\/#primaryimage"},"thumbnailUrl":"https:\/\/www.vetorino.com\/boutique\/wp-content\/uploads\/2020\/06\/628784405231a9.47631517.jpg","datePublished":"2020-06-29T16:49:29+00:00","dateModified":"2023-06-12T15:28:51+00:00","description":"Ce harnais pour chien Fantaisie Red Dingo de tr\u00e8s bonne qualit\u00e9. Gr\u00e2ce \u00e0 son fermoir plastique brevet\u00e9 en forme d' os et son anneau en acier inoxydable, vous vous baladerez avec votre chien en toute s\u00e9curit\u00e9 Couleur : Marron motif cercles bleu.","breadcrumb":{"@id":"https:\/\/www.vetorino.com\/veterinaire\/chaumont-52000\/boutique\/product\/harnais-red-dingo\/#breadcrumb"},"inLanguage":"fr-FR","potentialAction":[{"@type":"ReadAction","target":["https:\/\/www.vetorino.com\/veterinaire\/chaumont-52000\/boutique\/product\/harnais-red-dingo\/"]}]},{"@type":"ImageObject","inLanguage":"fr-FR","@id":"https:\/\/www.vetorino.com\/veterinaire\/chaumont-52000\/boutique\/product\/harnais-red-dingo\/#primaryimage","url":"https:\/\/www.vetorino.com\/boutique\/wp-content\/uploads\/2020\/06\/628784405231a9.47631517.jpg","contentUrl":"https:\/\/www.vetorino.com\/boutique\/wp-content\/uploads\/2020\/06\/628784405231a9.47631517.jpg","width":1000,"height":1000},{"@type":"BreadcrumbList","@id":"https:\/\/www.vetorino.com\/veterinaire\/chaumont-52000\/boutique\/product\/harnais-red-dingo\/#breadcrumb","itemListElement":[{"@type":"ListItem","position":1,"name":"Accueil","item":"https:\/\/www.vetorino.com\/boutique\/"},{"@type":"ListItem","position":2,"name":"Produits","item":"https:\/\/www.vetorino.com\/boutique\/"},{"@type":"ListItem","position":3,"name":"Harnais Red Dingo"}]},{"@type":"WebSite","@id":"https:\/\/www.vetorino.com\/boutique\/#website","url":"https:\/\/www.vetorino.com\/boutique\/","name":"V\u00e9torino","description":"","publisher":{"@id":"https:\/\/www.vetorino.com\/boutique\/#organization"},"potentialAction":[{"@type":"SearchAction","target":{"@type":"EntryPoint","urlTemplate":"https:\/\/www.vetorino.com\/boutique\/?s={search_term_string}"},"query-input":{"@type":"PropertyValueSpecification","valueRequired":true,"valueName":"search_term_string"}}],"inLanguage":"fr-FR"},{"@type":"Organization","@id":"https:\/\/www.vetorino.com\/boutique\/#organization","name":"V\u00e9torino","url":"https:\/\/www.vetorino.com\/boutique\/","logo":{"@type":"ImageObject","inLanguage":"fr-FR","@id":"https:\/\/www.vetorino.com\/boutique\/#\/schema\/logo\/image\/","url":"https:\/\/www.vetorino.com\/boutique\/wp-content\/uploads\/2024\/10\/logo.jpg","contentUrl":"https:\/\/www.vetorino.com\/boutique\/wp-content\/uploads\/2024\/10\/logo.jpg","width":1200,"height":610,"caption":"V\u00e9torino"},"image":{"@id":"https:\/\/www.vetorino.com\/boutique\/#\/schema\/logo\/image\/"},"sameAs":["https:\/\/www.facebook.com\/Vetorino\/","https:\/\/www.instagram.com\/vetorino_off\/","https:\/\/www.linkedin.com\/company\/vtorino\/"]}]},"product_brand":"RedDingo","og_availability":"out of stock","product_availability":"out of stock","product_condition":"new"},"_links":{"self":[{"href":"https:\/\/www.vetorino.com\/veterinaire\/confolens-16500\/boutique\/wp-json\/wp\/v2\/product\/97444","targetHints":{"allow":["GET"]}}],"collection":[{"href":"https:\/\/www.vetorino.com\/veterinaire\/confolens-16500\/boutique\/wp-json\/wp\/v2\/product"}],"about":[{"href":"https:\/\/www.vetorino.com\/veterinaire\/confolens-16500\/boutique\/wp-json\/wp\/v2\/types\/product"}],"wp:featuredmedia":[{"embeddable":true,"href":"https:\/\/www.vetorino.com\/veterinaire\/confolens-16500\/boutique\/wp-json\/wp\/v2\/media\/633857"}],"wp:attachment":[{"href":"https:\/\/www.vetorino.com\/veterinaire\/confolens-16500\/boutique\/wp-json\/wp\/v2\/media?parent=97444"}],"wp:term":[{"taxonomy":"product_cat","embeddable":true,"href":"https:\/\/www.vetorino.com\/veterinaire\/confolens-16500\/boutique\/wp-json\/wp\/v2\/product_cat?post=97444"},{"taxonomy":"product_tag","embeddable":true,"href":"https:\/\/www.vetorino.com\/veterinaire\/confolens-16500\/boutique\/wp-json\/wp\/v2\/product_tag?post=97444"}],"curies":[{"name":"wp","href":"https:\/\/api.w.org\/{rel}","templated":true}]}}