{"id":97728,"date":"2020-06-29T22:09:21","date_gmt":"2020-06-29T20:09:21","guid":{"rendered":"https:\/\/www.vetorino.com\/boutique\/product\/hepabial-c\/"},"modified":"2022-07-01T02:42:13","modified_gmt":"2022-07-01T00:42:13","slug":"hepabial-c","status":"publish","type":"product","link":"https:\/\/www.vetorino.com\/veterinaire\/confolens-16500\/boutique\/product\/hepabial-c\/","title":{"rendered":"Hepabial C+"},"content":{"rendered":"<div class='hidden'>THESEO<\/div>\n<div class='hidden'>Bovins<\/div>\n<div class='hidden'>Syst\u00e8me h\u00e9pato-digestif<\/div>\n<p>Suppl\u00e9ment nutritionnel pour porcs, volailles, bovins, lapins. Hepabial C+ comble le d\u00e9ficit \u00e9nerg\u00e9tique li\u00e9 \u00e0 l&#8217;ensemble des dysfonctionnements h\u00e9patiques (li\u00e9s au foie). Il stimule le foie et donc la production d&#8217;\u00e9nergie n\u00e9cessaire au bon d\u00e9roulement du m\u00e9tabolisme g\u00e9n\u00e9ral.<br \/>En plus des indissociables choline et sorbitol, indispensables pour assurer la digestion des graisses, Hepabial C+ associe l&#8217;efficacit\u00e9 de la L&#8211;carnitine aux actions compl\u00e9mentaires d&#8217;extraits v\u00e9g\u00e9taux permettant non seulement de stimuler le m\u00e9tabolisme \u00e9nerg\u00e9tique et d&#8217;optimiser les performances globales de l&#8217;animal, mais \u00e9galement d&#8217;avoir une action diur\u00e9tique, ap\u00e9ritive et d\u00e9toxifiante.<\/p>\n","protected":false},"excerpt":{"rendered":"<p>THESEO Bovins Syst\u00e8me h\u00e9pato-digestif Suppl\u00e9ment nutritionnel pour porcs, volailles, bovins, lapins. Hepabial C+ comble le d\u00e9ficit \u00e9nerg\u00e9tique li\u00e9 \u00e0 l&#8217;ensemble des dysfonctionnements h\u00e9patiques (li\u00e9s au foie). Il stimule le foie et donc la production d&#8217;\u00e9nergie n\u00e9cessaire au bon d\u00e9roulement du m\u00e9tabolisme g\u00e9n\u00e9ral.En plus des indissociables choline et sorbitol, indispensables pour assurer la digestion des graisses, [&hellip;]<\/p>\n","protected":false},"featured_media":97727,"template":"","meta":[],"product_cat":[6864,6870],"product_tag":[],"class_list":{"0":"post-97728","1":"product","2":"type-product","3":"status-publish","4":"has-post-thumbnail","6":"product_cat-animaux-delevage","7":"product_cat-bovins","8":"pa_marque-theseo","10":"first","11":"outofstock","12":"taxable","13":"shipping-taxable","14":"purchasable","15":"product-type-simple"},"yoast_head":"<!-- This site is optimized with the Yoast SEO plugin v27.3 - https:\/\/yoast.com\/product\/yoast-seo-wordpress\/ -->\n<title>Hepabial C+ Theseo - V\u00e9torino<\/title>\n<meta name=\"description\" content=\"THESEOBovinsSyst\u00e8me h\u00e9pato-digestifSuppl\u00e9ment nutritionnel pour porcs, volailles, bovins, lapins. Hepabial C+ comble le d\u00e9ficit \u00e9nerg\u00e9tique li\u00e9 \u00e0\" \/>\n<meta name=\"robots\" content=\"noindex, nofollow\" \/>\n<meta property=\"og:locale\" content=\"fr_FR\" \/>\n<meta property=\"og:type\" content=\"article\" \/>\n<meta property=\"og:title\" content=\"Hepabial C+ Theseo - V\u00e9torino\" \/>\n<meta property=\"og:description\" content=\"THESEOBovinsSyst\u00e8me h\u00e9pato-digestifSuppl\u00e9ment nutritionnel pour porcs, volailles, bovins, lapins. Hepabial C+ comble le d\u00e9ficit \u00e9nerg\u00e9tique li\u00e9 \u00e0\" \/>\n<meta property=\"og:url\" content=\"https:\/\/www.vetorino.com\/veterinaire\/confolens-16500\/boutique\/product\/hepabial-c\/\" \/>\n<meta property=\"og:site_name\" content=\"V\u00e9torino\" \/>\n<meta property=\"article:publisher\" content=\"https:\/\/www.facebook.com\/Vetorino\/\" \/>\n<meta property=\"article:modified_time\" content=\"2022-07-01T00:42:13+00:00\" \/>\n<meta property=\"og:image\" content=\"https:\/\/www.vetorino.com\/boutique\/wp-content\/uploads\/2020\/06\/FilsHEP016FormatMediumTypeIM.png\" \/>\n\t<meta property=\"og:image:width\" content=\"400\" \/>\n\t<meta property=\"og:image:height\" content=\"400\" \/>\n\t<meta property=\"og:image:type\" content=\"image\/png\" \/>\n<meta name=\"twitter:card\" content=\"summary_large_image\" \/>\n<meta name=\"twitter:label1\" content=\"Prix\" \/>\n\t<meta name=\"twitter:data1\" content=\"92,78&euro;\" \/>\n\t<meta name=\"twitter:label2\" content=\"Disponibilit\u00e9\" \/>\n\t<meta name=\"twitter:data2\" content=\"Rupture de stock\" \/>\n<script type=\"application\/ld+json\" class=\"yoast-schema-graph\">{\"@context\":\"https:\\\/\\\/schema.org\",\"@graph\":[{\"@type\":\"WebPage\",\"@id\":\"https:\\\/\\\/www.vetorino.com\\\/boutique\\\/product\\\/hepabial-c\\\/\",\"url\":\"https:\\\/\\\/www.vetorino.com\\\/boutique\\\/product\\\/hepabial-c\\\/\",\"name\":\"Hepabial C+ Theseo - V\u00e9torino\",\"isPartOf\":{\"@id\":\"https:\\\/\\\/www.vetorino.com\\\/boutique\\\/#website\"},\"primaryImageOfPage\":{\"@id\":\"https:\\\/\\\/www.vetorino.com\\\/boutique\\\/product\\\/hepabial-c\\\/#primaryimage\"},\"image\":{\"@id\":\"https:\\\/\\\/www.vetorino.com\\\/boutique\\\/product\\\/hepabial-c\\\/#primaryimage\"},\"thumbnailUrl\":\"https:\\\/\\\/www.vetorino.com\\\/boutique\\\/wp-content\\\/uploads\\\/2020\\\/06\\\/FilsHEP016FormatMediumTypeIM.png\",\"datePublished\":\"2020-06-29T20:09:21+00:00\",\"dateModified\":\"2022-07-01T00:42:13+00:00\",\"description\":\"THESEOBovinsSyst\u00e8me h\u00e9pato-digestifSuppl\u00e9ment nutritionnel pour porcs, volailles, bovins, lapins. Hepabial C+ comble le d\u00e9ficit \u00e9nerg\u00e9tique li\u00e9 \u00e0\",\"breadcrumb\":{\"@id\":\"https:\\\/\\\/www.vetorino.com\\\/boutique\\\/product\\\/hepabial-c\\\/#breadcrumb\"},\"inLanguage\":\"fr-FR\",\"potentialAction\":[{\"@type\":\"ReadAction\",\"target\":[\"https:\\\/\\\/www.vetorino.com\\\/boutique\\\/product\\\/hepabial-c\\\/\"]}]},{\"@type\":\"ImageObject\",\"inLanguage\":\"fr-FR\",\"@id\":\"https:\\\/\\\/www.vetorino.com\\\/boutique\\\/product\\\/hepabial-c\\\/#primaryimage\",\"url\":\"https:\\\/\\\/www.vetorino.com\\\/boutique\\\/wp-content\\\/uploads\\\/2020\\\/06\\\/FilsHEP016FormatMediumTypeIM.png\",\"contentUrl\":\"https:\\\/\\\/www.vetorino.com\\\/boutique\\\/wp-content\\\/uploads\\\/2020\\\/06\\\/FilsHEP016FormatMediumTypeIM.png\",\"width\":400,\"height\":400},{\"@type\":\"BreadcrumbList\",\"@id\":\"https:\\\/\\\/www.vetorino.com\\\/boutique\\\/product\\\/hepabial-c\\\/#breadcrumb\",\"itemListElement\":[{\"@type\":\"ListItem\",\"position\":1,\"name\":\"Accueil\",\"item\":\"https:\\\/\\\/www.vetorino.com\\\/boutique\\\/\"},{\"@type\":\"ListItem\",\"position\":2,\"name\":\"Produits\",\"item\":\"https:\\\/\\\/www.vetorino.com\\\/boutique\\\/\"},{\"@type\":\"ListItem\",\"position\":3,\"name\":\"Hepabial C+\"}]},{\"@type\":\"WebSite\",\"@id\":\"https:\\\/\\\/www.vetorino.com\\\/boutique\\\/#website\",\"url\":\"https:\\\/\\\/www.vetorino.com\\\/boutique\\\/\",\"name\":\"V\u00e9torino\",\"description\":\"\",\"publisher\":{\"@id\":\"https:\\\/\\\/www.vetorino.com\\\/boutique\\\/#organization\"},\"potentialAction\":[{\"@type\":\"SearchAction\",\"target\":{\"@type\":\"EntryPoint\",\"urlTemplate\":\"https:\\\/\\\/www.vetorino.com\\\/boutique\\\/?s={search_term_string}\"},\"query-input\":{\"@type\":\"PropertyValueSpecification\",\"valueRequired\":true,\"valueName\":\"search_term_string\"}}],\"inLanguage\":\"fr-FR\"},{\"@type\":\"Organization\",\"@id\":\"https:\\\/\\\/www.vetorino.com\\\/boutique\\\/#organization\",\"name\":\"V\u00e9torino\",\"url\":\"https:\\\/\\\/www.vetorino.com\\\/boutique\\\/\",\"logo\":{\"@type\":\"ImageObject\",\"inLanguage\":\"fr-FR\",\"@id\":\"https:\\\/\\\/www.vetorino.com\\\/boutique\\\/#\\\/schema\\\/logo\\\/image\\\/\",\"url\":\"https:\\\/\\\/www.vetorino.com\\\/boutique\\\/wp-content\\\/uploads\\\/2024\\\/10\\\/logo.jpg\",\"contentUrl\":\"https:\\\/\\\/www.vetorino.com\\\/boutique\\\/wp-content\\\/uploads\\\/2024\\\/10\\\/logo.jpg\",\"width\":1200,\"height\":610,\"caption\":\"V\u00e9torino\"},\"image\":{\"@id\":\"https:\\\/\\\/www.vetorino.com\\\/boutique\\\/#\\\/schema\\\/logo\\\/image\\\/\"},\"sameAs\":[\"https:\\\/\\\/www.facebook.com\\\/Vetorino\\\/\",\"https:\\\/\\\/www.instagram.com\\\/vetorino_off\\\/\",\"https:\\\/\\\/www.linkedin.com\\\/company\\\/vtorino\\\/\"]}]}<\/script>\n<meta property=\"product:brand\" content=\"Theseo\" \/>\n<meta property=\"product:price:amount\" content=\"92.78\" \/>\n<meta property=\"product:price:currency\" content=\"EUR\" \/>\n<meta property=\"og:availability\" content=\"out of stock\" \/>\n<meta property=\"product:availability\" content=\"out of stock\" \/>\n<meta property=\"product:retailer_item_id\" content=\"C-HEP016\" \/>\n<meta property=\"product:condition\" content=\"new\" \/>\n<!-- \/ Yoast SEO plugin. -->","yoast_head_json":{"title":"Hepabial C+ Theseo - V\u00e9torino","description":"THESEOBovinsSyst\u00e8me h\u00e9pato-digestifSuppl\u00e9ment nutritionnel pour porcs, volailles, bovins, lapins. Hepabial C+ comble le d\u00e9ficit \u00e9nerg\u00e9tique li\u00e9 \u00e0","robots":{"index":"noindex","follow":"nofollow"},"og_locale":"fr_FR","og_type":"article","og_title":"Hepabial C+ Theseo - V\u00e9torino","og_description":"THESEOBovinsSyst\u00e8me h\u00e9pato-digestifSuppl\u00e9ment nutritionnel pour porcs, volailles, bovins, lapins. Hepabial C+ comble le d\u00e9ficit \u00e9nerg\u00e9tique li\u00e9 \u00e0","og_url":"https:\/\/www.vetorino.com\/veterinaire\/confolens-16500\/boutique\/product\/hepabial-c\/","og_site_name":"V\u00e9torino","article_publisher":"https:\/\/www.facebook.com\/Vetorino\/","article_modified_time":"2022-07-01T00:42:13+00:00","og_image":[{"width":400,"height":400,"url":"https:\/\/www.vetorino.com\/boutique\/wp-content\/uploads\/2020\/06\/FilsHEP016FormatMediumTypeIM.png","type":"image\/png"}],"twitter_card":"summary_large_image","twitter_misc":{"Prix":"92,78&euro;","Disponibilit\u00e9":"Rupture de stock"},"schema":{"@context":"https:\/\/schema.org","@graph":[{"@type":"WebPage","@id":"https:\/\/www.vetorino.com\/boutique\/product\/hepabial-c\/","url":"https:\/\/www.vetorino.com\/boutique\/product\/hepabial-c\/","name":"Hepabial C+ Theseo - V\u00e9torino","isPartOf":{"@id":"https:\/\/www.vetorino.com\/boutique\/#website"},"primaryImageOfPage":{"@id":"https:\/\/www.vetorino.com\/boutique\/product\/hepabial-c\/#primaryimage"},"image":{"@id":"https:\/\/www.vetorino.com\/boutique\/product\/hepabial-c\/#primaryimage"},"thumbnailUrl":"https:\/\/www.vetorino.com\/boutique\/wp-content\/uploads\/2020\/06\/FilsHEP016FormatMediumTypeIM.png","datePublished":"2020-06-29T20:09:21+00:00","dateModified":"2022-07-01T00:42:13+00:00","description":"THESEOBovinsSyst\u00e8me h\u00e9pato-digestifSuppl\u00e9ment nutritionnel pour porcs, volailles, bovins, lapins. Hepabial C+ comble le d\u00e9ficit \u00e9nerg\u00e9tique li\u00e9 \u00e0","breadcrumb":{"@id":"https:\/\/www.vetorino.com\/boutique\/product\/hepabial-c\/#breadcrumb"},"inLanguage":"fr-FR","potentialAction":[{"@type":"ReadAction","target":["https:\/\/www.vetorino.com\/boutique\/product\/hepabial-c\/"]}]},{"@type":"ImageObject","inLanguage":"fr-FR","@id":"https:\/\/www.vetorino.com\/boutique\/product\/hepabial-c\/#primaryimage","url":"https:\/\/www.vetorino.com\/boutique\/wp-content\/uploads\/2020\/06\/FilsHEP016FormatMediumTypeIM.png","contentUrl":"https:\/\/www.vetorino.com\/boutique\/wp-content\/uploads\/2020\/06\/FilsHEP016FormatMediumTypeIM.png","width":400,"height":400},{"@type":"BreadcrumbList","@id":"https:\/\/www.vetorino.com\/boutique\/product\/hepabial-c\/#breadcrumb","itemListElement":[{"@type":"ListItem","position":1,"name":"Accueil","item":"https:\/\/www.vetorino.com\/boutique\/"},{"@type":"ListItem","position":2,"name":"Produits","item":"https:\/\/www.vetorino.com\/boutique\/"},{"@type":"ListItem","position":3,"name":"Hepabial C+"}]},{"@type":"WebSite","@id":"https:\/\/www.vetorino.com\/boutique\/#website","url":"https:\/\/www.vetorino.com\/boutique\/","name":"V\u00e9torino","description":"","publisher":{"@id":"https:\/\/www.vetorino.com\/boutique\/#organization"},"potentialAction":[{"@type":"SearchAction","target":{"@type":"EntryPoint","urlTemplate":"https:\/\/www.vetorino.com\/boutique\/?s={search_term_string}"},"query-input":{"@type":"PropertyValueSpecification","valueRequired":true,"valueName":"search_term_string"}}],"inLanguage":"fr-FR"},{"@type":"Organization","@id":"https:\/\/www.vetorino.com\/boutique\/#organization","name":"V\u00e9torino","url":"https:\/\/www.vetorino.com\/boutique\/","logo":{"@type":"ImageObject","inLanguage":"fr-FR","@id":"https:\/\/www.vetorino.com\/boutique\/#\/schema\/logo\/image\/","url":"https:\/\/www.vetorino.com\/boutique\/wp-content\/uploads\/2024\/10\/logo.jpg","contentUrl":"https:\/\/www.vetorino.com\/boutique\/wp-content\/uploads\/2024\/10\/logo.jpg","width":1200,"height":610,"caption":"V\u00e9torino"},"image":{"@id":"https:\/\/www.vetorino.com\/boutique\/#\/schema\/logo\/image\/"},"sameAs":["https:\/\/www.facebook.com\/Vetorino\/","https:\/\/www.instagram.com\/vetorino_off\/","https:\/\/www.linkedin.com\/company\/vtorino\/"]}]},"product_brand":"Theseo","product_price_amount":"92.78","product_price_currency":"EUR","og_availability":"out of stock","product_availability":"out of stock","product_retailer_item_id":"C-HEP016","product_condition":"new"},"_links":{"self":[{"href":"https:\/\/www.vetorino.com\/veterinaire\/confolens-16500\/boutique\/wp-json\/wp\/v2\/product\/97728","targetHints":{"allow":["GET"]}}],"collection":[{"href":"https:\/\/www.vetorino.com\/veterinaire\/confolens-16500\/boutique\/wp-json\/wp\/v2\/product"}],"about":[{"href":"https:\/\/www.vetorino.com\/veterinaire\/confolens-16500\/boutique\/wp-json\/wp\/v2\/types\/product"}],"wp:featuredmedia":[{"embeddable":true,"href":"https:\/\/www.vetorino.com\/veterinaire\/confolens-16500\/boutique\/wp-json\/wp\/v2\/media\/97727"}],"wp:attachment":[{"href":"https:\/\/www.vetorino.com\/veterinaire\/confolens-16500\/boutique\/wp-json\/wp\/v2\/media?parent=97728"}],"wp:term":[{"taxonomy":"product_cat","embeddable":true,"href":"https:\/\/www.vetorino.com\/veterinaire\/confolens-16500\/boutique\/wp-json\/wp\/v2\/product_cat?post=97728"},{"taxonomy":"product_tag","embeddable":true,"href":"https:\/\/www.vetorino.com\/veterinaire\/confolens-16500\/boutique\/wp-json\/wp\/v2\/product_tag?post=97728"}],"curies":[{"name":"wp","href":"https:\/\/api.w.org\/{rel}","templated":true}]}}