{"id":97929,"date":"2020-06-29T22:52:59","date_gmt":"2020-06-29T20:52:59","guid":{"rendered":"https:\/\/www.vetorino.com\/boutique\/product\/joint-pour-seringues-genia-2\/"},"modified":"2026-03-25T02:42:07","modified_gmt":"2026-03-25T01:42:07","slug":"joint-pour-seringues-genia-2","status":"publish","type":"product","link":"https:\/\/www.vetorino.com\/veterinaire\/confolens-16500\/boutique\/product\/joint-pour-seringues-genia-2\/","title":{"rendered":"Joint pour seringues G\u00e9nia"},"content":{"rendered":"<div class='hidden'>GENIA<\/div>\n<div class='hidden'>Ovins<\/div>\n<p>Joint commun aux seringues G\u00e9niaplex normales et automatiques, M\u00e9talplex, Elplex, Tubmatic, Flamatic, seringues rallong\u00e9es normales et automatiques.<br \/>Joint plat en silicone, moul\u00e9 aux normes G\u00e9nia, biseaut\u00e9, tr\u00e8s r\u00e9sistant avec un nombre de shore constant et uniforme sur toute la surface, hydrophobe, anti-adh\u00e9rent.<br \/>Assure une \u00e9tanch\u00e9it\u00e9 parfaite et un glissement l\u00e9ger du piston.<\/p>\n","protected":false},"excerpt":{"rendered":"<p>GENIA Ovins Joint commun aux seringues G\u00e9niaplex normales et automatiques, M\u00e9talplex, Elplex, Tubmatic, Flamatic, seringues rallong\u00e9es normales et automatiques.Joint plat en silicone, moul\u00e9 aux normes G\u00e9nia, biseaut\u00e9, tr\u00e8s r\u00e9sistant avec un nombre de shore constant et uniforme sur toute la surface, hydrophobe, anti-adh\u00e9rent.Assure une \u00e9tanch\u00e9it\u00e9 parfaite et un glissement l\u00e9ger du piston.<\/p>\n","protected":false},"featured_media":97928,"template":"","meta":[],"product_cat":[6864],"product_tag":[],"class_list":{"0":"post-97929","1":"product","2":"type-product","3":"status-publish","4":"has-post-thumbnail","6":"product_cat-animaux-delevage","7":"pa_marque-materiel","9":"first","10":"instock","11":"taxable","12":"shipping-taxable","13":"purchasable","14":"product-type-simple"},"yoast_head":"<!-- This site is optimized with the Yoast SEO plugin v27.3 - https:\/\/yoast.com\/product\/yoast-seo-wordpress\/ -->\n<title>Joint pour seringues G\u00e9nia Mat\u00e9riel - V\u00e9torino<\/title>\n<meta name=\"description\" content=\"GENIAOvinsJoint commun aux seringues G\u00e9niaplex normales et automatiques, M\u00e9talplex, Elplex, Tubmatic, Flamatic, seringues rallong\u00e9es normales et\" \/>\n<meta name=\"robots\" content=\"noindex, nofollow\" \/>\n<meta property=\"og:locale\" content=\"fr_FR\" \/>\n<meta property=\"og:type\" content=\"article\" \/>\n<meta property=\"og:title\" content=\"Joint pour seringues G\u00e9nia Mat\u00e9riel - V\u00e9torino\" \/>\n<meta property=\"og:description\" content=\"GENIAOvinsJoint commun aux seringues G\u00e9niaplex normales et automatiques, M\u00e9talplex, Elplex, Tubmatic, Flamatic, seringues rallong\u00e9es normales et\" \/>\n<meta property=\"og:url\" content=\"https:\/\/www.vetorino.com\/veterinaire\/confolens-16500\/boutique\/product\/joint-pour-seringues-genia-2\/\" \/>\n<meta property=\"og:site_name\" content=\"V\u00e9torino\" \/>\n<meta property=\"article:publisher\" content=\"https:\/\/www.facebook.com\/Vetorino\/\" \/>\n<meta property=\"article:modified_time\" content=\"2026-03-25T01:42:07+00:00\" \/>\n<meta property=\"og:image\" content=\"https:\/\/www.vetorino.com\/boutique\/wp-content\/uploads\/2020\/06\/FilsJOI007FormatMediumTypeIM.png\" \/>\n\t<meta property=\"og:image:width\" content=\"400\" \/>\n\t<meta property=\"og:image:height\" content=\"400\" \/>\n\t<meta property=\"og:image:type\" content=\"image\/png\" \/>\n<meta name=\"twitter:card\" content=\"summary_large_image\" \/>\n<meta name=\"twitter:label1\" content=\"Prix\" \/>\n\t<meta name=\"twitter:data1\" content=\"6,92&euro;\" \/>\n\t<meta name=\"twitter:label2\" content=\"Disponibilit\u00e9\" \/>\n\t<meta name=\"twitter:data2\" content=\"En stock\" \/>\n<script type=\"application\/ld+json\" class=\"yoast-schema-graph\">{\"@context\":\"https:\\\/\\\/schema.org\",\"@graph\":[{\"@type\":\"WebPage\",\"@id\":\"https:\\\/\\\/www.vetorino.com\\\/veterinaire\\\/champs-sur-marne-77420\\\/boutique\\\/product\\\/joint-pour-seringues-genia-2\\\/\",\"url\":\"https:\\\/\\\/www.vetorino.com\\\/veterinaire\\\/champs-sur-marne-77420\\\/boutique\\\/product\\\/joint-pour-seringues-genia-2\\\/\",\"name\":\"Joint pour seringues G\u00e9nia Mat\u00e9riel - V\u00e9torino\",\"isPartOf\":{\"@id\":\"https:\\\/\\\/www.vetorino.com\\\/boutique\\\/#website\"},\"primaryImageOfPage\":{\"@id\":\"https:\\\/\\\/www.vetorino.com\\\/veterinaire\\\/champs-sur-marne-77420\\\/boutique\\\/product\\\/joint-pour-seringues-genia-2\\\/#primaryimage\"},\"image\":{\"@id\":\"https:\\\/\\\/www.vetorino.com\\\/veterinaire\\\/champs-sur-marne-77420\\\/boutique\\\/product\\\/joint-pour-seringues-genia-2\\\/#primaryimage\"},\"thumbnailUrl\":\"https:\\\/\\\/www.vetorino.com\\\/boutique\\\/wp-content\\\/uploads\\\/2020\\\/06\\\/FilsJOI007FormatMediumTypeIM.png\",\"datePublished\":\"2020-06-29T20:52:59+00:00\",\"dateModified\":\"2026-03-25T01:42:07+00:00\",\"description\":\"GENIAOvinsJoint commun aux seringues G\u00e9niaplex normales et automatiques, M\u00e9talplex, Elplex, Tubmatic, Flamatic, seringues rallong\u00e9es normales et\",\"breadcrumb\":{\"@id\":\"https:\\\/\\\/www.vetorino.com\\\/veterinaire\\\/champs-sur-marne-77420\\\/boutique\\\/product\\\/joint-pour-seringues-genia-2\\\/#breadcrumb\"},\"inLanguage\":\"fr-FR\",\"potentialAction\":[{\"@type\":\"ReadAction\",\"target\":[\"https:\\\/\\\/www.vetorino.com\\\/veterinaire\\\/champs-sur-marne-77420\\\/boutique\\\/product\\\/joint-pour-seringues-genia-2\\\/\"]}]},{\"@type\":\"ImageObject\",\"inLanguage\":\"fr-FR\",\"@id\":\"https:\\\/\\\/www.vetorino.com\\\/veterinaire\\\/champs-sur-marne-77420\\\/boutique\\\/product\\\/joint-pour-seringues-genia-2\\\/#primaryimage\",\"url\":\"https:\\\/\\\/www.vetorino.com\\\/boutique\\\/wp-content\\\/uploads\\\/2020\\\/06\\\/FilsJOI007FormatMediumTypeIM.png\",\"contentUrl\":\"https:\\\/\\\/www.vetorino.com\\\/boutique\\\/wp-content\\\/uploads\\\/2020\\\/06\\\/FilsJOI007FormatMediumTypeIM.png\",\"width\":400,\"height\":400},{\"@type\":\"BreadcrumbList\",\"@id\":\"https:\\\/\\\/www.vetorino.com\\\/veterinaire\\\/champs-sur-marne-77420\\\/boutique\\\/product\\\/joint-pour-seringues-genia-2\\\/#breadcrumb\",\"itemListElement\":[{\"@type\":\"ListItem\",\"position\":1,\"name\":\"Accueil\",\"item\":\"https:\\\/\\\/www.vetorino.com\\\/boutique\\\/\"},{\"@type\":\"ListItem\",\"position\":2,\"name\":\"Produits\",\"item\":\"https:\\\/\\\/www.vetorino.com\\\/boutique\\\/\"},{\"@type\":\"ListItem\",\"position\":3,\"name\":\"Joint pour seringues G\u00e9nia\"}]},{\"@type\":\"WebSite\",\"@id\":\"https:\\\/\\\/www.vetorino.com\\\/boutique\\\/#website\",\"url\":\"https:\\\/\\\/www.vetorino.com\\\/boutique\\\/\",\"name\":\"V\u00e9torino\",\"description\":\"\",\"publisher\":{\"@id\":\"https:\\\/\\\/www.vetorino.com\\\/boutique\\\/#organization\"},\"potentialAction\":[{\"@type\":\"SearchAction\",\"target\":{\"@type\":\"EntryPoint\",\"urlTemplate\":\"https:\\\/\\\/www.vetorino.com\\\/boutique\\\/?s={search_term_string}\"},\"query-input\":{\"@type\":\"PropertyValueSpecification\",\"valueRequired\":true,\"valueName\":\"search_term_string\"}}],\"inLanguage\":\"fr-FR\"},{\"@type\":\"Organization\",\"@id\":\"https:\\\/\\\/www.vetorino.com\\\/boutique\\\/#organization\",\"name\":\"V\u00e9torino\",\"url\":\"https:\\\/\\\/www.vetorino.com\\\/boutique\\\/\",\"logo\":{\"@type\":\"ImageObject\",\"inLanguage\":\"fr-FR\",\"@id\":\"https:\\\/\\\/www.vetorino.com\\\/boutique\\\/#\\\/schema\\\/logo\\\/image\\\/\",\"url\":\"https:\\\/\\\/www.vetorino.com\\\/boutique\\\/wp-content\\\/uploads\\\/2024\\\/10\\\/logo.jpg\",\"contentUrl\":\"https:\\\/\\\/www.vetorino.com\\\/boutique\\\/wp-content\\\/uploads\\\/2024\\\/10\\\/logo.jpg\",\"width\":1200,\"height\":610,\"caption\":\"V\u00e9torino\"},\"image\":{\"@id\":\"https:\\\/\\\/www.vetorino.com\\\/boutique\\\/#\\\/schema\\\/logo\\\/image\\\/\"},\"sameAs\":[\"https:\\\/\\\/www.facebook.com\\\/Vetorino\\\/\",\"https:\\\/\\\/www.instagram.com\\\/vetorino_off\\\/\",\"https:\\\/\\\/www.linkedin.com\\\/company\\\/vtorino\\\/\"]}]}<\/script>\n<meta property=\"product:brand\" content=\"Mat\u00e9riel\" \/>\n<meta property=\"product:price:amount\" content=\"6.92\" \/>\n<meta property=\"product:price:currency\" content=\"EUR\" \/>\n<meta property=\"og:availability\" content=\"instock\" \/>\n<meta property=\"product:availability\" content=\"instock\" \/>\n<meta property=\"product:retailer_item_id\" content=\"C-JOI007\" \/>\n<meta property=\"product:condition\" content=\"new\" \/>\n<!-- \/ Yoast SEO plugin. -->","yoast_head_json":{"title":"Joint pour seringues G\u00e9nia Mat\u00e9riel - V\u00e9torino","description":"GENIAOvinsJoint commun aux seringues G\u00e9niaplex normales et automatiques, M\u00e9talplex, Elplex, Tubmatic, Flamatic, seringues rallong\u00e9es normales et","robots":{"index":"noindex","follow":"nofollow"},"og_locale":"fr_FR","og_type":"article","og_title":"Joint pour seringues G\u00e9nia Mat\u00e9riel - V\u00e9torino","og_description":"GENIAOvinsJoint commun aux seringues G\u00e9niaplex normales et automatiques, M\u00e9talplex, Elplex, Tubmatic, Flamatic, seringues rallong\u00e9es normales et","og_url":"https:\/\/www.vetorino.com\/veterinaire\/confolens-16500\/boutique\/product\/joint-pour-seringues-genia-2\/","og_site_name":"V\u00e9torino","article_publisher":"https:\/\/www.facebook.com\/Vetorino\/","article_modified_time":"2026-03-25T01:42:07+00:00","og_image":[{"width":400,"height":400,"url":"https:\/\/www.vetorino.com\/boutique\/wp-content\/uploads\/2020\/06\/FilsJOI007FormatMediumTypeIM.png","type":"image\/png"}],"twitter_card":"summary_large_image","twitter_misc":{"Prix":"6,92&euro;","Disponibilit\u00e9":"En stock"},"schema":{"@context":"https:\/\/schema.org","@graph":[{"@type":"WebPage","@id":"https:\/\/www.vetorino.com\/veterinaire\/champs-sur-marne-77420\/boutique\/product\/joint-pour-seringues-genia-2\/","url":"https:\/\/www.vetorino.com\/veterinaire\/champs-sur-marne-77420\/boutique\/product\/joint-pour-seringues-genia-2\/","name":"Joint pour seringues G\u00e9nia Mat\u00e9riel - V\u00e9torino","isPartOf":{"@id":"https:\/\/www.vetorino.com\/boutique\/#website"},"primaryImageOfPage":{"@id":"https:\/\/www.vetorino.com\/veterinaire\/champs-sur-marne-77420\/boutique\/product\/joint-pour-seringues-genia-2\/#primaryimage"},"image":{"@id":"https:\/\/www.vetorino.com\/veterinaire\/champs-sur-marne-77420\/boutique\/product\/joint-pour-seringues-genia-2\/#primaryimage"},"thumbnailUrl":"https:\/\/www.vetorino.com\/boutique\/wp-content\/uploads\/2020\/06\/FilsJOI007FormatMediumTypeIM.png","datePublished":"2020-06-29T20:52:59+00:00","dateModified":"2026-03-25T01:42:07+00:00","description":"GENIAOvinsJoint commun aux seringues G\u00e9niaplex normales et automatiques, M\u00e9talplex, Elplex, Tubmatic, Flamatic, seringues rallong\u00e9es normales et","breadcrumb":{"@id":"https:\/\/www.vetorino.com\/veterinaire\/champs-sur-marne-77420\/boutique\/product\/joint-pour-seringues-genia-2\/#breadcrumb"},"inLanguage":"fr-FR","potentialAction":[{"@type":"ReadAction","target":["https:\/\/www.vetorino.com\/veterinaire\/champs-sur-marne-77420\/boutique\/product\/joint-pour-seringues-genia-2\/"]}]},{"@type":"ImageObject","inLanguage":"fr-FR","@id":"https:\/\/www.vetorino.com\/veterinaire\/champs-sur-marne-77420\/boutique\/product\/joint-pour-seringues-genia-2\/#primaryimage","url":"https:\/\/www.vetorino.com\/boutique\/wp-content\/uploads\/2020\/06\/FilsJOI007FormatMediumTypeIM.png","contentUrl":"https:\/\/www.vetorino.com\/boutique\/wp-content\/uploads\/2020\/06\/FilsJOI007FormatMediumTypeIM.png","width":400,"height":400},{"@type":"BreadcrumbList","@id":"https:\/\/www.vetorino.com\/veterinaire\/champs-sur-marne-77420\/boutique\/product\/joint-pour-seringues-genia-2\/#breadcrumb","itemListElement":[{"@type":"ListItem","position":1,"name":"Accueil","item":"https:\/\/www.vetorino.com\/boutique\/"},{"@type":"ListItem","position":2,"name":"Produits","item":"https:\/\/www.vetorino.com\/boutique\/"},{"@type":"ListItem","position":3,"name":"Joint pour seringues G\u00e9nia"}]},{"@type":"WebSite","@id":"https:\/\/www.vetorino.com\/boutique\/#website","url":"https:\/\/www.vetorino.com\/boutique\/","name":"V\u00e9torino","description":"","publisher":{"@id":"https:\/\/www.vetorino.com\/boutique\/#organization"},"potentialAction":[{"@type":"SearchAction","target":{"@type":"EntryPoint","urlTemplate":"https:\/\/www.vetorino.com\/boutique\/?s={search_term_string}"},"query-input":{"@type":"PropertyValueSpecification","valueRequired":true,"valueName":"search_term_string"}}],"inLanguage":"fr-FR"},{"@type":"Organization","@id":"https:\/\/www.vetorino.com\/boutique\/#organization","name":"V\u00e9torino","url":"https:\/\/www.vetorino.com\/boutique\/","logo":{"@type":"ImageObject","inLanguage":"fr-FR","@id":"https:\/\/www.vetorino.com\/boutique\/#\/schema\/logo\/image\/","url":"https:\/\/www.vetorino.com\/boutique\/wp-content\/uploads\/2024\/10\/logo.jpg","contentUrl":"https:\/\/www.vetorino.com\/boutique\/wp-content\/uploads\/2024\/10\/logo.jpg","width":1200,"height":610,"caption":"V\u00e9torino"},"image":{"@id":"https:\/\/www.vetorino.com\/boutique\/#\/schema\/logo\/image\/"},"sameAs":["https:\/\/www.facebook.com\/Vetorino\/","https:\/\/www.instagram.com\/vetorino_off\/","https:\/\/www.linkedin.com\/company\/vtorino\/"]}]},"product_brand":"Mat\u00e9riel","product_price_amount":"6.92","product_price_currency":"EUR","og_availability":"instock","product_availability":"instock","product_retailer_item_id":"C-JOI007","product_condition":"new"},"_links":{"self":[{"href":"https:\/\/www.vetorino.com\/veterinaire\/confolens-16500\/boutique\/wp-json\/wp\/v2\/product\/97929","targetHints":{"allow":["GET"]}}],"collection":[{"href":"https:\/\/www.vetorino.com\/veterinaire\/confolens-16500\/boutique\/wp-json\/wp\/v2\/product"}],"about":[{"href":"https:\/\/www.vetorino.com\/veterinaire\/confolens-16500\/boutique\/wp-json\/wp\/v2\/types\/product"}],"wp:featuredmedia":[{"embeddable":true,"href":"https:\/\/www.vetorino.com\/veterinaire\/confolens-16500\/boutique\/wp-json\/wp\/v2\/media\/97928"}],"wp:attachment":[{"href":"https:\/\/www.vetorino.com\/veterinaire\/confolens-16500\/boutique\/wp-json\/wp\/v2\/media?parent=97929"}],"wp:term":[{"taxonomy":"product_cat","embeddable":true,"href":"https:\/\/www.vetorino.com\/veterinaire\/confolens-16500\/boutique\/wp-json\/wp\/v2\/product_cat?post=97929"},{"taxonomy":"product_tag","embeddable":true,"href":"https:\/\/www.vetorino.com\/veterinaire\/confolens-16500\/boutique\/wp-json\/wp\/v2\/product_tag?post=97929"}],"curies":[{"name":"wp","href":"https:\/\/api.w.org\/{rel}","templated":true}]}}