{"id":97939,"date":"2020-06-29T22:53:05","date_gmt":"2020-06-29T20:53:05","guid":{"rendered":"https:\/\/www.vetorino.com\/boutique\/product\/jouet-chien-educatif-mini-solitaire\/"},"modified":"2026-02-12T12:47:42","modified_gmt":"2026-02-12T11:47:42","slug":"jouet-chien-educatif-mini-solitaire","status":"publish","type":"product","link":"https:\/\/www.vetorino.com\/veterinaire\/confolens-16500\/boutique\/product\/jouet-chien-educatif-mini-solitaire\/","title":{"rendered":"Jouet chien \u00e9ducatif Trixie : Mini Solitaire"},"content":{"rendered":"<div class='hidden'>MATERIEL<\/div>\n<div class='hidden'>Chiens<\/div>\n<p>Le jouet \u00e9ducatif pour chien mini Solitaire est id\u00e9al pour partager des instants de complicit\u00e9 avec votre chien.<br \/>Il est compos\u00e9 d&#8217;un plateau contenant 7 quilles creuses et poss\u00e9dant une petite ouverture sur le dessus. Ces quilles peuvent uniquement \u00eatre soulev\u00e9es mais ne peuvent pas \u00eatre culbut\u00e9es. Cachez de petites friandises sous les quilles. Avec un peu d&#8217;entrainement, votre chien parviendra \u00e0 soulever la quille avec son museau et acc\u00e8dera ainsi \u00e0 sa r\u00e9compense.<br \/>Jouet de niveau 1 : pour chien d\u00e9butant. En plastique, avec patins antid\u00e9rapants. Les quilles peuvent \u00eatre lav\u00e9es au lave vaisselle.<\/p>\n","protected":false},"excerpt":{"rendered":"<p>MATERIEL Chiens Le jouet \u00e9ducatif pour chien mini Solitaire est id\u00e9al pour partager des instants de complicit\u00e9 avec votre chien.Il est compos\u00e9 d&#8217;un plateau contenant 7 quilles creuses et poss\u00e9dant une petite ouverture sur le dessus. Ces quilles peuvent uniquement \u00eatre soulev\u00e9es mais ne peuvent pas \u00eatre culbut\u00e9es. Cachez de petites friandises sous les quilles. [&hellip;]<\/p>\n","protected":false},"featured_media":97938,"template":"","meta":[],"product_cat":[12550,2698,12621],"product_tag":[],"class_list":{"0":"post-97939","1":"product","2":"type-product","3":"status-publish","4":"has-post-thumbnail","6":"product_cat-accessoires-du-chien","7":"product_cat-chien","8":"product_cat-jeux-educatifs-pour-chien","9":"pa_marque-trixie","11":"first","12":"instock","13":"taxable","14":"shipping-taxable","15":"purchasable","16":"product-type-simple"},"yoast_head":"<!-- This site is optimized with the Yoast SEO plugin v27.3 - https:\/\/yoast.com\/product\/yoast-seo-wordpress\/ -->\n<title>Trixie Jouet chien \u00e9ducatif Trixie : Mini Solitaire Trixie - V\u00e9torino<\/title>\n<meta name=\"description\" content=\"MATERIELChiensLe jouet \u00e9ducatif pour chien mini Solitaire est id\u00e9al pour partager des instants de complicit\u00e9 avec votre chien.Il est compos\u00e9 d&#039;un plateau\" \/>\n<meta name=\"robots\" content=\"noindex, nofollow\" \/>\n<meta property=\"og:locale\" content=\"fr_FR\" \/>\n<meta property=\"og:type\" content=\"article\" \/>\n<meta property=\"og:title\" content=\"Trixie Jouet chien \u00e9ducatif Trixie : Mini Solitaire Trixie - V\u00e9torino\" \/>\n<meta property=\"og:description\" content=\"MATERIELChiensLe jouet \u00e9ducatif pour chien mini Solitaire est id\u00e9al pour partager des instants de complicit\u00e9 avec votre chien.Il est compos\u00e9 d&#039;un plateau\" \/>\n<meta property=\"og:url\" content=\"https:\/\/www.vetorino.com\/veterinaire\/confolens-16500\/boutique\/product\/jouet-chien-educatif-mini-solitaire\/\" \/>\n<meta property=\"og:site_name\" content=\"V\u00e9torino\" \/>\n<meta property=\"article:publisher\" content=\"https:\/\/www.facebook.com\/Vetorino\/\" \/>\n<meta property=\"article:modified_time\" content=\"2026-02-12T11:47:42+00:00\" \/>\n<meta property=\"og:image\" content=\"https:\/\/www.vetorino.com\/boutique\/wp-content\/uploads\/2020\/06\/FilsJOU618FormatMediumTypeIM.png\" \/>\n\t<meta property=\"og:image:width\" content=\"400\" \/>\n\t<meta property=\"og:image:height\" content=\"400\" \/>\n\t<meta property=\"og:image:type\" content=\"image\/png\" \/>\n<meta name=\"twitter:card\" content=\"summary_large_image\" \/>\n<meta name=\"twitter:label1\" content=\"Prix\" \/>\n\t<meta name=\"twitter:data1\" content=\"7,91&euro;\" \/>\n\t<meta name=\"twitter:label2\" content=\"Disponibilit\u00e9\" \/>\n\t<meta name=\"twitter:data2\" content=\"En stock\" \/>\n<script type=\"application\/ld+json\" class=\"yoast-schema-graph\">{\"@context\":\"https:\\\/\\\/schema.org\",\"@graph\":[{\"@type\":\"WebPage\",\"@id\":\"https:\\\/\\\/www.vetorino.com\\\/boutique\\\/product\\\/jouet-chien-educatif-mini-solitaire\\\/\",\"url\":\"https:\\\/\\\/www.vetorino.com\\\/boutique\\\/product\\\/jouet-chien-educatif-mini-solitaire\\\/\",\"name\":\"Trixie Jouet chien \u00e9ducatif Trixie : Mini Solitaire Trixie - V\u00e9torino\",\"isPartOf\":{\"@id\":\"https:\\\/\\\/www.vetorino.com\\\/boutique\\\/#website\"},\"primaryImageOfPage\":{\"@id\":\"https:\\\/\\\/www.vetorino.com\\\/boutique\\\/product\\\/jouet-chien-educatif-mini-solitaire\\\/#primaryimage\"},\"image\":{\"@id\":\"https:\\\/\\\/www.vetorino.com\\\/boutique\\\/product\\\/jouet-chien-educatif-mini-solitaire\\\/#primaryimage\"},\"thumbnailUrl\":\"https:\\\/\\\/www.vetorino.com\\\/boutique\\\/wp-content\\\/uploads\\\/2020\\\/06\\\/FilsJOU618FormatMediumTypeIM.png\",\"datePublished\":\"2020-06-29T20:53:05+00:00\",\"dateModified\":\"2026-02-12T11:47:42+00:00\",\"description\":\"MATERIELChiensLe jouet \u00e9ducatif pour chien mini Solitaire est id\u00e9al pour partager des instants de complicit\u00e9 avec votre chien.Il est compos\u00e9 d'un plateau\",\"breadcrumb\":{\"@id\":\"https:\\\/\\\/www.vetorino.com\\\/boutique\\\/product\\\/jouet-chien-educatif-mini-solitaire\\\/#breadcrumb\"},\"inLanguage\":\"fr-FR\",\"potentialAction\":[{\"@type\":\"ReadAction\",\"target\":[\"https:\\\/\\\/www.vetorino.com\\\/boutique\\\/product\\\/jouet-chien-educatif-mini-solitaire\\\/\"]}]},{\"@type\":\"ImageObject\",\"inLanguage\":\"fr-FR\",\"@id\":\"https:\\\/\\\/www.vetorino.com\\\/boutique\\\/product\\\/jouet-chien-educatif-mini-solitaire\\\/#primaryimage\",\"url\":\"https:\\\/\\\/www.vetorino.com\\\/boutique\\\/wp-content\\\/uploads\\\/2020\\\/06\\\/FilsJOU618FormatMediumTypeIM.png\",\"contentUrl\":\"https:\\\/\\\/www.vetorino.com\\\/boutique\\\/wp-content\\\/uploads\\\/2020\\\/06\\\/FilsJOU618FormatMediumTypeIM.png\",\"width\":400,\"height\":400},{\"@type\":\"BreadcrumbList\",\"@id\":\"https:\\\/\\\/www.vetorino.com\\\/boutique\\\/product\\\/jouet-chien-educatif-mini-solitaire\\\/#breadcrumb\",\"itemListElement\":[{\"@type\":\"ListItem\",\"position\":1,\"name\":\"Accueil\",\"item\":\"https:\\\/\\\/www.vetorino.com\\\/boutique\\\/\"},{\"@type\":\"ListItem\",\"position\":2,\"name\":\"Produits\",\"item\":\"https:\\\/\\\/www.vetorino.com\\\/boutique\\\/\"},{\"@type\":\"ListItem\",\"position\":3,\"name\":\"Jouet chien \u00e9ducatif Trixie : Mini Solitaire\"}]},{\"@type\":\"WebSite\",\"@id\":\"https:\\\/\\\/www.vetorino.com\\\/boutique\\\/#website\",\"url\":\"https:\\\/\\\/www.vetorino.com\\\/boutique\\\/\",\"name\":\"V\u00e9torino\",\"description\":\"\",\"publisher\":{\"@id\":\"https:\\\/\\\/www.vetorino.com\\\/boutique\\\/#organization\"},\"potentialAction\":[{\"@type\":\"SearchAction\",\"target\":{\"@type\":\"EntryPoint\",\"urlTemplate\":\"https:\\\/\\\/www.vetorino.com\\\/boutique\\\/?s={search_term_string}\"},\"query-input\":{\"@type\":\"PropertyValueSpecification\",\"valueRequired\":true,\"valueName\":\"search_term_string\"}}],\"inLanguage\":\"fr-FR\"},{\"@type\":\"Organization\",\"@id\":\"https:\\\/\\\/www.vetorino.com\\\/boutique\\\/#organization\",\"name\":\"V\u00e9torino\",\"url\":\"https:\\\/\\\/www.vetorino.com\\\/boutique\\\/\",\"logo\":{\"@type\":\"ImageObject\",\"inLanguage\":\"fr-FR\",\"@id\":\"https:\\\/\\\/www.vetorino.com\\\/boutique\\\/#\\\/schema\\\/logo\\\/image\\\/\",\"url\":\"https:\\\/\\\/www.vetorino.com\\\/boutique\\\/wp-content\\\/uploads\\\/2024\\\/10\\\/logo.jpg\",\"contentUrl\":\"https:\\\/\\\/www.vetorino.com\\\/boutique\\\/wp-content\\\/uploads\\\/2024\\\/10\\\/logo.jpg\",\"width\":1200,\"height\":610,\"caption\":\"V\u00e9torino\"},\"image\":{\"@id\":\"https:\\\/\\\/www.vetorino.com\\\/boutique\\\/#\\\/schema\\\/logo\\\/image\\\/\"},\"sameAs\":[\"https:\\\/\\\/www.facebook.com\\\/Vetorino\\\/\",\"https:\\\/\\\/www.instagram.com\\\/vetorino_off\\\/\",\"https:\\\/\\\/www.linkedin.com\\\/company\\\/vtorino\\\/\"]}]}<\/script>\n<meta property=\"product:brand\" content=\"Trixie\" \/>\n<meta property=\"product:price:amount\" content=\"7.91\" \/>\n<meta property=\"product:price:currency\" content=\"EUR\" \/>\n<meta property=\"og:availability\" content=\"instock\" \/>\n<meta property=\"product:availability\" content=\"instock\" \/>\n<meta property=\"product:retailer_item_id\" content=\"C-JOU618\" \/>\n<meta property=\"product:condition\" content=\"new\" \/>\n<!-- \/ Yoast SEO plugin. -->","yoast_head_json":{"title":"Trixie Jouet chien \u00e9ducatif Trixie : Mini Solitaire Trixie - V\u00e9torino","description":"MATERIELChiensLe jouet \u00e9ducatif pour chien mini Solitaire est id\u00e9al pour partager des instants de complicit\u00e9 avec votre chien.Il est compos\u00e9 d'un plateau","robots":{"index":"noindex","follow":"nofollow"},"og_locale":"fr_FR","og_type":"article","og_title":"Trixie Jouet chien \u00e9ducatif Trixie : Mini Solitaire Trixie - V\u00e9torino","og_description":"MATERIELChiensLe jouet \u00e9ducatif pour chien mini Solitaire est id\u00e9al pour partager des instants de complicit\u00e9 avec votre chien.Il est compos\u00e9 d'un plateau","og_url":"https:\/\/www.vetorino.com\/veterinaire\/confolens-16500\/boutique\/product\/jouet-chien-educatif-mini-solitaire\/","og_site_name":"V\u00e9torino","article_publisher":"https:\/\/www.facebook.com\/Vetorino\/","article_modified_time":"2026-02-12T11:47:42+00:00","og_image":[{"width":400,"height":400,"url":"https:\/\/www.vetorino.com\/boutique\/wp-content\/uploads\/2020\/06\/FilsJOU618FormatMediumTypeIM.png","type":"image\/png"}],"twitter_card":"summary_large_image","twitter_misc":{"Prix":"7,91&euro;","Disponibilit\u00e9":"En stock"},"schema":{"@context":"https:\/\/schema.org","@graph":[{"@type":"WebPage","@id":"https:\/\/www.vetorino.com\/boutique\/product\/jouet-chien-educatif-mini-solitaire\/","url":"https:\/\/www.vetorino.com\/boutique\/product\/jouet-chien-educatif-mini-solitaire\/","name":"Trixie Jouet chien \u00e9ducatif Trixie : Mini Solitaire Trixie - V\u00e9torino","isPartOf":{"@id":"https:\/\/www.vetorino.com\/boutique\/#website"},"primaryImageOfPage":{"@id":"https:\/\/www.vetorino.com\/boutique\/product\/jouet-chien-educatif-mini-solitaire\/#primaryimage"},"image":{"@id":"https:\/\/www.vetorino.com\/boutique\/product\/jouet-chien-educatif-mini-solitaire\/#primaryimage"},"thumbnailUrl":"https:\/\/www.vetorino.com\/boutique\/wp-content\/uploads\/2020\/06\/FilsJOU618FormatMediumTypeIM.png","datePublished":"2020-06-29T20:53:05+00:00","dateModified":"2026-02-12T11:47:42+00:00","description":"MATERIELChiensLe jouet \u00e9ducatif pour chien mini Solitaire est id\u00e9al pour partager des instants de complicit\u00e9 avec votre chien.Il est compos\u00e9 d'un plateau","breadcrumb":{"@id":"https:\/\/www.vetorino.com\/boutique\/product\/jouet-chien-educatif-mini-solitaire\/#breadcrumb"},"inLanguage":"fr-FR","potentialAction":[{"@type":"ReadAction","target":["https:\/\/www.vetorino.com\/boutique\/product\/jouet-chien-educatif-mini-solitaire\/"]}]},{"@type":"ImageObject","inLanguage":"fr-FR","@id":"https:\/\/www.vetorino.com\/boutique\/product\/jouet-chien-educatif-mini-solitaire\/#primaryimage","url":"https:\/\/www.vetorino.com\/boutique\/wp-content\/uploads\/2020\/06\/FilsJOU618FormatMediumTypeIM.png","contentUrl":"https:\/\/www.vetorino.com\/boutique\/wp-content\/uploads\/2020\/06\/FilsJOU618FormatMediumTypeIM.png","width":400,"height":400},{"@type":"BreadcrumbList","@id":"https:\/\/www.vetorino.com\/boutique\/product\/jouet-chien-educatif-mini-solitaire\/#breadcrumb","itemListElement":[{"@type":"ListItem","position":1,"name":"Accueil","item":"https:\/\/www.vetorino.com\/boutique\/"},{"@type":"ListItem","position":2,"name":"Produits","item":"https:\/\/www.vetorino.com\/boutique\/"},{"@type":"ListItem","position":3,"name":"Jouet chien \u00e9ducatif Trixie : Mini Solitaire"}]},{"@type":"WebSite","@id":"https:\/\/www.vetorino.com\/boutique\/#website","url":"https:\/\/www.vetorino.com\/boutique\/","name":"V\u00e9torino","description":"","publisher":{"@id":"https:\/\/www.vetorino.com\/boutique\/#organization"},"potentialAction":[{"@type":"SearchAction","target":{"@type":"EntryPoint","urlTemplate":"https:\/\/www.vetorino.com\/boutique\/?s={search_term_string}"},"query-input":{"@type":"PropertyValueSpecification","valueRequired":true,"valueName":"search_term_string"}}],"inLanguage":"fr-FR"},{"@type":"Organization","@id":"https:\/\/www.vetorino.com\/boutique\/#organization","name":"V\u00e9torino","url":"https:\/\/www.vetorino.com\/boutique\/","logo":{"@type":"ImageObject","inLanguage":"fr-FR","@id":"https:\/\/www.vetorino.com\/boutique\/#\/schema\/logo\/image\/","url":"https:\/\/www.vetorino.com\/boutique\/wp-content\/uploads\/2024\/10\/logo.jpg","contentUrl":"https:\/\/www.vetorino.com\/boutique\/wp-content\/uploads\/2024\/10\/logo.jpg","width":1200,"height":610,"caption":"V\u00e9torino"},"image":{"@id":"https:\/\/www.vetorino.com\/boutique\/#\/schema\/logo\/image\/"},"sameAs":["https:\/\/www.facebook.com\/Vetorino\/","https:\/\/www.instagram.com\/vetorino_off\/","https:\/\/www.linkedin.com\/company\/vtorino\/"]}]},"product_brand":"Trixie","product_price_amount":"7.91","product_price_currency":"EUR","og_availability":"instock","product_availability":"instock","product_retailer_item_id":"C-JOU618","product_condition":"new"},"_links":{"self":[{"href":"https:\/\/www.vetorino.com\/veterinaire\/confolens-16500\/boutique\/wp-json\/wp\/v2\/product\/97939","targetHints":{"allow":["GET"]}}],"collection":[{"href":"https:\/\/www.vetorino.com\/veterinaire\/confolens-16500\/boutique\/wp-json\/wp\/v2\/product"}],"about":[{"href":"https:\/\/www.vetorino.com\/veterinaire\/confolens-16500\/boutique\/wp-json\/wp\/v2\/types\/product"}],"wp:featuredmedia":[{"embeddable":true,"href":"https:\/\/www.vetorino.com\/veterinaire\/confolens-16500\/boutique\/wp-json\/wp\/v2\/media\/97938"}],"wp:attachment":[{"href":"https:\/\/www.vetorino.com\/veterinaire\/confolens-16500\/boutique\/wp-json\/wp\/v2\/media?parent=97939"}],"wp:term":[{"taxonomy":"product_cat","embeddable":true,"href":"https:\/\/www.vetorino.com\/veterinaire\/confolens-16500\/boutique\/wp-json\/wp\/v2\/product_cat?post=97939"},{"taxonomy":"product_tag","embeddable":true,"href":"https:\/\/www.vetorino.com\/veterinaire\/confolens-16500\/boutique\/wp-json\/wp\/v2\/product_tag?post=97939"}],"curies":[{"name":"wp","href":"https:\/\/api.w.org\/{rel}","templated":true}]}}