{"id":97967,"date":"2020-06-29T22:55:31","date_gmt":"2020-06-29T20:55:31","guid":{"rendered":"https:\/\/www.vetorino.com\/boutique\/product\/jouet-chien-educatif-flip-board\/"},"modified":"2026-02-02T09:41:25","modified_gmt":"2026-02-02T08:41:25","slug":"jouet-chien-educatif-flip-board","status":"publish","type":"product","link":"https:\/\/www.vetorino.com\/veterinaire\/confolens-16500\/boutique\/product\/jouet-chien-educatif-flip-board\/","title":{"rendered":"Jouet chien \u00e9ducatif Trixie : Flip Board"},"content":{"rendered":"<div class='hidden'>MATERIEL<\/div>\n<div class='hidden'>Chiens<\/div>\n<p>Dog Activity Flip Board est un jeu de strat\u00e9gie int\u00e9ractif dans lequel le chien obtient sa r\u00e9compense en utilisant diff\u00e9rentes techniques pour ouvrir des fentes.<br \/>. Sp\u00e9cialement adapt\u00e9 aux petits chiens.<br \/>. Plateau de jeu avec 2 c\u00f4nes et fentes avec couvercles articul\u00e9s et glissi\u00e8res plastiques.<br \/>. Rebord en caoutchouc anti-d\u00e9rapant.<br \/>. Comprend un livret avec astuces pour un entra\u00eenement optimal.<\/p>\n","protected":false},"excerpt":{"rendered":"<p>MATERIEL Chiens Dog Activity Flip Board est un jeu de strat\u00e9gie int\u00e9ractif dans lequel le chien obtient sa r\u00e9compense en utilisant diff\u00e9rentes techniques pour ouvrir des fentes.. Sp\u00e9cialement adapt\u00e9 aux petits chiens.. Plateau de jeu avec 2 c\u00f4nes et fentes avec couvercles articul\u00e9s et glissi\u00e8res plastiques.. Rebord en caoutchouc anti-d\u00e9rapant.. Comprend un livret avec astuces [&hellip;]<\/p>\n","protected":false},"featured_media":97966,"template":"","meta":[],"product_cat":[12550,2698,12621],"product_tag":[],"class_list":{"0":"post-97967","1":"product","2":"type-product","3":"status-publish","4":"has-post-thumbnail","6":"product_cat-accessoires-du-chien","7":"product_cat-chien","8":"product_cat-jeux-educatifs-pour-chien","9":"pa_marque-trixie","11":"first","12":"instock","13":"taxable","14":"shipping-taxable","15":"purchasable","16":"product-type-simple"},"yoast_head":"<!-- This site is optimized with the Yoast SEO plugin v27.3 - https:\/\/yoast.com\/product\/yoast-seo-wordpress\/ -->\n<title>Trixie Jouet chien \u00e9ducatif Trixie : Flip Board Trixie - V\u00e9torino<\/title>\n<meta name=\"description\" content=\"MATERIELChiensDog Activity Flip Board est un jeu de strat\u00e9gie int\u00e9ractif dans lequel le chien obtient sa r\u00e9compense en utilisant diff\u00e9rentes techniques\" \/>\n<meta name=\"robots\" content=\"noindex, nofollow\" \/>\n<meta property=\"og:locale\" content=\"fr_FR\" \/>\n<meta property=\"og:type\" content=\"article\" \/>\n<meta property=\"og:title\" content=\"Trixie Jouet chien \u00e9ducatif Trixie : Flip Board Trixie - V\u00e9torino\" \/>\n<meta property=\"og:description\" content=\"MATERIELChiensDog Activity Flip Board est un jeu de strat\u00e9gie int\u00e9ractif dans lequel le chien obtient sa r\u00e9compense en utilisant diff\u00e9rentes techniques\" \/>\n<meta property=\"og:url\" content=\"https:\/\/www.vetorino.com\/veterinaire\/confolens-16500\/boutique\/product\/jouet-chien-educatif-flip-board\/\" \/>\n<meta property=\"og:site_name\" content=\"V\u00e9torino\" \/>\n<meta property=\"article:publisher\" content=\"https:\/\/www.facebook.com\/Vetorino\/\" \/>\n<meta property=\"article:modified_time\" content=\"2026-02-02T08:41:25+00:00\" \/>\n<meta property=\"og:image\" content=\"https:\/\/www.vetorino.com\/boutique\/wp-content\/uploads\/2020\/06\/FilsJOU636FormatMediumTypeIM.png\" \/>\n\t<meta property=\"og:image:width\" content=\"400\" \/>\n\t<meta property=\"og:image:height\" content=\"400\" \/>\n\t<meta property=\"og:image:type\" content=\"image\/png\" \/>\n<meta name=\"twitter:card\" content=\"summary_large_image\" \/>\n<meta name=\"twitter:label1\" content=\"Prix\" \/>\n\t<meta name=\"twitter:data1\" content=\"7,91&euro;\" \/>\n\t<meta name=\"twitter:label2\" content=\"Disponibilit\u00e9\" \/>\n\t<meta name=\"twitter:data2\" content=\"En stock\" \/>\n<script type=\"application\/ld+json\" class=\"yoast-schema-graph\">{\"@context\":\"https:\\\/\\\/schema.org\",\"@graph\":[{\"@type\":\"WebPage\",\"@id\":\"https:\\\/\\\/www.vetorino.com\\\/veterinaire\\\/saintgengouxlenational-71460\\\/boutique\\\/product\\\/jouet-chien-educatif-flip-board\\\/\",\"url\":\"https:\\\/\\\/www.vetorino.com\\\/veterinaire\\\/saintgengouxlenational-71460\\\/boutique\\\/product\\\/jouet-chien-educatif-flip-board\\\/\",\"name\":\"Trixie Jouet chien \u00e9ducatif Trixie : Flip Board Trixie - V\u00e9torino\",\"isPartOf\":{\"@id\":\"https:\\\/\\\/www.vetorino.com\\\/boutique\\\/#website\"},\"primaryImageOfPage\":{\"@id\":\"https:\\\/\\\/www.vetorino.com\\\/veterinaire\\\/saintgengouxlenational-71460\\\/boutique\\\/product\\\/jouet-chien-educatif-flip-board\\\/#primaryimage\"},\"image\":{\"@id\":\"https:\\\/\\\/www.vetorino.com\\\/veterinaire\\\/saintgengouxlenational-71460\\\/boutique\\\/product\\\/jouet-chien-educatif-flip-board\\\/#primaryimage\"},\"thumbnailUrl\":\"https:\\\/\\\/www.vetorino.com\\\/boutique\\\/wp-content\\\/uploads\\\/2020\\\/06\\\/FilsJOU636FormatMediumTypeIM.png\",\"datePublished\":\"2020-06-29T20:55:31+00:00\",\"dateModified\":\"2026-02-02T08:41:25+00:00\",\"description\":\"MATERIELChiensDog Activity Flip Board est un jeu de strat\u00e9gie int\u00e9ractif dans lequel le chien obtient sa r\u00e9compense en utilisant diff\u00e9rentes techniques\",\"breadcrumb\":{\"@id\":\"https:\\\/\\\/www.vetorino.com\\\/veterinaire\\\/saintgengouxlenational-71460\\\/boutique\\\/product\\\/jouet-chien-educatif-flip-board\\\/#breadcrumb\"},\"inLanguage\":\"fr-FR\",\"potentialAction\":[{\"@type\":\"ReadAction\",\"target\":[\"https:\\\/\\\/www.vetorino.com\\\/veterinaire\\\/saintgengouxlenational-71460\\\/boutique\\\/product\\\/jouet-chien-educatif-flip-board\\\/\"]}]},{\"@type\":\"ImageObject\",\"inLanguage\":\"fr-FR\",\"@id\":\"https:\\\/\\\/www.vetorino.com\\\/veterinaire\\\/saintgengouxlenational-71460\\\/boutique\\\/product\\\/jouet-chien-educatif-flip-board\\\/#primaryimage\",\"url\":\"https:\\\/\\\/www.vetorino.com\\\/boutique\\\/wp-content\\\/uploads\\\/2020\\\/06\\\/FilsJOU636FormatMediumTypeIM.png\",\"contentUrl\":\"https:\\\/\\\/www.vetorino.com\\\/boutique\\\/wp-content\\\/uploads\\\/2020\\\/06\\\/FilsJOU636FormatMediumTypeIM.png\",\"width\":400,\"height\":400},{\"@type\":\"BreadcrumbList\",\"@id\":\"https:\\\/\\\/www.vetorino.com\\\/veterinaire\\\/saintgengouxlenational-71460\\\/boutique\\\/product\\\/jouet-chien-educatif-flip-board\\\/#breadcrumb\",\"itemListElement\":[{\"@type\":\"ListItem\",\"position\":1,\"name\":\"Accueil\",\"item\":\"https:\\\/\\\/www.vetorino.com\\\/boutique\\\/\"},{\"@type\":\"ListItem\",\"position\":2,\"name\":\"Produits\",\"item\":\"https:\\\/\\\/www.vetorino.com\\\/boutique\\\/\"},{\"@type\":\"ListItem\",\"position\":3,\"name\":\"Jouet chien \u00e9ducatif Trixie : Flip Board\"}]},{\"@type\":\"WebSite\",\"@id\":\"https:\\\/\\\/www.vetorino.com\\\/boutique\\\/#website\",\"url\":\"https:\\\/\\\/www.vetorino.com\\\/boutique\\\/\",\"name\":\"V\u00e9torino\",\"description\":\"\",\"publisher\":{\"@id\":\"https:\\\/\\\/www.vetorino.com\\\/boutique\\\/#organization\"},\"potentialAction\":[{\"@type\":\"SearchAction\",\"target\":{\"@type\":\"EntryPoint\",\"urlTemplate\":\"https:\\\/\\\/www.vetorino.com\\\/boutique\\\/?s={search_term_string}\"},\"query-input\":{\"@type\":\"PropertyValueSpecification\",\"valueRequired\":true,\"valueName\":\"search_term_string\"}}],\"inLanguage\":\"fr-FR\"},{\"@type\":\"Organization\",\"@id\":\"https:\\\/\\\/www.vetorino.com\\\/boutique\\\/#organization\",\"name\":\"V\u00e9torino\",\"url\":\"https:\\\/\\\/www.vetorino.com\\\/boutique\\\/\",\"logo\":{\"@type\":\"ImageObject\",\"inLanguage\":\"fr-FR\",\"@id\":\"https:\\\/\\\/www.vetorino.com\\\/boutique\\\/#\\\/schema\\\/logo\\\/image\\\/\",\"url\":\"https:\\\/\\\/www.vetorino.com\\\/boutique\\\/wp-content\\\/uploads\\\/2024\\\/10\\\/logo.jpg\",\"contentUrl\":\"https:\\\/\\\/www.vetorino.com\\\/boutique\\\/wp-content\\\/uploads\\\/2024\\\/10\\\/logo.jpg\",\"width\":1200,\"height\":610,\"caption\":\"V\u00e9torino\"},\"image\":{\"@id\":\"https:\\\/\\\/www.vetorino.com\\\/boutique\\\/#\\\/schema\\\/logo\\\/image\\\/\"},\"sameAs\":[\"https:\\\/\\\/www.facebook.com\\\/Vetorino\\\/\",\"https:\\\/\\\/www.instagram.com\\\/vetorino_off\\\/\",\"https:\\\/\\\/www.linkedin.com\\\/company\\\/vtorino\\\/\"]}]}<\/script>\n<meta property=\"product:brand\" content=\"Trixie\" \/>\n<meta property=\"product:price:amount\" content=\"7.91\" \/>\n<meta property=\"product:price:currency\" content=\"EUR\" \/>\n<meta property=\"og:availability\" content=\"instock\" \/>\n<meta property=\"product:availability\" content=\"instock\" \/>\n<meta property=\"product:retailer_item_id\" content=\"C-JOU636\" \/>\n<meta property=\"product:condition\" content=\"new\" \/>\n<!-- \/ Yoast SEO plugin. -->","yoast_head_json":{"title":"Trixie Jouet chien \u00e9ducatif Trixie : Flip Board Trixie - V\u00e9torino","description":"MATERIELChiensDog Activity Flip Board est un jeu de strat\u00e9gie int\u00e9ractif dans lequel le chien obtient sa r\u00e9compense en utilisant diff\u00e9rentes techniques","robots":{"index":"noindex","follow":"nofollow"},"og_locale":"fr_FR","og_type":"article","og_title":"Trixie Jouet chien \u00e9ducatif Trixie : Flip Board Trixie - V\u00e9torino","og_description":"MATERIELChiensDog Activity Flip Board est un jeu de strat\u00e9gie int\u00e9ractif dans lequel le chien obtient sa r\u00e9compense en utilisant diff\u00e9rentes techniques","og_url":"https:\/\/www.vetorino.com\/veterinaire\/confolens-16500\/boutique\/product\/jouet-chien-educatif-flip-board\/","og_site_name":"V\u00e9torino","article_publisher":"https:\/\/www.facebook.com\/Vetorino\/","article_modified_time":"2026-02-02T08:41:25+00:00","og_image":[{"width":400,"height":400,"url":"https:\/\/www.vetorino.com\/boutique\/wp-content\/uploads\/2020\/06\/FilsJOU636FormatMediumTypeIM.png","type":"image\/png"}],"twitter_card":"summary_large_image","twitter_misc":{"Prix":"7,91&euro;","Disponibilit\u00e9":"En stock"},"schema":{"@context":"https:\/\/schema.org","@graph":[{"@type":"WebPage","@id":"https:\/\/www.vetorino.com\/veterinaire\/saintgengouxlenational-71460\/boutique\/product\/jouet-chien-educatif-flip-board\/","url":"https:\/\/www.vetorino.com\/veterinaire\/saintgengouxlenational-71460\/boutique\/product\/jouet-chien-educatif-flip-board\/","name":"Trixie Jouet chien \u00e9ducatif Trixie : Flip Board Trixie - V\u00e9torino","isPartOf":{"@id":"https:\/\/www.vetorino.com\/boutique\/#website"},"primaryImageOfPage":{"@id":"https:\/\/www.vetorino.com\/veterinaire\/saintgengouxlenational-71460\/boutique\/product\/jouet-chien-educatif-flip-board\/#primaryimage"},"image":{"@id":"https:\/\/www.vetorino.com\/veterinaire\/saintgengouxlenational-71460\/boutique\/product\/jouet-chien-educatif-flip-board\/#primaryimage"},"thumbnailUrl":"https:\/\/www.vetorino.com\/boutique\/wp-content\/uploads\/2020\/06\/FilsJOU636FormatMediumTypeIM.png","datePublished":"2020-06-29T20:55:31+00:00","dateModified":"2026-02-02T08:41:25+00:00","description":"MATERIELChiensDog Activity Flip Board est un jeu de strat\u00e9gie int\u00e9ractif dans lequel le chien obtient sa r\u00e9compense en utilisant diff\u00e9rentes techniques","breadcrumb":{"@id":"https:\/\/www.vetorino.com\/veterinaire\/saintgengouxlenational-71460\/boutique\/product\/jouet-chien-educatif-flip-board\/#breadcrumb"},"inLanguage":"fr-FR","potentialAction":[{"@type":"ReadAction","target":["https:\/\/www.vetorino.com\/veterinaire\/saintgengouxlenational-71460\/boutique\/product\/jouet-chien-educatif-flip-board\/"]}]},{"@type":"ImageObject","inLanguage":"fr-FR","@id":"https:\/\/www.vetorino.com\/veterinaire\/saintgengouxlenational-71460\/boutique\/product\/jouet-chien-educatif-flip-board\/#primaryimage","url":"https:\/\/www.vetorino.com\/boutique\/wp-content\/uploads\/2020\/06\/FilsJOU636FormatMediumTypeIM.png","contentUrl":"https:\/\/www.vetorino.com\/boutique\/wp-content\/uploads\/2020\/06\/FilsJOU636FormatMediumTypeIM.png","width":400,"height":400},{"@type":"BreadcrumbList","@id":"https:\/\/www.vetorino.com\/veterinaire\/saintgengouxlenational-71460\/boutique\/product\/jouet-chien-educatif-flip-board\/#breadcrumb","itemListElement":[{"@type":"ListItem","position":1,"name":"Accueil","item":"https:\/\/www.vetorino.com\/boutique\/"},{"@type":"ListItem","position":2,"name":"Produits","item":"https:\/\/www.vetorino.com\/boutique\/"},{"@type":"ListItem","position":3,"name":"Jouet chien \u00e9ducatif Trixie : Flip Board"}]},{"@type":"WebSite","@id":"https:\/\/www.vetorino.com\/boutique\/#website","url":"https:\/\/www.vetorino.com\/boutique\/","name":"V\u00e9torino","description":"","publisher":{"@id":"https:\/\/www.vetorino.com\/boutique\/#organization"},"potentialAction":[{"@type":"SearchAction","target":{"@type":"EntryPoint","urlTemplate":"https:\/\/www.vetorino.com\/boutique\/?s={search_term_string}"},"query-input":{"@type":"PropertyValueSpecification","valueRequired":true,"valueName":"search_term_string"}}],"inLanguage":"fr-FR"},{"@type":"Organization","@id":"https:\/\/www.vetorino.com\/boutique\/#organization","name":"V\u00e9torino","url":"https:\/\/www.vetorino.com\/boutique\/","logo":{"@type":"ImageObject","inLanguage":"fr-FR","@id":"https:\/\/www.vetorino.com\/boutique\/#\/schema\/logo\/image\/","url":"https:\/\/www.vetorino.com\/boutique\/wp-content\/uploads\/2024\/10\/logo.jpg","contentUrl":"https:\/\/www.vetorino.com\/boutique\/wp-content\/uploads\/2024\/10\/logo.jpg","width":1200,"height":610,"caption":"V\u00e9torino"},"image":{"@id":"https:\/\/www.vetorino.com\/boutique\/#\/schema\/logo\/image\/"},"sameAs":["https:\/\/www.facebook.com\/Vetorino\/","https:\/\/www.instagram.com\/vetorino_off\/","https:\/\/www.linkedin.com\/company\/vtorino\/"]}]},"product_brand":"Trixie","product_price_amount":"7.91","product_price_currency":"EUR","og_availability":"instock","product_availability":"instock","product_retailer_item_id":"C-JOU636","product_condition":"new"},"_links":{"self":[{"href":"https:\/\/www.vetorino.com\/veterinaire\/confolens-16500\/boutique\/wp-json\/wp\/v2\/product\/97967","targetHints":{"allow":["GET"]}}],"collection":[{"href":"https:\/\/www.vetorino.com\/veterinaire\/confolens-16500\/boutique\/wp-json\/wp\/v2\/product"}],"about":[{"href":"https:\/\/www.vetorino.com\/veterinaire\/confolens-16500\/boutique\/wp-json\/wp\/v2\/types\/product"}],"wp:featuredmedia":[{"embeddable":true,"href":"https:\/\/www.vetorino.com\/veterinaire\/confolens-16500\/boutique\/wp-json\/wp\/v2\/media\/97966"}],"wp:attachment":[{"href":"https:\/\/www.vetorino.com\/veterinaire\/confolens-16500\/boutique\/wp-json\/wp\/v2\/media?parent=97967"}],"wp:term":[{"taxonomy":"product_cat","embeddable":true,"href":"https:\/\/www.vetorino.com\/veterinaire\/confolens-16500\/boutique\/wp-json\/wp\/v2\/product_cat?post=97967"},{"taxonomy":"product_tag","embeddable":true,"href":"https:\/\/www.vetorino.com\/veterinaire\/confolens-16500\/boutique\/wp-json\/wp\/v2\/product_tag?post=97967"}],"curies":[{"name":"wp","href":"https:\/\/api.w.org\/{rel}","templated":true}]}}