{"id":98102,"date":"2020-06-29T22:58:55","date_gmt":"2020-06-29T20:58:55","guid":{"rendered":"https:\/\/www.vetorino.com\/boutique\/product\/jouet-chien-zolux-lola-elephant\/"},"modified":"2023-05-31T16:01:53","modified_gmt":"2023-05-31T14:01:53","slug":"jouet-chien-zolux-lola-elephant","status":"publish","type":"product","link":"https:\/\/www.vetorino.com\/veterinaire\/confolens-16500\/boutique\/product\/jouet-chien-zolux-lola-elephant\/","title":{"rendered":"Jouet chien Zolux : Lola El\u00e9phant"},"content":{"rendered":"<p>Tendrement amusante !<br \/>\nCette peluche apportera des moments d\u2019amusement et de tendresse \u00e0 votre animal.<br \/>\nSonore, color\u00e9e et m\u00e9langeant diff\u00e9rentes mati\u00e8res, elle favorise la d\u00e9couverte et l&#8217;\u00e9veil du chiot.<\/p>\n","protected":false},"excerpt":{"rendered":"<p>Ce\u00a0<strong>doudou pour chiot<\/strong>\u00a0est fabriqu\u00e9 \u00e0 partir de mat\u00e9riaux robustes et ultra doux. Il apportera \u00e0 votre animal de la tendresse au quotidien. Cette peluche \u00e0 effet sonore se pr\u00e9sente comme la meilleure solution pour \u00e9viter l\u2019ennui \u00e0 votre chiot durant vos absences. C\u00f4t\u00e9 design, le jouet est favoris\u00e9 par son m\u00e9lange de couleur gris et rose \u00e0 la fois plaisant et convivial.<\/p>\n","protected":false},"featured_media":625435,"template":"","meta":[],"product_cat":[12550,2698,12621],"product_tag":[],"class_list":{"0":"post-98102","1":"product","2":"type-product","3":"status-publish","4":"has-post-thumbnail","6":"product_cat-accessoires-du-chien","7":"product_cat-chien","8":"product_cat-jeux-educatifs-pour-chien","9":"pa_marque-zolux","11":"first","12":"outofstock","13":"taxable","14":"shipping-taxable","15":"purchasable","16":"product-type-simple"},"yoast_head":"<!-- This site is optimized with the Yoast SEO plugin v27.3 - https:\/\/yoast.com\/product\/yoast-seo-wordpress\/ -->\n<title>Jouet chien Zolux : Lola El\u00e9phant Zolux - V\u00e9torino<\/title>\n<meta name=\"description\" content=\"Ce\u00a0doudou pour chiot\u00a0est fabriqu\u00e9 \u00e0 partir de mat\u00e9riaux robustes et ultra doux. Il apportera \u00e0 votre animal de la tendresse au quotidien. Cette peluche \u00e0 effet sonore se pr\u00e9sente comme la meilleure solution pour \u00e9viter l\u2019ennui \u00e0 votre chiot durant vos absences. C\u00f4t\u00e9 design, le jouet est favoris\u00e9 par son m\u00e9lange de couleur gris et rose \u00e0 la fois plaisant et convivial.\" \/>\n<meta name=\"robots\" content=\"noindex, nofollow\" \/>\n<meta property=\"og:locale\" content=\"fr_FR\" \/>\n<meta property=\"og:type\" content=\"article\" \/>\n<meta property=\"og:title\" content=\"Jouet chien Zolux : Lola El\u00e9phant Zolux - V\u00e9torino\" \/>\n<meta property=\"og:description\" content=\"Ce\u00a0doudou pour chiot\u00a0est fabriqu\u00e9 \u00e0 partir de mat\u00e9riaux robustes et ultra doux. Il apportera \u00e0 votre animal de la tendresse au quotidien. Cette peluche \u00e0 effet sonore se pr\u00e9sente comme la meilleure solution pour \u00e9viter l\u2019ennui \u00e0 votre chiot durant vos absences. C\u00f4t\u00e9 design, le jouet est favoris\u00e9 par son m\u00e9lange de couleur gris et rose \u00e0 la fois plaisant et convivial.\" \/>\n<meta property=\"og:url\" content=\"https:\/\/www.vetorino.com\/veterinaire\/confolens-16500\/boutique\/product\/jouet-chien-zolux-lola-elephant\/\" \/>\n<meta property=\"og:site_name\" content=\"V\u00e9torino\" \/>\n<meta property=\"article:publisher\" content=\"https:\/\/www.facebook.com\/Vetorino\/\" \/>\n<meta property=\"article:modified_time\" content=\"2023-05-31T14:01:53+00:00\" \/>\n<meta property=\"og:image\" content=\"https:\/\/www.vetorino.com\/boutique\/wp-content\/uploads\/2020\/06\/78c56b2d0a7b432c9187644fdc3ffe87-image.jpg\" \/>\n\t<meta property=\"og:image:width\" content=\"540\" \/>\n\t<meta property=\"og:image:height\" content=\"540\" \/>\n\t<meta property=\"og:image:type\" content=\"image\/jpeg\" \/>\n<meta name=\"twitter:card\" content=\"summary_large_image\" \/>\n<meta name=\"twitter:label1\" content=\"Prix\" \/>\n\t<meta name=\"twitter:data1\" content=\"5,81&euro;\" \/>\n\t<meta name=\"twitter:label2\" content=\"Disponibilit\u00e9\" \/>\n\t<meta name=\"twitter:data2\" content=\"Rupture de stock\" \/>\n<script type=\"application\/ld+json\" class=\"yoast-schema-graph\">{\"@context\":\"https:\\\/\\\/schema.org\",\"@graph\":[{\"@type\":\"WebPage\",\"@id\":\"https:\\\/\\\/www.vetorino.com\\\/veterinaire\\\/leperreuxsurmarne-94170\\\/boutique\\\/product\\\/jouet-chien-zolux-lola-elephant\\\/\",\"url\":\"https:\\\/\\\/www.vetorino.com\\\/veterinaire\\\/leperreuxsurmarne-94170\\\/boutique\\\/product\\\/jouet-chien-zolux-lola-elephant\\\/\",\"name\":\"Jouet chien Zolux : Lola El\u00e9phant Zolux - V\u00e9torino\",\"isPartOf\":{\"@id\":\"https:\\\/\\\/www.vetorino.com\\\/boutique\\\/#website\"},\"primaryImageOfPage\":{\"@id\":\"https:\\\/\\\/www.vetorino.com\\\/veterinaire\\\/leperreuxsurmarne-94170\\\/boutique\\\/product\\\/jouet-chien-zolux-lola-elephant\\\/#primaryimage\"},\"image\":{\"@id\":\"https:\\\/\\\/www.vetorino.com\\\/veterinaire\\\/leperreuxsurmarne-94170\\\/boutique\\\/product\\\/jouet-chien-zolux-lola-elephant\\\/#primaryimage\"},\"thumbnailUrl\":\"https:\\\/\\\/www.vetorino.com\\\/boutique\\\/wp-content\\\/uploads\\\/2020\\\/06\\\/78c56b2d0a7b432c9187644fdc3ffe87-image.jpg\",\"datePublished\":\"2020-06-29T20:58:55+00:00\",\"dateModified\":\"2023-05-31T14:01:53+00:00\",\"description\":\"Ce\u00a0doudou pour chiot\u00a0est fabriqu\u00e9 \u00e0 partir de mat\u00e9riaux robustes et ultra doux. Il apportera \u00e0 votre animal de la tendresse au quotidien. Cette peluche \u00e0 effet sonore se pr\u00e9sente comme la meilleure solution pour \u00e9viter l\u2019ennui \u00e0 votre chiot durant vos absences. C\u00f4t\u00e9 design, le jouet est favoris\u00e9 par son m\u00e9lange de couleur gris et rose \u00e0 la fois plaisant et convivial.\",\"breadcrumb\":{\"@id\":\"https:\\\/\\\/www.vetorino.com\\\/veterinaire\\\/leperreuxsurmarne-94170\\\/boutique\\\/product\\\/jouet-chien-zolux-lola-elephant\\\/#breadcrumb\"},\"inLanguage\":\"fr-FR\",\"potentialAction\":[{\"@type\":\"ReadAction\",\"target\":[\"https:\\\/\\\/www.vetorino.com\\\/veterinaire\\\/leperreuxsurmarne-94170\\\/boutique\\\/product\\\/jouet-chien-zolux-lola-elephant\\\/\"]}]},{\"@type\":\"ImageObject\",\"inLanguage\":\"fr-FR\",\"@id\":\"https:\\\/\\\/www.vetorino.com\\\/veterinaire\\\/leperreuxsurmarne-94170\\\/boutique\\\/product\\\/jouet-chien-zolux-lola-elephant\\\/#primaryimage\",\"url\":\"https:\\\/\\\/www.vetorino.com\\\/boutique\\\/wp-content\\\/uploads\\\/2020\\\/06\\\/78c56b2d0a7b432c9187644fdc3ffe87-image.jpg\",\"contentUrl\":\"https:\\\/\\\/www.vetorino.com\\\/boutique\\\/wp-content\\\/uploads\\\/2020\\\/06\\\/78c56b2d0a7b432c9187644fdc3ffe87-image.jpg\",\"width\":540,\"height\":540},{\"@type\":\"BreadcrumbList\",\"@id\":\"https:\\\/\\\/www.vetorino.com\\\/veterinaire\\\/leperreuxsurmarne-94170\\\/boutique\\\/product\\\/jouet-chien-zolux-lola-elephant\\\/#breadcrumb\",\"itemListElement\":[{\"@type\":\"ListItem\",\"position\":1,\"name\":\"Accueil\",\"item\":\"https:\\\/\\\/www.vetorino.com\\\/boutique\\\/\"},{\"@type\":\"ListItem\",\"position\":2,\"name\":\"Produits\",\"item\":\"https:\\\/\\\/www.vetorino.com\\\/boutique\\\/\"},{\"@type\":\"ListItem\",\"position\":3,\"name\":\"Jouet chien Zolux : Lola El\u00e9phant\"}]},{\"@type\":\"WebSite\",\"@id\":\"https:\\\/\\\/www.vetorino.com\\\/boutique\\\/#website\",\"url\":\"https:\\\/\\\/www.vetorino.com\\\/boutique\\\/\",\"name\":\"V\u00e9torino\",\"description\":\"\",\"publisher\":{\"@id\":\"https:\\\/\\\/www.vetorino.com\\\/boutique\\\/#organization\"},\"potentialAction\":[{\"@type\":\"SearchAction\",\"target\":{\"@type\":\"EntryPoint\",\"urlTemplate\":\"https:\\\/\\\/www.vetorino.com\\\/boutique\\\/?s={search_term_string}\"},\"query-input\":{\"@type\":\"PropertyValueSpecification\",\"valueRequired\":true,\"valueName\":\"search_term_string\"}}],\"inLanguage\":\"fr-FR\"},{\"@type\":\"Organization\",\"@id\":\"https:\\\/\\\/www.vetorino.com\\\/boutique\\\/#organization\",\"name\":\"V\u00e9torino\",\"url\":\"https:\\\/\\\/www.vetorino.com\\\/boutique\\\/\",\"logo\":{\"@type\":\"ImageObject\",\"inLanguage\":\"fr-FR\",\"@id\":\"https:\\\/\\\/www.vetorino.com\\\/boutique\\\/#\\\/schema\\\/logo\\\/image\\\/\",\"url\":\"https:\\\/\\\/www.vetorino.com\\\/boutique\\\/wp-content\\\/uploads\\\/2024\\\/10\\\/logo.jpg\",\"contentUrl\":\"https:\\\/\\\/www.vetorino.com\\\/boutique\\\/wp-content\\\/uploads\\\/2024\\\/10\\\/logo.jpg\",\"width\":1200,\"height\":610,\"caption\":\"V\u00e9torino\"},\"image\":{\"@id\":\"https:\\\/\\\/www.vetorino.com\\\/boutique\\\/#\\\/schema\\\/logo\\\/image\\\/\"},\"sameAs\":[\"https:\\\/\\\/www.facebook.com\\\/Vetorino\\\/\",\"https:\\\/\\\/www.instagram.com\\\/vetorino_off\\\/\",\"https:\\\/\\\/www.linkedin.com\\\/company\\\/vtorino\\\/\"]}]}<\/script>\n<meta property=\"product:brand\" content=\"Zolux\" \/>\n<meta property=\"product:price:amount\" content=\"5.81\" \/>\n<meta property=\"product:price:currency\" content=\"EUR\" \/>\n<meta property=\"og:availability\" content=\"out of stock\" \/>\n<meta property=\"product:availability\" content=\"out of stock\" \/>\n<meta property=\"product:retailer_item_id\" content=\"C-JOU857\" \/>\n<meta property=\"product:condition\" content=\"new\" \/>\n<!-- \/ Yoast SEO plugin. -->","yoast_head_json":{"title":"Jouet chien Zolux : Lola El\u00e9phant Zolux - V\u00e9torino","description":"Ce\u00a0doudou pour chiot\u00a0est fabriqu\u00e9 \u00e0 partir de mat\u00e9riaux robustes et ultra doux. Il apportera \u00e0 votre animal de la tendresse au quotidien. Cette peluche \u00e0 effet sonore se pr\u00e9sente comme la meilleure solution pour \u00e9viter l\u2019ennui \u00e0 votre chiot durant vos absences. C\u00f4t\u00e9 design, le jouet est favoris\u00e9 par son m\u00e9lange de couleur gris et rose \u00e0 la fois plaisant et convivial.","robots":{"index":"noindex","follow":"nofollow"},"og_locale":"fr_FR","og_type":"article","og_title":"Jouet chien Zolux : Lola El\u00e9phant Zolux - V\u00e9torino","og_description":"Ce\u00a0doudou pour chiot\u00a0est fabriqu\u00e9 \u00e0 partir de mat\u00e9riaux robustes et ultra doux. Il apportera \u00e0 votre animal de la tendresse au quotidien. Cette peluche \u00e0 effet sonore se pr\u00e9sente comme la meilleure solution pour \u00e9viter l\u2019ennui \u00e0 votre chiot durant vos absences. C\u00f4t\u00e9 design, le jouet est favoris\u00e9 par son m\u00e9lange de couleur gris et rose \u00e0 la fois plaisant et convivial.","og_url":"https:\/\/www.vetorino.com\/veterinaire\/confolens-16500\/boutique\/product\/jouet-chien-zolux-lola-elephant\/","og_site_name":"V\u00e9torino","article_publisher":"https:\/\/www.facebook.com\/Vetorino\/","article_modified_time":"2023-05-31T14:01:53+00:00","og_image":[{"width":540,"height":540,"url":"https:\/\/www.vetorino.com\/boutique\/wp-content\/uploads\/2020\/06\/78c56b2d0a7b432c9187644fdc3ffe87-image.jpg","type":"image\/jpeg"}],"twitter_card":"summary_large_image","twitter_misc":{"Prix":"5,81&euro;","Disponibilit\u00e9":"Rupture de stock"},"schema":{"@context":"https:\/\/schema.org","@graph":[{"@type":"WebPage","@id":"https:\/\/www.vetorino.com\/veterinaire\/leperreuxsurmarne-94170\/boutique\/product\/jouet-chien-zolux-lola-elephant\/","url":"https:\/\/www.vetorino.com\/veterinaire\/leperreuxsurmarne-94170\/boutique\/product\/jouet-chien-zolux-lola-elephant\/","name":"Jouet chien Zolux : Lola El\u00e9phant Zolux - V\u00e9torino","isPartOf":{"@id":"https:\/\/www.vetorino.com\/boutique\/#website"},"primaryImageOfPage":{"@id":"https:\/\/www.vetorino.com\/veterinaire\/leperreuxsurmarne-94170\/boutique\/product\/jouet-chien-zolux-lola-elephant\/#primaryimage"},"image":{"@id":"https:\/\/www.vetorino.com\/veterinaire\/leperreuxsurmarne-94170\/boutique\/product\/jouet-chien-zolux-lola-elephant\/#primaryimage"},"thumbnailUrl":"https:\/\/www.vetorino.com\/boutique\/wp-content\/uploads\/2020\/06\/78c56b2d0a7b432c9187644fdc3ffe87-image.jpg","datePublished":"2020-06-29T20:58:55+00:00","dateModified":"2023-05-31T14:01:53+00:00","description":"Ce\u00a0doudou pour chiot\u00a0est fabriqu\u00e9 \u00e0 partir de mat\u00e9riaux robustes et ultra doux. Il apportera \u00e0 votre animal de la tendresse au quotidien. Cette peluche \u00e0 effet sonore se pr\u00e9sente comme la meilleure solution pour \u00e9viter l\u2019ennui \u00e0 votre chiot durant vos absences. C\u00f4t\u00e9 design, le jouet est favoris\u00e9 par son m\u00e9lange de couleur gris et rose \u00e0 la fois plaisant et convivial.","breadcrumb":{"@id":"https:\/\/www.vetorino.com\/veterinaire\/leperreuxsurmarne-94170\/boutique\/product\/jouet-chien-zolux-lola-elephant\/#breadcrumb"},"inLanguage":"fr-FR","potentialAction":[{"@type":"ReadAction","target":["https:\/\/www.vetorino.com\/veterinaire\/leperreuxsurmarne-94170\/boutique\/product\/jouet-chien-zolux-lola-elephant\/"]}]},{"@type":"ImageObject","inLanguage":"fr-FR","@id":"https:\/\/www.vetorino.com\/veterinaire\/leperreuxsurmarne-94170\/boutique\/product\/jouet-chien-zolux-lola-elephant\/#primaryimage","url":"https:\/\/www.vetorino.com\/boutique\/wp-content\/uploads\/2020\/06\/78c56b2d0a7b432c9187644fdc3ffe87-image.jpg","contentUrl":"https:\/\/www.vetorino.com\/boutique\/wp-content\/uploads\/2020\/06\/78c56b2d0a7b432c9187644fdc3ffe87-image.jpg","width":540,"height":540},{"@type":"BreadcrumbList","@id":"https:\/\/www.vetorino.com\/veterinaire\/leperreuxsurmarne-94170\/boutique\/product\/jouet-chien-zolux-lola-elephant\/#breadcrumb","itemListElement":[{"@type":"ListItem","position":1,"name":"Accueil","item":"https:\/\/www.vetorino.com\/boutique\/"},{"@type":"ListItem","position":2,"name":"Produits","item":"https:\/\/www.vetorino.com\/boutique\/"},{"@type":"ListItem","position":3,"name":"Jouet chien Zolux : Lola El\u00e9phant"}]},{"@type":"WebSite","@id":"https:\/\/www.vetorino.com\/boutique\/#website","url":"https:\/\/www.vetorino.com\/boutique\/","name":"V\u00e9torino","description":"","publisher":{"@id":"https:\/\/www.vetorino.com\/boutique\/#organization"},"potentialAction":[{"@type":"SearchAction","target":{"@type":"EntryPoint","urlTemplate":"https:\/\/www.vetorino.com\/boutique\/?s={search_term_string}"},"query-input":{"@type":"PropertyValueSpecification","valueRequired":true,"valueName":"search_term_string"}}],"inLanguage":"fr-FR"},{"@type":"Organization","@id":"https:\/\/www.vetorino.com\/boutique\/#organization","name":"V\u00e9torino","url":"https:\/\/www.vetorino.com\/boutique\/","logo":{"@type":"ImageObject","inLanguage":"fr-FR","@id":"https:\/\/www.vetorino.com\/boutique\/#\/schema\/logo\/image\/","url":"https:\/\/www.vetorino.com\/boutique\/wp-content\/uploads\/2024\/10\/logo.jpg","contentUrl":"https:\/\/www.vetorino.com\/boutique\/wp-content\/uploads\/2024\/10\/logo.jpg","width":1200,"height":610,"caption":"V\u00e9torino"},"image":{"@id":"https:\/\/www.vetorino.com\/boutique\/#\/schema\/logo\/image\/"},"sameAs":["https:\/\/www.facebook.com\/Vetorino\/","https:\/\/www.instagram.com\/vetorino_off\/","https:\/\/www.linkedin.com\/company\/vtorino\/"]}]},"product_brand":"Zolux","product_price_amount":"5.81","product_price_currency":"EUR","og_availability":"out of stock","product_availability":"out of stock","product_retailer_item_id":"C-JOU857","product_condition":"new"},"_links":{"self":[{"href":"https:\/\/www.vetorino.com\/veterinaire\/confolens-16500\/boutique\/wp-json\/wp\/v2\/product\/98102","targetHints":{"allow":["GET"]}}],"collection":[{"href":"https:\/\/www.vetorino.com\/veterinaire\/confolens-16500\/boutique\/wp-json\/wp\/v2\/product"}],"about":[{"href":"https:\/\/www.vetorino.com\/veterinaire\/confolens-16500\/boutique\/wp-json\/wp\/v2\/types\/product"}],"wp:featuredmedia":[{"embeddable":true,"href":"https:\/\/www.vetorino.com\/veterinaire\/confolens-16500\/boutique\/wp-json\/wp\/v2\/media\/625435"}],"wp:attachment":[{"href":"https:\/\/www.vetorino.com\/veterinaire\/confolens-16500\/boutique\/wp-json\/wp\/v2\/media?parent=98102"}],"wp:term":[{"taxonomy":"product_cat","embeddable":true,"href":"https:\/\/www.vetorino.com\/veterinaire\/confolens-16500\/boutique\/wp-json\/wp\/v2\/product_cat?post=98102"},{"taxonomy":"product_tag","embeddable":true,"href":"https:\/\/www.vetorino.com\/veterinaire\/confolens-16500\/boutique\/wp-json\/wp\/v2\/product_tag?post=98102"}],"curies":[{"name":"wp","href":"https:\/\/api.w.org\/{rel}","templated":true}]}}