{"id":98219,"date":"2020-06-30T00:45:59","date_gmt":"2020-06-29T22:45:59","guid":{"rendered":"https:\/\/www.vetorino.com\/boutique\/product\/jouet-chien-zolux-puppy-doudou-ours\/"},"modified":"2023-05-24T15:46:30","modified_gmt":"2023-05-24T13:46:30","slug":"jouet-chien-zolux-puppy-doudou-ours","status":"publish","type":"product","link":"https:\/\/www.vetorino.com\/veterinaire\/confolens-16500\/boutique\/product\/jouet-chien-zolux-puppy-doudou-ours\/","title":{"rendered":"Jouet chien Zolux : Puppy Doudou Ours"},"content":{"rendered":"<p>Cet irr\u00e9sistible jouet sonore de petite taille est parfaitement adapt\u00e9 aux chiots ou chiens de tr\u00e8s petite taille.<\/p>\n<ul>\n<li>B\u00e9n\u00e9ficiant de la certification CE, il s\u00e9duit gr\u00e2ce \u00e0 ses tons pastels, ses mati\u00e8res douces et son adorable t\u00eate d\u2019ourson.<\/li>\n<\/ul>\n","protected":false},"excerpt":{"rendered":"<p>Cet irr\u00e9sistible jouet peluche de petite taille est parfaitement adapt\u00e9 aux chiots ou chiens de tr\u00e8s petite taille. B\u00e9n\u00e9ficiant de la certification CE, il s\u00e9duit gr\u00e2ce \u00e0 ses tons pastels, sa mati\u00e8re ultra douce et son adorable t\u00eate d&#8217;ourson gris.<\/p>\n<p><strong>Caract\u00e9ristiques du Jouet pour chiot, Peluche et doudou Ourson, sonore, Gris :\u00a0<\/strong><br \/>\n&#8211;\u00a0Jouet sonore.<br \/>\n&#8211;\u00a0Dimensions : L 14,5 x p 3 x h 18 cm<br \/>\n&#8211; Certification CE<br \/>\n&#8211; Mati\u00e8re ultra douce<br \/>\n&#8211; Le doudou id\u00e9al pour votre chiot ou votre chien de petite taille<\/p>\n","protected":false},"featured_media":620939,"template":"","meta":[],"product_cat":[12550,2698,12621],"product_tag":[],"class_list":{"0":"post-98219","1":"product","2":"type-product","3":"status-publish","4":"has-post-thumbnail","6":"product_cat-accessoires-du-chien","7":"product_cat-chien","8":"product_cat-jeux-educatifs-pour-chien","9":"pa_marque-zolux","11":"first","12":"outofstock","13":"taxable","14":"shipping-taxable","15":"purchasable","16":"product-type-simple"},"yoast_head":"<!-- This site is optimized with the Yoast SEO plugin v27.3 - https:\/\/yoast.com\/product\/yoast-seo-wordpress\/ -->\n<title>Jouet chien Zolux : Puppy Doudou Ours Zolux - V\u00e9torino<\/title>\n<meta name=\"description\" content=\"Cet irr\u00e9sistible jouet peluche de petite taille est parfaitement adapt\u00e9 aux chiots ou chiens de tr\u00e8s petite taille. B\u00e9n\u00e9ficiant de la certification CE, il s\u00e9duit gr\u00e2ce \u00e0 ses tons pastels, sa mati\u00e8re ultra douce et son adorable t\u00eate d&#039;ourson gris.  Caract\u00e9ristiques du Jouet pour chiot, Peluche et doudou Ourson, sonore, Gris :\u00a0 -\u00a0Jouet sonore. -\u00a0Dimensions : L 14,5 x p 3 x h 18 cm - Certification CE - Mati\u00e8re ultra douce - Le doudou id\u00e9al pour votre chiot ou votre chien de petite taille\" \/>\n<meta name=\"robots\" content=\"noindex, nofollow\" \/>\n<meta property=\"og:locale\" content=\"fr_FR\" \/>\n<meta property=\"og:type\" content=\"article\" \/>\n<meta property=\"og:title\" content=\"Jouet chien Zolux : Puppy Doudou Ours Zolux - V\u00e9torino\" \/>\n<meta property=\"og:description\" content=\"Cet irr\u00e9sistible jouet peluche de petite taille est parfaitement adapt\u00e9 aux chiots ou chiens de tr\u00e8s petite taille. B\u00e9n\u00e9ficiant de la certification CE, il s\u00e9duit gr\u00e2ce \u00e0 ses tons pastels, sa mati\u00e8re ultra douce et son adorable t\u00eate d&#039;ourson gris.  Caract\u00e9ristiques du Jouet pour chiot, Peluche et doudou Ourson, sonore, Gris :\u00a0 -\u00a0Jouet sonore. -\u00a0Dimensions : L 14,5 x p 3 x h 18 cm - Certification CE - Mati\u00e8re ultra douce - Le doudou id\u00e9al pour votre chiot ou votre chien de petite taille\" \/>\n<meta property=\"og:url\" content=\"https:\/\/www.vetorino.com\/veterinaire\/confolens-16500\/boutique\/product\/jouet-chien-zolux-puppy-doudou-ours\/\" \/>\n<meta property=\"og:site_name\" content=\"V\u00e9torino\" \/>\n<meta property=\"article:publisher\" content=\"https:\/\/www.facebook.com\/Vetorino\/\" \/>\n<meta property=\"article:modified_time\" content=\"2023-05-24T13:46:30+00:00\" \/>\n<meta property=\"og:image\" content=\"https:\/\/www.vetorino.com\/boutique\/wp-content\/uploads\/2020\/06\/lm_9782ab56412b1163ee131e1246da0955bd11541429945.jpg\" \/>\n\t<meta property=\"og:image:width\" content=\"656\" \/>\n\t<meta property=\"og:image:height\" content=\"800\" \/>\n\t<meta property=\"og:image:type\" content=\"image\/jpeg\" \/>\n<meta name=\"twitter:card\" content=\"summary_large_image\" \/>\n<meta name=\"twitter:label1\" content=\"Prix\" \/>\n\t<meta name=\"twitter:data1\" content=\"6,20&euro;\" \/>\n\t<meta name=\"twitter:label2\" content=\"Disponibilit\u00e9\" \/>\n\t<meta name=\"twitter:data2\" content=\"Rupture de stock\" \/>\n<script type=\"application\/ld+json\" class=\"yoast-schema-graph\">{\"@context\":\"https:\\\/\\\/schema.org\",\"@graph\":[{\"@type\":\"WebPage\",\"@id\":\"https:\\\/\\\/www.vetorino.com\\\/boutique\\\/product\\\/jouet-chien-zolux-puppy-doudou-ours\\\/\",\"url\":\"https:\\\/\\\/www.vetorino.com\\\/boutique\\\/product\\\/jouet-chien-zolux-puppy-doudou-ours\\\/\",\"name\":\"Jouet chien Zolux : Puppy Doudou Ours Zolux - V\u00e9torino\",\"isPartOf\":{\"@id\":\"https:\\\/\\\/www.vetorino.com\\\/boutique\\\/#website\"},\"primaryImageOfPage\":{\"@id\":\"https:\\\/\\\/www.vetorino.com\\\/boutique\\\/product\\\/jouet-chien-zolux-puppy-doudou-ours\\\/#primaryimage\"},\"image\":{\"@id\":\"https:\\\/\\\/www.vetorino.com\\\/boutique\\\/product\\\/jouet-chien-zolux-puppy-doudou-ours\\\/#primaryimage\"},\"thumbnailUrl\":\"https:\\\/\\\/www.vetorino.com\\\/boutique\\\/wp-content\\\/uploads\\\/2020\\\/06\\\/lm_9782ab56412b1163ee131e1246da0955bd11541429945.jpg\",\"datePublished\":\"2020-06-29T22:45:59+00:00\",\"dateModified\":\"2023-05-24T13:46:30+00:00\",\"description\":\"Cet irr\u00e9sistible jouet peluche de petite taille est parfaitement adapt\u00e9 aux chiots ou chiens de tr\u00e8s petite taille. B\u00e9n\u00e9ficiant de la certification CE, il s\u00e9duit gr\u00e2ce \u00e0 ses tons pastels, sa mati\u00e8re ultra douce et son adorable t\u00eate d'ourson gris. Caract\u00e9ristiques du Jouet pour chiot, Peluche et doudou Ourson, sonore, Gris :\u00a0 -\u00a0Jouet sonore. -\u00a0Dimensions : L 14,5 x p 3 x h 18 cm - Certification CE - Mati\u00e8re ultra douce - Le doudou id\u00e9al pour votre chiot ou votre chien de petite taille\",\"breadcrumb\":{\"@id\":\"https:\\\/\\\/www.vetorino.com\\\/boutique\\\/product\\\/jouet-chien-zolux-puppy-doudou-ours\\\/#breadcrumb\"},\"inLanguage\":\"fr-FR\",\"potentialAction\":[{\"@type\":\"ReadAction\",\"target\":[\"https:\\\/\\\/www.vetorino.com\\\/boutique\\\/product\\\/jouet-chien-zolux-puppy-doudou-ours\\\/\"]}]},{\"@type\":\"ImageObject\",\"inLanguage\":\"fr-FR\",\"@id\":\"https:\\\/\\\/www.vetorino.com\\\/boutique\\\/product\\\/jouet-chien-zolux-puppy-doudou-ours\\\/#primaryimage\",\"url\":\"https:\\\/\\\/www.vetorino.com\\\/boutique\\\/wp-content\\\/uploads\\\/2020\\\/06\\\/lm_9782ab56412b1163ee131e1246da0955bd11541429945.jpg\",\"contentUrl\":\"https:\\\/\\\/www.vetorino.com\\\/boutique\\\/wp-content\\\/uploads\\\/2020\\\/06\\\/lm_9782ab56412b1163ee131e1246da0955bd11541429945.jpg\",\"width\":656,\"height\":800},{\"@type\":\"BreadcrumbList\",\"@id\":\"https:\\\/\\\/www.vetorino.com\\\/boutique\\\/product\\\/jouet-chien-zolux-puppy-doudou-ours\\\/#breadcrumb\",\"itemListElement\":[{\"@type\":\"ListItem\",\"position\":1,\"name\":\"Accueil\",\"item\":\"https:\\\/\\\/www.vetorino.com\\\/boutique\\\/\"},{\"@type\":\"ListItem\",\"position\":2,\"name\":\"Produits\",\"item\":\"https:\\\/\\\/www.vetorino.com\\\/boutique\\\/\"},{\"@type\":\"ListItem\",\"position\":3,\"name\":\"Jouet chien Zolux : Puppy Doudou Ours\"}]},{\"@type\":\"WebSite\",\"@id\":\"https:\\\/\\\/www.vetorino.com\\\/boutique\\\/#website\",\"url\":\"https:\\\/\\\/www.vetorino.com\\\/boutique\\\/\",\"name\":\"V\u00e9torino\",\"description\":\"\",\"publisher\":{\"@id\":\"https:\\\/\\\/www.vetorino.com\\\/boutique\\\/#organization\"},\"potentialAction\":[{\"@type\":\"SearchAction\",\"target\":{\"@type\":\"EntryPoint\",\"urlTemplate\":\"https:\\\/\\\/www.vetorino.com\\\/boutique\\\/?s={search_term_string}\"},\"query-input\":{\"@type\":\"PropertyValueSpecification\",\"valueRequired\":true,\"valueName\":\"search_term_string\"}}],\"inLanguage\":\"fr-FR\"},{\"@type\":\"Organization\",\"@id\":\"https:\\\/\\\/www.vetorino.com\\\/boutique\\\/#organization\",\"name\":\"V\u00e9torino\",\"url\":\"https:\\\/\\\/www.vetorino.com\\\/boutique\\\/\",\"logo\":{\"@type\":\"ImageObject\",\"inLanguage\":\"fr-FR\",\"@id\":\"https:\\\/\\\/www.vetorino.com\\\/boutique\\\/#\\\/schema\\\/logo\\\/image\\\/\",\"url\":\"https:\\\/\\\/www.vetorino.com\\\/boutique\\\/wp-content\\\/uploads\\\/2024\\\/10\\\/logo.jpg\",\"contentUrl\":\"https:\\\/\\\/www.vetorino.com\\\/boutique\\\/wp-content\\\/uploads\\\/2024\\\/10\\\/logo.jpg\",\"width\":1200,\"height\":610,\"caption\":\"V\u00e9torino\"},\"image\":{\"@id\":\"https:\\\/\\\/www.vetorino.com\\\/boutique\\\/#\\\/schema\\\/logo\\\/image\\\/\"},\"sameAs\":[\"https:\\\/\\\/www.facebook.com\\\/Vetorino\\\/\",\"https:\\\/\\\/www.instagram.com\\\/vetorino_off\\\/\",\"https:\\\/\\\/www.linkedin.com\\\/company\\\/vtorino\\\/\"]}]}<\/script>\n<meta property=\"product:brand\" content=\"Zolux\" \/>\n<meta property=\"product:price:amount\" content=\"6.20\" \/>\n<meta property=\"product:price:currency\" content=\"EUR\" \/>\n<meta property=\"og:availability\" content=\"out of stock\" \/>\n<meta property=\"product:availability\" content=\"out of stock\" \/>\n<meta property=\"product:retailer_item_id\" content=\"C-JOU925\" \/>\n<meta property=\"product:condition\" content=\"new\" \/>\n<!-- \/ Yoast SEO plugin. -->","yoast_head_json":{"title":"Jouet chien Zolux : Puppy Doudou Ours Zolux - V\u00e9torino","description":"Cet irr\u00e9sistible jouet peluche de petite taille est parfaitement adapt\u00e9 aux chiots ou chiens de tr\u00e8s petite taille. B\u00e9n\u00e9ficiant de la certification CE, il s\u00e9duit gr\u00e2ce \u00e0 ses tons pastels, sa mati\u00e8re ultra douce et son adorable t\u00eate d'ourson gris.  Caract\u00e9ristiques du Jouet pour chiot, Peluche et doudou Ourson, sonore, Gris :\u00a0 -\u00a0Jouet sonore. -\u00a0Dimensions : L 14,5 x p 3 x h 18 cm - Certification CE - Mati\u00e8re ultra douce - Le doudou id\u00e9al pour votre chiot ou votre chien de petite taille","robots":{"index":"noindex","follow":"nofollow"},"og_locale":"fr_FR","og_type":"article","og_title":"Jouet chien Zolux : Puppy Doudou Ours Zolux - V\u00e9torino","og_description":"Cet irr\u00e9sistible jouet peluche de petite taille est parfaitement adapt\u00e9 aux chiots ou chiens de tr\u00e8s petite taille. B\u00e9n\u00e9ficiant de la certification CE, il s\u00e9duit gr\u00e2ce \u00e0 ses tons pastels, sa mati\u00e8re ultra douce et son adorable t\u00eate d'ourson gris.  Caract\u00e9ristiques du Jouet pour chiot, Peluche et doudou Ourson, sonore, Gris :\u00a0 -\u00a0Jouet sonore. -\u00a0Dimensions : L 14,5 x p 3 x h 18 cm - Certification CE - Mati\u00e8re ultra douce - Le doudou id\u00e9al pour votre chiot ou votre chien de petite taille","og_url":"https:\/\/www.vetorino.com\/veterinaire\/confolens-16500\/boutique\/product\/jouet-chien-zolux-puppy-doudou-ours\/","og_site_name":"V\u00e9torino","article_publisher":"https:\/\/www.facebook.com\/Vetorino\/","article_modified_time":"2023-05-24T13:46:30+00:00","og_image":[{"width":656,"height":800,"url":"https:\/\/www.vetorino.com\/boutique\/wp-content\/uploads\/2020\/06\/lm_9782ab56412b1163ee131e1246da0955bd11541429945.jpg","type":"image\/jpeg"}],"twitter_card":"summary_large_image","twitter_misc":{"Prix":"6,20&euro;","Disponibilit\u00e9":"Rupture de stock"},"schema":{"@context":"https:\/\/schema.org","@graph":[{"@type":"WebPage","@id":"https:\/\/www.vetorino.com\/boutique\/product\/jouet-chien-zolux-puppy-doudou-ours\/","url":"https:\/\/www.vetorino.com\/boutique\/product\/jouet-chien-zolux-puppy-doudou-ours\/","name":"Jouet chien Zolux : Puppy Doudou Ours Zolux - V\u00e9torino","isPartOf":{"@id":"https:\/\/www.vetorino.com\/boutique\/#website"},"primaryImageOfPage":{"@id":"https:\/\/www.vetorino.com\/boutique\/product\/jouet-chien-zolux-puppy-doudou-ours\/#primaryimage"},"image":{"@id":"https:\/\/www.vetorino.com\/boutique\/product\/jouet-chien-zolux-puppy-doudou-ours\/#primaryimage"},"thumbnailUrl":"https:\/\/www.vetorino.com\/boutique\/wp-content\/uploads\/2020\/06\/lm_9782ab56412b1163ee131e1246da0955bd11541429945.jpg","datePublished":"2020-06-29T22:45:59+00:00","dateModified":"2023-05-24T13:46:30+00:00","description":"Cet irr\u00e9sistible jouet peluche de petite taille est parfaitement adapt\u00e9 aux chiots ou chiens de tr\u00e8s petite taille. B\u00e9n\u00e9ficiant de la certification CE, il s\u00e9duit gr\u00e2ce \u00e0 ses tons pastels, sa mati\u00e8re ultra douce et son adorable t\u00eate d'ourson gris. Caract\u00e9ristiques du Jouet pour chiot, Peluche et doudou Ourson, sonore, Gris :\u00a0 -\u00a0Jouet sonore. -\u00a0Dimensions : L 14,5 x p 3 x h 18 cm - Certification CE - Mati\u00e8re ultra douce - Le doudou id\u00e9al pour votre chiot ou votre chien de petite taille","breadcrumb":{"@id":"https:\/\/www.vetorino.com\/boutique\/product\/jouet-chien-zolux-puppy-doudou-ours\/#breadcrumb"},"inLanguage":"fr-FR","potentialAction":[{"@type":"ReadAction","target":["https:\/\/www.vetorino.com\/boutique\/product\/jouet-chien-zolux-puppy-doudou-ours\/"]}]},{"@type":"ImageObject","inLanguage":"fr-FR","@id":"https:\/\/www.vetorino.com\/boutique\/product\/jouet-chien-zolux-puppy-doudou-ours\/#primaryimage","url":"https:\/\/www.vetorino.com\/boutique\/wp-content\/uploads\/2020\/06\/lm_9782ab56412b1163ee131e1246da0955bd11541429945.jpg","contentUrl":"https:\/\/www.vetorino.com\/boutique\/wp-content\/uploads\/2020\/06\/lm_9782ab56412b1163ee131e1246da0955bd11541429945.jpg","width":656,"height":800},{"@type":"BreadcrumbList","@id":"https:\/\/www.vetorino.com\/boutique\/product\/jouet-chien-zolux-puppy-doudou-ours\/#breadcrumb","itemListElement":[{"@type":"ListItem","position":1,"name":"Accueil","item":"https:\/\/www.vetorino.com\/boutique\/"},{"@type":"ListItem","position":2,"name":"Produits","item":"https:\/\/www.vetorino.com\/boutique\/"},{"@type":"ListItem","position":3,"name":"Jouet chien Zolux : Puppy Doudou Ours"}]},{"@type":"WebSite","@id":"https:\/\/www.vetorino.com\/boutique\/#website","url":"https:\/\/www.vetorino.com\/boutique\/","name":"V\u00e9torino","description":"","publisher":{"@id":"https:\/\/www.vetorino.com\/boutique\/#organization"},"potentialAction":[{"@type":"SearchAction","target":{"@type":"EntryPoint","urlTemplate":"https:\/\/www.vetorino.com\/boutique\/?s={search_term_string}"},"query-input":{"@type":"PropertyValueSpecification","valueRequired":true,"valueName":"search_term_string"}}],"inLanguage":"fr-FR"},{"@type":"Organization","@id":"https:\/\/www.vetorino.com\/boutique\/#organization","name":"V\u00e9torino","url":"https:\/\/www.vetorino.com\/boutique\/","logo":{"@type":"ImageObject","inLanguage":"fr-FR","@id":"https:\/\/www.vetorino.com\/boutique\/#\/schema\/logo\/image\/","url":"https:\/\/www.vetorino.com\/boutique\/wp-content\/uploads\/2024\/10\/logo.jpg","contentUrl":"https:\/\/www.vetorino.com\/boutique\/wp-content\/uploads\/2024\/10\/logo.jpg","width":1200,"height":610,"caption":"V\u00e9torino"},"image":{"@id":"https:\/\/www.vetorino.com\/boutique\/#\/schema\/logo\/image\/"},"sameAs":["https:\/\/www.facebook.com\/Vetorino\/","https:\/\/www.instagram.com\/vetorino_off\/","https:\/\/www.linkedin.com\/company\/vtorino\/"]}]},"product_brand":"Zolux","product_price_amount":"6.20","product_price_currency":"EUR","og_availability":"out of stock","product_availability":"out of stock","product_retailer_item_id":"C-JOU925","product_condition":"new"},"_links":{"self":[{"href":"https:\/\/www.vetorino.com\/veterinaire\/confolens-16500\/boutique\/wp-json\/wp\/v2\/product\/98219","targetHints":{"allow":["GET"]}}],"collection":[{"href":"https:\/\/www.vetorino.com\/veterinaire\/confolens-16500\/boutique\/wp-json\/wp\/v2\/product"}],"about":[{"href":"https:\/\/www.vetorino.com\/veterinaire\/confolens-16500\/boutique\/wp-json\/wp\/v2\/types\/product"}],"wp:featuredmedia":[{"embeddable":true,"href":"https:\/\/www.vetorino.com\/veterinaire\/confolens-16500\/boutique\/wp-json\/wp\/v2\/media\/620939"}],"wp:attachment":[{"href":"https:\/\/www.vetorino.com\/veterinaire\/confolens-16500\/boutique\/wp-json\/wp\/v2\/media?parent=98219"}],"wp:term":[{"taxonomy":"product_cat","embeddable":true,"href":"https:\/\/www.vetorino.com\/veterinaire\/confolens-16500\/boutique\/wp-json\/wp\/v2\/product_cat?post=98219"},{"taxonomy":"product_tag","embeddable":true,"href":"https:\/\/www.vetorino.com\/veterinaire\/confolens-16500\/boutique\/wp-json\/wp\/v2\/product_tag?post=98219"}],"curies":[{"name":"wp","href":"https:\/\/api.w.org\/{rel}","templated":true}]}}