{"id":98221,"date":"2020-06-30T00:46:00","date_gmt":"2020-06-29T22:46:00","guid":{"rendered":"https:\/\/www.vetorino.com\/boutique\/product\/jouet-chien-zolux-puppy-chien-vert\/"},"modified":"2023-05-24T16:43:59","modified_gmt":"2023-05-24T14:43:59","slug":"jouet-chien-zolux-puppy-chien-vert","status":"publish","type":"product","link":"https:\/\/www.vetorino.com\/veterinaire\/confolens-16500\/boutique\/product\/jouet-chien-zolux-puppy-chien-vert\/","title":{"rendered":"Jouet chien Zolux : Puppy Chien vert"},"content":{"rendered":"<p>Ce jouet peluche sonore attirera l&#8217;attention de votre chiot gr\u00e2ce \u00e0 ses m\u00e9langes de couleurs et de mati\u00e8res.<\/p>\n<ul>\n<li>Fabriqu\u00e9 \u00e0 partir de fourrure douce et compos\u00e9 de petites pi\u00e8ces en plastique \u00e0 relief que votre chiot adorera mordiller pour faire ses dents.<\/li>\n<\/ul>\n","protected":false},"excerpt":{"rendered":"<p>Ce jouet peluche sonore attirera l&#8217;attention de votre chiot gr\u00e2ce \u00e0 ses m\u00e9langes de couleurs et de mati\u00e8res.<\/p>\n<ul>\n<li>Fabriqu\u00e9 \u00e0 partir de fourrure douce et compos\u00e9 de petites pi\u00e8ces en plastique \u00e0 relief que votre chiot adorera mordiller pour faire ses dents.<\/li>\n<\/ul>\n","protected":false},"featured_media":620982,"template":"","meta":[],"product_cat":[12550,2698,12621],"product_tag":[],"class_list":{"0":"post-98221","1":"product","2":"type-product","3":"status-publish","4":"has-post-thumbnail","6":"product_cat-accessoires-du-chien","7":"product_cat-chien","8":"product_cat-jeux-educatifs-pour-chien","9":"pa_marque-zolux","11":"first","12":"outofstock","13":"taxable","14":"shipping-taxable","15":"purchasable","16":"product-type-simple"},"yoast_head":"<!-- This site is optimized with the Yoast SEO plugin v27.3 - https:\/\/yoast.com\/product\/yoast-seo-wordpress\/ -->\n<title>Jouet chien Zolux : Puppy Chien vert Zolux - V\u00e9torino<\/title>\n<meta name=\"description\" content=\"Ce jouet peluche sonore attirera l&#039;attention de votre chiot gr\u00e2ce \u00e0 ses m\u00e9langes de couleurs et de mati\u00e8res.   Fabriqu\u00e9 \u00e0 partir de fourrure douce et compos\u00e9 de petites pi\u00e8ces en plastique \u00e0 relief que votre chiot adorera mordiller pour faire ses dents.\" \/>\n<meta name=\"robots\" content=\"noindex, nofollow\" \/>\n<meta property=\"og:locale\" content=\"fr_FR\" \/>\n<meta property=\"og:type\" content=\"article\" \/>\n<meta property=\"og:title\" content=\"Jouet chien Zolux : Puppy Chien vert Zolux - V\u00e9torino\" \/>\n<meta property=\"og:description\" content=\"Ce jouet peluche sonore attirera l&#039;attention de votre chiot gr\u00e2ce \u00e0 ses m\u00e9langes de couleurs et de mati\u00e8res.   Fabriqu\u00e9 \u00e0 partir de fourrure douce et compos\u00e9 de petites pi\u00e8ces en plastique \u00e0 relief que votre chiot adorera mordiller pour faire ses dents.\" \/>\n<meta property=\"og:url\" content=\"https:\/\/www.vetorino.com\/veterinaire\/confolens-16500\/boutique\/product\/jouet-chien-zolux-puppy-chien-vert\/\" \/>\n<meta property=\"og:site_name\" content=\"V\u00e9torino\" \/>\n<meta property=\"article:publisher\" content=\"https:\/\/www.facebook.com\/Vetorino\/\" \/>\n<meta property=\"article:modified_time\" content=\"2023-05-24T14:43:59+00:00\" \/>\n<meta property=\"og:image\" content=\"https:\/\/www.vetorino.com\/boutique\/wp-content\/uploads\/2020\/06\/jouet-chien-zolux-puppy-chien-vert.jpg\" \/>\n\t<meta property=\"og:image:width\" content=\"800\" \/>\n\t<meta property=\"og:image:height\" content=\"800\" \/>\n\t<meta property=\"og:image:type\" content=\"image\/jpeg\" \/>\n<meta name=\"twitter:card\" content=\"summary_large_image\" \/>\n<meta name=\"twitter:label1\" content=\"Prix\" \/>\n\t<meta name=\"twitter:data1\" content=\"8,05&euro;\" \/>\n\t<meta name=\"twitter:label2\" content=\"Disponibilit\u00e9\" \/>\n\t<meta name=\"twitter:data2\" content=\"Rupture de stock\" \/>\n<script type=\"application\/ld+json\" class=\"yoast-schema-graph\">{\"@context\":\"https:\\\/\\\/schema.org\",\"@graph\":[{\"@type\":\"WebPage\",\"@id\":\"https:\\\/\\\/www.vetorino.com\\\/veterinaire\\\/champs-sur-marne-77420\\\/boutique\\\/product\\\/jouet-chien-zolux-puppy-chien-vert\\\/\",\"url\":\"https:\\\/\\\/www.vetorino.com\\\/veterinaire\\\/champs-sur-marne-77420\\\/boutique\\\/product\\\/jouet-chien-zolux-puppy-chien-vert\\\/\",\"name\":\"Jouet chien Zolux : Puppy Chien vert Zolux - V\u00e9torino\",\"isPartOf\":{\"@id\":\"https:\\\/\\\/www.vetorino.com\\\/boutique\\\/#website\"},\"primaryImageOfPage\":{\"@id\":\"https:\\\/\\\/www.vetorino.com\\\/veterinaire\\\/champs-sur-marne-77420\\\/boutique\\\/product\\\/jouet-chien-zolux-puppy-chien-vert\\\/#primaryimage\"},\"image\":{\"@id\":\"https:\\\/\\\/www.vetorino.com\\\/veterinaire\\\/champs-sur-marne-77420\\\/boutique\\\/product\\\/jouet-chien-zolux-puppy-chien-vert\\\/#primaryimage\"},\"thumbnailUrl\":\"https:\\\/\\\/www.vetorino.com\\\/boutique\\\/wp-content\\\/uploads\\\/2020\\\/06\\\/jouet-chien-zolux-puppy-chien-vert.jpg\",\"datePublished\":\"2020-06-29T22:46:00+00:00\",\"dateModified\":\"2023-05-24T14:43:59+00:00\",\"description\":\"Ce jouet peluche sonore attirera l'attention de votre chiot gr\u00e2ce \u00e0 ses m\u00e9langes de couleurs et de mati\u00e8res. Fabriqu\u00e9 \u00e0 partir de fourrure douce et compos\u00e9 de petites pi\u00e8ces en plastique \u00e0 relief que votre chiot adorera mordiller pour faire ses dents.\",\"breadcrumb\":{\"@id\":\"https:\\\/\\\/www.vetorino.com\\\/veterinaire\\\/champs-sur-marne-77420\\\/boutique\\\/product\\\/jouet-chien-zolux-puppy-chien-vert\\\/#breadcrumb\"},\"inLanguage\":\"fr-FR\",\"potentialAction\":[{\"@type\":\"ReadAction\",\"target\":[\"https:\\\/\\\/www.vetorino.com\\\/veterinaire\\\/champs-sur-marne-77420\\\/boutique\\\/product\\\/jouet-chien-zolux-puppy-chien-vert\\\/\"]}]},{\"@type\":\"ImageObject\",\"inLanguage\":\"fr-FR\",\"@id\":\"https:\\\/\\\/www.vetorino.com\\\/veterinaire\\\/champs-sur-marne-77420\\\/boutique\\\/product\\\/jouet-chien-zolux-puppy-chien-vert\\\/#primaryimage\",\"url\":\"https:\\\/\\\/www.vetorino.com\\\/boutique\\\/wp-content\\\/uploads\\\/2020\\\/06\\\/jouet-chien-zolux-puppy-chien-vert.jpg\",\"contentUrl\":\"https:\\\/\\\/www.vetorino.com\\\/boutique\\\/wp-content\\\/uploads\\\/2020\\\/06\\\/jouet-chien-zolux-puppy-chien-vert.jpg\",\"width\":800,\"height\":800},{\"@type\":\"BreadcrumbList\",\"@id\":\"https:\\\/\\\/www.vetorino.com\\\/veterinaire\\\/champs-sur-marne-77420\\\/boutique\\\/product\\\/jouet-chien-zolux-puppy-chien-vert\\\/#breadcrumb\",\"itemListElement\":[{\"@type\":\"ListItem\",\"position\":1,\"name\":\"Accueil\",\"item\":\"https:\\\/\\\/www.vetorino.com\\\/boutique\\\/\"},{\"@type\":\"ListItem\",\"position\":2,\"name\":\"Produits\",\"item\":\"https:\\\/\\\/www.vetorino.com\\\/boutique\\\/\"},{\"@type\":\"ListItem\",\"position\":3,\"name\":\"Jouet chien Zolux : Puppy Chien vert\"}]},{\"@type\":\"WebSite\",\"@id\":\"https:\\\/\\\/www.vetorino.com\\\/boutique\\\/#website\",\"url\":\"https:\\\/\\\/www.vetorino.com\\\/boutique\\\/\",\"name\":\"V\u00e9torino\",\"description\":\"\",\"publisher\":{\"@id\":\"https:\\\/\\\/www.vetorino.com\\\/boutique\\\/#organization\"},\"potentialAction\":[{\"@type\":\"SearchAction\",\"target\":{\"@type\":\"EntryPoint\",\"urlTemplate\":\"https:\\\/\\\/www.vetorino.com\\\/boutique\\\/?s={search_term_string}\"},\"query-input\":{\"@type\":\"PropertyValueSpecification\",\"valueRequired\":true,\"valueName\":\"search_term_string\"}}],\"inLanguage\":\"fr-FR\"},{\"@type\":\"Organization\",\"@id\":\"https:\\\/\\\/www.vetorino.com\\\/boutique\\\/#organization\",\"name\":\"V\u00e9torino\",\"url\":\"https:\\\/\\\/www.vetorino.com\\\/boutique\\\/\",\"logo\":{\"@type\":\"ImageObject\",\"inLanguage\":\"fr-FR\",\"@id\":\"https:\\\/\\\/www.vetorino.com\\\/boutique\\\/#\\\/schema\\\/logo\\\/image\\\/\",\"url\":\"https:\\\/\\\/www.vetorino.com\\\/boutique\\\/wp-content\\\/uploads\\\/2024\\\/10\\\/logo.jpg\",\"contentUrl\":\"https:\\\/\\\/www.vetorino.com\\\/boutique\\\/wp-content\\\/uploads\\\/2024\\\/10\\\/logo.jpg\",\"width\":1200,\"height\":610,\"caption\":\"V\u00e9torino\"},\"image\":{\"@id\":\"https:\\\/\\\/www.vetorino.com\\\/boutique\\\/#\\\/schema\\\/logo\\\/image\\\/\"},\"sameAs\":[\"https:\\\/\\\/www.facebook.com\\\/Vetorino\\\/\",\"https:\\\/\\\/www.instagram.com\\\/vetorino_off\\\/\",\"https:\\\/\\\/www.linkedin.com\\\/company\\\/vtorino\\\/\"]}]}<\/script>\n<meta property=\"product:brand\" content=\"Zolux\" \/>\n<meta property=\"product:price:amount\" content=\"8.05\" \/>\n<meta property=\"product:price:currency\" content=\"EUR\" \/>\n<meta property=\"og:availability\" content=\"out of stock\" \/>\n<meta property=\"product:availability\" content=\"out of stock\" \/>\n<meta property=\"product:retailer_item_id\" content=\"C-JOU926\" \/>\n<meta property=\"product:condition\" content=\"new\" \/>\n<!-- \/ Yoast SEO plugin. -->","yoast_head_json":{"title":"Jouet chien Zolux : Puppy Chien vert Zolux - V\u00e9torino","description":"Ce jouet peluche sonore attirera l'attention de votre chiot gr\u00e2ce \u00e0 ses m\u00e9langes de couleurs et de mati\u00e8res.   Fabriqu\u00e9 \u00e0 partir de fourrure douce et compos\u00e9 de petites pi\u00e8ces en plastique \u00e0 relief que votre chiot adorera mordiller pour faire ses dents.","robots":{"index":"noindex","follow":"nofollow"},"og_locale":"fr_FR","og_type":"article","og_title":"Jouet chien Zolux : Puppy Chien vert Zolux - V\u00e9torino","og_description":"Ce jouet peluche sonore attirera l'attention de votre chiot gr\u00e2ce \u00e0 ses m\u00e9langes de couleurs et de mati\u00e8res.   Fabriqu\u00e9 \u00e0 partir de fourrure douce et compos\u00e9 de petites pi\u00e8ces en plastique \u00e0 relief que votre chiot adorera mordiller pour faire ses dents.","og_url":"https:\/\/www.vetorino.com\/veterinaire\/confolens-16500\/boutique\/product\/jouet-chien-zolux-puppy-chien-vert\/","og_site_name":"V\u00e9torino","article_publisher":"https:\/\/www.facebook.com\/Vetorino\/","article_modified_time":"2023-05-24T14:43:59+00:00","og_image":[{"width":800,"height":800,"url":"https:\/\/www.vetorino.com\/boutique\/wp-content\/uploads\/2020\/06\/jouet-chien-zolux-puppy-chien-vert.jpg","type":"image\/jpeg"}],"twitter_card":"summary_large_image","twitter_misc":{"Prix":"8,05&euro;","Disponibilit\u00e9":"Rupture de stock"},"schema":{"@context":"https:\/\/schema.org","@graph":[{"@type":"WebPage","@id":"https:\/\/www.vetorino.com\/veterinaire\/champs-sur-marne-77420\/boutique\/product\/jouet-chien-zolux-puppy-chien-vert\/","url":"https:\/\/www.vetorino.com\/veterinaire\/champs-sur-marne-77420\/boutique\/product\/jouet-chien-zolux-puppy-chien-vert\/","name":"Jouet chien Zolux : Puppy Chien vert Zolux - V\u00e9torino","isPartOf":{"@id":"https:\/\/www.vetorino.com\/boutique\/#website"},"primaryImageOfPage":{"@id":"https:\/\/www.vetorino.com\/veterinaire\/champs-sur-marne-77420\/boutique\/product\/jouet-chien-zolux-puppy-chien-vert\/#primaryimage"},"image":{"@id":"https:\/\/www.vetorino.com\/veterinaire\/champs-sur-marne-77420\/boutique\/product\/jouet-chien-zolux-puppy-chien-vert\/#primaryimage"},"thumbnailUrl":"https:\/\/www.vetorino.com\/boutique\/wp-content\/uploads\/2020\/06\/jouet-chien-zolux-puppy-chien-vert.jpg","datePublished":"2020-06-29T22:46:00+00:00","dateModified":"2023-05-24T14:43:59+00:00","description":"Ce jouet peluche sonore attirera l'attention de votre chiot gr\u00e2ce \u00e0 ses m\u00e9langes de couleurs et de mati\u00e8res. Fabriqu\u00e9 \u00e0 partir de fourrure douce et compos\u00e9 de petites pi\u00e8ces en plastique \u00e0 relief que votre chiot adorera mordiller pour faire ses dents.","breadcrumb":{"@id":"https:\/\/www.vetorino.com\/veterinaire\/champs-sur-marne-77420\/boutique\/product\/jouet-chien-zolux-puppy-chien-vert\/#breadcrumb"},"inLanguage":"fr-FR","potentialAction":[{"@type":"ReadAction","target":["https:\/\/www.vetorino.com\/veterinaire\/champs-sur-marne-77420\/boutique\/product\/jouet-chien-zolux-puppy-chien-vert\/"]}]},{"@type":"ImageObject","inLanguage":"fr-FR","@id":"https:\/\/www.vetorino.com\/veterinaire\/champs-sur-marne-77420\/boutique\/product\/jouet-chien-zolux-puppy-chien-vert\/#primaryimage","url":"https:\/\/www.vetorino.com\/boutique\/wp-content\/uploads\/2020\/06\/jouet-chien-zolux-puppy-chien-vert.jpg","contentUrl":"https:\/\/www.vetorino.com\/boutique\/wp-content\/uploads\/2020\/06\/jouet-chien-zolux-puppy-chien-vert.jpg","width":800,"height":800},{"@type":"BreadcrumbList","@id":"https:\/\/www.vetorino.com\/veterinaire\/champs-sur-marne-77420\/boutique\/product\/jouet-chien-zolux-puppy-chien-vert\/#breadcrumb","itemListElement":[{"@type":"ListItem","position":1,"name":"Accueil","item":"https:\/\/www.vetorino.com\/boutique\/"},{"@type":"ListItem","position":2,"name":"Produits","item":"https:\/\/www.vetorino.com\/boutique\/"},{"@type":"ListItem","position":3,"name":"Jouet chien Zolux : Puppy Chien vert"}]},{"@type":"WebSite","@id":"https:\/\/www.vetorino.com\/boutique\/#website","url":"https:\/\/www.vetorino.com\/boutique\/","name":"V\u00e9torino","description":"","publisher":{"@id":"https:\/\/www.vetorino.com\/boutique\/#organization"},"potentialAction":[{"@type":"SearchAction","target":{"@type":"EntryPoint","urlTemplate":"https:\/\/www.vetorino.com\/boutique\/?s={search_term_string}"},"query-input":{"@type":"PropertyValueSpecification","valueRequired":true,"valueName":"search_term_string"}}],"inLanguage":"fr-FR"},{"@type":"Organization","@id":"https:\/\/www.vetorino.com\/boutique\/#organization","name":"V\u00e9torino","url":"https:\/\/www.vetorino.com\/boutique\/","logo":{"@type":"ImageObject","inLanguage":"fr-FR","@id":"https:\/\/www.vetorino.com\/boutique\/#\/schema\/logo\/image\/","url":"https:\/\/www.vetorino.com\/boutique\/wp-content\/uploads\/2024\/10\/logo.jpg","contentUrl":"https:\/\/www.vetorino.com\/boutique\/wp-content\/uploads\/2024\/10\/logo.jpg","width":1200,"height":610,"caption":"V\u00e9torino"},"image":{"@id":"https:\/\/www.vetorino.com\/boutique\/#\/schema\/logo\/image\/"},"sameAs":["https:\/\/www.facebook.com\/Vetorino\/","https:\/\/www.instagram.com\/vetorino_off\/","https:\/\/www.linkedin.com\/company\/vtorino\/"]}]},"product_brand":"Zolux","product_price_amount":"8.05","product_price_currency":"EUR","og_availability":"out of stock","product_availability":"out of stock","product_retailer_item_id":"C-JOU926","product_condition":"new"},"_links":{"self":[{"href":"https:\/\/www.vetorino.com\/veterinaire\/confolens-16500\/boutique\/wp-json\/wp\/v2\/product\/98221","targetHints":{"allow":["GET"]}}],"collection":[{"href":"https:\/\/www.vetorino.com\/veterinaire\/confolens-16500\/boutique\/wp-json\/wp\/v2\/product"}],"about":[{"href":"https:\/\/www.vetorino.com\/veterinaire\/confolens-16500\/boutique\/wp-json\/wp\/v2\/types\/product"}],"wp:featuredmedia":[{"embeddable":true,"href":"https:\/\/www.vetorino.com\/veterinaire\/confolens-16500\/boutique\/wp-json\/wp\/v2\/media\/620982"}],"wp:attachment":[{"href":"https:\/\/www.vetorino.com\/veterinaire\/confolens-16500\/boutique\/wp-json\/wp\/v2\/media?parent=98221"}],"wp:term":[{"taxonomy":"product_cat","embeddable":true,"href":"https:\/\/www.vetorino.com\/veterinaire\/confolens-16500\/boutique\/wp-json\/wp\/v2\/product_cat?post=98221"},{"taxonomy":"product_tag","embeddable":true,"href":"https:\/\/www.vetorino.com\/veterinaire\/confolens-16500\/boutique\/wp-json\/wp\/v2\/product_tag?post=98221"}],"curies":[{"name":"wp","href":"https:\/\/api.w.org\/{rel}","templated":true}]}}