{"id":98270,"date":"2020-06-30T00:58:39","date_gmt":"2020-06-29T22:58:39","guid":{"rendered":"https:\/\/www.vetorino.com\/boutique\/product\/kaodyn-pate-orale\/"},"modified":"2023-12-04T09:12:53","modified_gmt":"2023-12-04T08:12:53","slug":"kaodyn-pate-orale","status":"publish","type":"product","link":"https:\/\/www.vetorino.com\/veterinaire\/confolens-16500\/boutique\/product\/kaodyn-pate-orale\/","title":{"rendered":"Kaodyn p\u00e2te orale"},"content":{"rendered":"<div class='hidden'>ELANCO<\/div>\n<div class='hidden'>Chiens<\/div>\n<div class='hidden'>Syst\u00e8me h\u00e9pato-digestif<\/div>\n<p>Aliment compl\u00e9mentaire pour chiens pour contribuer au maintien d&#8217;un syst\u00e8me digestif sain. Restaure rapidement l&#8217;\u00e9quilibre de la flore digestive. <br \/>Contient :<br \/>&#8211; Le probiotique Enterococcus faecium,  bact\u00e9rie b\u00e9n\u00e9fique rencontr\u00e9e naturellement dans le syst\u00e8me digestif des animaux en bonne sant\u00e9 qui contribue \u00e0 \u00e9quilibrer la microflore intestinale.<br \/>&#8211; Les pr\u00e9biotiques fructo-oligosaccharides (FOS) et mannan-oligosaccharides (MOS) qui aident \u00e0 stimuler la croissance et l&#8217;activit\u00e9 des bact\u00e9ries commensales de l&#8217;intestin.<br \/>&#8211; La pectine  qui contribue \u00e0 diminuer le pH de l&#8217;intestin gr\u00eale et \u00e0 calmer les muqueuses irrit\u00e9es.<br \/>&#8211; Du kaolin traditionnellement utilis\u00e9 pour calmer les douleurs gastriques et contribuer \u00e0 la normalisation de la consistance des selles.<\/p>\n","protected":false},"excerpt":{"rendered":"<p>ELANCO Chiens Syst\u00e8me h\u00e9pato-digestif Aliment compl\u00e9mentaire pour chiens pour contribuer au maintien d&#8217;un syst\u00e8me digestif sain. Restaure rapidement l&#8217;\u00e9quilibre de la flore digestive. Contient :&#8211; Le probiotique Enterococcus faecium, bact\u00e9rie b\u00e9n\u00e9fique rencontr\u00e9e naturellement dans le syst\u00e8me digestif des animaux en bonne sant\u00e9 qui contribue \u00e0 \u00e9quilibrer la microflore intestinale.&#8211; Les pr\u00e9biotiques fructo-oligosaccharides (FOS) et mannan-oligosaccharides [&hellip;]<\/p>\n","protected":false},"featured_media":98268,"template":"","meta":[],"product_cat":[2698],"product_tag":[],"class_list":{"0":"post-98270","1":"product","2":"type-product","3":"status-publish","4":"has-post-thumbnail","6":"product_cat-chien","7":"pa_marque-elanco","9":"first","10":"instock","11":"taxable","12":"shipping-taxable","13":"purchasable","14":"product-type-variable"},"yoast_head":"<!-- This site is optimized with the Yoast SEO plugin v27.3 - https:\/\/yoast.com\/product\/yoast-seo-wordpress\/ -->\n<title>Kaodyn p\u00e2te orale Elanco - V\u00e9torino<\/title>\n<meta name=\"description\" content=\"ELANCOChiensSyst\u00e8me h\u00e9pato-digestifAliment compl\u00e9mentaire pour chiens pour contribuer au maintien d&#039;un syst\u00e8me digestif sain. Restaure rapidement\" \/>\n<meta name=\"robots\" content=\"noindex, nofollow\" \/>\n<meta property=\"og:locale\" content=\"fr_FR\" \/>\n<meta property=\"og:type\" content=\"article\" \/>\n<meta property=\"og:title\" content=\"Kaodyn p\u00e2te orale Elanco - V\u00e9torino\" \/>\n<meta property=\"og:description\" content=\"ELANCOChiensSyst\u00e8me h\u00e9pato-digestifAliment compl\u00e9mentaire pour chiens pour contribuer au maintien d&#039;un syst\u00e8me digestif sain. Restaure rapidement\" \/>\n<meta property=\"og:url\" content=\"https:\/\/www.vetorino.com\/veterinaire\/confolens-16500\/boutique\/product\/kaodyn-pate-orale\/\" \/>\n<meta property=\"og:site_name\" content=\"V\u00e9torino\" \/>\n<meta property=\"article:publisher\" content=\"https:\/\/www.facebook.com\/Vetorino\/\" \/>\n<meta property=\"article:modified_time\" content=\"2023-12-04T08:12:53+00:00\" \/>\n<meta property=\"og:image\" content=\"https:\/\/www.vetorino.com\/boutique\/wp-content\/uploads\/2020\/06\/FilsKAO006FormatMediumTypeIM.png\" \/>\n\t<meta property=\"og:image:width\" content=\"400\" \/>\n\t<meta property=\"og:image:height\" content=\"400\" \/>\n\t<meta property=\"og:image:type\" content=\"image\/png\" \/>\n<meta name=\"twitter:card\" content=\"summary_large_image\" \/>\n<meta name=\"twitter:label1\" content=\"Disponibilit\u00e9\" \/>\n\t<meta name=\"twitter:data1\" content=\"En stock\" \/>\n<script type=\"application\/ld+json\" class=\"yoast-schema-graph\">{\"@context\":\"https:\\\/\\\/schema.org\",\"@graph\":[{\"@type\":\"WebPage\",\"@id\":\"https:\\\/\\\/www.vetorino.com\\\/boutique\\\/product\\\/kaodyn-pate-orale\\\/\",\"url\":\"https:\\\/\\\/www.vetorino.com\\\/boutique\\\/product\\\/kaodyn-pate-orale\\\/\",\"name\":\"Kaodyn p\u00e2te orale Elanco - V\u00e9torino\",\"isPartOf\":{\"@id\":\"https:\\\/\\\/www.vetorino.com\\\/boutique\\\/#website\"},\"primaryImageOfPage\":{\"@id\":\"https:\\\/\\\/www.vetorino.com\\\/boutique\\\/product\\\/kaodyn-pate-orale\\\/#primaryimage\"},\"image\":{\"@id\":\"https:\\\/\\\/www.vetorino.com\\\/boutique\\\/product\\\/kaodyn-pate-orale\\\/#primaryimage\"},\"thumbnailUrl\":\"https:\\\/\\\/www.vetorino.com\\\/boutique\\\/wp-content\\\/uploads\\\/2020\\\/06\\\/FilsKAO006FormatMediumTypeIM.png\",\"datePublished\":\"2020-06-29T22:58:39+00:00\",\"dateModified\":\"2023-12-04T08:12:53+00:00\",\"description\":\"ELANCOChiensSyst\u00e8me h\u00e9pato-digestifAliment compl\u00e9mentaire pour chiens pour contribuer au maintien d'un syst\u00e8me digestif sain. Restaure rapidement\",\"breadcrumb\":{\"@id\":\"https:\\\/\\\/www.vetorino.com\\\/boutique\\\/product\\\/kaodyn-pate-orale\\\/#breadcrumb\"},\"inLanguage\":\"fr-FR\",\"potentialAction\":[{\"@type\":\"ReadAction\",\"target\":[\"https:\\\/\\\/www.vetorino.com\\\/boutique\\\/product\\\/kaodyn-pate-orale\\\/\"]}]},{\"@type\":\"ImageObject\",\"inLanguage\":\"fr-FR\",\"@id\":\"https:\\\/\\\/www.vetorino.com\\\/boutique\\\/product\\\/kaodyn-pate-orale\\\/#primaryimage\",\"url\":\"https:\\\/\\\/www.vetorino.com\\\/boutique\\\/wp-content\\\/uploads\\\/2020\\\/06\\\/FilsKAO006FormatMediumTypeIM.png\",\"contentUrl\":\"https:\\\/\\\/www.vetorino.com\\\/boutique\\\/wp-content\\\/uploads\\\/2020\\\/06\\\/FilsKAO006FormatMediumTypeIM.png\",\"width\":400,\"height\":400},{\"@type\":\"BreadcrumbList\",\"@id\":\"https:\\\/\\\/www.vetorino.com\\\/boutique\\\/product\\\/kaodyn-pate-orale\\\/#breadcrumb\",\"itemListElement\":[{\"@type\":\"ListItem\",\"position\":1,\"name\":\"Accueil\",\"item\":\"https:\\\/\\\/www.vetorino.com\\\/boutique\\\/\"},{\"@type\":\"ListItem\",\"position\":2,\"name\":\"Produits\",\"item\":\"https:\\\/\\\/www.vetorino.com\\\/boutique\\\/\"},{\"@type\":\"ListItem\",\"position\":3,\"name\":\"Kaodyn p\u00e2te orale\"}]},{\"@type\":\"WebSite\",\"@id\":\"https:\\\/\\\/www.vetorino.com\\\/boutique\\\/#website\",\"url\":\"https:\\\/\\\/www.vetorino.com\\\/boutique\\\/\",\"name\":\"V\u00e9torino\",\"description\":\"\",\"publisher\":{\"@id\":\"https:\\\/\\\/www.vetorino.com\\\/boutique\\\/#organization\"},\"potentialAction\":[{\"@type\":\"SearchAction\",\"target\":{\"@type\":\"EntryPoint\",\"urlTemplate\":\"https:\\\/\\\/www.vetorino.com\\\/boutique\\\/?s={search_term_string}\"},\"query-input\":{\"@type\":\"PropertyValueSpecification\",\"valueRequired\":true,\"valueName\":\"search_term_string\"}}],\"inLanguage\":\"fr-FR\"},{\"@type\":\"Organization\",\"@id\":\"https:\\\/\\\/www.vetorino.com\\\/boutique\\\/#organization\",\"name\":\"V\u00e9torino\",\"url\":\"https:\\\/\\\/www.vetorino.com\\\/boutique\\\/\",\"logo\":{\"@type\":\"ImageObject\",\"inLanguage\":\"fr-FR\",\"@id\":\"https:\\\/\\\/www.vetorino.com\\\/boutique\\\/#\\\/schema\\\/logo\\\/image\\\/\",\"url\":\"https:\\\/\\\/www.vetorino.com\\\/boutique\\\/wp-content\\\/uploads\\\/2024\\\/10\\\/logo.jpg\",\"contentUrl\":\"https:\\\/\\\/www.vetorino.com\\\/boutique\\\/wp-content\\\/uploads\\\/2024\\\/10\\\/logo.jpg\",\"width\":1200,\"height\":610,\"caption\":\"V\u00e9torino\"},\"image\":{\"@id\":\"https:\\\/\\\/www.vetorino.com\\\/boutique\\\/#\\\/schema\\\/logo\\\/image\\\/\"},\"sameAs\":[\"https:\\\/\\\/www.facebook.com\\\/Vetorino\\\/\",\"https:\\\/\\\/www.instagram.com\\\/vetorino_off\\\/\",\"https:\\\/\\\/www.linkedin.com\\\/company\\\/vtorino\\\/\"]}]}<\/script>\n<meta property=\"product:brand\" content=\"Elanco\" \/>\n<meta property=\"og:availability\" content=\"instock\" \/>\n<meta property=\"product:availability\" content=\"instock\" \/>\n<meta property=\"product:condition\" content=\"new\" \/>\n<!-- \/ Yoast SEO plugin. -->","yoast_head_json":{"title":"Kaodyn p\u00e2te orale Elanco - V\u00e9torino","description":"ELANCOChiensSyst\u00e8me h\u00e9pato-digestifAliment compl\u00e9mentaire pour chiens pour contribuer au maintien d'un syst\u00e8me digestif sain. Restaure rapidement","robots":{"index":"noindex","follow":"nofollow"},"og_locale":"fr_FR","og_type":"article","og_title":"Kaodyn p\u00e2te orale Elanco - V\u00e9torino","og_description":"ELANCOChiensSyst\u00e8me h\u00e9pato-digestifAliment compl\u00e9mentaire pour chiens pour contribuer au maintien d'un syst\u00e8me digestif sain. Restaure rapidement","og_url":"https:\/\/www.vetorino.com\/veterinaire\/confolens-16500\/boutique\/product\/kaodyn-pate-orale\/","og_site_name":"V\u00e9torino","article_publisher":"https:\/\/www.facebook.com\/Vetorino\/","article_modified_time":"2023-12-04T08:12:53+00:00","og_image":[{"width":400,"height":400,"url":"https:\/\/www.vetorino.com\/boutique\/wp-content\/uploads\/2020\/06\/FilsKAO006FormatMediumTypeIM.png","type":"image\/png"}],"twitter_card":"summary_large_image","twitter_misc":{"Disponibilit\u00e9":"En stock"},"schema":{"@context":"https:\/\/schema.org","@graph":[{"@type":"WebPage","@id":"https:\/\/www.vetorino.com\/boutique\/product\/kaodyn-pate-orale\/","url":"https:\/\/www.vetorino.com\/boutique\/product\/kaodyn-pate-orale\/","name":"Kaodyn p\u00e2te orale Elanco - V\u00e9torino","isPartOf":{"@id":"https:\/\/www.vetorino.com\/boutique\/#website"},"primaryImageOfPage":{"@id":"https:\/\/www.vetorino.com\/boutique\/product\/kaodyn-pate-orale\/#primaryimage"},"image":{"@id":"https:\/\/www.vetorino.com\/boutique\/product\/kaodyn-pate-orale\/#primaryimage"},"thumbnailUrl":"https:\/\/www.vetorino.com\/boutique\/wp-content\/uploads\/2020\/06\/FilsKAO006FormatMediumTypeIM.png","datePublished":"2020-06-29T22:58:39+00:00","dateModified":"2023-12-04T08:12:53+00:00","description":"ELANCOChiensSyst\u00e8me h\u00e9pato-digestifAliment compl\u00e9mentaire pour chiens pour contribuer au maintien d'un syst\u00e8me digestif sain. Restaure rapidement","breadcrumb":{"@id":"https:\/\/www.vetorino.com\/boutique\/product\/kaodyn-pate-orale\/#breadcrumb"},"inLanguage":"fr-FR","potentialAction":[{"@type":"ReadAction","target":["https:\/\/www.vetorino.com\/boutique\/product\/kaodyn-pate-orale\/"]}]},{"@type":"ImageObject","inLanguage":"fr-FR","@id":"https:\/\/www.vetorino.com\/boutique\/product\/kaodyn-pate-orale\/#primaryimage","url":"https:\/\/www.vetorino.com\/boutique\/wp-content\/uploads\/2020\/06\/FilsKAO006FormatMediumTypeIM.png","contentUrl":"https:\/\/www.vetorino.com\/boutique\/wp-content\/uploads\/2020\/06\/FilsKAO006FormatMediumTypeIM.png","width":400,"height":400},{"@type":"BreadcrumbList","@id":"https:\/\/www.vetorino.com\/boutique\/product\/kaodyn-pate-orale\/#breadcrumb","itemListElement":[{"@type":"ListItem","position":1,"name":"Accueil","item":"https:\/\/www.vetorino.com\/boutique\/"},{"@type":"ListItem","position":2,"name":"Produits","item":"https:\/\/www.vetorino.com\/boutique\/"},{"@type":"ListItem","position":3,"name":"Kaodyn p\u00e2te orale"}]},{"@type":"WebSite","@id":"https:\/\/www.vetorino.com\/boutique\/#website","url":"https:\/\/www.vetorino.com\/boutique\/","name":"V\u00e9torino","description":"","publisher":{"@id":"https:\/\/www.vetorino.com\/boutique\/#organization"},"potentialAction":[{"@type":"SearchAction","target":{"@type":"EntryPoint","urlTemplate":"https:\/\/www.vetorino.com\/boutique\/?s={search_term_string}"},"query-input":{"@type":"PropertyValueSpecification","valueRequired":true,"valueName":"search_term_string"}}],"inLanguage":"fr-FR"},{"@type":"Organization","@id":"https:\/\/www.vetorino.com\/boutique\/#organization","name":"V\u00e9torino","url":"https:\/\/www.vetorino.com\/boutique\/","logo":{"@type":"ImageObject","inLanguage":"fr-FR","@id":"https:\/\/www.vetorino.com\/boutique\/#\/schema\/logo\/image\/","url":"https:\/\/www.vetorino.com\/boutique\/wp-content\/uploads\/2024\/10\/logo.jpg","contentUrl":"https:\/\/www.vetorino.com\/boutique\/wp-content\/uploads\/2024\/10\/logo.jpg","width":1200,"height":610,"caption":"V\u00e9torino"},"image":{"@id":"https:\/\/www.vetorino.com\/boutique\/#\/schema\/logo\/image\/"},"sameAs":["https:\/\/www.facebook.com\/Vetorino\/","https:\/\/www.instagram.com\/vetorino_off\/","https:\/\/www.linkedin.com\/company\/vtorino\/"]}]},"product_brand":"Elanco","og_availability":"instock","product_availability":"instock","product_condition":"new"},"_links":{"self":[{"href":"https:\/\/www.vetorino.com\/veterinaire\/confolens-16500\/boutique\/wp-json\/wp\/v2\/product\/98270","targetHints":{"allow":["GET"]}}],"collection":[{"href":"https:\/\/www.vetorino.com\/veterinaire\/confolens-16500\/boutique\/wp-json\/wp\/v2\/product"}],"about":[{"href":"https:\/\/www.vetorino.com\/veterinaire\/confolens-16500\/boutique\/wp-json\/wp\/v2\/types\/product"}],"wp:featuredmedia":[{"embeddable":true,"href":"https:\/\/www.vetorino.com\/veterinaire\/confolens-16500\/boutique\/wp-json\/wp\/v2\/media\/98268"}],"wp:attachment":[{"href":"https:\/\/www.vetorino.com\/veterinaire\/confolens-16500\/boutique\/wp-json\/wp\/v2\/media?parent=98270"}],"wp:term":[{"taxonomy":"product_cat","embeddable":true,"href":"https:\/\/www.vetorino.com\/veterinaire\/confolens-16500\/boutique\/wp-json\/wp\/v2\/product_cat?post=98270"},{"taxonomy":"product_tag","embeddable":true,"href":"https:\/\/www.vetorino.com\/veterinaire\/confolens-16500\/boutique\/wp-json\/wp\/v2\/product_tag?post=98270"}],"curies":[{"name":"wp","href":"https:\/\/api.w.org\/{rel}","templated":true}]}}