{"id":98491,"date":"2020-06-30T01:06:34","date_gmt":"2020-06-29T23:06:34","guid":{"rendered":"https:\/\/www.vetorino.com\/boutique\/product\/kong-squeezz-jels-large\/"},"modified":"2024-03-10T02:42:19","modified_gmt":"2024-03-10T01:42:19","slug":"kong-squeezz-jels-large","status":"publish","type":"product","link":"https:\/\/www.vetorino.com\/veterinaire\/confolens-16500\/boutique\/product\/kong-squeezz-jels-large\/","title":{"rendered":"Kong Squeezz Jels Large"},"content":{"rendered":"<div class=\"hidden\">MATERIEL<\/div>\n<div class=\"hidden\">Chiens<\/div>\n<div class=\"hidden\">Kong<\/div>\n<p>Des jouets de couleurs vives en formes d&#8217;animaux qui couinent et rebondissent de fa\u00e7on impr\u00e9visible lorsqu&#8217;on les lance.<\/p>\n<ul>\n<li>Parfaits pour jouer \u00e0 l&#8217;int\u00e9rieur comme \u00e0 l&#8217;ext\u00e9rieur. Mod\u00e8les assortis : cochon, castor , hippopotame ou grenouille.<\/li>\n<li>Vendu \u00e0 l&#8217;unit\u00e9 suivant arrivages.<\/li>\n<li>Lg : 10 cm.<\/li>\n<\/ul>\n","protected":false},"excerpt":{"rendered":"<p>Les\u00a0<strong>KONG Squeezz JELS<\/strong>\u00a0sont des jouets de couleurs vives en forme d&#8217;animaux qui couinent et rebondissent de fa\u00e7on impr\u00e9visible lorsqu&#8217;on les lance. Ces nouveaux jouets\u00a0<strong>KONG<\/strong>\u00a0couinent \u00e0 tous les coups et sont parfaits pour jouer \u00e0 l&#8217;int\u00e9rieur comme \u00e0 l&#8217;ext\u00e9rieur. Votre chien va en couiner de joie !<\/p>\n","protected":false},"featured_media":621040,"template":"","meta":[],"product_cat":[12550,2698,12621],"product_tag":[],"class_list":{"0":"post-98491","1":"product","2":"type-product","3":"status-publish","4":"has-post-thumbnail","6":"product_cat-accessoires-du-chien","7":"product_cat-chien","8":"product_cat-jeux-educatifs-pour-chien","9":"pa_marque-kong","11":"first","12":"outofstock","13":"taxable","14":"shipping-taxable","15":"purchasable","16":"product-type-simple"},"yoast_head":"<!-- This site is optimized with the Yoast SEO plugin v27.3 - https:\/\/yoast.com\/product\/yoast-seo-wordpress\/ -->\n<title>Kong Squeezz Jels Large Kong - V\u00e9torino<\/title>\n<meta name=\"description\" content=\"Les\u00a0KONG Squeezz JELS\u00a0sont des jouets de couleurs vives en forme d&#039;animaux qui couinent et rebondissent de fa\u00e7on impr\u00e9visible lorsqu&#039;on les lance. Ces nouveaux jouets\u00a0KONG\u00a0couinent \u00e0 tous les coups et sont parfaits pour jouer \u00e0 l&#039;int\u00e9rieur comme \u00e0 l&#039;ext\u00e9rieur. Votre chien va en couiner de joie !\" \/>\n<meta name=\"robots\" content=\"noindex, nofollow\" \/>\n<meta property=\"og:locale\" content=\"fr_FR\" \/>\n<meta property=\"og:type\" content=\"article\" \/>\n<meta property=\"og:title\" content=\"Kong Squeezz Jels Large Kong - V\u00e9torino\" \/>\n<meta property=\"og:description\" content=\"Les\u00a0KONG Squeezz JELS\u00a0sont des jouets de couleurs vives en forme d&#039;animaux qui couinent et rebondissent de fa\u00e7on impr\u00e9visible lorsqu&#039;on les lance. Ces nouveaux jouets\u00a0KONG\u00a0couinent \u00e0 tous les coups et sont parfaits pour jouer \u00e0 l&#039;int\u00e9rieur comme \u00e0 l&#039;ext\u00e9rieur. Votre chien va en couiner de joie !\" \/>\n<meta property=\"og:url\" content=\"https:\/\/www.vetorino.com\/veterinaire\/confolens-16500\/boutique\/product\/kong-squeezz-jels-large\/\" \/>\n<meta property=\"og:site_name\" content=\"V\u00e9torino\" \/>\n<meta property=\"article:publisher\" content=\"https:\/\/www.facebook.com\/Vetorino\/\" \/>\n<meta property=\"article:modified_time\" content=\"2024-03-10T01:42:19+00:00\" \/>\n<meta property=\"og:image\" content=\"https:\/\/www.vetorino.com\/boutique\/wp-content\/uploads\/2020\/06\/lm_647303ed4c69846ab36c2904d3ba85730501551871493.png\" \/>\n\t<meta property=\"og:image:width\" content=\"713\" \/>\n\t<meta property=\"og:image:height\" content=\"800\" \/>\n\t<meta property=\"og:image:type\" content=\"image\/png\" \/>\n<meta name=\"twitter:card\" content=\"summary_large_image\" \/>\n<meta name=\"twitter:label1\" content=\"Prix\" \/>\n\t<meta name=\"twitter:data1\" content=\"9,02&euro;\" \/>\n\t<meta name=\"twitter:label2\" content=\"Disponibilit\u00e9\" \/>\n\t<meta name=\"twitter:data2\" content=\"Rupture de stock\" \/>\n<script type=\"application\/ld+json\" class=\"yoast-schema-graph\">{\"@context\":\"https:\\\/\\\/schema.org\",\"@graph\":[{\"@type\":\"WebPage\",\"@id\":\"https:\\\/\\\/www.vetorino.com\\\/boutique\\\/product\\\/kong-squeezz-jels-large\\\/\",\"url\":\"https:\\\/\\\/www.vetorino.com\\\/boutique\\\/product\\\/kong-squeezz-jels-large\\\/\",\"name\":\"Kong Squeezz Jels Large Kong - V\u00e9torino\",\"isPartOf\":{\"@id\":\"https:\\\/\\\/www.vetorino.com\\\/boutique\\\/#website\"},\"primaryImageOfPage\":{\"@id\":\"https:\\\/\\\/www.vetorino.com\\\/boutique\\\/product\\\/kong-squeezz-jels-large\\\/#primaryimage\"},\"image\":{\"@id\":\"https:\\\/\\\/www.vetorino.com\\\/boutique\\\/product\\\/kong-squeezz-jels-large\\\/#primaryimage\"},\"thumbnailUrl\":\"https:\\\/\\\/www.vetorino.com\\\/boutique\\\/wp-content\\\/uploads\\\/2020\\\/06\\\/lm_647303ed4c69846ab36c2904d3ba85730501551871493.png\",\"datePublished\":\"2020-06-29T23:06:34+00:00\",\"dateModified\":\"2024-03-10T01:42:19+00:00\",\"description\":\"Les\u00a0KONG Squeezz JELS\u00a0sont des jouets de couleurs vives en forme d'animaux qui couinent et rebondissent de fa\u00e7on impr\u00e9visible lorsqu'on les lance. Ces nouveaux jouets\u00a0KONG\u00a0couinent \u00e0 tous les coups et sont parfaits pour jouer \u00e0 l'int\u00e9rieur comme \u00e0 l'ext\u00e9rieur. Votre chien va en couiner de joie !\",\"breadcrumb\":{\"@id\":\"https:\\\/\\\/www.vetorino.com\\\/boutique\\\/product\\\/kong-squeezz-jels-large\\\/#breadcrumb\"},\"inLanguage\":\"fr-FR\",\"potentialAction\":[{\"@type\":\"ReadAction\",\"target\":[\"https:\\\/\\\/www.vetorino.com\\\/boutique\\\/product\\\/kong-squeezz-jels-large\\\/\"]}]},{\"@type\":\"ImageObject\",\"inLanguage\":\"fr-FR\",\"@id\":\"https:\\\/\\\/www.vetorino.com\\\/boutique\\\/product\\\/kong-squeezz-jels-large\\\/#primaryimage\",\"url\":\"https:\\\/\\\/www.vetorino.com\\\/boutique\\\/wp-content\\\/uploads\\\/2020\\\/06\\\/lm_647303ed4c69846ab36c2904d3ba85730501551871493.png\",\"contentUrl\":\"https:\\\/\\\/www.vetorino.com\\\/boutique\\\/wp-content\\\/uploads\\\/2020\\\/06\\\/lm_647303ed4c69846ab36c2904d3ba85730501551871493.png\",\"width\":713,\"height\":800},{\"@type\":\"BreadcrumbList\",\"@id\":\"https:\\\/\\\/www.vetorino.com\\\/boutique\\\/product\\\/kong-squeezz-jels-large\\\/#breadcrumb\",\"itemListElement\":[{\"@type\":\"ListItem\",\"position\":1,\"name\":\"Accueil\",\"item\":\"https:\\\/\\\/www.vetorino.com\\\/boutique\\\/\"},{\"@type\":\"ListItem\",\"position\":2,\"name\":\"Produits\",\"item\":\"https:\\\/\\\/www.vetorino.com\\\/boutique\\\/\"},{\"@type\":\"ListItem\",\"position\":3,\"name\":\"Kong Squeezz Jels Large\"}]},{\"@type\":\"WebSite\",\"@id\":\"https:\\\/\\\/www.vetorino.com\\\/boutique\\\/#website\",\"url\":\"https:\\\/\\\/www.vetorino.com\\\/boutique\\\/\",\"name\":\"V\u00e9torino\",\"description\":\"\",\"publisher\":{\"@id\":\"https:\\\/\\\/www.vetorino.com\\\/boutique\\\/#organization\"},\"potentialAction\":[{\"@type\":\"SearchAction\",\"target\":{\"@type\":\"EntryPoint\",\"urlTemplate\":\"https:\\\/\\\/www.vetorino.com\\\/boutique\\\/?s={search_term_string}\"},\"query-input\":{\"@type\":\"PropertyValueSpecification\",\"valueRequired\":true,\"valueName\":\"search_term_string\"}}],\"inLanguage\":\"fr-FR\"},{\"@type\":\"Organization\",\"@id\":\"https:\\\/\\\/www.vetorino.com\\\/boutique\\\/#organization\",\"name\":\"V\u00e9torino\",\"url\":\"https:\\\/\\\/www.vetorino.com\\\/boutique\\\/\",\"logo\":{\"@type\":\"ImageObject\",\"inLanguage\":\"fr-FR\",\"@id\":\"https:\\\/\\\/www.vetorino.com\\\/boutique\\\/#\\\/schema\\\/logo\\\/image\\\/\",\"url\":\"https:\\\/\\\/www.vetorino.com\\\/boutique\\\/wp-content\\\/uploads\\\/2024\\\/10\\\/logo.jpg\",\"contentUrl\":\"https:\\\/\\\/www.vetorino.com\\\/boutique\\\/wp-content\\\/uploads\\\/2024\\\/10\\\/logo.jpg\",\"width\":1200,\"height\":610,\"caption\":\"V\u00e9torino\"},\"image\":{\"@id\":\"https:\\\/\\\/www.vetorino.com\\\/boutique\\\/#\\\/schema\\\/logo\\\/image\\\/\"},\"sameAs\":[\"https:\\\/\\\/www.facebook.com\\\/Vetorino\\\/\",\"https:\\\/\\\/www.instagram.com\\\/vetorino_off\\\/\",\"https:\\\/\\\/www.linkedin.com\\\/company\\\/vtorino\\\/\"]}]}<\/script>\n<meta property=\"product:brand\" content=\"Kong\" \/>\n<meta property=\"product:price:amount\" content=\"9.02\" \/>\n<meta property=\"product:price:currency\" content=\"EUR\" \/>\n<meta property=\"og:availability\" content=\"out of stock\" \/>\n<meta property=\"product:availability\" content=\"out of stock\" \/>\n<meta property=\"product:retailer_item_id\" content=\"C-KON792\" \/>\n<meta property=\"product:condition\" content=\"new\" \/>\n<!-- \/ Yoast SEO plugin. -->","yoast_head_json":{"title":"Kong Squeezz Jels Large Kong - V\u00e9torino","description":"Les\u00a0KONG Squeezz JELS\u00a0sont des jouets de couleurs vives en forme d'animaux qui couinent et rebondissent de fa\u00e7on impr\u00e9visible lorsqu'on les lance. Ces nouveaux jouets\u00a0KONG\u00a0couinent \u00e0 tous les coups et sont parfaits pour jouer \u00e0 l'int\u00e9rieur comme \u00e0 l'ext\u00e9rieur. Votre chien va en couiner de joie !","robots":{"index":"noindex","follow":"nofollow"},"og_locale":"fr_FR","og_type":"article","og_title":"Kong Squeezz Jels Large Kong - V\u00e9torino","og_description":"Les\u00a0KONG Squeezz JELS\u00a0sont des jouets de couleurs vives en forme d'animaux qui couinent et rebondissent de fa\u00e7on impr\u00e9visible lorsqu'on les lance. Ces nouveaux jouets\u00a0KONG\u00a0couinent \u00e0 tous les coups et sont parfaits pour jouer \u00e0 l'int\u00e9rieur comme \u00e0 l'ext\u00e9rieur. Votre chien va en couiner de joie !","og_url":"https:\/\/www.vetorino.com\/veterinaire\/confolens-16500\/boutique\/product\/kong-squeezz-jels-large\/","og_site_name":"V\u00e9torino","article_publisher":"https:\/\/www.facebook.com\/Vetorino\/","article_modified_time":"2024-03-10T01:42:19+00:00","og_image":[{"width":713,"height":800,"url":"https:\/\/www.vetorino.com\/boutique\/wp-content\/uploads\/2020\/06\/lm_647303ed4c69846ab36c2904d3ba85730501551871493.png","type":"image\/png"}],"twitter_card":"summary_large_image","twitter_misc":{"Prix":"9,02&euro;","Disponibilit\u00e9":"Rupture de stock"},"schema":{"@context":"https:\/\/schema.org","@graph":[{"@type":"WebPage","@id":"https:\/\/www.vetorino.com\/boutique\/product\/kong-squeezz-jels-large\/","url":"https:\/\/www.vetorino.com\/boutique\/product\/kong-squeezz-jels-large\/","name":"Kong Squeezz Jels Large Kong - V\u00e9torino","isPartOf":{"@id":"https:\/\/www.vetorino.com\/boutique\/#website"},"primaryImageOfPage":{"@id":"https:\/\/www.vetorino.com\/boutique\/product\/kong-squeezz-jels-large\/#primaryimage"},"image":{"@id":"https:\/\/www.vetorino.com\/boutique\/product\/kong-squeezz-jels-large\/#primaryimage"},"thumbnailUrl":"https:\/\/www.vetorino.com\/boutique\/wp-content\/uploads\/2020\/06\/lm_647303ed4c69846ab36c2904d3ba85730501551871493.png","datePublished":"2020-06-29T23:06:34+00:00","dateModified":"2024-03-10T01:42:19+00:00","description":"Les\u00a0KONG Squeezz JELS\u00a0sont des jouets de couleurs vives en forme d'animaux qui couinent et rebondissent de fa\u00e7on impr\u00e9visible lorsqu'on les lance. Ces nouveaux jouets\u00a0KONG\u00a0couinent \u00e0 tous les coups et sont parfaits pour jouer \u00e0 l'int\u00e9rieur comme \u00e0 l'ext\u00e9rieur. Votre chien va en couiner de joie !","breadcrumb":{"@id":"https:\/\/www.vetorino.com\/boutique\/product\/kong-squeezz-jels-large\/#breadcrumb"},"inLanguage":"fr-FR","potentialAction":[{"@type":"ReadAction","target":["https:\/\/www.vetorino.com\/boutique\/product\/kong-squeezz-jels-large\/"]}]},{"@type":"ImageObject","inLanguage":"fr-FR","@id":"https:\/\/www.vetorino.com\/boutique\/product\/kong-squeezz-jels-large\/#primaryimage","url":"https:\/\/www.vetorino.com\/boutique\/wp-content\/uploads\/2020\/06\/lm_647303ed4c69846ab36c2904d3ba85730501551871493.png","contentUrl":"https:\/\/www.vetorino.com\/boutique\/wp-content\/uploads\/2020\/06\/lm_647303ed4c69846ab36c2904d3ba85730501551871493.png","width":713,"height":800},{"@type":"BreadcrumbList","@id":"https:\/\/www.vetorino.com\/boutique\/product\/kong-squeezz-jels-large\/#breadcrumb","itemListElement":[{"@type":"ListItem","position":1,"name":"Accueil","item":"https:\/\/www.vetorino.com\/boutique\/"},{"@type":"ListItem","position":2,"name":"Produits","item":"https:\/\/www.vetorino.com\/boutique\/"},{"@type":"ListItem","position":3,"name":"Kong Squeezz Jels Large"}]},{"@type":"WebSite","@id":"https:\/\/www.vetorino.com\/boutique\/#website","url":"https:\/\/www.vetorino.com\/boutique\/","name":"V\u00e9torino","description":"","publisher":{"@id":"https:\/\/www.vetorino.com\/boutique\/#organization"},"potentialAction":[{"@type":"SearchAction","target":{"@type":"EntryPoint","urlTemplate":"https:\/\/www.vetorino.com\/boutique\/?s={search_term_string}"},"query-input":{"@type":"PropertyValueSpecification","valueRequired":true,"valueName":"search_term_string"}}],"inLanguage":"fr-FR"},{"@type":"Organization","@id":"https:\/\/www.vetorino.com\/boutique\/#organization","name":"V\u00e9torino","url":"https:\/\/www.vetorino.com\/boutique\/","logo":{"@type":"ImageObject","inLanguage":"fr-FR","@id":"https:\/\/www.vetorino.com\/boutique\/#\/schema\/logo\/image\/","url":"https:\/\/www.vetorino.com\/boutique\/wp-content\/uploads\/2024\/10\/logo.jpg","contentUrl":"https:\/\/www.vetorino.com\/boutique\/wp-content\/uploads\/2024\/10\/logo.jpg","width":1200,"height":610,"caption":"V\u00e9torino"},"image":{"@id":"https:\/\/www.vetorino.com\/boutique\/#\/schema\/logo\/image\/"},"sameAs":["https:\/\/www.facebook.com\/Vetorino\/","https:\/\/www.instagram.com\/vetorino_off\/","https:\/\/www.linkedin.com\/company\/vtorino\/"]}]},"product_brand":"Kong","product_price_amount":"9.02","product_price_currency":"EUR","og_availability":"out of stock","product_availability":"out of stock","product_retailer_item_id":"C-KON792","product_condition":"new"},"_links":{"self":[{"href":"https:\/\/www.vetorino.com\/veterinaire\/confolens-16500\/boutique\/wp-json\/wp\/v2\/product\/98491","targetHints":{"allow":["GET"]}}],"collection":[{"href":"https:\/\/www.vetorino.com\/veterinaire\/confolens-16500\/boutique\/wp-json\/wp\/v2\/product"}],"about":[{"href":"https:\/\/www.vetorino.com\/veterinaire\/confolens-16500\/boutique\/wp-json\/wp\/v2\/types\/product"}],"wp:featuredmedia":[{"embeddable":true,"href":"https:\/\/www.vetorino.com\/veterinaire\/confolens-16500\/boutique\/wp-json\/wp\/v2\/media\/621040"}],"wp:attachment":[{"href":"https:\/\/www.vetorino.com\/veterinaire\/confolens-16500\/boutique\/wp-json\/wp\/v2\/media?parent=98491"}],"wp:term":[{"taxonomy":"product_cat","embeddable":true,"href":"https:\/\/www.vetorino.com\/veterinaire\/confolens-16500\/boutique\/wp-json\/wp\/v2\/product_cat?post=98491"},{"taxonomy":"product_tag","embeddable":true,"href":"https:\/\/www.vetorino.com\/veterinaire\/confolens-16500\/boutique\/wp-json\/wp\/v2\/product_tag?post=98491"}],"curies":[{"name":"wp","href":"https:\/\/api.w.org\/{rel}","templated":true}]}}