{"id":98503,"date":"2020-06-30T01:06:40","date_gmt":"2020-06-29T23:06:40","guid":{"rendered":"https:\/\/www.vetorino.com\/boutique\/product\/kong-barnyard-cruncheez\/"},"modified":"2024-05-27T04:31:58","modified_gmt":"2024-05-27T02:31:58","slug":"kong-barnyard-cruncheez","status":"publish","type":"product","link":"https:\/\/www.vetorino.com\/veterinaire\/confolens-16500\/boutique\/product\/kong-barnyard-cruncheez\/","title":{"rendered":"Kong Barnyard Cruncheez"},"content":{"rendered":"<div class=\"hidden\">Les KONG Barnyard Cruncheez sont une excellente alternative aux jouets couineurs.<\/div>\n<div class=\"post-interior\">\n<div class=\"grid-container\">\n<div class=\"grid-3\">\n<div class=\"grid-col-3\">\n<div class=\"content\">\n<div class=\"content-element-container container-div\">\n<div class=\"content-interior\">\n<div class=\"content-element-container container-div\">\n<ul>\n<li class=\"content-interior\">Lorsqu\u2019on secoue le jouet, la bouteille qui se trouve \u00e0 l\u2019int\u00e9rieur produit un son de craquement qui invite au jeu et, si on le presse, le Barnyard Cruncheez \u00e9met un son cr\u00e9pitant caract\u00e9ristique du personnage.<\/li>\n<li class=\"content-interior\">Les chiens vont adorer ces adorables personnages de la ferme en peluche contre lesquels ils pourront en outre se pelotonner.<\/li>\n<\/ul>\n<\/div>\n<\/div>\n<\/div>\n<\/div>\n<\/div>\n<\/div>\n<\/div>\n<\/div>\n","protected":false},"excerpt":{"rendered":"<p>Les<strong>\u00a0KONG Barnyard Cruncheez\u00a0<\/strong>sont une excellente alternative aux jouets couineurs. Lorsqu&#8217;on secoue le jouet, la bouteille qui se trouve \u00e0 l&#8217;int\u00e9rieur produit un son de craquement qui invite au jeu et, si on le presse, le Barnyard Cruncheez \u00e9met un son cr\u00e9pitant caract\u00e9ristique du personnage. Les chiens vont adorer ces adorables personnages de la ferme en peluche contre lesquels ils pourront en outre se pelotonner.<\/p>\n","protected":false},"featured_media":620938,"template":"","meta":[],"product_cat":[12550,2698,12621],"product_tag":[],"class_list":{"0":"post-98503","1":"product","2":"type-product","3":"status-publish","4":"has-post-thumbnail","6":"product_cat-accessoires-du-chien","7":"product_cat-chien","8":"product_cat-jeux-educatifs-pour-chien","9":"pa_marque-kong","11":"first","12":"instock","13":"taxable","14":"shipping-taxable","15":"purchasable","16":"product-type-variable"},"yoast_head":"<!-- This site is optimized with the Yoast SEO plugin v27.3 - https:\/\/yoast.com\/product\/yoast-seo-wordpress\/ -->\n<title>Kong Barnyard Cruncheez Kong - V\u00e9torino<\/title>\n<meta name=\"description\" content=\"Les\u00a0KONG Barnyard Cruncheez\u00a0sont une excellente alternative aux jouets couineurs. Lorsqu&#039;on secoue le jouet, la bouteille qui se trouve \u00e0 l&#039;int\u00e9rieur produit un son de craquement qui invite au jeu et, si on le presse, le Barnyard Cruncheez \u00e9met un son cr\u00e9pitant caract\u00e9ristique du personnage. Les chiens vont adorer ces adorables personnages de la ferme en peluche contre lesquels ils pourront en outre se pelotonner.\" \/>\n<meta name=\"robots\" content=\"noindex, nofollow\" \/>\n<meta property=\"og:locale\" content=\"fr_FR\" \/>\n<meta property=\"og:type\" content=\"article\" \/>\n<meta property=\"og:title\" content=\"Kong Barnyard Cruncheez Kong - V\u00e9torino\" \/>\n<meta property=\"og:description\" content=\"Les\u00a0KONG Barnyard Cruncheez\u00a0sont une excellente alternative aux jouets couineurs. Lorsqu&#039;on secoue le jouet, la bouteille qui se trouve \u00e0 l&#039;int\u00e9rieur produit un son de craquement qui invite au jeu et, si on le presse, le Barnyard Cruncheez \u00e9met un son cr\u00e9pitant caract\u00e9ristique du personnage. Les chiens vont adorer ces adorables personnages de la ferme en peluche contre lesquels ils pourront en outre se pelotonner.\" \/>\n<meta property=\"og:url\" content=\"https:\/\/www.vetorino.com\/veterinaire\/confolens-16500\/boutique\/product\/kong-barnyard-cruncheez\/\" \/>\n<meta property=\"og:site_name\" content=\"V\u00e9torino\" \/>\n<meta property=\"article:publisher\" content=\"https:\/\/www.facebook.com\/Vetorino\/\" \/>\n<meta property=\"article:modified_time\" content=\"2024-05-27T02:31:58+00:00\" \/>\n<meta property=\"og:image\" content=\"https:\/\/www.vetorino.com\/boutique\/wp-content\/uploads\/2020\/06\/product_kong_barnyard_cruncheez_none_4_1497867443_87490.jpg\" \/>\n\t<meta property=\"og:image:width\" content=\"500\" \/>\n\t<meta property=\"og:image:height\" content=\"500\" \/>\n\t<meta property=\"og:image:type\" content=\"image\/jpeg\" \/>\n<meta name=\"twitter:card\" content=\"summary_large_image\" \/>\n<meta name=\"twitter:label1\" content=\"Disponibilit\u00e9\" \/>\n\t<meta name=\"twitter:data1\" content=\"En stock\" \/>\n<script type=\"application\/ld+json\" class=\"yoast-schema-graph\">{\"@context\":\"https:\\\/\\\/schema.org\",\"@graph\":[{\"@type\":\"WebPage\",\"@id\":\"https:\\\/\\\/www.vetorino.com\\\/veterinaire\\\/chaumont-52000\\\/boutique\\\/product\\\/kong-barnyard-cruncheez\\\/\",\"url\":\"https:\\\/\\\/www.vetorino.com\\\/veterinaire\\\/chaumont-52000\\\/boutique\\\/product\\\/kong-barnyard-cruncheez\\\/\",\"name\":\"Kong Barnyard Cruncheez Kong - V\u00e9torino\",\"isPartOf\":{\"@id\":\"https:\\\/\\\/www.vetorino.com\\\/boutique\\\/#website\"},\"primaryImageOfPage\":{\"@id\":\"https:\\\/\\\/www.vetorino.com\\\/veterinaire\\\/chaumont-52000\\\/boutique\\\/product\\\/kong-barnyard-cruncheez\\\/#primaryimage\"},\"image\":{\"@id\":\"https:\\\/\\\/www.vetorino.com\\\/veterinaire\\\/chaumont-52000\\\/boutique\\\/product\\\/kong-barnyard-cruncheez\\\/#primaryimage\"},\"thumbnailUrl\":\"https:\\\/\\\/www.vetorino.com\\\/boutique\\\/wp-content\\\/uploads\\\/2020\\\/06\\\/product_kong_barnyard_cruncheez_none_4_1497867443_87490.jpg\",\"datePublished\":\"2020-06-29T23:06:40+00:00\",\"dateModified\":\"2024-05-27T02:31:58+00:00\",\"description\":\"Les\u00a0KONG Barnyard Cruncheez\u00a0sont une excellente alternative aux jouets couineurs. Lorsqu'on secoue le jouet, la bouteille qui se trouve \u00e0 l'int\u00e9rieur produit un son de craquement qui invite au jeu et, si on le presse, le Barnyard Cruncheez \u00e9met un son cr\u00e9pitant caract\u00e9ristique du personnage. Les chiens vont adorer ces adorables personnages de la ferme en peluche contre lesquels ils pourront en outre se pelotonner.\",\"breadcrumb\":{\"@id\":\"https:\\\/\\\/www.vetorino.com\\\/veterinaire\\\/chaumont-52000\\\/boutique\\\/product\\\/kong-barnyard-cruncheez\\\/#breadcrumb\"},\"inLanguage\":\"fr-FR\",\"potentialAction\":[{\"@type\":\"ReadAction\",\"target\":[\"https:\\\/\\\/www.vetorino.com\\\/veterinaire\\\/chaumont-52000\\\/boutique\\\/product\\\/kong-barnyard-cruncheez\\\/\"]}]},{\"@type\":\"ImageObject\",\"inLanguage\":\"fr-FR\",\"@id\":\"https:\\\/\\\/www.vetorino.com\\\/veterinaire\\\/chaumont-52000\\\/boutique\\\/product\\\/kong-barnyard-cruncheez\\\/#primaryimage\",\"url\":\"https:\\\/\\\/www.vetorino.com\\\/boutique\\\/wp-content\\\/uploads\\\/2020\\\/06\\\/product_kong_barnyard_cruncheez_none_4_1497867443_87490.jpg\",\"contentUrl\":\"https:\\\/\\\/www.vetorino.com\\\/boutique\\\/wp-content\\\/uploads\\\/2020\\\/06\\\/product_kong_barnyard_cruncheez_none_4_1497867443_87490.jpg\",\"width\":500,\"height\":500},{\"@type\":\"BreadcrumbList\",\"@id\":\"https:\\\/\\\/www.vetorino.com\\\/veterinaire\\\/chaumont-52000\\\/boutique\\\/product\\\/kong-barnyard-cruncheez\\\/#breadcrumb\",\"itemListElement\":[{\"@type\":\"ListItem\",\"position\":1,\"name\":\"Accueil\",\"item\":\"https:\\\/\\\/www.vetorino.com\\\/boutique\\\/\"},{\"@type\":\"ListItem\",\"position\":2,\"name\":\"Produits\",\"item\":\"https:\\\/\\\/www.vetorino.com\\\/boutique\\\/\"},{\"@type\":\"ListItem\",\"position\":3,\"name\":\"Kong Barnyard Cruncheez\"}]},{\"@type\":\"WebSite\",\"@id\":\"https:\\\/\\\/www.vetorino.com\\\/boutique\\\/#website\",\"url\":\"https:\\\/\\\/www.vetorino.com\\\/boutique\\\/\",\"name\":\"V\u00e9torino\",\"description\":\"\",\"publisher\":{\"@id\":\"https:\\\/\\\/www.vetorino.com\\\/boutique\\\/#organization\"},\"potentialAction\":[{\"@type\":\"SearchAction\",\"target\":{\"@type\":\"EntryPoint\",\"urlTemplate\":\"https:\\\/\\\/www.vetorino.com\\\/boutique\\\/?s={search_term_string}\"},\"query-input\":{\"@type\":\"PropertyValueSpecification\",\"valueRequired\":true,\"valueName\":\"search_term_string\"}}],\"inLanguage\":\"fr-FR\"},{\"@type\":\"Organization\",\"@id\":\"https:\\\/\\\/www.vetorino.com\\\/boutique\\\/#organization\",\"name\":\"V\u00e9torino\",\"url\":\"https:\\\/\\\/www.vetorino.com\\\/boutique\\\/\",\"logo\":{\"@type\":\"ImageObject\",\"inLanguage\":\"fr-FR\",\"@id\":\"https:\\\/\\\/www.vetorino.com\\\/boutique\\\/#\\\/schema\\\/logo\\\/image\\\/\",\"url\":\"https:\\\/\\\/www.vetorino.com\\\/boutique\\\/wp-content\\\/uploads\\\/2024\\\/10\\\/logo.jpg\",\"contentUrl\":\"https:\\\/\\\/www.vetorino.com\\\/boutique\\\/wp-content\\\/uploads\\\/2024\\\/10\\\/logo.jpg\",\"width\":1200,\"height\":610,\"caption\":\"V\u00e9torino\"},\"image\":{\"@id\":\"https:\\\/\\\/www.vetorino.com\\\/boutique\\\/#\\\/schema\\\/logo\\\/image\\\/\"},\"sameAs\":[\"https:\\\/\\\/www.facebook.com\\\/Vetorino\\\/\",\"https:\\\/\\\/www.instagram.com\\\/vetorino_off\\\/\",\"https:\\\/\\\/www.linkedin.com\\\/company\\\/vtorino\\\/\"]}]}<\/script>\n<meta property=\"product:brand\" content=\"Kong\" \/>\n<meta property=\"og:availability\" content=\"instock\" \/>\n<meta property=\"product:availability\" content=\"instock\" \/>\n<meta property=\"product:condition\" content=\"new\" \/>\n<!-- \/ Yoast SEO plugin. -->","yoast_head_json":{"title":"Kong Barnyard Cruncheez Kong - V\u00e9torino","description":"Les\u00a0KONG Barnyard Cruncheez\u00a0sont une excellente alternative aux jouets couineurs. Lorsqu'on secoue le jouet, la bouteille qui se trouve \u00e0 l'int\u00e9rieur produit un son de craquement qui invite au jeu et, si on le presse, le Barnyard Cruncheez \u00e9met un son cr\u00e9pitant caract\u00e9ristique du personnage. Les chiens vont adorer ces adorables personnages de la ferme en peluche contre lesquels ils pourront en outre se pelotonner.","robots":{"index":"noindex","follow":"nofollow"},"og_locale":"fr_FR","og_type":"article","og_title":"Kong Barnyard Cruncheez Kong - V\u00e9torino","og_description":"Les\u00a0KONG Barnyard Cruncheez\u00a0sont une excellente alternative aux jouets couineurs. Lorsqu'on secoue le jouet, la bouteille qui se trouve \u00e0 l'int\u00e9rieur produit un son de craquement qui invite au jeu et, si on le presse, le Barnyard Cruncheez \u00e9met un son cr\u00e9pitant caract\u00e9ristique du personnage. Les chiens vont adorer ces adorables personnages de la ferme en peluche contre lesquels ils pourront en outre se pelotonner.","og_url":"https:\/\/www.vetorino.com\/veterinaire\/confolens-16500\/boutique\/product\/kong-barnyard-cruncheez\/","og_site_name":"V\u00e9torino","article_publisher":"https:\/\/www.facebook.com\/Vetorino\/","article_modified_time":"2024-05-27T02:31:58+00:00","og_image":[{"width":500,"height":500,"url":"https:\/\/www.vetorino.com\/boutique\/wp-content\/uploads\/2020\/06\/product_kong_barnyard_cruncheez_none_4_1497867443_87490.jpg","type":"image\/jpeg"}],"twitter_card":"summary_large_image","twitter_misc":{"Disponibilit\u00e9":"En stock"},"schema":{"@context":"https:\/\/schema.org","@graph":[{"@type":"WebPage","@id":"https:\/\/www.vetorino.com\/veterinaire\/chaumont-52000\/boutique\/product\/kong-barnyard-cruncheez\/","url":"https:\/\/www.vetorino.com\/veterinaire\/chaumont-52000\/boutique\/product\/kong-barnyard-cruncheez\/","name":"Kong Barnyard Cruncheez Kong - V\u00e9torino","isPartOf":{"@id":"https:\/\/www.vetorino.com\/boutique\/#website"},"primaryImageOfPage":{"@id":"https:\/\/www.vetorino.com\/veterinaire\/chaumont-52000\/boutique\/product\/kong-barnyard-cruncheez\/#primaryimage"},"image":{"@id":"https:\/\/www.vetorino.com\/veterinaire\/chaumont-52000\/boutique\/product\/kong-barnyard-cruncheez\/#primaryimage"},"thumbnailUrl":"https:\/\/www.vetorino.com\/boutique\/wp-content\/uploads\/2020\/06\/product_kong_barnyard_cruncheez_none_4_1497867443_87490.jpg","datePublished":"2020-06-29T23:06:40+00:00","dateModified":"2024-05-27T02:31:58+00:00","description":"Les\u00a0KONG Barnyard Cruncheez\u00a0sont une excellente alternative aux jouets couineurs. Lorsqu'on secoue le jouet, la bouteille qui se trouve \u00e0 l'int\u00e9rieur produit un son de craquement qui invite au jeu et, si on le presse, le Barnyard Cruncheez \u00e9met un son cr\u00e9pitant caract\u00e9ristique du personnage. Les chiens vont adorer ces adorables personnages de la ferme en peluche contre lesquels ils pourront en outre se pelotonner.","breadcrumb":{"@id":"https:\/\/www.vetorino.com\/veterinaire\/chaumont-52000\/boutique\/product\/kong-barnyard-cruncheez\/#breadcrumb"},"inLanguage":"fr-FR","potentialAction":[{"@type":"ReadAction","target":["https:\/\/www.vetorino.com\/veterinaire\/chaumont-52000\/boutique\/product\/kong-barnyard-cruncheez\/"]}]},{"@type":"ImageObject","inLanguage":"fr-FR","@id":"https:\/\/www.vetorino.com\/veterinaire\/chaumont-52000\/boutique\/product\/kong-barnyard-cruncheez\/#primaryimage","url":"https:\/\/www.vetorino.com\/boutique\/wp-content\/uploads\/2020\/06\/product_kong_barnyard_cruncheez_none_4_1497867443_87490.jpg","contentUrl":"https:\/\/www.vetorino.com\/boutique\/wp-content\/uploads\/2020\/06\/product_kong_barnyard_cruncheez_none_4_1497867443_87490.jpg","width":500,"height":500},{"@type":"BreadcrumbList","@id":"https:\/\/www.vetorino.com\/veterinaire\/chaumont-52000\/boutique\/product\/kong-barnyard-cruncheez\/#breadcrumb","itemListElement":[{"@type":"ListItem","position":1,"name":"Accueil","item":"https:\/\/www.vetorino.com\/boutique\/"},{"@type":"ListItem","position":2,"name":"Produits","item":"https:\/\/www.vetorino.com\/boutique\/"},{"@type":"ListItem","position":3,"name":"Kong Barnyard Cruncheez"}]},{"@type":"WebSite","@id":"https:\/\/www.vetorino.com\/boutique\/#website","url":"https:\/\/www.vetorino.com\/boutique\/","name":"V\u00e9torino","description":"","publisher":{"@id":"https:\/\/www.vetorino.com\/boutique\/#organization"},"potentialAction":[{"@type":"SearchAction","target":{"@type":"EntryPoint","urlTemplate":"https:\/\/www.vetorino.com\/boutique\/?s={search_term_string}"},"query-input":{"@type":"PropertyValueSpecification","valueRequired":true,"valueName":"search_term_string"}}],"inLanguage":"fr-FR"},{"@type":"Organization","@id":"https:\/\/www.vetorino.com\/boutique\/#organization","name":"V\u00e9torino","url":"https:\/\/www.vetorino.com\/boutique\/","logo":{"@type":"ImageObject","inLanguage":"fr-FR","@id":"https:\/\/www.vetorino.com\/boutique\/#\/schema\/logo\/image\/","url":"https:\/\/www.vetorino.com\/boutique\/wp-content\/uploads\/2024\/10\/logo.jpg","contentUrl":"https:\/\/www.vetorino.com\/boutique\/wp-content\/uploads\/2024\/10\/logo.jpg","width":1200,"height":610,"caption":"V\u00e9torino"},"image":{"@id":"https:\/\/www.vetorino.com\/boutique\/#\/schema\/logo\/image\/"},"sameAs":["https:\/\/www.facebook.com\/Vetorino\/","https:\/\/www.instagram.com\/vetorino_off\/","https:\/\/www.linkedin.com\/company\/vtorino\/"]}]},"product_brand":"Kong","og_availability":"instock","product_availability":"instock","product_condition":"new"},"_links":{"self":[{"href":"https:\/\/www.vetorino.com\/veterinaire\/confolens-16500\/boutique\/wp-json\/wp\/v2\/product\/98503","targetHints":{"allow":["GET"]}}],"collection":[{"href":"https:\/\/www.vetorino.com\/veterinaire\/confolens-16500\/boutique\/wp-json\/wp\/v2\/product"}],"about":[{"href":"https:\/\/www.vetorino.com\/veterinaire\/confolens-16500\/boutique\/wp-json\/wp\/v2\/types\/product"}],"wp:featuredmedia":[{"embeddable":true,"href":"https:\/\/www.vetorino.com\/veterinaire\/confolens-16500\/boutique\/wp-json\/wp\/v2\/media\/620938"}],"wp:attachment":[{"href":"https:\/\/www.vetorino.com\/veterinaire\/confolens-16500\/boutique\/wp-json\/wp\/v2\/media?parent=98503"}],"wp:term":[{"taxonomy":"product_cat","embeddable":true,"href":"https:\/\/www.vetorino.com\/veterinaire\/confolens-16500\/boutique\/wp-json\/wp\/v2\/product_cat?post=98503"},{"taxonomy":"product_tag","embeddable":true,"href":"https:\/\/www.vetorino.com\/veterinaire\/confolens-16500\/boutique\/wp-json\/wp\/v2\/product_tag?post=98503"}],"curies":[{"name":"wp","href":"https:\/\/api.w.org\/{rel}","templated":true}]}}