{"id":98520,"date":"2020-06-30T01:06:46","date_gmt":"2020-06-29T23:06:46","guid":{"rendered":"https:\/\/www.vetorino.com\/boutique\/product\/kong-weave-knots\/"},"modified":"2024-05-27T05:31:52","modified_gmt":"2024-05-27T03:31:52","slug":"kong-weave-knots","status":"publish","type":"product","link":"https:\/\/www.vetorino.com\/veterinaire\/confolens-16500\/boutique\/product\/kong-weave-knots\/","title":{"rendered":"Jouet KONG Weave Knots"},"content":{"rendered":"<div class=\"post-interior\">\n<div class=\"grid-container\">\n<div class=\"grid-3\">\n<div class=\"grid-col-3\">\n<div class=\"content\">\n<div class=\"content-element-container container-div\">\n<div class=\"content-interior\">\n<p>Les Kong Weave Knots sont\u00a0d\u2019adorables personnages en peluche avec un ventre \u00e0 corde nou\u00e9e.<br \/>\nAvec leur couineur et leur corde en coton nou\u00e9e qui nettoie les dents, ces jouets con\u00e7us pour des heures de divertissement sont id\u00e9aux aussi bien pour jouer en solo qu\u2019avec son ma\u00eetre.<\/p>\n<\/div>\n<\/div>\n<\/div>\n<\/div>\n<\/div>\n<\/div>\n<\/div>\n","protected":false},"excerpt":{"rendered":"<p>-Corde en coton nou\u00e9e pour nettoyer les dents.<br \/>\n-Con\u00e7us pour des heures de divertissement.<br \/>\n-Id\u00e9al aussi bien pour jouer en solo qu&#8217;avec le ma\u00eetre.<\/p>\n","protected":false},"featured_media":624439,"template":"","meta":[],"product_cat":[12550,2698,12621],"product_tag":[],"class_list":{"0":"post-98520","1":"product","2":"type-product","3":"status-publish","4":"has-post-thumbnail","6":"product_cat-accessoires-du-chien","7":"product_cat-chien","8":"product_cat-jeux-educatifs-pour-chien","9":"pa_marque-kong","11":"first","12":"instock","13":"taxable","14":"shipping-taxable","15":"purchasable","16":"product-type-variable"},"yoast_head":"<!-- This site is optimized with the Yoast SEO plugin v27.3 - https:\/\/yoast.com\/product\/yoast-seo-wordpress\/ -->\n<title>Jouet KONG Weave Knots Kong - V\u00e9torino<\/title>\n<meta name=\"description\" content=\"-Corde en coton nou\u00e9e pour nettoyer les dents. -Con\u00e7us pour des heures de divertissement. -Id\u00e9al aussi bien pour jouer en solo qu&#039;avec le ma\u00eetre.\" \/>\n<meta name=\"robots\" content=\"noindex, nofollow\" \/>\n<meta property=\"og:locale\" content=\"fr_FR\" \/>\n<meta property=\"og:type\" content=\"article\" \/>\n<meta property=\"og:title\" content=\"Jouet KONG Weave Knots Kong - V\u00e9torino\" \/>\n<meta property=\"og:description\" content=\"-Corde en coton nou\u00e9e pour nettoyer les dents. -Con\u00e7us pour des heures de divertissement. -Id\u00e9al aussi bien pour jouer en solo qu&#039;avec le ma\u00eetre.\" \/>\n<meta property=\"og:url\" content=\"https:\/\/www.vetorino.com\/veterinaire\/confolens-16500\/boutique\/product\/kong-weave-knots\/\" \/>\n<meta property=\"og:site_name\" content=\"V\u00e9torino\" \/>\n<meta property=\"article:publisher\" content=\"https:\/\/www.facebook.com\/Vetorino\/\" \/>\n<meta property=\"article:modified_time\" content=\"2024-05-27T03:31:52+00:00\" \/>\n<meta property=\"og:image\" content=\"https:\/\/www.vetorino.com\/boutique\/wp-content\/uploads\/2020\/06\/Capture-decran-2023-05-30-a-12.05.04.png\" \/>\n\t<meta property=\"og:image:width\" content=\"1500\" \/>\n\t<meta property=\"og:image:height\" content=\"1406\" \/>\n\t<meta property=\"og:image:type\" content=\"image\/png\" \/>\n<meta name=\"twitter:card\" content=\"summary_large_image\" \/>\n<meta name=\"twitter:label1\" content=\"Disponibilit\u00e9\" \/>\n\t<meta name=\"twitter:data1\" content=\"En stock\" \/>\n<script type=\"application\/ld+json\" class=\"yoast-schema-graph\">{\"@context\":\"https:\\\/\\\/schema.org\",\"@graph\":[{\"@type\":\"WebPage\",\"@id\":\"https:\\\/\\\/www.vetorino.com\\\/veterinaire\\\/leperreuxsurmarne-94170\\\/boutique\\\/product\\\/kong-weave-knots\\\/\",\"url\":\"https:\\\/\\\/www.vetorino.com\\\/veterinaire\\\/leperreuxsurmarne-94170\\\/boutique\\\/product\\\/kong-weave-knots\\\/\",\"name\":\"Jouet KONG Weave Knots Kong - V\u00e9torino\",\"isPartOf\":{\"@id\":\"https:\\\/\\\/www.vetorino.com\\\/boutique\\\/#website\"},\"primaryImageOfPage\":{\"@id\":\"https:\\\/\\\/www.vetorino.com\\\/veterinaire\\\/leperreuxsurmarne-94170\\\/boutique\\\/product\\\/kong-weave-knots\\\/#primaryimage\"},\"image\":{\"@id\":\"https:\\\/\\\/www.vetorino.com\\\/veterinaire\\\/leperreuxsurmarne-94170\\\/boutique\\\/product\\\/kong-weave-knots\\\/#primaryimage\"},\"thumbnailUrl\":\"https:\\\/\\\/www.vetorino.com\\\/boutique\\\/wp-content\\\/uploads\\\/2020\\\/06\\\/Capture-decran-2023-05-30-a-12.05.04.png\",\"datePublished\":\"2020-06-29T23:06:46+00:00\",\"dateModified\":\"2024-05-27T03:31:52+00:00\",\"description\":\"-Corde en coton nou\u00e9e pour nettoyer les dents. -Con\u00e7us pour des heures de divertissement. -Id\u00e9al aussi bien pour jouer en solo qu'avec le ma\u00eetre.\",\"breadcrumb\":{\"@id\":\"https:\\\/\\\/www.vetorino.com\\\/veterinaire\\\/leperreuxsurmarne-94170\\\/boutique\\\/product\\\/kong-weave-knots\\\/#breadcrumb\"},\"inLanguage\":\"fr-FR\",\"potentialAction\":[{\"@type\":\"ReadAction\",\"target\":[\"https:\\\/\\\/www.vetorino.com\\\/veterinaire\\\/leperreuxsurmarne-94170\\\/boutique\\\/product\\\/kong-weave-knots\\\/\"]}]},{\"@type\":\"ImageObject\",\"inLanguage\":\"fr-FR\",\"@id\":\"https:\\\/\\\/www.vetorino.com\\\/veterinaire\\\/leperreuxsurmarne-94170\\\/boutique\\\/product\\\/kong-weave-knots\\\/#primaryimage\",\"url\":\"https:\\\/\\\/www.vetorino.com\\\/boutique\\\/wp-content\\\/uploads\\\/2020\\\/06\\\/Capture-decran-2023-05-30-a-12.05.04.png\",\"contentUrl\":\"https:\\\/\\\/www.vetorino.com\\\/boutique\\\/wp-content\\\/uploads\\\/2020\\\/06\\\/Capture-decran-2023-05-30-a-12.05.04.png\",\"width\":1500,\"height\":1406},{\"@type\":\"BreadcrumbList\",\"@id\":\"https:\\\/\\\/www.vetorino.com\\\/veterinaire\\\/leperreuxsurmarne-94170\\\/boutique\\\/product\\\/kong-weave-knots\\\/#breadcrumb\",\"itemListElement\":[{\"@type\":\"ListItem\",\"position\":1,\"name\":\"Accueil\",\"item\":\"https:\\\/\\\/www.vetorino.com\\\/boutique\\\/\"},{\"@type\":\"ListItem\",\"position\":2,\"name\":\"Produits\",\"item\":\"https:\\\/\\\/www.vetorino.com\\\/boutique\\\/\"},{\"@type\":\"ListItem\",\"position\":3,\"name\":\"Jouet KONG Weave Knots\"}]},{\"@type\":\"WebSite\",\"@id\":\"https:\\\/\\\/www.vetorino.com\\\/boutique\\\/#website\",\"url\":\"https:\\\/\\\/www.vetorino.com\\\/boutique\\\/\",\"name\":\"V\u00e9torino\",\"description\":\"\",\"publisher\":{\"@id\":\"https:\\\/\\\/www.vetorino.com\\\/boutique\\\/#organization\"},\"potentialAction\":[{\"@type\":\"SearchAction\",\"target\":{\"@type\":\"EntryPoint\",\"urlTemplate\":\"https:\\\/\\\/www.vetorino.com\\\/boutique\\\/?s={search_term_string}\"},\"query-input\":{\"@type\":\"PropertyValueSpecification\",\"valueRequired\":true,\"valueName\":\"search_term_string\"}}],\"inLanguage\":\"fr-FR\"},{\"@type\":\"Organization\",\"@id\":\"https:\\\/\\\/www.vetorino.com\\\/boutique\\\/#organization\",\"name\":\"V\u00e9torino\",\"url\":\"https:\\\/\\\/www.vetorino.com\\\/boutique\\\/\",\"logo\":{\"@type\":\"ImageObject\",\"inLanguage\":\"fr-FR\",\"@id\":\"https:\\\/\\\/www.vetorino.com\\\/boutique\\\/#\\\/schema\\\/logo\\\/image\\\/\",\"url\":\"https:\\\/\\\/www.vetorino.com\\\/boutique\\\/wp-content\\\/uploads\\\/2024\\\/10\\\/logo.jpg\",\"contentUrl\":\"https:\\\/\\\/www.vetorino.com\\\/boutique\\\/wp-content\\\/uploads\\\/2024\\\/10\\\/logo.jpg\",\"width\":1200,\"height\":610,\"caption\":\"V\u00e9torino\"},\"image\":{\"@id\":\"https:\\\/\\\/www.vetorino.com\\\/boutique\\\/#\\\/schema\\\/logo\\\/image\\\/\"},\"sameAs\":[\"https:\\\/\\\/www.facebook.com\\\/Vetorino\\\/\",\"https:\\\/\\\/www.instagram.com\\\/vetorino_off\\\/\",\"https:\\\/\\\/www.linkedin.com\\\/company\\\/vtorino\\\/\"]}]}<\/script>\n<meta property=\"product:brand\" content=\"Kong\" \/>\n<meta property=\"og:availability\" content=\"instock\" \/>\n<meta property=\"product:availability\" content=\"instock\" \/>\n<meta property=\"product:condition\" content=\"new\" \/>\n<!-- \/ Yoast SEO plugin. -->","yoast_head_json":{"title":"Jouet KONG Weave Knots Kong - V\u00e9torino","description":"-Corde en coton nou\u00e9e pour nettoyer les dents. -Con\u00e7us pour des heures de divertissement. -Id\u00e9al aussi bien pour jouer en solo qu'avec le ma\u00eetre.","robots":{"index":"noindex","follow":"nofollow"},"og_locale":"fr_FR","og_type":"article","og_title":"Jouet KONG Weave Knots Kong - V\u00e9torino","og_description":"-Corde en coton nou\u00e9e pour nettoyer les dents. -Con\u00e7us pour des heures de divertissement. -Id\u00e9al aussi bien pour jouer en solo qu'avec le ma\u00eetre.","og_url":"https:\/\/www.vetorino.com\/veterinaire\/confolens-16500\/boutique\/product\/kong-weave-knots\/","og_site_name":"V\u00e9torino","article_publisher":"https:\/\/www.facebook.com\/Vetorino\/","article_modified_time":"2024-05-27T03:31:52+00:00","og_image":[{"width":1500,"height":1406,"url":"https:\/\/www.vetorino.com\/boutique\/wp-content\/uploads\/2020\/06\/Capture-decran-2023-05-30-a-12.05.04.png","type":"image\/png"}],"twitter_card":"summary_large_image","twitter_misc":{"Disponibilit\u00e9":"En stock"},"schema":{"@context":"https:\/\/schema.org","@graph":[{"@type":"WebPage","@id":"https:\/\/www.vetorino.com\/veterinaire\/leperreuxsurmarne-94170\/boutique\/product\/kong-weave-knots\/","url":"https:\/\/www.vetorino.com\/veterinaire\/leperreuxsurmarne-94170\/boutique\/product\/kong-weave-knots\/","name":"Jouet KONG Weave Knots Kong - V\u00e9torino","isPartOf":{"@id":"https:\/\/www.vetorino.com\/boutique\/#website"},"primaryImageOfPage":{"@id":"https:\/\/www.vetorino.com\/veterinaire\/leperreuxsurmarne-94170\/boutique\/product\/kong-weave-knots\/#primaryimage"},"image":{"@id":"https:\/\/www.vetorino.com\/veterinaire\/leperreuxsurmarne-94170\/boutique\/product\/kong-weave-knots\/#primaryimage"},"thumbnailUrl":"https:\/\/www.vetorino.com\/boutique\/wp-content\/uploads\/2020\/06\/Capture-decran-2023-05-30-a-12.05.04.png","datePublished":"2020-06-29T23:06:46+00:00","dateModified":"2024-05-27T03:31:52+00:00","description":"-Corde en coton nou\u00e9e pour nettoyer les dents. -Con\u00e7us pour des heures de divertissement. -Id\u00e9al aussi bien pour jouer en solo qu'avec le ma\u00eetre.","breadcrumb":{"@id":"https:\/\/www.vetorino.com\/veterinaire\/leperreuxsurmarne-94170\/boutique\/product\/kong-weave-knots\/#breadcrumb"},"inLanguage":"fr-FR","potentialAction":[{"@type":"ReadAction","target":["https:\/\/www.vetorino.com\/veterinaire\/leperreuxsurmarne-94170\/boutique\/product\/kong-weave-knots\/"]}]},{"@type":"ImageObject","inLanguage":"fr-FR","@id":"https:\/\/www.vetorino.com\/veterinaire\/leperreuxsurmarne-94170\/boutique\/product\/kong-weave-knots\/#primaryimage","url":"https:\/\/www.vetorino.com\/boutique\/wp-content\/uploads\/2020\/06\/Capture-decran-2023-05-30-a-12.05.04.png","contentUrl":"https:\/\/www.vetorino.com\/boutique\/wp-content\/uploads\/2020\/06\/Capture-decran-2023-05-30-a-12.05.04.png","width":1500,"height":1406},{"@type":"BreadcrumbList","@id":"https:\/\/www.vetorino.com\/veterinaire\/leperreuxsurmarne-94170\/boutique\/product\/kong-weave-knots\/#breadcrumb","itemListElement":[{"@type":"ListItem","position":1,"name":"Accueil","item":"https:\/\/www.vetorino.com\/boutique\/"},{"@type":"ListItem","position":2,"name":"Produits","item":"https:\/\/www.vetorino.com\/boutique\/"},{"@type":"ListItem","position":3,"name":"Jouet KONG Weave Knots"}]},{"@type":"WebSite","@id":"https:\/\/www.vetorino.com\/boutique\/#website","url":"https:\/\/www.vetorino.com\/boutique\/","name":"V\u00e9torino","description":"","publisher":{"@id":"https:\/\/www.vetorino.com\/boutique\/#organization"},"potentialAction":[{"@type":"SearchAction","target":{"@type":"EntryPoint","urlTemplate":"https:\/\/www.vetorino.com\/boutique\/?s={search_term_string}"},"query-input":{"@type":"PropertyValueSpecification","valueRequired":true,"valueName":"search_term_string"}}],"inLanguage":"fr-FR"},{"@type":"Organization","@id":"https:\/\/www.vetorino.com\/boutique\/#organization","name":"V\u00e9torino","url":"https:\/\/www.vetorino.com\/boutique\/","logo":{"@type":"ImageObject","inLanguage":"fr-FR","@id":"https:\/\/www.vetorino.com\/boutique\/#\/schema\/logo\/image\/","url":"https:\/\/www.vetorino.com\/boutique\/wp-content\/uploads\/2024\/10\/logo.jpg","contentUrl":"https:\/\/www.vetorino.com\/boutique\/wp-content\/uploads\/2024\/10\/logo.jpg","width":1200,"height":610,"caption":"V\u00e9torino"},"image":{"@id":"https:\/\/www.vetorino.com\/boutique\/#\/schema\/logo\/image\/"},"sameAs":["https:\/\/www.facebook.com\/Vetorino\/","https:\/\/www.instagram.com\/vetorino_off\/","https:\/\/www.linkedin.com\/company\/vtorino\/"]}]},"product_brand":"Kong","og_availability":"instock","product_availability":"instock","product_condition":"new"},"_links":{"self":[{"href":"https:\/\/www.vetorino.com\/veterinaire\/confolens-16500\/boutique\/wp-json\/wp\/v2\/product\/98520","targetHints":{"allow":["GET"]}}],"collection":[{"href":"https:\/\/www.vetorino.com\/veterinaire\/confolens-16500\/boutique\/wp-json\/wp\/v2\/product"}],"about":[{"href":"https:\/\/www.vetorino.com\/veterinaire\/confolens-16500\/boutique\/wp-json\/wp\/v2\/types\/product"}],"wp:featuredmedia":[{"embeddable":true,"href":"https:\/\/www.vetorino.com\/veterinaire\/confolens-16500\/boutique\/wp-json\/wp\/v2\/media\/624439"}],"wp:attachment":[{"href":"https:\/\/www.vetorino.com\/veterinaire\/confolens-16500\/boutique\/wp-json\/wp\/v2\/media?parent=98520"}],"wp:term":[{"taxonomy":"product_cat","embeddable":true,"href":"https:\/\/www.vetorino.com\/veterinaire\/confolens-16500\/boutique\/wp-json\/wp\/v2\/product_cat?post=98520"},{"taxonomy":"product_tag","embeddable":true,"href":"https:\/\/www.vetorino.com\/veterinaire\/confolens-16500\/boutique\/wp-json\/wp\/v2\/product_tag?post=98520"}],"curies":[{"name":"wp","href":"https:\/\/api.w.org\/{rel}","templated":true}]}}