{"id":98571,"date":"2020-06-30T01:07:43","date_gmt":"2020-06-29T23:07:43","guid":{"rendered":"https:\/\/www.vetorino.com\/boutique\/product\/kong-ballistic-hiden-treat\/"},"modified":"2023-05-24T17:28:18","modified_gmt":"2023-05-24T15:28:18","slug":"kong-ballistic-hiden-treat","status":"publish","type":"product","link":"https:\/\/www.vetorino.com\/veterinaire\/confolens-16500\/boutique\/product\/kong-ballistic-hiden-treat\/","title":{"rendered":"Kong Ballistic Hide&#8217;n Treat"},"content":{"rendered":"<div class=\"hidden\">MATERIEL<\/div>\n<div class=\"hidden\">Chiens<\/div>\n<div class=\"hidden\">Kong<\/div>\n<p>KONG Ballistic Hide&#8217;n Treat est un jouet en peluche r\u00e9sistant dans lequel on peut cacher des friandises et occuper le chien \u00e0 travers diff\u00e9rents niveaux de difficult\u00e9 tout en offrant une exp\u00e9rience de mastication confortable.<\/p>\n<ul>\n<li>Ouvrez les poches pour un d\u00e9fi facile et les fermer pour augmenter la difficult\u00e9.<\/li>\n<li>Voulez-vous ajouter \u00e0 la session de jeu ? Fermer les p\u00e9tales compl\u00e8tement pour transformer le jouet en un jouet en forme de boule.<\/li>\n<li>Con\u00e7u avec des poches robustes et un Velcro\u00ae non abrasif.<\/li>\n<li>La toile lavable renforc\u00e9e\u00a0est suffisamment \u00e9paisse et consistante pour rester debout quand le jouet est ferm\u00e9.<\/li>\n<li>Facile \u00e0 nettoyer.<\/li>\n<\/ul>\n","protected":false},"excerpt":{"rendered":"<p>KONG Ballistic Hide&#8217;n Treat est un jouet en peluche r\u00e9sistant dans lequel on peut cacher des friandises et occuper le chien \u00e0 travers diff\u00e9rents niveaux de difficult\u00e9 tout en offrant une exp\u00e9rience de mastication confortable.<\/p>\n<p>Diam\u00e8tre\u00a0: 12,7\u00a0cm<\/p>\n","protected":false},"featured_media":621018,"template":"","meta":[],"product_cat":[12550,2698,12621],"product_tag":[],"class_list":{"0":"post-98571","1":"product","2":"type-product","3":"status-publish","4":"has-post-thumbnail","6":"product_cat-accessoires-du-chien","7":"product_cat-chien","8":"product_cat-jeux-educatifs-pour-chien","9":"pa_marque-kong","11":"first","12":"instock","13":"taxable","14":"shipping-taxable","15":"purchasable","16":"product-type-variable"},"yoast_head":"<!-- This site is optimized with the Yoast SEO plugin v27.3 - https:\/\/yoast.com\/product\/yoast-seo-wordpress\/ -->\n<title>Kong Ballistic Hide&#039;n Treat Kong - V\u00e9torino<\/title>\n<meta name=\"description\" content=\"KONG Ballistic Hide&#039;n Treat est un jouet en peluche r\u00e9sistant dans lequel on peut cacher des friandises et occuper le chien \u00e0 travers diff\u00e9rents niveaux de difficult\u00e9 tout en offrant une exp\u00e9rience de mastication confortable.  Diam\u00e8tre\u00a0: 12,7\u00a0cm\" \/>\n<meta name=\"robots\" content=\"noindex, nofollow\" \/>\n<meta property=\"og:locale\" content=\"fr_FR\" \/>\n<meta property=\"og:type\" content=\"article\" \/>\n<meta property=\"og:title\" content=\"Kong Ballistic Hide&#039;n Treat Kong - V\u00e9torino\" \/>\n<meta property=\"og:description\" content=\"KONG Ballistic Hide&#039;n Treat est un jouet en peluche r\u00e9sistant dans lequel on peut cacher des friandises et occuper le chien \u00e0 travers diff\u00e9rents niveaux de difficult\u00e9 tout en offrant une exp\u00e9rience de mastication confortable.  Diam\u00e8tre\u00a0: 12,7\u00a0cm\" \/>\n<meta property=\"og:url\" content=\"https:\/\/www.vetorino.com\/veterinaire\/confolens-16500\/boutique\/product\/kong-ballistic-hiden-treat\/\" \/>\n<meta property=\"og:site_name\" content=\"V\u00e9torino\" \/>\n<meta property=\"article:publisher\" content=\"https:\/\/www.facebook.com\/Vetorino\/\" \/>\n<meta property=\"article:modified_time\" content=\"2023-05-24T15:28:18+00:00\" \/>\n<meta property=\"og:image\" content=\"https:\/\/www.vetorino.com\/boutique\/wp-content\/uploads\/2020\/06\/3a4e68f24ef518fe0853176e3e73096d378f8323_1654177ccc6f6d406aa465c57b96cb08a18bf073.jpg\" \/>\n\t<meta property=\"og:image:width\" content=\"800\" \/>\n\t<meta property=\"og:image:height\" content=\"800\" \/>\n\t<meta property=\"og:image:type\" content=\"image\/jpeg\" \/>\n<meta name=\"twitter:card\" content=\"summary_large_image\" \/>\n<meta name=\"twitter:label1\" content=\"Disponibilit\u00e9\" \/>\n\t<meta name=\"twitter:data1\" content=\"En stock\" \/>\n<script type=\"application\/ld+json\" class=\"yoast-schema-graph\">{\"@context\":\"https:\\\/\\\/schema.org\",\"@graph\":[{\"@type\":\"WebPage\",\"@id\":\"https:\\\/\\\/www.vetorino.com\\\/boutique\\\/product\\\/kong-ballistic-hiden-treat\\\/\",\"url\":\"https:\\\/\\\/www.vetorino.com\\\/boutique\\\/product\\\/kong-ballistic-hiden-treat\\\/\",\"name\":\"Kong Ballistic Hide'n Treat Kong - V\u00e9torino\",\"isPartOf\":{\"@id\":\"https:\\\/\\\/www.vetorino.com\\\/boutique\\\/#website\"},\"primaryImageOfPage\":{\"@id\":\"https:\\\/\\\/www.vetorino.com\\\/boutique\\\/product\\\/kong-ballistic-hiden-treat\\\/#primaryimage\"},\"image\":{\"@id\":\"https:\\\/\\\/www.vetorino.com\\\/boutique\\\/product\\\/kong-ballistic-hiden-treat\\\/#primaryimage\"},\"thumbnailUrl\":\"https:\\\/\\\/www.vetorino.com\\\/boutique\\\/wp-content\\\/uploads\\\/2020\\\/06\\\/3a4e68f24ef518fe0853176e3e73096d378f8323_1654177ccc6f6d406aa465c57b96cb08a18bf073.jpg\",\"datePublished\":\"2020-06-29T23:07:43+00:00\",\"dateModified\":\"2023-05-24T15:28:18+00:00\",\"description\":\"KONG Ballistic Hide'n Treat est un jouet en peluche r\u00e9sistant dans lequel on peut cacher des friandises et occuper le chien \u00e0 travers diff\u00e9rents niveaux de difficult\u00e9 tout en offrant une exp\u00e9rience de mastication confortable. Diam\u00e8tre\u00a0: 12,7\u00a0cm\",\"breadcrumb\":{\"@id\":\"https:\\\/\\\/www.vetorino.com\\\/boutique\\\/product\\\/kong-ballistic-hiden-treat\\\/#breadcrumb\"},\"inLanguage\":\"fr-FR\",\"potentialAction\":[{\"@type\":\"ReadAction\",\"target\":[\"https:\\\/\\\/www.vetorino.com\\\/boutique\\\/product\\\/kong-ballistic-hiden-treat\\\/\"]}]},{\"@type\":\"ImageObject\",\"inLanguage\":\"fr-FR\",\"@id\":\"https:\\\/\\\/www.vetorino.com\\\/boutique\\\/product\\\/kong-ballistic-hiden-treat\\\/#primaryimage\",\"url\":\"https:\\\/\\\/www.vetorino.com\\\/boutique\\\/wp-content\\\/uploads\\\/2020\\\/06\\\/3a4e68f24ef518fe0853176e3e73096d378f8323_1654177ccc6f6d406aa465c57b96cb08a18bf073.jpg\",\"contentUrl\":\"https:\\\/\\\/www.vetorino.com\\\/boutique\\\/wp-content\\\/uploads\\\/2020\\\/06\\\/3a4e68f24ef518fe0853176e3e73096d378f8323_1654177ccc6f6d406aa465c57b96cb08a18bf073.jpg\",\"width\":800,\"height\":800},{\"@type\":\"BreadcrumbList\",\"@id\":\"https:\\\/\\\/www.vetorino.com\\\/boutique\\\/product\\\/kong-ballistic-hiden-treat\\\/#breadcrumb\",\"itemListElement\":[{\"@type\":\"ListItem\",\"position\":1,\"name\":\"Accueil\",\"item\":\"https:\\\/\\\/www.vetorino.com\\\/boutique\\\/\"},{\"@type\":\"ListItem\",\"position\":2,\"name\":\"Produits\",\"item\":\"https:\\\/\\\/www.vetorino.com\\\/boutique\\\/\"},{\"@type\":\"ListItem\",\"position\":3,\"name\":\"Kong Ballistic Hide&#8217;n Treat\"}]},{\"@type\":\"WebSite\",\"@id\":\"https:\\\/\\\/www.vetorino.com\\\/boutique\\\/#website\",\"url\":\"https:\\\/\\\/www.vetorino.com\\\/boutique\\\/\",\"name\":\"V\u00e9torino\",\"description\":\"\",\"publisher\":{\"@id\":\"https:\\\/\\\/www.vetorino.com\\\/boutique\\\/#organization\"},\"potentialAction\":[{\"@type\":\"SearchAction\",\"target\":{\"@type\":\"EntryPoint\",\"urlTemplate\":\"https:\\\/\\\/www.vetorino.com\\\/boutique\\\/?s={search_term_string}\"},\"query-input\":{\"@type\":\"PropertyValueSpecification\",\"valueRequired\":true,\"valueName\":\"search_term_string\"}}],\"inLanguage\":\"fr-FR\"},{\"@type\":\"Organization\",\"@id\":\"https:\\\/\\\/www.vetorino.com\\\/boutique\\\/#organization\",\"name\":\"V\u00e9torino\",\"url\":\"https:\\\/\\\/www.vetorino.com\\\/boutique\\\/\",\"logo\":{\"@type\":\"ImageObject\",\"inLanguage\":\"fr-FR\",\"@id\":\"https:\\\/\\\/www.vetorino.com\\\/boutique\\\/#\\\/schema\\\/logo\\\/image\\\/\",\"url\":\"https:\\\/\\\/www.vetorino.com\\\/boutique\\\/wp-content\\\/uploads\\\/2024\\\/10\\\/logo.jpg\",\"contentUrl\":\"https:\\\/\\\/www.vetorino.com\\\/boutique\\\/wp-content\\\/uploads\\\/2024\\\/10\\\/logo.jpg\",\"width\":1200,\"height\":610,\"caption\":\"V\u00e9torino\"},\"image\":{\"@id\":\"https:\\\/\\\/www.vetorino.com\\\/boutique\\\/#\\\/schema\\\/logo\\\/image\\\/\"},\"sameAs\":[\"https:\\\/\\\/www.facebook.com\\\/Vetorino\\\/\",\"https:\\\/\\\/www.instagram.com\\\/vetorino_off\\\/\",\"https:\\\/\\\/www.linkedin.com\\\/company\\\/vtorino\\\/\"]}]}<\/script>\n<meta property=\"product:brand\" content=\"Kong\" \/>\n<meta property=\"og:availability\" content=\"instock\" \/>\n<meta property=\"product:availability\" content=\"instock\" \/>\n<meta property=\"product:condition\" content=\"new\" \/>\n<!-- \/ Yoast SEO plugin. -->","yoast_head_json":{"title":"Kong Ballistic Hide'n Treat Kong - V\u00e9torino","description":"KONG Ballistic Hide'n Treat est un jouet en peluche r\u00e9sistant dans lequel on peut cacher des friandises et occuper le chien \u00e0 travers diff\u00e9rents niveaux de difficult\u00e9 tout en offrant une exp\u00e9rience de mastication confortable.  Diam\u00e8tre\u00a0: 12,7\u00a0cm","robots":{"index":"noindex","follow":"nofollow"},"og_locale":"fr_FR","og_type":"article","og_title":"Kong Ballistic Hide'n Treat Kong - V\u00e9torino","og_description":"KONG Ballistic Hide'n Treat est un jouet en peluche r\u00e9sistant dans lequel on peut cacher des friandises et occuper le chien \u00e0 travers diff\u00e9rents niveaux de difficult\u00e9 tout en offrant une exp\u00e9rience de mastication confortable.  Diam\u00e8tre\u00a0: 12,7\u00a0cm","og_url":"https:\/\/www.vetorino.com\/veterinaire\/confolens-16500\/boutique\/product\/kong-ballistic-hiden-treat\/","og_site_name":"V\u00e9torino","article_publisher":"https:\/\/www.facebook.com\/Vetorino\/","article_modified_time":"2023-05-24T15:28:18+00:00","og_image":[{"width":800,"height":800,"url":"https:\/\/www.vetorino.com\/boutique\/wp-content\/uploads\/2020\/06\/3a4e68f24ef518fe0853176e3e73096d378f8323_1654177ccc6f6d406aa465c57b96cb08a18bf073.jpg","type":"image\/jpeg"}],"twitter_card":"summary_large_image","twitter_misc":{"Disponibilit\u00e9":"En stock"},"schema":{"@context":"https:\/\/schema.org","@graph":[{"@type":"WebPage","@id":"https:\/\/www.vetorino.com\/boutique\/product\/kong-ballistic-hiden-treat\/","url":"https:\/\/www.vetorino.com\/boutique\/product\/kong-ballistic-hiden-treat\/","name":"Kong Ballistic Hide'n Treat Kong - V\u00e9torino","isPartOf":{"@id":"https:\/\/www.vetorino.com\/boutique\/#website"},"primaryImageOfPage":{"@id":"https:\/\/www.vetorino.com\/boutique\/product\/kong-ballistic-hiden-treat\/#primaryimage"},"image":{"@id":"https:\/\/www.vetorino.com\/boutique\/product\/kong-ballistic-hiden-treat\/#primaryimage"},"thumbnailUrl":"https:\/\/www.vetorino.com\/boutique\/wp-content\/uploads\/2020\/06\/3a4e68f24ef518fe0853176e3e73096d378f8323_1654177ccc6f6d406aa465c57b96cb08a18bf073.jpg","datePublished":"2020-06-29T23:07:43+00:00","dateModified":"2023-05-24T15:28:18+00:00","description":"KONG Ballistic Hide'n Treat est un jouet en peluche r\u00e9sistant dans lequel on peut cacher des friandises et occuper le chien \u00e0 travers diff\u00e9rents niveaux de difficult\u00e9 tout en offrant une exp\u00e9rience de mastication confortable. Diam\u00e8tre\u00a0: 12,7\u00a0cm","breadcrumb":{"@id":"https:\/\/www.vetorino.com\/boutique\/product\/kong-ballistic-hiden-treat\/#breadcrumb"},"inLanguage":"fr-FR","potentialAction":[{"@type":"ReadAction","target":["https:\/\/www.vetorino.com\/boutique\/product\/kong-ballistic-hiden-treat\/"]}]},{"@type":"ImageObject","inLanguage":"fr-FR","@id":"https:\/\/www.vetorino.com\/boutique\/product\/kong-ballistic-hiden-treat\/#primaryimage","url":"https:\/\/www.vetorino.com\/boutique\/wp-content\/uploads\/2020\/06\/3a4e68f24ef518fe0853176e3e73096d378f8323_1654177ccc6f6d406aa465c57b96cb08a18bf073.jpg","contentUrl":"https:\/\/www.vetorino.com\/boutique\/wp-content\/uploads\/2020\/06\/3a4e68f24ef518fe0853176e3e73096d378f8323_1654177ccc6f6d406aa465c57b96cb08a18bf073.jpg","width":800,"height":800},{"@type":"BreadcrumbList","@id":"https:\/\/www.vetorino.com\/boutique\/product\/kong-ballistic-hiden-treat\/#breadcrumb","itemListElement":[{"@type":"ListItem","position":1,"name":"Accueil","item":"https:\/\/www.vetorino.com\/boutique\/"},{"@type":"ListItem","position":2,"name":"Produits","item":"https:\/\/www.vetorino.com\/boutique\/"},{"@type":"ListItem","position":3,"name":"Kong Ballistic Hide&#8217;n Treat"}]},{"@type":"WebSite","@id":"https:\/\/www.vetorino.com\/boutique\/#website","url":"https:\/\/www.vetorino.com\/boutique\/","name":"V\u00e9torino","description":"","publisher":{"@id":"https:\/\/www.vetorino.com\/boutique\/#organization"},"potentialAction":[{"@type":"SearchAction","target":{"@type":"EntryPoint","urlTemplate":"https:\/\/www.vetorino.com\/boutique\/?s={search_term_string}"},"query-input":{"@type":"PropertyValueSpecification","valueRequired":true,"valueName":"search_term_string"}}],"inLanguage":"fr-FR"},{"@type":"Organization","@id":"https:\/\/www.vetorino.com\/boutique\/#organization","name":"V\u00e9torino","url":"https:\/\/www.vetorino.com\/boutique\/","logo":{"@type":"ImageObject","inLanguage":"fr-FR","@id":"https:\/\/www.vetorino.com\/boutique\/#\/schema\/logo\/image\/","url":"https:\/\/www.vetorino.com\/boutique\/wp-content\/uploads\/2024\/10\/logo.jpg","contentUrl":"https:\/\/www.vetorino.com\/boutique\/wp-content\/uploads\/2024\/10\/logo.jpg","width":1200,"height":610,"caption":"V\u00e9torino"},"image":{"@id":"https:\/\/www.vetorino.com\/boutique\/#\/schema\/logo\/image\/"},"sameAs":["https:\/\/www.facebook.com\/Vetorino\/","https:\/\/www.instagram.com\/vetorino_off\/","https:\/\/www.linkedin.com\/company\/vtorino\/"]}]},"product_brand":"Kong","og_availability":"instock","product_availability":"instock","product_condition":"new"},"_links":{"self":[{"href":"https:\/\/www.vetorino.com\/veterinaire\/confolens-16500\/boutique\/wp-json\/wp\/v2\/product\/98571","targetHints":{"allow":["GET"]}}],"collection":[{"href":"https:\/\/www.vetorino.com\/veterinaire\/confolens-16500\/boutique\/wp-json\/wp\/v2\/product"}],"about":[{"href":"https:\/\/www.vetorino.com\/veterinaire\/confolens-16500\/boutique\/wp-json\/wp\/v2\/types\/product"}],"wp:featuredmedia":[{"embeddable":true,"href":"https:\/\/www.vetorino.com\/veterinaire\/confolens-16500\/boutique\/wp-json\/wp\/v2\/media\/621018"}],"wp:attachment":[{"href":"https:\/\/www.vetorino.com\/veterinaire\/confolens-16500\/boutique\/wp-json\/wp\/v2\/media?parent=98571"}],"wp:term":[{"taxonomy":"product_cat","embeddable":true,"href":"https:\/\/www.vetorino.com\/veterinaire\/confolens-16500\/boutique\/wp-json\/wp\/v2\/product_cat?post=98571"},{"taxonomy":"product_tag","embeddable":true,"href":"https:\/\/www.vetorino.com\/veterinaire\/confolens-16500\/boutique\/wp-json\/wp\/v2\/product_tag?post=98571"}],"curies":[{"name":"wp","href":"https:\/\/api.w.org\/{rel}","templated":true}]}}