{"id":98609,"date":"2020-06-30T01:08:12","date_gmt":"2020-06-29T23:08:12","guid":{"rendered":"https:\/\/www.vetorino.com\/boutique\/product\/kong-low-stuff-speckles\/"},"modified":"2024-05-17T10:27:27","modified_gmt":"2024-05-17T08:27:27","slug":"kong-low-stuff-speckles","status":"publish","type":"product","link":"https:\/\/www.vetorino.com\/veterinaire\/confolens-16500\/boutique\/product\/kong-low-stuff-speckles\/","title":{"rendered":"Kong Low Stuff Speckles"},"content":{"rendered":"<div class=\"hidden\">MATERIEL<\/div>\n<div class=\"hidden\">Chiens<\/div>\n<div class=\"hidden\">Kong<\/div>\n<div>\n<div>\n<div>\n<div>\n<div>\n<div>\n<div>\n<p>Les mouchetures du Kong Low Stuff ajoutent de l\u2019amusement et\u00a0des sons froiss\u00e9s et un couinement\u00a0encouragent au jeu.<br \/>\nLe corps, long et plat, les oreilles d\u00e9coll\u00e9es, font du Kong Low Stuff l\u2019id\u00e9al pour jouer \u00e0 l\u2019int\u00e9rieur tout en satisfaisant les instincts de jeu d\u2019un chien.<\/p>\n<ul>\n<li>Faible rembourrage pour moins de d\u00e9g\u00e2ts et\u00a0des coutures renforc\u00e9es.<\/li>\n<\/ul>\n<\/div>\n<\/div>\n<\/div>\n<\/div>\n<\/div>\n<\/div>\n<\/div>\n","protected":false},"excerpt":{"rendered":"<p>Le corps, long et plat, les oreilles d\u00e9coll\u00e9es, font du Kong Low Stuff l\u2019id\u00e9al pour jouer \u00e0 l\u2019int\u00e9rieur tout en satisfaisant les instincts de jeu d\u2019un chien.<\/p>\n<p><strong>Caract\u00e9ristiques :<\/strong><\/p>\n<ul>\n<li>Faible rembourrage pour moins de d\u00e9g\u00e2ts et des coutures renforc\u00e9es.<\/li>\n<li>Un pouic sonore pour attiser son excitation<\/li>\n<li>Un corps qui craque quand on le mordille<\/li>\n<li>Peluche toute longue pour plus de fun quand on le secoue<\/li>\n<li>Un design original et des pois color\u00e9s pour ne pas passer inaper\u00e7u<\/li>\n<\/ul>\n","protected":false},"featured_media":620990,"template":"","meta":[],"product_cat":[12550,2698,12621],"product_tag":[],"class_list":{"0":"post-98609","1":"product","2":"type-product","3":"status-publish","4":"has-post-thumbnail","6":"product_cat-accessoires-du-chien","7":"product_cat-chien","8":"product_cat-jeux-educatifs-pour-chien","9":"pa_marque-kong","11":"first","12":"instock","13":"taxable","14":"shipping-taxable","15":"purchasable","16":"product-type-variable"},"yoast_head":"<!-- This site is optimized with the Yoast SEO plugin v27.3 - https:\/\/yoast.com\/product\/yoast-seo-wordpress\/ -->\n<title>Kong Low Stuff Speckles Kong - V\u00e9torino<\/title>\n<meta name=\"description\" content=\"Le corps, long et plat, les oreilles d\u00e9coll\u00e9es, font du Kong Low Stuff l\u2019id\u00e9al pour jouer \u00e0 l\u2019int\u00e9rieur tout en satisfaisant les instincts de jeu d\u2019un chien.  Caract\u00e9ristiques :   Faible rembourrage pour moins de d\u00e9g\u00e2ts et des coutures renforc\u00e9es.  Un pouic sonore pour attiser son excitation  Un corps qui craque quand on le mordille  Peluche toute longue pour plus de fun quand on le secoue  Un design original et des pois color\u00e9s pour ne pas passer inaper\u00e7u\" \/>\n<meta name=\"robots\" content=\"noindex, nofollow\" \/>\n<meta property=\"og:locale\" content=\"fr_FR\" \/>\n<meta property=\"og:type\" content=\"article\" \/>\n<meta property=\"og:title\" content=\"Kong Low Stuff Speckles Kong - V\u00e9torino\" \/>\n<meta property=\"og:description\" content=\"Le corps, long et plat, les oreilles d\u00e9coll\u00e9es, font du Kong Low Stuff l\u2019id\u00e9al pour jouer \u00e0 l\u2019int\u00e9rieur tout en satisfaisant les instincts de jeu d\u2019un chien.  Caract\u00e9ristiques :   Faible rembourrage pour moins de d\u00e9g\u00e2ts et des coutures renforc\u00e9es.  Un pouic sonore pour attiser son excitation  Un corps qui craque quand on le mordille  Peluche toute longue pour plus de fun quand on le secoue  Un design original et des pois color\u00e9s pour ne pas passer inaper\u00e7u\" \/>\n<meta property=\"og:url\" content=\"https:\/\/www.vetorino.com\/veterinaire\/confolens-16500\/boutique\/product\/kong-low-stuff-speckles\/\" \/>\n<meta property=\"og:site_name\" content=\"V\u00e9torino\" \/>\n<meta property=\"article:publisher\" content=\"https:\/\/www.facebook.com\/Vetorino\/\" \/>\n<meta property=\"article:modified_time\" content=\"2024-05-17T08:27:27+00:00\" \/>\n<meta property=\"og:image\" content=\"https:\/\/www.vetorino.com\/boutique\/wp-content\/uploads\/2020\/06\/kong-low-stuff-speckles.jpg\" \/>\n\t<meta property=\"og:image:width\" content=\"455\" \/>\n\t<meta property=\"og:image:height\" content=\"455\" \/>\n\t<meta property=\"og:image:type\" content=\"image\/jpeg\" \/>\n<meta name=\"twitter:card\" content=\"summary_large_image\" \/>\n<meta name=\"twitter:label1\" content=\"Disponibilit\u00e9\" \/>\n\t<meta name=\"twitter:data1\" content=\"En stock\" \/>\n<script type=\"application\/ld+json\" class=\"yoast-schema-graph\">{\"@context\":\"https:\\\/\\\/schema.org\",\"@graph\":[{\"@type\":\"WebPage\",\"@id\":\"https:\\\/\\\/www.vetorino.com\\\/boutique\\\/product\\\/kong-low-stuff-speckles\\\/\",\"url\":\"https:\\\/\\\/www.vetorino.com\\\/boutique\\\/product\\\/kong-low-stuff-speckles\\\/\",\"name\":\"Kong Low Stuff Speckles Kong - V\u00e9torino\",\"isPartOf\":{\"@id\":\"https:\\\/\\\/www.vetorino.com\\\/boutique\\\/#website\"},\"primaryImageOfPage\":{\"@id\":\"https:\\\/\\\/www.vetorino.com\\\/boutique\\\/product\\\/kong-low-stuff-speckles\\\/#primaryimage\"},\"image\":{\"@id\":\"https:\\\/\\\/www.vetorino.com\\\/boutique\\\/product\\\/kong-low-stuff-speckles\\\/#primaryimage\"},\"thumbnailUrl\":\"https:\\\/\\\/www.vetorino.com\\\/boutique\\\/wp-content\\\/uploads\\\/2020\\\/06\\\/kong-low-stuff-speckles.jpg\",\"datePublished\":\"2020-06-29T23:08:12+00:00\",\"dateModified\":\"2024-05-17T08:27:27+00:00\",\"description\":\"Le corps, long et plat, les oreilles d\u00e9coll\u00e9es, font du Kong Low Stuff l\u2019id\u00e9al pour jouer \u00e0 l\u2019int\u00e9rieur tout en satisfaisant les instincts de jeu d\u2019un chien. Caract\u00e9ristiques : Faible rembourrage pour moins de d\u00e9g\u00e2ts et des coutures renforc\u00e9es. Un pouic sonore pour attiser son excitation Un corps qui craque quand on le mordille Peluche toute longue pour plus de fun quand on le secoue Un design original et des pois color\u00e9s pour ne pas passer inaper\u00e7u\",\"breadcrumb\":{\"@id\":\"https:\\\/\\\/www.vetorino.com\\\/boutique\\\/product\\\/kong-low-stuff-speckles\\\/#breadcrumb\"},\"inLanguage\":\"fr-FR\",\"potentialAction\":[{\"@type\":\"ReadAction\",\"target\":[\"https:\\\/\\\/www.vetorino.com\\\/boutique\\\/product\\\/kong-low-stuff-speckles\\\/\"]}]},{\"@type\":\"ImageObject\",\"inLanguage\":\"fr-FR\",\"@id\":\"https:\\\/\\\/www.vetorino.com\\\/boutique\\\/product\\\/kong-low-stuff-speckles\\\/#primaryimage\",\"url\":\"https:\\\/\\\/www.vetorino.com\\\/boutique\\\/wp-content\\\/uploads\\\/2020\\\/06\\\/kong-low-stuff-speckles.jpg\",\"contentUrl\":\"https:\\\/\\\/www.vetorino.com\\\/boutique\\\/wp-content\\\/uploads\\\/2020\\\/06\\\/kong-low-stuff-speckles.jpg\",\"width\":455,\"height\":455},{\"@type\":\"BreadcrumbList\",\"@id\":\"https:\\\/\\\/www.vetorino.com\\\/boutique\\\/product\\\/kong-low-stuff-speckles\\\/#breadcrumb\",\"itemListElement\":[{\"@type\":\"ListItem\",\"position\":1,\"name\":\"Accueil\",\"item\":\"https:\\\/\\\/www.vetorino.com\\\/boutique\\\/\"},{\"@type\":\"ListItem\",\"position\":2,\"name\":\"Produits\",\"item\":\"https:\\\/\\\/www.vetorino.com\\\/boutique\\\/\"},{\"@type\":\"ListItem\",\"position\":3,\"name\":\"Kong Low Stuff Speckles\"}]},{\"@type\":\"WebSite\",\"@id\":\"https:\\\/\\\/www.vetorino.com\\\/boutique\\\/#website\",\"url\":\"https:\\\/\\\/www.vetorino.com\\\/boutique\\\/\",\"name\":\"V\u00e9torino\",\"description\":\"\",\"publisher\":{\"@id\":\"https:\\\/\\\/www.vetorino.com\\\/boutique\\\/#organization\"},\"potentialAction\":[{\"@type\":\"SearchAction\",\"target\":{\"@type\":\"EntryPoint\",\"urlTemplate\":\"https:\\\/\\\/www.vetorino.com\\\/boutique\\\/?s={search_term_string}\"},\"query-input\":{\"@type\":\"PropertyValueSpecification\",\"valueRequired\":true,\"valueName\":\"search_term_string\"}}],\"inLanguage\":\"fr-FR\"},{\"@type\":\"Organization\",\"@id\":\"https:\\\/\\\/www.vetorino.com\\\/boutique\\\/#organization\",\"name\":\"V\u00e9torino\",\"url\":\"https:\\\/\\\/www.vetorino.com\\\/boutique\\\/\",\"logo\":{\"@type\":\"ImageObject\",\"inLanguage\":\"fr-FR\",\"@id\":\"https:\\\/\\\/www.vetorino.com\\\/boutique\\\/#\\\/schema\\\/logo\\\/image\\\/\",\"url\":\"https:\\\/\\\/www.vetorino.com\\\/boutique\\\/wp-content\\\/uploads\\\/2024\\\/10\\\/logo.jpg\",\"contentUrl\":\"https:\\\/\\\/www.vetorino.com\\\/boutique\\\/wp-content\\\/uploads\\\/2024\\\/10\\\/logo.jpg\",\"width\":1200,\"height\":610,\"caption\":\"V\u00e9torino\"},\"image\":{\"@id\":\"https:\\\/\\\/www.vetorino.com\\\/boutique\\\/#\\\/schema\\\/logo\\\/image\\\/\"},\"sameAs\":[\"https:\\\/\\\/www.facebook.com\\\/Vetorino\\\/\",\"https:\\\/\\\/www.instagram.com\\\/vetorino_off\\\/\",\"https:\\\/\\\/www.linkedin.com\\\/company\\\/vtorino\\\/\"]}]}<\/script>\n<meta property=\"product:brand\" content=\"Kong\" \/>\n<meta property=\"og:availability\" content=\"instock\" \/>\n<meta property=\"product:availability\" content=\"instock\" \/>\n<meta property=\"product:condition\" content=\"new\" \/>\n<!-- \/ Yoast SEO plugin. -->","yoast_head_json":{"title":"Kong Low Stuff Speckles Kong - V\u00e9torino","description":"Le corps, long et plat, les oreilles d\u00e9coll\u00e9es, font du Kong Low Stuff l\u2019id\u00e9al pour jouer \u00e0 l\u2019int\u00e9rieur tout en satisfaisant les instincts de jeu d\u2019un chien.  Caract\u00e9ristiques :   Faible rembourrage pour moins de d\u00e9g\u00e2ts et des coutures renforc\u00e9es.  Un pouic sonore pour attiser son excitation  Un corps qui craque quand on le mordille  Peluche toute longue pour plus de fun quand on le secoue  Un design original et des pois color\u00e9s pour ne pas passer inaper\u00e7u","robots":{"index":"noindex","follow":"nofollow"},"og_locale":"fr_FR","og_type":"article","og_title":"Kong Low Stuff Speckles Kong - V\u00e9torino","og_description":"Le corps, long et plat, les oreilles d\u00e9coll\u00e9es, font du Kong Low Stuff l\u2019id\u00e9al pour jouer \u00e0 l\u2019int\u00e9rieur tout en satisfaisant les instincts de jeu d\u2019un chien.  Caract\u00e9ristiques :   Faible rembourrage pour moins de d\u00e9g\u00e2ts et des coutures renforc\u00e9es.  Un pouic sonore pour attiser son excitation  Un corps qui craque quand on le mordille  Peluche toute longue pour plus de fun quand on le secoue  Un design original et des pois color\u00e9s pour ne pas passer inaper\u00e7u","og_url":"https:\/\/www.vetorino.com\/veterinaire\/confolens-16500\/boutique\/product\/kong-low-stuff-speckles\/","og_site_name":"V\u00e9torino","article_publisher":"https:\/\/www.facebook.com\/Vetorino\/","article_modified_time":"2024-05-17T08:27:27+00:00","og_image":[{"width":455,"height":455,"url":"https:\/\/www.vetorino.com\/boutique\/wp-content\/uploads\/2020\/06\/kong-low-stuff-speckles.jpg","type":"image\/jpeg"}],"twitter_card":"summary_large_image","twitter_misc":{"Disponibilit\u00e9":"En stock"},"schema":{"@context":"https:\/\/schema.org","@graph":[{"@type":"WebPage","@id":"https:\/\/www.vetorino.com\/boutique\/product\/kong-low-stuff-speckles\/","url":"https:\/\/www.vetorino.com\/boutique\/product\/kong-low-stuff-speckles\/","name":"Kong Low Stuff Speckles Kong - V\u00e9torino","isPartOf":{"@id":"https:\/\/www.vetorino.com\/boutique\/#website"},"primaryImageOfPage":{"@id":"https:\/\/www.vetorino.com\/boutique\/product\/kong-low-stuff-speckles\/#primaryimage"},"image":{"@id":"https:\/\/www.vetorino.com\/boutique\/product\/kong-low-stuff-speckles\/#primaryimage"},"thumbnailUrl":"https:\/\/www.vetorino.com\/boutique\/wp-content\/uploads\/2020\/06\/kong-low-stuff-speckles.jpg","datePublished":"2020-06-29T23:08:12+00:00","dateModified":"2024-05-17T08:27:27+00:00","description":"Le corps, long et plat, les oreilles d\u00e9coll\u00e9es, font du Kong Low Stuff l\u2019id\u00e9al pour jouer \u00e0 l\u2019int\u00e9rieur tout en satisfaisant les instincts de jeu d\u2019un chien. Caract\u00e9ristiques : Faible rembourrage pour moins de d\u00e9g\u00e2ts et des coutures renforc\u00e9es. Un pouic sonore pour attiser son excitation Un corps qui craque quand on le mordille Peluche toute longue pour plus de fun quand on le secoue Un design original et des pois color\u00e9s pour ne pas passer inaper\u00e7u","breadcrumb":{"@id":"https:\/\/www.vetorino.com\/boutique\/product\/kong-low-stuff-speckles\/#breadcrumb"},"inLanguage":"fr-FR","potentialAction":[{"@type":"ReadAction","target":["https:\/\/www.vetorino.com\/boutique\/product\/kong-low-stuff-speckles\/"]}]},{"@type":"ImageObject","inLanguage":"fr-FR","@id":"https:\/\/www.vetorino.com\/boutique\/product\/kong-low-stuff-speckles\/#primaryimage","url":"https:\/\/www.vetorino.com\/boutique\/wp-content\/uploads\/2020\/06\/kong-low-stuff-speckles.jpg","contentUrl":"https:\/\/www.vetorino.com\/boutique\/wp-content\/uploads\/2020\/06\/kong-low-stuff-speckles.jpg","width":455,"height":455},{"@type":"BreadcrumbList","@id":"https:\/\/www.vetorino.com\/boutique\/product\/kong-low-stuff-speckles\/#breadcrumb","itemListElement":[{"@type":"ListItem","position":1,"name":"Accueil","item":"https:\/\/www.vetorino.com\/boutique\/"},{"@type":"ListItem","position":2,"name":"Produits","item":"https:\/\/www.vetorino.com\/boutique\/"},{"@type":"ListItem","position":3,"name":"Kong Low Stuff Speckles"}]},{"@type":"WebSite","@id":"https:\/\/www.vetorino.com\/boutique\/#website","url":"https:\/\/www.vetorino.com\/boutique\/","name":"V\u00e9torino","description":"","publisher":{"@id":"https:\/\/www.vetorino.com\/boutique\/#organization"},"potentialAction":[{"@type":"SearchAction","target":{"@type":"EntryPoint","urlTemplate":"https:\/\/www.vetorino.com\/boutique\/?s={search_term_string}"},"query-input":{"@type":"PropertyValueSpecification","valueRequired":true,"valueName":"search_term_string"}}],"inLanguage":"fr-FR"},{"@type":"Organization","@id":"https:\/\/www.vetorino.com\/boutique\/#organization","name":"V\u00e9torino","url":"https:\/\/www.vetorino.com\/boutique\/","logo":{"@type":"ImageObject","inLanguage":"fr-FR","@id":"https:\/\/www.vetorino.com\/boutique\/#\/schema\/logo\/image\/","url":"https:\/\/www.vetorino.com\/boutique\/wp-content\/uploads\/2024\/10\/logo.jpg","contentUrl":"https:\/\/www.vetorino.com\/boutique\/wp-content\/uploads\/2024\/10\/logo.jpg","width":1200,"height":610,"caption":"V\u00e9torino"},"image":{"@id":"https:\/\/www.vetorino.com\/boutique\/#\/schema\/logo\/image\/"},"sameAs":["https:\/\/www.facebook.com\/Vetorino\/","https:\/\/www.instagram.com\/vetorino_off\/","https:\/\/www.linkedin.com\/company\/vtorino\/"]}]},"product_brand":"Kong","og_availability":"instock","product_availability":"instock","product_condition":"new"},"_links":{"self":[{"href":"https:\/\/www.vetorino.com\/veterinaire\/confolens-16500\/boutique\/wp-json\/wp\/v2\/product\/98609","targetHints":{"allow":["GET"]}}],"collection":[{"href":"https:\/\/www.vetorino.com\/veterinaire\/confolens-16500\/boutique\/wp-json\/wp\/v2\/product"}],"about":[{"href":"https:\/\/www.vetorino.com\/veterinaire\/confolens-16500\/boutique\/wp-json\/wp\/v2\/types\/product"}],"wp:featuredmedia":[{"embeddable":true,"href":"https:\/\/www.vetorino.com\/veterinaire\/confolens-16500\/boutique\/wp-json\/wp\/v2\/media\/620990"}],"wp:attachment":[{"href":"https:\/\/www.vetorino.com\/veterinaire\/confolens-16500\/boutique\/wp-json\/wp\/v2\/media?parent=98609"}],"wp:term":[{"taxonomy":"product_cat","embeddable":true,"href":"https:\/\/www.vetorino.com\/veterinaire\/confolens-16500\/boutique\/wp-json\/wp\/v2\/product_cat?post=98609"},{"taxonomy":"product_tag","embeddable":true,"href":"https:\/\/www.vetorino.com\/veterinaire\/confolens-16500\/boutique\/wp-json\/wp\/v2\/product_tag?post=98609"}],"curies":[{"name":"wp","href":"https:\/\/api.w.org\/{rel}","templated":true}]}}