{"id":98620,"date":"2020-06-30T01:08:17","date_gmt":"2020-06-29T23:08:17","guid":{"rendered":"https:\/\/www.vetorino.com\/boutique\/product\/kong-wubba-finz\/"},"modified":"2025-10-26T04:20:36","modified_gmt":"2025-10-26T03:20:36","slug":"kong-wubba-finz","status":"publish","type":"product","link":"https:\/\/www.vetorino.com\/veterinaire\/confolens-16500\/boutique\/product\/kong-wubba-finz\/","title":{"rendered":"Wubba Finz"},"content":{"rendered":"<p><strong>Le Wubba Finz a de longues queues souples faciles \u00e0 tirer et super amusantes \u00e0 secouer, qui satisfont les instincts naturels de d\u00e9foulement de votre chien.<\/strong><\/p>\n<p>Gr\u00e2ce \u00e0 ses deux balles \u00e0 l&#8217;int\u00e9rieur, le KONG Wubba Finz peut rebondir et couiner.<\/p>\n<ul>\n<li>Ce poisson volant est fait pour s&#8217;envoler dans les airs et donner \u00e0 votre chien une folle envie de courir pour l&#8217;attraper !<\/li>\n<li>Les balles int\u00e9rieures rebondissent et couinent pour stimuler l&#8217;envie de jouer<\/li>\n<li>Con\u00e7u pour des lanceurs de longues distances<\/li>\n<li>Longues queues souples, id\u00e9ales pour agiter et tirer dans tous les sens<\/li>\n<\/ul>\n","protected":false},"excerpt":{"rendered":"<p>Le nouveau Kong Wubba Finz a de longues\u00a0tentacules \u00e9paisses qui facilitent\u00a0la pr\u00e9hension\u00a0et le rendent tr\u00e8s amusant \u00e0 secouer, ce qui satisfait les instincts naturels des chiens.<br \/>\nDeux balles \u00e0 l&#8217;int\u00e9rieur aident Kong Wubba Finz \u00e0 rebondir et \u00e0 grincer, prolongeant ainsi les parties de jeux.<br \/>\nCe poisson volant est con\u00e7u pour voler dans les airs et propulser votre chien dans une fr\u00e9n\u00e9sie irr\u00e9sistible !<\/p>\n<ul>\n<li>Balles int\u00e9rieures pour rebondir et grincer pour attirer le jeu.<\/li>\n<li>A\u00e9rodynamiquement con\u00e7u pour aller plus loin.<\/li>\n<\/ul>\n","protected":false},"featured_media":624542,"template":"","meta":[],"product_cat":[12550,2698,12621],"product_tag":[],"class_list":{"0":"post-98620","1":"product","2":"type-product","3":"status-publish","4":"has-post-thumbnail","6":"product_cat-accessoires-du-chien","7":"product_cat-chien","8":"product_cat-jeux-educatifs-pour-chien","9":"pa_marque-kong","11":"first","12":"instock","13":"taxable","14":"shipping-taxable","15":"purchasable","16":"product-type-variable"},"yoast_head":"<!-- This site is optimized with the Yoast SEO plugin v27.3 - https:\/\/yoast.com\/product\/yoast-seo-wordpress\/ -->\n<title>Wubba Finz Kong - V\u00e9torino<\/title>\n<meta name=\"description\" content=\"Le nouveau Kong Wubba Finz a de longues\u00a0tentacules \u00e9paisses qui facilitent\u00a0la pr\u00e9hension\u00a0et le rendent tr\u00e8s amusant \u00e0 secouer, ce qui satisfait les instincts naturels des chiens. Deux balles \u00e0 l&#039;int\u00e9rieur aident Kong Wubba Finz \u00e0 rebondir et \u00e0 grincer, prolongeant ainsi les parties de jeux. Ce poisson volant est con\u00e7u pour voler dans les airs et propulser votre chien dans une fr\u00e9n\u00e9sie irr\u00e9sistible !   Balles int\u00e9rieures pour rebondir et grincer pour attirer le jeu.  A\u00e9rodynamiquement con\u00e7u pour aller plus loin.\" \/>\n<meta name=\"robots\" content=\"noindex, nofollow\" \/>\n<meta property=\"og:locale\" content=\"fr_FR\" \/>\n<meta property=\"og:type\" content=\"article\" \/>\n<meta property=\"og:title\" content=\"Wubba Finz Kong - V\u00e9torino\" \/>\n<meta property=\"og:description\" content=\"Le nouveau Kong Wubba Finz a de longues\u00a0tentacules \u00e9paisses qui facilitent\u00a0la pr\u00e9hension\u00a0et le rendent tr\u00e8s amusant \u00e0 secouer, ce qui satisfait les instincts naturels des chiens. Deux balles \u00e0 l&#039;int\u00e9rieur aident Kong Wubba Finz \u00e0 rebondir et \u00e0 grincer, prolongeant ainsi les parties de jeux. Ce poisson volant est con\u00e7u pour voler dans les airs et propulser votre chien dans une fr\u00e9n\u00e9sie irr\u00e9sistible !   Balles int\u00e9rieures pour rebondir et grincer pour attirer le jeu.  A\u00e9rodynamiquement con\u00e7u pour aller plus loin.\" \/>\n<meta property=\"og:url\" content=\"https:\/\/www.vetorino.com\/veterinaire\/confolens-16500\/boutique\/product\/kong-wubba-finz\/\" \/>\n<meta property=\"og:site_name\" content=\"V\u00e9torino\" \/>\n<meta property=\"article:publisher\" content=\"https:\/\/www.facebook.com\/Vetorino\/\" \/>\n<meta property=\"article:modified_time\" content=\"2025-10-26T03:20:36+00:00\" \/>\n<meta property=\"og:image\" content=\"https:\/\/www.vetorino.com\/boutique\/wp-content\/uploads\/2020\/06\/217830_kong_wubba_finz_pink_hs_02_7.jpg\" \/>\n\t<meta property=\"og:image:width\" content=\"800\" \/>\n\t<meta property=\"og:image:height\" content=\"800\" \/>\n\t<meta property=\"og:image:type\" content=\"image\/jpeg\" \/>\n<meta name=\"twitter:card\" content=\"summary_large_image\" \/>\n<meta name=\"twitter:label1\" content=\"Disponibilit\u00e9\" \/>\n\t<meta name=\"twitter:data1\" content=\"En stock\" \/>\n<script type=\"application\/ld+json\" class=\"yoast-schema-graph\">{\"@context\":\"https:\\\/\\\/schema.org\",\"@graph\":[{\"@type\":\"WebPage\",\"@id\":\"https:\\\/\\\/www.vetorino.com\\\/boutique\\\/product\\\/kong-wubba-finz\\\/\",\"url\":\"https:\\\/\\\/www.vetorino.com\\\/boutique\\\/product\\\/kong-wubba-finz\\\/\",\"name\":\"Wubba Finz Kong - V\u00e9torino\",\"isPartOf\":{\"@id\":\"https:\\\/\\\/www.vetorino.com\\\/boutique\\\/#website\"},\"primaryImageOfPage\":{\"@id\":\"https:\\\/\\\/www.vetorino.com\\\/boutique\\\/product\\\/kong-wubba-finz\\\/#primaryimage\"},\"image\":{\"@id\":\"https:\\\/\\\/www.vetorino.com\\\/boutique\\\/product\\\/kong-wubba-finz\\\/#primaryimage\"},\"thumbnailUrl\":\"https:\\\/\\\/www.vetorino.com\\\/boutique\\\/wp-content\\\/uploads\\\/2020\\\/06\\\/217830_kong_wubba_finz_pink_hs_02_7.jpg\",\"datePublished\":\"2020-06-29T23:08:17+00:00\",\"dateModified\":\"2025-10-26T03:20:36+00:00\",\"description\":\"Le nouveau Kong Wubba Finz a de longues\u00a0tentacules \u00e9paisses qui facilitent\u00a0la pr\u00e9hension\u00a0et le rendent tr\u00e8s amusant \u00e0 secouer, ce qui satisfait les instincts naturels des chiens. Deux balles \u00e0 l'int\u00e9rieur aident Kong Wubba Finz \u00e0 rebondir et \u00e0 grincer, prolongeant ainsi les parties de jeux. Ce poisson volant est con\u00e7u pour voler dans les airs et propulser votre chien dans une fr\u00e9n\u00e9sie irr\u00e9sistible ! Balles int\u00e9rieures pour rebondir et grincer pour attirer le jeu. A\u00e9rodynamiquement con\u00e7u pour aller plus loin.\",\"breadcrumb\":{\"@id\":\"https:\\\/\\\/www.vetorino.com\\\/boutique\\\/product\\\/kong-wubba-finz\\\/#breadcrumb\"},\"inLanguage\":\"fr-FR\",\"potentialAction\":[{\"@type\":\"ReadAction\",\"target\":[\"https:\\\/\\\/www.vetorino.com\\\/boutique\\\/product\\\/kong-wubba-finz\\\/\"]}]},{\"@type\":\"ImageObject\",\"inLanguage\":\"fr-FR\",\"@id\":\"https:\\\/\\\/www.vetorino.com\\\/boutique\\\/product\\\/kong-wubba-finz\\\/#primaryimage\",\"url\":\"https:\\\/\\\/www.vetorino.com\\\/boutique\\\/wp-content\\\/uploads\\\/2020\\\/06\\\/217830_kong_wubba_finz_pink_hs_02_7.jpg\",\"contentUrl\":\"https:\\\/\\\/www.vetorino.com\\\/boutique\\\/wp-content\\\/uploads\\\/2020\\\/06\\\/217830_kong_wubba_finz_pink_hs_02_7.jpg\",\"width\":800,\"height\":800},{\"@type\":\"BreadcrumbList\",\"@id\":\"https:\\\/\\\/www.vetorino.com\\\/boutique\\\/product\\\/kong-wubba-finz\\\/#breadcrumb\",\"itemListElement\":[{\"@type\":\"ListItem\",\"position\":1,\"name\":\"Accueil\",\"item\":\"https:\\\/\\\/www.vetorino.com\\\/boutique\\\/\"},{\"@type\":\"ListItem\",\"position\":2,\"name\":\"Produits\",\"item\":\"https:\\\/\\\/www.vetorino.com\\\/boutique\\\/\"},{\"@type\":\"ListItem\",\"position\":3,\"name\":\"Wubba Finz\"}]},{\"@type\":\"WebSite\",\"@id\":\"https:\\\/\\\/www.vetorino.com\\\/boutique\\\/#website\",\"url\":\"https:\\\/\\\/www.vetorino.com\\\/boutique\\\/\",\"name\":\"V\u00e9torino\",\"description\":\"\",\"publisher\":{\"@id\":\"https:\\\/\\\/www.vetorino.com\\\/boutique\\\/#organization\"},\"potentialAction\":[{\"@type\":\"SearchAction\",\"target\":{\"@type\":\"EntryPoint\",\"urlTemplate\":\"https:\\\/\\\/www.vetorino.com\\\/boutique\\\/?s={search_term_string}\"},\"query-input\":{\"@type\":\"PropertyValueSpecification\",\"valueRequired\":true,\"valueName\":\"search_term_string\"}}],\"inLanguage\":\"fr-FR\"},{\"@type\":\"Organization\",\"@id\":\"https:\\\/\\\/www.vetorino.com\\\/boutique\\\/#organization\",\"name\":\"V\u00e9torino\",\"url\":\"https:\\\/\\\/www.vetorino.com\\\/boutique\\\/\",\"logo\":{\"@type\":\"ImageObject\",\"inLanguage\":\"fr-FR\",\"@id\":\"https:\\\/\\\/www.vetorino.com\\\/boutique\\\/#\\\/schema\\\/logo\\\/image\\\/\",\"url\":\"https:\\\/\\\/www.vetorino.com\\\/boutique\\\/wp-content\\\/uploads\\\/2024\\\/10\\\/logo.jpg\",\"contentUrl\":\"https:\\\/\\\/www.vetorino.com\\\/boutique\\\/wp-content\\\/uploads\\\/2024\\\/10\\\/logo.jpg\",\"width\":1200,\"height\":610,\"caption\":\"V\u00e9torino\"},\"image\":{\"@id\":\"https:\\\/\\\/www.vetorino.com\\\/boutique\\\/#\\\/schema\\\/logo\\\/image\\\/\"},\"sameAs\":[\"https:\\\/\\\/www.facebook.com\\\/Vetorino\\\/\",\"https:\\\/\\\/www.instagram.com\\\/vetorino_off\\\/\",\"https:\\\/\\\/www.linkedin.com\\\/company\\\/vtorino\\\/\"]}]}<\/script>\n<meta property=\"product:brand\" content=\"Kong\" \/>\n<meta property=\"og:availability\" content=\"instock\" \/>\n<meta property=\"product:availability\" content=\"instock\" \/>\n<meta property=\"product:condition\" content=\"new\" \/>\n<!-- \/ Yoast SEO plugin. -->","yoast_head_json":{"title":"Wubba Finz Kong - V\u00e9torino","description":"Le nouveau Kong Wubba Finz a de longues\u00a0tentacules \u00e9paisses qui facilitent\u00a0la pr\u00e9hension\u00a0et le rendent tr\u00e8s amusant \u00e0 secouer, ce qui satisfait les instincts naturels des chiens. Deux balles \u00e0 l'int\u00e9rieur aident Kong Wubba Finz \u00e0 rebondir et \u00e0 grincer, prolongeant ainsi les parties de jeux. Ce poisson volant est con\u00e7u pour voler dans les airs et propulser votre chien dans une fr\u00e9n\u00e9sie irr\u00e9sistible !   Balles int\u00e9rieures pour rebondir et grincer pour attirer le jeu.  A\u00e9rodynamiquement con\u00e7u pour aller plus loin.","robots":{"index":"noindex","follow":"nofollow"},"og_locale":"fr_FR","og_type":"article","og_title":"Wubba Finz Kong - V\u00e9torino","og_description":"Le nouveau Kong Wubba Finz a de longues\u00a0tentacules \u00e9paisses qui facilitent\u00a0la pr\u00e9hension\u00a0et le rendent tr\u00e8s amusant \u00e0 secouer, ce qui satisfait les instincts naturels des chiens. Deux balles \u00e0 l'int\u00e9rieur aident Kong Wubba Finz \u00e0 rebondir et \u00e0 grincer, prolongeant ainsi les parties de jeux. Ce poisson volant est con\u00e7u pour voler dans les airs et propulser votre chien dans une fr\u00e9n\u00e9sie irr\u00e9sistible !   Balles int\u00e9rieures pour rebondir et grincer pour attirer le jeu.  A\u00e9rodynamiquement con\u00e7u pour aller plus loin.","og_url":"https:\/\/www.vetorino.com\/veterinaire\/confolens-16500\/boutique\/product\/kong-wubba-finz\/","og_site_name":"V\u00e9torino","article_publisher":"https:\/\/www.facebook.com\/Vetorino\/","article_modified_time":"2025-10-26T03:20:36+00:00","og_image":[{"width":800,"height":800,"url":"https:\/\/www.vetorino.com\/boutique\/wp-content\/uploads\/2020\/06\/217830_kong_wubba_finz_pink_hs_02_7.jpg","type":"image\/jpeg"}],"twitter_card":"summary_large_image","twitter_misc":{"Disponibilit\u00e9":"En stock"},"schema":{"@context":"https:\/\/schema.org","@graph":[{"@type":"WebPage","@id":"https:\/\/www.vetorino.com\/boutique\/product\/kong-wubba-finz\/","url":"https:\/\/www.vetorino.com\/boutique\/product\/kong-wubba-finz\/","name":"Wubba Finz Kong - V\u00e9torino","isPartOf":{"@id":"https:\/\/www.vetorino.com\/boutique\/#website"},"primaryImageOfPage":{"@id":"https:\/\/www.vetorino.com\/boutique\/product\/kong-wubba-finz\/#primaryimage"},"image":{"@id":"https:\/\/www.vetorino.com\/boutique\/product\/kong-wubba-finz\/#primaryimage"},"thumbnailUrl":"https:\/\/www.vetorino.com\/boutique\/wp-content\/uploads\/2020\/06\/217830_kong_wubba_finz_pink_hs_02_7.jpg","datePublished":"2020-06-29T23:08:17+00:00","dateModified":"2025-10-26T03:20:36+00:00","description":"Le nouveau Kong Wubba Finz a de longues\u00a0tentacules \u00e9paisses qui facilitent\u00a0la pr\u00e9hension\u00a0et le rendent tr\u00e8s amusant \u00e0 secouer, ce qui satisfait les instincts naturels des chiens. Deux balles \u00e0 l'int\u00e9rieur aident Kong Wubba Finz \u00e0 rebondir et \u00e0 grincer, prolongeant ainsi les parties de jeux. Ce poisson volant est con\u00e7u pour voler dans les airs et propulser votre chien dans une fr\u00e9n\u00e9sie irr\u00e9sistible ! Balles int\u00e9rieures pour rebondir et grincer pour attirer le jeu. A\u00e9rodynamiquement con\u00e7u pour aller plus loin.","breadcrumb":{"@id":"https:\/\/www.vetorino.com\/boutique\/product\/kong-wubba-finz\/#breadcrumb"},"inLanguage":"fr-FR","potentialAction":[{"@type":"ReadAction","target":["https:\/\/www.vetorino.com\/boutique\/product\/kong-wubba-finz\/"]}]},{"@type":"ImageObject","inLanguage":"fr-FR","@id":"https:\/\/www.vetorino.com\/boutique\/product\/kong-wubba-finz\/#primaryimage","url":"https:\/\/www.vetorino.com\/boutique\/wp-content\/uploads\/2020\/06\/217830_kong_wubba_finz_pink_hs_02_7.jpg","contentUrl":"https:\/\/www.vetorino.com\/boutique\/wp-content\/uploads\/2020\/06\/217830_kong_wubba_finz_pink_hs_02_7.jpg","width":800,"height":800},{"@type":"BreadcrumbList","@id":"https:\/\/www.vetorino.com\/boutique\/product\/kong-wubba-finz\/#breadcrumb","itemListElement":[{"@type":"ListItem","position":1,"name":"Accueil","item":"https:\/\/www.vetorino.com\/boutique\/"},{"@type":"ListItem","position":2,"name":"Produits","item":"https:\/\/www.vetorino.com\/boutique\/"},{"@type":"ListItem","position":3,"name":"Wubba Finz"}]},{"@type":"WebSite","@id":"https:\/\/www.vetorino.com\/boutique\/#website","url":"https:\/\/www.vetorino.com\/boutique\/","name":"V\u00e9torino","description":"","publisher":{"@id":"https:\/\/www.vetorino.com\/boutique\/#organization"},"potentialAction":[{"@type":"SearchAction","target":{"@type":"EntryPoint","urlTemplate":"https:\/\/www.vetorino.com\/boutique\/?s={search_term_string}"},"query-input":{"@type":"PropertyValueSpecification","valueRequired":true,"valueName":"search_term_string"}}],"inLanguage":"fr-FR"},{"@type":"Organization","@id":"https:\/\/www.vetorino.com\/boutique\/#organization","name":"V\u00e9torino","url":"https:\/\/www.vetorino.com\/boutique\/","logo":{"@type":"ImageObject","inLanguage":"fr-FR","@id":"https:\/\/www.vetorino.com\/boutique\/#\/schema\/logo\/image\/","url":"https:\/\/www.vetorino.com\/boutique\/wp-content\/uploads\/2024\/10\/logo.jpg","contentUrl":"https:\/\/www.vetorino.com\/boutique\/wp-content\/uploads\/2024\/10\/logo.jpg","width":1200,"height":610,"caption":"V\u00e9torino"},"image":{"@id":"https:\/\/www.vetorino.com\/boutique\/#\/schema\/logo\/image\/"},"sameAs":["https:\/\/www.facebook.com\/Vetorino\/","https:\/\/www.instagram.com\/vetorino_off\/","https:\/\/www.linkedin.com\/company\/vtorino\/"]}]},"product_brand":"Kong","og_availability":"instock","product_availability":"instock","product_condition":"new"},"_links":{"self":[{"href":"https:\/\/www.vetorino.com\/veterinaire\/confolens-16500\/boutique\/wp-json\/wp\/v2\/product\/98620","targetHints":{"allow":["GET"]}}],"collection":[{"href":"https:\/\/www.vetorino.com\/veterinaire\/confolens-16500\/boutique\/wp-json\/wp\/v2\/product"}],"about":[{"href":"https:\/\/www.vetorino.com\/veterinaire\/confolens-16500\/boutique\/wp-json\/wp\/v2\/types\/product"}],"wp:featuredmedia":[{"embeddable":true,"href":"https:\/\/www.vetorino.com\/veterinaire\/confolens-16500\/boutique\/wp-json\/wp\/v2\/media\/624542"}],"wp:attachment":[{"href":"https:\/\/www.vetorino.com\/veterinaire\/confolens-16500\/boutique\/wp-json\/wp\/v2\/media?parent=98620"}],"wp:term":[{"taxonomy":"product_cat","embeddable":true,"href":"https:\/\/www.vetorino.com\/veterinaire\/confolens-16500\/boutique\/wp-json\/wp\/v2\/product_cat?post=98620"},{"taxonomy":"product_tag","embeddable":true,"href":"https:\/\/www.vetorino.com\/veterinaire\/confolens-16500\/boutique\/wp-json\/wp\/v2\/product_tag?post=98620"}],"curies":[{"name":"wp","href":"https:\/\/api.w.org\/{rel}","templated":true}]}}