{"id":99180,"date":"2020-06-30T01:27:47","date_gmt":"2020-06-29T23:27:47","guid":{"rendered":"https:\/\/www.vetorino.com\/boutique\/product\/lampe-frontale-led-energizer-a-detecteur-de-mouvements\/"},"modified":"2022-01-04T15:33:33","modified_gmt":"2022-01-04T14:33:33","slug":"lampe-frontale-led-energizer-a-detecteur-de-mouvements","status":"publish","type":"product","link":"https:\/\/www.vetorino.com\/veterinaire\/confolens-16500\/boutique\/product\/lampe-frontale-led-energizer-a-detecteur-de-mouvements\/","title":{"rendered":"Lampe frontale Led Energizer \u00e0 D\u00e9tecteur de mouvements"},"content":{"rendered":"<div class='hidden'>MATERIEL<\/div>\n<div class='hidden'>Porcins<\/div>\n<p>Lampe frontale LED &agrave; d&eacute;tecteur de mouvements c&#039;est &agrave; dire qui s&#039;allume avec le mouvement de la main.<\/p>\n<ul>\n<li>6 Modes d&rsquo;&eacute;clairage.<\/li>\n<li>200\/100 lumens.<\/li>\n<li>Autonomie: 5\/9h, jusqu&rsquo;&agrave; 80h<\/li>\n<li>Port&eacute;e : 150 m.<\/li>\n<li>Etanche IPX4.<\/li>\n<li>Fonctionne avec 3xAAA non incluses.<\/li>\n<li>Bandeau r&eacute;glable et flexible.<\/li>\n<li>T&ecirc;te inclinable.<\/li>\n<li>Eclairage LED 3W.<\/li>\n<li>Indicateur d&rsquo;&eacute;tat de charge des piles.<\/li>\n<li>Lg : 6,1 cm &#8211;&nbsp;Hauteur :&nbsp;4,5 cm.<\/li>\n<li>Poids 94 g (avec piles).<\/li>\n<\/ul>\n","protected":false},"excerpt":{"rendered":"<p>MATERIEL Porcins Lampe frontale LED &agrave; d&eacute;tecteur de mouvements c&#039;est &agrave; dire qui s&#039;allume avec le mouvement de la main. 6 Modes d&rsquo;&eacute;clairage. 200\/100 lumens. Autonomie: 5\/9h, jusqu&rsquo;&agrave; 80h Port&eacute;e : 150 m. Etanche IPX4. Fonctionne avec 3xAAA non incluses. Bandeau r&eacute;glable et flexible. T&ecirc;te inclinable. Eclairage LED 3W. Indicateur d&rsquo;&eacute;tat de charge des piles. [&hellip;]<\/p>\n","protected":false},"featured_media":99179,"template":"","meta":[],"product_cat":[12547],"product_tag":[],"class_list":{"0":"post-99180","1":"product","2":"type-product","3":"status-publish","4":"has-post-thumbnail","6":"product_cat-cheval","7":"pa_marque-materiel","9":"first","10":"outofstock","11":"taxable","12":"shipping-taxable","13":"purchasable","14":"product-type-simple"},"yoast_head":"<!-- This site is optimized with the Yoast SEO plugin v27.3 - https:\/\/yoast.com\/product\/yoast-seo-wordpress\/ -->\n<title>Lampe frontale Led Energizer \u00e0 D\u00e9tecteur de mouvements Mat\u00e9riel - V\u00e9torino<\/title>\n<meta name=\"description\" content=\"MATERIELPorcinsLampe frontale LED &agrave; d&eacute;tecteur de mouvements c&#039;est &agrave; dire qui s&#039;allume avec le mouvement de la main. 6 Modes\" \/>\n<meta name=\"robots\" content=\"noindex, nofollow\" \/>\n<meta property=\"og:locale\" content=\"fr_FR\" \/>\n<meta property=\"og:type\" content=\"article\" \/>\n<meta property=\"og:title\" content=\"Lampe frontale Led Energizer \u00e0 D\u00e9tecteur de mouvements Mat\u00e9riel - V\u00e9torino\" \/>\n<meta property=\"og:description\" content=\"MATERIELPorcinsLampe frontale LED &agrave; d&eacute;tecteur de mouvements c&#039;est &agrave; dire qui s&#039;allume avec le mouvement de la main. 6 Modes\" \/>\n<meta property=\"og:url\" content=\"https:\/\/www.vetorino.com\/veterinaire\/confolens-16500\/boutique\/product\/lampe-frontale-led-energizer-a-detecteur-de-mouvements\/\" \/>\n<meta property=\"og:site_name\" content=\"V\u00e9torino\" \/>\n<meta property=\"article:publisher\" content=\"https:\/\/www.facebook.com\/Vetorino\/\" \/>\n<meta property=\"article:modified_time\" content=\"2022-01-04T14:33:33+00:00\" \/>\n<meta property=\"og:image\" content=\"https:\/\/www.vetorino.com\/boutique\/wp-content\/uploads\/2020\/06\/FilsLAM741FormatMediumTypeIM.png\" \/>\n\t<meta property=\"og:image:width\" content=\"282\" \/>\n\t<meta property=\"og:image:height\" content=\"400\" \/>\n\t<meta property=\"og:image:type\" content=\"image\/png\" \/>\n<meta name=\"twitter:card\" content=\"summary_large_image\" \/>\n<meta name=\"twitter:label1\" content=\"Prix\" \/>\n\t<meta name=\"twitter:data1\" content=\"33,78&euro;\" \/>\n\t<meta name=\"twitter:label2\" content=\"Disponibilit\u00e9\" \/>\n\t<meta name=\"twitter:data2\" content=\"Rupture de stock\" \/>\n<script type=\"application\/ld+json\" class=\"yoast-schema-graph\">{\"@context\":\"https:\\\/\\\/schema.org\",\"@graph\":[{\"@type\":\"WebPage\",\"@id\":\"https:\\\/\\\/www.vetorino.com\\\/boutique\\\/product\\\/lampe-frontale-led-energizer-a-detecteur-de-mouvements\\\/\",\"url\":\"https:\\\/\\\/www.vetorino.com\\\/boutique\\\/product\\\/lampe-frontale-led-energizer-a-detecteur-de-mouvements\\\/\",\"name\":\"Lampe frontale Led Energizer \u00e0 D\u00e9tecteur de mouvements Mat\u00e9riel - V\u00e9torino\",\"isPartOf\":{\"@id\":\"https:\\\/\\\/www.vetorino.com\\\/boutique\\\/#website\"},\"primaryImageOfPage\":{\"@id\":\"https:\\\/\\\/www.vetorino.com\\\/boutique\\\/product\\\/lampe-frontale-led-energizer-a-detecteur-de-mouvements\\\/#primaryimage\"},\"image\":{\"@id\":\"https:\\\/\\\/www.vetorino.com\\\/boutique\\\/product\\\/lampe-frontale-led-energizer-a-detecteur-de-mouvements\\\/#primaryimage\"},\"thumbnailUrl\":\"https:\\\/\\\/www.vetorino.com\\\/boutique\\\/wp-content\\\/uploads\\\/2020\\\/06\\\/FilsLAM741FormatMediumTypeIM.png\",\"datePublished\":\"2020-06-29T23:27:47+00:00\",\"dateModified\":\"2022-01-04T14:33:33+00:00\",\"description\":\"MATERIELPorcinsLampe frontale LED &agrave; d&eacute;tecteur de mouvements c&#039;est &agrave; dire qui s&#039;allume avec le mouvement de la main. 6 Modes\",\"breadcrumb\":{\"@id\":\"https:\\\/\\\/www.vetorino.com\\\/boutique\\\/product\\\/lampe-frontale-led-energizer-a-detecteur-de-mouvements\\\/#breadcrumb\"},\"inLanguage\":\"fr-FR\",\"potentialAction\":[{\"@type\":\"ReadAction\",\"target\":[\"https:\\\/\\\/www.vetorino.com\\\/boutique\\\/product\\\/lampe-frontale-led-energizer-a-detecteur-de-mouvements\\\/\"]}]},{\"@type\":\"ImageObject\",\"inLanguage\":\"fr-FR\",\"@id\":\"https:\\\/\\\/www.vetorino.com\\\/boutique\\\/product\\\/lampe-frontale-led-energizer-a-detecteur-de-mouvements\\\/#primaryimage\",\"url\":\"https:\\\/\\\/www.vetorino.com\\\/boutique\\\/wp-content\\\/uploads\\\/2020\\\/06\\\/FilsLAM741FormatMediumTypeIM.png\",\"contentUrl\":\"https:\\\/\\\/www.vetorino.com\\\/boutique\\\/wp-content\\\/uploads\\\/2020\\\/06\\\/FilsLAM741FormatMediumTypeIM.png\",\"width\":282,\"height\":400},{\"@type\":\"BreadcrumbList\",\"@id\":\"https:\\\/\\\/www.vetorino.com\\\/boutique\\\/product\\\/lampe-frontale-led-energizer-a-detecteur-de-mouvements\\\/#breadcrumb\",\"itemListElement\":[{\"@type\":\"ListItem\",\"position\":1,\"name\":\"Accueil\",\"item\":\"https:\\\/\\\/www.vetorino.com\\\/boutique\\\/\"},{\"@type\":\"ListItem\",\"position\":2,\"name\":\"Produits\",\"item\":\"https:\\\/\\\/www.vetorino.com\\\/boutique\\\/\"},{\"@type\":\"ListItem\",\"position\":3,\"name\":\"Lampe frontale Led Energizer \u00e0 D\u00e9tecteur de mouvements\"}]},{\"@type\":\"WebSite\",\"@id\":\"https:\\\/\\\/www.vetorino.com\\\/boutique\\\/#website\",\"url\":\"https:\\\/\\\/www.vetorino.com\\\/boutique\\\/\",\"name\":\"V\u00e9torino\",\"description\":\"\",\"publisher\":{\"@id\":\"https:\\\/\\\/www.vetorino.com\\\/boutique\\\/#organization\"},\"potentialAction\":[{\"@type\":\"SearchAction\",\"target\":{\"@type\":\"EntryPoint\",\"urlTemplate\":\"https:\\\/\\\/www.vetorino.com\\\/boutique\\\/?s={search_term_string}\"},\"query-input\":{\"@type\":\"PropertyValueSpecification\",\"valueRequired\":true,\"valueName\":\"search_term_string\"}}],\"inLanguage\":\"fr-FR\"},{\"@type\":\"Organization\",\"@id\":\"https:\\\/\\\/www.vetorino.com\\\/boutique\\\/#organization\",\"name\":\"V\u00e9torino\",\"url\":\"https:\\\/\\\/www.vetorino.com\\\/boutique\\\/\",\"logo\":{\"@type\":\"ImageObject\",\"inLanguage\":\"fr-FR\",\"@id\":\"https:\\\/\\\/www.vetorino.com\\\/boutique\\\/#\\\/schema\\\/logo\\\/image\\\/\",\"url\":\"https:\\\/\\\/www.vetorino.com\\\/boutique\\\/wp-content\\\/uploads\\\/2024\\\/10\\\/logo.jpg\",\"contentUrl\":\"https:\\\/\\\/www.vetorino.com\\\/boutique\\\/wp-content\\\/uploads\\\/2024\\\/10\\\/logo.jpg\",\"width\":1200,\"height\":610,\"caption\":\"V\u00e9torino\"},\"image\":{\"@id\":\"https:\\\/\\\/www.vetorino.com\\\/boutique\\\/#\\\/schema\\\/logo\\\/image\\\/\"},\"sameAs\":[\"https:\\\/\\\/www.facebook.com\\\/Vetorino\\\/\",\"https:\\\/\\\/www.instagram.com\\\/vetorino_off\\\/\",\"https:\\\/\\\/www.linkedin.com\\\/company\\\/vtorino\\\/\"]}]}<\/script>\n<meta property=\"product:brand\" content=\"Mat\u00e9riel\" \/>\n<meta property=\"product:price:amount\" content=\"33.78\" \/>\n<meta property=\"product:price:currency\" content=\"EUR\" \/>\n<meta property=\"og:availability\" content=\"out of stock\" \/>\n<meta property=\"product:availability\" content=\"out of stock\" \/>\n<meta property=\"product:retailer_item_id\" content=\"C-LAM741\" \/>\n<meta property=\"product:condition\" content=\"new\" \/>\n<!-- \/ Yoast SEO plugin. -->","yoast_head_json":{"title":"Lampe frontale Led Energizer \u00e0 D\u00e9tecteur de mouvements Mat\u00e9riel - V\u00e9torino","description":"MATERIELPorcinsLampe frontale LED &agrave; d&eacute;tecteur de mouvements c&#039;est &agrave; dire qui s&#039;allume avec le mouvement de la main. 6 Modes","robots":{"index":"noindex","follow":"nofollow"},"og_locale":"fr_FR","og_type":"article","og_title":"Lampe frontale Led Energizer \u00e0 D\u00e9tecteur de mouvements Mat\u00e9riel - V\u00e9torino","og_description":"MATERIELPorcinsLampe frontale LED &agrave; d&eacute;tecteur de mouvements c&#039;est &agrave; dire qui s&#039;allume avec le mouvement de la main. 6 Modes","og_url":"https:\/\/www.vetorino.com\/veterinaire\/confolens-16500\/boutique\/product\/lampe-frontale-led-energizer-a-detecteur-de-mouvements\/","og_site_name":"V\u00e9torino","article_publisher":"https:\/\/www.facebook.com\/Vetorino\/","article_modified_time":"2022-01-04T14:33:33+00:00","og_image":[{"width":282,"height":400,"url":"https:\/\/www.vetorino.com\/boutique\/wp-content\/uploads\/2020\/06\/FilsLAM741FormatMediumTypeIM.png","type":"image\/png"}],"twitter_card":"summary_large_image","twitter_misc":{"Prix":"33,78&euro;","Disponibilit\u00e9":"Rupture de stock"},"schema":{"@context":"https:\/\/schema.org","@graph":[{"@type":"WebPage","@id":"https:\/\/www.vetorino.com\/boutique\/product\/lampe-frontale-led-energizer-a-detecteur-de-mouvements\/","url":"https:\/\/www.vetorino.com\/boutique\/product\/lampe-frontale-led-energizer-a-detecteur-de-mouvements\/","name":"Lampe frontale Led Energizer \u00e0 D\u00e9tecteur de mouvements Mat\u00e9riel - V\u00e9torino","isPartOf":{"@id":"https:\/\/www.vetorino.com\/boutique\/#website"},"primaryImageOfPage":{"@id":"https:\/\/www.vetorino.com\/boutique\/product\/lampe-frontale-led-energizer-a-detecteur-de-mouvements\/#primaryimage"},"image":{"@id":"https:\/\/www.vetorino.com\/boutique\/product\/lampe-frontale-led-energizer-a-detecteur-de-mouvements\/#primaryimage"},"thumbnailUrl":"https:\/\/www.vetorino.com\/boutique\/wp-content\/uploads\/2020\/06\/FilsLAM741FormatMediumTypeIM.png","datePublished":"2020-06-29T23:27:47+00:00","dateModified":"2022-01-04T14:33:33+00:00","description":"MATERIELPorcinsLampe frontale LED &agrave; d&eacute;tecteur de mouvements c&#039;est &agrave; dire qui s&#039;allume avec le mouvement de la main. 6 Modes","breadcrumb":{"@id":"https:\/\/www.vetorino.com\/boutique\/product\/lampe-frontale-led-energizer-a-detecteur-de-mouvements\/#breadcrumb"},"inLanguage":"fr-FR","potentialAction":[{"@type":"ReadAction","target":["https:\/\/www.vetorino.com\/boutique\/product\/lampe-frontale-led-energizer-a-detecteur-de-mouvements\/"]}]},{"@type":"ImageObject","inLanguage":"fr-FR","@id":"https:\/\/www.vetorino.com\/boutique\/product\/lampe-frontale-led-energizer-a-detecteur-de-mouvements\/#primaryimage","url":"https:\/\/www.vetorino.com\/boutique\/wp-content\/uploads\/2020\/06\/FilsLAM741FormatMediumTypeIM.png","contentUrl":"https:\/\/www.vetorino.com\/boutique\/wp-content\/uploads\/2020\/06\/FilsLAM741FormatMediumTypeIM.png","width":282,"height":400},{"@type":"BreadcrumbList","@id":"https:\/\/www.vetorino.com\/boutique\/product\/lampe-frontale-led-energizer-a-detecteur-de-mouvements\/#breadcrumb","itemListElement":[{"@type":"ListItem","position":1,"name":"Accueil","item":"https:\/\/www.vetorino.com\/boutique\/"},{"@type":"ListItem","position":2,"name":"Produits","item":"https:\/\/www.vetorino.com\/boutique\/"},{"@type":"ListItem","position":3,"name":"Lampe frontale Led Energizer \u00e0 D\u00e9tecteur de mouvements"}]},{"@type":"WebSite","@id":"https:\/\/www.vetorino.com\/boutique\/#website","url":"https:\/\/www.vetorino.com\/boutique\/","name":"V\u00e9torino","description":"","publisher":{"@id":"https:\/\/www.vetorino.com\/boutique\/#organization"},"potentialAction":[{"@type":"SearchAction","target":{"@type":"EntryPoint","urlTemplate":"https:\/\/www.vetorino.com\/boutique\/?s={search_term_string}"},"query-input":{"@type":"PropertyValueSpecification","valueRequired":true,"valueName":"search_term_string"}}],"inLanguage":"fr-FR"},{"@type":"Organization","@id":"https:\/\/www.vetorino.com\/boutique\/#organization","name":"V\u00e9torino","url":"https:\/\/www.vetorino.com\/boutique\/","logo":{"@type":"ImageObject","inLanguage":"fr-FR","@id":"https:\/\/www.vetorino.com\/boutique\/#\/schema\/logo\/image\/","url":"https:\/\/www.vetorino.com\/boutique\/wp-content\/uploads\/2024\/10\/logo.jpg","contentUrl":"https:\/\/www.vetorino.com\/boutique\/wp-content\/uploads\/2024\/10\/logo.jpg","width":1200,"height":610,"caption":"V\u00e9torino"},"image":{"@id":"https:\/\/www.vetorino.com\/boutique\/#\/schema\/logo\/image\/"},"sameAs":["https:\/\/www.facebook.com\/Vetorino\/","https:\/\/www.instagram.com\/vetorino_off\/","https:\/\/www.linkedin.com\/company\/vtorino\/"]}]},"product_brand":"Mat\u00e9riel","product_price_amount":"33.78","product_price_currency":"EUR","og_availability":"out of stock","product_availability":"out of stock","product_retailer_item_id":"C-LAM741","product_condition":"new"},"_links":{"self":[{"href":"https:\/\/www.vetorino.com\/veterinaire\/confolens-16500\/boutique\/wp-json\/wp\/v2\/product\/99180","targetHints":{"allow":["GET"]}}],"collection":[{"href":"https:\/\/www.vetorino.com\/veterinaire\/confolens-16500\/boutique\/wp-json\/wp\/v2\/product"}],"about":[{"href":"https:\/\/www.vetorino.com\/veterinaire\/confolens-16500\/boutique\/wp-json\/wp\/v2\/types\/product"}],"wp:featuredmedia":[{"embeddable":true,"href":"https:\/\/www.vetorino.com\/veterinaire\/confolens-16500\/boutique\/wp-json\/wp\/v2\/media\/99179"}],"wp:attachment":[{"href":"https:\/\/www.vetorino.com\/veterinaire\/confolens-16500\/boutique\/wp-json\/wp\/v2\/media?parent=99180"}],"wp:term":[{"taxonomy":"product_cat","embeddable":true,"href":"https:\/\/www.vetorino.com\/veterinaire\/confolens-16500\/boutique\/wp-json\/wp\/v2\/product_cat?post=99180"},{"taxonomy":"product_tag","embeddable":true,"href":"https:\/\/www.vetorino.com\/veterinaire\/confolens-16500\/boutique\/wp-json\/wp\/v2\/product_tag?post=99180"}],"curies":[{"name":"wp","href":"https:\/\/api.w.org\/{rel}","templated":true}]}}