{"id":99258,"date":"2020-06-30T01:28:58","date_gmt":"2020-06-29T23:28:58","guid":{"rendered":"https:\/\/www.vetorino.com\/boutique\/product\/lingette-pet-head-my-paws-rock\/"},"modified":"2023-05-23T10:34:49","modified_gmt":"2023-05-23T08:34:49","slug":"lingette-pet-head-my-paws-rock","status":"publish","type":"product","link":"https:\/\/www.vetorino.com\/veterinaire\/confolens-16500\/boutique\/product\/lingette-pet-head-my-paws-rock\/","title":{"rendered":"Lingette Pet Head My Paws Rock"},"content":{"rendered":"<div class='hidden'>COMPANY OF ANIMALS LTD<\/div>\n<div class='hidden'>Chiens<\/div>\n<div class='hidden'>Peau\/pelage<\/div>\n<p>Tr\u00e8s pratique ! <br \/>Apr\u00e8s la balade pour nettoyer les pattes, rafra\u00eechir leur nez et sentir bon !<br \/>Les lingettes nettoyantes My Paws Rock, avec leur formule hypoallerg\u00e9nique, sont particuli\u00e8rement \u00e9tudi\u00e9es pour la peau et le pelage des chiens et des chiots.<br \/>Enrichies en agents hydratants et revitalisants, les lingettes hypoallerg\u00e9niques  apaisent la peau tout en parfumant votre cher petit compagnon quelque soit son \u00e2ge.<br \/>Parfum : Oranger.<\/p>\n","protected":false},"excerpt":{"rendered":"<p>COMPANY OF ANIMALS LTD Chiens Peau\/pelage Tr\u00e8s pratique ! Apr\u00e8s la balade pour nettoyer les pattes, rafra\u00eechir leur nez et sentir bon !Les lingettes nettoyantes My Paws Rock, avec leur formule hypoallerg\u00e9nique, sont particuli\u00e8rement \u00e9tudi\u00e9es pour la peau et le pelage des chiens et des chiots.Enrichies en agents hydratants et revitalisants, les lingettes hypoallerg\u00e9niques apaisent [&hellip;]<\/p>\n","protected":false},"featured_media":99257,"template":"","meta":[],"product_cat":[2698],"product_tag":[],"class_list":{"0":"post-99258","1":"product","2":"type-product","3":"status-publish","4":"has-post-thumbnail","6":"product_cat-chien","7":"pa_marque-company-of-animals","9":"first","10":"outofstock","11":"taxable","12":"shipping-taxable","13":"purchasable","14":"product-type-simple"},"yoast_head":"<!-- This site is optimized with the Yoast SEO plugin v27.3 - https:\/\/yoast.com\/product\/yoast-seo-wordpress\/ -->\n<title>Lingette Pet Head My Paws Rock Company of Animals - V\u00e9torino<\/title>\n<meta name=\"description\" content=\"COMPANY OF ANIMALS LTDChiensPeau\/pelageTr\u00e8s pratique ! Apr\u00e8s la balade pour nettoyer les pattes, rafra\u00eechir leur nez et sentir bon !Les lingettes\" \/>\n<meta name=\"robots\" content=\"noindex, nofollow\" \/>\n<meta property=\"og:locale\" content=\"fr_FR\" \/>\n<meta property=\"og:type\" content=\"article\" \/>\n<meta property=\"og:title\" content=\"Lingette Pet Head My Paws Rock Company of Animals - V\u00e9torino\" \/>\n<meta property=\"og:description\" content=\"COMPANY OF ANIMALS LTDChiensPeau\/pelageTr\u00e8s pratique ! Apr\u00e8s la balade pour nettoyer les pattes, rafra\u00eechir leur nez et sentir bon !Les lingettes\" \/>\n<meta property=\"og:url\" content=\"https:\/\/www.vetorino.com\/veterinaire\/confolens-16500\/boutique\/product\/lingette-pet-head-my-paws-rock\/\" \/>\n<meta property=\"og:site_name\" content=\"V\u00e9torino\" \/>\n<meta property=\"article:publisher\" content=\"https:\/\/www.facebook.com\/Vetorino\/\" \/>\n<meta property=\"article:modified_time\" content=\"2023-05-23T08:34:49+00:00\" \/>\n<meta property=\"og:image\" content=\"https:\/\/www.vetorino.com\/boutique\/wp-content\/uploads\/2020\/06\/FilsLIN403FormatMediumTypeIM.png\" \/>\n\t<meta property=\"og:image:width\" content=\"400\" \/>\n\t<meta property=\"og:image:height\" content=\"400\" \/>\n\t<meta property=\"og:image:type\" content=\"image\/png\" \/>\n<meta name=\"twitter:card\" content=\"summary_large_image\" \/>\n<meta name=\"twitter:label1\" content=\"Prix\" \/>\n\t<meta name=\"twitter:data1\" content=\"8,90&euro;\" \/>\n\t<meta name=\"twitter:label2\" content=\"Disponibilit\u00e9\" \/>\n\t<meta name=\"twitter:data2\" content=\"Rupture de stock\" \/>\n<script type=\"application\/ld+json\" class=\"yoast-schema-graph\">{\"@context\":\"https:\\\/\\\/schema.org\",\"@graph\":[{\"@type\":\"WebPage\",\"@id\":\"https:\\\/\\\/www.vetorino.com\\\/veterinaire\\\/chaumont-52000\\\/boutique\\\/product\\\/lingette-pet-head-my-paws-rock\\\/\",\"url\":\"https:\\\/\\\/www.vetorino.com\\\/veterinaire\\\/chaumont-52000\\\/boutique\\\/product\\\/lingette-pet-head-my-paws-rock\\\/\",\"name\":\"Lingette Pet Head My Paws Rock Company of Animals - V\u00e9torino\",\"isPartOf\":{\"@id\":\"https:\\\/\\\/www.vetorino.com\\\/boutique\\\/#website\"},\"primaryImageOfPage\":{\"@id\":\"https:\\\/\\\/www.vetorino.com\\\/veterinaire\\\/chaumont-52000\\\/boutique\\\/product\\\/lingette-pet-head-my-paws-rock\\\/#primaryimage\"},\"image\":{\"@id\":\"https:\\\/\\\/www.vetorino.com\\\/veterinaire\\\/chaumont-52000\\\/boutique\\\/product\\\/lingette-pet-head-my-paws-rock\\\/#primaryimage\"},\"thumbnailUrl\":\"https:\\\/\\\/www.vetorino.com\\\/boutique\\\/wp-content\\\/uploads\\\/2020\\\/06\\\/FilsLIN403FormatMediumTypeIM.png\",\"datePublished\":\"2020-06-29T23:28:58+00:00\",\"dateModified\":\"2023-05-23T08:34:49+00:00\",\"description\":\"COMPANY OF ANIMALS LTDChiensPeau\\\/pelageTr\u00e8s pratique ! Apr\u00e8s la balade pour nettoyer les pattes, rafra\u00eechir leur nez et sentir bon !Les lingettes\",\"breadcrumb\":{\"@id\":\"https:\\\/\\\/www.vetorino.com\\\/veterinaire\\\/chaumont-52000\\\/boutique\\\/product\\\/lingette-pet-head-my-paws-rock\\\/#breadcrumb\"},\"inLanguage\":\"fr-FR\",\"potentialAction\":[{\"@type\":\"ReadAction\",\"target\":[\"https:\\\/\\\/www.vetorino.com\\\/veterinaire\\\/chaumont-52000\\\/boutique\\\/product\\\/lingette-pet-head-my-paws-rock\\\/\"]}]},{\"@type\":\"ImageObject\",\"inLanguage\":\"fr-FR\",\"@id\":\"https:\\\/\\\/www.vetorino.com\\\/veterinaire\\\/chaumont-52000\\\/boutique\\\/product\\\/lingette-pet-head-my-paws-rock\\\/#primaryimage\",\"url\":\"https:\\\/\\\/www.vetorino.com\\\/boutique\\\/wp-content\\\/uploads\\\/2020\\\/06\\\/FilsLIN403FormatMediumTypeIM.png\",\"contentUrl\":\"https:\\\/\\\/www.vetorino.com\\\/boutique\\\/wp-content\\\/uploads\\\/2020\\\/06\\\/FilsLIN403FormatMediumTypeIM.png\",\"width\":400,\"height\":400},{\"@type\":\"BreadcrumbList\",\"@id\":\"https:\\\/\\\/www.vetorino.com\\\/veterinaire\\\/chaumont-52000\\\/boutique\\\/product\\\/lingette-pet-head-my-paws-rock\\\/#breadcrumb\",\"itemListElement\":[{\"@type\":\"ListItem\",\"position\":1,\"name\":\"Accueil\",\"item\":\"https:\\\/\\\/www.vetorino.com\\\/boutique\\\/\"},{\"@type\":\"ListItem\",\"position\":2,\"name\":\"Produits\",\"item\":\"https:\\\/\\\/www.vetorino.com\\\/boutique\\\/\"},{\"@type\":\"ListItem\",\"position\":3,\"name\":\"Lingette Pet Head My Paws Rock\"}]},{\"@type\":\"WebSite\",\"@id\":\"https:\\\/\\\/www.vetorino.com\\\/boutique\\\/#website\",\"url\":\"https:\\\/\\\/www.vetorino.com\\\/boutique\\\/\",\"name\":\"V\u00e9torino\",\"description\":\"\",\"publisher\":{\"@id\":\"https:\\\/\\\/www.vetorino.com\\\/boutique\\\/#organization\"},\"potentialAction\":[{\"@type\":\"SearchAction\",\"target\":{\"@type\":\"EntryPoint\",\"urlTemplate\":\"https:\\\/\\\/www.vetorino.com\\\/boutique\\\/?s={search_term_string}\"},\"query-input\":{\"@type\":\"PropertyValueSpecification\",\"valueRequired\":true,\"valueName\":\"search_term_string\"}}],\"inLanguage\":\"fr-FR\"},{\"@type\":\"Organization\",\"@id\":\"https:\\\/\\\/www.vetorino.com\\\/boutique\\\/#organization\",\"name\":\"V\u00e9torino\",\"url\":\"https:\\\/\\\/www.vetorino.com\\\/boutique\\\/\",\"logo\":{\"@type\":\"ImageObject\",\"inLanguage\":\"fr-FR\",\"@id\":\"https:\\\/\\\/www.vetorino.com\\\/boutique\\\/#\\\/schema\\\/logo\\\/image\\\/\",\"url\":\"https:\\\/\\\/www.vetorino.com\\\/boutique\\\/wp-content\\\/uploads\\\/2024\\\/10\\\/logo.jpg\",\"contentUrl\":\"https:\\\/\\\/www.vetorino.com\\\/boutique\\\/wp-content\\\/uploads\\\/2024\\\/10\\\/logo.jpg\",\"width\":1200,\"height\":610,\"caption\":\"V\u00e9torino\"},\"image\":{\"@id\":\"https:\\\/\\\/www.vetorino.com\\\/boutique\\\/#\\\/schema\\\/logo\\\/image\\\/\"},\"sameAs\":[\"https:\\\/\\\/www.facebook.com\\\/Vetorino\\\/\",\"https:\\\/\\\/www.instagram.com\\\/vetorino_off\\\/\",\"https:\\\/\\\/www.linkedin.com\\\/company\\\/vtorino\\\/\"]}]}<\/script>\n<meta property=\"product:brand\" content=\"Company of Animals\" \/>\n<meta property=\"product:price:amount\" content=\"8.90\" \/>\n<meta property=\"product:price:currency\" content=\"EUR\" \/>\n<meta property=\"og:availability\" content=\"out of stock\" \/>\n<meta property=\"product:availability\" content=\"out of stock\" \/>\n<meta property=\"product:retailer_item_id\" content=\"C-LIN403\" \/>\n<meta property=\"product:condition\" content=\"new\" \/>\n<!-- \/ Yoast SEO plugin. -->","yoast_head_json":{"title":"Lingette Pet Head My Paws Rock Company of Animals - V\u00e9torino","description":"COMPANY OF ANIMALS LTDChiensPeau\/pelageTr\u00e8s pratique ! Apr\u00e8s la balade pour nettoyer les pattes, rafra\u00eechir leur nez et sentir bon !Les lingettes","robots":{"index":"noindex","follow":"nofollow"},"og_locale":"fr_FR","og_type":"article","og_title":"Lingette Pet Head My Paws Rock Company of Animals - V\u00e9torino","og_description":"COMPANY OF ANIMALS LTDChiensPeau\/pelageTr\u00e8s pratique ! Apr\u00e8s la balade pour nettoyer les pattes, rafra\u00eechir leur nez et sentir bon !Les lingettes","og_url":"https:\/\/www.vetorino.com\/veterinaire\/confolens-16500\/boutique\/product\/lingette-pet-head-my-paws-rock\/","og_site_name":"V\u00e9torino","article_publisher":"https:\/\/www.facebook.com\/Vetorino\/","article_modified_time":"2023-05-23T08:34:49+00:00","og_image":[{"width":400,"height":400,"url":"https:\/\/www.vetorino.com\/boutique\/wp-content\/uploads\/2020\/06\/FilsLIN403FormatMediumTypeIM.png","type":"image\/png"}],"twitter_card":"summary_large_image","twitter_misc":{"Prix":"8,90&euro;","Disponibilit\u00e9":"Rupture de stock"},"schema":{"@context":"https:\/\/schema.org","@graph":[{"@type":"WebPage","@id":"https:\/\/www.vetorino.com\/veterinaire\/chaumont-52000\/boutique\/product\/lingette-pet-head-my-paws-rock\/","url":"https:\/\/www.vetorino.com\/veterinaire\/chaumont-52000\/boutique\/product\/lingette-pet-head-my-paws-rock\/","name":"Lingette Pet Head My Paws Rock Company of Animals - V\u00e9torino","isPartOf":{"@id":"https:\/\/www.vetorino.com\/boutique\/#website"},"primaryImageOfPage":{"@id":"https:\/\/www.vetorino.com\/veterinaire\/chaumont-52000\/boutique\/product\/lingette-pet-head-my-paws-rock\/#primaryimage"},"image":{"@id":"https:\/\/www.vetorino.com\/veterinaire\/chaumont-52000\/boutique\/product\/lingette-pet-head-my-paws-rock\/#primaryimage"},"thumbnailUrl":"https:\/\/www.vetorino.com\/boutique\/wp-content\/uploads\/2020\/06\/FilsLIN403FormatMediumTypeIM.png","datePublished":"2020-06-29T23:28:58+00:00","dateModified":"2023-05-23T08:34:49+00:00","description":"COMPANY OF ANIMALS LTDChiensPeau\/pelageTr\u00e8s pratique ! Apr\u00e8s la balade pour nettoyer les pattes, rafra\u00eechir leur nez et sentir bon !Les lingettes","breadcrumb":{"@id":"https:\/\/www.vetorino.com\/veterinaire\/chaumont-52000\/boutique\/product\/lingette-pet-head-my-paws-rock\/#breadcrumb"},"inLanguage":"fr-FR","potentialAction":[{"@type":"ReadAction","target":["https:\/\/www.vetorino.com\/veterinaire\/chaumont-52000\/boutique\/product\/lingette-pet-head-my-paws-rock\/"]}]},{"@type":"ImageObject","inLanguage":"fr-FR","@id":"https:\/\/www.vetorino.com\/veterinaire\/chaumont-52000\/boutique\/product\/lingette-pet-head-my-paws-rock\/#primaryimage","url":"https:\/\/www.vetorino.com\/boutique\/wp-content\/uploads\/2020\/06\/FilsLIN403FormatMediumTypeIM.png","contentUrl":"https:\/\/www.vetorino.com\/boutique\/wp-content\/uploads\/2020\/06\/FilsLIN403FormatMediumTypeIM.png","width":400,"height":400},{"@type":"BreadcrumbList","@id":"https:\/\/www.vetorino.com\/veterinaire\/chaumont-52000\/boutique\/product\/lingette-pet-head-my-paws-rock\/#breadcrumb","itemListElement":[{"@type":"ListItem","position":1,"name":"Accueil","item":"https:\/\/www.vetorino.com\/boutique\/"},{"@type":"ListItem","position":2,"name":"Produits","item":"https:\/\/www.vetorino.com\/boutique\/"},{"@type":"ListItem","position":3,"name":"Lingette Pet Head My Paws Rock"}]},{"@type":"WebSite","@id":"https:\/\/www.vetorino.com\/boutique\/#website","url":"https:\/\/www.vetorino.com\/boutique\/","name":"V\u00e9torino","description":"","publisher":{"@id":"https:\/\/www.vetorino.com\/boutique\/#organization"},"potentialAction":[{"@type":"SearchAction","target":{"@type":"EntryPoint","urlTemplate":"https:\/\/www.vetorino.com\/boutique\/?s={search_term_string}"},"query-input":{"@type":"PropertyValueSpecification","valueRequired":true,"valueName":"search_term_string"}}],"inLanguage":"fr-FR"},{"@type":"Organization","@id":"https:\/\/www.vetorino.com\/boutique\/#organization","name":"V\u00e9torino","url":"https:\/\/www.vetorino.com\/boutique\/","logo":{"@type":"ImageObject","inLanguage":"fr-FR","@id":"https:\/\/www.vetorino.com\/boutique\/#\/schema\/logo\/image\/","url":"https:\/\/www.vetorino.com\/boutique\/wp-content\/uploads\/2024\/10\/logo.jpg","contentUrl":"https:\/\/www.vetorino.com\/boutique\/wp-content\/uploads\/2024\/10\/logo.jpg","width":1200,"height":610,"caption":"V\u00e9torino"},"image":{"@id":"https:\/\/www.vetorino.com\/boutique\/#\/schema\/logo\/image\/"},"sameAs":["https:\/\/www.facebook.com\/Vetorino\/","https:\/\/www.instagram.com\/vetorino_off\/","https:\/\/www.linkedin.com\/company\/vtorino\/"]}]},"product_brand":"Company of Animals","product_price_amount":"8.90","product_price_currency":"EUR","og_availability":"out of stock","product_availability":"out of stock","product_retailer_item_id":"C-LIN403","product_condition":"new"},"_links":{"self":[{"href":"https:\/\/www.vetorino.com\/veterinaire\/confolens-16500\/boutique\/wp-json\/wp\/v2\/product\/99258","targetHints":{"allow":["GET"]}}],"collection":[{"href":"https:\/\/www.vetorino.com\/veterinaire\/confolens-16500\/boutique\/wp-json\/wp\/v2\/product"}],"about":[{"href":"https:\/\/www.vetorino.com\/veterinaire\/confolens-16500\/boutique\/wp-json\/wp\/v2\/types\/product"}],"wp:featuredmedia":[{"embeddable":true,"href":"https:\/\/www.vetorino.com\/veterinaire\/confolens-16500\/boutique\/wp-json\/wp\/v2\/media\/99257"}],"wp:attachment":[{"href":"https:\/\/www.vetorino.com\/veterinaire\/confolens-16500\/boutique\/wp-json\/wp\/v2\/media?parent=99258"}],"wp:term":[{"taxonomy":"product_cat","embeddable":true,"href":"https:\/\/www.vetorino.com\/veterinaire\/confolens-16500\/boutique\/wp-json\/wp\/v2\/product_cat?post=99258"},{"taxonomy":"product_tag","embeddable":true,"href":"https:\/\/www.vetorino.com\/veterinaire\/confolens-16500\/boutique\/wp-json\/wp\/v2\/product_tag?post=99258"}],"curies":[{"name":"wp","href":"https:\/\/api.w.org\/{rel}","templated":true}]}}