{"id":99322,"date":"2020-06-30T01:30:15","date_gmt":"2020-06-29T23:30:15","guid":{"rendered":"https:\/\/www.vetorino.com\/boutique\/product\/litiere-de-rechange-scoopfree\/"},"modified":"2026-03-12T02:42:07","modified_gmt":"2026-03-12T01:42:07","slug":"litiere-de-rechange-scoopfree","status":"publish","type":"product","link":"https:\/\/www.vetorino.com\/veterinaire\/confolens-16500\/boutique\/product\/litiere-de-rechange-scoopfree\/","title":{"rendered":"Liti\u00e8re de rechange ScoopFree"},"content":{"rendered":"<div class='hidden'>MATERIEL<\/div>\n<div class='hidden'>Chats<\/div>\n<p>Les bacs de liti&egrave;re jetable ScoopFree&reg;,&nbsp;sont des bacs jetables, vous n&#039;avez plus besoin de voir, de toucher ou m&ecirc;me de sentir les d&eacute;jections.<br \/>\nRemplacez simplement le bac jetable au bout de quelques semaines et votre bo&icirc;te &agrave; liti&egrave;re ScoopFree&reg; (BAC712) est comme neuve !<br \/>\nChaque bac est pr&eacute;-rempli de liti&egrave;re Cristal bleu de qualit&eacute; sup&eacute;rieure : imbattable dans le combat contre les odeurs, elle est 5 fois plus efficace que les liti&egrave;res agglom&eacute;rantes et les liti&egrave;res en argile habituelles.<br \/>\nLa liti&egrave;re Cristal minimise les odeurs et la dispersion des cristaux, avec pour r&eacute;sultat une maison qui sent bon, sans r&eacute;sidus de liti&egrave;re.<\/p>\n<ul>\n<li>Compartiment &agrave; d&eacute;chets couvert pour capturer les odeurs, pr&eacute;servant ainsi l&#039;odeur de frais de votre bo&icirc;te &agrave; liti&egrave;re.<\/li>\n<li>Les cristaux ne collent pas aux coussinets de votre chat et minimisent la dispersion de la liti&egrave;re.<\/li>\n<li>Sans poussi&egrave;re &agrave; 99 %.<\/li>\n<li>Doublure de bac en plastique pour cr&eacute;er une barri&egrave;re suppl&eacute;mentaire r&eacute;sistante &agrave; l&#039;&eacute;preuve des fuites.<\/li>\n<li>Absorbe l&#039;urine par simple contact et ass&egrave;che les excr&eacute;ments pour limiter les odeurs.<\/li>\n<li>Chaque bac ne p&egrave;se que 3 kg (2 kg de liti&egrave;re y compris).<\/li>\n<li>Empilez et entreposez facilement les bacs.<\/li>\n<\/ul>\n<p>Dur&eacute;e de vie approximative d&#039;un bac de liti&egrave;re en fonction du nombre de chat :<\/p>\n<ul>\n<li>1&nbsp;Chat : 20-30 jours.<\/li>\n<li>2 Chats :&nbsp;10-15 jours.<\/li>\n<li>3 Chats&nbsp;:&nbsp;7-10 jours.<\/li>\n<li>Plus de 4 chats : 7 jours.<\/li>\n<\/ul>\n","protected":false},"excerpt":{"rendered":"<p>MATERIEL Chats Les bacs de liti&egrave;re jetable ScoopFree&reg;,&nbsp;sont des bacs jetables, vous n&#039;avez plus besoin de voir, de toucher ou m&ecirc;me de sentir les d&eacute;jections. Remplacez simplement le bac jetable au bout de quelques semaines et votre bo&icirc;te &agrave; liti&egrave;re ScoopFree&reg; (BAC712) est comme neuve ! Chaque bac est pr&eacute;-rempli de liti&egrave;re Cristal bleu de [&hellip;]<\/p>\n","protected":false},"featured_media":99321,"template":"","meta":[],"product_cat":[12548,2697,12628],"product_tag":[],"class_list":{"0":"post-99322","1":"product","2":"type-product","3":"status-publish","4":"has-post-thumbnail","6":"product_cat-accessoire-du-chat","7":"product_cat-chat","8":"product_cat-litieres-du-chat","9":"pa_marque-materiel","11":"first","12":"instock","13":"taxable","14":"shipping-taxable","15":"purchasable","16":"product-type-simple"},"yoast_head":"<!-- This site is optimized with the Yoast SEO plugin v27.3 - https:\/\/yoast.com\/product\/yoast-seo-wordpress\/ -->\n<title>Liti\u00e8re de rechange ScoopFree Mat\u00e9riel - V\u00e9torino<\/title>\n<meta name=\"description\" content=\"MATERIELChatsLes bacs de liti&egrave;re jetable ScoopFree&reg;,&nbsp;sont des bacs jetables, vous n&#039;avez plus besoin de voir, de toucher ou\" \/>\n<meta name=\"robots\" content=\"noindex, nofollow\" \/>\n<meta property=\"og:locale\" content=\"fr_FR\" \/>\n<meta property=\"og:type\" content=\"article\" \/>\n<meta property=\"og:title\" content=\"Liti\u00e8re de rechange ScoopFree Mat\u00e9riel - V\u00e9torino\" \/>\n<meta property=\"og:description\" content=\"MATERIELChatsLes bacs de liti&egrave;re jetable ScoopFree&reg;,&nbsp;sont des bacs jetables, vous n&#039;avez plus besoin de voir, de toucher ou\" \/>\n<meta property=\"og:url\" content=\"https:\/\/www.vetorino.com\/veterinaire\/confolens-16500\/boutique\/product\/litiere-de-rechange-scoopfree\/\" \/>\n<meta property=\"og:site_name\" content=\"V\u00e9torino\" \/>\n<meta property=\"article:publisher\" content=\"https:\/\/www.facebook.com\/Vetorino\/\" \/>\n<meta property=\"article:modified_time\" content=\"2026-03-12T01:42:07+00:00\" \/>\n<meta property=\"og:image\" content=\"https:\/\/www.vetorino.com\/boutique\/wp-content\/uploads\/2020\/06\/FilsLIT427FormatMediumTypeIM.png\" \/>\n\t<meta property=\"og:image:width\" content=\"399\" \/>\n\t<meta property=\"og:image:height\" content=\"400\" \/>\n\t<meta property=\"og:image:type\" content=\"image\/png\" \/>\n<meta name=\"twitter:card\" content=\"summary_large_image\" \/>\n<meta name=\"twitter:label1\" content=\"Prix\" \/>\n\t<meta name=\"twitter:data1\" content=\"78,42&euro;\" \/>\n\t<meta name=\"twitter:label2\" content=\"Disponibilit\u00e9\" \/>\n\t<meta name=\"twitter:data2\" content=\"En stock\" \/>\n<script type=\"application\/ld+json\" class=\"yoast-schema-graph\">{\"@context\":\"https:\\\/\\\/schema.org\",\"@graph\":[{\"@type\":\"WebPage\",\"@id\":\"https:\\\/\\\/www.vetorino.com\\\/veterinaire\\\/matignon-22550\\\/boutique\\\/product\\\/litiere-de-rechange-scoopfree\\\/\",\"url\":\"https:\\\/\\\/www.vetorino.com\\\/veterinaire\\\/matignon-22550\\\/boutique\\\/product\\\/litiere-de-rechange-scoopfree\\\/\",\"name\":\"Liti\u00e8re de rechange ScoopFree Mat\u00e9riel - V\u00e9torino\",\"isPartOf\":{\"@id\":\"https:\\\/\\\/www.vetorino.com\\\/boutique\\\/#website\"},\"primaryImageOfPage\":{\"@id\":\"https:\\\/\\\/www.vetorino.com\\\/veterinaire\\\/matignon-22550\\\/boutique\\\/product\\\/litiere-de-rechange-scoopfree\\\/#primaryimage\"},\"image\":{\"@id\":\"https:\\\/\\\/www.vetorino.com\\\/veterinaire\\\/matignon-22550\\\/boutique\\\/product\\\/litiere-de-rechange-scoopfree\\\/#primaryimage\"},\"thumbnailUrl\":\"https:\\\/\\\/www.vetorino.com\\\/boutique\\\/wp-content\\\/uploads\\\/2020\\\/06\\\/FilsLIT427FormatMediumTypeIM.png\",\"datePublished\":\"2020-06-29T23:30:15+00:00\",\"dateModified\":\"2026-03-12T01:42:07+00:00\",\"description\":\"MATERIELChatsLes bacs de liti&egrave;re jetable ScoopFree&reg;,&nbsp;sont des bacs jetables, vous n&#039;avez plus besoin de voir, de toucher ou\",\"breadcrumb\":{\"@id\":\"https:\\\/\\\/www.vetorino.com\\\/veterinaire\\\/matignon-22550\\\/boutique\\\/product\\\/litiere-de-rechange-scoopfree\\\/#breadcrumb\"},\"inLanguage\":\"fr-FR\",\"potentialAction\":[{\"@type\":\"ReadAction\",\"target\":[\"https:\\\/\\\/www.vetorino.com\\\/veterinaire\\\/matignon-22550\\\/boutique\\\/product\\\/litiere-de-rechange-scoopfree\\\/\"]}]},{\"@type\":\"ImageObject\",\"inLanguage\":\"fr-FR\",\"@id\":\"https:\\\/\\\/www.vetorino.com\\\/veterinaire\\\/matignon-22550\\\/boutique\\\/product\\\/litiere-de-rechange-scoopfree\\\/#primaryimage\",\"url\":\"https:\\\/\\\/www.vetorino.com\\\/boutique\\\/wp-content\\\/uploads\\\/2020\\\/06\\\/FilsLIT427FormatMediumTypeIM.png\",\"contentUrl\":\"https:\\\/\\\/www.vetorino.com\\\/boutique\\\/wp-content\\\/uploads\\\/2020\\\/06\\\/FilsLIT427FormatMediumTypeIM.png\",\"width\":399,\"height\":400},{\"@type\":\"BreadcrumbList\",\"@id\":\"https:\\\/\\\/www.vetorino.com\\\/veterinaire\\\/matignon-22550\\\/boutique\\\/product\\\/litiere-de-rechange-scoopfree\\\/#breadcrumb\",\"itemListElement\":[{\"@type\":\"ListItem\",\"position\":1,\"name\":\"Accueil\",\"item\":\"https:\\\/\\\/www.vetorino.com\\\/boutique\\\/\"},{\"@type\":\"ListItem\",\"position\":2,\"name\":\"Produits\",\"item\":\"https:\\\/\\\/www.vetorino.com\\\/boutique\\\/\"},{\"@type\":\"ListItem\",\"position\":3,\"name\":\"Liti\u00e8re de rechange ScoopFree\"}]},{\"@type\":\"WebSite\",\"@id\":\"https:\\\/\\\/www.vetorino.com\\\/boutique\\\/#website\",\"url\":\"https:\\\/\\\/www.vetorino.com\\\/boutique\\\/\",\"name\":\"V\u00e9torino\",\"description\":\"\",\"publisher\":{\"@id\":\"https:\\\/\\\/www.vetorino.com\\\/boutique\\\/#organization\"},\"potentialAction\":[{\"@type\":\"SearchAction\",\"target\":{\"@type\":\"EntryPoint\",\"urlTemplate\":\"https:\\\/\\\/www.vetorino.com\\\/boutique\\\/?s={search_term_string}\"},\"query-input\":{\"@type\":\"PropertyValueSpecification\",\"valueRequired\":true,\"valueName\":\"search_term_string\"}}],\"inLanguage\":\"fr-FR\"},{\"@type\":\"Organization\",\"@id\":\"https:\\\/\\\/www.vetorino.com\\\/boutique\\\/#organization\",\"name\":\"V\u00e9torino\",\"url\":\"https:\\\/\\\/www.vetorino.com\\\/boutique\\\/\",\"logo\":{\"@type\":\"ImageObject\",\"inLanguage\":\"fr-FR\",\"@id\":\"https:\\\/\\\/www.vetorino.com\\\/boutique\\\/#\\\/schema\\\/logo\\\/image\\\/\",\"url\":\"https:\\\/\\\/www.vetorino.com\\\/boutique\\\/wp-content\\\/uploads\\\/2024\\\/10\\\/logo.jpg\",\"contentUrl\":\"https:\\\/\\\/www.vetorino.com\\\/boutique\\\/wp-content\\\/uploads\\\/2024\\\/10\\\/logo.jpg\",\"width\":1200,\"height\":610,\"caption\":\"V\u00e9torino\"},\"image\":{\"@id\":\"https:\\\/\\\/www.vetorino.com\\\/boutique\\\/#\\\/schema\\\/logo\\\/image\\\/\"},\"sameAs\":[\"https:\\\/\\\/www.facebook.com\\\/Vetorino\\\/\",\"https:\\\/\\\/www.instagram.com\\\/vetorino_off\\\/\",\"https:\\\/\\\/www.linkedin.com\\\/company\\\/vtorino\\\/\"]}]}<\/script>\n<meta property=\"product:brand\" content=\"Mat\u00e9riel\" \/>\n<meta property=\"product:price:amount\" content=\"78.42\" \/>\n<meta property=\"product:price:currency\" content=\"EUR\" \/>\n<meta property=\"og:availability\" content=\"instock\" \/>\n<meta property=\"product:availability\" content=\"instock\" \/>\n<meta property=\"product:retailer_item_id\" content=\"C-LIT427\" \/>\n<meta property=\"product:condition\" content=\"new\" \/>\n<!-- \/ Yoast SEO plugin. -->","yoast_head_json":{"title":"Liti\u00e8re de rechange ScoopFree Mat\u00e9riel - V\u00e9torino","description":"MATERIELChatsLes bacs de liti&egrave;re jetable ScoopFree&reg;,&nbsp;sont des bacs jetables, vous n&#039;avez plus besoin de voir, de toucher ou","robots":{"index":"noindex","follow":"nofollow"},"og_locale":"fr_FR","og_type":"article","og_title":"Liti\u00e8re de rechange ScoopFree Mat\u00e9riel - V\u00e9torino","og_description":"MATERIELChatsLes bacs de liti&egrave;re jetable ScoopFree&reg;,&nbsp;sont des bacs jetables, vous n&#039;avez plus besoin de voir, de toucher ou","og_url":"https:\/\/www.vetorino.com\/veterinaire\/confolens-16500\/boutique\/product\/litiere-de-rechange-scoopfree\/","og_site_name":"V\u00e9torino","article_publisher":"https:\/\/www.facebook.com\/Vetorino\/","article_modified_time":"2026-03-12T01:42:07+00:00","og_image":[{"width":399,"height":400,"url":"https:\/\/www.vetorino.com\/boutique\/wp-content\/uploads\/2020\/06\/FilsLIT427FormatMediumTypeIM.png","type":"image\/png"}],"twitter_card":"summary_large_image","twitter_misc":{"Prix":"78,42&euro;","Disponibilit\u00e9":"En stock"},"schema":{"@context":"https:\/\/schema.org","@graph":[{"@type":"WebPage","@id":"https:\/\/www.vetorino.com\/veterinaire\/matignon-22550\/boutique\/product\/litiere-de-rechange-scoopfree\/","url":"https:\/\/www.vetorino.com\/veterinaire\/matignon-22550\/boutique\/product\/litiere-de-rechange-scoopfree\/","name":"Liti\u00e8re de rechange ScoopFree Mat\u00e9riel - V\u00e9torino","isPartOf":{"@id":"https:\/\/www.vetorino.com\/boutique\/#website"},"primaryImageOfPage":{"@id":"https:\/\/www.vetorino.com\/veterinaire\/matignon-22550\/boutique\/product\/litiere-de-rechange-scoopfree\/#primaryimage"},"image":{"@id":"https:\/\/www.vetorino.com\/veterinaire\/matignon-22550\/boutique\/product\/litiere-de-rechange-scoopfree\/#primaryimage"},"thumbnailUrl":"https:\/\/www.vetorino.com\/boutique\/wp-content\/uploads\/2020\/06\/FilsLIT427FormatMediumTypeIM.png","datePublished":"2020-06-29T23:30:15+00:00","dateModified":"2026-03-12T01:42:07+00:00","description":"MATERIELChatsLes bacs de liti&egrave;re jetable ScoopFree&reg;,&nbsp;sont des bacs jetables, vous n&#039;avez plus besoin de voir, de toucher ou","breadcrumb":{"@id":"https:\/\/www.vetorino.com\/veterinaire\/matignon-22550\/boutique\/product\/litiere-de-rechange-scoopfree\/#breadcrumb"},"inLanguage":"fr-FR","potentialAction":[{"@type":"ReadAction","target":["https:\/\/www.vetorino.com\/veterinaire\/matignon-22550\/boutique\/product\/litiere-de-rechange-scoopfree\/"]}]},{"@type":"ImageObject","inLanguage":"fr-FR","@id":"https:\/\/www.vetorino.com\/veterinaire\/matignon-22550\/boutique\/product\/litiere-de-rechange-scoopfree\/#primaryimage","url":"https:\/\/www.vetorino.com\/boutique\/wp-content\/uploads\/2020\/06\/FilsLIT427FormatMediumTypeIM.png","contentUrl":"https:\/\/www.vetorino.com\/boutique\/wp-content\/uploads\/2020\/06\/FilsLIT427FormatMediumTypeIM.png","width":399,"height":400},{"@type":"BreadcrumbList","@id":"https:\/\/www.vetorino.com\/veterinaire\/matignon-22550\/boutique\/product\/litiere-de-rechange-scoopfree\/#breadcrumb","itemListElement":[{"@type":"ListItem","position":1,"name":"Accueil","item":"https:\/\/www.vetorino.com\/boutique\/"},{"@type":"ListItem","position":2,"name":"Produits","item":"https:\/\/www.vetorino.com\/boutique\/"},{"@type":"ListItem","position":3,"name":"Liti\u00e8re de rechange ScoopFree"}]},{"@type":"WebSite","@id":"https:\/\/www.vetorino.com\/boutique\/#website","url":"https:\/\/www.vetorino.com\/boutique\/","name":"V\u00e9torino","description":"","publisher":{"@id":"https:\/\/www.vetorino.com\/boutique\/#organization"},"potentialAction":[{"@type":"SearchAction","target":{"@type":"EntryPoint","urlTemplate":"https:\/\/www.vetorino.com\/boutique\/?s={search_term_string}"},"query-input":{"@type":"PropertyValueSpecification","valueRequired":true,"valueName":"search_term_string"}}],"inLanguage":"fr-FR"},{"@type":"Organization","@id":"https:\/\/www.vetorino.com\/boutique\/#organization","name":"V\u00e9torino","url":"https:\/\/www.vetorino.com\/boutique\/","logo":{"@type":"ImageObject","inLanguage":"fr-FR","@id":"https:\/\/www.vetorino.com\/boutique\/#\/schema\/logo\/image\/","url":"https:\/\/www.vetorino.com\/boutique\/wp-content\/uploads\/2024\/10\/logo.jpg","contentUrl":"https:\/\/www.vetorino.com\/boutique\/wp-content\/uploads\/2024\/10\/logo.jpg","width":1200,"height":610,"caption":"V\u00e9torino"},"image":{"@id":"https:\/\/www.vetorino.com\/boutique\/#\/schema\/logo\/image\/"},"sameAs":["https:\/\/www.facebook.com\/Vetorino\/","https:\/\/www.instagram.com\/vetorino_off\/","https:\/\/www.linkedin.com\/company\/vtorino\/"]}]},"product_brand":"Mat\u00e9riel","product_price_amount":"78.42","product_price_currency":"EUR","og_availability":"instock","product_availability":"instock","product_retailer_item_id":"C-LIT427","product_condition":"new"},"_links":{"self":[{"href":"https:\/\/www.vetorino.com\/veterinaire\/confolens-16500\/boutique\/wp-json\/wp\/v2\/product\/99322","targetHints":{"allow":["GET"]}}],"collection":[{"href":"https:\/\/www.vetorino.com\/veterinaire\/confolens-16500\/boutique\/wp-json\/wp\/v2\/product"}],"about":[{"href":"https:\/\/www.vetorino.com\/veterinaire\/confolens-16500\/boutique\/wp-json\/wp\/v2\/types\/product"}],"wp:featuredmedia":[{"embeddable":true,"href":"https:\/\/www.vetorino.com\/veterinaire\/confolens-16500\/boutique\/wp-json\/wp\/v2\/media\/99321"}],"wp:attachment":[{"href":"https:\/\/www.vetorino.com\/veterinaire\/confolens-16500\/boutique\/wp-json\/wp\/v2\/media?parent=99322"}],"wp:term":[{"taxonomy":"product_cat","embeddable":true,"href":"https:\/\/www.vetorino.com\/veterinaire\/confolens-16500\/boutique\/wp-json\/wp\/v2\/product_cat?post=99322"},{"taxonomy":"product_tag","embeddable":true,"href":"https:\/\/www.vetorino.com\/veterinaire\/confolens-16500\/boutique\/wp-json\/wp\/v2\/product_tag?post=99322"}],"curies":[{"name":"wp","href":"https:\/\/api.w.org\/{rel}","templated":true}]}}