{"id":99547,"date":"2020-06-30T01:32:58","date_gmt":"2020-06-29T23:32:58","guid":{"rendered":"https:\/\/www.vetorino.com\/boutique\/product\/manteau-rafraichissant-jet-stream-ruffwear\/"},"modified":"2025-04-03T05:58:06","modified_gmt":"2025-04-03T03:58:06","slug":"manteau-rafraichissant-jet-stream-ruffwear","status":"publish","type":"product","link":"https:\/\/www.vetorino.com\/veterinaire\/confolens-16500\/boutique\/product\/manteau-rafraichissant-jet-stream-ruffwear\/","title":{"rendered":"Manteau rafra\u00eechissant Jet Stream Ruffwear"},"content":{"rendered":"<div class=\"hidden\">MATERIEL<\/div>\n<div class=\"hidden\">Chiens<\/div>\n<p>Le Jet Stream de Ruffwear refroidit efficacement les chiens lors d&#8217;aventures l\u00e9g\u00e8res et rapides \u00e0 haute intensit\u00e9 gr\u00e2ce \u00e0 l&#8217;ombrage apport\u00e9 par le gilet et au refroidissement par \u00e9vaporation.<br \/>\nPour activer le Jet Stream, plongez dans l&#8217;eau, essorez, zippez votre chien et partez.<\/p>\n<ul>\n<li>Le panneau arri\u00e8re en spandex l\u00e9ger fournit de l&#8217;ombre et est class\u00e9 UPF \u00e0 50+.<\/li>\n<li>La construction \u00e0 trois couches refroidit le noyau.<\/li>\n<li>La couche externe \u00e9vacue la chaleur et facilite l&#8217;\u00e9vaporation.<\/li>\n<li>La couche interm\u00e9diaire absorbante stocke l&#8217;eau pour l&#8217;\u00e9vaporation.<\/li>\n<li>La couche interne confortable transmet l&#8217;effet de refroidissement au chien.<\/li>\n<li>Fermeture \u00e0 glissi\u00e8re pour un ajustement haute performance.<\/li>\n<\/ul>\n<p>Instructions de lavage :<\/p>\n<ul>\n<li>Laver \u00e0 l&#8217;eau froide, cycle d\u00e9licat.<\/li>\n<li>Utilisez un d\u00e9tergent doux.<\/li>\n<li>Suspendre pour s\u00e9cher.<\/li>\n<li>Ne pas javelliser, repasser ou nettoyer \u00e0 sec.<\/li>\n<\/ul>\n","protected":false},"excerpt":{"rendered":"<p>Le Jet Stream de Ruffwear refroidit efficacement les chiens lors d&#8217;aventures l\u00e9g\u00e8res et rapides \u00e0 haute intensit\u00e9 gr\u00e2ce \u00e0 l&#8217;ombrage apport\u00e9 par le gilet et au refroidissement par \u00e9vaporation.<br \/>\nPour activer le Jet Stream, plongez dans l&#8217;eau, essorez, zippez votre chien et partez.<\/p>\n","protected":false},"featured_media":625496,"template":"","meta":[],"product_cat":[2698],"product_tag":[],"class_list":{"0":"post-99547","1":"product","2":"type-product","3":"status-publish","4":"has-post-thumbnail","6":"product_cat-chien","7":"pa_marque-ruffwear","9":"first","10":"instock","11":"taxable","12":"shipping-taxable","13":"purchasable","14":"product-type-variable"},"yoast_head":"<!-- This site is optimized with the Yoast SEO plugin v27.3 - https:\/\/yoast.com\/product\/yoast-seo-wordpress\/ -->\n<title>Manteau rafra\u00eechissant Jet Stream Ruffwear Ruffwear - V\u00e9torino<\/title>\n<meta name=\"description\" content=\"Le Jet Stream de Ruffwear refroidit efficacement les chiens lors d&#039;aventures l\u00e9g\u00e8res et rapides \u00e0 haute intensit\u00e9 gr\u00e2ce \u00e0 l&#039;ombrage apport\u00e9 par le gilet et au refroidissement par \u00e9vaporation. Pour activer le Jet Stream, plongez dans l&#039;eau, essorez, zippez votre chien et partez.\" \/>\n<meta name=\"robots\" content=\"noindex, nofollow\" \/>\n<meta property=\"og:locale\" content=\"fr_FR\" \/>\n<meta property=\"og:type\" content=\"article\" \/>\n<meta property=\"og:title\" content=\"Manteau rafra\u00eechissant Jet Stream Ruffwear Ruffwear - V\u00e9torino\" \/>\n<meta property=\"og:description\" content=\"Le Jet Stream de Ruffwear refroidit efficacement les chiens lors d&#039;aventures l\u00e9g\u00e8res et rapides \u00e0 haute intensit\u00e9 gr\u00e2ce \u00e0 l&#039;ombrage apport\u00e9 par le gilet et au refroidissement par \u00e9vaporation. Pour activer le Jet Stream, plongez dans l&#039;eau, essorez, zippez votre chien et partez.\" \/>\n<meta property=\"og:url\" content=\"https:\/\/www.vetorino.com\/veterinaire\/confolens-16500\/boutique\/product\/manteau-rafraichissant-jet-stream-ruffwear\/\" \/>\n<meta property=\"og:site_name\" content=\"V\u00e9torino\" \/>\n<meta property=\"article:publisher\" content=\"https:\/\/www.facebook.com\/Vetorino\/\" \/>\n<meta property=\"article:modified_time\" content=\"2025-04-03T03:58:06+00:00\" \/>\n<meta property=\"og:image\" content=\"https:\/\/www.vetorino.com\/boutique\/wp-content\/uploads\/2020\/06\/manteau-rafraichissant-jet-stream-ruffwear.jpg\" \/>\n\t<meta property=\"og:image:width\" content=\"800\" \/>\n\t<meta property=\"og:image:height\" content=\"800\" \/>\n\t<meta property=\"og:image:type\" content=\"image\/jpeg\" \/>\n<meta name=\"twitter:card\" content=\"summary_large_image\" \/>\n<meta name=\"twitter:label1\" content=\"Disponibilit\u00e9\" \/>\n\t<meta name=\"twitter:data1\" content=\"En stock\" \/>\n<script type=\"application\/ld+json\" class=\"yoast-schema-graph\">{\"@context\":\"https:\\\/\\\/schema.org\",\"@graph\":[{\"@type\":\"WebPage\",\"@id\":\"https:\\\/\\\/www.vetorino.com\\\/boutique\\\/product\\\/manteau-rafraichissant-jet-stream-ruffwear\\\/\",\"url\":\"https:\\\/\\\/www.vetorino.com\\\/boutique\\\/product\\\/manteau-rafraichissant-jet-stream-ruffwear\\\/\",\"name\":\"Manteau rafra\u00eechissant Jet Stream Ruffwear Ruffwear - V\u00e9torino\",\"isPartOf\":{\"@id\":\"https:\\\/\\\/www.vetorino.com\\\/boutique\\\/#website\"},\"primaryImageOfPage\":{\"@id\":\"https:\\\/\\\/www.vetorino.com\\\/boutique\\\/product\\\/manteau-rafraichissant-jet-stream-ruffwear\\\/#primaryimage\"},\"image\":{\"@id\":\"https:\\\/\\\/www.vetorino.com\\\/boutique\\\/product\\\/manteau-rafraichissant-jet-stream-ruffwear\\\/#primaryimage\"},\"thumbnailUrl\":\"https:\\\/\\\/www.vetorino.com\\\/boutique\\\/wp-content\\\/uploads\\\/2020\\\/06\\\/manteau-rafraichissant-jet-stream-ruffwear.jpg\",\"datePublished\":\"2020-06-29T23:32:58+00:00\",\"dateModified\":\"2025-04-03T03:58:06+00:00\",\"description\":\"Le Jet Stream de Ruffwear refroidit efficacement les chiens lors d'aventures l\u00e9g\u00e8res et rapides \u00e0 haute intensit\u00e9 gr\u00e2ce \u00e0 l'ombrage apport\u00e9 par le gilet et au refroidissement par \u00e9vaporation. Pour activer le Jet Stream, plongez dans l'eau, essorez, zippez votre chien et partez.\",\"breadcrumb\":{\"@id\":\"https:\\\/\\\/www.vetorino.com\\\/boutique\\\/product\\\/manteau-rafraichissant-jet-stream-ruffwear\\\/#breadcrumb\"},\"inLanguage\":\"fr-FR\",\"potentialAction\":[{\"@type\":\"ReadAction\",\"target\":[\"https:\\\/\\\/www.vetorino.com\\\/boutique\\\/product\\\/manteau-rafraichissant-jet-stream-ruffwear\\\/\"]}]},{\"@type\":\"ImageObject\",\"inLanguage\":\"fr-FR\",\"@id\":\"https:\\\/\\\/www.vetorino.com\\\/boutique\\\/product\\\/manteau-rafraichissant-jet-stream-ruffwear\\\/#primaryimage\",\"url\":\"https:\\\/\\\/www.vetorino.com\\\/boutique\\\/wp-content\\\/uploads\\\/2020\\\/06\\\/manteau-rafraichissant-jet-stream-ruffwear.jpg\",\"contentUrl\":\"https:\\\/\\\/www.vetorino.com\\\/boutique\\\/wp-content\\\/uploads\\\/2020\\\/06\\\/manteau-rafraichissant-jet-stream-ruffwear.jpg\",\"width\":800,\"height\":800},{\"@type\":\"BreadcrumbList\",\"@id\":\"https:\\\/\\\/www.vetorino.com\\\/boutique\\\/product\\\/manteau-rafraichissant-jet-stream-ruffwear\\\/#breadcrumb\",\"itemListElement\":[{\"@type\":\"ListItem\",\"position\":1,\"name\":\"Accueil\",\"item\":\"https:\\\/\\\/www.vetorino.com\\\/boutique\\\/\"},{\"@type\":\"ListItem\",\"position\":2,\"name\":\"Produits\",\"item\":\"https:\\\/\\\/www.vetorino.com\\\/boutique\\\/\"},{\"@type\":\"ListItem\",\"position\":3,\"name\":\"Manteau rafra\u00eechissant Jet Stream Ruffwear\"}]},{\"@type\":\"WebSite\",\"@id\":\"https:\\\/\\\/www.vetorino.com\\\/boutique\\\/#website\",\"url\":\"https:\\\/\\\/www.vetorino.com\\\/boutique\\\/\",\"name\":\"V\u00e9torino\",\"description\":\"\",\"publisher\":{\"@id\":\"https:\\\/\\\/www.vetorino.com\\\/boutique\\\/#organization\"},\"potentialAction\":[{\"@type\":\"SearchAction\",\"target\":{\"@type\":\"EntryPoint\",\"urlTemplate\":\"https:\\\/\\\/www.vetorino.com\\\/boutique\\\/?s={search_term_string}\"},\"query-input\":{\"@type\":\"PropertyValueSpecification\",\"valueRequired\":true,\"valueName\":\"search_term_string\"}}],\"inLanguage\":\"fr-FR\"},{\"@type\":\"Organization\",\"@id\":\"https:\\\/\\\/www.vetorino.com\\\/boutique\\\/#organization\",\"name\":\"V\u00e9torino\",\"url\":\"https:\\\/\\\/www.vetorino.com\\\/boutique\\\/\",\"logo\":{\"@type\":\"ImageObject\",\"inLanguage\":\"fr-FR\",\"@id\":\"https:\\\/\\\/www.vetorino.com\\\/boutique\\\/#\\\/schema\\\/logo\\\/image\\\/\",\"url\":\"https:\\\/\\\/www.vetorino.com\\\/boutique\\\/wp-content\\\/uploads\\\/2024\\\/10\\\/logo.jpg\",\"contentUrl\":\"https:\\\/\\\/www.vetorino.com\\\/boutique\\\/wp-content\\\/uploads\\\/2024\\\/10\\\/logo.jpg\",\"width\":1200,\"height\":610,\"caption\":\"V\u00e9torino\"},\"image\":{\"@id\":\"https:\\\/\\\/www.vetorino.com\\\/boutique\\\/#\\\/schema\\\/logo\\\/image\\\/\"},\"sameAs\":[\"https:\\\/\\\/www.facebook.com\\\/Vetorino\\\/\",\"https:\\\/\\\/www.instagram.com\\\/vetorino_off\\\/\",\"https:\\\/\\\/www.linkedin.com\\\/company\\\/vtorino\\\/\"]}]}<\/script>\n<meta property=\"product:brand\" content=\"Ruffwear\" \/>\n<meta property=\"og:availability\" content=\"instock\" \/>\n<meta property=\"product:availability\" content=\"instock\" \/>\n<meta property=\"product:condition\" content=\"new\" \/>\n<!-- \/ Yoast SEO plugin. -->","yoast_head_json":{"title":"Manteau rafra\u00eechissant Jet Stream Ruffwear Ruffwear - V\u00e9torino","description":"Le Jet Stream de Ruffwear refroidit efficacement les chiens lors d'aventures l\u00e9g\u00e8res et rapides \u00e0 haute intensit\u00e9 gr\u00e2ce \u00e0 l'ombrage apport\u00e9 par le gilet et au refroidissement par \u00e9vaporation. Pour activer le Jet Stream, plongez dans l'eau, essorez, zippez votre chien et partez.","robots":{"index":"noindex","follow":"nofollow"},"og_locale":"fr_FR","og_type":"article","og_title":"Manteau rafra\u00eechissant Jet Stream Ruffwear Ruffwear - V\u00e9torino","og_description":"Le Jet Stream de Ruffwear refroidit efficacement les chiens lors d'aventures l\u00e9g\u00e8res et rapides \u00e0 haute intensit\u00e9 gr\u00e2ce \u00e0 l'ombrage apport\u00e9 par le gilet et au refroidissement par \u00e9vaporation. Pour activer le Jet Stream, plongez dans l'eau, essorez, zippez votre chien et partez.","og_url":"https:\/\/www.vetorino.com\/veterinaire\/confolens-16500\/boutique\/product\/manteau-rafraichissant-jet-stream-ruffwear\/","og_site_name":"V\u00e9torino","article_publisher":"https:\/\/www.facebook.com\/Vetorino\/","article_modified_time":"2025-04-03T03:58:06+00:00","og_image":[{"width":800,"height":800,"url":"https:\/\/www.vetorino.com\/boutique\/wp-content\/uploads\/2020\/06\/manteau-rafraichissant-jet-stream-ruffwear.jpg","type":"image\/jpeg"}],"twitter_card":"summary_large_image","twitter_misc":{"Disponibilit\u00e9":"En stock"},"schema":{"@context":"https:\/\/schema.org","@graph":[{"@type":"WebPage","@id":"https:\/\/www.vetorino.com\/boutique\/product\/manteau-rafraichissant-jet-stream-ruffwear\/","url":"https:\/\/www.vetorino.com\/boutique\/product\/manteau-rafraichissant-jet-stream-ruffwear\/","name":"Manteau rafra\u00eechissant Jet Stream Ruffwear Ruffwear - V\u00e9torino","isPartOf":{"@id":"https:\/\/www.vetorino.com\/boutique\/#website"},"primaryImageOfPage":{"@id":"https:\/\/www.vetorino.com\/boutique\/product\/manteau-rafraichissant-jet-stream-ruffwear\/#primaryimage"},"image":{"@id":"https:\/\/www.vetorino.com\/boutique\/product\/manteau-rafraichissant-jet-stream-ruffwear\/#primaryimage"},"thumbnailUrl":"https:\/\/www.vetorino.com\/boutique\/wp-content\/uploads\/2020\/06\/manteau-rafraichissant-jet-stream-ruffwear.jpg","datePublished":"2020-06-29T23:32:58+00:00","dateModified":"2025-04-03T03:58:06+00:00","description":"Le Jet Stream de Ruffwear refroidit efficacement les chiens lors d'aventures l\u00e9g\u00e8res et rapides \u00e0 haute intensit\u00e9 gr\u00e2ce \u00e0 l'ombrage apport\u00e9 par le gilet et au refroidissement par \u00e9vaporation. Pour activer le Jet Stream, plongez dans l'eau, essorez, zippez votre chien et partez.","breadcrumb":{"@id":"https:\/\/www.vetorino.com\/boutique\/product\/manteau-rafraichissant-jet-stream-ruffwear\/#breadcrumb"},"inLanguage":"fr-FR","potentialAction":[{"@type":"ReadAction","target":["https:\/\/www.vetorino.com\/boutique\/product\/manteau-rafraichissant-jet-stream-ruffwear\/"]}]},{"@type":"ImageObject","inLanguage":"fr-FR","@id":"https:\/\/www.vetorino.com\/boutique\/product\/manteau-rafraichissant-jet-stream-ruffwear\/#primaryimage","url":"https:\/\/www.vetorino.com\/boutique\/wp-content\/uploads\/2020\/06\/manteau-rafraichissant-jet-stream-ruffwear.jpg","contentUrl":"https:\/\/www.vetorino.com\/boutique\/wp-content\/uploads\/2020\/06\/manteau-rafraichissant-jet-stream-ruffwear.jpg","width":800,"height":800},{"@type":"BreadcrumbList","@id":"https:\/\/www.vetorino.com\/boutique\/product\/manteau-rafraichissant-jet-stream-ruffwear\/#breadcrumb","itemListElement":[{"@type":"ListItem","position":1,"name":"Accueil","item":"https:\/\/www.vetorino.com\/boutique\/"},{"@type":"ListItem","position":2,"name":"Produits","item":"https:\/\/www.vetorino.com\/boutique\/"},{"@type":"ListItem","position":3,"name":"Manteau rafra\u00eechissant Jet Stream Ruffwear"}]},{"@type":"WebSite","@id":"https:\/\/www.vetorino.com\/boutique\/#website","url":"https:\/\/www.vetorino.com\/boutique\/","name":"V\u00e9torino","description":"","publisher":{"@id":"https:\/\/www.vetorino.com\/boutique\/#organization"},"potentialAction":[{"@type":"SearchAction","target":{"@type":"EntryPoint","urlTemplate":"https:\/\/www.vetorino.com\/boutique\/?s={search_term_string}"},"query-input":{"@type":"PropertyValueSpecification","valueRequired":true,"valueName":"search_term_string"}}],"inLanguage":"fr-FR"},{"@type":"Organization","@id":"https:\/\/www.vetorino.com\/boutique\/#organization","name":"V\u00e9torino","url":"https:\/\/www.vetorino.com\/boutique\/","logo":{"@type":"ImageObject","inLanguage":"fr-FR","@id":"https:\/\/www.vetorino.com\/boutique\/#\/schema\/logo\/image\/","url":"https:\/\/www.vetorino.com\/boutique\/wp-content\/uploads\/2024\/10\/logo.jpg","contentUrl":"https:\/\/www.vetorino.com\/boutique\/wp-content\/uploads\/2024\/10\/logo.jpg","width":1200,"height":610,"caption":"V\u00e9torino"},"image":{"@id":"https:\/\/www.vetorino.com\/boutique\/#\/schema\/logo\/image\/"},"sameAs":["https:\/\/www.facebook.com\/Vetorino\/","https:\/\/www.instagram.com\/vetorino_off\/","https:\/\/www.linkedin.com\/company\/vtorino\/"]}]},"product_brand":"Ruffwear","og_availability":"instock","product_availability":"instock","product_condition":"new"},"_links":{"self":[{"href":"https:\/\/www.vetorino.com\/veterinaire\/confolens-16500\/boutique\/wp-json\/wp\/v2\/product\/99547","targetHints":{"allow":["GET"]}}],"collection":[{"href":"https:\/\/www.vetorino.com\/veterinaire\/confolens-16500\/boutique\/wp-json\/wp\/v2\/product"}],"about":[{"href":"https:\/\/www.vetorino.com\/veterinaire\/confolens-16500\/boutique\/wp-json\/wp\/v2\/types\/product"}],"wp:featuredmedia":[{"embeddable":true,"href":"https:\/\/www.vetorino.com\/veterinaire\/confolens-16500\/boutique\/wp-json\/wp\/v2\/media\/625496"}],"wp:attachment":[{"href":"https:\/\/www.vetorino.com\/veterinaire\/confolens-16500\/boutique\/wp-json\/wp\/v2\/media?parent=99547"}],"wp:term":[{"taxonomy":"product_cat","embeddable":true,"href":"https:\/\/www.vetorino.com\/veterinaire\/confolens-16500\/boutique\/wp-json\/wp\/v2\/product_cat?post=99547"},{"taxonomy":"product_tag","embeddable":true,"href":"https:\/\/www.vetorino.com\/veterinaire\/confolens-16500\/boutique\/wp-json\/wp\/v2\/product_tag?post=99547"}],"curies":[{"name":"wp","href":"https:\/\/api.w.org\/{rel}","templated":true}]}}