{"id":99561,"date":"2020-06-30T01:33:05","date_gmt":"2020-06-29T23:33:05","guid":{"rendered":"https:\/\/www.vetorino.com\/boutique\/product\/manteau-impermeable-double-pour-chien-back-on-track\/"},"modified":"2026-04-01T20:26:13","modified_gmt":"2026-04-01T18:26:13","slug":"manteau-impermeable-double-pour-chien-back-on-track","status":"publish","type":"product","link":"https:\/\/www.vetorino.com\/veterinaire\/confolens-16500\/boutique\/product\/manteau-impermeable-double-pour-chien-back-on-track\/","title":{"rendered":"Manteau imperm\u00e9able doubl\u00e9 pour chien Back On Track"},"content":{"rendered":"<div class='hidden'>MATERIEL<\/div>\n<div class='hidden'>Chiens<\/div>\n<p>Le manteau Imperm&eacute;able doubl&eacute; est&nbsp;fortement conseill&eacute;&nbsp;en saison froide et humide, il prot&egrave;ge les principaux groupes musculaires du chien et la r&eacute;gion abdominale sensible.<br \/>\nId&eacute;al pour les chiens plus &acirc;g&eacute;s et ceux souffrant d&#039;arthrose.<\/p>\n<ul>\n<li>Couche ext&eacute;rieure tr&egrave;s r&eacute;sistante (qualit&eacute; ripstop), hautement respirant,&nbsp;matelassage int&eacute;rieur en polypropyl&egrave;ne impr&eacute;gn&eacute; de particules de min&eacute;raux Welltex.<\/li>\n<li>La taille peut &ecirc;tre ajust&eacute;e sur la poitrine et le cou pour un ajustement optimal.<\/li>\n<li>Il est &eacute;quip&eacute; de courroies de cuisses pour les pattes arri&egrave;res, une ouverture pour la laisse sur le col.<\/li>\n<li>Equip&eacute; de r&eacute;flecteurs sur la sangle ventrale.<\/li>\n<li>Peut convenir &agrave; des chiens de gabarits diff&eacute;rents en fonction de la taille choisie. (longueur de dos de&nbsp;34 &agrave;&nbsp;70 cm). Par cons&eacute;quent, il convient pour plusieurs races.<\/li>\n<li>Lavage en machine &agrave; 30&deg;C avec un d&eacute;tergent doux.<\/li>\n<\/ul>\n","protected":false},"excerpt":{"rendered":"<p>MATERIEL Chiens Le manteau Imperm&eacute;able doubl&eacute; est&nbsp;fortement conseill&eacute;&nbsp;en saison froide et humide, il prot&egrave;ge les principaux groupes musculaires du chien et la r&eacute;gion abdominale sensible. Id&eacute;al pour les chiens plus &acirc;g&eacute;s et ceux souffrant d&#039;arthrose. Couche ext&eacute;rieure tr&egrave;s r&eacute;sistante (qualit&eacute; ripstop), hautement respirant,&nbsp;matelassage int&eacute;rieur en polypropyl&egrave;ne impr&eacute;gn&eacute; de particules de min&eacute;raux Welltex. La taille peut [&hellip;]<\/p>\n","protected":false},"featured_media":99554,"template":"","meta":[],"product_cat":[12550,2698,2777],"product_tag":[],"class_list":{"0":"post-99561","1":"product","2":"type-product","3":"status-publish","4":"has-post-thumbnail","6":"product_cat-accessoires-du-chien","7":"product_cat-chien","8":"product_cat-colliers-laisses-et-harnais-pour-chien","9":"pa_marque-back-on-track","11":"first","12":"outofstock","13":"taxable","14":"shipping-taxable","15":"purchasable","16":"product-type-variable"},"yoast_head":"<!-- This site is optimized with the Yoast SEO plugin v27.3 - https:\/\/yoast.com\/product\/yoast-seo-wordpress\/ -->\n<title>Manteau imperm\u00e9able doubl\u00e9 pour chien Back On Track Back on Track - V\u00e9torino<\/title>\n<meta name=\"description\" content=\"MATERIELChiensLe manteau Imperm&eacute;able doubl&eacute; est&nbsp;fortement conseill&eacute;&nbsp;en saison froide et humide, il prot&egrave;ge les\" \/>\n<meta name=\"robots\" content=\"noindex, nofollow\" \/>\n<meta property=\"og:locale\" content=\"fr_FR\" \/>\n<meta property=\"og:type\" content=\"article\" \/>\n<meta property=\"og:title\" content=\"Manteau imperm\u00e9able doubl\u00e9 pour chien Back On Track Back on Track - V\u00e9torino\" \/>\n<meta property=\"og:description\" content=\"MATERIELChiensLe manteau Imperm&eacute;able doubl&eacute; est&nbsp;fortement conseill&eacute;&nbsp;en saison froide et humide, il prot&egrave;ge les\" \/>\n<meta property=\"og:url\" content=\"https:\/\/www.vetorino.com\/veterinaire\/confolens-16500\/boutique\/product\/manteau-impermeable-double-pour-chien-back-on-track\/\" \/>\n<meta property=\"og:site_name\" content=\"V\u00e9torino\" \/>\n<meta property=\"article:publisher\" content=\"https:\/\/www.facebook.com\/Vetorino\/\" \/>\n<meta property=\"article:modified_time\" content=\"2026-04-01T18:26:13+00:00\" \/>\n<meta property=\"og:image\" content=\"https:\/\/www.vetorino.com\/boutique\/wp-content\/uploads\/2020\/06\/FilsMAN856FormatMediumTypeIM.png\" \/>\n\t<meta property=\"og:image:width\" content=\"400\" \/>\n\t<meta property=\"og:image:height\" content=\"400\" \/>\n\t<meta property=\"og:image:type\" content=\"image\/png\" \/>\n<meta name=\"twitter:card\" content=\"summary_large_image\" \/>\n<meta name=\"twitter:label1\" content=\"Disponibilit\u00e9\" \/>\n\t<meta name=\"twitter:data1\" content=\"Rupture de stock\" \/>\n<script type=\"application\/ld+json\" class=\"yoast-schema-graph\">{\"@context\":\"https:\\\/\\\/schema.org\",\"@graph\":[{\"@type\":\"WebPage\",\"@id\":\"https:\\\/\\\/www.vetorino.com\\\/veterinaire\\\/cormeilles-27260\\\/boutique\\\/product\\\/manteau-impermeable-double-pour-chien-back-on-track\\\/\",\"url\":\"https:\\\/\\\/www.vetorino.com\\\/veterinaire\\\/cormeilles-27260\\\/boutique\\\/product\\\/manteau-impermeable-double-pour-chien-back-on-track\\\/\",\"name\":\"Manteau imperm\u00e9able doubl\u00e9 pour chien Back On Track Back on Track - V\u00e9torino\",\"isPartOf\":{\"@id\":\"https:\\\/\\\/www.vetorino.com\\\/boutique\\\/#website\"},\"primaryImageOfPage\":{\"@id\":\"https:\\\/\\\/www.vetorino.com\\\/veterinaire\\\/cormeilles-27260\\\/boutique\\\/product\\\/manteau-impermeable-double-pour-chien-back-on-track\\\/#primaryimage\"},\"image\":{\"@id\":\"https:\\\/\\\/www.vetorino.com\\\/veterinaire\\\/cormeilles-27260\\\/boutique\\\/product\\\/manteau-impermeable-double-pour-chien-back-on-track\\\/#primaryimage\"},\"thumbnailUrl\":\"https:\\\/\\\/www.vetorino.com\\\/boutique\\\/wp-content\\\/uploads\\\/2020\\\/06\\\/FilsMAN856FormatMediumTypeIM.png\",\"datePublished\":\"2020-06-29T23:33:05+00:00\",\"dateModified\":\"2026-04-01T18:26:13+00:00\",\"description\":\"MATERIELChiensLe manteau Imperm&eacute;able doubl&eacute; est&nbsp;fortement conseill&eacute;&nbsp;en saison froide et humide, il prot&egrave;ge les\",\"breadcrumb\":{\"@id\":\"https:\\\/\\\/www.vetorino.com\\\/veterinaire\\\/cormeilles-27260\\\/boutique\\\/product\\\/manteau-impermeable-double-pour-chien-back-on-track\\\/#breadcrumb\"},\"inLanguage\":\"fr-FR\",\"potentialAction\":[{\"@type\":\"ReadAction\",\"target\":[\"https:\\\/\\\/www.vetorino.com\\\/veterinaire\\\/cormeilles-27260\\\/boutique\\\/product\\\/manteau-impermeable-double-pour-chien-back-on-track\\\/\"]}]},{\"@type\":\"ImageObject\",\"inLanguage\":\"fr-FR\",\"@id\":\"https:\\\/\\\/www.vetorino.com\\\/veterinaire\\\/cormeilles-27260\\\/boutique\\\/product\\\/manteau-impermeable-double-pour-chien-back-on-track\\\/#primaryimage\",\"url\":\"https:\\\/\\\/www.vetorino.com\\\/boutique\\\/wp-content\\\/uploads\\\/2020\\\/06\\\/FilsMAN856FormatMediumTypeIM.png\",\"contentUrl\":\"https:\\\/\\\/www.vetorino.com\\\/boutique\\\/wp-content\\\/uploads\\\/2020\\\/06\\\/FilsMAN856FormatMediumTypeIM.png\",\"width\":400,\"height\":400},{\"@type\":\"BreadcrumbList\",\"@id\":\"https:\\\/\\\/www.vetorino.com\\\/veterinaire\\\/cormeilles-27260\\\/boutique\\\/product\\\/manteau-impermeable-double-pour-chien-back-on-track\\\/#breadcrumb\",\"itemListElement\":[{\"@type\":\"ListItem\",\"position\":1,\"name\":\"Accueil\",\"item\":\"https:\\\/\\\/www.vetorino.com\\\/boutique\\\/\"},{\"@type\":\"ListItem\",\"position\":2,\"name\":\"Produits\",\"item\":\"https:\\\/\\\/www.vetorino.com\\\/boutique\\\/\"},{\"@type\":\"ListItem\",\"position\":3,\"name\":\"Manteau imperm\u00e9able doubl\u00e9 pour chien Back On Track\"}]},{\"@type\":\"WebSite\",\"@id\":\"https:\\\/\\\/www.vetorino.com\\\/boutique\\\/#website\",\"url\":\"https:\\\/\\\/www.vetorino.com\\\/boutique\\\/\",\"name\":\"V\u00e9torino\",\"description\":\"\",\"publisher\":{\"@id\":\"https:\\\/\\\/www.vetorino.com\\\/boutique\\\/#organization\"},\"potentialAction\":[{\"@type\":\"SearchAction\",\"target\":{\"@type\":\"EntryPoint\",\"urlTemplate\":\"https:\\\/\\\/www.vetorino.com\\\/boutique\\\/?s={search_term_string}\"},\"query-input\":{\"@type\":\"PropertyValueSpecification\",\"valueRequired\":true,\"valueName\":\"search_term_string\"}}],\"inLanguage\":\"fr-FR\"},{\"@type\":\"Organization\",\"@id\":\"https:\\\/\\\/www.vetorino.com\\\/boutique\\\/#organization\",\"name\":\"V\u00e9torino\",\"url\":\"https:\\\/\\\/www.vetorino.com\\\/boutique\\\/\",\"logo\":{\"@type\":\"ImageObject\",\"inLanguage\":\"fr-FR\",\"@id\":\"https:\\\/\\\/www.vetorino.com\\\/boutique\\\/#\\\/schema\\\/logo\\\/image\\\/\",\"url\":\"https:\\\/\\\/www.vetorino.com\\\/boutique\\\/wp-content\\\/uploads\\\/2024\\\/10\\\/logo.jpg\",\"contentUrl\":\"https:\\\/\\\/www.vetorino.com\\\/boutique\\\/wp-content\\\/uploads\\\/2024\\\/10\\\/logo.jpg\",\"width\":1200,\"height\":610,\"caption\":\"V\u00e9torino\"},\"image\":{\"@id\":\"https:\\\/\\\/www.vetorino.com\\\/boutique\\\/#\\\/schema\\\/logo\\\/image\\\/\"},\"sameAs\":[\"https:\\\/\\\/www.facebook.com\\\/Vetorino\\\/\",\"https:\\\/\\\/www.instagram.com\\\/vetorino_off\\\/\",\"https:\\\/\\\/www.linkedin.com\\\/company\\\/vtorino\\\/\"]}]}<\/script>\n<meta property=\"product:brand\" content=\"Back on Track\" \/>\n<meta property=\"og:availability\" content=\"out of stock\" \/>\n<meta property=\"product:availability\" content=\"out of stock\" \/>\n<meta property=\"product:condition\" content=\"new\" \/>\n<!-- \/ Yoast SEO plugin. -->","yoast_head_json":{"title":"Manteau imperm\u00e9able doubl\u00e9 pour chien Back On Track Back on Track - V\u00e9torino","description":"MATERIELChiensLe manteau Imperm&eacute;able doubl&eacute; est&nbsp;fortement conseill&eacute;&nbsp;en saison froide et humide, il prot&egrave;ge les","robots":{"index":"noindex","follow":"nofollow"},"og_locale":"fr_FR","og_type":"article","og_title":"Manteau imperm\u00e9able doubl\u00e9 pour chien Back On Track Back on Track - V\u00e9torino","og_description":"MATERIELChiensLe manteau Imperm&eacute;able doubl&eacute; est&nbsp;fortement conseill&eacute;&nbsp;en saison froide et humide, il prot&egrave;ge les","og_url":"https:\/\/www.vetorino.com\/veterinaire\/confolens-16500\/boutique\/product\/manteau-impermeable-double-pour-chien-back-on-track\/","og_site_name":"V\u00e9torino","article_publisher":"https:\/\/www.facebook.com\/Vetorino\/","article_modified_time":"2026-04-01T18:26:13+00:00","og_image":[{"width":400,"height":400,"url":"https:\/\/www.vetorino.com\/boutique\/wp-content\/uploads\/2020\/06\/FilsMAN856FormatMediumTypeIM.png","type":"image\/png"}],"twitter_card":"summary_large_image","twitter_misc":{"Disponibilit\u00e9":"Rupture de stock"},"schema":{"@context":"https:\/\/schema.org","@graph":[{"@type":"WebPage","@id":"https:\/\/www.vetorino.com\/veterinaire\/cormeilles-27260\/boutique\/product\/manteau-impermeable-double-pour-chien-back-on-track\/","url":"https:\/\/www.vetorino.com\/veterinaire\/cormeilles-27260\/boutique\/product\/manteau-impermeable-double-pour-chien-back-on-track\/","name":"Manteau imperm\u00e9able doubl\u00e9 pour chien Back On Track Back on Track - V\u00e9torino","isPartOf":{"@id":"https:\/\/www.vetorino.com\/boutique\/#website"},"primaryImageOfPage":{"@id":"https:\/\/www.vetorino.com\/veterinaire\/cormeilles-27260\/boutique\/product\/manteau-impermeable-double-pour-chien-back-on-track\/#primaryimage"},"image":{"@id":"https:\/\/www.vetorino.com\/veterinaire\/cormeilles-27260\/boutique\/product\/manteau-impermeable-double-pour-chien-back-on-track\/#primaryimage"},"thumbnailUrl":"https:\/\/www.vetorino.com\/boutique\/wp-content\/uploads\/2020\/06\/FilsMAN856FormatMediumTypeIM.png","datePublished":"2020-06-29T23:33:05+00:00","dateModified":"2026-04-01T18:26:13+00:00","description":"MATERIELChiensLe manteau Imperm&eacute;able doubl&eacute; est&nbsp;fortement conseill&eacute;&nbsp;en saison froide et humide, il prot&egrave;ge les","breadcrumb":{"@id":"https:\/\/www.vetorino.com\/veterinaire\/cormeilles-27260\/boutique\/product\/manteau-impermeable-double-pour-chien-back-on-track\/#breadcrumb"},"inLanguage":"fr-FR","potentialAction":[{"@type":"ReadAction","target":["https:\/\/www.vetorino.com\/veterinaire\/cormeilles-27260\/boutique\/product\/manteau-impermeable-double-pour-chien-back-on-track\/"]}]},{"@type":"ImageObject","inLanguage":"fr-FR","@id":"https:\/\/www.vetorino.com\/veterinaire\/cormeilles-27260\/boutique\/product\/manteau-impermeable-double-pour-chien-back-on-track\/#primaryimage","url":"https:\/\/www.vetorino.com\/boutique\/wp-content\/uploads\/2020\/06\/FilsMAN856FormatMediumTypeIM.png","contentUrl":"https:\/\/www.vetorino.com\/boutique\/wp-content\/uploads\/2020\/06\/FilsMAN856FormatMediumTypeIM.png","width":400,"height":400},{"@type":"BreadcrumbList","@id":"https:\/\/www.vetorino.com\/veterinaire\/cormeilles-27260\/boutique\/product\/manteau-impermeable-double-pour-chien-back-on-track\/#breadcrumb","itemListElement":[{"@type":"ListItem","position":1,"name":"Accueil","item":"https:\/\/www.vetorino.com\/boutique\/"},{"@type":"ListItem","position":2,"name":"Produits","item":"https:\/\/www.vetorino.com\/boutique\/"},{"@type":"ListItem","position":3,"name":"Manteau imperm\u00e9able doubl\u00e9 pour chien Back On Track"}]},{"@type":"WebSite","@id":"https:\/\/www.vetorino.com\/boutique\/#website","url":"https:\/\/www.vetorino.com\/boutique\/","name":"V\u00e9torino","description":"","publisher":{"@id":"https:\/\/www.vetorino.com\/boutique\/#organization"},"potentialAction":[{"@type":"SearchAction","target":{"@type":"EntryPoint","urlTemplate":"https:\/\/www.vetorino.com\/boutique\/?s={search_term_string}"},"query-input":{"@type":"PropertyValueSpecification","valueRequired":true,"valueName":"search_term_string"}}],"inLanguage":"fr-FR"},{"@type":"Organization","@id":"https:\/\/www.vetorino.com\/boutique\/#organization","name":"V\u00e9torino","url":"https:\/\/www.vetorino.com\/boutique\/","logo":{"@type":"ImageObject","inLanguage":"fr-FR","@id":"https:\/\/www.vetorino.com\/boutique\/#\/schema\/logo\/image\/","url":"https:\/\/www.vetorino.com\/boutique\/wp-content\/uploads\/2024\/10\/logo.jpg","contentUrl":"https:\/\/www.vetorino.com\/boutique\/wp-content\/uploads\/2024\/10\/logo.jpg","width":1200,"height":610,"caption":"V\u00e9torino"},"image":{"@id":"https:\/\/www.vetorino.com\/boutique\/#\/schema\/logo\/image\/"},"sameAs":["https:\/\/www.facebook.com\/Vetorino\/","https:\/\/www.instagram.com\/vetorino_off\/","https:\/\/www.linkedin.com\/company\/vtorino\/"]}]},"product_brand":"Back on Track","og_availability":"out of stock","product_availability":"out of stock","product_condition":"new"},"_links":{"self":[{"href":"https:\/\/www.vetorino.com\/veterinaire\/confolens-16500\/boutique\/wp-json\/wp\/v2\/product\/99561","targetHints":{"allow":["GET"]}}],"collection":[{"href":"https:\/\/www.vetorino.com\/veterinaire\/confolens-16500\/boutique\/wp-json\/wp\/v2\/product"}],"about":[{"href":"https:\/\/www.vetorino.com\/veterinaire\/confolens-16500\/boutique\/wp-json\/wp\/v2\/types\/product"}],"wp:featuredmedia":[{"embeddable":true,"href":"https:\/\/www.vetorino.com\/veterinaire\/confolens-16500\/boutique\/wp-json\/wp\/v2\/media\/99554"}],"wp:attachment":[{"href":"https:\/\/www.vetorino.com\/veterinaire\/confolens-16500\/boutique\/wp-json\/wp\/v2\/media?parent=99561"}],"wp:term":[{"taxonomy":"product_cat","embeddable":true,"href":"https:\/\/www.vetorino.com\/veterinaire\/confolens-16500\/boutique\/wp-json\/wp\/v2\/product_cat?post=99561"},{"taxonomy":"product_tag","embeddable":true,"href":"https:\/\/www.vetorino.com\/veterinaire\/confolens-16500\/boutique\/wp-json\/wp\/v2\/product_tag?post=99561"}],"curies":[{"name":"wp","href":"https:\/\/api.w.org\/{rel}","templated":true}]}}