{"id":99632,"date":"2020-06-30T01:33:54","date_gmt":"2020-06-29T23:33:54","guid":{"rendered":"https:\/\/www.vetorino.com\/boutique\/product\/matelas-a-memoire-de-forme-memory\/"},"modified":"2026-03-19T17:41:52","modified_gmt":"2026-03-19T16:41:52","slug":"matelas-a-memoire-de-forme-memory","status":"publish","type":"product","link":"https:\/\/www.vetorino.com\/veterinaire\/confolens-16500\/boutique\/product\/matelas-a-memoire-de-forme-memory\/","title":{"rendered":"Matelas \u00e0 m\u00e9moire de forme Memory"},"content":{"rendered":"<p>Cette gamme de confort fonctionnel allie technologie, qualit\u00e9 et design.<\/p>\n<ul>\n<li>Association de 2 mousses :\u00a0mousse \u00e0 m\u00e9moire de forme\u00a0(1\/3) et Mousse \u00e0 haute densit\u00e9 (2\/3).<\/li>\n<li>Principe : l\u2019\u00e9lasticit\u00e9 de la mousse soulage la pression des articulations, maintient la colonne vert\u00e9brale et s\u2019adapte \u00e0 la forme du corps. Ainsi, le poids de l\u2019animal est r\u00e9parti sur un maximum de surface.<\/li>\n<li>Avantages : s\u2019adapte parfaitement \u00e0 la morphologie de l\u2019animal.<\/li>\n<li>Tissu 100% polyester respirant et\u00a0r\u00e9sistant.<\/li>\n<li>Facile d&#8217;entretien : matelas et corbeilles d\u00e9houssables (lavage en machine \u00e0 30\u00b0).<\/li>\n<li>Convient aux chiens de tous \u00e2ges. Particuli\u00e8rement adapt\u00e9s aux chiens ayant des probl\u00e8mes articulaires, aux chiens \u00e2g\u00e9s et aux chiens convalescents.<\/li>\n<\/ul>\n","protected":false},"excerpt":{"rendered":"<p>Ce<strong>\u00a0matelas pour chien \u00e0 m\u00e9moire de forme Memory Zolux<\/strong>, alliant technologie, qualit\u00e9 et design, devrait ravir votre chien, pour de longues siestes confortables.<\/p>\n","protected":false},"featured_media":912660,"template":"","meta":[],"product_cat":[12550,2698,12596],"product_tag":[],"class_list":{"0":"post-99632","1":"product","2":"type-product","3":"status-publish","4":"has-post-thumbnail","6":"product_cat-accessoires-du-chien","7":"product_cat-chien","8":"product_cat-confort-du-chien","9":"pa_marque-zolux","11":"first","12":"instock","13":"taxable","14":"shipping-taxable","15":"purchasable","16":"product-type-variable"},"yoast_head":"<!-- This site is optimized with the Yoast SEO plugin v27.3 - https:\/\/yoast.com\/product\/yoast-seo-wordpress\/ -->\n<title>Matelas \u00e0 m\u00e9moire de forme Memory Zolux - V\u00e9torino<\/title>\n<meta name=\"description\" content=\"Ce\u00a0matelas pour chien \u00e0 m\u00e9moire de forme Memory Zolux, alliant technologie, qualit\u00e9 et design, devrait ravir votre chien, pour de longues siestes confortables.\" \/>\n<meta name=\"robots\" content=\"noindex, nofollow\" \/>\n<meta property=\"og:locale\" content=\"fr_FR\" \/>\n<meta property=\"og:type\" content=\"article\" \/>\n<meta property=\"og:title\" content=\"Matelas \u00e0 m\u00e9moire de forme Memory Zolux - V\u00e9torino\" \/>\n<meta property=\"og:description\" content=\"Ce\u00a0matelas pour chien \u00e0 m\u00e9moire de forme Memory Zolux, alliant technologie, qualit\u00e9 et design, devrait ravir votre chien, pour de longues siestes confortables.\" \/>\n<meta property=\"og:url\" content=\"https:\/\/www.vetorino.com\/veterinaire\/confolens-16500\/boutique\/product\/matelas-a-memoire-de-forme-memory\/\" \/>\n<meta property=\"og:site_name\" content=\"V\u00e9torino\" \/>\n<meta property=\"article:publisher\" content=\"https:\/\/www.facebook.com\/Vetorino\/\" \/>\n<meta property=\"article:modified_time\" content=\"2026-03-19T16:41:52+00:00\" \/>\n<meta property=\"og:image\" content=\"https:\/\/www.vetorino.com\/boutique\/wp-content\/uploads\/2020\/06\/matelas-pour-chien-mmoire-de-forme-memory-zolux-6023b357a011f.webp\" \/>\n\t<meta property=\"og:image:width\" content=\"650\" \/>\n\t<meta property=\"og:image:height\" content=\"650\" \/>\n\t<meta property=\"og:image:type\" content=\"image\/webp\" \/>\n<meta name=\"twitter:card\" content=\"summary_large_image\" \/>\n<meta name=\"twitter:label1\" content=\"Disponibilit\u00e9\" \/>\n\t<meta name=\"twitter:data1\" content=\"En stock\" \/>\n<script type=\"application\/ld+json\" class=\"yoast-schema-graph\">{\"@context\":\"https:\\\/\\\/schema.org\",\"@graph\":[{\"@type\":\"WebPage\",\"@id\":\"https:\\\/\\\/www.vetorino.com\\\/veterinaire\\\/evry-91000\\\/boutique\\\/product\\\/matelas-a-memoire-de-forme-memory\\\/\",\"url\":\"https:\\\/\\\/www.vetorino.com\\\/veterinaire\\\/evry-91000\\\/boutique\\\/product\\\/matelas-a-memoire-de-forme-memory\\\/\",\"name\":\"Matelas \u00e0 m\u00e9moire de forme Memory Zolux - V\u00e9torino\",\"isPartOf\":{\"@id\":\"https:\\\/\\\/www.vetorino.com\\\/boutique\\\/#website\"},\"primaryImageOfPage\":{\"@id\":\"https:\\\/\\\/www.vetorino.com\\\/veterinaire\\\/evry-91000\\\/boutique\\\/product\\\/matelas-a-memoire-de-forme-memory\\\/#primaryimage\"},\"image\":{\"@id\":\"https:\\\/\\\/www.vetorino.com\\\/veterinaire\\\/evry-91000\\\/boutique\\\/product\\\/matelas-a-memoire-de-forme-memory\\\/#primaryimage\"},\"thumbnailUrl\":\"https:\\\/\\\/www.vetorino.com\\\/boutique\\\/wp-content\\\/uploads\\\/2020\\\/06\\\/matelas-pour-chien-mmoire-de-forme-memory-zolux-6023b357a011f.webp\",\"datePublished\":\"2020-06-29T23:33:54+00:00\",\"dateModified\":\"2026-03-19T16:41:52+00:00\",\"description\":\"Ce\u00a0matelas pour chien \u00e0 m\u00e9moire de forme Memory Zolux, alliant technologie, qualit\u00e9 et design, devrait ravir votre chien, pour de longues siestes confortables.\",\"breadcrumb\":{\"@id\":\"https:\\\/\\\/www.vetorino.com\\\/veterinaire\\\/evry-91000\\\/boutique\\\/product\\\/matelas-a-memoire-de-forme-memory\\\/#breadcrumb\"},\"inLanguage\":\"fr-FR\",\"potentialAction\":[{\"@type\":\"ReadAction\",\"target\":[\"https:\\\/\\\/www.vetorino.com\\\/veterinaire\\\/evry-91000\\\/boutique\\\/product\\\/matelas-a-memoire-de-forme-memory\\\/\"]}]},{\"@type\":\"ImageObject\",\"inLanguage\":\"fr-FR\",\"@id\":\"https:\\\/\\\/www.vetorino.com\\\/veterinaire\\\/evry-91000\\\/boutique\\\/product\\\/matelas-a-memoire-de-forme-memory\\\/#primaryimage\",\"url\":\"https:\\\/\\\/www.vetorino.com\\\/boutique\\\/wp-content\\\/uploads\\\/2020\\\/06\\\/matelas-pour-chien-mmoire-de-forme-memory-zolux-6023b357a011f.webp\",\"contentUrl\":\"https:\\\/\\\/www.vetorino.com\\\/boutique\\\/wp-content\\\/uploads\\\/2020\\\/06\\\/matelas-pour-chien-mmoire-de-forme-memory-zolux-6023b357a011f.webp\",\"width\":650,\"height\":650},{\"@type\":\"BreadcrumbList\",\"@id\":\"https:\\\/\\\/www.vetorino.com\\\/veterinaire\\\/evry-91000\\\/boutique\\\/product\\\/matelas-a-memoire-de-forme-memory\\\/#breadcrumb\",\"itemListElement\":[{\"@type\":\"ListItem\",\"position\":1,\"name\":\"Accueil\",\"item\":\"https:\\\/\\\/www.vetorino.com\\\/boutique\\\/\"},{\"@type\":\"ListItem\",\"position\":2,\"name\":\"Produits\",\"item\":\"https:\\\/\\\/www.vetorino.com\\\/boutique\\\/\"},{\"@type\":\"ListItem\",\"position\":3,\"name\":\"Matelas \u00e0 m\u00e9moire de forme Memory\"}]},{\"@type\":\"WebSite\",\"@id\":\"https:\\\/\\\/www.vetorino.com\\\/boutique\\\/#website\",\"url\":\"https:\\\/\\\/www.vetorino.com\\\/boutique\\\/\",\"name\":\"V\u00e9torino\",\"description\":\"\",\"publisher\":{\"@id\":\"https:\\\/\\\/www.vetorino.com\\\/boutique\\\/#organization\"},\"potentialAction\":[{\"@type\":\"SearchAction\",\"target\":{\"@type\":\"EntryPoint\",\"urlTemplate\":\"https:\\\/\\\/www.vetorino.com\\\/boutique\\\/?s={search_term_string}\"},\"query-input\":{\"@type\":\"PropertyValueSpecification\",\"valueRequired\":true,\"valueName\":\"search_term_string\"}}],\"inLanguage\":\"fr-FR\"},{\"@type\":\"Organization\",\"@id\":\"https:\\\/\\\/www.vetorino.com\\\/boutique\\\/#organization\",\"name\":\"V\u00e9torino\",\"url\":\"https:\\\/\\\/www.vetorino.com\\\/boutique\\\/\",\"logo\":{\"@type\":\"ImageObject\",\"inLanguage\":\"fr-FR\",\"@id\":\"https:\\\/\\\/www.vetorino.com\\\/boutique\\\/#\\\/schema\\\/logo\\\/image\\\/\",\"url\":\"https:\\\/\\\/www.vetorino.com\\\/boutique\\\/wp-content\\\/uploads\\\/2024\\\/10\\\/logo.jpg\",\"contentUrl\":\"https:\\\/\\\/www.vetorino.com\\\/boutique\\\/wp-content\\\/uploads\\\/2024\\\/10\\\/logo.jpg\",\"width\":1200,\"height\":610,\"caption\":\"V\u00e9torino\"},\"image\":{\"@id\":\"https:\\\/\\\/www.vetorino.com\\\/boutique\\\/#\\\/schema\\\/logo\\\/image\\\/\"},\"sameAs\":[\"https:\\\/\\\/www.facebook.com\\\/Vetorino\\\/\",\"https:\\\/\\\/www.instagram.com\\\/vetorino_off\\\/\",\"https:\\\/\\\/www.linkedin.com\\\/company\\\/vtorino\\\/\"]}]}<\/script>\n<meta property=\"product:brand\" content=\"Zolux\" \/>\n<meta property=\"og:availability\" content=\"instock\" \/>\n<meta property=\"product:availability\" content=\"instock\" \/>\n<meta property=\"product:condition\" content=\"new\" \/>\n<!-- \/ Yoast SEO plugin. -->","yoast_head_json":{"title":"Matelas \u00e0 m\u00e9moire de forme Memory Zolux - V\u00e9torino","description":"Ce\u00a0matelas pour chien \u00e0 m\u00e9moire de forme Memory Zolux, alliant technologie, qualit\u00e9 et design, devrait ravir votre chien, pour de longues siestes confortables.","robots":{"index":"noindex","follow":"nofollow"},"og_locale":"fr_FR","og_type":"article","og_title":"Matelas \u00e0 m\u00e9moire de forme Memory Zolux - V\u00e9torino","og_description":"Ce\u00a0matelas pour chien \u00e0 m\u00e9moire de forme Memory Zolux, alliant technologie, qualit\u00e9 et design, devrait ravir votre chien, pour de longues siestes confortables.","og_url":"https:\/\/www.vetorino.com\/veterinaire\/confolens-16500\/boutique\/product\/matelas-a-memoire-de-forme-memory\/","og_site_name":"V\u00e9torino","article_publisher":"https:\/\/www.facebook.com\/Vetorino\/","article_modified_time":"2026-03-19T16:41:52+00:00","og_image":[{"width":650,"height":650,"url":"https:\/\/www.vetorino.com\/boutique\/wp-content\/uploads\/2020\/06\/matelas-pour-chien-mmoire-de-forme-memory-zolux-6023b357a011f.webp","type":"image\/webp"}],"twitter_card":"summary_large_image","twitter_misc":{"Disponibilit\u00e9":"En stock"},"schema":{"@context":"https:\/\/schema.org","@graph":[{"@type":"WebPage","@id":"https:\/\/www.vetorino.com\/veterinaire\/evry-91000\/boutique\/product\/matelas-a-memoire-de-forme-memory\/","url":"https:\/\/www.vetorino.com\/veterinaire\/evry-91000\/boutique\/product\/matelas-a-memoire-de-forme-memory\/","name":"Matelas \u00e0 m\u00e9moire de forme Memory Zolux - V\u00e9torino","isPartOf":{"@id":"https:\/\/www.vetorino.com\/boutique\/#website"},"primaryImageOfPage":{"@id":"https:\/\/www.vetorino.com\/veterinaire\/evry-91000\/boutique\/product\/matelas-a-memoire-de-forme-memory\/#primaryimage"},"image":{"@id":"https:\/\/www.vetorino.com\/veterinaire\/evry-91000\/boutique\/product\/matelas-a-memoire-de-forme-memory\/#primaryimage"},"thumbnailUrl":"https:\/\/www.vetorino.com\/boutique\/wp-content\/uploads\/2020\/06\/matelas-pour-chien-mmoire-de-forme-memory-zolux-6023b357a011f.webp","datePublished":"2020-06-29T23:33:54+00:00","dateModified":"2026-03-19T16:41:52+00:00","description":"Ce\u00a0matelas pour chien \u00e0 m\u00e9moire de forme Memory Zolux, alliant technologie, qualit\u00e9 et design, devrait ravir votre chien, pour de longues siestes confortables.","breadcrumb":{"@id":"https:\/\/www.vetorino.com\/veterinaire\/evry-91000\/boutique\/product\/matelas-a-memoire-de-forme-memory\/#breadcrumb"},"inLanguage":"fr-FR","potentialAction":[{"@type":"ReadAction","target":["https:\/\/www.vetorino.com\/veterinaire\/evry-91000\/boutique\/product\/matelas-a-memoire-de-forme-memory\/"]}]},{"@type":"ImageObject","inLanguage":"fr-FR","@id":"https:\/\/www.vetorino.com\/veterinaire\/evry-91000\/boutique\/product\/matelas-a-memoire-de-forme-memory\/#primaryimage","url":"https:\/\/www.vetorino.com\/boutique\/wp-content\/uploads\/2020\/06\/matelas-pour-chien-mmoire-de-forme-memory-zolux-6023b357a011f.webp","contentUrl":"https:\/\/www.vetorino.com\/boutique\/wp-content\/uploads\/2020\/06\/matelas-pour-chien-mmoire-de-forme-memory-zolux-6023b357a011f.webp","width":650,"height":650},{"@type":"BreadcrumbList","@id":"https:\/\/www.vetorino.com\/veterinaire\/evry-91000\/boutique\/product\/matelas-a-memoire-de-forme-memory\/#breadcrumb","itemListElement":[{"@type":"ListItem","position":1,"name":"Accueil","item":"https:\/\/www.vetorino.com\/boutique\/"},{"@type":"ListItem","position":2,"name":"Produits","item":"https:\/\/www.vetorino.com\/boutique\/"},{"@type":"ListItem","position":3,"name":"Matelas \u00e0 m\u00e9moire de forme Memory"}]},{"@type":"WebSite","@id":"https:\/\/www.vetorino.com\/boutique\/#website","url":"https:\/\/www.vetorino.com\/boutique\/","name":"V\u00e9torino","description":"","publisher":{"@id":"https:\/\/www.vetorino.com\/boutique\/#organization"},"potentialAction":[{"@type":"SearchAction","target":{"@type":"EntryPoint","urlTemplate":"https:\/\/www.vetorino.com\/boutique\/?s={search_term_string}"},"query-input":{"@type":"PropertyValueSpecification","valueRequired":true,"valueName":"search_term_string"}}],"inLanguage":"fr-FR"},{"@type":"Organization","@id":"https:\/\/www.vetorino.com\/boutique\/#organization","name":"V\u00e9torino","url":"https:\/\/www.vetorino.com\/boutique\/","logo":{"@type":"ImageObject","inLanguage":"fr-FR","@id":"https:\/\/www.vetorino.com\/boutique\/#\/schema\/logo\/image\/","url":"https:\/\/www.vetorino.com\/boutique\/wp-content\/uploads\/2024\/10\/logo.jpg","contentUrl":"https:\/\/www.vetorino.com\/boutique\/wp-content\/uploads\/2024\/10\/logo.jpg","width":1200,"height":610,"caption":"V\u00e9torino"},"image":{"@id":"https:\/\/www.vetorino.com\/boutique\/#\/schema\/logo\/image\/"},"sameAs":["https:\/\/www.facebook.com\/Vetorino\/","https:\/\/www.instagram.com\/vetorino_off\/","https:\/\/www.linkedin.com\/company\/vtorino\/"]}]},"product_brand":"Zolux","og_availability":"instock","product_availability":"instock","product_condition":"new"},"_links":{"self":[{"href":"https:\/\/www.vetorino.com\/veterinaire\/confolens-16500\/boutique\/wp-json\/wp\/v2\/product\/99632","targetHints":{"allow":["GET"]}}],"collection":[{"href":"https:\/\/www.vetorino.com\/veterinaire\/confolens-16500\/boutique\/wp-json\/wp\/v2\/product"}],"about":[{"href":"https:\/\/www.vetorino.com\/veterinaire\/confolens-16500\/boutique\/wp-json\/wp\/v2\/types\/product"}],"wp:featuredmedia":[{"embeddable":true,"href":"https:\/\/www.vetorino.com\/veterinaire\/confolens-16500\/boutique\/wp-json\/wp\/v2\/media\/912660"}],"wp:attachment":[{"href":"https:\/\/www.vetorino.com\/veterinaire\/confolens-16500\/boutique\/wp-json\/wp\/v2\/media?parent=99632"}],"wp:term":[{"taxonomy":"product_cat","embeddable":true,"href":"https:\/\/www.vetorino.com\/veterinaire\/confolens-16500\/boutique\/wp-json\/wp\/v2\/product_cat?post=99632"},{"taxonomy":"product_tag","embeddable":true,"href":"https:\/\/www.vetorino.com\/veterinaire\/confolens-16500\/boutique\/wp-json\/wp\/v2\/product_tag?post=99632"}],"curies":[{"name":"wp","href":"https:\/\/api.w.org\/{rel}","templated":true}]}}