{"id":99734,"date":"2020-06-30T01:35:14","date_gmt":"2020-06-29T23:35:14","guid":{"rendered":"https:\/\/www.vetorino.com\/boutique\/product\/moniteur-dactivite-animo-pour-chien\/"},"modified":"2026-04-02T19:42:54","modified_gmt":"2026-04-02T17:42:54","slug":"moniteur-dactivite-animo-pour-chien","status":"publish","type":"product","link":"https:\/\/www.vetorino.com\/veterinaire\/confolens-16500\/boutique\/product\/moniteur-dactivite-animo-pour-chien\/","title":{"rendered":"Moniteur d&#8217;activit\u00e9 Animo pour chien"},"content":{"rendered":"<p><strong>L&#8217;Ecosyst\u00e8me intelligent Sure Petcare autour du futur chien et chat connect\u00e9s.<\/strong><\/p>\n<p>Le traqueur d&#8217;activit\u00e9s et de comportement communique avec une application smartphone par Bluetooth Low Energy. Il permet de r\u00e9v\u00e9ler les comportements uniques de chaque animal, d\u00e9tecte des changements pouvant affecter sa sant\u00e9 ou son bien-\u00eatre.<\/p>\n<div class=\"O1\">Dispositif robuste, \u00e9tanche et \u00e9prouv\u00e9 mont\u00e9 sur collier. L\u00e9ger (22 g, d.37 mm) pour les animaux de toutes tailles. R\u00e9sistant \u00e0 l&#8217;eau (IP67). L&#8217;autonomie de 6 mois rend inutile de le recharger tous les jours.<\/div>\n<div class=\"O1\">\n<p>Un tableau de bord vous indique :<\/p>\n<p>&#8211; L&#8217;activit\u00e9 : temps total d&#8217;activit\u00e9 de la journ\u00e9e. La jauge verte indique la proportion d&#8217;atteinte de l&#8217;objectif d&#8217;activit\u00e9 quotidien d\u00e9fini<\/p>\n<p>&#8211; Le sommeil : score de qualit\u00e9 du sommeil la nuit pr\u00e9c\u00e9dente (sur 100)<\/p>\n<p>&#8211; Les calories : total des calories br\u00fbl\u00e9es pendant la journ\u00e9e, calcul\u00e9 en fonction du poids du chien<\/p>\n<p>&#8211; Le comportement : indicateurs visuels d&#8217;une augmentation importante des aboiements, du grattage ou des tremblements (surlign\u00e9 en bleu)<\/p>\n<p>Garantie 1 an.<\/p>\n<p>&nbsp;<\/p>\n<\/div>\n","protected":false},"excerpt":{"rendered":"<p><strong>Sure Petcare Animo<\/strong> est un traqueur d\u2019activit\u00e9s et de comportement pour chien qui apprend et interpr\u00e8te leurs activit\u00e9s et leurs comportements pour vous donner une meilleure compr\u00e9hension de leurs habitudes.<\/p>\n","protected":false},"featured_media":912764,"template":"","meta":[],"product_cat":[12548,12550,2697,2698,2777,12631],"product_tag":[],"class_list":{"0":"post-99734","1":"product","2":"type-product","3":"status-publish","4":"has-post-thumbnail","6":"product_cat-accessoire-du-chat","7":"product_cat-accessoires-du-chien","8":"product_cat-chat","9":"product_cat-chien","10":"product_cat-colliers-laisses-et-harnais-pour-chien","11":"product_cat-sortie-du-chat","12":"pa_marque-surepetcare","14":"first","15":"outofstock","16":"taxable","17":"shipping-taxable","18":"purchasable","19":"product-type-simple"},"yoast_head":"<!-- This site is optimized with the Yoast SEO plugin v27.3 - https:\/\/yoast.com\/product\/yoast-seo-wordpress\/ -->\n<title>Moniteur d&#039;activit\u00e9 Animo pour chien Sure Petcare - V\u00e9torino<\/title>\n<meta name=\"description\" content=\"Sure Petcare Animo est un traqueur d\u2019activit\u00e9s et de comportement pour chien qui apprend et interpr\u00e8te leurs activit\u00e9s et leurs comportements pour vous donner une meilleure compr\u00e9hension de leurs habitudes.\" \/>\n<meta name=\"robots\" content=\"noindex, nofollow\" \/>\n<meta property=\"og:locale\" content=\"fr_FR\" \/>\n<meta property=\"og:type\" content=\"article\" \/>\n<meta property=\"og:title\" content=\"Moniteur d&#039;activit\u00e9 Animo pour chien Sure Petcare - V\u00e9torino\" \/>\n<meta property=\"og:description\" content=\"Sure Petcare Animo est un traqueur d\u2019activit\u00e9s et de comportement pour chien qui apprend et interpr\u00e8te leurs activit\u00e9s et leurs comportements pour vous donner une meilleure compr\u00e9hension de leurs habitudes.\" \/>\n<meta property=\"og:url\" content=\"https:\/\/www.vetorino.com\/veterinaire\/confolens-16500\/boutique\/product\/moniteur-dactivite-animo-pour-chien\/\" \/>\n<meta property=\"og:site_name\" content=\"V\u00e9torino\" \/>\n<meta property=\"article:publisher\" content=\"https:\/\/www.facebook.com\/Vetorino\/\" \/>\n<meta property=\"article:modified_time\" content=\"2026-04-02T17:42:54+00:00\" \/>\n<meta property=\"og:image\" content=\"https:\/\/www.vetorino.com\/boutique\/wp-content\/uploads\/2020\/06\/51MaAB6I77L._AC_SL1500_.jpg\" \/>\n\t<meta property=\"og:image:width\" content=\"898\" \/>\n\t<meta property=\"og:image:height\" content=\"946\" \/>\n\t<meta property=\"og:image:type\" content=\"image\/jpeg\" \/>\n<meta name=\"twitter:card\" content=\"summary_large_image\" \/>\n<meta name=\"twitter:label1\" content=\"Prix\" \/>\n\t<meta name=\"twitter:data1\" content=\"65,90&euro;\" \/>\n\t<meta name=\"twitter:label2\" content=\"Disponibilit\u00e9\" \/>\n\t<meta name=\"twitter:data2\" content=\"Rupture de stock\" \/>\n<script type=\"application\/ld+json\" class=\"yoast-schema-graph\">{\"@context\":\"https:\\\/\\\/schema.org\",\"@graph\":[{\"@type\":\"WebPage\",\"@id\":\"https:\\\/\\\/www.vetorino.com\\\/veterinaire\\\/evry-91000\\\/boutique\\\/product\\\/moniteur-dactivite-animo-pour-chien\\\/\",\"url\":\"https:\\\/\\\/www.vetorino.com\\\/veterinaire\\\/evry-91000\\\/boutique\\\/product\\\/moniteur-dactivite-animo-pour-chien\\\/\",\"name\":\"Moniteur d'activit\u00e9 Animo pour chien Sure Petcare - V\u00e9torino\",\"isPartOf\":{\"@id\":\"https:\\\/\\\/www.vetorino.com\\\/boutique\\\/#website\"},\"primaryImageOfPage\":{\"@id\":\"https:\\\/\\\/www.vetorino.com\\\/veterinaire\\\/evry-91000\\\/boutique\\\/product\\\/moniteur-dactivite-animo-pour-chien\\\/#primaryimage\"},\"image\":{\"@id\":\"https:\\\/\\\/www.vetorino.com\\\/veterinaire\\\/evry-91000\\\/boutique\\\/product\\\/moniteur-dactivite-animo-pour-chien\\\/#primaryimage\"},\"thumbnailUrl\":\"https:\\\/\\\/www.vetorino.com\\\/boutique\\\/wp-content\\\/uploads\\\/2020\\\/06\\\/51MaAB6I77L._AC_SL1500_.jpg\",\"datePublished\":\"2020-06-29T23:35:14+00:00\",\"dateModified\":\"2026-04-02T17:42:54+00:00\",\"description\":\"Sure Petcare Animo est un traqueur d\u2019activit\u00e9s et de comportement pour chien qui apprend et interpr\u00e8te leurs activit\u00e9s et leurs comportements pour vous donner une meilleure compr\u00e9hension de leurs habitudes.\",\"breadcrumb\":{\"@id\":\"https:\\\/\\\/www.vetorino.com\\\/veterinaire\\\/evry-91000\\\/boutique\\\/product\\\/moniteur-dactivite-animo-pour-chien\\\/#breadcrumb\"},\"inLanguage\":\"fr-FR\",\"potentialAction\":[{\"@type\":\"ReadAction\",\"target\":[\"https:\\\/\\\/www.vetorino.com\\\/veterinaire\\\/evry-91000\\\/boutique\\\/product\\\/moniteur-dactivite-animo-pour-chien\\\/\"]}]},{\"@type\":\"ImageObject\",\"inLanguage\":\"fr-FR\",\"@id\":\"https:\\\/\\\/www.vetorino.com\\\/veterinaire\\\/evry-91000\\\/boutique\\\/product\\\/moniteur-dactivite-animo-pour-chien\\\/#primaryimage\",\"url\":\"https:\\\/\\\/www.vetorino.com\\\/boutique\\\/wp-content\\\/uploads\\\/2020\\\/06\\\/51MaAB6I77L._AC_SL1500_.jpg\",\"contentUrl\":\"https:\\\/\\\/www.vetorino.com\\\/boutique\\\/wp-content\\\/uploads\\\/2020\\\/06\\\/51MaAB6I77L._AC_SL1500_.jpg\",\"width\":898,\"height\":946},{\"@type\":\"BreadcrumbList\",\"@id\":\"https:\\\/\\\/www.vetorino.com\\\/veterinaire\\\/evry-91000\\\/boutique\\\/product\\\/moniteur-dactivite-animo-pour-chien\\\/#breadcrumb\",\"itemListElement\":[{\"@type\":\"ListItem\",\"position\":1,\"name\":\"Accueil\",\"item\":\"https:\\\/\\\/www.vetorino.com\\\/boutique\\\/\"},{\"@type\":\"ListItem\",\"position\":2,\"name\":\"Produits\",\"item\":\"https:\\\/\\\/www.vetorino.com\\\/boutique\\\/\"},{\"@type\":\"ListItem\",\"position\":3,\"name\":\"Moniteur d&#8217;activit\u00e9 Animo pour chien\"}]},{\"@type\":\"WebSite\",\"@id\":\"https:\\\/\\\/www.vetorino.com\\\/boutique\\\/#website\",\"url\":\"https:\\\/\\\/www.vetorino.com\\\/boutique\\\/\",\"name\":\"V\u00e9torino\",\"description\":\"\",\"publisher\":{\"@id\":\"https:\\\/\\\/www.vetorino.com\\\/boutique\\\/#organization\"},\"potentialAction\":[{\"@type\":\"SearchAction\",\"target\":{\"@type\":\"EntryPoint\",\"urlTemplate\":\"https:\\\/\\\/www.vetorino.com\\\/boutique\\\/?s={search_term_string}\"},\"query-input\":{\"@type\":\"PropertyValueSpecification\",\"valueRequired\":true,\"valueName\":\"search_term_string\"}}],\"inLanguage\":\"fr-FR\"},{\"@type\":\"Organization\",\"@id\":\"https:\\\/\\\/www.vetorino.com\\\/boutique\\\/#organization\",\"name\":\"V\u00e9torino\",\"url\":\"https:\\\/\\\/www.vetorino.com\\\/boutique\\\/\",\"logo\":{\"@type\":\"ImageObject\",\"inLanguage\":\"fr-FR\",\"@id\":\"https:\\\/\\\/www.vetorino.com\\\/boutique\\\/#\\\/schema\\\/logo\\\/image\\\/\",\"url\":\"https:\\\/\\\/www.vetorino.com\\\/boutique\\\/wp-content\\\/uploads\\\/2024\\\/10\\\/logo.jpg\",\"contentUrl\":\"https:\\\/\\\/www.vetorino.com\\\/boutique\\\/wp-content\\\/uploads\\\/2024\\\/10\\\/logo.jpg\",\"width\":1200,\"height\":610,\"caption\":\"V\u00e9torino\"},\"image\":{\"@id\":\"https:\\\/\\\/www.vetorino.com\\\/boutique\\\/#\\\/schema\\\/logo\\\/image\\\/\"},\"sameAs\":[\"https:\\\/\\\/www.facebook.com\\\/Vetorino\\\/\",\"https:\\\/\\\/www.instagram.com\\\/vetorino_off\\\/\",\"https:\\\/\\\/www.linkedin.com\\\/company\\\/vtorino\\\/\"]}]}<\/script>\n<meta property=\"product:brand\" content=\"Sure Petcare\" \/>\n<meta property=\"product:price:amount\" content=\"65.90\" \/>\n<meta property=\"product:price:currency\" content=\"EUR\" \/>\n<meta property=\"og:availability\" content=\"out of stock\" \/>\n<meta property=\"product:availability\" content=\"out of stock\" \/>\n<meta property=\"product:retailer_item_id\" content=\"C-MON715\" \/>\n<meta property=\"product:condition\" content=\"new\" \/>\n<!-- \/ Yoast SEO plugin. -->","yoast_head_json":{"title":"Moniteur d'activit\u00e9 Animo pour chien Sure Petcare - V\u00e9torino","description":"Sure Petcare Animo est un traqueur d\u2019activit\u00e9s et de comportement pour chien qui apprend et interpr\u00e8te leurs activit\u00e9s et leurs comportements pour vous donner une meilleure compr\u00e9hension de leurs habitudes.","robots":{"index":"noindex","follow":"nofollow"},"og_locale":"fr_FR","og_type":"article","og_title":"Moniteur d'activit\u00e9 Animo pour chien Sure Petcare - V\u00e9torino","og_description":"Sure Petcare Animo est un traqueur d\u2019activit\u00e9s et de comportement pour chien qui apprend et interpr\u00e8te leurs activit\u00e9s et leurs comportements pour vous donner une meilleure compr\u00e9hension de leurs habitudes.","og_url":"https:\/\/www.vetorino.com\/veterinaire\/confolens-16500\/boutique\/product\/moniteur-dactivite-animo-pour-chien\/","og_site_name":"V\u00e9torino","article_publisher":"https:\/\/www.facebook.com\/Vetorino\/","article_modified_time":"2026-04-02T17:42:54+00:00","og_image":[{"width":898,"height":946,"url":"https:\/\/www.vetorino.com\/boutique\/wp-content\/uploads\/2020\/06\/51MaAB6I77L._AC_SL1500_.jpg","type":"image\/jpeg"}],"twitter_card":"summary_large_image","twitter_misc":{"Prix":"65,90&euro;","Disponibilit\u00e9":"Rupture de stock"},"schema":{"@context":"https:\/\/schema.org","@graph":[{"@type":"WebPage","@id":"https:\/\/www.vetorino.com\/veterinaire\/evry-91000\/boutique\/product\/moniteur-dactivite-animo-pour-chien\/","url":"https:\/\/www.vetorino.com\/veterinaire\/evry-91000\/boutique\/product\/moniteur-dactivite-animo-pour-chien\/","name":"Moniteur d'activit\u00e9 Animo pour chien Sure Petcare - V\u00e9torino","isPartOf":{"@id":"https:\/\/www.vetorino.com\/boutique\/#website"},"primaryImageOfPage":{"@id":"https:\/\/www.vetorino.com\/veterinaire\/evry-91000\/boutique\/product\/moniteur-dactivite-animo-pour-chien\/#primaryimage"},"image":{"@id":"https:\/\/www.vetorino.com\/veterinaire\/evry-91000\/boutique\/product\/moniteur-dactivite-animo-pour-chien\/#primaryimage"},"thumbnailUrl":"https:\/\/www.vetorino.com\/boutique\/wp-content\/uploads\/2020\/06\/51MaAB6I77L._AC_SL1500_.jpg","datePublished":"2020-06-29T23:35:14+00:00","dateModified":"2026-04-02T17:42:54+00:00","description":"Sure Petcare Animo est un traqueur d\u2019activit\u00e9s et de comportement pour chien qui apprend et interpr\u00e8te leurs activit\u00e9s et leurs comportements pour vous donner une meilleure compr\u00e9hension de leurs habitudes.","breadcrumb":{"@id":"https:\/\/www.vetorino.com\/veterinaire\/evry-91000\/boutique\/product\/moniteur-dactivite-animo-pour-chien\/#breadcrumb"},"inLanguage":"fr-FR","potentialAction":[{"@type":"ReadAction","target":["https:\/\/www.vetorino.com\/veterinaire\/evry-91000\/boutique\/product\/moniteur-dactivite-animo-pour-chien\/"]}]},{"@type":"ImageObject","inLanguage":"fr-FR","@id":"https:\/\/www.vetorino.com\/veterinaire\/evry-91000\/boutique\/product\/moniteur-dactivite-animo-pour-chien\/#primaryimage","url":"https:\/\/www.vetorino.com\/boutique\/wp-content\/uploads\/2020\/06\/51MaAB6I77L._AC_SL1500_.jpg","contentUrl":"https:\/\/www.vetorino.com\/boutique\/wp-content\/uploads\/2020\/06\/51MaAB6I77L._AC_SL1500_.jpg","width":898,"height":946},{"@type":"BreadcrumbList","@id":"https:\/\/www.vetorino.com\/veterinaire\/evry-91000\/boutique\/product\/moniteur-dactivite-animo-pour-chien\/#breadcrumb","itemListElement":[{"@type":"ListItem","position":1,"name":"Accueil","item":"https:\/\/www.vetorino.com\/boutique\/"},{"@type":"ListItem","position":2,"name":"Produits","item":"https:\/\/www.vetorino.com\/boutique\/"},{"@type":"ListItem","position":3,"name":"Moniteur d&#8217;activit\u00e9 Animo pour chien"}]},{"@type":"WebSite","@id":"https:\/\/www.vetorino.com\/boutique\/#website","url":"https:\/\/www.vetorino.com\/boutique\/","name":"V\u00e9torino","description":"","publisher":{"@id":"https:\/\/www.vetorino.com\/boutique\/#organization"},"potentialAction":[{"@type":"SearchAction","target":{"@type":"EntryPoint","urlTemplate":"https:\/\/www.vetorino.com\/boutique\/?s={search_term_string}"},"query-input":{"@type":"PropertyValueSpecification","valueRequired":true,"valueName":"search_term_string"}}],"inLanguage":"fr-FR"},{"@type":"Organization","@id":"https:\/\/www.vetorino.com\/boutique\/#organization","name":"V\u00e9torino","url":"https:\/\/www.vetorino.com\/boutique\/","logo":{"@type":"ImageObject","inLanguage":"fr-FR","@id":"https:\/\/www.vetorino.com\/boutique\/#\/schema\/logo\/image\/","url":"https:\/\/www.vetorino.com\/boutique\/wp-content\/uploads\/2024\/10\/logo.jpg","contentUrl":"https:\/\/www.vetorino.com\/boutique\/wp-content\/uploads\/2024\/10\/logo.jpg","width":1200,"height":610,"caption":"V\u00e9torino"},"image":{"@id":"https:\/\/www.vetorino.com\/boutique\/#\/schema\/logo\/image\/"},"sameAs":["https:\/\/www.facebook.com\/Vetorino\/","https:\/\/www.instagram.com\/vetorino_off\/","https:\/\/www.linkedin.com\/company\/vtorino\/"]}]},"product_brand":"Sure Petcare","product_price_amount":"65.90","product_price_currency":"EUR","og_availability":"out of stock","product_availability":"out of stock","product_retailer_item_id":"C-MON715","product_condition":"new"},"_links":{"self":[{"href":"https:\/\/www.vetorino.com\/veterinaire\/confolens-16500\/boutique\/wp-json\/wp\/v2\/product\/99734","targetHints":{"allow":["GET"]}}],"collection":[{"href":"https:\/\/www.vetorino.com\/veterinaire\/confolens-16500\/boutique\/wp-json\/wp\/v2\/product"}],"about":[{"href":"https:\/\/www.vetorino.com\/veterinaire\/confolens-16500\/boutique\/wp-json\/wp\/v2\/types\/product"}],"wp:featuredmedia":[{"embeddable":true,"href":"https:\/\/www.vetorino.com\/veterinaire\/confolens-16500\/boutique\/wp-json\/wp\/v2\/media\/912764"}],"wp:attachment":[{"href":"https:\/\/www.vetorino.com\/veterinaire\/confolens-16500\/boutique\/wp-json\/wp\/v2\/media?parent=99734"}],"wp:term":[{"taxonomy":"product_cat","embeddable":true,"href":"https:\/\/www.vetorino.com\/veterinaire\/confolens-16500\/boutique\/wp-json\/wp\/v2\/product_cat?post=99734"},{"taxonomy":"product_tag","embeddable":true,"href":"https:\/\/www.vetorino.com\/veterinaire\/confolens-16500\/boutique\/wp-json\/wp\/v2\/product_tag?post=99734"}],"curies":[{"name":"wp","href":"https:\/\/api.w.org\/{rel}","templated":true}]}}