{"id":99743,"date":"2020-06-30T01:35:19","date_gmt":"2020-06-29T23:35:19","guid":{"rendered":"https:\/\/www.vetorino.com\/boutique\/product\/mp-habitat-diff\/"},"modified":"2025-07-31T02:42:15","modified_gmt":"2025-07-31T00:42:15","slug":"mp-habitat-diff","status":"publish","type":"product","link":"https:\/\/www.vetorino.com\/veterinaire\/confolens-16500\/boutique\/product\/mp-habitat-diff\/","title":{"rendered":"Mp Habitat Diff."},"content":{"rendered":"<div class=\"hidden\">\n<div class=\"product__information row mb-4 ng-star-inserted\">\n<div class=\"col-12\">\n<div class=\"mx-1 py-2 tab-content ng-star-inserted\">\n<div id=\"ngb-nav-9-panel\" class=\"tab-pane fade show active ng-star-inserted\" role=\"tabpanel\" aria-labelledby=\"ngb-nav-9\">\n<p>MP Habitat permet d&#8217;\u00e9liminer les insectes (puces, poux, punaises de lit&#8230;) les acariens (tiques, ao\u00fbtats&#8230;) et les araign\u00e9es pr\u00e9sents dans l&#8217;habitat. La perm\u00e9thrine d\u00e9truit rapidement les parasites adultes. Le m\u00e9thopr\u00e8ne, analogue de l&#8217;hormone juv\u00e9nile, bloque le cycle biologique en rendant impossible la transformation jusqu&#8217;au stade adulte.<\/p>\n<\/div>\n<\/div>\n<\/div>\n<\/div>\n<div class=\"product__advices row mb-4 ng-star-inserted\">\n<div class=\"col-12\">\n<p class=\"title underline\"><strong>Conseils et Recommandations<\/strong><\/p>\n<p>Insecticide TP18. Utilisez les produits biocides avec pr\u00e9caution. Avant toute utilisation, lisez l&#8217;\u00e9tiquette et les informations concernant le produit<\/p>\n<p>Avant toute utilisation, assurez-vous que celle-ci est indispensable, notamment dans les lieux fr\u00e9quent\u00e9s par le grand public. Privil\u00e9giez chaque fois que possible les m\u00e9thodes alternatives et les produits pr\u00e9sentant le risque le plus faible pour la sant\u00e9 humaine et animale et pour l&#8217;environnement.<\/p>\n<p>Lire attentivement la notice avant utilisation. Contient de la perm\u00e9thrine. Peut entra\u00eener une r\u00e9action allergique. Tr\u00e8s toxique pour les organismes aquatiques. Ne pas jeter \u00e0 l&#8217;\u00e9gout ni dans l&#8217;environnement. Conserver hors de la port\u00e9e des enfants, dans des zones bien ventil\u00e9es et loin des aliments, boissons (y compris ceux des animaux), ustensiles de cuisine et \u00e0 l&#8217;\u00e9cart de toute flamme ou source d&#8217;\u00e9tincelles. Ne pas fumer. Prot\u00e9ger des rayons solaires et ne pas exposer \u00e0 une temp\u00e9rature sup\u00e9rieure \u00e0 50\u00b0C. Ne pas vaporiser vers une flamme ou un corps incandescent. Ne pas percer ou br\u00fbler m\u00eame apr\u00e8s usage. Ne pas surdoser, pulv\u00e9riser de fa\u00e7on trop prolong\u00e9e ni utiliser pour un usage autre que celui pour lequel le produit est destin\u00e9.<\/p>\n<\/div>\n<\/div>\n<\/div>\n","protected":false},"excerpt":{"rendered":"<p>MP Habitat permet d&#8217;\u00e9liminer les insectes (puces, poux, punaises de lit&#8230;) les acariens (tiques, ao\u00fbtats&#8230;) et les araign\u00e9es pr\u00e9sents dans l&#8217;habitat. La perm\u00e9thrine d\u00e9truit rapidement les parasites adultes. Le m\u00e9thopr\u00e8ne, analogue de l&#8217;hormone juv\u00e9nile, bloque le cycle biologique en rendant impossible la transformation jusqu&#8217;au stade adulte.<\/p>\n","protected":false},"featured_media":1005719,"template":"","meta":[],"product_cat":[2698],"product_tag":[],"class_list":{"0":"post-99743","1":"product","2":"type-product","3":"status-publish","4":"has-post-thumbnail","6":"product_cat-chien","7":"pa_marque-mp-labo","9":"first","10":"outofstock","11":"taxable","12":"shipping-taxable","13":"purchasable","14":"product-type-simple"},"yoast_head":"<!-- This site is optimized with the Yoast SEO plugin v27.3 - https:\/\/yoast.com\/product\/yoast-seo-wordpress\/ -->\n<title>Mp Habitat Diff. Mp Labo - V\u00e9torino<\/title>\n<meta name=\"description\" content=\"MP Habitat permet d&#039;\u00e9liminer les insectes (puces, poux, punaises de lit...) les acariens (tiques, ao\u00fbtats...) et les araign\u00e9es pr\u00e9sents dans l&#039;habitat. La perm\u00e9thrine d\u00e9truit rapidement les parasites adultes. Le m\u00e9thopr\u00e8ne, analogue de l&#039;hormone juv\u00e9nile, bloque le cycle biologique en rendant impossible la transformation jusqu&#039;au stade adulte.\" \/>\n<meta name=\"robots\" content=\"noindex, nofollow\" \/>\n<meta property=\"og:locale\" content=\"fr_FR\" \/>\n<meta property=\"og:type\" content=\"article\" \/>\n<meta property=\"og:title\" content=\"Mp Habitat Diff. Mp Labo - V\u00e9torino\" \/>\n<meta property=\"og:description\" content=\"MP Habitat permet d&#039;\u00e9liminer les insectes (puces, poux, punaises de lit...) les acariens (tiques, ao\u00fbtats...) et les araign\u00e9es pr\u00e9sents dans l&#039;habitat. La perm\u00e9thrine d\u00e9truit rapidement les parasites adultes. Le m\u00e9thopr\u00e8ne, analogue de l&#039;hormone juv\u00e9nile, bloque le cycle biologique en rendant impossible la transformation jusqu&#039;au stade adulte.\" \/>\n<meta property=\"og:url\" content=\"https:\/\/www.vetorino.com\/veterinaire\/confolens-16500\/boutique\/product\/mp-habitat-diff\/\" \/>\n<meta property=\"og:site_name\" content=\"V\u00e9torino\" \/>\n<meta property=\"article:publisher\" content=\"https:\/\/www.facebook.com\/Vetorino\/\" \/>\n<meta property=\"article:modified_time\" content=\"2025-07-31T00:42:15+00:00\" \/>\n<meta property=\"og:image\" content=\"https:\/\/www.vetorino.com\/boutique\/wp-content\/uploads\/2020\/06\/FilsMPH002FormatMediumTypeIM.png\" \/>\n\t<meta property=\"og:image:width\" content=\"400\" \/>\n\t<meta property=\"og:image:height\" content=\"400\" \/>\n\t<meta property=\"og:image:type\" content=\"image\/png\" \/>\n<meta name=\"twitter:card\" content=\"summary_large_image\" \/>\n<meta name=\"twitter:label1\" content=\"Prix\" \/>\n\t<meta name=\"twitter:data1\" content=\"21,25&euro;\" \/>\n\t<meta name=\"twitter:label2\" content=\"Disponibilit\u00e9\" \/>\n\t<meta name=\"twitter:data2\" content=\"Rupture de stock\" \/>\n<script type=\"application\/ld+json\" class=\"yoast-schema-graph\">{\"@context\":\"https:\\\/\\\/schema.org\",\"@graph\":[{\"@type\":\"WebPage\",\"@id\":\"https:\\\/\\\/www.vetorino.com\\\/boutique\\\/product\\\/mp-habitat-diff\\\/\",\"url\":\"https:\\\/\\\/www.vetorino.com\\\/boutique\\\/product\\\/mp-habitat-diff\\\/\",\"name\":\"Mp Habitat Diff. Mp Labo - V\u00e9torino\",\"isPartOf\":{\"@id\":\"https:\\\/\\\/www.vetorino.com\\\/boutique\\\/#website\"},\"primaryImageOfPage\":{\"@id\":\"https:\\\/\\\/www.vetorino.com\\\/boutique\\\/product\\\/mp-habitat-diff\\\/#primaryimage\"},\"image\":{\"@id\":\"https:\\\/\\\/www.vetorino.com\\\/boutique\\\/product\\\/mp-habitat-diff\\\/#primaryimage\"},\"thumbnailUrl\":\"https:\\\/\\\/www.vetorino.com\\\/boutique\\\/wp-content\\\/uploads\\\/2020\\\/03\\\/MPLAB-1811550.jpg\",\"datePublished\":\"2020-06-29T23:35:19+00:00\",\"dateModified\":\"2025-07-31T00:42:15+00:00\",\"description\":\"MP Habitat permet d'\u00e9liminer les insectes (puces, poux, punaises de lit...) les acariens (tiques, ao\u00fbtats...) et les araign\u00e9es pr\u00e9sents dans l'habitat. La perm\u00e9thrine d\u00e9truit rapidement les parasites adultes. Le m\u00e9thopr\u00e8ne, analogue de l'hormone juv\u00e9nile, bloque le cycle biologique en rendant impossible la transformation jusqu'au stade adulte.\",\"breadcrumb\":{\"@id\":\"https:\\\/\\\/www.vetorino.com\\\/boutique\\\/product\\\/mp-habitat-diff\\\/#breadcrumb\"},\"inLanguage\":\"fr-FR\",\"potentialAction\":[{\"@type\":\"ReadAction\",\"target\":[\"https:\\\/\\\/www.vetorino.com\\\/boutique\\\/product\\\/mp-habitat-diff\\\/\"]}]},{\"@type\":\"ImageObject\",\"inLanguage\":\"fr-FR\",\"@id\":\"https:\\\/\\\/www.vetorino.com\\\/boutique\\\/product\\\/mp-habitat-diff\\\/#primaryimage\",\"url\":\"https:\\\/\\\/www.vetorino.com\\\/boutique\\\/wp-content\\\/uploads\\\/2020\\\/03\\\/MPLAB-1811550.jpg\",\"contentUrl\":\"https:\\\/\\\/www.vetorino.com\\\/boutique\\\/wp-content\\\/uploads\\\/2020\\\/03\\\/MPLAB-1811550.jpg\",\"width\":700,\"height\":700},{\"@type\":\"BreadcrumbList\",\"@id\":\"https:\\\/\\\/www.vetorino.com\\\/boutique\\\/product\\\/mp-habitat-diff\\\/#breadcrumb\",\"itemListElement\":[{\"@type\":\"ListItem\",\"position\":1,\"name\":\"Accueil\",\"item\":\"https:\\\/\\\/www.vetorino.com\\\/boutique\\\/\"},{\"@type\":\"ListItem\",\"position\":2,\"name\":\"Produits\",\"item\":\"https:\\\/\\\/www.vetorino.com\\\/boutique\\\/\"},{\"@type\":\"ListItem\",\"position\":3,\"name\":\"Mp Habitat Diff.\"}]},{\"@type\":\"WebSite\",\"@id\":\"https:\\\/\\\/www.vetorino.com\\\/boutique\\\/#website\",\"url\":\"https:\\\/\\\/www.vetorino.com\\\/boutique\\\/\",\"name\":\"V\u00e9torino\",\"description\":\"\",\"publisher\":{\"@id\":\"https:\\\/\\\/www.vetorino.com\\\/boutique\\\/#organization\"},\"potentialAction\":[{\"@type\":\"SearchAction\",\"target\":{\"@type\":\"EntryPoint\",\"urlTemplate\":\"https:\\\/\\\/www.vetorino.com\\\/boutique\\\/?s={search_term_string}\"},\"query-input\":{\"@type\":\"PropertyValueSpecification\",\"valueRequired\":true,\"valueName\":\"search_term_string\"}}],\"inLanguage\":\"fr-FR\"},{\"@type\":\"Organization\",\"@id\":\"https:\\\/\\\/www.vetorino.com\\\/boutique\\\/#organization\",\"name\":\"V\u00e9torino\",\"url\":\"https:\\\/\\\/www.vetorino.com\\\/boutique\\\/\",\"logo\":{\"@type\":\"ImageObject\",\"inLanguage\":\"fr-FR\",\"@id\":\"https:\\\/\\\/www.vetorino.com\\\/boutique\\\/#\\\/schema\\\/logo\\\/image\\\/\",\"url\":\"https:\\\/\\\/www.vetorino.com\\\/boutique\\\/wp-content\\\/uploads\\\/2024\\\/10\\\/logo.jpg\",\"contentUrl\":\"https:\\\/\\\/www.vetorino.com\\\/boutique\\\/wp-content\\\/uploads\\\/2024\\\/10\\\/logo.jpg\",\"width\":1200,\"height\":610,\"caption\":\"V\u00e9torino\"},\"image\":{\"@id\":\"https:\\\/\\\/www.vetorino.com\\\/boutique\\\/#\\\/schema\\\/logo\\\/image\\\/\"},\"sameAs\":[\"https:\\\/\\\/www.facebook.com\\\/Vetorino\\\/\",\"https:\\\/\\\/www.instagram.com\\\/vetorino_off\\\/\",\"https:\\\/\\\/www.linkedin.com\\\/company\\\/vtorino\\\/\"]}]}<\/script>\n<meta property=\"product:brand\" content=\"Mp Labo\" \/>\n<meta property=\"product:price:amount\" content=\"21.25\" \/>\n<meta property=\"product:price:currency\" content=\"EUR\" \/>\n<meta property=\"og:availability\" content=\"out of stock\" \/>\n<meta property=\"product:availability\" content=\"out of stock\" \/>\n<meta property=\"product:retailer_item_id\" content=\"C-MPH002\" \/>\n<meta property=\"product:condition\" content=\"new\" \/>\n<!-- \/ Yoast SEO plugin. -->","yoast_head_json":{"title":"Mp Habitat Diff. Mp Labo - V\u00e9torino","description":"MP Habitat permet d'\u00e9liminer les insectes (puces, poux, punaises de lit...) les acariens (tiques, ao\u00fbtats...) et les araign\u00e9es pr\u00e9sents dans l'habitat. La perm\u00e9thrine d\u00e9truit rapidement les parasites adultes. Le m\u00e9thopr\u00e8ne, analogue de l'hormone juv\u00e9nile, bloque le cycle biologique en rendant impossible la transformation jusqu'au stade adulte.","robots":{"index":"noindex","follow":"nofollow"},"og_locale":"fr_FR","og_type":"article","og_title":"Mp Habitat Diff. Mp Labo - V\u00e9torino","og_description":"MP Habitat permet d'\u00e9liminer les insectes (puces, poux, punaises de lit...) les acariens (tiques, ao\u00fbtats...) et les araign\u00e9es pr\u00e9sents dans l'habitat. La perm\u00e9thrine d\u00e9truit rapidement les parasites adultes. Le m\u00e9thopr\u00e8ne, analogue de l'hormone juv\u00e9nile, bloque le cycle biologique en rendant impossible la transformation jusqu'au stade adulte.","og_url":"https:\/\/www.vetorino.com\/veterinaire\/confolens-16500\/boutique\/product\/mp-habitat-diff\/","og_site_name":"V\u00e9torino","article_publisher":"https:\/\/www.facebook.com\/Vetorino\/","article_modified_time":"2025-07-31T00:42:15+00:00","og_image":[{"width":400,"height":400,"url":"https:\/\/www.vetorino.com\/boutique\/wp-content\/uploads\/2020\/06\/FilsMPH002FormatMediumTypeIM.png","type":"image\/png"}],"twitter_card":"summary_large_image","twitter_misc":{"Prix":"21,25&euro;","Disponibilit\u00e9":"Rupture de stock"},"schema":{"@context":"https:\/\/schema.org","@graph":[{"@type":"WebPage","@id":"https:\/\/www.vetorino.com\/boutique\/product\/mp-habitat-diff\/","url":"https:\/\/www.vetorino.com\/boutique\/product\/mp-habitat-diff\/","name":"Mp Habitat Diff. Mp Labo - V\u00e9torino","isPartOf":{"@id":"https:\/\/www.vetorino.com\/boutique\/#website"},"primaryImageOfPage":{"@id":"https:\/\/www.vetorino.com\/boutique\/product\/mp-habitat-diff\/#primaryimage"},"image":{"@id":"https:\/\/www.vetorino.com\/boutique\/product\/mp-habitat-diff\/#primaryimage"},"thumbnailUrl":"https:\/\/www.vetorino.com\/boutique\/wp-content\/uploads\/2020\/03\/MPLAB-1811550.jpg","datePublished":"2020-06-29T23:35:19+00:00","dateModified":"2025-07-31T00:42:15+00:00","description":"MP Habitat permet d'\u00e9liminer les insectes (puces, poux, punaises de lit...) les acariens (tiques, ao\u00fbtats...) et les araign\u00e9es pr\u00e9sents dans l'habitat. La perm\u00e9thrine d\u00e9truit rapidement les parasites adultes. Le m\u00e9thopr\u00e8ne, analogue de l'hormone juv\u00e9nile, bloque le cycle biologique en rendant impossible la transformation jusqu'au stade adulte.","breadcrumb":{"@id":"https:\/\/www.vetorino.com\/boutique\/product\/mp-habitat-diff\/#breadcrumb"},"inLanguage":"fr-FR","potentialAction":[{"@type":"ReadAction","target":["https:\/\/www.vetorino.com\/boutique\/product\/mp-habitat-diff\/"]}]},{"@type":"ImageObject","inLanguage":"fr-FR","@id":"https:\/\/www.vetorino.com\/boutique\/product\/mp-habitat-diff\/#primaryimage","url":"https:\/\/www.vetorino.com\/boutique\/wp-content\/uploads\/2020\/03\/MPLAB-1811550.jpg","contentUrl":"https:\/\/www.vetorino.com\/boutique\/wp-content\/uploads\/2020\/03\/MPLAB-1811550.jpg","width":700,"height":700},{"@type":"BreadcrumbList","@id":"https:\/\/www.vetorino.com\/boutique\/product\/mp-habitat-diff\/#breadcrumb","itemListElement":[{"@type":"ListItem","position":1,"name":"Accueil","item":"https:\/\/www.vetorino.com\/boutique\/"},{"@type":"ListItem","position":2,"name":"Produits","item":"https:\/\/www.vetorino.com\/boutique\/"},{"@type":"ListItem","position":3,"name":"Mp Habitat Diff."}]},{"@type":"WebSite","@id":"https:\/\/www.vetorino.com\/boutique\/#website","url":"https:\/\/www.vetorino.com\/boutique\/","name":"V\u00e9torino","description":"","publisher":{"@id":"https:\/\/www.vetorino.com\/boutique\/#organization"},"potentialAction":[{"@type":"SearchAction","target":{"@type":"EntryPoint","urlTemplate":"https:\/\/www.vetorino.com\/boutique\/?s={search_term_string}"},"query-input":{"@type":"PropertyValueSpecification","valueRequired":true,"valueName":"search_term_string"}}],"inLanguage":"fr-FR"},{"@type":"Organization","@id":"https:\/\/www.vetorino.com\/boutique\/#organization","name":"V\u00e9torino","url":"https:\/\/www.vetorino.com\/boutique\/","logo":{"@type":"ImageObject","inLanguage":"fr-FR","@id":"https:\/\/www.vetorino.com\/boutique\/#\/schema\/logo\/image\/","url":"https:\/\/www.vetorino.com\/boutique\/wp-content\/uploads\/2024\/10\/logo.jpg","contentUrl":"https:\/\/www.vetorino.com\/boutique\/wp-content\/uploads\/2024\/10\/logo.jpg","width":1200,"height":610,"caption":"V\u00e9torino"},"image":{"@id":"https:\/\/www.vetorino.com\/boutique\/#\/schema\/logo\/image\/"},"sameAs":["https:\/\/www.facebook.com\/Vetorino\/","https:\/\/www.instagram.com\/vetorino_off\/","https:\/\/www.linkedin.com\/company\/vtorino\/"]}]},"product_brand":"Mp Labo","product_price_amount":"21.25","product_price_currency":"EUR","og_availability":"out of stock","product_availability":"out of stock","product_retailer_item_id":"C-MPH002","product_condition":"new"},"_links":{"self":[{"href":"https:\/\/www.vetorino.com\/veterinaire\/confolens-16500\/boutique\/wp-json\/wp\/v2\/product\/99743","targetHints":{"allow":["GET"]}}],"collection":[{"href":"https:\/\/www.vetorino.com\/veterinaire\/confolens-16500\/boutique\/wp-json\/wp\/v2\/product"}],"about":[{"href":"https:\/\/www.vetorino.com\/veterinaire\/confolens-16500\/boutique\/wp-json\/wp\/v2\/types\/product"}],"wp:featuredmedia":[{"embeddable":true,"href":"https:\/\/www.vetorino.com\/veterinaire\/confolens-16500\/boutique\/wp-json\/wp\/v2\/media\/1005719"}],"wp:attachment":[{"href":"https:\/\/www.vetorino.com\/veterinaire\/confolens-16500\/boutique\/wp-json\/wp\/v2\/media?parent=99743"}],"wp:term":[{"taxonomy":"product_cat","embeddable":true,"href":"https:\/\/www.vetorino.com\/veterinaire\/confolens-16500\/boutique\/wp-json\/wp\/v2\/product_cat?post=99743"},{"taxonomy":"product_tag","embeddable":true,"href":"https:\/\/www.vetorino.com\/veterinaire\/confolens-16500\/boutique\/wp-json\/wp\/v2\/product_tag?post=99743"}],"curies":[{"name":"wp","href":"https:\/\/api.w.org\/{rel}","templated":true}]}}