{"id":99813,"date":"2020-06-30T01:36:09","date_gmt":"2020-06-29T23:36:09","guid":{"rendered":"https:\/\/www.vetorino.com\/boutique\/product\/museliere-contentmuz-chat\/"},"modified":"2026-04-01T02:07:42","modified_gmt":"2026-04-01T00:07:42","slug":"museliere-contentmuz-chat","status":"publish","type":"product","link":"https:\/\/www.vetorino.com\/veterinaire\/confolens-16500\/boutique\/product\/museliere-contentmuz-chat\/","title":{"rendered":"Museliere de contention chat"},"content":{"rendered":"<p>La\u00a0<strong>museli\u00e8re<\/strong>\u00a0<strong>de contention Buster est un accessoire utile pour les soins\u00a0<\/strong>de\u00a0votre chat<strong>\u00a0<\/strong>qui se r\u00e9v\u00e8lera pratique pour lui\u00a0cacher les yeux et ainsi\u00a0<strong>limiter les mouvements de d\u00e9fense<\/strong>\u00a0de votre l\u2019animal notamment lors d&#8217;un rendez-vous chez le v\u00e9t\u00e9rinaire. Il sera par exemple pratique lors d&#8217;une piq\u00fbre.<\/p>\n<p>Votre chat peut \u00eatre<strong>\u00a0craintif<\/strong>\u00a0des diff\u00e9rents soins qu&#8217;il est essentiel de lui procurer. Cette museli\u00e8re permettra de vous\u00a0<strong>prot\u00e9ger des griffures<\/strong>\u00a0ou\u00a0<strong>des morsures<\/strong>\u00a0\u00e9ventuelles de votre animal que pourrait engendrer le<strong>\u00a0stress<\/strong>\u00a0pour plus de s\u00e9curit\u00e9.<\/p>\n<p><strong>Les plus de ce produit :<\/strong><\/p>\n<ul>\n<li>sp\u00e9cialement con\u00e7u pour chat<\/li>\n<li>permet de limiter les mouvements de d\u00e9fenses du chat<\/li>\n<li>simple d&#8217;utilisation<\/li>\n<\/ul>\n<p><strong>La bonne taille pour votre chat :<\/strong><\/p>\n<ul>\n<li class=\"block-label\">TS &#8211; Rouge &#8211; Chaton <strong>jusqu&#8217;\u00e0 2 kg<\/strong><\/li>\n<li>\n<div class=\"block-label\">TM &#8211; Bleu clair &#8211; Chat <strong>jusqu&#8217;\u00e0 5 kg<\/strong><\/div>\n<\/li>\n<li>\n<div class=\"block-label\">TL &#8211; Vert &#8211; Chat <strong>plus de 5 kg<\/strong><\/div>\n<\/li>\n<\/ul>\n","protected":false},"excerpt":{"rendered":"<p>La <strong>museli\u00e8re<\/strong>\u00a0<strong>de contention Buster est un accessoire utile pour les soins\u00a0<\/strong>de\u00a0votre chat<strong>\u00a0<\/strong>qui se r\u00e9v\u00e8lera pratique pour lui\u00a0cacher les yeux et ainsi\u00a0<strong>limiter les mouvements de d\u00e9fense<\/strong>\u00a0de votre l\u2019animal notamment lors d&#8217;un rendez-vous chez le v\u00e9t\u00e9rinaire. Il sera par exemple pratique lors d&#8217;une piq\u00fbre.<\/p>\n","protected":false},"featured_media":867925,"template":"","meta":[],"product_cat":[12548,2759,2697,12631],"product_tag":[],"class_list":{"0":"post-99813","1":"product","2":"type-product","3":"status-publish","4":"has-post-thumbnail","6":"product_cat-accessoire-du-chat","7":"product_cat-anti-stress-et-anxiete-pour-chat","8":"product_cat-chat","9":"product_cat-sortie-du-chat","10":"pa_marque-materiel","12":"first","13":"instock","14":"taxable","15":"shipping-taxable","16":"purchasable","17":"product-type-variable"},"yoast_head":"<!-- This site is optimized with the Yoast SEO plugin v27.3 - https:\/\/yoast.com\/product\/yoast-seo-wordpress\/ -->\n<title>Museliere de contention chat Mat\u00e9riel - V\u00e9torino<\/title>\n<meta name=\"description\" content=\"La museli\u00e8re\u00a0de contention Buster est un accessoire utile pour les soins\u00a0de\u00a0votre chat\u00a0qui se r\u00e9v\u00e8lera pratique pour lui\u00a0cacher les yeux et ainsi\u00a0limiter les mouvements de d\u00e9fense\u00a0de votre l\u2019animal notamment lors d&#039;un rendez-vous chez le v\u00e9t\u00e9rinaire. Il sera par exemple pratique lors d&#039;une piq\u00fbre.\" \/>\n<meta name=\"robots\" content=\"noindex, nofollow\" \/>\n<meta property=\"og:locale\" content=\"fr_FR\" \/>\n<meta property=\"og:type\" content=\"article\" \/>\n<meta property=\"og:title\" content=\"Museliere de contention chat Mat\u00e9riel - V\u00e9torino\" \/>\n<meta property=\"og:description\" content=\"La museli\u00e8re\u00a0de contention Buster est un accessoire utile pour les soins\u00a0de\u00a0votre chat\u00a0qui se r\u00e9v\u00e8lera pratique pour lui\u00a0cacher les yeux et ainsi\u00a0limiter les mouvements de d\u00e9fense\u00a0de votre l\u2019animal notamment lors d&#039;un rendez-vous chez le v\u00e9t\u00e9rinaire. Il sera par exemple pratique lors d&#039;une piq\u00fbre.\" \/>\n<meta property=\"og:url\" content=\"https:\/\/www.vetorino.com\/veterinaire\/confolens-16500\/boutique\/product\/museliere-contentmuz-chat\/\" \/>\n<meta property=\"og:site_name\" content=\"V\u00e9torino\" \/>\n<meta property=\"article:publisher\" content=\"https:\/\/www.facebook.com\/Vetorino\/\" \/>\n<meta property=\"article:modified_time\" content=\"2026-04-01T00:07:42+00:00\" \/>\n<meta property=\"og:image\" content=\"https:\/\/www.vetorino.com\/boutique\/wp-content\/uploads\/2020\/03\/71vTPYT97WL._AC_SL1500_.jpg\" \/>\n\t<meta property=\"og:image:width\" content=\"1097\" \/>\n\t<meta property=\"og:image:height\" content=\"1097\" \/>\n\t<meta property=\"og:image:type\" content=\"image\/jpeg\" \/>\n<meta name=\"twitter:card\" content=\"summary_large_image\" \/>\n<meta name=\"twitter:label1\" content=\"Disponibilit\u00e9\" \/>\n\t<meta name=\"twitter:data1\" content=\"En stock\" \/>\n<script type=\"application\/ld+json\" class=\"yoast-schema-graph\">{\"@context\":\"https:\\\/\\\/schema.org\",\"@graph\":[{\"@type\":\"WebPage\",\"@id\":\"https:\\\/\\\/www.vetorino.com\\\/boutique\\\/product\\\/museliere-contentmuz-chat\\\/\",\"url\":\"https:\\\/\\\/www.vetorino.com\\\/boutique\\\/product\\\/museliere-contentmuz-chat\\\/\",\"name\":\"Museliere de contention chat Mat\u00e9riel - V\u00e9torino\",\"isPartOf\":{\"@id\":\"https:\\\/\\\/www.vetorino.com\\\/boutique\\\/#website\"},\"primaryImageOfPage\":{\"@id\":\"https:\\\/\\\/www.vetorino.com\\\/boutique\\\/product\\\/museliere-contentmuz-chat\\\/#primaryimage\"},\"image\":{\"@id\":\"https:\\\/\\\/www.vetorino.com\\\/boutique\\\/product\\\/museliere-contentmuz-chat\\\/#primaryimage\"},\"thumbnailUrl\":\"https:\\\/\\\/www.vetorino.com\\\/boutique\\\/wp-content\\\/uploads\\\/2020\\\/03\\\/71vTPYT97WL._AC_SL1500_.jpg\",\"datePublished\":\"2020-06-29T23:36:09+00:00\",\"dateModified\":\"2026-04-01T00:07:42+00:00\",\"description\":\"La museli\u00e8re\u00a0de contention Buster est un accessoire utile pour les soins\u00a0de\u00a0votre chat\u00a0qui se r\u00e9v\u00e8lera pratique pour lui\u00a0cacher les yeux et ainsi\u00a0limiter les mouvements de d\u00e9fense\u00a0de votre l\u2019animal notamment lors d'un rendez-vous chez le v\u00e9t\u00e9rinaire. Il sera par exemple pratique lors d'une piq\u00fbre.\",\"breadcrumb\":{\"@id\":\"https:\\\/\\\/www.vetorino.com\\\/boutique\\\/product\\\/museliere-contentmuz-chat\\\/#breadcrumb\"},\"inLanguage\":\"fr-FR\",\"potentialAction\":[{\"@type\":\"ReadAction\",\"target\":[\"https:\\\/\\\/www.vetorino.com\\\/boutique\\\/product\\\/museliere-contentmuz-chat\\\/\"]}]},{\"@type\":\"ImageObject\",\"inLanguage\":\"fr-FR\",\"@id\":\"https:\\\/\\\/www.vetorino.com\\\/boutique\\\/product\\\/museliere-contentmuz-chat\\\/#primaryimage\",\"url\":\"https:\\\/\\\/www.vetorino.com\\\/boutique\\\/wp-content\\\/uploads\\\/2020\\\/03\\\/71vTPYT97WL._AC_SL1500_.jpg\",\"contentUrl\":\"https:\\\/\\\/www.vetorino.com\\\/boutique\\\/wp-content\\\/uploads\\\/2020\\\/03\\\/71vTPYT97WL._AC_SL1500_.jpg\",\"width\":1097,\"height\":1097},{\"@type\":\"BreadcrumbList\",\"@id\":\"https:\\\/\\\/www.vetorino.com\\\/boutique\\\/product\\\/museliere-contentmuz-chat\\\/#breadcrumb\",\"itemListElement\":[{\"@type\":\"ListItem\",\"position\":1,\"name\":\"Accueil\",\"item\":\"https:\\\/\\\/www.vetorino.com\\\/boutique\\\/\"},{\"@type\":\"ListItem\",\"position\":2,\"name\":\"Produits\",\"item\":\"https:\\\/\\\/www.vetorino.com\\\/boutique\\\/\"},{\"@type\":\"ListItem\",\"position\":3,\"name\":\"Museliere de contention chat\"}]},{\"@type\":\"WebSite\",\"@id\":\"https:\\\/\\\/www.vetorino.com\\\/boutique\\\/#website\",\"url\":\"https:\\\/\\\/www.vetorino.com\\\/boutique\\\/\",\"name\":\"V\u00e9torino\",\"description\":\"\",\"publisher\":{\"@id\":\"https:\\\/\\\/www.vetorino.com\\\/boutique\\\/#organization\"},\"potentialAction\":[{\"@type\":\"SearchAction\",\"target\":{\"@type\":\"EntryPoint\",\"urlTemplate\":\"https:\\\/\\\/www.vetorino.com\\\/boutique\\\/?s={search_term_string}\"},\"query-input\":{\"@type\":\"PropertyValueSpecification\",\"valueRequired\":true,\"valueName\":\"search_term_string\"}}],\"inLanguage\":\"fr-FR\"},{\"@type\":\"Organization\",\"@id\":\"https:\\\/\\\/www.vetorino.com\\\/boutique\\\/#organization\",\"name\":\"V\u00e9torino\",\"url\":\"https:\\\/\\\/www.vetorino.com\\\/boutique\\\/\",\"logo\":{\"@type\":\"ImageObject\",\"inLanguage\":\"fr-FR\",\"@id\":\"https:\\\/\\\/www.vetorino.com\\\/boutique\\\/#\\\/schema\\\/logo\\\/image\\\/\",\"url\":\"https:\\\/\\\/www.vetorino.com\\\/boutique\\\/wp-content\\\/uploads\\\/2024\\\/10\\\/logo.jpg\",\"contentUrl\":\"https:\\\/\\\/www.vetorino.com\\\/boutique\\\/wp-content\\\/uploads\\\/2024\\\/10\\\/logo.jpg\",\"width\":1200,\"height\":610,\"caption\":\"V\u00e9torino\"},\"image\":{\"@id\":\"https:\\\/\\\/www.vetorino.com\\\/boutique\\\/#\\\/schema\\\/logo\\\/image\\\/\"},\"sameAs\":[\"https:\\\/\\\/www.facebook.com\\\/Vetorino\\\/\",\"https:\\\/\\\/www.instagram.com\\\/vetorino_off\\\/\",\"https:\\\/\\\/www.linkedin.com\\\/company\\\/vtorino\\\/\"]}]}<\/script>\n<meta property=\"product:brand\" content=\"Mat\u00e9riel\" \/>\n<meta property=\"og:availability\" content=\"instock\" \/>\n<meta property=\"product:availability\" content=\"instock\" \/>\n<meta property=\"product:condition\" content=\"new\" \/>\n<!-- \/ Yoast SEO plugin. -->","yoast_head_json":{"title":"Museliere de contention chat Mat\u00e9riel - V\u00e9torino","description":"La museli\u00e8re\u00a0de contention Buster est un accessoire utile pour les soins\u00a0de\u00a0votre chat\u00a0qui se r\u00e9v\u00e8lera pratique pour lui\u00a0cacher les yeux et ainsi\u00a0limiter les mouvements de d\u00e9fense\u00a0de votre l\u2019animal notamment lors d'un rendez-vous chez le v\u00e9t\u00e9rinaire. Il sera par exemple pratique lors d'une piq\u00fbre.","robots":{"index":"noindex","follow":"nofollow"},"og_locale":"fr_FR","og_type":"article","og_title":"Museliere de contention chat Mat\u00e9riel - V\u00e9torino","og_description":"La museli\u00e8re\u00a0de contention Buster est un accessoire utile pour les soins\u00a0de\u00a0votre chat\u00a0qui se r\u00e9v\u00e8lera pratique pour lui\u00a0cacher les yeux et ainsi\u00a0limiter les mouvements de d\u00e9fense\u00a0de votre l\u2019animal notamment lors d'un rendez-vous chez le v\u00e9t\u00e9rinaire. Il sera par exemple pratique lors d'une piq\u00fbre.","og_url":"https:\/\/www.vetorino.com\/veterinaire\/confolens-16500\/boutique\/product\/museliere-contentmuz-chat\/","og_site_name":"V\u00e9torino","article_publisher":"https:\/\/www.facebook.com\/Vetorino\/","article_modified_time":"2026-04-01T00:07:42+00:00","og_image":[{"width":1097,"height":1097,"url":"https:\/\/www.vetorino.com\/boutique\/wp-content\/uploads\/2020\/03\/71vTPYT97WL._AC_SL1500_.jpg","type":"image\/jpeg"}],"twitter_card":"summary_large_image","twitter_misc":{"Disponibilit\u00e9":"En stock"},"schema":{"@context":"https:\/\/schema.org","@graph":[{"@type":"WebPage","@id":"https:\/\/www.vetorino.com\/boutique\/product\/museliere-contentmuz-chat\/","url":"https:\/\/www.vetorino.com\/boutique\/product\/museliere-contentmuz-chat\/","name":"Museliere de contention chat Mat\u00e9riel - V\u00e9torino","isPartOf":{"@id":"https:\/\/www.vetorino.com\/boutique\/#website"},"primaryImageOfPage":{"@id":"https:\/\/www.vetorino.com\/boutique\/product\/museliere-contentmuz-chat\/#primaryimage"},"image":{"@id":"https:\/\/www.vetorino.com\/boutique\/product\/museliere-contentmuz-chat\/#primaryimage"},"thumbnailUrl":"https:\/\/www.vetorino.com\/boutique\/wp-content\/uploads\/2020\/03\/71vTPYT97WL._AC_SL1500_.jpg","datePublished":"2020-06-29T23:36:09+00:00","dateModified":"2026-04-01T00:07:42+00:00","description":"La museli\u00e8re\u00a0de contention Buster est un accessoire utile pour les soins\u00a0de\u00a0votre chat\u00a0qui se r\u00e9v\u00e8lera pratique pour lui\u00a0cacher les yeux et ainsi\u00a0limiter les mouvements de d\u00e9fense\u00a0de votre l\u2019animal notamment lors d'un rendez-vous chez le v\u00e9t\u00e9rinaire. Il sera par exemple pratique lors d'une piq\u00fbre.","breadcrumb":{"@id":"https:\/\/www.vetorino.com\/boutique\/product\/museliere-contentmuz-chat\/#breadcrumb"},"inLanguage":"fr-FR","potentialAction":[{"@type":"ReadAction","target":["https:\/\/www.vetorino.com\/boutique\/product\/museliere-contentmuz-chat\/"]}]},{"@type":"ImageObject","inLanguage":"fr-FR","@id":"https:\/\/www.vetorino.com\/boutique\/product\/museliere-contentmuz-chat\/#primaryimage","url":"https:\/\/www.vetorino.com\/boutique\/wp-content\/uploads\/2020\/03\/71vTPYT97WL._AC_SL1500_.jpg","contentUrl":"https:\/\/www.vetorino.com\/boutique\/wp-content\/uploads\/2020\/03\/71vTPYT97WL._AC_SL1500_.jpg","width":1097,"height":1097},{"@type":"BreadcrumbList","@id":"https:\/\/www.vetorino.com\/boutique\/product\/museliere-contentmuz-chat\/#breadcrumb","itemListElement":[{"@type":"ListItem","position":1,"name":"Accueil","item":"https:\/\/www.vetorino.com\/boutique\/"},{"@type":"ListItem","position":2,"name":"Produits","item":"https:\/\/www.vetorino.com\/boutique\/"},{"@type":"ListItem","position":3,"name":"Museliere de contention chat"}]},{"@type":"WebSite","@id":"https:\/\/www.vetorino.com\/boutique\/#website","url":"https:\/\/www.vetorino.com\/boutique\/","name":"V\u00e9torino","description":"","publisher":{"@id":"https:\/\/www.vetorino.com\/boutique\/#organization"},"potentialAction":[{"@type":"SearchAction","target":{"@type":"EntryPoint","urlTemplate":"https:\/\/www.vetorino.com\/boutique\/?s={search_term_string}"},"query-input":{"@type":"PropertyValueSpecification","valueRequired":true,"valueName":"search_term_string"}}],"inLanguage":"fr-FR"},{"@type":"Organization","@id":"https:\/\/www.vetorino.com\/boutique\/#organization","name":"V\u00e9torino","url":"https:\/\/www.vetorino.com\/boutique\/","logo":{"@type":"ImageObject","inLanguage":"fr-FR","@id":"https:\/\/www.vetorino.com\/boutique\/#\/schema\/logo\/image\/","url":"https:\/\/www.vetorino.com\/boutique\/wp-content\/uploads\/2024\/10\/logo.jpg","contentUrl":"https:\/\/www.vetorino.com\/boutique\/wp-content\/uploads\/2024\/10\/logo.jpg","width":1200,"height":610,"caption":"V\u00e9torino"},"image":{"@id":"https:\/\/www.vetorino.com\/boutique\/#\/schema\/logo\/image\/"},"sameAs":["https:\/\/www.facebook.com\/Vetorino\/","https:\/\/www.instagram.com\/vetorino_off\/","https:\/\/www.linkedin.com\/company\/vtorino\/"]}]},"product_brand":"Mat\u00e9riel","og_availability":"instock","product_availability":"instock","product_condition":"new"},"_links":{"self":[{"href":"https:\/\/www.vetorino.com\/veterinaire\/confolens-16500\/boutique\/wp-json\/wp\/v2\/product\/99813","targetHints":{"allow":["GET"]}}],"collection":[{"href":"https:\/\/www.vetorino.com\/veterinaire\/confolens-16500\/boutique\/wp-json\/wp\/v2\/product"}],"about":[{"href":"https:\/\/www.vetorino.com\/veterinaire\/confolens-16500\/boutique\/wp-json\/wp\/v2\/types\/product"}],"wp:featuredmedia":[{"embeddable":true,"href":"https:\/\/www.vetorino.com\/veterinaire\/confolens-16500\/boutique\/wp-json\/wp\/v2\/media\/867925"}],"wp:attachment":[{"href":"https:\/\/www.vetorino.com\/veterinaire\/confolens-16500\/boutique\/wp-json\/wp\/v2\/media?parent=99813"}],"wp:term":[{"taxonomy":"product_cat","embeddable":true,"href":"https:\/\/www.vetorino.com\/veterinaire\/confolens-16500\/boutique\/wp-json\/wp\/v2\/product_cat?post=99813"},{"taxonomy":"product_tag","embeddable":true,"href":"https:\/\/www.vetorino.com\/veterinaire\/confolens-16500\/boutique\/wp-json\/wp\/v2\/product_tag?post=99813"}],"curies":[{"name":"wp","href":"https:\/\/api.w.org\/{rel}","templated":true}]}}