{"id":99917,"date":"2020-06-30T01:37:41","date_gmt":"2020-06-29T23:37:41","guid":{"rendered":"https:\/\/www.vetorino.com\/boutique\/product\/neporex-2-sg\/"},"modified":"2020-12-15T21:12:06","modified_gmt":"2020-12-15T20:12:06","slug":"neporex-2-sg","status":"publish","type":"product","link":"https:\/\/www.vetorino.com\/veterinaire\/confolens-16500\/boutique\/product\/neporex-2-sg\/","title":{"rendered":"Neporex 2 Sg"},"content":{"rendered":"<div class='hidden'>ELANCO<\/div>\n<div class='hidden'>Caprins<\/div>\n<p>Insecticide pour b\u00e2timents d&#8217;\u00e9levage.<br \/>Larvicide actif contre les larves de mouches et de moucherons (y compris vers \u00e0 queue) dans le fumier ou le lisier.<br \/>NEPOREX  2SG peut \u00eatre utilis\u00e9 sec ou dissous dans l&#8217;eau en fonction du degr\u00e9 d&#8217;humidit\u00e9 du fumier ou du lisier. Plus le fumier ou le lisier est sec, plus il faut mouiller.<\/p>\n<p>Quantit\u00e9 pour 10 m2 de surface :<br \/>&#8211; sur fumier sec, \u00e0 l&#8217;arrosoir : 250 g dissous dans 10 litres d&#8217;eau.<br \/>&#8211; sur fumier humide, au pulv\u00e9risateur : 250 g dissous dans 1 \u00e0 4 litres d&#8217;eau.<br \/>&#8211; sur fumier humide ou sur lisier : \u00e9pandre 250 g de granul\u00e9s secs \u00e0 la vol\u00e9e.<\/p>\n<p>Utiliser NEPOREX  2SG d\u00e8s l&#8217;apparition des premi\u00e8res mouches.<br \/>Renouveler toutes les 6 semaines, voir plus fr\u00e9quemment en fonction de la temp\u00e9rature et de l&#8217;humidit\u00e9 (qui d\u00e9terminent la dur\u00e9e du cycle des mouches), ou d\u00e8s que la couche de fumier ou de lisier a augment\u00e9 de 10 cm (de mani\u00e8re \u00e0 ce que la cyromazine soit en contact des larves).<br \/>Traiter les fumiers, lisiers et tous d\u00e9p\u00f4ts de mati\u00e8res organiques o\u00f9 se d\u00e9veloppent les larves de mouches et moucherons.<br \/>NEPOREX  2SG peut \u00eatre appliqu\u00e9 en pr\u00e9sence des animaux en \u00e9vitant le contact direct avec les animaux pendant l&#8217;application.<br \/>Dans la mesure du possible, r\u00e9aliser le premier traitement 1 \u00e0 3 jours apr\u00e8s l&#8217;arriv\u00e9e des animaux (il est en effet pr\u00e9f\u00e9rable d&#8217;appliquer le produit sur du fumier).<br \/>animaux (il est<\/p>\n","protected":false},"excerpt":{"rendered":"<p>ELANCO Caprins Insecticide pour b\u00e2timents d&#8217;\u00e9levage.Larvicide actif contre les larves de mouches et de moucherons (y compris vers \u00e0 queue) dans le fumier ou le lisier.NEPOREX 2SG peut \u00eatre utilis\u00e9 sec ou dissous dans l&#8217;eau en fonction du degr\u00e9 d&#8217;humidit\u00e9 du fumier ou du lisier. Plus le fumier ou le lisier est sec, plus il [&hellip;]<\/p>\n","protected":false},"featured_media":99916,"template":"","meta":[],"product_cat":[6864,6871],"product_tag":[],"class_list":{"0":"post-99917","1":"product","2":"type-product","3":"status-publish","4":"has-post-thumbnail","6":"product_cat-animaux-delevage","7":"product_cat-caprins","8":"pa_marque-elanco","10":"first","11":"outofstock","12":"taxable","13":"shipping-taxable","14":"purchasable","15":"product-type-simple"},"yoast_head":"<!-- This site is optimized with the Yoast SEO plugin v27.3 - https:\/\/yoast.com\/product\/yoast-seo-wordpress\/ -->\n<title>Neporex 2 Sg Elanco - V\u00e9torino<\/title>\n<meta name=\"description\" content=\"ELANCOCaprinsInsecticide pour b\u00e2timents d&#039;\u00e9levage.Larvicide actif contre les larves de mouches et de moucherons (y compris vers \u00e0 queue) dans le fumier ou\" \/>\n<meta name=\"robots\" content=\"noindex, nofollow\" \/>\n<meta property=\"og:locale\" content=\"fr_FR\" \/>\n<meta property=\"og:type\" content=\"article\" \/>\n<meta property=\"og:title\" content=\"Neporex 2 Sg Elanco - V\u00e9torino\" \/>\n<meta property=\"og:description\" content=\"ELANCOCaprinsInsecticide pour b\u00e2timents d&#039;\u00e9levage.Larvicide actif contre les larves de mouches et de moucherons (y compris vers \u00e0 queue) dans le fumier ou\" \/>\n<meta property=\"og:url\" content=\"https:\/\/www.vetorino.com\/veterinaire\/confolens-16500\/boutique\/product\/neporex-2-sg\/\" \/>\n<meta property=\"og:site_name\" content=\"V\u00e9torino\" \/>\n<meta property=\"article:publisher\" content=\"https:\/\/www.facebook.com\/Vetorino\/\" \/>\n<meta property=\"article:modified_time\" content=\"2020-12-15T20:12:06+00:00\" \/>\n<meta property=\"og:image\" content=\"https:\/\/www.vetorino.com\/boutique\/wp-content\/uploads\/2020\/06\/FilsNEP001FormatMediumTypeIM.png\" \/>\n\t<meta property=\"og:image:width\" content=\"400\" \/>\n\t<meta property=\"og:image:height\" content=\"400\" \/>\n\t<meta property=\"og:image:type\" content=\"image\/png\" \/>\n<meta name=\"twitter:card\" content=\"summary_large_image\" \/>\n<meta name=\"twitter:label1\" content=\"Prix\" \/>\n\t<meta name=\"twitter:data1\" content=\"93,02&euro;\" \/>\n\t<meta name=\"twitter:label2\" content=\"Disponibilit\u00e9\" \/>\n\t<meta name=\"twitter:data2\" content=\"Rupture de stock\" \/>\n<script type=\"application\/ld+json\" class=\"yoast-schema-graph\">{\"@context\":\"https:\\\/\\\/schema.org\",\"@graph\":[{\"@type\":\"WebPage\",\"@id\":\"https:\\\/\\\/www.vetorino.com\\\/boutique\\\/product\\\/neporex-2-sg\\\/\",\"url\":\"https:\\\/\\\/www.vetorino.com\\\/boutique\\\/product\\\/neporex-2-sg\\\/\",\"name\":\"Neporex 2 Sg Elanco - V\u00e9torino\",\"isPartOf\":{\"@id\":\"https:\\\/\\\/www.vetorino.com\\\/boutique\\\/#website\"},\"primaryImageOfPage\":{\"@id\":\"https:\\\/\\\/www.vetorino.com\\\/boutique\\\/product\\\/neporex-2-sg\\\/#primaryimage\"},\"image\":{\"@id\":\"https:\\\/\\\/www.vetorino.com\\\/boutique\\\/product\\\/neporex-2-sg\\\/#primaryimage\"},\"thumbnailUrl\":\"https:\\\/\\\/www.vetorino.com\\\/boutique\\\/wp-content\\\/uploads\\\/2020\\\/06\\\/FilsNEP001FormatMediumTypeIM.png\",\"datePublished\":\"2020-06-29T23:37:41+00:00\",\"dateModified\":\"2020-12-15T20:12:06+00:00\",\"description\":\"ELANCOCaprinsInsecticide pour b\u00e2timents d'\u00e9levage.Larvicide actif contre les larves de mouches et de moucherons (y compris vers \u00e0 queue) dans le fumier ou\",\"breadcrumb\":{\"@id\":\"https:\\\/\\\/www.vetorino.com\\\/boutique\\\/product\\\/neporex-2-sg\\\/#breadcrumb\"},\"inLanguage\":\"fr-FR\",\"potentialAction\":[{\"@type\":\"ReadAction\",\"target\":[\"https:\\\/\\\/www.vetorino.com\\\/boutique\\\/product\\\/neporex-2-sg\\\/\"]}]},{\"@type\":\"ImageObject\",\"inLanguage\":\"fr-FR\",\"@id\":\"https:\\\/\\\/www.vetorino.com\\\/boutique\\\/product\\\/neporex-2-sg\\\/#primaryimage\",\"url\":\"https:\\\/\\\/www.vetorino.com\\\/boutique\\\/wp-content\\\/uploads\\\/2020\\\/06\\\/FilsNEP001FormatMediumTypeIM.png\",\"contentUrl\":\"https:\\\/\\\/www.vetorino.com\\\/boutique\\\/wp-content\\\/uploads\\\/2020\\\/06\\\/FilsNEP001FormatMediumTypeIM.png\",\"width\":400,\"height\":400},{\"@type\":\"BreadcrumbList\",\"@id\":\"https:\\\/\\\/www.vetorino.com\\\/boutique\\\/product\\\/neporex-2-sg\\\/#breadcrumb\",\"itemListElement\":[{\"@type\":\"ListItem\",\"position\":1,\"name\":\"Accueil\",\"item\":\"https:\\\/\\\/www.vetorino.com\\\/boutique\\\/\"},{\"@type\":\"ListItem\",\"position\":2,\"name\":\"Produits\",\"item\":\"https:\\\/\\\/www.vetorino.com\\\/boutique\\\/\"},{\"@type\":\"ListItem\",\"position\":3,\"name\":\"Neporex 2 Sg\"}]},{\"@type\":\"WebSite\",\"@id\":\"https:\\\/\\\/www.vetorino.com\\\/boutique\\\/#website\",\"url\":\"https:\\\/\\\/www.vetorino.com\\\/boutique\\\/\",\"name\":\"V\u00e9torino\",\"description\":\"\",\"publisher\":{\"@id\":\"https:\\\/\\\/www.vetorino.com\\\/boutique\\\/#organization\"},\"potentialAction\":[{\"@type\":\"SearchAction\",\"target\":{\"@type\":\"EntryPoint\",\"urlTemplate\":\"https:\\\/\\\/www.vetorino.com\\\/boutique\\\/?s={search_term_string}\"},\"query-input\":{\"@type\":\"PropertyValueSpecification\",\"valueRequired\":true,\"valueName\":\"search_term_string\"}}],\"inLanguage\":\"fr-FR\"},{\"@type\":\"Organization\",\"@id\":\"https:\\\/\\\/www.vetorino.com\\\/boutique\\\/#organization\",\"name\":\"V\u00e9torino\",\"url\":\"https:\\\/\\\/www.vetorino.com\\\/boutique\\\/\",\"logo\":{\"@type\":\"ImageObject\",\"inLanguage\":\"fr-FR\",\"@id\":\"https:\\\/\\\/www.vetorino.com\\\/boutique\\\/#\\\/schema\\\/logo\\\/image\\\/\",\"url\":\"https:\\\/\\\/www.vetorino.com\\\/boutique\\\/wp-content\\\/uploads\\\/2024\\\/10\\\/logo.jpg\",\"contentUrl\":\"https:\\\/\\\/www.vetorino.com\\\/boutique\\\/wp-content\\\/uploads\\\/2024\\\/10\\\/logo.jpg\",\"width\":1200,\"height\":610,\"caption\":\"V\u00e9torino\"},\"image\":{\"@id\":\"https:\\\/\\\/www.vetorino.com\\\/boutique\\\/#\\\/schema\\\/logo\\\/image\\\/\"},\"sameAs\":[\"https:\\\/\\\/www.facebook.com\\\/Vetorino\\\/\",\"https:\\\/\\\/www.instagram.com\\\/vetorino_off\\\/\",\"https:\\\/\\\/www.linkedin.com\\\/company\\\/vtorino\\\/\"]}]}<\/script>\n<meta property=\"product:brand\" content=\"Elanco\" \/>\n<meta property=\"product:price:amount\" content=\"93.02\" \/>\n<meta property=\"product:price:currency\" content=\"EUR\" \/>\n<meta property=\"og:availability\" content=\"out of stock\" \/>\n<meta property=\"product:availability\" content=\"out of stock\" \/>\n<meta property=\"product:retailer_item_id\" content=\"C-NEP001\" \/>\n<meta property=\"product:condition\" content=\"new\" \/>\n<!-- \/ Yoast SEO plugin. -->","yoast_head_json":{"title":"Neporex 2 Sg Elanco - V\u00e9torino","description":"ELANCOCaprinsInsecticide pour b\u00e2timents d'\u00e9levage.Larvicide actif contre les larves de mouches et de moucherons (y compris vers \u00e0 queue) dans le fumier ou","robots":{"index":"noindex","follow":"nofollow"},"og_locale":"fr_FR","og_type":"article","og_title":"Neporex 2 Sg Elanco - V\u00e9torino","og_description":"ELANCOCaprinsInsecticide pour b\u00e2timents d'\u00e9levage.Larvicide actif contre les larves de mouches et de moucherons (y compris vers \u00e0 queue) dans le fumier ou","og_url":"https:\/\/www.vetorino.com\/veterinaire\/confolens-16500\/boutique\/product\/neporex-2-sg\/","og_site_name":"V\u00e9torino","article_publisher":"https:\/\/www.facebook.com\/Vetorino\/","article_modified_time":"2020-12-15T20:12:06+00:00","og_image":[{"width":400,"height":400,"url":"https:\/\/www.vetorino.com\/boutique\/wp-content\/uploads\/2020\/06\/FilsNEP001FormatMediumTypeIM.png","type":"image\/png"}],"twitter_card":"summary_large_image","twitter_misc":{"Prix":"93,02&euro;","Disponibilit\u00e9":"Rupture de stock"},"schema":{"@context":"https:\/\/schema.org","@graph":[{"@type":"WebPage","@id":"https:\/\/www.vetorino.com\/boutique\/product\/neporex-2-sg\/","url":"https:\/\/www.vetorino.com\/boutique\/product\/neporex-2-sg\/","name":"Neporex 2 Sg Elanco - V\u00e9torino","isPartOf":{"@id":"https:\/\/www.vetorino.com\/boutique\/#website"},"primaryImageOfPage":{"@id":"https:\/\/www.vetorino.com\/boutique\/product\/neporex-2-sg\/#primaryimage"},"image":{"@id":"https:\/\/www.vetorino.com\/boutique\/product\/neporex-2-sg\/#primaryimage"},"thumbnailUrl":"https:\/\/www.vetorino.com\/boutique\/wp-content\/uploads\/2020\/06\/FilsNEP001FormatMediumTypeIM.png","datePublished":"2020-06-29T23:37:41+00:00","dateModified":"2020-12-15T20:12:06+00:00","description":"ELANCOCaprinsInsecticide pour b\u00e2timents d'\u00e9levage.Larvicide actif contre les larves de mouches et de moucherons (y compris vers \u00e0 queue) dans le fumier ou","breadcrumb":{"@id":"https:\/\/www.vetorino.com\/boutique\/product\/neporex-2-sg\/#breadcrumb"},"inLanguage":"fr-FR","potentialAction":[{"@type":"ReadAction","target":["https:\/\/www.vetorino.com\/boutique\/product\/neporex-2-sg\/"]}]},{"@type":"ImageObject","inLanguage":"fr-FR","@id":"https:\/\/www.vetorino.com\/boutique\/product\/neporex-2-sg\/#primaryimage","url":"https:\/\/www.vetorino.com\/boutique\/wp-content\/uploads\/2020\/06\/FilsNEP001FormatMediumTypeIM.png","contentUrl":"https:\/\/www.vetorino.com\/boutique\/wp-content\/uploads\/2020\/06\/FilsNEP001FormatMediumTypeIM.png","width":400,"height":400},{"@type":"BreadcrumbList","@id":"https:\/\/www.vetorino.com\/boutique\/product\/neporex-2-sg\/#breadcrumb","itemListElement":[{"@type":"ListItem","position":1,"name":"Accueil","item":"https:\/\/www.vetorino.com\/boutique\/"},{"@type":"ListItem","position":2,"name":"Produits","item":"https:\/\/www.vetorino.com\/boutique\/"},{"@type":"ListItem","position":3,"name":"Neporex 2 Sg"}]},{"@type":"WebSite","@id":"https:\/\/www.vetorino.com\/boutique\/#website","url":"https:\/\/www.vetorino.com\/boutique\/","name":"V\u00e9torino","description":"","publisher":{"@id":"https:\/\/www.vetorino.com\/boutique\/#organization"},"potentialAction":[{"@type":"SearchAction","target":{"@type":"EntryPoint","urlTemplate":"https:\/\/www.vetorino.com\/boutique\/?s={search_term_string}"},"query-input":{"@type":"PropertyValueSpecification","valueRequired":true,"valueName":"search_term_string"}}],"inLanguage":"fr-FR"},{"@type":"Organization","@id":"https:\/\/www.vetorino.com\/boutique\/#organization","name":"V\u00e9torino","url":"https:\/\/www.vetorino.com\/boutique\/","logo":{"@type":"ImageObject","inLanguage":"fr-FR","@id":"https:\/\/www.vetorino.com\/boutique\/#\/schema\/logo\/image\/","url":"https:\/\/www.vetorino.com\/boutique\/wp-content\/uploads\/2024\/10\/logo.jpg","contentUrl":"https:\/\/www.vetorino.com\/boutique\/wp-content\/uploads\/2024\/10\/logo.jpg","width":1200,"height":610,"caption":"V\u00e9torino"},"image":{"@id":"https:\/\/www.vetorino.com\/boutique\/#\/schema\/logo\/image\/"},"sameAs":["https:\/\/www.facebook.com\/Vetorino\/","https:\/\/www.instagram.com\/vetorino_off\/","https:\/\/www.linkedin.com\/company\/vtorino\/"]}]},"product_brand":"Elanco","product_price_amount":"93.02","product_price_currency":"EUR","og_availability":"out of stock","product_availability":"out of stock","product_retailer_item_id":"C-NEP001","product_condition":"new"},"_links":{"self":[{"href":"https:\/\/www.vetorino.com\/veterinaire\/confolens-16500\/boutique\/wp-json\/wp\/v2\/product\/99917","targetHints":{"allow":["GET"]}}],"collection":[{"href":"https:\/\/www.vetorino.com\/veterinaire\/confolens-16500\/boutique\/wp-json\/wp\/v2\/product"}],"about":[{"href":"https:\/\/www.vetorino.com\/veterinaire\/confolens-16500\/boutique\/wp-json\/wp\/v2\/types\/product"}],"wp:featuredmedia":[{"embeddable":true,"href":"https:\/\/www.vetorino.com\/veterinaire\/confolens-16500\/boutique\/wp-json\/wp\/v2\/media\/99916"}],"wp:attachment":[{"href":"https:\/\/www.vetorino.com\/veterinaire\/confolens-16500\/boutique\/wp-json\/wp\/v2\/media?parent=99917"}],"wp:term":[{"taxonomy":"product_cat","embeddable":true,"href":"https:\/\/www.vetorino.com\/veterinaire\/confolens-16500\/boutique\/wp-json\/wp\/v2\/product_cat?post=99917"},{"taxonomy":"product_tag","embeddable":true,"href":"https:\/\/www.vetorino.com\/veterinaire\/confolens-16500\/boutique\/wp-json\/wp\/v2\/product_tag?post=99917"}],"curies":[{"name":"wp","href":"https:\/\/api.w.org\/{rel}","templated":true}]}}