{"id":1816697,"date":"2026-05-01T05:35:30","date_gmt":"2026-05-01T03:35:30","guid":{"rendered":"https:\/\/www.vetorino.com\/boutique\/product\/sanalio-mes-snacks-maison\/"},"modified":"2026-05-12T11:06:35","modified_gmt":"2026-05-12T09:06:35","slug":"sanalio-mes-snacks-maison","status":"publish","type":"product","link":"https:\/\/www.vetorino.com\/veterinaire\/dignelesbains-04000\/boutique\/product\/sanalio-mes-snacks-maison\/","title":{"rendered":"Snacks maison bio &#8211; biscuits \u00e0 pr\u00e9parer"},"content":{"rendered":"<p class=\"p1\"><strong>Ce que contient<\/strong><strong> votre Kit<em> :<\/em><\/strong><\/p>\n<p class=\"p1\">\u2705\u00a0<strong>1 sachet de poudre Sanalio bio\u00a0<\/strong><\/p>\n<p class=\"p2\">\u2192 Avoine, riz, graines de lin, l\u00e9gumes d\u00e9shydrat\u00e9s, min\u00e9raux<\/p>\n<p class=\"p2\">\u2705\u00a0<strong>1 emporte-pi\u00e8ce Sanalio<\/strong><\/p>\n<p class=\"p2\">\u2192 Pour des biscuits fun et pratiques<\/p>\n<p class=\"p2\">\u2705\u00a0<strong>La recette d\u00e9taill\u00e9e<\/strong><\/p>\n<p class=\"p2\">\u2192 \u00c9tapes ultra-simples, m\u00eame pour les d\u00e9butants<\/p>\n<p class=\"p2\"><strong>La recette en 4 \u00e9tapes<\/strong><\/p>\n<p class=\"p2\"><strong>Ce dont vous avez besoin (en plus du kit) :<\/strong><\/p>\n<ul class=\"ul1\">\n<li class=\"li2\">1 \u0153uf entier<\/li>\n<li class=\"li2\">1 bo\u00eete de sardines \u00e0 l&#8217;huile (120g)\u00a0<em>ou thon, maquereau, poulet<\/em><\/li>\n<\/ul>\n<p class=\"p2\"><strong>Pr\u00e9paration :<\/strong><\/p>\n<p class=\"p2\">1\ufe0f\u20e3<strong>\u00a0PR\u00c9CHAUFFEZ<\/strong>\u00a0votre four \u00e0 180\u00b0C<\/p>\n<p class=\"p2\">2\ufe0f\u20e3<strong>\u00a0MIXEZ<\/strong>\u00a0l&#8217;\u0153uf + les sardines (avec l&#8217;huile) + le sachet de poudre Sanalio jusqu&#8217;\u00e0 obtenir une p\u00e2te homog\u00e8ne<\/p>\n<p class=\"p2\">3\ufe0f\u20e3<strong>\u00a0\u00c9TALEZ &amp; D\u00c9COUPEZ<\/strong>\u00a0la p\u00e2te sur 1cm d&#8217;\u00e9paisseur avec l&#8217;emporte-pi\u00e8ce fourni<\/p>\n<p class=\"p2\">4\ufe0f\u20e3<strong>\u00a0ENFOURNEZ<\/strong>\u00a020-30 minutes jusqu&#8217;\u00e0 ce que les biscuits soient dor\u00e9s<\/p>\n<p class=\"p2\">\u23f1\ufe0f<strong>\u00a0Total :<\/strong>\u00a0<strong><em>5 min de pr\u00e9paration<\/em><\/strong>\u00a0+ 25 min de cuisson =\u00a0<strong>Vos biscuits sont pr\u00eats !<\/strong><\/p>\n<p class=\"p1\"><strong><br \/>\nLes avantages des Snacks Sanalio<\/strong><\/p>\n<p class=\"p1\">\ud83c\udf31<strong>\u00a0100% naturel et bio<\/strong><\/p>\n<ul class=\"ul1\">\n<li class=\"li2\">Ingr\u00e9dients issus de l&#8217;agriculture biologique<\/li>\n<li class=\"li2\">Aucun additif chimique<\/li>\n<li class=\"li2\">Aucun conservateur artificiel<\/li>\n<li class=\"li2\">Aucun exhausteur de go\u00fbt<\/li>\n<\/ul>\n<p class=\"p2\">\u2696\ufe0f<strong>\u00a0\u00c9quilibr\u00e9 nutritionnellement<\/strong><\/p>\n<p class=\"p2\">Formul\u00e9 pour\u00a0<strong>ne pas d\u00e9s\u00e9quilibrer<\/strong>\u00a0l&#8217;alimentation quotidienne de votre chien. Les doses sont calibr\u00e9es pour rester dans les apports journaliers recommand\u00e9s.<\/p>\n<p class=\"p2\">\ud83d\udc15<strong>\u00a0Pour tous les chiens<\/strong><\/p>\n<ul class=\"ul1\">\n<li class=\"li2\">Toutes races<\/li>\n<li class=\"li2\">Tous \u00e2ges (y compris chiots, seniors)<\/li>\n<li class=\"li2\">Chiennes gestantes ou allaitantes<\/li>\n<li class=\"li2\"><em>\u00c9viter uniquement en cas d&#8217;allergie aux ingr\u00e9dients<\/em><\/li>\n<\/ul>\n<p class=\"p2\">\u2744\ufe0f<strong>\u00a0Conservation optimale<\/strong><\/p>\n<ul class=\"ul1\">\n<li class=\"li2\"><strong>21 jours<\/strong>\u00a0dans une bo\u00eete herm\u00e9tique \u00e0 temp\u00e9rature ambiante<\/li>\n<li class=\"li2\"><strong>6 semaines<\/strong>\u00a0au r\u00e9frig\u00e9rateur<\/li>\n<li class=\"li2\"><strong>3 mois<\/strong>\u00a0au cong\u00e9lateur<\/li>\n<\/ul>\n","protected":false},"excerpt":{"rendered":"<p><strong>Fabriquez vos propres biscuits bio en 5 minutes chrono !<\/strong><\/p>\n<p><strong>Caract\u00e9ristiques :\u00a0<\/strong><\/p>\n<ul>\n<li class=\"p1\">100% naturel et bio<\/li>\n<li class=\"p1\">Ingr\u00e9dients issus de l&#8217;agriculture biologique pour allier plaisir &amp; vrais apports nutritionnels<\/li>\n<li class=\"p1\">Aucun additif chimique conservateur artificiel ou\u00a0exhausteur de go\u00fbt<\/li>\n<li>Digestes et bien tol\u00e9r\u00e9es (fibres + levures de bi\u00e8re pour un transit serein)<\/li>\n<li>Pour tous les chiens, toutes races et tous \u00e2ges<\/li>\n<li>Texture parfaite pour l\u2019\u00e9ducation et les petites r\u00e9compenses du quotidien<\/li>\n<li>R\u00e9alisez des \u00e9conomies<\/li>\n<\/ul>\n","protected":false},"featured_media":1831756,"template":"","meta":[],"product_cat":[12552,2698,12603],"product_tag":[],"class_list":{"0":"post-1816697","1":"product","2":"type-product","3":"status-publish","4":"has-post-thumbnail","6":"product_cat-alimentation-du-chien","7":"product_cat-chien","8":"product_cat-friandises-pour-chien","9":"pa_marque-sanalio","11":"first","12":"instock","13":"taxable","14":"shipping-taxable","15":"purchasable","16":"product-type-simple"},"yoast_head":"<!-- This site is optimized with the Yoast SEO plugin v27.6 - https:\/\/yoast.com\/product\/yoast-seo-wordpress\/ -->\n<title>Snacks maison bio - biscuits \u00e0 pr\u00e9parer Sanalio - V\u00e9torino<\/title>\n<meta name=\"description\" content=\"Fabriquez vos propres biscuits bio en 5 minutes chrono !  Caract\u00e9ristiques :\u00a0   100% naturel et bio  Ingr\u00e9dients issus de l&#039;agriculture biologique pour allier plaisir &amp; vrais apports nutritionnels  Aucun additif chimique conservateur artificiel ou\u00a0exhausteur de go\u00fbt  Digestes et bien tol\u00e9r\u00e9es (fibres + levures de bi\u00e8re pour un transit serein)  Pour tous les chiens, toutes races et tous \u00e2ges  Texture parfaite pour l\u2019\u00e9ducation et les petites r\u00e9compenses du quotidien  R\u00e9alisez des \u00e9conomies\" \/>\n<meta name=\"robots\" content=\"noindex, nofollow\" \/>\n<meta property=\"og:locale\" content=\"fr_FR\" \/>\n<meta property=\"og:type\" content=\"article\" \/>\n<meta property=\"og:title\" content=\"Snacks maison bio - biscuits \u00e0 pr\u00e9parer Sanalio - V\u00e9torino\" \/>\n<meta property=\"og:description\" content=\"Fabriquez vos propres biscuits bio en 5 minutes chrono !  Caract\u00e9ristiques :\u00a0   100% naturel et bio  Ingr\u00e9dients issus de l&#039;agriculture biologique pour allier plaisir &amp; vrais apports nutritionnels  Aucun additif chimique conservateur artificiel ou\u00a0exhausteur de go\u00fbt  Digestes et bien tol\u00e9r\u00e9es (fibres + levures de bi\u00e8re pour un transit serein)  Pour tous les chiens, toutes races et tous \u00e2ges  Texture parfaite pour l\u2019\u00e9ducation et les petites r\u00e9compenses du quotidien  R\u00e9alisez des \u00e9conomies\" \/>\n<meta property=\"og:url\" content=\"https:\/\/www.vetorino.com\/veterinaire\/dignelesbains-04000\/boutique\/product\/sanalio-mes-snacks-maison\/\" \/>\n<meta property=\"og:site_name\" content=\"V\u00e9torino\" \/>\n<meta property=\"article:publisher\" content=\"https:\/\/www.facebook.com\/Vetorino\/\" \/>\n<meta property=\"article:modified_time\" content=\"2026-05-12T09:06:35+00:00\" \/>\n<meta property=\"og:image\" content=\"https:\/\/www.vetorino.com\/boutique\/wp-content\/uploads\/2026\/05\/snacks-maison-bio-biscuits-a-preparer-recompense-saine-1480591.webp\" \/>\n\t<meta property=\"og:image:width\" content=\"1500\" \/>\n\t<meta property=\"og:image:height\" content=\"1500\" \/>\n\t<meta property=\"og:image:type\" content=\"image\/webp\" \/>\n<meta name=\"twitter:card\" content=\"summary_large_image\" \/>\n<meta name=\"twitter:label1\" content=\"Prix\" \/>\n\t<meta name=\"twitter:data1\" content=\"9,53&euro;\" \/>\n\t<meta name=\"twitter:label2\" content=\"Disponibilit\u00e9\" \/>\n\t<meta name=\"twitter:data2\" content=\"En stock\" \/>\n<script type=\"application\/ld+json\" class=\"yoast-schema-graph\">{\"@context\":\"https:\\\/\\\/schema.org\",\"@graph\":[{\"@type\":\"WebPage\",\"@id\":\"https:\\\/\\\/www.vetorino.com\\\/boutique\\\/product\\\/sanalio-mes-snacks-maison\\\/\",\"url\":\"https:\\\/\\\/www.vetorino.com\\\/boutique\\\/product\\\/sanalio-mes-snacks-maison\\\/\",\"name\":\"Snacks maison bio - biscuits \u00e0 pr\u00e9parer Sanalio - V\u00e9torino\",\"isPartOf\":{\"@id\":\"https:\\\/\\\/www.vetorino.com\\\/boutique\\\/#website\"},\"primaryImageOfPage\":{\"@id\":\"https:\\\/\\\/www.vetorino.com\\\/boutique\\\/product\\\/sanalio-mes-snacks-maison\\\/#primaryimage\"},\"image\":{\"@id\":\"https:\\\/\\\/www.vetorino.com\\\/boutique\\\/product\\\/sanalio-mes-snacks-maison\\\/#primaryimage\"},\"thumbnailUrl\":\"https:\\\/\\\/www.vetorino.com\\\/boutique\\\/wp-content\\\/uploads\\\/2026\\\/05\\\/snacks-maison-bio-biscuits-a-preparer-recompense-saine-1480591.webp\",\"datePublished\":\"2026-05-01T03:35:30+00:00\",\"dateModified\":\"2026-05-12T09:06:35+00:00\",\"description\":\"Fabriquez vos propres biscuits bio en 5 minutes chrono ! Caract\u00e9ristiques :\u00a0 100% naturel et bio Ingr\u00e9dients issus de l'agriculture biologique pour allier plaisir &amp; vrais apports nutritionnels Aucun additif chimique conservateur artificiel ou\u00a0exhausteur de go\u00fbt Digestes et bien tol\u00e9r\u00e9es (fibres + levures de bi\u00e8re pour un transit serein) Pour tous les chiens, toutes races et tous \u00e2ges Texture parfaite pour l\u2019\u00e9ducation et les petites r\u00e9compenses du quotidien R\u00e9alisez des \u00e9conomies\",\"breadcrumb\":{\"@id\":\"https:\\\/\\\/www.vetorino.com\\\/boutique\\\/product\\\/sanalio-mes-snacks-maison\\\/#breadcrumb\"},\"inLanguage\":\"fr-FR\",\"potentialAction\":[{\"@type\":\"ReadAction\",\"target\":[\"https:\\\/\\\/www.vetorino.com\\\/boutique\\\/product\\\/sanalio-mes-snacks-maison\\\/\"]}]},{\"@type\":\"ImageObject\",\"inLanguage\":\"fr-FR\",\"@id\":\"https:\\\/\\\/www.vetorino.com\\\/boutique\\\/product\\\/sanalio-mes-snacks-maison\\\/#primaryimage\",\"url\":\"https:\\\/\\\/www.vetorino.com\\\/boutique\\\/wp-content\\\/uploads\\\/2026\\\/05\\\/snacks-maison-bio-biscuits-a-preparer-recompense-saine-1480591.webp\",\"contentUrl\":\"https:\\\/\\\/www.vetorino.com\\\/boutique\\\/wp-content\\\/uploads\\\/2026\\\/05\\\/snacks-maison-bio-biscuits-a-preparer-recompense-saine-1480591.webp\",\"width\":1500,\"height\":1500},{\"@type\":\"BreadcrumbList\",\"@id\":\"https:\\\/\\\/www.vetorino.com\\\/boutique\\\/product\\\/sanalio-mes-snacks-maison\\\/#breadcrumb\",\"itemListElement\":[{\"@type\":\"ListItem\",\"position\":1,\"name\":\"Accueil\",\"item\":\"https:\\\/\\\/www.vetorino.com\\\/boutique\\\/\"},{\"@type\":\"ListItem\",\"position\":2,\"name\":\"Produits\",\"item\":\"https:\\\/\\\/www.vetorino.com\\\/boutique\\\/\"},{\"@type\":\"ListItem\",\"position\":3,\"name\":\"Snacks maison bio &#8211; biscuits \u00e0 pr\u00e9parer\"}]},{\"@type\":\"WebSite\",\"@id\":\"https:\\\/\\\/www.vetorino.com\\\/boutique\\\/#website\",\"url\":\"https:\\\/\\\/www.vetorino.com\\\/boutique\\\/\",\"name\":\"V\u00e9torino\",\"description\":\"\",\"publisher\":{\"@id\":\"https:\\\/\\\/www.vetorino.com\\\/boutique\\\/#organization\"},\"potentialAction\":[{\"@type\":\"SearchAction\",\"target\":{\"@type\":\"EntryPoint\",\"urlTemplate\":\"https:\\\/\\\/www.vetorino.com\\\/boutique\\\/?s={search_term_string}\"},\"query-input\":{\"@type\":\"PropertyValueSpecification\",\"valueRequired\":true,\"valueName\":\"search_term_string\"}}],\"inLanguage\":\"fr-FR\"},{\"@type\":\"Organization\",\"@id\":\"https:\\\/\\\/www.vetorino.com\\\/boutique\\\/#organization\",\"name\":\"V\u00e9torino\",\"url\":\"https:\\\/\\\/www.vetorino.com\\\/boutique\\\/\",\"logo\":{\"@type\":\"ImageObject\",\"inLanguage\":\"fr-FR\",\"@id\":\"https:\\\/\\\/www.vetorino.com\\\/boutique\\\/#\\\/schema\\\/logo\\\/image\\\/\",\"url\":\"https:\\\/\\\/www.vetorino.com\\\/boutique\\\/wp-content\\\/uploads\\\/2024\\\/10\\\/logo.jpg\",\"contentUrl\":\"https:\\\/\\\/www.vetorino.com\\\/boutique\\\/wp-content\\\/uploads\\\/2024\\\/10\\\/logo.jpg\",\"width\":1200,\"height\":610,\"caption\":\"V\u00e9torino\"},\"image\":{\"@id\":\"https:\\\/\\\/www.vetorino.com\\\/boutique\\\/#\\\/schema\\\/logo\\\/image\\\/\"},\"sameAs\":[\"https:\\\/\\\/www.facebook.com\\\/Vetorino\\\/\",\"https:\\\/\\\/www.instagram.com\\\/vetorino_off\\\/\",\"https:\\\/\\\/www.linkedin.com\\\/company\\\/vtorino\\\/\"]}]}<\/script>\n<meta property=\"product:brand\" content=\"Sanalio\" \/>\n<meta property=\"product:price:amount\" content=\"9.53\" \/>\n<meta property=\"product:price:currency\" content=\"EUR\" \/>\n<meta property=\"og:availability\" content=\"instock\" \/>\n<meta property=\"product:availability\" content=\"instock\" \/>\n<meta property=\"product:retailer_item_id\" content=\"A-1892310\" \/>\n<meta property=\"product:condition\" content=\"new\" \/>\n<!-- \/ Yoast SEO plugin. -->","yoast_head_json":{"title":"Snacks maison bio - biscuits \u00e0 pr\u00e9parer Sanalio - V\u00e9torino","description":"Fabriquez vos propres biscuits bio en 5 minutes chrono !  Caract\u00e9ristiques :\u00a0   100% naturel et bio  Ingr\u00e9dients issus de l'agriculture biologique pour allier plaisir &amp; vrais apports nutritionnels  Aucun additif chimique conservateur artificiel ou\u00a0exhausteur de go\u00fbt  Digestes et bien tol\u00e9r\u00e9es (fibres + levures de bi\u00e8re pour un transit serein)  Pour tous les chiens, toutes races et tous \u00e2ges  Texture parfaite pour l\u2019\u00e9ducation et les petites r\u00e9compenses du quotidien  R\u00e9alisez des \u00e9conomies","robots":{"index":"noindex","follow":"nofollow"},"og_locale":"fr_FR","og_type":"article","og_title":"Snacks maison bio - biscuits \u00e0 pr\u00e9parer Sanalio - V\u00e9torino","og_description":"Fabriquez vos propres biscuits bio en 5 minutes chrono !  Caract\u00e9ristiques :\u00a0   100% naturel et bio  Ingr\u00e9dients issus de l'agriculture biologique pour allier plaisir &amp; vrais apports nutritionnels  Aucun additif chimique conservateur artificiel ou\u00a0exhausteur de go\u00fbt  Digestes et bien tol\u00e9r\u00e9es (fibres + levures de bi\u00e8re pour un transit serein)  Pour tous les chiens, toutes races et tous \u00e2ges  Texture parfaite pour l\u2019\u00e9ducation et les petites r\u00e9compenses du quotidien  R\u00e9alisez des \u00e9conomies","og_url":"https:\/\/www.vetorino.com\/veterinaire\/dignelesbains-04000\/boutique\/product\/sanalio-mes-snacks-maison\/","og_site_name":"V\u00e9torino","article_publisher":"https:\/\/www.facebook.com\/Vetorino\/","article_modified_time":"2026-05-12T09:06:35+00:00","og_image":[{"width":1500,"height":1500,"url":"https:\/\/www.vetorino.com\/boutique\/wp-content\/uploads\/2026\/05\/snacks-maison-bio-biscuits-a-preparer-recompense-saine-1480591.webp","type":"image\/webp"}],"twitter_card":"summary_large_image","twitter_misc":{"Prix":"9,53&euro;","Disponibilit\u00e9":"En stock"},"schema":{"@context":"https:\/\/schema.org","@graph":[{"@type":"WebPage","@id":"https:\/\/www.vetorino.com\/boutique\/product\/sanalio-mes-snacks-maison\/","url":"https:\/\/www.vetorino.com\/boutique\/product\/sanalio-mes-snacks-maison\/","name":"Snacks maison bio - biscuits \u00e0 pr\u00e9parer Sanalio - V\u00e9torino","isPartOf":{"@id":"https:\/\/www.vetorino.com\/boutique\/#website"},"primaryImageOfPage":{"@id":"https:\/\/www.vetorino.com\/boutique\/product\/sanalio-mes-snacks-maison\/#primaryimage"},"image":{"@id":"https:\/\/www.vetorino.com\/boutique\/product\/sanalio-mes-snacks-maison\/#primaryimage"},"thumbnailUrl":"https:\/\/www.vetorino.com\/boutique\/wp-content\/uploads\/2026\/05\/snacks-maison-bio-biscuits-a-preparer-recompense-saine-1480591.webp","datePublished":"2026-05-01T03:35:30+00:00","dateModified":"2026-05-12T09:06:35+00:00","description":"Fabriquez vos propres biscuits bio en 5 minutes chrono ! Caract\u00e9ristiques :\u00a0 100% naturel et bio Ingr\u00e9dients issus de l'agriculture biologique pour allier plaisir &amp; vrais apports nutritionnels Aucun additif chimique conservateur artificiel ou\u00a0exhausteur de go\u00fbt Digestes et bien tol\u00e9r\u00e9es (fibres + levures de bi\u00e8re pour un transit serein) Pour tous les chiens, toutes races et tous \u00e2ges Texture parfaite pour l\u2019\u00e9ducation et les petites r\u00e9compenses du quotidien R\u00e9alisez des \u00e9conomies","breadcrumb":{"@id":"https:\/\/www.vetorino.com\/boutique\/product\/sanalio-mes-snacks-maison\/#breadcrumb"},"inLanguage":"fr-FR","potentialAction":[{"@type":"ReadAction","target":["https:\/\/www.vetorino.com\/boutique\/product\/sanalio-mes-snacks-maison\/"]}]},{"@type":"ImageObject","inLanguage":"fr-FR","@id":"https:\/\/www.vetorino.com\/boutique\/product\/sanalio-mes-snacks-maison\/#primaryimage","url":"https:\/\/www.vetorino.com\/boutique\/wp-content\/uploads\/2026\/05\/snacks-maison-bio-biscuits-a-preparer-recompense-saine-1480591.webp","contentUrl":"https:\/\/www.vetorino.com\/boutique\/wp-content\/uploads\/2026\/05\/snacks-maison-bio-biscuits-a-preparer-recompense-saine-1480591.webp","width":1500,"height":1500},{"@type":"BreadcrumbList","@id":"https:\/\/www.vetorino.com\/boutique\/product\/sanalio-mes-snacks-maison\/#breadcrumb","itemListElement":[{"@type":"ListItem","position":1,"name":"Accueil","item":"https:\/\/www.vetorino.com\/boutique\/"},{"@type":"ListItem","position":2,"name":"Produits","item":"https:\/\/www.vetorino.com\/boutique\/"},{"@type":"ListItem","position":3,"name":"Snacks maison bio &#8211; biscuits \u00e0 pr\u00e9parer"}]},{"@type":"WebSite","@id":"https:\/\/www.vetorino.com\/boutique\/#website","url":"https:\/\/www.vetorino.com\/boutique\/","name":"V\u00e9torino","description":"","publisher":{"@id":"https:\/\/www.vetorino.com\/boutique\/#organization"},"potentialAction":[{"@type":"SearchAction","target":{"@type":"EntryPoint","urlTemplate":"https:\/\/www.vetorino.com\/boutique\/?s={search_term_string}"},"query-input":{"@type":"PropertyValueSpecification","valueRequired":true,"valueName":"search_term_string"}}],"inLanguage":"fr-FR"},{"@type":"Organization","@id":"https:\/\/www.vetorino.com\/boutique\/#organization","name":"V\u00e9torino","url":"https:\/\/www.vetorino.com\/boutique\/","logo":{"@type":"ImageObject","inLanguage":"fr-FR","@id":"https:\/\/www.vetorino.com\/boutique\/#\/schema\/logo\/image\/","url":"https:\/\/www.vetorino.com\/boutique\/wp-content\/uploads\/2024\/10\/logo.jpg","contentUrl":"https:\/\/www.vetorino.com\/boutique\/wp-content\/uploads\/2024\/10\/logo.jpg","width":1200,"height":610,"caption":"V\u00e9torino"},"image":{"@id":"https:\/\/www.vetorino.com\/boutique\/#\/schema\/logo\/image\/"},"sameAs":["https:\/\/www.facebook.com\/Vetorino\/","https:\/\/www.instagram.com\/vetorino_off\/","https:\/\/www.linkedin.com\/company\/vtorino\/"]}]},"product_brand":"Sanalio","product_price_amount":"9.53","product_price_currency":"EUR","og_availability":"instock","product_availability":"instock","product_retailer_item_id":"A-1892310","product_condition":"new"},"_links":{"self":[{"href":"https:\/\/www.vetorino.com\/veterinaire\/dignelesbains-04000\/boutique\/wp-json\/wp\/v2\/product\/1816697","targetHints":{"allow":["GET"]}}],"collection":[{"href":"https:\/\/www.vetorino.com\/veterinaire\/dignelesbains-04000\/boutique\/wp-json\/wp\/v2\/product"}],"about":[{"href":"https:\/\/www.vetorino.com\/veterinaire\/dignelesbains-04000\/boutique\/wp-json\/wp\/v2\/types\/product"}],"wp:featuredmedia":[{"embeddable":true,"href":"https:\/\/www.vetorino.com\/veterinaire\/dignelesbains-04000\/boutique\/wp-json\/wp\/v2\/media\/1831756"}],"wp:attachment":[{"href":"https:\/\/www.vetorino.com\/veterinaire\/dignelesbains-04000\/boutique\/wp-json\/wp\/v2\/media?parent=1816697"}],"wp:term":[{"taxonomy":"product_cat","embeddable":true,"href":"https:\/\/www.vetorino.com\/veterinaire\/dignelesbains-04000\/boutique\/wp-json\/wp\/v2\/product_cat?post=1816697"},{"taxonomy":"product_tag","embeddable":true,"href":"https:\/\/www.vetorino.com\/veterinaire\/dignelesbains-04000\/boutique\/wp-json\/wp\/v2\/product_tag?post=1816697"}],"curies":[{"name":"wp","href":"https:\/\/api.w.org\/{rel}","templated":true}]}}